{"id":241319,"date":"2024-02-20T17:25:29","date_gmt":"2024-02-20T15:25:29","guid":{"rendered":"https:\/\/bbqentertainment.com\/?post_type=product&#038;p=241319"},"modified":"2025-07-25T13:45:55","modified_gmt":"2025-07-25T10:45:55","slug":"roostevabast-lisarest-ehk-grillresti-korgem-tasapind-11-mini","status":"publish","type":"product","link":"https:\/\/bbqentertainment.com\/en\/toode\/roostevabast-lisarest-ehk-grillresti-korgem-tasapind-11-mini\/","title":{"rendered":"Roostevaba lisarest ehk grillresti k\u00f5rgem tasapind 11&#8243; Mini"},"content":{"rendered":"<h3 data-start=\"126\" data-end=\"180\"><strong data-start=\"126\" data-end=\"180\">YAKINIKU\u00ae \u2013 Jaapani grillikultuurist inspireeritud<\/strong><\/h3>\n<p data-start=\"182\" data-end=\"479\">YAKINIKU\u00ae on br\u00e4nd, mis \u00fchendab Jaapani grillimistraditsioonid l\u00e4bim\u00f5eldud disaini ja t\u00f6\u00f6kindla kvaliteediga. Nimi \u201eyakiniku\u201c t\u00e4hendab jaapani keeles \u201egrillitud liha\u201c ning viitab ka br\u00e4ndi p\u00f5hisuunale \u2013 pakkuda t\u00f6\u00f6riistu ja tarvikuid, mis toetavad t\u00e4pset ja tulemustele suunatud toiduvalmistamist.<\/p>\n<p data-start=\"481\" data-end=\"579\">Nagu Jaapani k\u00e4sit\u00f6\u00f6le omane, on fookuses vastupidavus, funktsionaalsus ja t\u00e4helepanu detailidele.<\/p>\n","protected":false},"excerpt":{"rendered":"<h3><strong>Roostevaba lisarest ehk grillresti k\u00f5rgem tasapind 11&#8243; Mini<\/strong><\/h3>\n<p>YAKINIKU\u00ae k\u00f5rgendatud lisarestiga saad grillile kuni 70% rohkem k\u00fcpsetuspinda. Lisaks v\u00f5imaldab see valmistada toitu erinevatel k\u00f5rgustel, mis aitab paremini kontrollida kuumust ja tagada \u00fchtlase tulemuse nii liha, kala kui k\u00f6\u00f6giviljade puhul.<\/p>\n<p>Sobib kasutamiseks Junior ja Classic m\u00f5\u00f5dus keraamilisel grillil Kamado Joe (vms)<\/p>\n","protected":false},"featured_media":253661,"template":"","meta":{"inline_featured_image":false},"product_brand":[],"product_cat":[92,106,105],"product_tag":[],"class_list":{"0":"post-241319","1":"product","2":"type-product","3":"status-publish","4":"has-post-thumbnail","6":"product_cat-lisatarvikud","7":"product_cat-lisatarvikud-junior","8":"product_cat-lisatarvikud-classic","10":"first","11":"instock","12":"taxable","13":"shipping-taxable","14":"purchasable","15":"product-type-simple"},"yoast_head":"<!-- This site is optimized with the Yoast SEO plugin v27.2 - https:\/\/yoast.com\/product\/yoast-seo-wordpress\/ -->\n<title>Roostevaba lisarest ehk grillresti k\u00f5rgem tasapind 11&quot; Mini - BBQ Entertainment<\/title>\n<meta name=\"robots\" content=\"index, follow, max-snippet:-1, max-image-preview:large, max-video-preview:-1\" \/>\n<link rel=\"canonical\" href=\"https:\/\/bbqentertainment.com\/toode\/roostevabast-lisarest-ehk-grillresti-korgem-tasapind-11-mini\/\" \/>\n<meta property=\"og:locale\" content=\"en_US\" \/>\n<meta property=\"og:type\" content=\"article\" \/>\n<meta property=\"og:title\" content=\"Roostevaba lisarest ehk grillresti k\u00f5rgem tasapind 11&quot; Mini - BBQ Entertainment\" \/>\n<meta property=\"og:description\" content=\"Roostevaba lisarest ehk grillresti k\u00f5rgem tasapind 11&quot; Mini YAKINIKU\u00ae k\u00f5rgendatud lisarestiga saad grillile kuni 70% rohkem k\u00fcpsetuspinda. Lisaks v\u00f5imaldab see valmistada toitu erinevatel k\u00f5rgustel, mis aitab paremini kontrollida kuumust ja tagada \u00fchtlase tulemuse nii liha, kala kui k\u00f6\u00f6giviljade puhul.  Sobib kasutamiseks Junior ja Classic m\u00f5\u00f5dus keraamilisel grillil Kamado Joe (vms)\" \/>\n<meta property=\"og:url\" content=\"https:\/\/bbqentertainment.com\/toode\/roostevabast-lisarest-ehk-grillresti-korgem-tasapind-11-mini\/\" \/>\n<meta property=\"og:site_name\" content=\"BBQ Entertainment\" \/>\n<meta property=\"article:publisher\" content=\"https:\/\/www.facebook.com\/BBQ-Entertainment-N-Catering-2437913376443540\" \/>\n<meta property=\"article:modified_time\" content=\"2025-07-25T10:45:55+00:00\" \/>\n<meta property=\"og:image\" content=\"https:\/\/bbqentertainment.com\/wp-content\/uploads\/2024\/02\/220020-220028-190020-190028-160020-130020-110020-8720364490041-8720364490249-8720364490423-8720364490553-8720364490652-extra-raised-grid.jpg\" \/>\n\t<meta property=\"og:image:width\" content=\"630\" \/>\n\t<meta property=\"og:image:height\" content=\"630\" \/>\n\t<meta property=\"og:image:type\" content=\"image\/jpeg\" \/>\n<meta name=\"twitter:card\" content=\"summary_large_image\" \/>\n<meta name=\"twitter:label1\" content=\"Est. reading time\" \/>\n\t<meta name=\"twitter:data1\" content=\"1 minute\" \/>\n<script type=\"application\/ld+json\" class=\"yoast-schema-graph\">{\"@context\":\"https:\/\/schema.org\",\"@graph\":[{\"@type\":[\"WebPage\",\"ItemPage\"],\"@id\":\"https:\/\/bbqentertainment.com\/toode\/roostevabast-lisarest-ehk-grillresti-korgem-tasapind-11-mini\/\",\"url\":\"https:\/\/bbqentertainment.com\/toode\/roostevabast-lisarest-ehk-grillresti-korgem-tasapind-11-mini\/\",\"name\":\"Roostevaba lisarest ehk grillresti k\u00f5rgem tasapind 11\\\" Mini - BBQ Entertainment\",\"isPartOf\":{\"@id\":\"https:\/\/bbqentertainment.com\/#website\"},\"primaryImageOfPage\":{\"@id\":\"https:\/\/bbqentertainment.com\/toode\/roostevabast-lisarest-ehk-grillresti-korgem-tasapind-11-mini\/#primaryimage\"},\"image\":{\"@id\":\"https:\/\/bbqentertainment.com\/toode\/roostevabast-lisarest-ehk-grillresti-korgem-tasapind-11-mini\/#primaryimage\"},\"thumbnailUrl\":\"https:\/\/bbqentertainment.com\/wp-content\/uploads\/2024\/02\/220020-220028-190020-190028-160020-130020-110020-8720364490041-8720364490249-8720364490423-8720364490553-8720364490652-extra-raised-grid.jpg\",\"datePublished\":\"2024-02-20T15:25:29+00:00\",\"dateModified\":\"2025-07-25T10:45:55+00:00\",\"breadcrumb\":{\"@id\":\"https:\/\/bbqentertainment.com\/toode\/roostevabast-lisarest-ehk-grillresti-korgem-tasapind-11-mini\/#breadcrumb\"},\"inLanguage\":\"en-US\",\"potentialAction\":[{\"@type\":\"ReadAction\",\"target\":[\"https:\/\/bbqentertainment.com\/toode\/roostevabast-lisarest-ehk-grillresti-korgem-tasapind-11-mini\/\"]}]},{\"@type\":\"ImageObject\",\"inLanguage\":\"en-US\",\"@id\":\"https:\/\/bbqentertainment.com\/toode\/roostevabast-lisarest-ehk-grillresti-korgem-tasapind-11-mini\/#primaryimage\",\"url\":\"https:\/\/bbqentertainment.com\/wp-content\/uploads\/2024\/02\/220020-220028-190020-190028-160020-130020-110020-8720364490041-8720364490249-8720364490423-8720364490553-8720364490652-extra-raised-grid.jpg\",\"contentUrl\":\"https:\/\/bbqentertainment.com\/wp-content\/uploads\/2024\/02\/220020-220028-190020-190028-160020-130020-110020-8720364490041-8720364490249-8720364490423-8720364490553-8720364490652-extra-raised-grid.jpg\",\"width\":630,\"height\":630},{\"@type\":\"BreadcrumbList\",\"@id\":\"https:\/\/bbqentertainment.com\/toode\/roostevabast-lisarest-ehk-grillresti-korgem-tasapind-11-mini\/#breadcrumb\",\"itemListElement\":[{\"@type\":\"ListItem\",\"position\":1,\"name\":\"AVALEHT\",\"item\":\"https:\/\/bbqentertainment.com\/en\/\"},{\"@type\":\"ListItem\",\"position\":2,\"name\":\"Tooted\",\"item\":\"https:\/\/bbqentertainment.com\/tooted\/\"},{\"@type\":\"ListItem\",\"position\":3,\"name\":\"Lisatarvikud\",\"item\":\"https:\/\/bbqentertainment.com\/tootekategooria\/lisatarvikud\/\"},{\"@type\":\"ListItem\",\"position\":4,\"name\":\"Lisatarvikud Junior Joe\",\"item\":\"https:\/\/bbqentertainment.com\/tootekategooria\/lisatarvikud\/lisatarvikud-junior\/\"},{\"@type\":\"ListItem\",\"position\":5,\"name\":\"Roostevaba lisarest ehk grillresti k\u00f5rgem tasapind 11&#8243; Mini\"}]},{\"@type\":\"WebSite\",\"@id\":\"https:\/\/bbqentertainment.com\/#website\",\"url\":\"https:\/\/bbqentertainment.com\/\",\"name\":\"BBQ Entertainment\",\"description\":\"BBQ is a great lifestyle, not just fun!\",\"publisher\":{\"@id\":\"https:\/\/bbqentertainment.com\/#organization\"},\"potentialAction\":[{\"@type\":\"SearchAction\",\"target\":{\"@type\":\"EntryPoint\",\"urlTemplate\":\"https:\/\/bbqentertainment.com\/?s={search_term_string}\"},\"query-input\":{\"@type\":\"PropertyValueSpecification\",\"valueRequired\":true,\"valueName\":\"search_term_string\"}}],\"inLanguage\":\"en-US\"},{\"@type\":\"Organization\",\"@id\":\"https:\/\/bbqentertainment.com\/#organization\",\"name\":\"BBQ Entertainment O\u00dc\",\"url\":\"https:\/\/bbqentertainment.com\/\",\"logo\":{\"@type\":\"ImageObject\",\"inLanguage\":\"en-US\",\"@id\":\"https:\/\/bbqentertainment.com\/#\/schema\/logo\/image\/\",\"url\":\"https:\/\/bbqentertainment.com\/wp-content\/uploads\/2020\/04\/BBQ-Entertainment-N-Catering-Enn-Tobreluts-Logo.png\",\"contentUrl\":\"https:\/\/bbqentertainment.com\/wp-content\/uploads\/2020\/04\/BBQ-Entertainment-N-Catering-Enn-Tobreluts-Logo.png\",\"width\":628,\"height\":266,\"caption\":\"BBQ Entertainment O\u00dc\"},\"image\":{\"@id\":\"https:\/\/bbqentertainment.com\/#\/schema\/logo\/image\/\"},\"sameAs\":[\"https:\/\/www.facebook.com\/BBQ-Entertainment-N-Catering-2437913376443540\",\"https:\/\/www.instagram.com\/bbqentertainmentncatering\/\",\"https:\/\/www.youtube.com\/channel\/UCmpuANQVhLy2Md8nrenp2jA\"]}]}<\/script>\n<!-- \/ Yoast SEO plugin. -->","yoast_head_json":{"title":"Roostevaba lisarest ehk grillresti k\u00f5rgem tasapind 11\" Mini - BBQ Entertainment","robots":{"index":"index","follow":"follow","max-snippet":"max-snippet:-1","max-image-preview":"max-image-preview:large","max-video-preview":"max-video-preview:-1"},"canonical":"https:\/\/bbqentertainment.com\/toode\/roostevabast-lisarest-ehk-grillresti-korgem-tasapind-11-mini\/","og_locale":"en_US","og_type":"article","og_title":"Roostevaba lisarest ehk grillresti k\u00f5rgem tasapind 11\" Mini - BBQ Entertainment","og_description":"Roostevaba lisarest ehk grillresti k\u00f5rgem tasapind 11\" Mini YAKINIKU\u00ae k\u00f5rgendatud lisarestiga saad grillile kuni 70% rohkem k\u00fcpsetuspinda. Lisaks v\u00f5imaldab see valmistada toitu erinevatel k\u00f5rgustel, mis aitab paremini kontrollida kuumust ja tagada \u00fchtlase tulemuse nii liha, kala kui k\u00f6\u00f6giviljade puhul.  Sobib kasutamiseks Junior ja Classic m\u00f5\u00f5dus keraamilisel grillil Kamado Joe (vms)","og_url":"https:\/\/bbqentertainment.com\/toode\/roostevabast-lisarest-ehk-grillresti-korgem-tasapind-11-mini\/","og_site_name":"BBQ Entertainment","article_publisher":"https:\/\/www.facebook.com\/BBQ-Entertainment-N-Catering-2437913376443540","article_modified_time":"2025-07-25T10:45:55+00:00","og_image":[{"width":630,"height":630,"url":"https:\/\/bbqentertainment.com\/wp-content\/uploads\/2024\/02\/220020-220028-190020-190028-160020-130020-110020-8720364490041-8720364490249-8720364490423-8720364490553-8720364490652-extra-raised-grid.jpg","type":"image\/jpeg"}],"twitter_card":"summary_large_image","twitter_misc":{"Est. reading time":"1 minute"},"schema":{"@context":"https:\/\/schema.org","@graph":[{"@type":["WebPage","ItemPage"],"@id":"https:\/\/bbqentertainment.com\/toode\/roostevabast-lisarest-ehk-grillresti-korgem-tasapind-11-mini\/","url":"https:\/\/bbqentertainment.com\/toode\/roostevabast-lisarest-ehk-grillresti-korgem-tasapind-11-mini\/","name":"Roostevaba lisarest ehk grillresti k\u00f5rgem tasapind 11\" Mini - BBQ Entertainment","isPartOf":{"@id":"https:\/\/bbqentertainment.com\/#website"},"primaryImageOfPage":{"@id":"https:\/\/bbqentertainment.com\/toode\/roostevabast-lisarest-ehk-grillresti-korgem-tasapind-11-mini\/#primaryimage"},"image":{"@id":"https:\/\/bbqentertainment.com\/toode\/roostevabast-lisarest-ehk-grillresti-korgem-tasapind-11-mini\/#primaryimage"},"thumbnailUrl":"https:\/\/bbqentertainment.com\/wp-content\/uploads\/2024\/02\/220020-220028-190020-190028-160020-130020-110020-8720364490041-8720364490249-8720364490423-8720364490553-8720364490652-extra-raised-grid.jpg","datePublished":"2024-02-20T15:25:29+00:00","dateModified":"2025-07-25T10:45:55+00:00","breadcrumb":{"@id":"https:\/\/bbqentertainment.com\/toode\/roostevabast-lisarest-ehk-grillresti-korgem-tasapind-11-mini\/#breadcrumb"},"inLanguage":"en-US","potentialAction":[{"@type":"ReadAction","target":["https:\/\/bbqentertainment.com\/toode\/roostevabast-lisarest-ehk-grillresti-korgem-tasapind-11-mini\/"]}]},{"@type":"ImageObject","inLanguage":"en-US","@id":"https:\/\/bbqentertainment.com\/toode\/roostevabast-lisarest-ehk-grillresti-korgem-tasapind-11-mini\/#primaryimage","url":"https:\/\/bbqentertainment.com\/wp-content\/uploads\/2024\/02\/220020-220028-190020-190028-160020-130020-110020-8720364490041-8720364490249-8720364490423-8720364490553-8720364490652-extra-raised-grid.jpg","contentUrl":"https:\/\/bbqentertainment.com\/wp-content\/uploads\/2024\/02\/220020-220028-190020-190028-160020-130020-110020-8720364490041-8720364490249-8720364490423-8720364490553-8720364490652-extra-raised-grid.jpg","width":630,"height":630},{"@type":"BreadcrumbList","@id":"https:\/\/bbqentertainment.com\/toode\/roostevabast-lisarest-ehk-grillresti-korgem-tasapind-11-mini\/#breadcrumb","itemListElement":[{"@type":"ListItem","position":1,"name":"AVALEHT","item":"https:\/\/bbqentertainment.com\/en\/"},{"@type":"ListItem","position":2,"name":"Tooted","item":"https:\/\/bbqentertainment.com\/tooted\/"},{"@type":"ListItem","position":3,"name":"Lisatarvikud","item":"https:\/\/bbqentertainment.com\/tootekategooria\/lisatarvikud\/"},{"@type":"ListItem","position":4,"name":"Lisatarvikud Junior Joe","item":"https:\/\/bbqentertainment.com\/tootekategooria\/lisatarvikud\/lisatarvikud-junior\/"},{"@type":"ListItem","position":5,"name":"Roostevaba lisarest ehk grillresti k\u00f5rgem tasapind 11&#8243; Mini"}]},{"@type":"WebSite","@id":"https:\/\/bbqentertainment.com\/#website","url":"https:\/\/bbqentertainment.com\/","name":"BBQ Entertainment","description":"BBQ is a great lifestyle, not just fun!","publisher":{"@id":"https:\/\/bbqentertainment.com\/#organization"},"potentialAction":[{"@type":"SearchAction","target":{"@type":"EntryPoint","urlTemplate":"https:\/\/bbqentertainment.com\/?s={search_term_string}"},"query-input":{"@type":"PropertyValueSpecification","valueRequired":true,"valueName":"search_term_string"}}],"inLanguage":"en-US"},{"@type":"Organization","@id":"https:\/\/bbqentertainment.com\/#organization","name":"BBQ Entertainment O\u00dc","url":"https:\/\/bbqentertainment.com\/","logo":{"@type":"ImageObject","inLanguage":"en-US","@id":"https:\/\/bbqentertainment.com\/#\/schema\/logo\/image\/","url":"https:\/\/bbqentertainment.com\/wp-content\/uploads\/2020\/04\/BBQ-Entertainment-N-Catering-Enn-Tobreluts-Logo.png","contentUrl":"https:\/\/bbqentertainment.com\/wp-content\/uploads\/2020\/04\/BBQ-Entertainment-N-Catering-Enn-Tobreluts-Logo.png","width":628,"height":266,"caption":"BBQ Entertainment O\u00dc"},"image":{"@id":"https:\/\/bbqentertainment.com\/#\/schema\/logo\/image\/"},"sameAs":["https:\/\/www.facebook.com\/BBQ-Entertainment-N-Catering-2437913376443540","https:\/\/www.instagram.com\/bbqentertainmentncatering\/","https:\/\/www.youtube.com\/channel\/UCmpuANQVhLy2Md8nrenp2jA"]}]}},"_links":{"self":[{"href":"https:\/\/bbqentertainment.com\/en\/wp-json\/wp\/v2\/product\/241319","targetHints":{"allow":["GET"]}}],"collection":[{"href":"https:\/\/bbqentertainment.com\/en\/wp-json\/wp\/v2\/product"}],"about":[{"href":"https:\/\/bbqentertainment.com\/en\/wp-json\/wp\/v2\/types\/product"}],"wp:featuredmedia":[{"embeddable":true,"href":"https:\/\/bbqentertainment.com\/en\/wp-json\/wp\/v2\/media\/253661"}],"wp:attachment":[{"href":"https:\/\/bbqentertainment.com\/en\/wp-json\/wp\/v2\/media?parent=241319"}],"wp:term":[{"taxonomy":"product_brand","embeddable":true,"href":"https:\/\/bbqentertainment.com\/en\/wp-json\/wp\/v2\/product_brand?post=241319"},{"taxonomy":"product_cat","embeddable":true,"href":"https:\/\/bbqentertainment.com\/en\/wp-json\/wp\/v2\/product_cat?post=241319"},{"taxonomy":"product_tag","embeddable":true,"href":"https:\/\/bbqentertainment.com\/en\/wp-json\/wp\/v2\/product_tag?post=241319"}],"curies":[{"name":"wp","href":"https:\/\/api.w.org\/{rel}","templated":true}]}}