{"id":241462,"date":"2023-05-01T21:56:36","date_gmt":"2023-05-01T18:56:36","guid":{"rendered":"https:\/\/bbqentertainment.com\/?post_type=product&#038;p=241462"},"modified":"2026-02-25T13:30:51","modified_gmt":"2026-02-25T11:30:51","slug":"pelletgrill-traeger-pro-d2-780","status":"publish","type":"product","link":"https:\/\/bbqentertainment.com\/en\/toode\/pelletgrill-traeger-pro-d2-780\/","title":{"rendered":"Pelletgrill TRAEGER PRO D2 780"},"content":{"rendered":"<p><strong>Pelletgrill Traeger PRO780 \u00e4piga juhitav mudel, mis v\u00f5imaldab grillida kasv\u00f5i tugitoolis istudes!<\/strong><\/p>\n<p><strong>Tehnilised andmed:<\/strong><br \/>\nGrilli m\u00f5\u00f5tmed kokkupanduna: ca 139,70 x 121,92 x 68,58 cm<br \/>\nKaal: 66,22 kg<\/p>\n<p>Traeger Digital Controller ProD2 WiFi kontrolleri ja Traegeri nutitelefoni rakenduse ehk \u00e4pi abil saab juhtida nii suitsu hulka kui ka soojust. Telefoni kaudu saab seadet sisse ja v\u00e4lja l\u00fclitada, seadistada grillimise aega jpms. Temperatuuri saab valida 73\u00b0C kuni 260\u00b0C (reguleerimise samm 5\u00b0C).<br \/>\nGrillil on roostevabad, emailitud restid. Suur alusrest ja v\u00e4iksem \u00fclemine rest. Grillivad m\u00f5lemad restid \u00fchtemoodi, lihtsalt pelletgrill mahutab kahele restile rohkem korraga grillitavat toitu.<br \/>\nGrilli, suitsuta, k\u00fcpseta, hauta, r\u00f6sti v\u00f5i valmista klassikalist barbequed ja k\u00f5ike seda naturaalsest puidust graanulitega. Vali seitsme 100% naturaalse grillpelleti hulgast oma lemmik ja vala punker t\u00e4is. Temperatuuri saab seadistada nii manuaalselt, kui ka vastavat Traegeri \u00e4ppi kasutades. Valides \u00e4pi retseptide hulgast, ei ole gurmeeroogade valmistamiseks vaja v\u00e4himaidki algteadmisi grillimisest. Valmista grillitav toode vastavalt juhisele ette ja vajuta lingile \u201cCOOK NEW \u201d ja Traegeri pelletgrill hoolitseb k\u00f5ige eest automaatselt ise.<br \/>\nUmbes nelja minutiga on pelletid t\u00f6\u00f6valmis ja toidutegemine v\u00f5ib alata. Spiraalajamiga l\u00fckatakse pelleteid tulekambrisse ja s\u00fc\u00fcdatakse automaatselt. Spetsiaalne ventilaator hoiab pelletid h\u00f5\u00f5gvel nagu miniatuurses sepikojas. Grilli kumer, ovaalne kere tagab t\u00e4iusliku temperatuuri- ja suitsujaotuse kogu grillimispinna ulatuses. Tilkuv rasv ja muud grillimisj\u00e4\u00e4tmed juhitakse vaheplaadiga v\u00e4ljajooksukanalisse ja sealt l\u00e4bi avause grilli k\u00fcljes rippuvasse rasva\u00e4mbrisse. Nipina tasub katta grillimisresti alune pind fooliumiga \u2013 nii on lihtsam grilli puhastada. Fooliumit ei tarvitse iga kasutuskorra j\u00e4rel vahetada. Peale kolmandat grillimist visake foolium lihtsalt pr\u00fcgikasti ja asendage uuega. Samal ajal puhastage k\u00fcttekolle tuha v\u00f5i tolmuimuriga. See lihtne ja vaevata hoolitsus tagab pikaajalise grilli kestvuse.<\/p>\n<p>Manuaalselt toitu valmistades saab kontrollida ka valmistatava toidu sisetemperatuuri. Selleks on grilliga kaasas vastav sond. Torka see enne toidu valmistamist kohe lihasse ja vaid \u00fche nupuvajutusega on sisetemperatuur n\u00e4htav. Grilli enda sisetemperatuuri j\u00e4lgimiseks on grill varustatud spetsiaalse automaats\u00fcsteemiga, mis kontrollib temperatuuri 50 korda minutis.<\/p>\n<p><strong>SUUREP\u00c4RANE SOOJUSJAOTUS<br \/>\n<\/strong>K\u00fcttekolle on kaetud spetsiaalse plaadiga, mis jaotab soojuse kogu grilli ulatuses \u00fchtlaselt laiali. \u00dcmar, ovaalne vorm aitab soojusel ja suitsul levida k\u00f5ikjale.<\/p>\n<p><strong>AUTOMAATNE PELLETIPUNKER<\/strong><br \/>\nLaadige punker \u00e4\u00e4reni pelleteid t\u00e4is ja punkri p\u00f5hjas olev spiraalajam hoolitseb selle eest, et valitud temperatuurile vastav kogus j\u00f5uaks p\u00f5lemiskambrisse. Pelletpunkri maht 8,16kg, ehk natuke \u00fcle poole standardkotist.<\/p>\n<p><strong>AUTOMAATS\u00dc\u00dcDE<\/strong><br \/>\nSpetsiaalne elektris\u00fc\u00fcde s\u00fc\u00fctab p\u00f5lemiskambris pelletid. Joo s\u00fc\u00fctamise asemel parem \u00fcks k\u00fclm \u00f5lu, grill teeb igava s\u00fc\u00fcteprotsessi samal ajal ise \u00e4ra.<\/p>\n<p><strong>ENERGIA\u00a0<\/strong><br \/>\n\u00dchenda grill vooluv\u00f5rguga. Voolu on tarvis juhtimisploki ja k\u00fcttekolde ventilaatori t\u00f6\u00f6ks.<br \/>\nVoolutarve: 300 vatti esimese nelja minuti jooksul ja ainult 50 vatti \u00fclej\u00e4\u00e4nud kokkamisel.<\/p>\n<p><strong>AUTOMAATNE SEISKAMINE<\/strong><br \/>\nGrillimise l\u00f5ppedes t\u00f6\u00f6tab ventilaator veel viis minutit, mille jooksul puhastatakse p\u00f5lemispunker tuhast kustutades seal h\u00f5\u00f5guvad pelletid.<\/p>\n<p><strong>GARANTII<\/strong><br \/>\nTraeger pelletgrillidel on kolme aastane garantii.<\/p>\n<p><strong>K\u00dcPSETUSRESTID<\/strong><br \/>\nK\u00fcpsetusrestid on valmistatud h\u00e4sti puhastatavast, mitmekorselt emailitud terasest.<br \/>\nRestide m\u00f5\u00f5dud:<br \/>\n\u2013 esimene, ehk alumine tasand 76 x 48cm<br \/>\n\u2013 teine tasand 76 x 18cm<\/p>\n<p><strong>VIDEO:\u00a0<\/strong><a href=\"https:\/\/www.traeger.com\/pellet-grills\/pro\/780\">https:\/\/www.traeger.com\/pellet-grills\/pro\/780<\/a><\/p>\n","protected":false},"excerpt":{"rendered":"<h3><span style=\"color: #000000;\"><strong>Pelletgrill TRAEGER PRO D2 780 <\/strong><\/span><span style=\"color: #000000;\"><strong>WIFI<\/strong><\/span><\/h3>\n<ul>\n<li><strong><span style=\"color: #000000;\"><span style=\"font-size: 14.399999px;\">K\u00fcsi eripakkumist! Kirjuta enn@bbqentertainment.com v\u00f5i helista 5165581<\/span><\/span><\/strong><\/li>\n<li><span style=\"color: #000000;\">Traeger PRO 780 grillil on tihedalt suletud grillkamber, mis v\u00f5imaldab soojuse ja aroomi \u00fclekandumist toidule.<\/span><\/li>\n<li><span style=\"color: #000000;\">T\u00fcnnikujuline grillkorpus on valmistatud kvaliteetsest pulberv\u00e4rvitud terasest. Grillil on kaks tasandit portselanemailitud terasest avasid, mis on kergesti eemaldatavad.<\/span><\/li>\n<li><span style=\"color: #000000;\">Traeger PRO on varustatud WIFIRE\u00ae-funktsiooniga. Soovi korral saate grilli ja selle temperatuuri h\u00f5lpsasti juhtida oma telefonist Traeger app-i abil. Samuti saate Traeger app-i abil oma grillile retsepte alla laadida.<\/span><\/li>\n<li><span style=\"color: #000000;\">Temperatuuri reguleerimine vahemikus 75\u00b0C kuni 260\u00b0C. Kaasas on temperatuuriandur.<\/span><\/li>\n<li><span style=\"color: #000000;\">D2\u00ae-tehnoloogiline \u00fclekanne ja TurboTemp-soojuskontroll soojendab grilli kiiremini.<\/span><\/li>\n<li><span style=\"color: #000000;\">Pelletikambri mahutavus 8 kg. Pelletite t\u00fchjendusava v\u00f5imaldab teil pelletid kiiresti t\u00fchjendada, et t\u00e4ita pelletipaak uuesti k\u00f5ige sobivamate pelletitega toidu valmistamiseks.<\/span><\/li>\n<li><span style=\"color: #000000;\">WOOD CHECKER indikaator n\u00e4itab pelletite kogust mahutis.<\/span><\/li>\n<li><span style=\"color: #000000;\">GRILLGUIDE grilljuhtimiss\u00fcsteem (Traeger Appi kaudu).<\/span><\/li>\n<li><span style=\"color: #000000;\">KEEP WARM funktsioon hoiab toidu \u00f5igel temperatuuril kuni<span style=\"font-size: 14.399999px;\">\u00a0serveerimiseni.<\/span><\/span><\/li>\n<\/ul>\n<p><span style=\"color: #000000;\"><span style=\"text-decoration: underline;\">Tehnilised andmed<\/span>:<\/span><\/p>\n<ul>\n<li><span style=\"color: #000000;\">K\u00fcpsetuspind: 5032 cm\u00b2<\/span><\/li>\n<li><span style=\"color: #000000;\"><span style=\"font-size: 14.399999px;\">Grillimispind:<\/span><span style=\"font-size: 14.399999px;\"> 76 x 49 cm ja 76 x 18 cm<\/span><\/span><\/li>\n<li><span style=\"color: #000000;\"><span style=\"font-size: 14.399999px;\">Grilli m\u00f5\u00f5dud: <\/span><span style=\"font-size: 14.399999px;\">122 x 69 x 170 cm<\/span><\/span><\/li>\n<li><span style=\"color: #000000;\">Grilli m\u00f5\u00f5tmed kokkupanduna: 139,70 x 121,92 x 68,58 cm<\/span><\/li>\n<li><span style=\"color: #000000; font-size: 14.399999px;\">T\u00fcnni l\u00e4bim\u00f5\u00f5t: 76 cm\u00a0<\/span><\/li>\n<li><span style=\"color: #000000;\">Kaal 66,2 kg<\/span><\/li>\n<\/ul>\n","protected":false},"featured_media":241471,"template":"","meta":{"inline_featured_image":false},"product_brand":[],"product_cat":[17,476],"product_tag":[],"class_list":{"0":"post-241462","1":"product","2":"type-product","3":"status-publish","4":"has-post-thumbnail","6":"product_cat-grillid-ja-ahjud","7":"product_cat-traeger","8":"product_shipping_class-ainult-ise-jarele-tulemisega","10":"first","11":"instock","12":"sale","13":"taxable","14":"shipping-taxable","15":"purchasable","16":"product-type-simple"},"yoast_head":"<!-- This site is optimized with the Yoast SEO plugin v27.2 - https:\/\/yoast.com\/product\/yoast-seo-wordpress\/ -->\n<title>Pelletgrill TRAEGER PRO D2 780 - BBQ Entertainment<\/title>\n<meta name=\"robots\" content=\"index, follow, max-snippet:-1, max-image-preview:large, max-video-preview:-1\" \/>\n<link rel=\"canonical\" href=\"https:\/\/bbqentertainment.com\/toode\/pelletgrill-traeger-pro-d2-780\/\" \/>\n<meta property=\"og:locale\" content=\"en_US\" \/>\n<meta property=\"og:type\" content=\"article\" \/>\n<meta property=\"og:title\" content=\"Pelletgrill TRAEGER PRO D2 780 - BBQ Entertainment\" \/>\n<meta property=\"og:description\" content=\"Pelletgrill TRAEGER PRO D2 780 WIFI   K\u00fcsi eripakkumist! Kirjuta enn@bbqentertainment.com v\u00f5i helista 5165581  Traeger PRO 780 grillil on tihedalt suletud grillkamber, mis v\u00f5imaldab soojuse ja aroomi \u00fclekandumist toidule.  T\u00fcnnikujuline grillkorpus on valmistatud kvaliteetsest pulberv\u00e4rvitud terasest. Grillil on kaks tasandit portselanemailitud terasest avasid, mis on kergesti eemaldatavad.  Traeger PRO on varustatud WIFIRE\u00ae-funktsiooniga. Soovi korral saate grilli ja selle temperatuuri h\u00f5lpsasti juhtida oma telefonist Traeger app-i abil. Samuti saate Traeger app-i abil oma grillile retsepte alla laadida.  Temperatuuri reguleerimine vahemikus 75\u00b0C kuni 260\u00b0C. Kaasas on temperatuuriandur.  D2\u00ae-tehnoloogiline \u00fclekanne ja TurboTemp-soojuskontroll soojendab grilli kiiremini.  Pelletikambri mahutavus 8 kg. Pelletite t\u00fchjendusava v\u00f5imaldab teil pelletid kiiresti t\u00fchjendada, et t\u00e4ita pelletipaak uuesti k\u00f5ige sobivamate pelletitega toidu valmistamiseks.  WOOD CHECKER indikaator n\u00e4itab pelletite kogust mahutis.  GRILLGUIDE grilljuhtimiss\u00fcsteem (Traeger Appi kaudu).  KEEP WARM funktsioon hoiab toidu \u00f5igel temperatuuril kuni\u00a0serveerimiseni.  Tehnilised andmed:   K\u00fcpsetuspind: 5032 cm\u00b2  Grillimispind: 76 x 49 cm ja 76 x 18 cm  Grilli m\u00f5\u00f5dud: 122 x 69 x 170 cm  Grilli m\u00f5\u00f5tmed kokkupanduna: 139,70 x 121,92 x 68,58 cm  T\u00fcnni l\u00e4bim\u00f5\u00f5t: 76 cm\u00a0  Kaal 66,2 kg\" \/>\n<meta property=\"og:url\" content=\"https:\/\/bbqentertainment.com\/toode\/pelletgrill-traeger-pro-d2-780\/\" \/>\n<meta property=\"og:site_name\" content=\"BBQ Entertainment\" \/>\n<meta property=\"article:publisher\" content=\"https:\/\/www.facebook.com\/BBQ-Entertainment-N-Catering-2437913376443540\" \/>\n<meta property=\"article:modified_time\" content=\"2026-02-25T11:30:51+00:00\" \/>\n<meta property=\"og:image\" content=\"https:\/\/bbqentertainment.com\/wp-content\/uploads\/2023\/05\/TFB78GLEC-Pelletgrill-TRAEGER-PRO-D2-780.jpg\" \/>\n\t<meta property=\"og:image:width\" content=\"1200\" \/>\n\t<meta property=\"og:image:height\" content=\"1200\" \/>\n\t<meta property=\"og:image:type\" content=\"image\/jpeg\" \/>\n<meta name=\"twitter:card\" content=\"summary_large_image\" \/>\n<meta name=\"twitter:label1\" content=\"Est. reading time\" \/>\n\t<meta name=\"twitter:data1\" content=\"3 minutes\" \/>\n<script type=\"application\/ld+json\" class=\"yoast-schema-graph\">{\"@context\":\"https:\/\/schema.org\",\"@graph\":[{\"@type\":[\"WebPage\",\"ItemPage\"],\"@id\":\"https:\/\/bbqentertainment.com\/toode\/pelletgrill-traeger-pro-d2-780\/\",\"url\":\"https:\/\/bbqentertainment.com\/toode\/pelletgrill-traeger-pro-d2-780\/\",\"name\":\"Pelletgrill TRAEGER PRO D2 780 - BBQ Entertainment\",\"isPartOf\":{\"@id\":\"https:\/\/bbqentertainment.com\/#website\"},\"primaryImageOfPage\":{\"@id\":\"https:\/\/bbqentertainment.com\/toode\/pelletgrill-traeger-pro-d2-780\/#primaryimage\"},\"image\":{\"@id\":\"https:\/\/bbqentertainment.com\/toode\/pelletgrill-traeger-pro-d2-780\/#primaryimage\"},\"thumbnailUrl\":\"https:\/\/bbqentertainment.com\/wp-content\/uploads\/2023\/05\/TFB78GLEC-Pelletgrill-TRAEGER-PRO-D2-780.jpg\",\"datePublished\":\"2023-05-01T18:56:36+00:00\",\"dateModified\":\"2026-02-25T11:30:51+00:00\",\"breadcrumb\":{\"@id\":\"https:\/\/bbqentertainment.com\/toode\/pelletgrill-traeger-pro-d2-780\/#breadcrumb\"},\"inLanguage\":\"en-US\",\"potentialAction\":[{\"@type\":\"ReadAction\",\"target\":[\"https:\/\/bbqentertainment.com\/toode\/pelletgrill-traeger-pro-d2-780\/\"]}]},{\"@type\":\"ImageObject\",\"inLanguage\":\"en-US\",\"@id\":\"https:\/\/bbqentertainment.com\/toode\/pelletgrill-traeger-pro-d2-780\/#primaryimage\",\"url\":\"https:\/\/bbqentertainment.com\/wp-content\/uploads\/2023\/05\/TFB78GLEC-Pelletgrill-TRAEGER-PRO-D2-780.jpg\",\"contentUrl\":\"https:\/\/bbqentertainment.com\/wp-content\/uploads\/2023\/05\/TFB78GLEC-Pelletgrill-TRAEGER-PRO-D2-780.jpg\",\"width\":1200,\"height\":1200},{\"@type\":\"BreadcrumbList\",\"@id\":\"https:\/\/bbqentertainment.com\/toode\/pelletgrill-traeger-pro-d2-780\/#breadcrumb\",\"itemListElement\":[{\"@type\":\"ListItem\",\"position\":1,\"name\":\"AVALEHT\",\"item\":\"https:\/\/bbqentertainment.com\/en\/\"},{\"@type\":\"ListItem\",\"position\":2,\"name\":\"Tooted\",\"item\":\"https:\/\/bbqentertainment.com\/tooted\/\"},{\"@type\":\"ListItem\",\"position\":3,\"name\":\"Grillid ja ahjud\",\"item\":\"https:\/\/bbqentertainment.com\/tootekategooria\/grillid-ja-ahjud\/\"},{\"@type\":\"ListItem\",\"position\":4,\"name\":\"TRAEGER\",\"item\":\"https:\/\/bbqentertainment.com\/tootekategooria\/grillid-ja-ahjud\/traeger\/\"},{\"@type\":\"ListItem\",\"position\":5,\"name\":\"Pelletgrill TRAEGER PRO D2 780\"}]},{\"@type\":\"WebSite\",\"@id\":\"https:\/\/bbqentertainment.com\/#website\",\"url\":\"https:\/\/bbqentertainment.com\/\",\"name\":\"BBQ Entertainment\",\"description\":\"BBQ is a great lifestyle, not just fun!\",\"publisher\":{\"@id\":\"https:\/\/bbqentertainment.com\/#organization\"},\"potentialAction\":[{\"@type\":\"SearchAction\",\"target\":{\"@type\":\"EntryPoint\",\"urlTemplate\":\"https:\/\/bbqentertainment.com\/?s={search_term_string}\"},\"query-input\":{\"@type\":\"PropertyValueSpecification\",\"valueRequired\":true,\"valueName\":\"search_term_string\"}}],\"inLanguage\":\"en-US\"},{\"@type\":\"Organization\",\"@id\":\"https:\/\/bbqentertainment.com\/#organization\",\"name\":\"BBQ Entertainment O\u00dc\",\"url\":\"https:\/\/bbqentertainment.com\/\",\"logo\":{\"@type\":\"ImageObject\",\"inLanguage\":\"en-US\",\"@id\":\"https:\/\/bbqentertainment.com\/#\/schema\/logo\/image\/\",\"url\":\"https:\/\/bbqentertainment.com\/wp-content\/uploads\/2020\/04\/BBQ-Entertainment-N-Catering-Enn-Tobreluts-Logo.png\",\"contentUrl\":\"https:\/\/bbqentertainment.com\/wp-content\/uploads\/2020\/04\/BBQ-Entertainment-N-Catering-Enn-Tobreluts-Logo.png\",\"width\":628,\"height\":266,\"caption\":\"BBQ Entertainment O\u00dc\"},\"image\":{\"@id\":\"https:\/\/bbqentertainment.com\/#\/schema\/logo\/image\/\"},\"sameAs\":[\"https:\/\/www.facebook.com\/BBQ-Entertainment-N-Catering-2437913376443540\",\"https:\/\/www.instagram.com\/bbqentertainmentncatering\/\",\"https:\/\/www.youtube.com\/channel\/UCmpuANQVhLy2Md8nrenp2jA\"]}]}<\/script>\n<!-- \/ Yoast SEO plugin. -->","yoast_head_json":{"title":"Pelletgrill TRAEGER PRO D2 780 - BBQ Entertainment","robots":{"index":"index","follow":"follow","max-snippet":"max-snippet:-1","max-image-preview":"max-image-preview:large","max-video-preview":"max-video-preview:-1"},"canonical":"https:\/\/bbqentertainment.com\/toode\/pelletgrill-traeger-pro-d2-780\/","og_locale":"en_US","og_type":"article","og_title":"Pelletgrill TRAEGER PRO D2 780 - BBQ Entertainment","og_description":"Pelletgrill TRAEGER PRO D2 780 WIFI   K\u00fcsi eripakkumist! Kirjuta enn@bbqentertainment.com v\u00f5i helista 5165581  Traeger PRO 780 grillil on tihedalt suletud grillkamber, mis v\u00f5imaldab soojuse ja aroomi \u00fclekandumist toidule.  T\u00fcnnikujuline grillkorpus on valmistatud kvaliteetsest pulberv\u00e4rvitud terasest. Grillil on kaks tasandit portselanemailitud terasest avasid, mis on kergesti eemaldatavad.  Traeger PRO on varustatud WIFIRE\u00ae-funktsiooniga. Soovi korral saate grilli ja selle temperatuuri h\u00f5lpsasti juhtida oma telefonist Traeger app-i abil. Samuti saate Traeger app-i abil oma grillile retsepte alla laadida.  Temperatuuri reguleerimine vahemikus 75\u00b0C kuni 260\u00b0C. Kaasas on temperatuuriandur.  D2\u00ae-tehnoloogiline \u00fclekanne ja TurboTemp-soojuskontroll soojendab grilli kiiremini.  Pelletikambri mahutavus 8 kg. Pelletite t\u00fchjendusava v\u00f5imaldab teil pelletid kiiresti t\u00fchjendada, et t\u00e4ita pelletipaak uuesti k\u00f5ige sobivamate pelletitega toidu valmistamiseks.  WOOD CHECKER indikaator n\u00e4itab pelletite kogust mahutis.  GRILLGUIDE grilljuhtimiss\u00fcsteem (Traeger Appi kaudu).  KEEP WARM funktsioon hoiab toidu \u00f5igel temperatuuril kuni\u00a0serveerimiseni.  Tehnilised andmed:   K\u00fcpsetuspind: 5032 cm\u00b2  Grillimispind: 76 x 49 cm ja 76 x 18 cm  Grilli m\u00f5\u00f5dud: 122 x 69 x 170 cm  Grilli m\u00f5\u00f5tmed kokkupanduna: 139,70 x 121,92 x 68,58 cm  T\u00fcnni l\u00e4bim\u00f5\u00f5t: 76 cm\u00a0  Kaal 66,2 kg","og_url":"https:\/\/bbqentertainment.com\/toode\/pelletgrill-traeger-pro-d2-780\/","og_site_name":"BBQ Entertainment","article_publisher":"https:\/\/www.facebook.com\/BBQ-Entertainment-N-Catering-2437913376443540","article_modified_time":"2026-02-25T11:30:51+00:00","og_image":[{"width":1200,"height":1200,"url":"https:\/\/bbqentertainment.com\/wp-content\/uploads\/2023\/05\/TFB78GLEC-Pelletgrill-TRAEGER-PRO-D2-780.jpg","type":"image\/jpeg"}],"twitter_card":"summary_large_image","twitter_misc":{"Est. reading time":"3 minutes"},"schema":{"@context":"https:\/\/schema.org","@graph":[{"@type":["WebPage","ItemPage"],"@id":"https:\/\/bbqentertainment.com\/toode\/pelletgrill-traeger-pro-d2-780\/","url":"https:\/\/bbqentertainment.com\/toode\/pelletgrill-traeger-pro-d2-780\/","name":"Pelletgrill TRAEGER PRO D2 780 - BBQ Entertainment","isPartOf":{"@id":"https:\/\/bbqentertainment.com\/#website"},"primaryImageOfPage":{"@id":"https:\/\/bbqentertainment.com\/toode\/pelletgrill-traeger-pro-d2-780\/#primaryimage"},"image":{"@id":"https:\/\/bbqentertainment.com\/toode\/pelletgrill-traeger-pro-d2-780\/#primaryimage"},"thumbnailUrl":"https:\/\/bbqentertainment.com\/wp-content\/uploads\/2023\/05\/TFB78GLEC-Pelletgrill-TRAEGER-PRO-D2-780.jpg","datePublished":"2023-05-01T18:56:36+00:00","dateModified":"2026-02-25T11:30:51+00:00","breadcrumb":{"@id":"https:\/\/bbqentertainment.com\/toode\/pelletgrill-traeger-pro-d2-780\/#breadcrumb"},"inLanguage":"en-US","potentialAction":[{"@type":"ReadAction","target":["https:\/\/bbqentertainment.com\/toode\/pelletgrill-traeger-pro-d2-780\/"]}]},{"@type":"ImageObject","inLanguage":"en-US","@id":"https:\/\/bbqentertainment.com\/toode\/pelletgrill-traeger-pro-d2-780\/#primaryimage","url":"https:\/\/bbqentertainment.com\/wp-content\/uploads\/2023\/05\/TFB78GLEC-Pelletgrill-TRAEGER-PRO-D2-780.jpg","contentUrl":"https:\/\/bbqentertainment.com\/wp-content\/uploads\/2023\/05\/TFB78GLEC-Pelletgrill-TRAEGER-PRO-D2-780.jpg","width":1200,"height":1200},{"@type":"BreadcrumbList","@id":"https:\/\/bbqentertainment.com\/toode\/pelletgrill-traeger-pro-d2-780\/#breadcrumb","itemListElement":[{"@type":"ListItem","position":1,"name":"AVALEHT","item":"https:\/\/bbqentertainment.com\/en\/"},{"@type":"ListItem","position":2,"name":"Tooted","item":"https:\/\/bbqentertainment.com\/tooted\/"},{"@type":"ListItem","position":3,"name":"Grillid ja ahjud","item":"https:\/\/bbqentertainment.com\/tootekategooria\/grillid-ja-ahjud\/"},{"@type":"ListItem","position":4,"name":"TRAEGER","item":"https:\/\/bbqentertainment.com\/tootekategooria\/grillid-ja-ahjud\/traeger\/"},{"@type":"ListItem","position":5,"name":"Pelletgrill TRAEGER PRO D2 780"}]},{"@type":"WebSite","@id":"https:\/\/bbqentertainment.com\/#website","url":"https:\/\/bbqentertainment.com\/","name":"BBQ Entertainment","description":"BBQ is a great lifestyle, not just fun!","publisher":{"@id":"https:\/\/bbqentertainment.com\/#organization"},"potentialAction":[{"@type":"SearchAction","target":{"@type":"EntryPoint","urlTemplate":"https:\/\/bbqentertainment.com\/?s={search_term_string}"},"query-input":{"@type":"PropertyValueSpecification","valueRequired":true,"valueName":"search_term_string"}}],"inLanguage":"en-US"},{"@type":"Organization","@id":"https:\/\/bbqentertainment.com\/#organization","name":"BBQ Entertainment O\u00dc","url":"https:\/\/bbqentertainment.com\/","logo":{"@type":"ImageObject","inLanguage":"en-US","@id":"https:\/\/bbqentertainment.com\/#\/schema\/logo\/image\/","url":"https:\/\/bbqentertainment.com\/wp-content\/uploads\/2020\/04\/BBQ-Entertainment-N-Catering-Enn-Tobreluts-Logo.png","contentUrl":"https:\/\/bbqentertainment.com\/wp-content\/uploads\/2020\/04\/BBQ-Entertainment-N-Catering-Enn-Tobreluts-Logo.png","width":628,"height":266,"caption":"BBQ Entertainment O\u00dc"},"image":{"@id":"https:\/\/bbqentertainment.com\/#\/schema\/logo\/image\/"},"sameAs":["https:\/\/www.facebook.com\/BBQ-Entertainment-N-Catering-2437913376443540","https:\/\/www.instagram.com\/bbqentertainmentncatering\/","https:\/\/www.youtube.com\/channel\/UCmpuANQVhLy2Md8nrenp2jA"]}]}},"_links":{"self":[{"href":"https:\/\/bbqentertainment.com\/en\/wp-json\/wp\/v2\/product\/241462","targetHints":{"allow":["GET"]}}],"collection":[{"href":"https:\/\/bbqentertainment.com\/en\/wp-json\/wp\/v2\/product"}],"about":[{"href":"https:\/\/bbqentertainment.com\/en\/wp-json\/wp\/v2\/types\/product"}],"wp:featuredmedia":[{"embeddable":true,"href":"https:\/\/bbqentertainment.com\/en\/wp-json\/wp\/v2\/media\/241471"}],"wp:attachment":[{"href":"https:\/\/bbqentertainment.com\/en\/wp-json\/wp\/v2\/media?parent=241462"}],"wp:term":[{"taxonomy":"product_brand","embeddable":true,"href":"https:\/\/bbqentertainment.com\/en\/wp-json\/wp\/v2\/product_brand?post=241462"},{"taxonomy":"product_cat","embeddable":true,"href":"https:\/\/bbqentertainment.com\/en\/wp-json\/wp\/v2\/product_cat?post=241462"},{"taxonomy":"product_tag","embeddable":true,"href":"https:\/\/bbqentertainment.com\/en\/wp-json\/wp\/v2\/product_tag?post=241462"}],"curies":[{"name":"wp","href":"https:\/\/api.w.org\/{rel}","templated":true}]}}