{"id":241573,"date":"2023-05-01T22:13:56","date_gmt":"2023-05-01T19:13:56","guid":{"rendered":"https:\/\/bbqentertainment.com\/?post_type=product&#038;p=241573"},"modified":"2026-04-14T20:51:03","modified_gmt":"2026-04-14T17:51:03","slug":"pelletgrill-traeger-ranger","status":"publish","type":"product","link":"https:\/\/bbqentertainment.com\/en\/toode\/pelletgrill-traeger-ranger\/","title":{"rendered":"Pelletgrill TRAEGER RANGER"},"content":{"rendered":"<p>Traeger Rangeri pelletgrill on loodud selleks, et ka pikematel reisidel ei peaks kunagi ilma gurmeemaitseta j\u00e4\u00e4ma. Mugav ja kompaktne Traeger Ranger on teie seikluste jaoks alati valmis. Transpordi osas on Traeger k\u00f5igele m\u00f5elnud. Kvaliteetse konstruktsiooniga kaas on varustatud klambritega, mis sulgevad grilli tihedalt. K\u00f5ik on transpordiks turvaliselt Rangeris hoiul. T\u00e4nu oma kompaktsusele saab Rangeri kiiresti pakiruumi mahutada. Vaatamata kompaktsele disainile on Rangeris palju tehnoloogiat. Rangerit juhitakse kasutajas\u00f5bralikul viisil digitaalkontrolleriga. Seadistatud temperatuuri hoiab juhtseade konstantsena. Pelletite p\u00f5letamine on t\u00e4isautomaatne. Lisaks taimeri funktsioonile paistab Ranger silma v\u00f5imalusega teha liha madalal temperatuuril pikka aega. Kaasasoleval malmist grillplaadil saate kasv\u00f5i muna praadida. Samas hea ka grilltoidu kaua soojas hoidmiseks. Temperatuurisondiga on teil alati liha sisetemperatuur teada. Traeger Rangeriga saad grillida, r\u00f6stida, k\u00fcpsetada, suitsutada ja suitsutada \u2013 k\u00f5ik \u00fches seadmes!\u00a0 Traeger Rangerit saab kasutada k\u00f5ikjal, kus saate v\u00e4hegi voolupistikut kasutada. Voolu v\u00f5imsus 220V. \u2013 Temperatuurivahemik 75 \u2013 230\u00b0C \u2013 Temperatuuri reguleerimine: Digitaalne juhtpaneel \u2013 Temperatuuri muutmine 5\u00b0C sammuga \u2013 Temperatuuriandurite arv 1 \u2013 Pelletikambri maht 3,6 kg \u2013 Grillimispind kokku 1200 cm\u00b2 \u2013 Grillresti m\u00f5\u00f5dud 30 x 40 cm \u2013 Grillreste 1 \/ Teras, portselan-emailitud \u2013 Kokkupandud m\u00f5\u00f5dud (L x K x S) ca 53 x 33 x 51 cm \u2013 Kaas avatud (L x K x S) ca 53 x 71 x 51 cm \u2013 Kaal 27 kg \u2013 Pakendi m\u00f5\u00f5dud ca 52 x 37 x 57 cm \u2013 Materjal teras, pulberv\u00e4rvitud \u2013 1 sisetemperatuuri m\u00f5\u00f5tmise sond \u2013 Grillrest + malmrest \u2013 Rasva\u00e4mber v\u00e4lisk\u00fcljel<\/p>\n","protected":false},"excerpt":{"rendered":"<h3><span style=\"color: #000000;\"><strong>Pelletgrill TRAEGER RANGER<\/strong><\/span><\/h3>\n<ul>\n<li><strong><span style=\"color: #000000;\"><span style=\"font-size: 14.399999px;\">K\u00fcsi eripakkumist! Kirjuta enn@bbqentertainment.com v\u00f5i helista 5165581<\/span><\/span><\/strong><\/li>\n<li><span style=\"color: #000000;\">Traeger Ranger kaasaskantav v\u00e4ike nn portfell-pelletigrill.<\/span><\/li>\n<li><span style=\"color: #000000;\">Mugava suurusega Ranger grillil on malmist k\u00fcpsetuspind, mis lisab toidule kuumust ja maitset.<\/span><\/li>\n<li><span style=\"color: #000000;\">Pelletikamber mahutab 3,6 kg Traegeri pelleteid, seega on piisavalt &#8220;k\u00fctust&#8221; tundide pikkuseks grillimiseks. <span style=\"font-size: 14.399999px;\">Kasutades Traegeri pelleteid, tagate, et teie grill t\u00f6\u00f6tab korralikult.<\/span><\/span><\/li>\n<li><span style=\"font-size: 14.399999px; color: #000000;\">Temperatuuri saab ulatuslikult reguleerida kuni 230\u00b0C.<\/span><\/li>\n<li><span style=\"color: #000000;\"><span style=\"font-size: 14.399999px;\">Grilli LED-ekraan v\u00f5imaldab teil j\u00e4lgida grilli sisetemperatuuri kaant avamata. Kaasas on temperatuuriandur.<\/span><span style=\"font-size: 14.399999px;\">.<\/span><\/span><\/li>\n<\/ul>\n<p><span style=\"color: #000000;\"><span style=\"text-decoration: underline;\">Tehnilised andmed<\/span>:<\/span><\/p>\n<ul>\n<li><span style=\"color: #000000;\">K\u00fcpsetuspind: 1225 cm\u00b2<\/span><\/li>\n<li><span style=\"color: #000000;\">Grillimispind: 25 x 49 cm<\/span><\/li>\n<li><span style=\"color: #000000;\">Grilli m\u00f5\u00f5dud: 53 x 51 x 33 cm<\/span><\/li>\n<li>Kaal 27 kg<\/li>\n<\/ul>\n","protected":false},"featured_media":241465,"template":"","meta":{"inline_featured_image":false},"product_brand":[],"product_cat":[17,476],"product_tag":[],"class_list":{"0":"post-241573","1":"product","2":"type-product","3":"status-publish","4":"has-post-thumbnail","6":"product_cat-grillid-ja-ahjud","7":"product_cat-traeger","8":"product_shipping_class-ainult-ise-jarele-tulemisega","10":"first","11":"instock","12":"taxable","13":"shipping-taxable","14":"purchasable","15":"product-type-simple"},"yoast_head":"<!-- This site is optimized with the Yoast SEO plugin v27.2 - https:\/\/yoast.com\/product\/yoast-seo-wordpress\/ -->\n<title>Pelletgrill TRAEGER RANGER - BBQ Entertainment<\/title>\n<meta name=\"robots\" content=\"index, follow, max-snippet:-1, max-image-preview:large, max-video-preview:-1\" \/>\n<link rel=\"canonical\" href=\"https:\/\/bbqentertainment.com\/toode\/pelletgrill-traeger-ranger\/\" \/>\n<meta property=\"og:locale\" content=\"en_US\" \/>\n<meta property=\"og:type\" content=\"article\" \/>\n<meta property=\"og:title\" content=\"Pelletgrill TRAEGER RANGER - BBQ Entertainment\" \/>\n<meta property=\"og:description\" content=\"Pelletgrill TRAEGER RANGERK\u00fcsi eripakkumist! Kirjuta enn@bbqentertainment.com v\u00f5i helista 5165581Traeger Ranger kaasaskantav v\u00e4ike nn portfell-pelletigrill.Mugava suurusega Ranger grillil on malmist k\u00fcpsetuspind, mis lisab toidule kuumust ja maitset.Pelletikamber mahutab 3,6 kg Traegeri pelleteid, seega on piisavalt &quot;k\u00fctust&quot; tundide pikkuseks grillimiseks. Kasutades Traegeri pelleteid, tagate, et teie grill t\u00f6\u00f6tab korralikult.Temperatuuri saab ulatuslikult reguleerida kuni 230\u00b0C.Grilli LED-ekraan v\u00f5imaldab teil j\u00e4lgida grilli sisetemperatuuri kaant avamata. Kaasas on temperatuuriandur..Tehnilised andmed:K\u00fcpsetuspind: 1225 cm\u00b2Grillimispind: 25 x 49 cmGrilli m\u00f5\u00f5dud: 53 x 51 x 33 cmKaal 27 kg\" \/>\n<meta property=\"og:url\" content=\"https:\/\/bbqentertainment.com\/toode\/pelletgrill-traeger-ranger\/\" \/>\n<meta property=\"og:site_name\" content=\"BBQ Entertainment\" \/>\n<meta property=\"article:publisher\" content=\"https:\/\/www.facebook.com\/BBQ-Entertainment-N-Catering-2437913376443540\" \/>\n<meta property=\"article:modified_time\" content=\"2026-04-14T17:51:03+00:00\" \/>\n<meta property=\"og:image\" content=\"https:\/\/bbqentertainment.com\/wp-content\/uploads\/2023\/05\/Traeger-Ranger_EU-Handle_001.jpg\" \/>\n\t<meta property=\"og:image:width\" content=\"1200\" \/>\n\t<meta property=\"og:image:height\" content=\"1200\" \/>\n\t<meta property=\"og:image:type\" content=\"image\/jpeg\" \/>\n<meta name=\"twitter:card\" content=\"summary_large_image\" \/>\n<meta name=\"twitter:label1\" content=\"Est. reading time\" \/>\n\t<meta name=\"twitter:data1\" content=\"2 minutes\" \/>\n<script type=\"application\/ld+json\" class=\"yoast-schema-graph\">{\"@context\":\"https:\/\/schema.org\",\"@graph\":[{\"@type\":[\"WebPage\",\"ItemPage\"],\"@id\":\"https:\/\/bbqentertainment.com\/toode\/pelletgrill-traeger-ranger\/\",\"url\":\"https:\/\/bbqentertainment.com\/toode\/pelletgrill-traeger-ranger\/\",\"name\":\"Pelletgrill TRAEGER RANGER - BBQ Entertainment\",\"isPartOf\":{\"@id\":\"https:\/\/bbqentertainment.com\/#website\"},\"primaryImageOfPage\":{\"@id\":\"https:\/\/bbqentertainment.com\/toode\/pelletgrill-traeger-ranger\/#primaryimage\"},\"image\":{\"@id\":\"https:\/\/bbqentertainment.com\/toode\/pelletgrill-traeger-ranger\/#primaryimage\"},\"thumbnailUrl\":\"https:\/\/bbqentertainment.com\/wp-content\/uploads\/2023\/05\/Traeger-Ranger_EU-Handle_001.jpg\",\"datePublished\":\"2023-05-01T19:13:56+00:00\",\"dateModified\":\"2026-04-14T17:51:03+00:00\",\"breadcrumb\":{\"@id\":\"https:\/\/bbqentertainment.com\/toode\/pelletgrill-traeger-ranger\/#breadcrumb\"},\"inLanguage\":\"en-US\",\"potentialAction\":[{\"@type\":\"ReadAction\",\"target\":[\"https:\/\/bbqentertainment.com\/toode\/pelletgrill-traeger-ranger\/\"]}]},{\"@type\":\"ImageObject\",\"inLanguage\":\"en-US\",\"@id\":\"https:\/\/bbqentertainment.com\/toode\/pelletgrill-traeger-ranger\/#primaryimage\",\"url\":\"https:\/\/bbqentertainment.com\/wp-content\/uploads\/2023\/05\/Traeger-Ranger_EU-Handle_001.jpg\",\"contentUrl\":\"https:\/\/bbqentertainment.com\/wp-content\/uploads\/2023\/05\/Traeger-Ranger_EU-Handle_001.jpg\",\"width\":1200,\"height\":1200},{\"@type\":\"BreadcrumbList\",\"@id\":\"https:\/\/bbqentertainment.com\/toode\/pelletgrill-traeger-ranger\/#breadcrumb\",\"itemListElement\":[{\"@type\":\"ListItem\",\"position\":1,\"name\":\"AVALEHT\",\"item\":\"https:\/\/bbqentertainment.com\/en\/\"},{\"@type\":\"ListItem\",\"position\":2,\"name\":\"Tooted\",\"item\":\"https:\/\/bbqentertainment.com\/tooted\/\"},{\"@type\":\"ListItem\",\"position\":3,\"name\":\"Grillid ja ahjud\",\"item\":\"https:\/\/bbqentertainment.com\/tootekategooria\/grillid-ja-ahjud\/\"},{\"@type\":\"ListItem\",\"position\":4,\"name\":\"TRAEGER\",\"item\":\"https:\/\/bbqentertainment.com\/tootekategooria\/grillid-ja-ahjud\/traeger\/\"},{\"@type\":\"ListItem\",\"position\":5,\"name\":\"Pelletgrill TRAEGER RANGER\"}]},{\"@type\":\"WebSite\",\"@id\":\"https:\/\/bbqentertainment.com\/#website\",\"url\":\"https:\/\/bbqentertainment.com\/\",\"name\":\"BBQ Entertainment\",\"description\":\"BBQ is a great lifestyle, not just fun!\",\"publisher\":{\"@id\":\"https:\/\/bbqentertainment.com\/#organization\"},\"potentialAction\":[{\"@type\":\"SearchAction\",\"target\":{\"@type\":\"EntryPoint\",\"urlTemplate\":\"https:\/\/bbqentertainment.com\/?s={search_term_string}\"},\"query-input\":{\"@type\":\"PropertyValueSpecification\",\"valueRequired\":true,\"valueName\":\"search_term_string\"}}],\"inLanguage\":\"en-US\"},{\"@type\":\"Organization\",\"@id\":\"https:\/\/bbqentertainment.com\/#organization\",\"name\":\"BBQ Entertainment O\u00dc\",\"url\":\"https:\/\/bbqentertainment.com\/\",\"logo\":{\"@type\":\"ImageObject\",\"inLanguage\":\"en-US\",\"@id\":\"https:\/\/bbqentertainment.com\/#\/schema\/logo\/image\/\",\"url\":\"https:\/\/bbqentertainment.com\/wp-content\/uploads\/2020\/04\/BBQ-Entertainment-N-Catering-Enn-Tobreluts-Logo.png\",\"contentUrl\":\"https:\/\/bbqentertainment.com\/wp-content\/uploads\/2020\/04\/BBQ-Entertainment-N-Catering-Enn-Tobreluts-Logo.png\",\"width\":628,\"height\":266,\"caption\":\"BBQ Entertainment O\u00dc\"},\"image\":{\"@id\":\"https:\/\/bbqentertainment.com\/#\/schema\/logo\/image\/\"},\"sameAs\":[\"https:\/\/www.facebook.com\/BBQ-Entertainment-N-Catering-2437913376443540\",\"https:\/\/www.instagram.com\/bbqentertainmentncatering\/\",\"https:\/\/www.youtube.com\/channel\/UCmpuANQVhLy2Md8nrenp2jA\"]}]}<\/script>\n<!-- \/ Yoast SEO plugin. -->","yoast_head_json":{"title":"Pelletgrill TRAEGER RANGER - BBQ Entertainment","robots":{"index":"index","follow":"follow","max-snippet":"max-snippet:-1","max-image-preview":"max-image-preview:large","max-video-preview":"max-video-preview:-1"},"canonical":"https:\/\/bbqentertainment.com\/toode\/pelletgrill-traeger-ranger\/","og_locale":"en_US","og_type":"article","og_title":"Pelletgrill TRAEGER RANGER - BBQ Entertainment","og_description":"Pelletgrill TRAEGER RANGERK\u00fcsi eripakkumist! Kirjuta enn@bbqentertainment.com v\u00f5i helista 5165581Traeger Ranger kaasaskantav v\u00e4ike nn portfell-pelletigrill.Mugava suurusega Ranger grillil on malmist k\u00fcpsetuspind, mis lisab toidule kuumust ja maitset.Pelletikamber mahutab 3,6 kg Traegeri pelleteid, seega on piisavalt \"k\u00fctust\" tundide pikkuseks grillimiseks. Kasutades Traegeri pelleteid, tagate, et teie grill t\u00f6\u00f6tab korralikult.Temperatuuri saab ulatuslikult reguleerida kuni 230\u00b0C.Grilli LED-ekraan v\u00f5imaldab teil j\u00e4lgida grilli sisetemperatuuri kaant avamata. Kaasas on temperatuuriandur..Tehnilised andmed:K\u00fcpsetuspind: 1225 cm\u00b2Grillimispind: 25 x 49 cmGrilli m\u00f5\u00f5dud: 53 x 51 x 33 cmKaal 27 kg","og_url":"https:\/\/bbqentertainment.com\/toode\/pelletgrill-traeger-ranger\/","og_site_name":"BBQ Entertainment","article_publisher":"https:\/\/www.facebook.com\/BBQ-Entertainment-N-Catering-2437913376443540","article_modified_time":"2026-04-14T17:51:03+00:00","og_image":[{"width":1200,"height":1200,"url":"https:\/\/bbqentertainment.com\/wp-content\/uploads\/2023\/05\/Traeger-Ranger_EU-Handle_001.jpg","type":"image\/jpeg"}],"twitter_card":"summary_large_image","twitter_misc":{"Est. reading time":"2 minutes"},"schema":{"@context":"https:\/\/schema.org","@graph":[{"@type":["WebPage","ItemPage"],"@id":"https:\/\/bbqentertainment.com\/toode\/pelletgrill-traeger-ranger\/","url":"https:\/\/bbqentertainment.com\/toode\/pelletgrill-traeger-ranger\/","name":"Pelletgrill TRAEGER RANGER - BBQ Entertainment","isPartOf":{"@id":"https:\/\/bbqentertainment.com\/#website"},"primaryImageOfPage":{"@id":"https:\/\/bbqentertainment.com\/toode\/pelletgrill-traeger-ranger\/#primaryimage"},"image":{"@id":"https:\/\/bbqentertainment.com\/toode\/pelletgrill-traeger-ranger\/#primaryimage"},"thumbnailUrl":"https:\/\/bbqentertainment.com\/wp-content\/uploads\/2023\/05\/Traeger-Ranger_EU-Handle_001.jpg","datePublished":"2023-05-01T19:13:56+00:00","dateModified":"2026-04-14T17:51:03+00:00","breadcrumb":{"@id":"https:\/\/bbqentertainment.com\/toode\/pelletgrill-traeger-ranger\/#breadcrumb"},"inLanguage":"en-US","potentialAction":[{"@type":"ReadAction","target":["https:\/\/bbqentertainment.com\/toode\/pelletgrill-traeger-ranger\/"]}]},{"@type":"ImageObject","inLanguage":"en-US","@id":"https:\/\/bbqentertainment.com\/toode\/pelletgrill-traeger-ranger\/#primaryimage","url":"https:\/\/bbqentertainment.com\/wp-content\/uploads\/2023\/05\/Traeger-Ranger_EU-Handle_001.jpg","contentUrl":"https:\/\/bbqentertainment.com\/wp-content\/uploads\/2023\/05\/Traeger-Ranger_EU-Handle_001.jpg","width":1200,"height":1200},{"@type":"BreadcrumbList","@id":"https:\/\/bbqentertainment.com\/toode\/pelletgrill-traeger-ranger\/#breadcrumb","itemListElement":[{"@type":"ListItem","position":1,"name":"AVALEHT","item":"https:\/\/bbqentertainment.com\/en\/"},{"@type":"ListItem","position":2,"name":"Tooted","item":"https:\/\/bbqentertainment.com\/tooted\/"},{"@type":"ListItem","position":3,"name":"Grillid ja ahjud","item":"https:\/\/bbqentertainment.com\/tootekategooria\/grillid-ja-ahjud\/"},{"@type":"ListItem","position":4,"name":"TRAEGER","item":"https:\/\/bbqentertainment.com\/tootekategooria\/grillid-ja-ahjud\/traeger\/"},{"@type":"ListItem","position":5,"name":"Pelletgrill TRAEGER RANGER"}]},{"@type":"WebSite","@id":"https:\/\/bbqentertainment.com\/#website","url":"https:\/\/bbqentertainment.com\/","name":"BBQ Entertainment","description":"BBQ is a great lifestyle, not just fun!","publisher":{"@id":"https:\/\/bbqentertainment.com\/#organization"},"potentialAction":[{"@type":"SearchAction","target":{"@type":"EntryPoint","urlTemplate":"https:\/\/bbqentertainment.com\/?s={search_term_string}"},"query-input":{"@type":"PropertyValueSpecification","valueRequired":true,"valueName":"search_term_string"}}],"inLanguage":"en-US"},{"@type":"Organization","@id":"https:\/\/bbqentertainment.com\/#organization","name":"BBQ Entertainment O\u00dc","url":"https:\/\/bbqentertainment.com\/","logo":{"@type":"ImageObject","inLanguage":"en-US","@id":"https:\/\/bbqentertainment.com\/#\/schema\/logo\/image\/","url":"https:\/\/bbqentertainment.com\/wp-content\/uploads\/2020\/04\/BBQ-Entertainment-N-Catering-Enn-Tobreluts-Logo.png","contentUrl":"https:\/\/bbqentertainment.com\/wp-content\/uploads\/2020\/04\/BBQ-Entertainment-N-Catering-Enn-Tobreluts-Logo.png","width":628,"height":266,"caption":"BBQ Entertainment O\u00dc"},"image":{"@id":"https:\/\/bbqentertainment.com\/#\/schema\/logo\/image\/"},"sameAs":["https:\/\/www.facebook.com\/BBQ-Entertainment-N-Catering-2437913376443540","https:\/\/www.instagram.com\/bbqentertainmentncatering\/","https:\/\/www.youtube.com\/channel\/UCmpuANQVhLy2Md8nrenp2jA"]}]}},"_links":{"self":[{"href":"https:\/\/bbqentertainment.com\/en\/wp-json\/wp\/v2\/product\/241573","targetHints":{"allow":["GET"]}}],"collection":[{"href":"https:\/\/bbqentertainment.com\/en\/wp-json\/wp\/v2\/product"}],"about":[{"href":"https:\/\/bbqentertainment.com\/en\/wp-json\/wp\/v2\/types\/product"}],"wp:featuredmedia":[{"embeddable":true,"href":"https:\/\/bbqentertainment.com\/en\/wp-json\/wp\/v2\/media\/241465"}],"wp:attachment":[{"href":"https:\/\/bbqentertainment.com\/en\/wp-json\/wp\/v2\/media?parent=241573"}],"wp:term":[{"taxonomy":"product_brand","embeddable":true,"href":"https:\/\/bbqentertainment.com\/en\/wp-json\/wp\/v2\/product_brand?post=241573"},{"taxonomy":"product_cat","embeddable":true,"href":"https:\/\/bbqentertainment.com\/en\/wp-json\/wp\/v2\/product_cat?post=241573"},{"taxonomy":"product_tag","embeddable":true,"href":"https:\/\/bbqentertainment.com\/en\/wp-json\/wp\/v2\/product_tag?post=241573"}],"curies":[{"name":"wp","href":"https:\/\/api.w.org\/{rel}","templated":true}]}}