{"id":241577,"date":"2023-05-01T22:46:05","date_gmt":"2023-05-01T19:46:05","guid":{"rendered":"https:\/\/bbqentertainment.com\/?post_type=product&#038;p=241577"},"modified":"2026-04-14T20:51:03","modified_gmt":"2026-04-14T17:51:03","slug":"pelletgrill-traeger-timberline-xl-int","status":"publish","type":"product","link":"https:\/\/bbqentertainment.com\/en\/toode\/pelletgrill-traeger-timberline-xl-int\/","title":{"rendered":"Pelletgrill TRAEGER TIMBERLINE XL INT induktsioonpliidiga"},"content":{"rendered":"<p><span style=\"color: #000000;\">T\u00e4nu Traegeri WiFIRE\u00ae-tehnoloogiale saate oma grilli juhtida igal pool ja igal ajal Traegeri nutirakenduse abil. Reguleerige grilltemperatuuri, kontrollige toitu, seadistage taimereid ja meeldetuletusi, sirvige \u00fcle 1600 originaalretsepti, seda k\u00f5ike oma telefoni kasutades. Grilli on v\u00f5malik juhtida isegi h\u00e4\u00e4lk\u00e4sklustega Alexa\u00ae v\u00f5i Google Home\u00ae kaudu.<\/span><\/p>\n<p><span style=\"color: #000000;\">Traegeri <em>ModiFIRE\u00ae<\/em> tarvikud v\u00f5imaldavad teil h\u00f5lpsasti lisada ja vahetada erinevaid k\u00fcpsetuspindu ning uus <em>P.A.L. Pop-And-Lock\u00ae<\/em> tarvikute s\u00fcsteem v\u00f5imaldab teil h\u00f5lpsasti konfigureerida riiuleid, hoiukaste, tarvikute konksusid ja muud vajalikku.<\/span><\/p>\n<p><span style=\"color: #000000;\">\u00dclilihsaks on muutunud ka hoolsus \u2013\u00a0 rasv ja tuhk kogunevad n\u00fc\u00fcd \u00fchte, kergesti ligip\u00e4\u00e4setavasse anumasse, mis teeb koristamise \u00e4\u00e4rmiselt lihtsaks. Viskad j\u00e4\u00e4gid \u00fchekorse fooliumanumaga lihtsalt \u00e4ra.<\/span><\/p>\n<p><span style=\"color: #000000;\">Traeger ei ole j\u00e4tnud t\u00e4helepanuta \u00fchtegi detaili, mis t\u00e4hendab, et kvaliteetsed materjalid ja asjatundlikus on n\u00e4htav igal ruutsentimeetril. Kui siia lisada \u00e4\u00e4rmiselt toekas konstruktsioon ja korralikud materjalid, siis saamegi t\u00e4na maailma parima pelletgrilli.<\/span><\/p>\n<p><span style=\"color: #000000;\"><span style=\"text-decoration: underline;\">Grilli tehnilised omadused<\/span>:<\/span><\/p>\n<ul>\n<li><span style=\"color: #000000;\"><em>Smart Combustion\u2122<\/em> tehnoloogia \u2013 v\u00e4ga t\u00e4pne temperatuuri kontroll ja hooldus<\/span><\/li>\n<li><span style=\"color: #000000;\">Temperatuuri reguleerimine: 75 \u2013 260\u00b0C<\/span><\/li>\n<li><span style=\"color: #000000;\">EvenFlow\u2122 Heat Shield isoleeritud kahekordse seinaga konstruktsioon<\/span><\/li>\n<li><span style=\"color: #000000;\"><em>SwiftStart\u2122<\/em> keraamiline s\u00fc\u00fctaja kiireks k\u00e4ivitamiseks<\/span><\/li>\n<li><span style=\"color: #000000;\"><em>FreeFlow\u2122<\/em> k\u00fcttekolle suurenadb suitsuhulka ja v\u00e4hendab tuha kogunemist<\/span><\/li>\n<li><span style=\"color: #000000;\"><em>Super Smoke\u00ae<\/em> suitsutamine<\/span><\/li>\n<li><span style=\"color: #000000;\"><em>Traeger Downdraft Exhaust\u00ae<\/em> suitsu v\u00e4ljat\u00f5mbamine<\/span><\/li>\n<li><span style=\"color: #000000;\">WiFi\u00ae tehnoloogia \u2013 muudab teie grilli \u201cnutikaks grilliks\u201d, mis v\u00f5imaldab teil oma grilli juhtida olles \u00fcksk\u00f5ik kus<\/span><\/li>\n<li><span style=\"color: #000000;\"><em>ModiFIRE\u00ae<\/em> tarvikud v\u00f5imaldavad h\u00f5lpsasti vahetada erinevate k\u00fcpsetuspindade v\u00f5i grillrestide vahel<\/span><\/li>\n<li><span style=\"color: #000000;\"><em>Traeger Induction\u2122<\/em> induktsioonpliit grilli k\u00fcljes mistahes toidu valmistamiseks<\/span><\/li>\n<li><span style=\"color: #000000;\"><em>EZ-Clean\u2122<\/em> rasva- ja tuhan\u00f5u kogub rasva ja tuha \u00fchte anumasse<\/span><\/li>\n<li><span style=\"color: #000000;\">Komplektis 2 traadita \u201cMeater\u201d ja 2 traadiga Traeger toiduvalmistamise m\u00f5\u00f5turit, et j\u00e4lgida s\u00f6\u00f6gi valmimist oma nutiseadmest<\/span><\/li>\n<li><span style=\"color: #000000;\">Pop and Lock (P.A.L) hoius\u00fcsteem tarvikute jaoks \u2013 relss\u00e4\u00e4ris, millele saab riputada konksud, maitseaineriiuli ja paberihoidja<\/span><\/li>\n<li><span style=\"color: #000000;\">Suur k\u00fcljelaud ja e<\/span><span style=\"color: #000000;\">emaldatav magnetkinnitusega bambusest l\u00f5ikelaud<\/span><\/li>\n<li><span style=\"color: #000000;\">Hoiukapp ja puidust riiulid<\/span><\/li>\n<li><span style=\"color: #000000;\">Kolm roostevabast terasest tasandit<\/span><\/li>\n<li><span style=\"color: #000000;\">Integreeritud grilliala valgustus<\/span><\/li>\n<li><span style=\"color: #000000;\">Puuteekraan lihtsaks juhtimiseks<\/span><\/li>\n<li><span style=\"color: #000000;\">Grillimispindala: umbes 8516,11 cm2<\/span><\/li>\n<li><span style=\"color: #000000;\">\u00dclemine riiul: 2 (kattuvad), 84 x 28 cm (L x S)<\/span><\/li>\n<li><span style=\"color: #000000;\">Alumine kamber: 3 (k\u00f5rvuti), 28,5 x 46 cm (L x S), kogulaius 85,5 cm.<\/span><\/li>\n<li><span style=\"color: #000000;\">Pelletikonteineri mahutavus: umbes 10 kg<\/span><\/li>\n<li><span style=\"color: #000000;\">Pelletipunkri andur \u2013 teavitab pelleti l\u00f5ppemiset grillimise ajal<\/span><\/li>\n<li><span style=\"color: #000000;\">Lihtne pelletite vahetus<\/span><\/li>\n<li><span style=\"color: #000000;\"><em>StayDry\u2122<\/em> pelletipaak<\/span><\/li>\n<li><span style=\"color: #000000;\">Roostevastane viimistlus<\/span><\/li>\n<li><span style=\"color: #000000;\"><em>Amazon Alexa<\/em>\u00a0ja\u00a0<em>Google Home<\/em> \u00a0\u00fchilduvus<\/span><\/li>\n<li><span style=\"color: #000000;\">M\u00f5\u00f5tmed: 129,54 x 180,34 x 63,5 cm, k<\/span><span style=\"color: #000000;\">aal: 131 kg<\/span><\/li>\n<li><span style=\"color: #000000;\">T\u00f6\u00f6pinge: 220 \u2013 240 V 50\/60 Hz<\/span><\/li>\n<li><span style=\"color: #000000;\">Energiavajadus pelletite s\u00f6\u00f6tmiseks: 300 W, kui soovitud temperatuur on saavutatud, umbes 45 \u2013 100 W.<\/span><\/li>\n<li><span style=\"color: #000000;\">Induktsioonpliit: max. 1410 W<\/span><\/li>\n<\/ul>\n<p><span style=\"color: #000000;\">Grilli on v\u00f5imalik inegreerida aiam\u00f6\u00f6blisse.<\/span><\/p>\n<p><span style=\"color: #000000;\">Timberline XL INT grillil on 10 aastane garantii korpusele ja 3 aastane garantii kogu juhtimiss\u00fcsteemile ja terasrestidele.<\/span><\/p>\n","protected":false},"excerpt":{"rendered":"<h3><span style=\"color: #000000;\"><strong>Pelletgrill TRAEGER TIMBERLINE XL INT induktsioonpliidiga\u00a0<\/strong><\/span><\/h3>\n<ul>\n<li><strong><span style=\"color: #000000;\"><span style=\"font-size: 14.399999px;\">K\u00fcsi eripakkumist! Kirjuta enn@bbqentertainment.com v\u00f5i helista 5165581<\/span><\/span><\/strong><\/li>\n<li><span style=\"color: #000000; font-size: 14.399999px;\">T\u00f5sta toiduvalmistamine uuele tasemele uute Timberline ja Ironwood grillidega, mis on <\/span><span style=\"color: #000000; font-size: 14.399999px;\">\u00a0varustatud t\u00e4iustatud funktsioonidega ja tagavad iga kord suurep\u00e4rase tulemuse.<\/span><\/li>\n<li><span style=\"color: #000000; font-size: 14.399999px;\">Mitmek\u00fclgsed P.A.L. Pop-And-Lock\u00ae kohandamisv\u00f5imalused, mis aitavad teil luua oma toiduvalmistamisstiili jaoks t\u00e4iusliku grilli.<\/span><\/li>\n<li><span style=\"color: #000000; font-size: 14.399999px;\">Smart Combustion\u2122 p\u00f5lemise optimeerimise tehnoloogia.<\/span><\/li>\n<li><span style=\"color: #000000; font-size: 14.399999px;\">T\u00e4ielikult isoleeritud kahekordse seinaga konstruktsioon.<\/span><\/li>\n<li><span style=\"color: #000000; font-size: 14.399999px;\">Traeger Induction\u00ae induktsioonpliit.<\/span><\/li>\n<li><span style=\"color: #000000; font-size: 14.399999px;\">EZ-Clean\u2122 uus tuha- ja rasva kogumise s\u00fcsteem.<\/span><\/li>\n<li><span style=\"color: #000000; font-size: 14.399999px;\">WiFIRE\u00ae \u00fchenduvus\/rakendus, Super Smoke\u00ae abifunktsioon. V\u00e4rviline puuteekraan.<\/span><\/li>\n<li><span style=\"color: #000000; font-size: 14.399999px;\">ModiFIRE\u00ae-ga \u00fchilduvad grillrestid, -raamid, -alused. Grillimisvalgus. <\/span><\/li>\n<li><span style=\"color: #000000; font-size: 14.399999px;\">Saab integreerida m\u00f6\u00f6blile.<\/span><\/li>\n<li><span style=\"color: #000000; font-size: 14.399999px;\">10-aastane piiratud garantii.<\/span><\/li>\n<\/ul>\n<p><span style=\"color: #000000;\"><span style=\"text-decoration: underline;\">Tehnilised andmed<\/span>:<\/span><\/p>\n<ul>\n<li><span style=\"color: #000000;\">K\u00fcpsetuspind: 8516,11 cm2<\/span><\/li>\n<li><span style=\"color: #000000;\"><span style=\"font-size: 14.399999px;\">Grilli m\u00f5\u00f5dud (pikkus x laius x k\u00f5rgus): 129,54 x 180,34 x 63,5 cm<\/span><\/span><\/li>\n<li><span style=\"color: #000000;\">Kaal: 131 kg<\/span><\/li>\n<\/ul>\n","protected":false},"featured_media":241527,"template":"","meta":{"inline_featured_image":false},"product_brand":[],"product_cat":[17,476],"product_tag":[],"class_list":{"0":"post-241577","1":"product","2":"type-product","3":"status-publish","4":"has-post-thumbnail","6":"product_cat-grillid-ja-ahjud","7":"product_cat-traeger","8":"product_shipping_class-ainult-ise-jarele-tulemisega","10":"first","11":"instock","12":"taxable","13":"shipping-taxable","14":"purchasable","15":"product-type-simple"},"yoast_head":"<!-- This site is optimized with the Yoast SEO plugin v27.2 - https:\/\/yoast.com\/product\/yoast-seo-wordpress\/ -->\n<title>Pelletgrill TRAEGER TIMBERLINE XL INT induktsioonpliidiga - BBQ Entertainment<\/title>\n<meta name=\"robots\" content=\"index, follow, max-snippet:-1, max-image-preview:large, max-video-preview:-1\" \/>\n<link rel=\"canonical\" href=\"https:\/\/bbqentertainment.com\/toode\/pelletgrill-traeger-timberline-xl-int\/\" \/>\n<meta property=\"og:locale\" content=\"en_US\" \/>\n<meta property=\"og:type\" content=\"article\" \/>\n<meta property=\"og:title\" content=\"Pelletgrill TRAEGER TIMBERLINE XL INT induktsioonpliidiga - BBQ Entertainment\" \/>\n<meta property=\"og:description\" content=\"Pelletgrill TRAEGER TIMBERLINE XL INT induktsioonpliidiga\u00a0   K\u00fcsi eripakkumist! Kirjuta enn@bbqentertainment.com v\u00f5i helista 5165581  T\u00f5sta toiduvalmistamine uuele tasemele uute Timberline ja Ironwood grillidega, mis on \u00a0varustatud t\u00e4iustatud funktsioonidega ja tagavad iga kord suurep\u00e4rase tulemuse.  Mitmek\u00fclgsed P.A.L. Pop-And-Lock\u00ae kohandamisv\u00f5imalused, mis aitavad teil luua oma toiduvalmistamisstiili jaoks t\u00e4iusliku grilli.  Smart Combustion\u2122 p\u00f5lemise optimeerimise tehnoloogia.  T\u00e4ielikult isoleeritud kahekordse seinaga konstruktsioon.  Traeger Induction\u00ae induktsioonpliit.  EZ-Clean\u2122 uus tuha- ja rasva kogumise s\u00fcsteem.  WiFIRE\u00ae \u00fchenduvus\/rakendus, Super Smoke\u00ae abifunktsioon. V\u00e4rviline puuteekraan.  ModiFIRE\u00ae-ga \u00fchilduvad grillrestid, -raamid, -alused. Grillimisvalgus.   Saab integreerida m\u00f6\u00f6blile.  10-aastane piiratud garantii.  Tehnilised andmed:   K\u00fcpsetuspind: 8516,11 cm2  Grilli m\u00f5\u00f5dud (pikkus x laius x k\u00f5rgus): 129,54 x 180,34 x 63,5 cm  Kaal: 131 kg\" \/>\n<meta property=\"og:url\" content=\"https:\/\/bbqentertainment.com\/toode\/pelletgrill-traeger-timberline-xl-int\/\" \/>\n<meta property=\"og:site_name\" content=\"BBQ Entertainment\" \/>\n<meta property=\"article:publisher\" content=\"https:\/\/www.facebook.com\/BBQ-Entertainment-N-Catering-2437913376443540\" \/>\n<meta property=\"article:modified_time\" content=\"2026-04-14T17:51:03+00:00\" \/>\n<meta property=\"og:image\" content=\"https:\/\/bbqentertainment.com\/wp-content\/uploads\/2023\/05\/TBB01RLGI-Pelletgrill-TRAEGER-TIMBERLINE-XL-INT1.jpg\" \/>\n\t<meta property=\"og:image:width\" content=\"1200\" \/>\n\t<meta property=\"og:image:height\" content=\"1200\" \/>\n\t<meta property=\"og:image:type\" content=\"image\/jpeg\" \/>\n<meta name=\"twitter:card\" content=\"summary_large_image\" \/>\n<meta name=\"twitter:label1\" content=\"Est. reading time\" \/>\n\t<meta name=\"twitter:data1\" content=\"3 minutes\" \/>\n<script type=\"application\/ld+json\" class=\"yoast-schema-graph\">{\"@context\":\"https:\/\/schema.org\",\"@graph\":[{\"@type\":[\"WebPage\",\"ItemPage\"],\"@id\":\"https:\/\/bbqentertainment.com\/toode\/pelletgrill-traeger-timberline-xl-int\/\",\"url\":\"https:\/\/bbqentertainment.com\/toode\/pelletgrill-traeger-timberline-xl-int\/\",\"name\":\"Pelletgrill TRAEGER TIMBERLINE XL INT induktsioonpliidiga - BBQ Entertainment\",\"isPartOf\":{\"@id\":\"https:\/\/bbqentertainment.com\/#website\"},\"primaryImageOfPage\":{\"@id\":\"https:\/\/bbqentertainment.com\/toode\/pelletgrill-traeger-timberline-xl-int\/#primaryimage\"},\"image\":{\"@id\":\"https:\/\/bbqentertainment.com\/toode\/pelletgrill-traeger-timberline-xl-int\/#primaryimage\"},\"thumbnailUrl\":\"https:\/\/bbqentertainment.com\/wp-content\/uploads\/2023\/05\/TBB01RLGI-Pelletgrill-TRAEGER-TIMBERLINE-XL-INT1.jpg\",\"datePublished\":\"2023-05-01T19:46:05+00:00\",\"dateModified\":\"2026-04-14T17:51:03+00:00\",\"breadcrumb\":{\"@id\":\"https:\/\/bbqentertainment.com\/toode\/pelletgrill-traeger-timberline-xl-int\/#breadcrumb\"},\"inLanguage\":\"en-US\",\"potentialAction\":[{\"@type\":\"ReadAction\",\"target\":[\"https:\/\/bbqentertainment.com\/toode\/pelletgrill-traeger-timberline-xl-int\/\"]}]},{\"@type\":\"ImageObject\",\"inLanguage\":\"en-US\",\"@id\":\"https:\/\/bbqentertainment.com\/toode\/pelletgrill-traeger-timberline-xl-int\/#primaryimage\",\"url\":\"https:\/\/bbqentertainment.com\/wp-content\/uploads\/2023\/05\/TBB01RLGI-Pelletgrill-TRAEGER-TIMBERLINE-XL-INT1.jpg\",\"contentUrl\":\"https:\/\/bbqentertainment.com\/wp-content\/uploads\/2023\/05\/TBB01RLGI-Pelletgrill-TRAEGER-TIMBERLINE-XL-INT1.jpg\",\"width\":1200,\"height\":1200},{\"@type\":\"BreadcrumbList\",\"@id\":\"https:\/\/bbqentertainment.com\/toode\/pelletgrill-traeger-timberline-xl-int\/#breadcrumb\",\"itemListElement\":[{\"@type\":\"ListItem\",\"position\":1,\"name\":\"AVALEHT\",\"item\":\"https:\/\/bbqentertainment.com\/en\/\"},{\"@type\":\"ListItem\",\"position\":2,\"name\":\"Tooted\",\"item\":\"https:\/\/bbqentertainment.com\/tooted\/\"},{\"@type\":\"ListItem\",\"position\":3,\"name\":\"Grillid ja ahjud\",\"item\":\"https:\/\/bbqentertainment.com\/tootekategooria\/grillid-ja-ahjud\/\"},{\"@type\":\"ListItem\",\"position\":4,\"name\":\"TRAEGER\",\"item\":\"https:\/\/bbqentertainment.com\/tootekategooria\/grillid-ja-ahjud\/traeger\/\"},{\"@type\":\"ListItem\",\"position\":5,\"name\":\"Pelletgrill TRAEGER TIMBERLINE XL INT induktsioonpliidiga\"}]},{\"@type\":\"WebSite\",\"@id\":\"https:\/\/bbqentertainment.com\/#website\",\"url\":\"https:\/\/bbqentertainment.com\/\",\"name\":\"BBQ Entertainment\",\"description\":\"BBQ is a great lifestyle, not just fun!\",\"publisher\":{\"@id\":\"https:\/\/bbqentertainment.com\/#organization\"},\"potentialAction\":[{\"@type\":\"SearchAction\",\"target\":{\"@type\":\"EntryPoint\",\"urlTemplate\":\"https:\/\/bbqentertainment.com\/?s={search_term_string}\"},\"query-input\":{\"@type\":\"PropertyValueSpecification\",\"valueRequired\":true,\"valueName\":\"search_term_string\"}}],\"inLanguage\":\"en-US\"},{\"@type\":\"Organization\",\"@id\":\"https:\/\/bbqentertainment.com\/#organization\",\"name\":\"BBQ Entertainment O\u00dc\",\"url\":\"https:\/\/bbqentertainment.com\/\",\"logo\":{\"@type\":\"ImageObject\",\"inLanguage\":\"en-US\",\"@id\":\"https:\/\/bbqentertainment.com\/#\/schema\/logo\/image\/\",\"url\":\"https:\/\/bbqentertainment.com\/wp-content\/uploads\/2020\/04\/BBQ-Entertainment-N-Catering-Enn-Tobreluts-Logo.png\",\"contentUrl\":\"https:\/\/bbqentertainment.com\/wp-content\/uploads\/2020\/04\/BBQ-Entertainment-N-Catering-Enn-Tobreluts-Logo.png\",\"width\":628,\"height\":266,\"caption\":\"BBQ Entertainment O\u00dc\"},\"image\":{\"@id\":\"https:\/\/bbqentertainment.com\/#\/schema\/logo\/image\/\"},\"sameAs\":[\"https:\/\/www.facebook.com\/BBQ-Entertainment-N-Catering-2437913376443540\",\"https:\/\/www.instagram.com\/bbqentertainmentncatering\/\",\"https:\/\/www.youtube.com\/channel\/UCmpuANQVhLy2Md8nrenp2jA\"]}]}<\/script>\n<!-- \/ Yoast SEO plugin. -->","yoast_head_json":{"title":"Pelletgrill TRAEGER TIMBERLINE XL INT induktsioonpliidiga - BBQ Entertainment","robots":{"index":"index","follow":"follow","max-snippet":"max-snippet:-1","max-image-preview":"max-image-preview:large","max-video-preview":"max-video-preview:-1"},"canonical":"https:\/\/bbqentertainment.com\/toode\/pelletgrill-traeger-timberline-xl-int\/","og_locale":"en_US","og_type":"article","og_title":"Pelletgrill TRAEGER TIMBERLINE XL INT induktsioonpliidiga - BBQ Entertainment","og_description":"Pelletgrill TRAEGER TIMBERLINE XL INT induktsioonpliidiga\u00a0   K\u00fcsi eripakkumist! Kirjuta enn@bbqentertainment.com v\u00f5i helista 5165581  T\u00f5sta toiduvalmistamine uuele tasemele uute Timberline ja Ironwood grillidega, mis on \u00a0varustatud t\u00e4iustatud funktsioonidega ja tagavad iga kord suurep\u00e4rase tulemuse.  Mitmek\u00fclgsed P.A.L. Pop-And-Lock\u00ae kohandamisv\u00f5imalused, mis aitavad teil luua oma toiduvalmistamisstiili jaoks t\u00e4iusliku grilli.  Smart Combustion\u2122 p\u00f5lemise optimeerimise tehnoloogia.  T\u00e4ielikult isoleeritud kahekordse seinaga konstruktsioon.  Traeger Induction\u00ae induktsioonpliit.  EZ-Clean\u2122 uus tuha- ja rasva kogumise s\u00fcsteem.  WiFIRE\u00ae \u00fchenduvus\/rakendus, Super Smoke\u00ae abifunktsioon. V\u00e4rviline puuteekraan.  ModiFIRE\u00ae-ga \u00fchilduvad grillrestid, -raamid, -alused. Grillimisvalgus.   Saab integreerida m\u00f6\u00f6blile.  10-aastane piiratud garantii.  Tehnilised andmed:   K\u00fcpsetuspind: 8516,11 cm2  Grilli m\u00f5\u00f5dud (pikkus x laius x k\u00f5rgus): 129,54 x 180,34 x 63,5 cm  Kaal: 131 kg","og_url":"https:\/\/bbqentertainment.com\/toode\/pelletgrill-traeger-timberline-xl-int\/","og_site_name":"BBQ Entertainment","article_publisher":"https:\/\/www.facebook.com\/BBQ-Entertainment-N-Catering-2437913376443540","article_modified_time":"2026-04-14T17:51:03+00:00","og_image":[{"width":1200,"height":1200,"url":"https:\/\/bbqentertainment.com\/wp-content\/uploads\/2023\/05\/TBB01RLGI-Pelletgrill-TRAEGER-TIMBERLINE-XL-INT1.jpg","type":"image\/jpeg"}],"twitter_card":"summary_large_image","twitter_misc":{"Est. reading time":"3 minutes"},"schema":{"@context":"https:\/\/schema.org","@graph":[{"@type":["WebPage","ItemPage"],"@id":"https:\/\/bbqentertainment.com\/toode\/pelletgrill-traeger-timberline-xl-int\/","url":"https:\/\/bbqentertainment.com\/toode\/pelletgrill-traeger-timberline-xl-int\/","name":"Pelletgrill TRAEGER TIMBERLINE XL INT induktsioonpliidiga - BBQ Entertainment","isPartOf":{"@id":"https:\/\/bbqentertainment.com\/#website"},"primaryImageOfPage":{"@id":"https:\/\/bbqentertainment.com\/toode\/pelletgrill-traeger-timberline-xl-int\/#primaryimage"},"image":{"@id":"https:\/\/bbqentertainment.com\/toode\/pelletgrill-traeger-timberline-xl-int\/#primaryimage"},"thumbnailUrl":"https:\/\/bbqentertainment.com\/wp-content\/uploads\/2023\/05\/TBB01RLGI-Pelletgrill-TRAEGER-TIMBERLINE-XL-INT1.jpg","datePublished":"2023-05-01T19:46:05+00:00","dateModified":"2026-04-14T17:51:03+00:00","breadcrumb":{"@id":"https:\/\/bbqentertainment.com\/toode\/pelletgrill-traeger-timberline-xl-int\/#breadcrumb"},"inLanguage":"en-US","potentialAction":[{"@type":"ReadAction","target":["https:\/\/bbqentertainment.com\/toode\/pelletgrill-traeger-timberline-xl-int\/"]}]},{"@type":"ImageObject","inLanguage":"en-US","@id":"https:\/\/bbqentertainment.com\/toode\/pelletgrill-traeger-timberline-xl-int\/#primaryimage","url":"https:\/\/bbqentertainment.com\/wp-content\/uploads\/2023\/05\/TBB01RLGI-Pelletgrill-TRAEGER-TIMBERLINE-XL-INT1.jpg","contentUrl":"https:\/\/bbqentertainment.com\/wp-content\/uploads\/2023\/05\/TBB01RLGI-Pelletgrill-TRAEGER-TIMBERLINE-XL-INT1.jpg","width":1200,"height":1200},{"@type":"BreadcrumbList","@id":"https:\/\/bbqentertainment.com\/toode\/pelletgrill-traeger-timberline-xl-int\/#breadcrumb","itemListElement":[{"@type":"ListItem","position":1,"name":"AVALEHT","item":"https:\/\/bbqentertainment.com\/en\/"},{"@type":"ListItem","position":2,"name":"Tooted","item":"https:\/\/bbqentertainment.com\/tooted\/"},{"@type":"ListItem","position":3,"name":"Grillid ja ahjud","item":"https:\/\/bbqentertainment.com\/tootekategooria\/grillid-ja-ahjud\/"},{"@type":"ListItem","position":4,"name":"TRAEGER","item":"https:\/\/bbqentertainment.com\/tootekategooria\/grillid-ja-ahjud\/traeger\/"},{"@type":"ListItem","position":5,"name":"Pelletgrill TRAEGER TIMBERLINE XL INT induktsioonpliidiga"}]},{"@type":"WebSite","@id":"https:\/\/bbqentertainment.com\/#website","url":"https:\/\/bbqentertainment.com\/","name":"BBQ Entertainment","description":"BBQ is a great lifestyle, not just fun!","publisher":{"@id":"https:\/\/bbqentertainment.com\/#organization"},"potentialAction":[{"@type":"SearchAction","target":{"@type":"EntryPoint","urlTemplate":"https:\/\/bbqentertainment.com\/?s={search_term_string}"},"query-input":{"@type":"PropertyValueSpecification","valueRequired":true,"valueName":"search_term_string"}}],"inLanguage":"en-US"},{"@type":"Organization","@id":"https:\/\/bbqentertainment.com\/#organization","name":"BBQ Entertainment O\u00dc","url":"https:\/\/bbqentertainment.com\/","logo":{"@type":"ImageObject","inLanguage":"en-US","@id":"https:\/\/bbqentertainment.com\/#\/schema\/logo\/image\/","url":"https:\/\/bbqentertainment.com\/wp-content\/uploads\/2020\/04\/BBQ-Entertainment-N-Catering-Enn-Tobreluts-Logo.png","contentUrl":"https:\/\/bbqentertainment.com\/wp-content\/uploads\/2020\/04\/BBQ-Entertainment-N-Catering-Enn-Tobreluts-Logo.png","width":628,"height":266,"caption":"BBQ Entertainment O\u00dc"},"image":{"@id":"https:\/\/bbqentertainment.com\/#\/schema\/logo\/image\/"},"sameAs":["https:\/\/www.facebook.com\/BBQ-Entertainment-N-Catering-2437913376443540","https:\/\/www.instagram.com\/bbqentertainmentncatering\/","https:\/\/www.youtube.com\/channel\/UCmpuANQVhLy2Md8nrenp2jA"]}]}},"_links":{"self":[{"href":"https:\/\/bbqentertainment.com\/en\/wp-json\/wp\/v2\/product\/241577","targetHints":{"allow":["GET"]}}],"collection":[{"href":"https:\/\/bbqentertainment.com\/en\/wp-json\/wp\/v2\/product"}],"about":[{"href":"https:\/\/bbqentertainment.com\/en\/wp-json\/wp\/v2\/types\/product"}],"wp:featuredmedia":[{"embeddable":true,"href":"https:\/\/bbqentertainment.com\/en\/wp-json\/wp\/v2\/media\/241527"}],"wp:attachment":[{"href":"https:\/\/bbqentertainment.com\/en\/wp-json\/wp\/v2\/media?parent=241577"}],"wp:term":[{"taxonomy":"product_brand","embeddable":true,"href":"https:\/\/bbqentertainment.com\/en\/wp-json\/wp\/v2\/product_brand?post=241577"},{"taxonomy":"product_cat","embeddable":true,"href":"https:\/\/bbqentertainment.com\/en\/wp-json\/wp\/v2\/product_cat?post=241577"},{"taxonomy":"product_tag","embeddable":true,"href":"https:\/\/bbqentertainment.com\/en\/wp-json\/wp\/v2\/product_tag?post=241577"}],"curies":[{"name":"wp","href":"https:\/\/api.w.org\/{rel}","templated":true}]}}