{"id":241579,"date":"2023-05-01T23:10:21","date_gmt":"2023-05-01T20:10:21","guid":{"rendered":"https:\/\/bbqentertainment.com\/?post_type=product&#038;p=241579"},"modified":"2026-04-14T20:51:03","modified_gmt":"2026-04-14T17:51:03","slug":"pelletgrill-traeger-timberline-int-induktsioonpliidiga","status":"publish","type":"product","link":"https:\/\/bbqentertainment.com\/en\/toode\/pelletgrill-traeger-timberline-int-induktsioonpliidiga\/","title":{"rendered":"Pelletgrill TRAEGER TIMBERLINE INT induktsioonpliidiga"},"content":{"rendered":"<p><span style=\"color: #000000;\">T\u00e4nu Traegeri WiFIRE\u00ae-tehnoloogiale saate oma grilli juhtida igal pool ja igal ajal Traegeri nutirakenduse abil. Reguleerige grilltemperatuuri, kontrollige toitu, seadistage taimereid ja meeldetuletusi, sirvige \u00fcle 1600 originaalretsepti, seda k\u00f5ike oma telefoni kasutades. Grilli on v\u00f5malik juhtida isegi h\u00e4\u00e4lk\u00e4sklustega Alexa\u00ae v\u00f5i Google Home\u00ae kaudu.<\/span><\/p>\n<p><span style=\"color: #000000;\">Traegeri <em>ModiFIRE\u00ae<\/em> tarvikud v\u00f5imaldavad teil h\u00f5lpsasti lisada ja vahetada erinevaid k\u00fcpsetuspindu ning uus <em>P.A.L. Pop-And-Lock\u00ae<\/em> tarvikute s\u00fcsteem v\u00f5imaldab teil h\u00f5lpsasti konfigureerida riiuleid, hoiukaste, tarvikute konksusid ja muud vajalikku.<\/span><\/p>\n<p><span style=\"color: #000000;\">\u00dclilihsaks on muutunud ka hoolsus \u2013\u00a0 rasv ja tuhk kogunevad n\u00fc\u00fcd \u00fchte, kergesti ligip\u00e4\u00e4setavasse anumasse, mis teeb koristamise \u00e4\u00e4rmiselt lihtsaks. Viskad j\u00e4\u00e4gid \u00fchekorse fooliumanumaga lihtsalt \u00e4ra.<\/span><\/p>\n<p><span style=\"color: #000000;\">Traeger ei ole j\u00e4tnud t\u00e4helepanuta \u00fchtegi detaili, mis t\u00e4hendab, et kvaliteetsed materjalid ja asjatundlikus on n\u00e4htav igal ruutsentimeetril. Kui siia lisada \u00e4\u00e4rmiselt toekas konstruktsioon ja korralikud materjalid, siis saamegi t\u00e4na maailma parima pelletgrilli.<\/span><\/p>\n<p><span style=\"color: #000000;\"><span style=\"text-decoration: underline;\">Grilli tehnilised omadused<\/span>:<\/span><\/p>\n<ul>\n<li><span style=\"color: #000000;\">3-korrust roostevabast terasest reste<\/span><\/li>\n<li><span style=\"color: #000000;\">P.A.L. Pop-And-Lock tarvikute siin<\/span><\/li>\n<li><span style=\"color: #000000;\">SwiftStart keraamiline s\u00fc\u00fctaja<\/span><\/li>\n<li><span style=\"color: #000000;\">Traeger Downdraft Exhaust\u00ae hoiab v\u00e4rske suitsu \u00fcle toidu voolamas<\/span><\/li>\n<li><span style=\"color: #000000;\">6-\u00fches mitmek\u00fclgsus: grill, suitsutamine, k\u00fcpsetamine, r\u00f6stimine, hautamine ja BBQ<\/span><\/li>\n<li><span style=\"color: #000000;\">V\u00f5imalik integreerida pinna sisse<\/span><\/li>\n<li><span style=\"color: #000000;\">Alumine hoiukapp puidust riiulitega<\/span><\/li>\n<li><span style=\"color: #000000;\">\u00dchildub Alexa\u00ae ja Google Home\u00ae seadmetega<\/span><\/li>\n<li><span style=\"color: #000000;\">Mugav punkri t\u00fchjendamine v\u00f5imaldab teil kiiresti pelleteid vahetada<\/span><\/li>\n<li><span style=\"color: #000000;\">Korrosioonikindel viimistlus kaitseb rooste eest<\/span><\/li>\n<li><span style=\"color: #000000;\">EZ-Clean Grease+Ash Keg kogub rasva ja tuha \u00fchte mugavasse kohta<\/span><\/li>\n<li><span style=\"color: #000000;\">EvenFlow\u2122 kuumuskilp \u00fchtlaseks k\u00fcpsetamiseks grillil<\/span><\/li>\n<li><span style=\"color: #000000;\">FreeFlow\u2122 Firepot suurendab suitsu ja v\u00e4hendab tuha kogunemist<\/span><\/li>\n<li><span style=\"color: #000000;\">T\u00e4ielikult isoleeritud konstruktsioon<\/span><\/li>\n<li><span style=\"color: #000000;\">Sisaldab eriti suurt pulberv\u00e4rviga kaetud k\u00fclgriiulit ettevalmistamiseks<\/span><\/li>\n<li><span style=\"color: #000000;\">Sisemine k\u00fcpsetuspinna valgusti<\/span><\/li>\n<li><span style=\"color: #000000;\">ModiFIRE tarvikud v\u00f5imaldavad teil k\u00fcpsetuspindu hetkega vahetada<\/span><\/li>\n<li><span style=\"color: #000000;\">Magnetiga bambusest l\u00f5ikelaud<\/span><\/li>\n<li><span style=\"color: #000000;\">StayDry pelletikonteiner kaitseb pelleteid v\u00e4lism\u00f5jude eest<\/span><\/li>\n<li><span style=\"color: #000000;\">Super Smoke Mode suurendab suitsumaitset<\/span><\/li>\n<li><span style=\"color: #000000;\">Puutetundlik ekraan pakub lihtsat juhtimist<\/span><\/li>\n<li><span style=\"color: #000000;\">Traeger Induktsioonpliit k\u00fcljelaual<\/span><\/li>\n<li><span style=\"color: #000000;\">Traegeri pelletiandur: pelletid ei saa enam kunagi otsa<\/span><\/li>\n<li><span style=\"color: #000000;\">Traeger x MEATER Bluetooth-lihasondid 2tk<\/span><\/li>\n<li><span style=\"color: #000000;\">WiFIRE tehnoloogia v\u00f5imaldab teil juhtida grilli k\u00f5ikjal kus iganes olete<\/span><\/li>\n<\/ul>\n<p><span style=\"color: #000000;\">Grilli on v\u00f5imalik inegreerida aiam\u00f6\u00f6blisse.<\/span><\/p>\n<p><span style=\"color: #000000;\">Timberline INT grillil on 10 aastane garantii korpusele ja 3 aastane garantii kogu juhtimiss\u00fcsteemile ja terasrestidele.<\/span><\/p>\n","protected":false},"excerpt":{"rendered":"<h3><span style=\"color: #000000;\"><strong>Pelletgrill TRAEGER TIMBERLINE INT induktsioonpliidiga\u00a0<\/strong><\/span><\/h3>\n<ul>\n<li><strong><span style=\"color: #000000;\"><span style=\"font-size: 14.399999px;\">K\u00fcsi eripakkumist! Kirjuta enn@bbqentertainment.com v\u00f5i helista 5165581<\/span><\/span><\/strong><\/li>\n<li><span style=\"color: #000000; font-size: 14.399999px;\">T\u00f5sta toiduvalmistamine uuele tasemele uute Timberline ja Ironwood grillidega, mis on <\/span><span style=\"color: #000000; font-size: 14.399999px;\">\u00a0varustatud t\u00e4iustatud funktsioonidega ja tagavad iga kord suurep\u00e4rase tulemuse.<\/span><\/li>\n<li><span style=\"color: #000000; font-size: 14.399999px;\">Mitmek\u00fclgsed P.A.L. Pop-And-Lock\u00ae kohandamisv\u00f5imalused, mis aitavad teil luua oma toiduvalmistamisstiili jaoks t\u00e4iusliku grilli.<\/span><\/li>\n<li><span style=\"color: #000000; font-size: 14.399999px;\">Smart Combustion\u2122 p\u00f5lemise optimeerimise tehnoloogia.<\/span><\/li>\n<li><span style=\"color: #000000; font-size: 14.399999px;\">T\u00e4ielikult isoleeritud kahekordse seinaga konstruktsioon.<\/span><\/li>\n<li><span style=\"color: #000000; font-size: 14.399999px;\">Traeger Induction\u00ae induktsioonpliit.<\/span><\/li>\n<li><span style=\"color: #000000; font-size: 14.399999px;\">EZ-Clean\u2122 uus tuha- ja rasva kogumise s\u00fcsteem.<\/span><\/li>\n<li><span style=\"color: #000000; font-size: 14.399999px;\">WiFIRE\u00ae \u00fchenduvus\/rakendus, Super Smoke\u00ae abifunktsioon. V\u00e4rviline puuteekraan.<\/span><\/li>\n<li><span style=\"color: #000000; font-size: 14.399999px;\">ModiFIRE\u00ae-ga \u00fchilduvad grillrestid, -raamid, -alused. Grillimisvalgus. <\/span><\/li>\n<li><span style=\"color: #000000; font-size: 14.399999px;\">Saab integreerida m\u00f6\u00f6blile.<\/span><\/li>\n<li><span style=\"color: #000000; font-size: 14.399999px;\">10-aastane piiratud garantii.<\/span><\/li>\n<\/ul>\n","protected":false},"featured_media":241513,"template":"","meta":{"inline_featured_image":false},"product_brand":[],"product_cat":[17,476],"product_tag":[],"class_list":{"0":"post-241579","1":"product","2":"type-product","3":"status-publish","4":"has-post-thumbnail","6":"product_cat-grillid-ja-ahjud","7":"product_cat-traeger","8":"product_shipping_class-ainult-ise-jarele-tulemisega","10":"first","11":"instock","12":"taxable","13":"shipping-taxable","14":"purchasable","15":"product-type-simple"},"yoast_head":"<!-- This site is optimized with the Yoast SEO plugin v27.2 - https:\/\/yoast.com\/product\/yoast-seo-wordpress\/ -->\n<title>Pelletgrill TRAEGER TIMBERLINE INT induktsioonpliidiga - BBQ Entertainment<\/title>\n<meta name=\"robots\" content=\"index, follow, max-snippet:-1, max-image-preview:large, max-video-preview:-1\" \/>\n<link rel=\"canonical\" href=\"https:\/\/bbqentertainment.com\/toode\/pelletgrill-traeger-timberline-int-induktsioonpliidiga\/\" \/>\n<meta property=\"og:locale\" content=\"en_US\" \/>\n<meta property=\"og:type\" content=\"article\" \/>\n<meta property=\"og:title\" content=\"Pelletgrill TRAEGER TIMBERLINE INT induktsioonpliidiga - BBQ Entertainment\" \/>\n<meta property=\"og:description\" content=\"Pelletgrill TRAEGER TIMBERLINE INT induktsioonpliidiga\u00a0K\u00fcsi eripakkumist! Kirjuta enn@bbqentertainment.com v\u00f5i helista 5165581T\u00f5sta toiduvalmistamine uuele tasemele uute Timberline ja Ironwood grillidega, mis on \u00a0varustatud t\u00e4iustatud funktsioonidega ja tagavad iga kord suurep\u00e4rase tulemuse.Mitmek\u00fclgsed P.A.L. Pop-And-Lock\u00ae kohandamisv\u00f5imalused, mis aitavad teil luua oma toiduvalmistamisstiili jaoks t\u00e4iusliku grilli.Smart Combustion\u2122 p\u00f5lemise optimeerimise tehnoloogia.T\u00e4ielikult isoleeritud kahekordse seinaga konstruktsioon.Traeger Induction\u00ae induktsioonpliit.EZ-Clean\u2122 uus tuha- ja rasva kogumise s\u00fcsteem.WiFIRE\u00ae \u00fchenduvus\/rakendus, Super Smoke\u00ae abifunktsioon. V\u00e4rviline puuteekraan.ModiFIRE\u00ae-ga \u00fchilduvad grillrestid, -raamid, -alused. Grillimisvalgus. Saab integreerida m\u00f6\u00f6blile.10-aastane piiratud garantii.\" \/>\n<meta property=\"og:url\" content=\"https:\/\/bbqentertainment.com\/toode\/pelletgrill-traeger-timberline-int-induktsioonpliidiga\/\" \/>\n<meta property=\"og:site_name\" content=\"BBQ Entertainment\" \/>\n<meta property=\"article:publisher\" content=\"https:\/\/www.facebook.com\/BBQ-Entertainment-N-Catering-2437913376443540\" \/>\n<meta property=\"article:modified_time\" content=\"2026-04-14T17:51:03+00:00\" \/>\n<meta property=\"og:image\" content=\"https:\/\/bbqentertainment.com\/wp-content\/uploads\/2023\/05\/TBB86RLGI-Pelletgrill-TRAEGER-TIMBERLINE-INT1.jpg\" \/>\n\t<meta property=\"og:image:width\" content=\"1200\" \/>\n\t<meta property=\"og:image:height\" content=\"1200\" \/>\n\t<meta property=\"og:image:type\" content=\"image\/jpeg\" \/>\n<meta name=\"twitter:card\" content=\"summary_large_image\" \/>\n<meta name=\"twitter:label1\" content=\"Est. reading time\" \/>\n\t<meta name=\"twitter:data1\" content=\"2 minutes\" \/>\n<script type=\"application\/ld+json\" class=\"yoast-schema-graph\">{\"@context\":\"https:\/\/schema.org\",\"@graph\":[{\"@type\":[\"WebPage\",\"ItemPage\"],\"@id\":\"https:\/\/bbqentertainment.com\/toode\/pelletgrill-traeger-timberline-int-induktsioonpliidiga\/\",\"url\":\"https:\/\/bbqentertainment.com\/toode\/pelletgrill-traeger-timberline-int-induktsioonpliidiga\/\",\"name\":\"Pelletgrill TRAEGER TIMBERLINE INT induktsioonpliidiga - BBQ Entertainment\",\"isPartOf\":{\"@id\":\"https:\/\/bbqentertainment.com\/#website\"},\"primaryImageOfPage\":{\"@id\":\"https:\/\/bbqentertainment.com\/toode\/pelletgrill-traeger-timberline-int-induktsioonpliidiga\/#primaryimage\"},\"image\":{\"@id\":\"https:\/\/bbqentertainment.com\/toode\/pelletgrill-traeger-timberline-int-induktsioonpliidiga\/#primaryimage\"},\"thumbnailUrl\":\"https:\/\/bbqentertainment.com\/wp-content\/uploads\/2023\/05\/TBB86RLGI-Pelletgrill-TRAEGER-TIMBERLINE-INT1.jpg\",\"datePublished\":\"2023-05-01T20:10:21+00:00\",\"dateModified\":\"2026-04-14T17:51:03+00:00\",\"breadcrumb\":{\"@id\":\"https:\/\/bbqentertainment.com\/toode\/pelletgrill-traeger-timberline-int-induktsioonpliidiga\/#breadcrumb\"},\"inLanguage\":\"en-US\",\"potentialAction\":[{\"@type\":\"ReadAction\",\"target\":[\"https:\/\/bbqentertainment.com\/toode\/pelletgrill-traeger-timberline-int-induktsioonpliidiga\/\"]}]},{\"@type\":\"ImageObject\",\"inLanguage\":\"en-US\",\"@id\":\"https:\/\/bbqentertainment.com\/toode\/pelletgrill-traeger-timberline-int-induktsioonpliidiga\/#primaryimage\",\"url\":\"https:\/\/bbqentertainment.com\/wp-content\/uploads\/2023\/05\/TBB86RLGI-Pelletgrill-TRAEGER-TIMBERLINE-INT1.jpg\",\"contentUrl\":\"https:\/\/bbqentertainment.com\/wp-content\/uploads\/2023\/05\/TBB86RLGI-Pelletgrill-TRAEGER-TIMBERLINE-INT1.jpg\",\"width\":1200,\"height\":1200},{\"@type\":\"BreadcrumbList\",\"@id\":\"https:\/\/bbqentertainment.com\/toode\/pelletgrill-traeger-timberline-int-induktsioonpliidiga\/#breadcrumb\",\"itemListElement\":[{\"@type\":\"ListItem\",\"position\":1,\"name\":\"AVALEHT\",\"item\":\"https:\/\/bbqentertainment.com\/en\/\"},{\"@type\":\"ListItem\",\"position\":2,\"name\":\"Tooted\",\"item\":\"https:\/\/bbqentertainment.com\/tooted\/\"},{\"@type\":\"ListItem\",\"position\":3,\"name\":\"Grillid ja ahjud\",\"item\":\"https:\/\/bbqentertainment.com\/tootekategooria\/grillid-ja-ahjud\/\"},{\"@type\":\"ListItem\",\"position\":4,\"name\":\"TRAEGER\",\"item\":\"https:\/\/bbqentertainment.com\/tootekategooria\/grillid-ja-ahjud\/traeger\/\"},{\"@type\":\"ListItem\",\"position\":5,\"name\":\"Pelletgrill TRAEGER TIMBERLINE INT induktsioonpliidiga\"}]},{\"@type\":\"WebSite\",\"@id\":\"https:\/\/bbqentertainment.com\/#website\",\"url\":\"https:\/\/bbqentertainment.com\/\",\"name\":\"BBQ Entertainment\",\"description\":\"BBQ is a great lifestyle, not just fun!\",\"publisher\":{\"@id\":\"https:\/\/bbqentertainment.com\/#organization\"},\"potentialAction\":[{\"@type\":\"SearchAction\",\"target\":{\"@type\":\"EntryPoint\",\"urlTemplate\":\"https:\/\/bbqentertainment.com\/?s={search_term_string}\"},\"query-input\":{\"@type\":\"PropertyValueSpecification\",\"valueRequired\":true,\"valueName\":\"search_term_string\"}}],\"inLanguage\":\"en-US\"},{\"@type\":\"Organization\",\"@id\":\"https:\/\/bbqentertainment.com\/#organization\",\"name\":\"BBQ Entertainment O\u00dc\",\"url\":\"https:\/\/bbqentertainment.com\/\",\"logo\":{\"@type\":\"ImageObject\",\"inLanguage\":\"en-US\",\"@id\":\"https:\/\/bbqentertainment.com\/#\/schema\/logo\/image\/\",\"url\":\"https:\/\/bbqentertainment.com\/wp-content\/uploads\/2020\/04\/BBQ-Entertainment-N-Catering-Enn-Tobreluts-Logo.png\",\"contentUrl\":\"https:\/\/bbqentertainment.com\/wp-content\/uploads\/2020\/04\/BBQ-Entertainment-N-Catering-Enn-Tobreluts-Logo.png\",\"width\":628,\"height\":266,\"caption\":\"BBQ Entertainment O\u00dc\"},\"image\":{\"@id\":\"https:\/\/bbqentertainment.com\/#\/schema\/logo\/image\/\"},\"sameAs\":[\"https:\/\/www.facebook.com\/BBQ-Entertainment-N-Catering-2437913376443540\",\"https:\/\/www.instagram.com\/bbqentertainmentncatering\/\",\"https:\/\/www.youtube.com\/channel\/UCmpuANQVhLy2Md8nrenp2jA\"]}]}<\/script>\n<!-- \/ Yoast SEO plugin. -->","yoast_head_json":{"title":"Pelletgrill TRAEGER TIMBERLINE INT induktsioonpliidiga - BBQ Entertainment","robots":{"index":"index","follow":"follow","max-snippet":"max-snippet:-1","max-image-preview":"max-image-preview:large","max-video-preview":"max-video-preview:-1"},"canonical":"https:\/\/bbqentertainment.com\/toode\/pelletgrill-traeger-timberline-int-induktsioonpliidiga\/","og_locale":"en_US","og_type":"article","og_title":"Pelletgrill TRAEGER TIMBERLINE INT induktsioonpliidiga - BBQ Entertainment","og_description":"Pelletgrill TRAEGER TIMBERLINE INT induktsioonpliidiga\u00a0K\u00fcsi eripakkumist! Kirjuta enn@bbqentertainment.com v\u00f5i helista 5165581T\u00f5sta toiduvalmistamine uuele tasemele uute Timberline ja Ironwood grillidega, mis on \u00a0varustatud t\u00e4iustatud funktsioonidega ja tagavad iga kord suurep\u00e4rase tulemuse.Mitmek\u00fclgsed P.A.L. Pop-And-Lock\u00ae kohandamisv\u00f5imalused, mis aitavad teil luua oma toiduvalmistamisstiili jaoks t\u00e4iusliku grilli.Smart Combustion\u2122 p\u00f5lemise optimeerimise tehnoloogia.T\u00e4ielikult isoleeritud kahekordse seinaga konstruktsioon.Traeger Induction\u00ae induktsioonpliit.EZ-Clean\u2122 uus tuha- ja rasva kogumise s\u00fcsteem.WiFIRE\u00ae \u00fchenduvus\/rakendus, Super Smoke\u00ae abifunktsioon. V\u00e4rviline puuteekraan.ModiFIRE\u00ae-ga \u00fchilduvad grillrestid, -raamid, -alused. Grillimisvalgus. Saab integreerida m\u00f6\u00f6blile.10-aastane piiratud garantii.","og_url":"https:\/\/bbqentertainment.com\/toode\/pelletgrill-traeger-timberline-int-induktsioonpliidiga\/","og_site_name":"BBQ Entertainment","article_publisher":"https:\/\/www.facebook.com\/BBQ-Entertainment-N-Catering-2437913376443540","article_modified_time":"2026-04-14T17:51:03+00:00","og_image":[{"width":1200,"height":1200,"url":"https:\/\/bbqentertainment.com\/wp-content\/uploads\/2023\/05\/TBB86RLGI-Pelletgrill-TRAEGER-TIMBERLINE-INT1.jpg","type":"image\/jpeg"}],"twitter_card":"summary_large_image","twitter_misc":{"Est. reading time":"2 minutes"},"schema":{"@context":"https:\/\/schema.org","@graph":[{"@type":["WebPage","ItemPage"],"@id":"https:\/\/bbqentertainment.com\/toode\/pelletgrill-traeger-timberline-int-induktsioonpliidiga\/","url":"https:\/\/bbqentertainment.com\/toode\/pelletgrill-traeger-timberline-int-induktsioonpliidiga\/","name":"Pelletgrill TRAEGER TIMBERLINE INT induktsioonpliidiga - BBQ Entertainment","isPartOf":{"@id":"https:\/\/bbqentertainment.com\/#website"},"primaryImageOfPage":{"@id":"https:\/\/bbqentertainment.com\/toode\/pelletgrill-traeger-timberline-int-induktsioonpliidiga\/#primaryimage"},"image":{"@id":"https:\/\/bbqentertainment.com\/toode\/pelletgrill-traeger-timberline-int-induktsioonpliidiga\/#primaryimage"},"thumbnailUrl":"https:\/\/bbqentertainment.com\/wp-content\/uploads\/2023\/05\/TBB86RLGI-Pelletgrill-TRAEGER-TIMBERLINE-INT1.jpg","datePublished":"2023-05-01T20:10:21+00:00","dateModified":"2026-04-14T17:51:03+00:00","breadcrumb":{"@id":"https:\/\/bbqentertainment.com\/toode\/pelletgrill-traeger-timberline-int-induktsioonpliidiga\/#breadcrumb"},"inLanguage":"en-US","potentialAction":[{"@type":"ReadAction","target":["https:\/\/bbqentertainment.com\/toode\/pelletgrill-traeger-timberline-int-induktsioonpliidiga\/"]}]},{"@type":"ImageObject","inLanguage":"en-US","@id":"https:\/\/bbqentertainment.com\/toode\/pelletgrill-traeger-timberline-int-induktsioonpliidiga\/#primaryimage","url":"https:\/\/bbqentertainment.com\/wp-content\/uploads\/2023\/05\/TBB86RLGI-Pelletgrill-TRAEGER-TIMBERLINE-INT1.jpg","contentUrl":"https:\/\/bbqentertainment.com\/wp-content\/uploads\/2023\/05\/TBB86RLGI-Pelletgrill-TRAEGER-TIMBERLINE-INT1.jpg","width":1200,"height":1200},{"@type":"BreadcrumbList","@id":"https:\/\/bbqentertainment.com\/toode\/pelletgrill-traeger-timberline-int-induktsioonpliidiga\/#breadcrumb","itemListElement":[{"@type":"ListItem","position":1,"name":"AVALEHT","item":"https:\/\/bbqentertainment.com\/en\/"},{"@type":"ListItem","position":2,"name":"Tooted","item":"https:\/\/bbqentertainment.com\/tooted\/"},{"@type":"ListItem","position":3,"name":"Grillid ja ahjud","item":"https:\/\/bbqentertainment.com\/tootekategooria\/grillid-ja-ahjud\/"},{"@type":"ListItem","position":4,"name":"TRAEGER","item":"https:\/\/bbqentertainment.com\/tootekategooria\/grillid-ja-ahjud\/traeger\/"},{"@type":"ListItem","position":5,"name":"Pelletgrill TRAEGER TIMBERLINE INT induktsioonpliidiga"}]},{"@type":"WebSite","@id":"https:\/\/bbqentertainment.com\/#website","url":"https:\/\/bbqentertainment.com\/","name":"BBQ Entertainment","description":"BBQ is a great lifestyle, not just fun!","publisher":{"@id":"https:\/\/bbqentertainment.com\/#organization"},"potentialAction":[{"@type":"SearchAction","target":{"@type":"EntryPoint","urlTemplate":"https:\/\/bbqentertainment.com\/?s={search_term_string}"},"query-input":{"@type":"PropertyValueSpecification","valueRequired":true,"valueName":"search_term_string"}}],"inLanguage":"en-US"},{"@type":"Organization","@id":"https:\/\/bbqentertainment.com\/#organization","name":"BBQ Entertainment O\u00dc","url":"https:\/\/bbqentertainment.com\/","logo":{"@type":"ImageObject","inLanguage":"en-US","@id":"https:\/\/bbqentertainment.com\/#\/schema\/logo\/image\/","url":"https:\/\/bbqentertainment.com\/wp-content\/uploads\/2020\/04\/BBQ-Entertainment-N-Catering-Enn-Tobreluts-Logo.png","contentUrl":"https:\/\/bbqentertainment.com\/wp-content\/uploads\/2020\/04\/BBQ-Entertainment-N-Catering-Enn-Tobreluts-Logo.png","width":628,"height":266,"caption":"BBQ Entertainment O\u00dc"},"image":{"@id":"https:\/\/bbqentertainment.com\/#\/schema\/logo\/image\/"},"sameAs":["https:\/\/www.facebook.com\/BBQ-Entertainment-N-Catering-2437913376443540","https:\/\/www.instagram.com\/bbqentertainmentncatering\/","https:\/\/www.youtube.com\/channel\/UCmpuANQVhLy2Md8nrenp2jA"]}]}},"_links":{"self":[{"href":"https:\/\/bbqentertainment.com\/en\/wp-json\/wp\/v2\/product\/241579","targetHints":{"allow":["GET"]}}],"collection":[{"href":"https:\/\/bbqentertainment.com\/en\/wp-json\/wp\/v2\/product"}],"about":[{"href":"https:\/\/bbqentertainment.com\/en\/wp-json\/wp\/v2\/types\/product"}],"wp:featuredmedia":[{"embeddable":true,"href":"https:\/\/bbqentertainment.com\/en\/wp-json\/wp\/v2\/media\/241513"}],"wp:attachment":[{"href":"https:\/\/bbqentertainment.com\/en\/wp-json\/wp\/v2\/media?parent=241579"}],"wp:term":[{"taxonomy":"product_brand","embeddable":true,"href":"https:\/\/bbqentertainment.com\/en\/wp-json\/wp\/v2\/product_brand?post=241579"},{"taxonomy":"product_cat","embeddable":true,"href":"https:\/\/bbqentertainment.com\/en\/wp-json\/wp\/v2\/product_cat?post=241579"},{"taxonomy":"product_tag","embeddable":true,"href":"https:\/\/bbqentertainment.com\/en\/wp-json\/wp\/v2\/product_tag?post=241579"}],"curies":[{"name":"wp","href":"https:\/\/api.w.org\/{rel}","templated":true}]}}