{"id":241581,"date":"2023-05-01T23:26:41","date_gmt":"2023-05-01T20:26:41","guid":{"rendered":"https:\/\/bbqentertainment.com\/?post_type=product&#038;p=241581"},"modified":"2026-04-14T20:51:03","modified_gmt":"2026-04-14T17:51:03","slug":"pelletgrill-traeger-ironwood-int","status":"publish","type":"product","link":"https:\/\/bbqentertainment.com\/en\/toode\/pelletgrill-traeger-ironwood-int\/","title":{"rendered":"Pelletgrill TRAEGER IRONWOOD INT"},"content":{"rendered":"","protected":false},"excerpt":{"rendered":"<h3><span style=\"color: #000000;\"><strong>Pelletgrill TRAEGER IRONWOOD INT<\/strong><\/span><\/h3>\n<ul>\n<li><strong><span style=\"color: #000000;\"><span style=\"font-size: 14.399999px;\">K\u00fcsi eripakkumist! Kirjuta enn@bbqentertainment.com v\u00f5i helista 5165581<\/span><\/span><\/strong><\/li>\n<li><span style=\"color: #000000;\"><span style=\"font-size: 14.399999px;\">T\u00f5sta toiduvalmistamine uuele tasemele uute Timberline ja Ironwood grillidega, mis on <\/span><span style=\"font-size: 14.399999px;\">\u00a0varustatud t\u00e4iustatud funktsioonidega ja tagavad iga kord suurep\u00e4rase tulemuse.<\/span><\/span><\/li>\n<li><span style=\"color: #000000; font-size: 14.399999px;\">Mitmek\u00fclgsed P.A.L. Pop-And-Lock\u00ae kohandamisv\u00f5imalused, mis aitavad teil luua oma toiduvalmistamisstiili jaoks t\u00e4iusliku grilli.<\/span><\/li>\n<li><span style=\"color: #000000; font-size: 14.399999px;\">Smart Combustion\u2122 p\u00f5lemise optimeerimise tehnoloogia.<\/span><\/li>\n<li><span style=\"color: #000000; font-size: 14.399999px;\">T\u00e4ielikult isoleeritud kahekordse seinaga konstruktsioon.<\/span><\/li>\n<li><span style=\"color: #000000; font-size: 14.399999px;\">EZ-Clean\u2122 uus tuha- ja rasva kogumise s\u00fcsteem.<\/span><\/li>\n<li><span style=\"color: #000000; font-size: 14.399999px;\">WiFIRE\u00ae \u00fchenduvus\/rakendus, Super Smoke\u00ae abifunktsioon. V\u00e4rviline puuteekraan.<\/span><\/li>\n<li><span style=\"color: #000000; font-size: 14.399999px;\">ModiFIRE\u00ae-ga \u00fchilduvad grillrestid, -raamid, -alused. Grillimisvalgus. <\/span><\/li>\n<li><span style=\"color: #000000; font-size: 14.399999px;\">Saab integreerida m\u00f6\u00f6blile.<\/span><\/li>\n<li><span style=\"color: #000000; font-size: 14.399999px;\">10-aastane piiratud garantii. <\/span><\/li>\n<\/ul>\n<p><span style=\"color: #000000;\"><span style=\"text-decoration: underline;\">Tehnilised andmed<\/span>:<\/span><\/p>\n<ul>\n<li><span style=\"color: #000000;\">K\u00fcpsetuspind: 3900 cm\u00b2<\/span><\/li>\n<li><span style=\"color: #000000;\">Grilli m\u00f5\u00f5dud: 150 x 120 x 100 cm<\/span><\/li>\n<li><span style=\"font-size: 14.399999px; color: #000000;\">Kaal 90 kg<\/span><\/li>\n<\/ul>\n","protected":false},"featured_media":241499,"template":"","meta":{"inline_featured_image":false},"product_brand":[],"product_cat":[17,476],"product_tag":[],"class_list":{"0":"post-241581","1":"product","2":"type-product","3":"status-publish","4":"has-post-thumbnail","6":"product_cat-grillid-ja-ahjud","7":"product_cat-traeger","8":"product_shipping_class-ainult-ise-jarele-tulemisega","10":"first","11":"instock","12":"sale","13":"taxable","14":"shipping-taxable","15":"purchasable","16":"product-type-simple"},"yoast_head":"<!-- This site is optimized with the Yoast SEO plugin v27.2 - https:\/\/yoast.com\/product\/yoast-seo-wordpress\/ -->\n<title>Pelletgrill TRAEGER IRONWOOD INT - BBQ Entertainment<\/title>\n<meta name=\"robots\" content=\"index, follow, max-snippet:-1, max-image-preview:large, max-video-preview:-1\" \/>\n<link rel=\"canonical\" href=\"https:\/\/bbqentertainment.com\/toode\/pelletgrill-traeger-ironwood-int\/\" \/>\n<meta property=\"og:locale\" content=\"en_US\" \/>\n<meta property=\"og:type\" content=\"article\" \/>\n<meta property=\"og:title\" content=\"Pelletgrill TRAEGER IRONWOOD INT - BBQ Entertainment\" \/>\n<meta property=\"og:description\" content=\"Pelletgrill TRAEGER IRONWOOD INTK\u00fcsi eripakkumist! Kirjuta enn@bbqentertainment.com v\u00f5i helista 5165581T\u00f5sta toiduvalmistamine uuele tasemele uute Timberline ja Ironwood grillidega, mis on \u00a0varustatud t\u00e4iustatud funktsioonidega ja tagavad iga kord suurep\u00e4rase tulemuse.Mitmek\u00fclgsed P.A.L. Pop-And-Lock\u00ae kohandamisv\u00f5imalused, mis aitavad teil luua oma toiduvalmistamisstiili jaoks t\u00e4iusliku grilli.Smart Combustion\u2122 p\u00f5lemise optimeerimise tehnoloogia.T\u00e4ielikult isoleeritud kahekordse seinaga konstruktsioon.EZ-Clean\u2122 uus tuha- ja rasva kogumise s\u00fcsteem.WiFIRE\u00ae \u00fchenduvus\/rakendus, Super Smoke\u00ae abifunktsioon. V\u00e4rviline puuteekraan.ModiFIRE\u00ae-ga \u00fchilduvad grillrestid, -raamid, -alused. Grillimisvalgus. Saab integreerida m\u00f6\u00f6blile.10-aastane piiratud garantii. Tehnilised andmed:K\u00fcpsetuspind: 3900 cm\u00b2Grilli m\u00f5\u00f5dud: 150 x 120 x 100 cmKaal 90 kg\" \/>\n<meta property=\"og:url\" content=\"https:\/\/bbqentertainment.com\/toode\/pelletgrill-traeger-ironwood-int\/\" \/>\n<meta property=\"og:site_name\" content=\"BBQ Entertainment\" \/>\n<meta property=\"article:publisher\" content=\"https:\/\/www.facebook.com\/BBQ-Entertainment-N-Catering-2437913376443540\" \/>\n<meta property=\"article:modified_time\" content=\"2026-04-14T17:51:03+00:00\" \/>\n<meta property=\"og:image\" content=\"https:\/\/bbqentertainment.com\/wp-content\/uploads\/2023\/05\/TFB61RLGI-Pelletgrill-TRAEGER-IRONWOOD-INT1.jpg\" \/>\n\t<meta property=\"og:image:width\" content=\"1200\" \/>\n\t<meta property=\"og:image:height\" content=\"1200\" \/>\n\t<meta property=\"og:image:type\" content=\"image\/jpeg\" \/>\n<meta name=\"twitter:card\" content=\"summary_large_image\" \/>\n<script type=\"application\/ld+json\" class=\"yoast-schema-graph\">{\"@context\":\"https:\/\/schema.org\",\"@graph\":[{\"@type\":[\"WebPage\",\"ItemPage\"],\"@id\":\"https:\/\/bbqentertainment.com\/toode\/pelletgrill-traeger-ironwood-int\/\",\"url\":\"https:\/\/bbqentertainment.com\/toode\/pelletgrill-traeger-ironwood-int\/\",\"name\":\"Pelletgrill TRAEGER IRONWOOD INT - BBQ Entertainment\",\"isPartOf\":{\"@id\":\"https:\/\/bbqentertainment.com\/#website\"},\"primaryImageOfPage\":{\"@id\":\"https:\/\/bbqentertainment.com\/toode\/pelletgrill-traeger-ironwood-int\/#primaryimage\"},\"image\":{\"@id\":\"https:\/\/bbqentertainment.com\/toode\/pelletgrill-traeger-ironwood-int\/#primaryimage\"},\"thumbnailUrl\":\"https:\/\/bbqentertainment.com\/wp-content\/uploads\/2023\/05\/TFB61RLGI-Pelletgrill-TRAEGER-IRONWOOD-INT1.jpg\",\"datePublished\":\"2023-05-01T20:26:41+00:00\",\"dateModified\":\"2026-04-14T17:51:03+00:00\",\"breadcrumb\":{\"@id\":\"https:\/\/bbqentertainment.com\/toode\/pelletgrill-traeger-ironwood-int\/#breadcrumb\"},\"inLanguage\":\"en-US\",\"potentialAction\":[{\"@type\":\"ReadAction\",\"target\":[\"https:\/\/bbqentertainment.com\/toode\/pelletgrill-traeger-ironwood-int\/\"]}]},{\"@type\":\"ImageObject\",\"inLanguage\":\"en-US\",\"@id\":\"https:\/\/bbqentertainment.com\/toode\/pelletgrill-traeger-ironwood-int\/#primaryimage\",\"url\":\"https:\/\/bbqentertainment.com\/wp-content\/uploads\/2023\/05\/TFB61RLGI-Pelletgrill-TRAEGER-IRONWOOD-INT1.jpg\",\"contentUrl\":\"https:\/\/bbqentertainment.com\/wp-content\/uploads\/2023\/05\/TFB61RLGI-Pelletgrill-TRAEGER-IRONWOOD-INT1.jpg\",\"width\":1200,\"height\":1200},{\"@type\":\"BreadcrumbList\",\"@id\":\"https:\/\/bbqentertainment.com\/toode\/pelletgrill-traeger-ironwood-int\/#breadcrumb\",\"itemListElement\":[{\"@type\":\"ListItem\",\"position\":1,\"name\":\"AVALEHT\",\"item\":\"https:\/\/bbqentertainment.com\/en\/\"},{\"@type\":\"ListItem\",\"position\":2,\"name\":\"Tooted\",\"item\":\"https:\/\/bbqentertainment.com\/tooted\/\"},{\"@type\":\"ListItem\",\"position\":3,\"name\":\"Grillid ja ahjud\",\"item\":\"https:\/\/bbqentertainment.com\/tootekategooria\/grillid-ja-ahjud\/\"},{\"@type\":\"ListItem\",\"position\":4,\"name\":\"TRAEGER\",\"item\":\"https:\/\/bbqentertainment.com\/tootekategooria\/grillid-ja-ahjud\/traeger\/\"},{\"@type\":\"ListItem\",\"position\":5,\"name\":\"Pelletgrill TRAEGER IRONWOOD INT\"}]},{\"@type\":\"WebSite\",\"@id\":\"https:\/\/bbqentertainment.com\/#website\",\"url\":\"https:\/\/bbqentertainment.com\/\",\"name\":\"BBQ Entertainment\",\"description\":\"BBQ is a great lifestyle, not just fun!\",\"publisher\":{\"@id\":\"https:\/\/bbqentertainment.com\/#organization\"},\"potentialAction\":[{\"@type\":\"SearchAction\",\"target\":{\"@type\":\"EntryPoint\",\"urlTemplate\":\"https:\/\/bbqentertainment.com\/?s={search_term_string}\"},\"query-input\":{\"@type\":\"PropertyValueSpecification\",\"valueRequired\":true,\"valueName\":\"search_term_string\"}}],\"inLanguage\":\"en-US\"},{\"@type\":\"Organization\",\"@id\":\"https:\/\/bbqentertainment.com\/#organization\",\"name\":\"BBQ Entertainment O\u00dc\",\"url\":\"https:\/\/bbqentertainment.com\/\",\"logo\":{\"@type\":\"ImageObject\",\"inLanguage\":\"en-US\",\"@id\":\"https:\/\/bbqentertainment.com\/#\/schema\/logo\/image\/\",\"url\":\"https:\/\/bbqentertainment.com\/wp-content\/uploads\/2020\/04\/BBQ-Entertainment-N-Catering-Enn-Tobreluts-Logo.png\",\"contentUrl\":\"https:\/\/bbqentertainment.com\/wp-content\/uploads\/2020\/04\/BBQ-Entertainment-N-Catering-Enn-Tobreluts-Logo.png\",\"width\":628,\"height\":266,\"caption\":\"BBQ Entertainment O\u00dc\"},\"image\":{\"@id\":\"https:\/\/bbqentertainment.com\/#\/schema\/logo\/image\/\"},\"sameAs\":[\"https:\/\/www.facebook.com\/BBQ-Entertainment-N-Catering-2437913376443540\",\"https:\/\/www.instagram.com\/bbqentertainmentncatering\/\",\"https:\/\/www.youtube.com\/channel\/UCmpuANQVhLy2Md8nrenp2jA\"]}]}<\/script>\n<!-- \/ Yoast SEO plugin. -->","yoast_head_json":{"title":"Pelletgrill TRAEGER IRONWOOD INT - BBQ Entertainment","robots":{"index":"index","follow":"follow","max-snippet":"max-snippet:-1","max-image-preview":"max-image-preview:large","max-video-preview":"max-video-preview:-1"},"canonical":"https:\/\/bbqentertainment.com\/toode\/pelletgrill-traeger-ironwood-int\/","og_locale":"en_US","og_type":"article","og_title":"Pelletgrill TRAEGER IRONWOOD INT - BBQ Entertainment","og_description":"Pelletgrill TRAEGER IRONWOOD INTK\u00fcsi eripakkumist! Kirjuta enn@bbqentertainment.com v\u00f5i helista 5165581T\u00f5sta toiduvalmistamine uuele tasemele uute Timberline ja Ironwood grillidega, mis on \u00a0varustatud t\u00e4iustatud funktsioonidega ja tagavad iga kord suurep\u00e4rase tulemuse.Mitmek\u00fclgsed P.A.L. Pop-And-Lock\u00ae kohandamisv\u00f5imalused, mis aitavad teil luua oma toiduvalmistamisstiili jaoks t\u00e4iusliku grilli.Smart Combustion\u2122 p\u00f5lemise optimeerimise tehnoloogia.T\u00e4ielikult isoleeritud kahekordse seinaga konstruktsioon.EZ-Clean\u2122 uus tuha- ja rasva kogumise s\u00fcsteem.WiFIRE\u00ae \u00fchenduvus\/rakendus, Super Smoke\u00ae abifunktsioon. V\u00e4rviline puuteekraan.ModiFIRE\u00ae-ga \u00fchilduvad grillrestid, -raamid, -alused. Grillimisvalgus. Saab integreerida m\u00f6\u00f6blile.10-aastane piiratud garantii. Tehnilised andmed:K\u00fcpsetuspind: 3900 cm\u00b2Grilli m\u00f5\u00f5dud: 150 x 120 x 100 cmKaal 90 kg","og_url":"https:\/\/bbqentertainment.com\/toode\/pelletgrill-traeger-ironwood-int\/","og_site_name":"BBQ Entertainment","article_publisher":"https:\/\/www.facebook.com\/BBQ-Entertainment-N-Catering-2437913376443540","article_modified_time":"2026-04-14T17:51:03+00:00","og_image":[{"width":1200,"height":1200,"url":"https:\/\/bbqentertainment.com\/wp-content\/uploads\/2023\/05\/TFB61RLGI-Pelletgrill-TRAEGER-IRONWOOD-INT1.jpg","type":"image\/jpeg"}],"twitter_card":"summary_large_image","schema":{"@context":"https:\/\/schema.org","@graph":[{"@type":["WebPage","ItemPage"],"@id":"https:\/\/bbqentertainment.com\/toode\/pelletgrill-traeger-ironwood-int\/","url":"https:\/\/bbqentertainment.com\/toode\/pelletgrill-traeger-ironwood-int\/","name":"Pelletgrill TRAEGER IRONWOOD INT - BBQ Entertainment","isPartOf":{"@id":"https:\/\/bbqentertainment.com\/#website"},"primaryImageOfPage":{"@id":"https:\/\/bbqentertainment.com\/toode\/pelletgrill-traeger-ironwood-int\/#primaryimage"},"image":{"@id":"https:\/\/bbqentertainment.com\/toode\/pelletgrill-traeger-ironwood-int\/#primaryimage"},"thumbnailUrl":"https:\/\/bbqentertainment.com\/wp-content\/uploads\/2023\/05\/TFB61RLGI-Pelletgrill-TRAEGER-IRONWOOD-INT1.jpg","datePublished":"2023-05-01T20:26:41+00:00","dateModified":"2026-04-14T17:51:03+00:00","breadcrumb":{"@id":"https:\/\/bbqentertainment.com\/toode\/pelletgrill-traeger-ironwood-int\/#breadcrumb"},"inLanguage":"en-US","potentialAction":[{"@type":"ReadAction","target":["https:\/\/bbqentertainment.com\/toode\/pelletgrill-traeger-ironwood-int\/"]}]},{"@type":"ImageObject","inLanguage":"en-US","@id":"https:\/\/bbqentertainment.com\/toode\/pelletgrill-traeger-ironwood-int\/#primaryimage","url":"https:\/\/bbqentertainment.com\/wp-content\/uploads\/2023\/05\/TFB61RLGI-Pelletgrill-TRAEGER-IRONWOOD-INT1.jpg","contentUrl":"https:\/\/bbqentertainment.com\/wp-content\/uploads\/2023\/05\/TFB61RLGI-Pelletgrill-TRAEGER-IRONWOOD-INT1.jpg","width":1200,"height":1200},{"@type":"BreadcrumbList","@id":"https:\/\/bbqentertainment.com\/toode\/pelletgrill-traeger-ironwood-int\/#breadcrumb","itemListElement":[{"@type":"ListItem","position":1,"name":"AVALEHT","item":"https:\/\/bbqentertainment.com\/en\/"},{"@type":"ListItem","position":2,"name":"Tooted","item":"https:\/\/bbqentertainment.com\/tooted\/"},{"@type":"ListItem","position":3,"name":"Grillid ja ahjud","item":"https:\/\/bbqentertainment.com\/tootekategooria\/grillid-ja-ahjud\/"},{"@type":"ListItem","position":4,"name":"TRAEGER","item":"https:\/\/bbqentertainment.com\/tootekategooria\/grillid-ja-ahjud\/traeger\/"},{"@type":"ListItem","position":5,"name":"Pelletgrill TRAEGER IRONWOOD INT"}]},{"@type":"WebSite","@id":"https:\/\/bbqentertainment.com\/#website","url":"https:\/\/bbqentertainment.com\/","name":"BBQ Entertainment","description":"BBQ is a great lifestyle, not just fun!","publisher":{"@id":"https:\/\/bbqentertainment.com\/#organization"},"potentialAction":[{"@type":"SearchAction","target":{"@type":"EntryPoint","urlTemplate":"https:\/\/bbqentertainment.com\/?s={search_term_string}"},"query-input":{"@type":"PropertyValueSpecification","valueRequired":true,"valueName":"search_term_string"}}],"inLanguage":"en-US"},{"@type":"Organization","@id":"https:\/\/bbqentertainment.com\/#organization","name":"BBQ Entertainment O\u00dc","url":"https:\/\/bbqentertainment.com\/","logo":{"@type":"ImageObject","inLanguage":"en-US","@id":"https:\/\/bbqentertainment.com\/#\/schema\/logo\/image\/","url":"https:\/\/bbqentertainment.com\/wp-content\/uploads\/2020\/04\/BBQ-Entertainment-N-Catering-Enn-Tobreluts-Logo.png","contentUrl":"https:\/\/bbqentertainment.com\/wp-content\/uploads\/2020\/04\/BBQ-Entertainment-N-Catering-Enn-Tobreluts-Logo.png","width":628,"height":266,"caption":"BBQ Entertainment O\u00dc"},"image":{"@id":"https:\/\/bbqentertainment.com\/#\/schema\/logo\/image\/"},"sameAs":["https:\/\/www.facebook.com\/BBQ-Entertainment-N-Catering-2437913376443540","https:\/\/www.instagram.com\/bbqentertainmentncatering\/","https:\/\/www.youtube.com\/channel\/UCmpuANQVhLy2Md8nrenp2jA"]}]}},"_links":{"self":[{"href":"https:\/\/bbqentertainment.com\/en\/wp-json\/wp\/v2\/product\/241581","targetHints":{"allow":["GET"]}}],"collection":[{"href":"https:\/\/bbqentertainment.com\/en\/wp-json\/wp\/v2\/product"}],"about":[{"href":"https:\/\/bbqentertainment.com\/en\/wp-json\/wp\/v2\/types\/product"}],"wp:featuredmedia":[{"embeddable":true,"href":"https:\/\/bbqentertainment.com\/en\/wp-json\/wp\/v2\/media\/241499"}],"wp:attachment":[{"href":"https:\/\/bbqentertainment.com\/en\/wp-json\/wp\/v2\/media?parent=241581"}],"wp:term":[{"taxonomy":"product_brand","embeddable":true,"href":"https:\/\/bbqentertainment.com\/en\/wp-json\/wp\/v2\/product_brand?post=241581"},{"taxonomy":"product_cat","embeddable":true,"href":"https:\/\/bbqentertainment.com\/en\/wp-json\/wp\/v2\/product_cat?post=241581"},{"taxonomy":"product_tag","embeddable":true,"href":"https:\/\/bbqentertainment.com\/en\/wp-json\/wp\/v2\/product_tag?post=241581"}],"curies":[{"name":"wp","href":"https:\/\/api.w.org\/{rel}","templated":true}]}}