{"id":241582,"date":"2023-05-01T23:34:53","date_gmt":"2023-05-01T20:34:53","guid":{"rendered":"https:\/\/bbqentertainment.com\/?post_type=product&#038;p=241582"},"modified":"2026-02-25T13:30:51","modified_gmt":"2026-02-25T11:30:51","slug":"pelletgrill-traeger-timberline-d2-1300-eol","status":"publish","type":"product","link":"https:\/\/bbqentertainment.com\/en\/toode\/pelletgrill-traeger-timberline-d2-1300-eol\/","title":{"rendered":"Pelletgrill TRAEGER TIMBERLINE D2 1300 EOL"},"content":{"rendered":"<p><span style=\"color: #000000;\">Traeger Timberline 1300 pelletgrill on Tregeri uusim, \u00e4piga juhitav mudel. N\u00fc\u00fcdsest v\u00f5id grillida nii manuaalselt, kui ka tugitoolist! D2 WiFi kontrolleri ja vastavat \u00e4ppi kasutades saab juhtida suitsu hulka, soojust, seadet sisse ja v\u00e4lja l\u00fclitada, seadistada grillimise aega jpms. Temperatuuri saab valida 70\u00b0C kuni 260\u00b0C (reguleerimise samm 5\u00b0C). Grill on varustatud kolmekordse roostevabast terasest restis\u00fcsteemiga, mis suurendab oluliselt grillitavate toodete hulka. Grilli, suitsuta, k\u00fcpseta, hauta, r\u00f6sti v\u00f5i valmista klassikalist barbequed ja k\u00f5ike seda naturaalsest puidust graanulitega. Vali sobiv pellet (saadaval kuus erinevat puitu), vala punker t\u00e4is ja vali \u00e4pi retseptidest meeldivaim retsept. Prepareeri grillitav toode vastavalt juhisele ja vajuta lingile \u201cCOOK NEW \u201d ja \u00fclej\u00e4\u00e4nu tehakse sinu eest. Umbes nelja minutiga on pelletid t\u00f6\u00f6valmis ja toidutegemine v\u00f5ib alata. Spiraalajamiga l\u00fckatakse pelleteid tulekambrisse ja s\u00fc\u00fcdatakse automaatselt. Spetsiaalne ventilaator hoiab pelletid h\u00f5\u00f5gvel nagu miniatuurses sepikojas. Grilli kumer kere tagab t\u00e4iusliku temperatuuri- ja suitsujaotuse kogu grillimispinna ulatuses. Tilkuv rasv ja muud grillimisj\u00e4\u00e4tmed juhitakse \u00e4ravoolukanalisse ja sealt grilli alaosas olevasse spetsiaalsesse rasvasahtlisse. Laisematele soovitame katta grillimisresti alune pind fooliumiga, nii saate grilli pea-aegu hooldusvabaks.<\/span><\/p>\n<p><span style=\"color: #000000;\">Grilli sisetemperatuuri kontrollimiseks on grill varustatud spetsiaalse automaats\u00fcsteemiga, mis kontrollib temperatuuri 50 korda minutis.<\/span><br \/>\n<span style=\"color: #000000;\">Toidu sisetemperatuuri saab omakorda kontrollida vastupidavate temperatuuri sondiga.<\/span><\/p>\n<p><strong><span style=\"color: #000000;\">SUUREP\u00c4RANE SOOJUSJAOTUS<\/span><\/strong><\/p>\n<p><span style=\"color: #000000;\">K\u00fcttekolle on kaetud spetsiaalse plaadiga, mis jaotab soojuse kogu grilli ulatuses \u00fchtlaselt laiali. \u00dcmar vorm aitab soojusel ja suitsul levida k\u00f5ikjale. Uudsena on grilli kaaneosa topeltseintega, mis v\u00e4hendab energiakulu ja on suureks eeliseks talvisel grillimisel.<\/span><\/p>\n<p><strong><span style=\"color: #000000;\">AUTOMAATNE PELLETIPUNKER<\/span><\/strong><\/p>\n<p><span style=\"color: #000000;\">Laadige punker \u00e4\u00e4reni pelleteid t\u00e4is ja punkri p\u00f5hjas olev spiraalajam hoolitseb selle eest, et valitud temperatuurile vastav kogus j\u00f5uaks p\u00f5lemiskambrisse. Pelletpunker mahutab 10,98kg pelletit.<\/span><\/p>\n<p><strong><span style=\"color: #000000;\">AUTOMAATS\u00dc\u00dcDE<\/span><\/strong><\/p>\n<p><span style=\"color: #000000;\">Spetsiaalne s\u00fc\u00fctaja s\u00fc\u00fctab p\u00f5lemiskambris pelletid. Joo s\u00fc\u00fctamise asemel parem \u00fcks k\u00fclm \u00f5lu, grill teeb igava s\u00fc\u00fcteprotsessi samal ajal ise \u00e4ra.<\/span><\/p>\n<p><strong><span style=\"color: #000000;\">ENERGIA<\/span><\/strong><\/p>\n<p><span style=\"color: #000000;\">\u00dchenda grill vooluv\u00f5rguga. Voolu on tarvis juhtimisploki ja k\u00fcttekolde ventilaatori t\u00f6\u00f6ks. Uudne TRU Comvection System tagab \u00fchtlase soojuse ja suitsu jaotuse kogu grilli ulatuses.<\/span><br \/>\n<span style=\"color: #000000;\">Voolutarve: 300 vatti esimese nelja minuti jooksul ja ainult 50 vatti \u00fclej\u00e4\u00e4nud kokkamisel.<\/span><\/p>\n<p><span style=\"color: #000000;\"><strong>AUTOMAATNE<\/strong> <strong>SEISKAMINE<\/strong><\/span><\/p>\n<p><span style=\"color: #000000;\">Grillimise l\u00f5ppedes t\u00f6\u00f6tab ventilaator veel viis minutit, mille jooksul puhastatakse p\u00f5lemispunker tuhast kustutades seal h\u00f5\u00f5guvad pelletid.<\/span><\/p>\n<p><strong><span style=\"color: #000000;\">GARANTII<\/span><\/strong><\/p>\n<p><span style=\"color: #000000;\">Traeger pelletgrillidel on 3 aastane garantii.<\/span><\/p>\n<p><strong><span style=\"color: #000000;\">K\u00dcPSETUSRESTID<\/span><\/strong><\/p>\n<p><span style=\"color: #000000;\">K\u00fcpsetusrestid on valmistatud h\u00e4sti puhastatavast roostevabast terasest. Restide m\u00f5\u00f5dud:<\/span><br \/>\n<span style=\"color: #000000;\">\u2013 esimene, ehk alumine tasand 86,36 x 103,23cm<\/span><br \/>\n<span style=\"color: #000000;\">\u2013 teine tasand 86,36 x 35,56cm<\/span><br \/>\n<span style=\"color: #000000;\">\u2013 kolmas tasand 86,36 x 22,86 cm<\/span><br \/>\n<span style=\"color: #000000;\">Toote m\u00f5\u00f5tmed (kokkupanduna): ca 147 x 68 x 122cm<\/span><br \/>\n<span style=\"color: #000000;\">Karbi m\u00f5\u00f5dud: ca 121,92 x 147,32 x 68,58cm<\/span><br \/>\n<span style=\"color: #000000;\">Kaal: 120,66 kg<\/span><\/p>\n<p><span style=\"color: #000000;\"><strong>VIDEO:<\/strong>\u00a0<a style=\"color: #000000;\" href=\"https:\/\/www.traeger.com\/pellet-grills\/timberline\/1300\">https:\/\/www.traeger.com\/pellet-grills\/timberline\/1300<\/a><\/span><\/p>\n<p><span style=\"color: #000000;\"><strong>Video:<\/strong>\u00a0<a style=\"color: #000000;\" href=\"https:\/\/www.youtube.com\/watch?v=czdFsjL_UFI\">https:\/\/www.youtube.com\/watch?v=czdFsjL_UFI<\/a><\/span><\/p>\n<p><span style=\"color: #000000;\"><strong>Traeger mobiilirakendus: <\/strong><\/span><span style=\"color: #000000;\"><a style=\"color: #000000;\" href=\"https:\/\/play.google.com\/store\/apps\/details?id=com.traegergrills.app\">https:\/\/play.google.com\/store\/apps\/details?id=com.traegergrills.app<\/a><\/span><\/p>\n","protected":false},"excerpt":{"rendered":"<h3><span style=\"color: #000000;\"><strong>Pelletgrill TRAEGER TIMBERLINE D2 1300 EOL WIFI<\/strong><\/span><\/h3>\n<ul>\n<li><strong><span style=\"color: #000000;\"><span style=\"font-size: 14.399999px;\">K\u00fcsi eripakkumist! Kirjuta enn@bbqentertainment.com v\u00f5i helista 5165581<\/span><\/span><\/strong><\/li>\n<li><span style=\"color: #000000;\"><span style=\"font-size: 14.399999px;\">Traeger Timberline 1300 grillil on tihe topeltkattega grillkorpus, mis v\u00f5imaldab kuumuse ja aroomi \u00fclekandumist toidule.<\/span><\/span><\/li>\n<li><span style=\"color: #000000;\"><span style=\"font-size: 14.399999px;\">T\u00fcnnikujuline grillkorpus on valmistatud kvaliteetsest pulberv\u00e4rvitud terasest. <\/span><\/span><\/li>\n<li><span style=\"color: #000000;\"><span style=\"font-size: 14.399999px;\">Traeger Timberline on varustatud WIFIRE\u00ae-funktsiooniga.<\/span><\/span><\/li>\n<li><span style=\"color: #000000;\"><span style=\"font-size: 14.399999px;\">Soovi korral saate grilli ja selle temperatuuri h\u00f5lpsasti juhtida oma telefonist Traeger Appi abil. Samuti saate Traeger Appi abil laadida alla retsepte oma grilli jaoks.<\/span><\/span><\/li>\n<li><span style=\"color: #000000;\"><span style=\"font-size: 14.399999px;\">Temperatuuri reguleerimine vahemikus 75\u00b0C kuni 260\u00b0C. Kaasas on temperatuuriandur.<\/span><\/span><\/li>\n<li><span style=\"color: #000000;\"><span style=\"font-size: 14.399999px;\">D2\u00ae-tehnoloogiline \u00fclekanne ja TurboTemp-soojuskontroll soojendab grilli kiiremini.<\/span><\/span><\/li>\n<li><span style=\"color: #000000;\"><span style=\"font-size: 14.399999px;\">Pelletipaagi mahutavus 11 kg. Pelletite t\u00fchjendusava v\u00f5imaldab teil pelletid kiiresti t\u00fchjendada, et t\u00e4ita pelletipaak uuesti k\u00f5ige sobivamate pelletitega toidu valmistamiseks.<\/span><\/span><\/li>\n<li><span style=\"color: #000000;\"><span style=\"font-size: 14.399999px;\">WOOD CHECKER indikaator n\u00e4itab pelletite kogust mahutis.<\/span><\/span><\/li>\n<li><span style=\"color: #000000;\"><span style=\"font-size: 14.399999px;\">GRILLGUIDE grilljuhtimiss\u00fcsteem (Traeger Appi kaudu).<\/span><\/span><\/li>\n<li><span style=\"color: #000000;\"><span style=\"font-size: 14.399999px;\">Traeger TRU CONVECTION\u00ae tsirkuleeriva \u00f5hu s\u00fcsteem k\u00fcpsetab toitu kuni 20% kiiremini.<\/span><\/span><\/li>\n<li><span style=\"color: #000000;\"><span style=\"font-size: 14.399999px;\">SUPER SMOKE funktsioon tekitab soovi korral t\u00e4iusliku suitsuaroomi (75\u00b0C-105\u00b0C).<\/span><\/span><\/li>\n<li><span style=\"color: #000000;\"><span style=\"font-size: 14.399999px;\">KEEP WARM funktsioon hoiab toidu serveerimiseni \u00f5igel temperatuuril<\/span><span style=\"font-size: 14.399999px;\">. <\/span><\/span><\/li>\n<\/ul>\n<p><span style=\"color: #000000;\"><span style=\"text-decoration: underline;\">Tehnilised andmed<\/span>:<\/span><\/p>\n<ul>\n<li><span style=\"color: #000000;\">K\u00fcpsetuspind: 8387 cm\u00b2<\/span><\/li>\n<li><span style=\"color: #000000;\">Grillimispind: 86 x 64 cm ja 86 x 36 cm ja 86 x 22 cm <\/span><\/li>\n<li><span style=\"color: #000000;\">Grilli m\u00f5\u00f5dud: 147 x 68 x 122 cm<\/span><\/li>\n<li><span style=\"color: #000000; font-size: 14.399999px;\">T\u00fcnni l\u00e4bim\u00f5\u00f5t 86 cm\u00a0<\/span><\/li>\n<li><span style=\"font-size: 14.399999px; color: #000000;\">Kaal 90 kg<\/span><\/li>\n<\/ul>\n","protected":false},"featured_media":241505,"template":"","meta":{"inline_featured_image":false},"product_brand":[],"product_cat":[17,476],"product_tag":[],"class_list":{"0":"post-241582","1":"product","2":"type-product","3":"status-publish","4":"has-post-thumbnail","6":"product_cat-grillid-ja-ahjud","7":"product_cat-traeger","8":"product_shipping_class-ainult-ise-jarele-tulemisega","10":"first","11":"outofstock","12":"taxable","13":"shipping-taxable","14":"product-type-simple"},"yoast_head":"<!-- This site is optimized with the Yoast SEO plugin v27.2 - https:\/\/yoast.com\/product\/yoast-seo-wordpress\/ -->\n<title>Pelletgrill TRAEGER TIMBERLINE D2 1300 EOL - BBQ Entertainment<\/title>\n<meta name=\"robots\" content=\"index, follow, max-snippet:-1, max-image-preview:large, max-video-preview:-1\" \/>\n<link rel=\"canonical\" href=\"https:\/\/bbqentertainment.com\/toode\/pelletgrill-traeger-timberline-d2-1300-eol\/\" \/>\n<meta property=\"og:locale\" content=\"en_US\" \/>\n<meta property=\"og:type\" content=\"article\" \/>\n<meta property=\"og:title\" content=\"Pelletgrill TRAEGER TIMBERLINE D2 1300 EOL - BBQ Entertainment\" \/>\n<meta property=\"og:description\" content=\"Pelletgrill TRAEGER TIMBERLINE D2 1300 EOL WIFIK\u00fcsi eripakkumist! Kirjuta enn@bbqentertainment.com v\u00f5i helista 5165581Traeger Timberline 1300 grillil on tihe topeltkattega grillkorpus, mis v\u00f5imaldab kuumuse ja aroomi \u00fclekandumist toidule.T\u00fcnnikujuline grillkorpus on valmistatud kvaliteetsest pulberv\u00e4rvitud terasest. Traeger Timberline on varustatud WIFIRE\u00ae-funktsiooniga.Soovi korral saate grilli ja selle temperatuuri h\u00f5lpsasti juhtida oma telefonist Traeger Appi abil. Samuti saate Traeger Appi abil laadida alla retsepte oma grilli jaoks.Temperatuuri reguleerimine vahemikus 75\u00b0C kuni 260\u00b0C. Kaasas on temperatuuriandur.D2\u00ae-tehnoloogiline \u00fclekanne ja TurboTemp-soojuskontroll soojendab grilli kiiremini.Pelletipaagi mahutavus 11 kg. Pelletite t\u00fchjendusava v\u00f5imaldab teil pelletid kiiresti t\u00fchjendada, et t\u00e4ita pelletipaak uuesti k\u00f5ige sobivamate pelletitega toidu valmistamiseks.WOOD CHECKER indikaator n\u00e4itab pelletite kogust mahutis.GRILLGUIDE grilljuhtimiss\u00fcsteem (Traeger Appi kaudu).Traeger TRU CONVECTION\u00ae tsirkuleeriva \u00f5hu s\u00fcsteem k\u00fcpsetab toitu kuni 20% kiiremini.SUPER SMOKE funktsioon tekitab soovi korral t\u00e4iusliku suitsuaroomi (75\u00b0C-105\u00b0C).KEEP WARM funktsioon hoiab toidu serveerimiseni \u00f5igel temperatuuril. Tehnilised andmed:K\u00fcpsetuspind: 8387 cm\u00b2Grillimispind: 86 x 64 cm ja 86 x 36 cm ja 86 x 22 cm Grilli m\u00f5\u00f5dud: 147 x 68 x 122 cmT\u00fcnni l\u00e4bim\u00f5\u00f5t 86 cm\u00a0Kaal 90 kg\" \/>\n<meta property=\"og:url\" content=\"https:\/\/bbqentertainment.com\/toode\/pelletgrill-traeger-timberline-d2-1300-eol\/\" \/>\n<meta property=\"og:site_name\" content=\"BBQ Entertainment\" \/>\n<meta property=\"article:publisher\" content=\"https:\/\/www.facebook.com\/BBQ-Entertainment-N-Catering-2437913376443540\" \/>\n<meta property=\"article:modified_time\" content=\"2026-02-25T11:30:51+00:00\" \/>\n<meta property=\"og:image\" content=\"https:\/\/bbqentertainment.com\/wp-content\/uploads\/2023\/05\/TFB01WLEC-Pelletgrill-TRAEGER-TIMBERLINE-D2-1300-EOL1.jpg\" \/>\n\t<meta property=\"og:image:width\" content=\"1200\" \/>\n\t<meta property=\"og:image:height\" content=\"1200\" \/>\n\t<meta property=\"og:image:type\" content=\"image\/jpeg\" \/>\n<meta name=\"twitter:card\" content=\"summary_large_image\" \/>\n<meta name=\"twitter:label1\" content=\"Est. reading time\" \/>\n\t<meta name=\"twitter:data1\" content=\"3 minutes\" \/>\n<script type=\"application\/ld+json\" class=\"yoast-schema-graph\">{\"@context\":\"https:\/\/schema.org\",\"@graph\":[{\"@type\":[\"WebPage\",\"ItemPage\"],\"@id\":\"https:\/\/bbqentertainment.com\/toode\/pelletgrill-traeger-timberline-d2-1300-eol\/\",\"url\":\"https:\/\/bbqentertainment.com\/toode\/pelletgrill-traeger-timberline-d2-1300-eol\/\",\"name\":\"Pelletgrill TRAEGER TIMBERLINE D2 1300 EOL - BBQ Entertainment\",\"isPartOf\":{\"@id\":\"https:\/\/bbqentertainment.com\/#website\"},\"primaryImageOfPage\":{\"@id\":\"https:\/\/bbqentertainment.com\/toode\/pelletgrill-traeger-timberline-d2-1300-eol\/#primaryimage\"},\"image\":{\"@id\":\"https:\/\/bbqentertainment.com\/toode\/pelletgrill-traeger-timberline-d2-1300-eol\/#primaryimage\"},\"thumbnailUrl\":\"https:\/\/bbqentertainment.com\/wp-content\/uploads\/2023\/05\/TFB01WLEC-Pelletgrill-TRAEGER-TIMBERLINE-D2-1300-EOL1.jpg\",\"datePublished\":\"2023-05-01T20:34:53+00:00\",\"dateModified\":\"2026-02-25T11:30:51+00:00\",\"breadcrumb\":{\"@id\":\"https:\/\/bbqentertainment.com\/toode\/pelletgrill-traeger-timberline-d2-1300-eol\/#breadcrumb\"},\"inLanguage\":\"en-US\",\"potentialAction\":[{\"@type\":\"ReadAction\",\"target\":[\"https:\/\/bbqentertainment.com\/toode\/pelletgrill-traeger-timberline-d2-1300-eol\/\"]}]},{\"@type\":\"ImageObject\",\"inLanguage\":\"en-US\",\"@id\":\"https:\/\/bbqentertainment.com\/toode\/pelletgrill-traeger-timberline-d2-1300-eol\/#primaryimage\",\"url\":\"https:\/\/bbqentertainment.com\/wp-content\/uploads\/2023\/05\/TFB01WLEC-Pelletgrill-TRAEGER-TIMBERLINE-D2-1300-EOL1.jpg\",\"contentUrl\":\"https:\/\/bbqentertainment.com\/wp-content\/uploads\/2023\/05\/TFB01WLEC-Pelletgrill-TRAEGER-TIMBERLINE-D2-1300-EOL1.jpg\",\"width\":1200,\"height\":1200},{\"@type\":\"BreadcrumbList\",\"@id\":\"https:\/\/bbqentertainment.com\/toode\/pelletgrill-traeger-timberline-d2-1300-eol\/#breadcrumb\",\"itemListElement\":[{\"@type\":\"ListItem\",\"position\":1,\"name\":\"AVALEHT\",\"item\":\"https:\/\/bbqentertainment.com\/en\/\"},{\"@type\":\"ListItem\",\"position\":2,\"name\":\"Tooted\",\"item\":\"https:\/\/bbqentertainment.com\/tooted\/\"},{\"@type\":\"ListItem\",\"position\":3,\"name\":\"Grillid ja ahjud\",\"item\":\"https:\/\/bbqentertainment.com\/tootekategooria\/grillid-ja-ahjud\/\"},{\"@type\":\"ListItem\",\"position\":4,\"name\":\"TRAEGER\",\"item\":\"https:\/\/bbqentertainment.com\/tootekategooria\/grillid-ja-ahjud\/traeger\/\"},{\"@type\":\"ListItem\",\"position\":5,\"name\":\"Pelletgrill TRAEGER TIMBERLINE D2 1300 EOL\"}]},{\"@type\":\"WebSite\",\"@id\":\"https:\/\/bbqentertainment.com\/#website\",\"url\":\"https:\/\/bbqentertainment.com\/\",\"name\":\"BBQ Entertainment\",\"description\":\"BBQ is a great lifestyle, not just fun!\",\"publisher\":{\"@id\":\"https:\/\/bbqentertainment.com\/#organization\"},\"potentialAction\":[{\"@type\":\"SearchAction\",\"target\":{\"@type\":\"EntryPoint\",\"urlTemplate\":\"https:\/\/bbqentertainment.com\/?s={search_term_string}\"},\"query-input\":{\"@type\":\"PropertyValueSpecification\",\"valueRequired\":true,\"valueName\":\"search_term_string\"}}],\"inLanguage\":\"en-US\"},{\"@type\":\"Organization\",\"@id\":\"https:\/\/bbqentertainment.com\/#organization\",\"name\":\"BBQ Entertainment O\u00dc\",\"url\":\"https:\/\/bbqentertainment.com\/\",\"logo\":{\"@type\":\"ImageObject\",\"inLanguage\":\"en-US\",\"@id\":\"https:\/\/bbqentertainment.com\/#\/schema\/logo\/image\/\",\"url\":\"https:\/\/bbqentertainment.com\/wp-content\/uploads\/2020\/04\/BBQ-Entertainment-N-Catering-Enn-Tobreluts-Logo.png\",\"contentUrl\":\"https:\/\/bbqentertainment.com\/wp-content\/uploads\/2020\/04\/BBQ-Entertainment-N-Catering-Enn-Tobreluts-Logo.png\",\"width\":628,\"height\":266,\"caption\":\"BBQ Entertainment O\u00dc\"},\"image\":{\"@id\":\"https:\/\/bbqentertainment.com\/#\/schema\/logo\/image\/\"},\"sameAs\":[\"https:\/\/www.facebook.com\/BBQ-Entertainment-N-Catering-2437913376443540\",\"https:\/\/www.instagram.com\/bbqentertainmentncatering\/\",\"https:\/\/www.youtube.com\/channel\/UCmpuANQVhLy2Md8nrenp2jA\"]}]}<\/script>\n<!-- \/ Yoast SEO plugin. -->","yoast_head_json":{"title":"Pelletgrill TRAEGER TIMBERLINE D2 1300 EOL - BBQ Entertainment","robots":{"index":"index","follow":"follow","max-snippet":"max-snippet:-1","max-image-preview":"max-image-preview:large","max-video-preview":"max-video-preview:-1"},"canonical":"https:\/\/bbqentertainment.com\/toode\/pelletgrill-traeger-timberline-d2-1300-eol\/","og_locale":"en_US","og_type":"article","og_title":"Pelletgrill TRAEGER TIMBERLINE D2 1300 EOL - BBQ Entertainment","og_description":"Pelletgrill TRAEGER TIMBERLINE D2 1300 EOL WIFIK\u00fcsi eripakkumist! Kirjuta enn@bbqentertainment.com v\u00f5i helista 5165581Traeger Timberline 1300 grillil on tihe topeltkattega grillkorpus, mis v\u00f5imaldab kuumuse ja aroomi \u00fclekandumist toidule.T\u00fcnnikujuline grillkorpus on valmistatud kvaliteetsest pulberv\u00e4rvitud terasest. Traeger Timberline on varustatud WIFIRE\u00ae-funktsiooniga.Soovi korral saate grilli ja selle temperatuuri h\u00f5lpsasti juhtida oma telefonist Traeger Appi abil. Samuti saate Traeger Appi abil laadida alla retsepte oma grilli jaoks.Temperatuuri reguleerimine vahemikus 75\u00b0C kuni 260\u00b0C. Kaasas on temperatuuriandur.D2\u00ae-tehnoloogiline \u00fclekanne ja TurboTemp-soojuskontroll soojendab grilli kiiremini.Pelletipaagi mahutavus 11 kg. Pelletite t\u00fchjendusava v\u00f5imaldab teil pelletid kiiresti t\u00fchjendada, et t\u00e4ita pelletipaak uuesti k\u00f5ige sobivamate pelletitega toidu valmistamiseks.WOOD CHECKER indikaator n\u00e4itab pelletite kogust mahutis.GRILLGUIDE grilljuhtimiss\u00fcsteem (Traeger Appi kaudu).Traeger TRU CONVECTION\u00ae tsirkuleeriva \u00f5hu s\u00fcsteem k\u00fcpsetab toitu kuni 20% kiiremini.SUPER SMOKE funktsioon tekitab soovi korral t\u00e4iusliku suitsuaroomi (75\u00b0C-105\u00b0C).KEEP WARM funktsioon hoiab toidu serveerimiseni \u00f5igel temperatuuril. Tehnilised andmed:K\u00fcpsetuspind: 8387 cm\u00b2Grillimispind: 86 x 64 cm ja 86 x 36 cm ja 86 x 22 cm Grilli m\u00f5\u00f5dud: 147 x 68 x 122 cmT\u00fcnni l\u00e4bim\u00f5\u00f5t 86 cm\u00a0Kaal 90 kg","og_url":"https:\/\/bbqentertainment.com\/toode\/pelletgrill-traeger-timberline-d2-1300-eol\/","og_site_name":"BBQ Entertainment","article_publisher":"https:\/\/www.facebook.com\/BBQ-Entertainment-N-Catering-2437913376443540","article_modified_time":"2026-02-25T11:30:51+00:00","og_image":[{"width":1200,"height":1200,"url":"https:\/\/bbqentertainment.com\/wp-content\/uploads\/2023\/05\/TFB01WLEC-Pelletgrill-TRAEGER-TIMBERLINE-D2-1300-EOL1.jpg","type":"image\/jpeg"}],"twitter_card":"summary_large_image","twitter_misc":{"Est. reading time":"3 minutes"},"schema":{"@context":"https:\/\/schema.org","@graph":[{"@type":["WebPage","ItemPage"],"@id":"https:\/\/bbqentertainment.com\/toode\/pelletgrill-traeger-timberline-d2-1300-eol\/","url":"https:\/\/bbqentertainment.com\/toode\/pelletgrill-traeger-timberline-d2-1300-eol\/","name":"Pelletgrill TRAEGER TIMBERLINE D2 1300 EOL - BBQ Entertainment","isPartOf":{"@id":"https:\/\/bbqentertainment.com\/#website"},"primaryImageOfPage":{"@id":"https:\/\/bbqentertainment.com\/toode\/pelletgrill-traeger-timberline-d2-1300-eol\/#primaryimage"},"image":{"@id":"https:\/\/bbqentertainment.com\/toode\/pelletgrill-traeger-timberline-d2-1300-eol\/#primaryimage"},"thumbnailUrl":"https:\/\/bbqentertainment.com\/wp-content\/uploads\/2023\/05\/TFB01WLEC-Pelletgrill-TRAEGER-TIMBERLINE-D2-1300-EOL1.jpg","datePublished":"2023-05-01T20:34:53+00:00","dateModified":"2026-02-25T11:30:51+00:00","breadcrumb":{"@id":"https:\/\/bbqentertainment.com\/toode\/pelletgrill-traeger-timberline-d2-1300-eol\/#breadcrumb"},"inLanguage":"en-US","potentialAction":[{"@type":"ReadAction","target":["https:\/\/bbqentertainment.com\/toode\/pelletgrill-traeger-timberline-d2-1300-eol\/"]}]},{"@type":"ImageObject","inLanguage":"en-US","@id":"https:\/\/bbqentertainment.com\/toode\/pelletgrill-traeger-timberline-d2-1300-eol\/#primaryimage","url":"https:\/\/bbqentertainment.com\/wp-content\/uploads\/2023\/05\/TFB01WLEC-Pelletgrill-TRAEGER-TIMBERLINE-D2-1300-EOL1.jpg","contentUrl":"https:\/\/bbqentertainment.com\/wp-content\/uploads\/2023\/05\/TFB01WLEC-Pelletgrill-TRAEGER-TIMBERLINE-D2-1300-EOL1.jpg","width":1200,"height":1200},{"@type":"BreadcrumbList","@id":"https:\/\/bbqentertainment.com\/toode\/pelletgrill-traeger-timberline-d2-1300-eol\/#breadcrumb","itemListElement":[{"@type":"ListItem","position":1,"name":"AVALEHT","item":"https:\/\/bbqentertainment.com\/en\/"},{"@type":"ListItem","position":2,"name":"Tooted","item":"https:\/\/bbqentertainment.com\/tooted\/"},{"@type":"ListItem","position":3,"name":"Grillid ja ahjud","item":"https:\/\/bbqentertainment.com\/tootekategooria\/grillid-ja-ahjud\/"},{"@type":"ListItem","position":4,"name":"TRAEGER","item":"https:\/\/bbqentertainment.com\/tootekategooria\/grillid-ja-ahjud\/traeger\/"},{"@type":"ListItem","position":5,"name":"Pelletgrill TRAEGER TIMBERLINE D2 1300 EOL"}]},{"@type":"WebSite","@id":"https:\/\/bbqentertainment.com\/#website","url":"https:\/\/bbqentertainment.com\/","name":"BBQ Entertainment","description":"BBQ is a great lifestyle, not just fun!","publisher":{"@id":"https:\/\/bbqentertainment.com\/#organization"},"potentialAction":[{"@type":"SearchAction","target":{"@type":"EntryPoint","urlTemplate":"https:\/\/bbqentertainment.com\/?s={search_term_string}"},"query-input":{"@type":"PropertyValueSpecification","valueRequired":true,"valueName":"search_term_string"}}],"inLanguage":"en-US"},{"@type":"Organization","@id":"https:\/\/bbqentertainment.com\/#organization","name":"BBQ Entertainment O\u00dc","url":"https:\/\/bbqentertainment.com\/","logo":{"@type":"ImageObject","inLanguage":"en-US","@id":"https:\/\/bbqentertainment.com\/#\/schema\/logo\/image\/","url":"https:\/\/bbqentertainment.com\/wp-content\/uploads\/2020\/04\/BBQ-Entertainment-N-Catering-Enn-Tobreluts-Logo.png","contentUrl":"https:\/\/bbqentertainment.com\/wp-content\/uploads\/2020\/04\/BBQ-Entertainment-N-Catering-Enn-Tobreluts-Logo.png","width":628,"height":266,"caption":"BBQ Entertainment O\u00dc"},"image":{"@id":"https:\/\/bbqentertainment.com\/#\/schema\/logo\/image\/"},"sameAs":["https:\/\/www.facebook.com\/BBQ-Entertainment-N-Catering-2437913376443540","https:\/\/www.instagram.com\/bbqentertainmentncatering\/","https:\/\/www.youtube.com\/channel\/UCmpuANQVhLy2Md8nrenp2jA"]}]}},"_links":{"self":[{"href":"https:\/\/bbqentertainment.com\/en\/wp-json\/wp\/v2\/product\/241582","targetHints":{"allow":["GET"]}}],"collection":[{"href":"https:\/\/bbqentertainment.com\/en\/wp-json\/wp\/v2\/product"}],"about":[{"href":"https:\/\/bbqentertainment.com\/en\/wp-json\/wp\/v2\/types\/product"}],"wp:featuredmedia":[{"embeddable":true,"href":"https:\/\/bbqentertainment.com\/en\/wp-json\/wp\/v2\/media\/241505"}],"wp:attachment":[{"href":"https:\/\/bbqentertainment.com\/en\/wp-json\/wp\/v2\/media?parent=241582"}],"wp:term":[{"taxonomy":"product_brand","embeddable":true,"href":"https:\/\/bbqentertainment.com\/en\/wp-json\/wp\/v2\/product_brand?post=241582"},{"taxonomy":"product_cat","embeddable":true,"href":"https:\/\/bbqentertainment.com\/en\/wp-json\/wp\/v2\/product_cat?post=241582"},{"taxonomy":"product_tag","embeddable":true,"href":"https:\/\/bbqentertainment.com\/en\/wp-json\/wp\/v2\/product_tag?post=241582"}],"curies":[{"name":"wp","href":"https:\/\/api.w.org\/{rel}","templated":true}]}}