{"id":241603,"date":"2023-05-02T01:05:07","date_gmt":"2023-05-01T23:05:07","guid":{"rendered":"https:\/\/bbqentertainment.com\/?post_type=product&#038;p=241603"},"modified":"2026-04-14T20:51:02","modified_gmt":"2026-04-14T17:51:02","slug":"traeger-pop-and-lock-storage-bin","status":"publish","type":"product","link":"https:\/\/bbqentertainment.com\/en\/toode\/traeger-pop-and-lock-storage-bin\/","title":{"rendered":"TRAEGER maitseaineriiul \/ P.A.L. Pop-And-Lock\u2122 Storage Bin"},"content":{"rendered":"<p><strong>TRAEGER P.A.L. POP-AND-LOCK\u2122 s\u00fcsteemiga \u00fchilduv maitseaineriiul<\/strong><br \/>\nL\u00f5petage grilli ja k\u00f6\u00f6gi vahel edasi-tagasi jooksmine toiduvalmistamise tarvikute otsimiseks. Traeger P.A.L. Pop-And-Lock\u2122 maitseaineriiul mahutab k\u00f5ik teie kastmed, maitseainesegud, soolad ja k\u00f5ik muu, mida soovite alati k\u00e4eulatuses hoida. Lihtsalt kl\u00f5psake see teile k\u00e4ep\u00e4rasemasse kohta P.A.L. siinil ja olete alati relvastatud koostisainetega, mida k\u00f5ige rohkem kasutate.<\/p>\n<p>Maitseaineriiul, mis kl\u00f5psab grillile sekunditega.<br \/>\nHoiab rube, kastmeid ja muid toiduvalmistamiseks vajalikke maitseaineid k\u00e4ep\u00e4rast<br \/>\n\u00dchildub Ironwood ja Timberline grillidega, millel on P.A.L. Pop-And-Lock\u2122 riputussiin.<br \/>\nKergesti peale ja maha kl\u00f5psatav ilma t\u00f6\u00f6riistadeta.<br \/>\nMahutab mugavalt kuni 6 Traegeri maitseainet v\u00f5i kastet.<br \/>\nVastupidav \u2013 k\u00fclmvaltsitud terasest, v\u00e4rvitud kuumakindla pulberv\u00e4rviga.<\/p>\n","protected":false},"excerpt":{"rendered":"<h3><strong>TRAEGER maitseaineriiul \/ P.A.L. Pop-And-Lock\u2122 Storage Bin<\/strong><\/h3>\n<p>Maitseaineriiul, mis \u00fchildub Ironwood ja Timberline grillidega, millel on P.A.L. Pop-And-Lock\u2122 riputussiin.<\/p>\n","protected":false},"featured_media":241607,"template":"","meta":{"inline_featured_image":false},"product_brand":[],"product_cat":[476],"product_tag":[],"class_list":{"0":"post-241603","1":"product","2":"type-product","3":"status-publish","4":"has-post-thumbnail","6":"product_cat-traeger","8":"first","9":"instock","10":"taxable","11":"shipping-taxable","12":"purchasable","13":"product-type-simple"},"yoast_head":"<!-- This site is optimized with the Yoast SEO plugin v27.2 - https:\/\/yoast.com\/product\/yoast-seo-wordpress\/ -->\n<title>TRAEGER maitseaineriiul \/ P.A.L. Pop-And-Lock\u2122 Storage Bin - BBQ Entertainment<\/title>\n<meta name=\"robots\" content=\"index, follow, max-snippet:-1, max-image-preview:large, max-video-preview:-1\" \/>\n<link rel=\"canonical\" href=\"https:\/\/bbqentertainment.com\/toode\/traeger-pop-and-lock-storage-bin\/\" \/>\n<meta property=\"og:locale\" content=\"en_US\" \/>\n<meta property=\"og:type\" content=\"article\" \/>\n<meta property=\"og:title\" content=\"TRAEGER maitseaineriiul \/ P.A.L. Pop-And-Lock\u2122 Storage Bin - BBQ Entertainment\" \/>\n<meta property=\"og:description\" content=\"TRAEGER maitseaineriiul \/ P.A.L. Pop-And-Lock\u2122 Storage Bin Maitseaineriiul, mis \u00fchildub Ironwood ja Timberline grillidega, millel on P.A.L. Pop-And-Lock\u2122 riputussiin.\" \/>\n<meta property=\"og:url\" content=\"https:\/\/bbqentertainment.com\/toode\/traeger-pop-and-lock-storage-bin\/\" \/>\n<meta property=\"og:site_name\" content=\"BBQ Entertainment\" \/>\n<meta property=\"article:publisher\" content=\"https:\/\/www.facebook.com\/BBQ-Entertainment-N-Catering-2437913376443540\" \/>\n<meta property=\"article:modified_time\" content=\"2026-04-14T17:51:02+00:00\" \/>\n<meta property=\"og:image\" content=\"https:\/\/bbqentertainment.com\/wp-content\/uploads\/2023\/05\/BAC612-TRAEGER-maitseaineriiul-P.A.L.-Pop-And-Lock\u2122-Storage-Bin-2.jpg\" \/>\n\t<meta property=\"og:image:width\" content=\"1200\" \/>\n\t<meta property=\"og:image:height\" content=\"1200\" \/>\n\t<meta property=\"og:image:type\" content=\"image\/jpeg\" \/>\n<meta name=\"twitter:card\" content=\"summary_large_image\" \/>\n<meta name=\"twitter:label1\" content=\"Est. reading time\" \/>\n\t<meta name=\"twitter:data1\" content=\"1 minute\" \/>\n<script type=\"application\/ld+json\" class=\"yoast-schema-graph\">{\"@context\":\"https:\/\/schema.org\",\"@graph\":[{\"@type\":[\"WebPage\",\"ItemPage\"],\"@id\":\"https:\/\/bbqentertainment.com\/toode\/traeger-pop-and-lock-storage-bin\/\",\"url\":\"https:\/\/bbqentertainment.com\/toode\/traeger-pop-and-lock-storage-bin\/\",\"name\":\"TRAEGER maitseaineriiul \/ P.A.L. Pop-And-Lock\u2122 Storage Bin - BBQ Entertainment\",\"isPartOf\":{\"@id\":\"https:\/\/bbqentertainment.com\/#website\"},\"primaryImageOfPage\":{\"@id\":\"https:\/\/bbqentertainment.com\/toode\/traeger-pop-and-lock-storage-bin\/#primaryimage\"},\"image\":{\"@id\":\"https:\/\/bbqentertainment.com\/toode\/traeger-pop-and-lock-storage-bin\/#primaryimage\"},\"thumbnailUrl\":\"https:\/\/bbqentertainment.com\/wp-content\/uploads\/2023\/05\/BAC612-TRAEGER-maitseaineriiul-P.A.L.-Pop-And-Lock\u2122-Storage-Bin-2.jpg\",\"datePublished\":\"2023-05-01T23:05:07+00:00\",\"dateModified\":\"2026-04-14T17:51:02+00:00\",\"breadcrumb\":{\"@id\":\"https:\/\/bbqentertainment.com\/toode\/traeger-pop-and-lock-storage-bin\/#breadcrumb\"},\"inLanguage\":\"en-US\",\"potentialAction\":[{\"@type\":\"ReadAction\",\"target\":[\"https:\/\/bbqentertainment.com\/toode\/traeger-pop-and-lock-storage-bin\/\"]}]},{\"@type\":\"ImageObject\",\"inLanguage\":\"en-US\",\"@id\":\"https:\/\/bbqentertainment.com\/toode\/traeger-pop-and-lock-storage-bin\/#primaryimage\",\"url\":\"https:\/\/bbqentertainment.com\/wp-content\/uploads\/2023\/05\/BAC612-TRAEGER-maitseaineriiul-P.A.L.-Pop-And-Lock\u2122-Storage-Bin-2.jpg\",\"contentUrl\":\"https:\/\/bbqentertainment.com\/wp-content\/uploads\/2023\/05\/BAC612-TRAEGER-maitseaineriiul-P.A.L.-Pop-And-Lock\u2122-Storage-Bin-2.jpg\",\"width\":1200,\"height\":1200},{\"@type\":\"BreadcrumbList\",\"@id\":\"https:\/\/bbqentertainment.com\/toode\/traeger-pop-and-lock-storage-bin\/#breadcrumb\",\"itemListElement\":[{\"@type\":\"ListItem\",\"position\":1,\"name\":\"AVALEHT\",\"item\":\"https:\/\/bbqentertainment.com\/en\/\"},{\"@type\":\"ListItem\",\"position\":2,\"name\":\"Tooted\",\"item\":\"https:\/\/bbqentertainment.com\/tooted\/\"},{\"@type\":\"ListItem\",\"position\":3,\"name\":\"Grillid ja ahjud\",\"item\":\"https:\/\/bbqentertainment.com\/tootekategooria\/grillid-ja-ahjud\/\"},{\"@type\":\"ListItem\",\"position\":4,\"name\":\"TRAEGER\",\"item\":\"https:\/\/bbqentertainment.com\/tootekategooria\/grillid-ja-ahjud\/traeger\/\"},{\"@type\":\"ListItem\",\"position\":5,\"name\":\"TRAEGER maitseaineriiul \/ P.A.L. Pop-And-Lock\u2122 Storage Bin\"}]},{\"@type\":\"WebSite\",\"@id\":\"https:\/\/bbqentertainment.com\/#website\",\"url\":\"https:\/\/bbqentertainment.com\/\",\"name\":\"BBQ Entertainment\",\"description\":\"BBQ is a great lifestyle, not just fun!\",\"publisher\":{\"@id\":\"https:\/\/bbqentertainment.com\/#organization\"},\"potentialAction\":[{\"@type\":\"SearchAction\",\"target\":{\"@type\":\"EntryPoint\",\"urlTemplate\":\"https:\/\/bbqentertainment.com\/?s={search_term_string}\"},\"query-input\":{\"@type\":\"PropertyValueSpecification\",\"valueRequired\":true,\"valueName\":\"search_term_string\"}}],\"inLanguage\":\"en-US\"},{\"@type\":\"Organization\",\"@id\":\"https:\/\/bbqentertainment.com\/#organization\",\"name\":\"BBQ Entertainment O\u00dc\",\"url\":\"https:\/\/bbqentertainment.com\/\",\"logo\":{\"@type\":\"ImageObject\",\"inLanguage\":\"en-US\",\"@id\":\"https:\/\/bbqentertainment.com\/#\/schema\/logo\/image\/\",\"url\":\"https:\/\/bbqentertainment.com\/wp-content\/uploads\/2020\/04\/BBQ-Entertainment-N-Catering-Enn-Tobreluts-Logo.png\",\"contentUrl\":\"https:\/\/bbqentertainment.com\/wp-content\/uploads\/2020\/04\/BBQ-Entertainment-N-Catering-Enn-Tobreluts-Logo.png\",\"width\":628,\"height\":266,\"caption\":\"BBQ Entertainment O\u00dc\"},\"image\":{\"@id\":\"https:\/\/bbqentertainment.com\/#\/schema\/logo\/image\/\"},\"sameAs\":[\"https:\/\/www.facebook.com\/BBQ-Entertainment-N-Catering-2437913376443540\",\"https:\/\/www.instagram.com\/bbqentertainmentncatering\/\",\"https:\/\/www.youtube.com\/channel\/UCmpuANQVhLy2Md8nrenp2jA\"]}]}<\/script>\n<!-- \/ Yoast SEO plugin. -->","yoast_head_json":{"title":"TRAEGER maitseaineriiul \/ P.A.L. Pop-And-Lock\u2122 Storage Bin - BBQ Entertainment","robots":{"index":"index","follow":"follow","max-snippet":"max-snippet:-1","max-image-preview":"max-image-preview:large","max-video-preview":"max-video-preview:-1"},"canonical":"https:\/\/bbqentertainment.com\/toode\/traeger-pop-and-lock-storage-bin\/","og_locale":"en_US","og_type":"article","og_title":"TRAEGER maitseaineriiul \/ P.A.L. Pop-And-Lock\u2122 Storage Bin - BBQ Entertainment","og_description":"TRAEGER maitseaineriiul \/ P.A.L. Pop-And-Lock\u2122 Storage Bin Maitseaineriiul, mis \u00fchildub Ironwood ja Timberline grillidega, millel on P.A.L. Pop-And-Lock\u2122 riputussiin.","og_url":"https:\/\/bbqentertainment.com\/toode\/traeger-pop-and-lock-storage-bin\/","og_site_name":"BBQ Entertainment","article_publisher":"https:\/\/www.facebook.com\/BBQ-Entertainment-N-Catering-2437913376443540","article_modified_time":"2026-04-14T17:51:02+00:00","og_image":[{"width":1200,"height":1200,"url":"https:\/\/bbqentertainment.com\/wp-content\/uploads\/2023\/05\/BAC612-TRAEGER-maitseaineriiul-P.A.L.-Pop-And-Lock\u2122-Storage-Bin-2.jpg","type":"image\/jpeg"}],"twitter_card":"summary_large_image","twitter_misc":{"Est. reading time":"1 minute"},"schema":{"@context":"https:\/\/schema.org","@graph":[{"@type":["WebPage","ItemPage"],"@id":"https:\/\/bbqentertainment.com\/toode\/traeger-pop-and-lock-storage-bin\/","url":"https:\/\/bbqentertainment.com\/toode\/traeger-pop-and-lock-storage-bin\/","name":"TRAEGER maitseaineriiul \/ P.A.L. Pop-And-Lock\u2122 Storage Bin - BBQ Entertainment","isPartOf":{"@id":"https:\/\/bbqentertainment.com\/#website"},"primaryImageOfPage":{"@id":"https:\/\/bbqentertainment.com\/toode\/traeger-pop-and-lock-storage-bin\/#primaryimage"},"image":{"@id":"https:\/\/bbqentertainment.com\/toode\/traeger-pop-and-lock-storage-bin\/#primaryimage"},"thumbnailUrl":"https:\/\/bbqentertainment.com\/wp-content\/uploads\/2023\/05\/BAC612-TRAEGER-maitseaineriiul-P.A.L.-Pop-And-Lock\u2122-Storage-Bin-2.jpg","datePublished":"2023-05-01T23:05:07+00:00","dateModified":"2026-04-14T17:51:02+00:00","breadcrumb":{"@id":"https:\/\/bbqentertainment.com\/toode\/traeger-pop-and-lock-storage-bin\/#breadcrumb"},"inLanguage":"en-US","potentialAction":[{"@type":"ReadAction","target":["https:\/\/bbqentertainment.com\/toode\/traeger-pop-and-lock-storage-bin\/"]}]},{"@type":"ImageObject","inLanguage":"en-US","@id":"https:\/\/bbqentertainment.com\/toode\/traeger-pop-and-lock-storage-bin\/#primaryimage","url":"https:\/\/bbqentertainment.com\/wp-content\/uploads\/2023\/05\/BAC612-TRAEGER-maitseaineriiul-P.A.L.-Pop-And-Lock\u2122-Storage-Bin-2.jpg","contentUrl":"https:\/\/bbqentertainment.com\/wp-content\/uploads\/2023\/05\/BAC612-TRAEGER-maitseaineriiul-P.A.L.-Pop-And-Lock\u2122-Storage-Bin-2.jpg","width":1200,"height":1200},{"@type":"BreadcrumbList","@id":"https:\/\/bbqentertainment.com\/toode\/traeger-pop-and-lock-storage-bin\/#breadcrumb","itemListElement":[{"@type":"ListItem","position":1,"name":"AVALEHT","item":"https:\/\/bbqentertainment.com\/en\/"},{"@type":"ListItem","position":2,"name":"Tooted","item":"https:\/\/bbqentertainment.com\/tooted\/"},{"@type":"ListItem","position":3,"name":"Grillid ja ahjud","item":"https:\/\/bbqentertainment.com\/tootekategooria\/grillid-ja-ahjud\/"},{"@type":"ListItem","position":4,"name":"TRAEGER","item":"https:\/\/bbqentertainment.com\/tootekategooria\/grillid-ja-ahjud\/traeger\/"},{"@type":"ListItem","position":5,"name":"TRAEGER maitseaineriiul \/ P.A.L. Pop-And-Lock\u2122 Storage Bin"}]},{"@type":"WebSite","@id":"https:\/\/bbqentertainment.com\/#website","url":"https:\/\/bbqentertainment.com\/","name":"BBQ Entertainment","description":"BBQ is a great lifestyle, not just fun!","publisher":{"@id":"https:\/\/bbqentertainment.com\/#organization"},"potentialAction":[{"@type":"SearchAction","target":{"@type":"EntryPoint","urlTemplate":"https:\/\/bbqentertainment.com\/?s={search_term_string}"},"query-input":{"@type":"PropertyValueSpecification","valueRequired":true,"valueName":"search_term_string"}}],"inLanguage":"en-US"},{"@type":"Organization","@id":"https:\/\/bbqentertainment.com\/#organization","name":"BBQ Entertainment O\u00dc","url":"https:\/\/bbqentertainment.com\/","logo":{"@type":"ImageObject","inLanguage":"en-US","@id":"https:\/\/bbqentertainment.com\/#\/schema\/logo\/image\/","url":"https:\/\/bbqentertainment.com\/wp-content\/uploads\/2020\/04\/BBQ-Entertainment-N-Catering-Enn-Tobreluts-Logo.png","contentUrl":"https:\/\/bbqentertainment.com\/wp-content\/uploads\/2020\/04\/BBQ-Entertainment-N-Catering-Enn-Tobreluts-Logo.png","width":628,"height":266,"caption":"BBQ Entertainment O\u00dc"},"image":{"@id":"https:\/\/bbqentertainment.com\/#\/schema\/logo\/image\/"},"sameAs":["https:\/\/www.facebook.com\/BBQ-Entertainment-N-Catering-2437913376443540","https:\/\/www.instagram.com\/bbqentertainmentncatering\/","https:\/\/www.youtube.com\/channel\/UCmpuANQVhLy2Md8nrenp2jA"]}]}},"_links":{"self":[{"href":"https:\/\/bbqentertainment.com\/en\/wp-json\/wp\/v2\/product\/241603","targetHints":{"allow":["GET"]}}],"collection":[{"href":"https:\/\/bbqentertainment.com\/en\/wp-json\/wp\/v2\/product"}],"about":[{"href":"https:\/\/bbqentertainment.com\/en\/wp-json\/wp\/v2\/types\/product"}],"wp:featuredmedia":[{"embeddable":true,"href":"https:\/\/bbqentertainment.com\/en\/wp-json\/wp\/v2\/media\/241607"}],"wp:attachment":[{"href":"https:\/\/bbqentertainment.com\/en\/wp-json\/wp\/v2\/media?parent=241603"}],"wp:term":[{"taxonomy":"product_brand","embeddable":true,"href":"https:\/\/bbqentertainment.com\/en\/wp-json\/wp\/v2\/product_brand?post=241603"},{"taxonomy":"product_cat","embeddable":true,"href":"https:\/\/bbqentertainment.com\/en\/wp-json\/wp\/v2\/product_cat?post=241603"},{"taxonomy":"product_tag","embeddable":true,"href":"https:\/\/bbqentertainment.com\/en\/wp-json\/wp\/v2\/product_tag?post=241603"}],"curies":[{"name":"wp","href":"https:\/\/api.w.org\/{rel}","templated":true}]}}