{"id":241644,"date":"2023-05-07T18:52:47","date_gmt":"2023-05-07T16:52:47","guid":{"rendered":"https:\/\/bbqentertainment.com\/?post_type=product&#038;p=241644"},"modified":"2026-02-24T16:00:34","modified_gmt":"2026-02-24T14:00:34","slug":"proq-grillsoe-brigetid-kookosekoorest-10-kg","status":"publish","type":"product","link":"https:\/\/bbqentertainment.com\/en\/toode\/proq-grillsoe-brigetid-kookosekoorest-10-kg\/","title":{"rendered":"ProQ grills\u00f6e-brigetid kookosekoorest 10 kg"},"content":{"rendered":"","protected":false},"excerpt":{"rendered":"<h3><span style=\"color: #000000;\"><strong>ProQ grills\u00f6e-brigetid kookosekoorest 10 kg<\/strong><\/span><\/h3>\n<ul>\n<li><span style=\"color: #000000;\">ProQ esmaklassilised grills\u00f6e-brigetid kookosekoorest on v\u00e4ga professionaalne lahendus grillmeistrile.<\/span><\/li>\n<li>Selle grills\u00f6e tegemiseks ei rajuta puid, need on valmistatud kookosekoorest!<\/li>\n<li><span style=\"color: #000000;\">Neil on v\u00e4hem l\u00f5hna, kuna ei sisalda lisaaineid ega kemikaale. 100% looduslikud ja samuti t\u00e4iteainetevabad, seet\u00f5ttu j\u00e4tavad v\u00e4ga v\u00e4he tuhka.<\/span><\/li>\n<li><span style=\"color: #000000; font-size: 14.399999px;\">Saab kasutada igas BBQ ahjus v\u00f5i grillil, sealhulgas keraamilistel grillidel.<\/span><\/li>\n<li><span style=\"color: #000000;\">P\u00f5leb 2\u20133 korda kauem kui tavaline grills\u00fcsi, muutes selle toote pikemaks k\u00fcpsetamise jaoks palju \u00f6konoomsemaks ja puhtamaks alternatiiviks tavalisele grills\u00f6ele. Lisaks p\u00f5leb see kookoss\u00fcsi kuumemalt kui tavaline grills\u00fcsi, mist\u00f5ttu on see ideaalne just grillimiseks ja t\u00e4nu pikemale h\u00f5\u00f5gumisajale ka ideaalne madalal kuumusel tasa-targu k\u00fcpsetamiseks.<\/span><\/li>\n<li><span style=\"color: #000000; font-size: 14.399999px;\"><span style=\"font-size: 14.399999px;\">Ruudukujuline brikett v\u00f5imaldab h\u00f5lpsalt virnastada, sobib suurep\u00e4raselt ka uss-meetodi jaoks jne.<\/span><\/span><\/li>\n<\/ul>\n<div><span style=\"color: #000000;\"><strong>Tehnilised andmed:<\/strong><\/span><\/div>\n<div><span style=\"color: #000000;\">\u2705 Karbi m\u00f5\u00f5tmed 220 x 265 x 260 mm, netokaal 10 kg<\/span><\/div>\n<div><span style=\"color: #000000;\">\u2705 S\u00f6ebriketi suurus: 40 mm kuubikud<\/span><\/div>\n<div><span style=\"color: #000000;\">\u2705 Madal tuhasisaldus (3\u20135%)<\/span><\/div>\n","protected":false},"featured_media":241659,"template":"","meta":{"inline_featured_image":false},"product_brand":[],"product_cat":[473,27,439],"product_tag":[],"class_list":{"0":"post-241644","1":"product","2":"type-product","3":"status-publish","4":"has-post-thumbnail","6":"product_cat-pro-q","7":"product_cat-grillsusi","8":"product_cat-eksootilised-grillsoed","10":"first","11":"instock","12":"taxable","13":"shipping-taxable","14":"purchasable","15":"product-type-simple"},"yoast_head":"<!-- This site is optimized with the Yoast SEO plugin v27.4 - https:\/\/yoast.com\/product\/yoast-seo-wordpress\/ -->\n<title>ProQ grills\u00f6e-brigetid kookosekoorest 10 kg - BBQ Entertainment<\/title>\n<meta name=\"robots\" content=\"index, follow, max-snippet:-1, max-image-preview:large, max-video-preview:-1\" \/>\n<link rel=\"canonical\" href=\"https:\/\/bbqentertainment.com\/toode\/proq-grillsoe-brigetid-kookosekoorest-10-kg\/\" \/>\n<meta property=\"og:locale\" content=\"en_US\" \/>\n<meta property=\"og:type\" content=\"article\" \/>\n<meta property=\"og:title\" content=\"ProQ grills\u00f6e-brigetid kookosekoorest 10 kg - BBQ Entertainment\" \/>\n<meta property=\"og:description\" content=\"ProQ grills\u00f6e-brigetid kookosekoorest 10 kg   ProQ esmaklassilised grills\u00f6e-brigetid kookosekoorest on v\u00e4ga professionaalne lahendus grillmeistrile.  Selle grills\u00f6e tegemiseks ei rajuta puid, need on valmistatud kookosekoorest!  Neil on v\u00e4hem l\u00f5hna, kuna ei sisalda lisaaineid ega kemikaale. 100% looduslikud ja samuti t\u00e4iteainetevabad, seet\u00f5ttu j\u00e4tavad v\u00e4ga v\u00e4he tuhka.  Saab kasutada igas BBQ ahjus v\u00f5i grillil, sealhulgas keraamilistel grillidel.  P\u00f5leb 2\u20133 korda kauem kui tavaline grills\u00fcsi, muutes selle toote pikemaks k\u00fcpsetamise jaoks palju \u00f6konoomsemaks ja puhtamaks alternatiiviks tavalisele grills\u00f6ele. Lisaks p\u00f5leb see kookoss\u00fcsi kuumemalt kui tavaline grills\u00fcsi, mist\u00f5ttu on see ideaalne just grillimiseks ja t\u00e4nu pikemale h\u00f5\u00f5gumisajale ka ideaalne madalal kuumusel tasa-targu k\u00fcpsetamiseks.  Ruudukujuline brikett v\u00f5imaldab h\u00f5lpsalt virnastada, sobib suurep\u00e4raselt ka uss-meetodi jaoks jne.  Tehnilised andmed: \u2705 Karbi m\u00f5\u00f5tmed 220 x 265 x 260 mm, netokaal 10 kg \u2705 S\u00f6ebriketi suurus: 40 mm kuubikud \u2705 Madal tuhasisaldus (3\u20135%)\" \/>\n<meta property=\"og:url\" content=\"https:\/\/bbqentertainment.com\/toode\/proq-grillsoe-brigetid-kookosekoorest-10-kg\/\" \/>\n<meta property=\"og:site_name\" content=\"BBQ Entertainment\" \/>\n<meta property=\"article:publisher\" content=\"https:\/\/www.facebook.com\/BBQ-Entertainment-N-Catering-2437913376443540\" \/>\n<meta property=\"article:modified_time\" content=\"2026-02-24T14:00:34+00:00\" \/>\n<meta property=\"og:image\" content=\"https:\/\/bbqentertainment.com\/wp-content\/uploads\/2023\/05\/EAN-5060252161268-PRO-Q-grillsoe-brigetid-kookosekoorest-10-kg.jpg\" \/>\n\t<meta property=\"og:image:width\" content=\"1000\" \/>\n\t<meta property=\"og:image:height\" content=\"1200\" \/>\n\t<meta property=\"og:image:type\" content=\"image\/jpeg\" \/>\n<meta name=\"twitter:card\" content=\"summary_large_image\" \/>\n<script type=\"application\/ld+json\" class=\"yoast-schema-graph\">{\"@context\":\"https:\\\/\\\/schema.org\",\"@graph\":[{\"@type\":[\"WebPage\",\"ItemPage\"],\"@id\":\"https:\\\/\\\/bbqentertainment.com\\\/toode\\\/proq-grillsoe-brigetid-kookosekoorest-10-kg\\\/\",\"url\":\"https:\\\/\\\/bbqentertainment.com\\\/toode\\\/proq-grillsoe-brigetid-kookosekoorest-10-kg\\\/\",\"name\":\"ProQ grills\u00f6e-brigetid kookosekoorest 10 kg - BBQ Entertainment\",\"isPartOf\":{\"@id\":\"https:\\\/\\\/bbqentertainment.com\\\/#website\"},\"primaryImageOfPage\":{\"@id\":\"https:\\\/\\\/bbqentertainment.com\\\/toode\\\/proq-grillsoe-brigetid-kookosekoorest-10-kg\\\/#primaryimage\"},\"image\":{\"@id\":\"https:\\\/\\\/bbqentertainment.com\\\/toode\\\/proq-grillsoe-brigetid-kookosekoorest-10-kg\\\/#primaryimage\"},\"thumbnailUrl\":\"https:\\\/\\\/bbqentertainment.com\\\/wp-content\\\/uploads\\\/2023\\\/05\\\/EAN-5060252161268-PRO-Q-grillsoe-brigetid-kookosekoorest-10-kg.jpg\",\"datePublished\":\"2023-05-07T16:52:47+00:00\",\"dateModified\":\"2026-02-24T14:00:34+00:00\",\"breadcrumb\":{\"@id\":\"https:\\\/\\\/bbqentertainment.com\\\/toode\\\/proq-grillsoe-brigetid-kookosekoorest-10-kg\\\/#breadcrumb\"},\"inLanguage\":\"en-US\",\"potentialAction\":[{\"@type\":\"ReadAction\",\"target\":[\"https:\\\/\\\/bbqentertainment.com\\\/toode\\\/proq-grillsoe-brigetid-kookosekoorest-10-kg\\\/\"]}]},{\"@type\":\"ImageObject\",\"inLanguage\":\"en-US\",\"@id\":\"https:\\\/\\\/bbqentertainment.com\\\/toode\\\/proq-grillsoe-brigetid-kookosekoorest-10-kg\\\/#primaryimage\",\"url\":\"https:\\\/\\\/bbqentertainment.com\\\/wp-content\\\/uploads\\\/2023\\\/05\\\/EAN-5060252161268-PRO-Q-grillsoe-brigetid-kookosekoorest-10-kg.jpg\",\"contentUrl\":\"https:\\\/\\\/bbqentertainment.com\\\/wp-content\\\/uploads\\\/2023\\\/05\\\/EAN-5060252161268-PRO-Q-grillsoe-brigetid-kookosekoorest-10-kg.jpg\",\"width\":1000,\"height\":1200},{\"@type\":\"BreadcrumbList\",\"@id\":\"https:\\\/\\\/bbqentertainment.com\\\/toode\\\/proq-grillsoe-brigetid-kookosekoorest-10-kg\\\/#breadcrumb\",\"itemListElement\":[{\"@type\":\"ListItem\",\"position\":1,\"name\":\"AVALEHT\",\"item\":\"https:\\\/\\\/bbqentertainment.com\\\/en\\\/\"},{\"@type\":\"ListItem\",\"position\":2,\"name\":\"Tooted\",\"item\":\"https:\\\/\\\/bbqentertainment.com\\\/tooted\\\/\"},{\"@type\":\"ListItem\",\"position\":3,\"name\":\"K\u00fcte\",\"item\":\"https:\\\/\\\/bbqentertainment.com\\\/tootekategooria\\\/grillsusi\\\/\"},{\"@type\":\"ListItem\",\"position\":4,\"name\":\"Eksootilised grills\u00f6ed\",\"item\":\"https:\\\/\\\/bbqentertainment.com\\\/tootekategooria\\\/grillsusi\\\/eksootilised-grillsoed\\\/\"},{\"@type\":\"ListItem\",\"position\":5,\"name\":\"ProQ grills\u00f6e-brigetid kookosekoorest 10 kg\"}]},{\"@type\":\"WebSite\",\"@id\":\"https:\\\/\\\/bbqentertainment.com\\\/#website\",\"url\":\"https:\\\/\\\/bbqentertainment.com\\\/\",\"name\":\"BBQ Entertainment\",\"description\":\"BBQ is a great lifestyle, not just fun!\",\"publisher\":{\"@id\":\"https:\\\/\\\/bbqentertainment.com\\\/#organization\"},\"potentialAction\":[{\"@type\":\"SearchAction\",\"target\":{\"@type\":\"EntryPoint\",\"urlTemplate\":\"https:\\\/\\\/bbqentertainment.com\\\/?s={search_term_string}\"},\"query-input\":{\"@type\":\"PropertyValueSpecification\",\"valueRequired\":true,\"valueName\":\"search_term_string\"}}],\"inLanguage\":\"en-US\"},{\"@type\":\"Organization\",\"@id\":\"https:\\\/\\\/bbqentertainment.com\\\/#organization\",\"name\":\"BBQ Entertainment O\u00dc\",\"url\":\"https:\\\/\\\/bbqentertainment.com\\\/\",\"logo\":{\"@type\":\"ImageObject\",\"inLanguage\":\"en-US\",\"@id\":\"https:\\\/\\\/bbqentertainment.com\\\/#\\\/schema\\\/logo\\\/image\\\/\",\"url\":\"https:\\\/\\\/bbqentertainment.com\\\/wp-content\\\/uploads\\\/2020\\\/04\\\/BBQ-Entertainment-N-Catering-Enn-Tobreluts-Logo.png\",\"contentUrl\":\"https:\\\/\\\/bbqentertainment.com\\\/wp-content\\\/uploads\\\/2020\\\/04\\\/BBQ-Entertainment-N-Catering-Enn-Tobreluts-Logo.png\",\"width\":628,\"height\":266,\"caption\":\"BBQ Entertainment O\u00dc\"},\"image\":{\"@id\":\"https:\\\/\\\/bbqentertainment.com\\\/#\\\/schema\\\/logo\\\/image\\\/\"},\"sameAs\":[\"https:\\\/\\\/www.facebook.com\\\/BBQ-Entertainment-N-Catering-2437913376443540\",\"https:\\\/\\\/www.instagram.com\\\/bbqentertainmentncatering\\\/\",\"https:\\\/\\\/www.youtube.com\\\/channel\\\/UCmpuANQVhLy2Md8nrenp2jA\"]}]}<\/script>\n<!-- \/ Yoast SEO plugin. -->","yoast_head_json":{"title":"ProQ grills\u00f6e-brigetid kookosekoorest 10 kg - BBQ Entertainment","robots":{"index":"index","follow":"follow","max-snippet":"max-snippet:-1","max-image-preview":"max-image-preview:large","max-video-preview":"max-video-preview:-1"},"canonical":"https:\/\/bbqentertainment.com\/toode\/proq-grillsoe-brigetid-kookosekoorest-10-kg\/","og_locale":"en_US","og_type":"article","og_title":"ProQ grills\u00f6e-brigetid kookosekoorest 10 kg - BBQ Entertainment","og_description":"ProQ grills\u00f6e-brigetid kookosekoorest 10 kg   ProQ esmaklassilised grills\u00f6e-brigetid kookosekoorest on v\u00e4ga professionaalne lahendus grillmeistrile.  Selle grills\u00f6e tegemiseks ei rajuta puid, need on valmistatud kookosekoorest!  Neil on v\u00e4hem l\u00f5hna, kuna ei sisalda lisaaineid ega kemikaale. 100% looduslikud ja samuti t\u00e4iteainetevabad, seet\u00f5ttu j\u00e4tavad v\u00e4ga v\u00e4he tuhka.  Saab kasutada igas BBQ ahjus v\u00f5i grillil, sealhulgas keraamilistel grillidel.  P\u00f5leb 2\u20133 korda kauem kui tavaline grills\u00fcsi, muutes selle toote pikemaks k\u00fcpsetamise jaoks palju \u00f6konoomsemaks ja puhtamaks alternatiiviks tavalisele grills\u00f6ele. Lisaks p\u00f5leb see kookoss\u00fcsi kuumemalt kui tavaline grills\u00fcsi, mist\u00f5ttu on see ideaalne just grillimiseks ja t\u00e4nu pikemale h\u00f5\u00f5gumisajale ka ideaalne madalal kuumusel tasa-targu k\u00fcpsetamiseks.  Ruudukujuline brikett v\u00f5imaldab h\u00f5lpsalt virnastada, sobib suurep\u00e4raselt ka uss-meetodi jaoks jne.  Tehnilised andmed: \u2705 Karbi m\u00f5\u00f5tmed 220 x 265 x 260 mm, netokaal 10 kg \u2705 S\u00f6ebriketi suurus: 40 mm kuubikud \u2705 Madal tuhasisaldus (3\u20135%)","og_url":"https:\/\/bbqentertainment.com\/toode\/proq-grillsoe-brigetid-kookosekoorest-10-kg\/","og_site_name":"BBQ Entertainment","article_publisher":"https:\/\/www.facebook.com\/BBQ-Entertainment-N-Catering-2437913376443540","article_modified_time":"2026-02-24T14:00:34+00:00","og_image":[{"width":1000,"height":1200,"url":"https:\/\/bbqentertainment.com\/wp-content\/uploads\/2023\/05\/EAN-5060252161268-PRO-Q-grillsoe-brigetid-kookosekoorest-10-kg.jpg","type":"image\/jpeg"}],"twitter_card":"summary_large_image","schema":{"@context":"https:\/\/schema.org","@graph":[{"@type":["WebPage","ItemPage"],"@id":"https:\/\/bbqentertainment.com\/toode\/proq-grillsoe-brigetid-kookosekoorest-10-kg\/","url":"https:\/\/bbqentertainment.com\/toode\/proq-grillsoe-brigetid-kookosekoorest-10-kg\/","name":"ProQ grills\u00f6e-brigetid kookosekoorest 10 kg - BBQ Entertainment","isPartOf":{"@id":"https:\/\/bbqentertainment.com\/#website"},"primaryImageOfPage":{"@id":"https:\/\/bbqentertainment.com\/toode\/proq-grillsoe-brigetid-kookosekoorest-10-kg\/#primaryimage"},"image":{"@id":"https:\/\/bbqentertainment.com\/toode\/proq-grillsoe-brigetid-kookosekoorest-10-kg\/#primaryimage"},"thumbnailUrl":"https:\/\/bbqentertainment.com\/wp-content\/uploads\/2023\/05\/EAN-5060252161268-PRO-Q-grillsoe-brigetid-kookosekoorest-10-kg.jpg","datePublished":"2023-05-07T16:52:47+00:00","dateModified":"2026-02-24T14:00:34+00:00","breadcrumb":{"@id":"https:\/\/bbqentertainment.com\/toode\/proq-grillsoe-brigetid-kookosekoorest-10-kg\/#breadcrumb"},"inLanguage":"en-US","potentialAction":[{"@type":"ReadAction","target":["https:\/\/bbqentertainment.com\/toode\/proq-grillsoe-brigetid-kookosekoorest-10-kg\/"]}]},{"@type":"ImageObject","inLanguage":"en-US","@id":"https:\/\/bbqentertainment.com\/toode\/proq-grillsoe-brigetid-kookosekoorest-10-kg\/#primaryimage","url":"https:\/\/bbqentertainment.com\/wp-content\/uploads\/2023\/05\/EAN-5060252161268-PRO-Q-grillsoe-brigetid-kookosekoorest-10-kg.jpg","contentUrl":"https:\/\/bbqentertainment.com\/wp-content\/uploads\/2023\/05\/EAN-5060252161268-PRO-Q-grillsoe-brigetid-kookosekoorest-10-kg.jpg","width":1000,"height":1200},{"@type":"BreadcrumbList","@id":"https:\/\/bbqentertainment.com\/toode\/proq-grillsoe-brigetid-kookosekoorest-10-kg\/#breadcrumb","itemListElement":[{"@type":"ListItem","position":1,"name":"AVALEHT","item":"https:\/\/bbqentertainment.com\/en\/"},{"@type":"ListItem","position":2,"name":"Tooted","item":"https:\/\/bbqentertainment.com\/tooted\/"},{"@type":"ListItem","position":3,"name":"K\u00fcte","item":"https:\/\/bbqentertainment.com\/tootekategooria\/grillsusi\/"},{"@type":"ListItem","position":4,"name":"Eksootilised grills\u00f6ed","item":"https:\/\/bbqentertainment.com\/tootekategooria\/grillsusi\/eksootilised-grillsoed\/"},{"@type":"ListItem","position":5,"name":"ProQ grills\u00f6e-brigetid kookosekoorest 10 kg"}]},{"@type":"WebSite","@id":"https:\/\/bbqentertainment.com\/#website","url":"https:\/\/bbqentertainment.com\/","name":"BBQ Entertainment","description":"BBQ is a great lifestyle, not just fun!","publisher":{"@id":"https:\/\/bbqentertainment.com\/#organization"},"potentialAction":[{"@type":"SearchAction","target":{"@type":"EntryPoint","urlTemplate":"https:\/\/bbqentertainment.com\/?s={search_term_string}"},"query-input":{"@type":"PropertyValueSpecification","valueRequired":true,"valueName":"search_term_string"}}],"inLanguage":"en-US"},{"@type":"Organization","@id":"https:\/\/bbqentertainment.com\/#organization","name":"BBQ Entertainment O\u00dc","url":"https:\/\/bbqentertainment.com\/","logo":{"@type":"ImageObject","inLanguage":"en-US","@id":"https:\/\/bbqentertainment.com\/#\/schema\/logo\/image\/","url":"https:\/\/bbqentertainment.com\/wp-content\/uploads\/2020\/04\/BBQ-Entertainment-N-Catering-Enn-Tobreluts-Logo.png","contentUrl":"https:\/\/bbqentertainment.com\/wp-content\/uploads\/2020\/04\/BBQ-Entertainment-N-Catering-Enn-Tobreluts-Logo.png","width":628,"height":266,"caption":"BBQ Entertainment O\u00dc"},"image":{"@id":"https:\/\/bbqentertainment.com\/#\/schema\/logo\/image\/"},"sameAs":["https:\/\/www.facebook.com\/BBQ-Entertainment-N-Catering-2437913376443540","https:\/\/www.instagram.com\/bbqentertainmentncatering\/","https:\/\/www.youtube.com\/channel\/UCmpuANQVhLy2Md8nrenp2jA"]}]}},"_links":{"self":[{"href":"https:\/\/bbqentertainment.com\/en\/wp-json\/wp\/v2\/product\/241644","targetHints":{"allow":["GET"]}}],"collection":[{"href":"https:\/\/bbqentertainment.com\/en\/wp-json\/wp\/v2\/product"}],"about":[{"href":"https:\/\/bbqentertainment.com\/en\/wp-json\/wp\/v2\/types\/product"}],"wp:featuredmedia":[{"embeddable":true,"href":"https:\/\/bbqentertainment.com\/en\/wp-json\/wp\/v2\/media\/241659"}],"wp:attachment":[{"href":"https:\/\/bbqentertainment.com\/en\/wp-json\/wp\/v2\/media?parent=241644"}],"wp:term":[{"taxonomy":"product_brand","embeddable":true,"href":"https:\/\/bbqentertainment.com\/en\/wp-json\/wp\/v2\/product_brand?post=241644"},{"taxonomy":"product_cat","embeddable":true,"href":"https:\/\/bbqentertainment.com\/en\/wp-json\/wp\/v2\/product_cat?post=241644"},{"taxonomy":"product_tag","embeddable":true,"href":"https:\/\/bbqentertainment.com\/en\/wp-json\/wp\/v2\/product_tag?post=241644"}],"curies":[{"name":"wp","href":"https:\/\/api.w.org\/{rel}","templated":true}]}}