{"id":241666,"date":"2023-05-07T19:24:21","date_gmt":"2023-05-07T17:24:21","guid":{"rendered":"https:\/\/bbqentertainment.com\/?post_type=product&#038;p=241666"},"modified":"2026-02-24T15:45:30","modified_gmt":"2026-02-24T13:45:30","slug":"proq-travel-4in1-multi-tool","status":"publish","type":"product","link":"https:\/\/bbqentertainment.com\/en\/toode\/proq-travel-4in1-multi-tool\/","title":{"rendered":"ProQ Travel 4in1 Multi-tool \/ kokkupandav multifunktsonaalne grillit\u00f6\u00f6riist (grilltangid, -labidas, -kahvel, pudeli avaja)"},"content":{"rendered":"","protected":false},"excerpt":{"rendered":"<h3><span style=\"color: #000000;\"><strong>ProQ Travel 4in1 Multi-tool \/ kokkupandav multifunktsonaalne grillit\u00f6\u00f6riist (grilltangid, -labidas, -kahvel, pudeli avaja)<\/strong><\/span><\/h3>\n<ul>\n<li><span style=\"color: #000000; font-size: 14.399999px;\">ProQ BBQ Multi-Tool on ideaalne reisimiseks ja ka igap\u00e4evaseks kasutamiseks grillil.<\/span><\/li>\n<li><span style=\"color: #000000; font-size: 14.399999px;\">See geniaalne multifunktsionaalne grillimisriistade komplekt muundub kl\u00f5psu ja keerdk\u00e4iguga k\u00e4ep\u00e4rase grilltangi, grillkahvli, spaatli ja pudeliavaja vahel. Kvaliteetne ja kerge t\u00f6\u00f6riist libiseb kergesti taskusse, seljakotti v\u00f5i teie matkaauto s\u00f6\u00f6giriistade hoidikusse. Ideaalne t\u00f6\u00f6riist igale grillif\u00e4nnile liikvel olles ja ka suurep\u00e4rane kingitus \u2013 ideaalne BBQ-vidin!<\/span><\/li>\n<li><span style=\"color: #000000; font-size: 14.399999px;\">Kokkupandud m\u00f5\u00f5dud 230 x 60 x 30 mm, a<\/span><span style=\"color: #000000; font-size: 14.399999px;\">vatud m\u00f5\u00f5dud 292 x 60 x 110 mm, n<\/span><span style=\"color: #000000; font-size: 14.399999px;\">etokaal: 260g.<\/span><\/li>\n<li><span style=\"color: #000000; font-size: 14.399999px;\">Valmistatud 430 roostevabast terasest.<\/span><\/li>\n<li><span style=\"color: #000000;\">BBQ Entertainment O\u00dc on ProQ toodete eksklusiivne maaletooja.<\/span><\/li>\n<\/ul>\n","protected":false},"featured_media":241671,"template":"","meta":{"inline_featured_image":false},"product_brand":[],"product_cat":[473,92,479],"product_tag":[],"class_list":{"0":"post-241666","1":"product","2":"type-product","3":"status-publish","4":"has-post-thumbnail","6":"product_cat-pro-q","7":"product_cat-lisatarvikud","8":"product_cat-grillitarvikud","10":"first","11":"instock","12":"taxable","13":"shipping-taxable","14":"purchasable","15":"product-type-simple"},"yoast_head":"<!-- This site is optimized with the Yoast SEO plugin v27.4 - https:\/\/yoast.com\/product\/yoast-seo-wordpress\/ -->\n<title>ProQ Travel 4in1 Multi-tool \/ kokkupandav multifunktsonaalne grillit\u00f6\u00f6riist (grilltangid, -labidas, -kahvel, pudeli avaja) - BBQ Entertainment<\/title>\n<meta name=\"robots\" content=\"index, follow, max-snippet:-1, max-image-preview:large, max-video-preview:-1\" \/>\n<link rel=\"canonical\" href=\"https:\/\/bbqentertainment.com\/toode\/proq-travel-4in1-multi-tool\/\" \/>\n<meta property=\"og:locale\" content=\"en_US\" \/>\n<meta property=\"og:type\" content=\"article\" \/>\n<meta property=\"og:title\" content=\"ProQ Travel 4in1 Multi-tool \/ kokkupandav multifunktsonaalne grillit\u00f6\u00f6riist (grilltangid, -labidas, -kahvel, pudeli avaja) - BBQ Entertainment\" \/>\n<meta property=\"og:description\" content=\"ProQ Travel 4in1 Multi-tool \/ kokkupandav multifunktsonaalne grillit\u00f6\u00f6riist (grilltangid, -labidas, -kahvel, pudeli avaja)   ProQ BBQ Multi-Tool on ideaalne reisimiseks ja ka igap\u00e4evaseks kasutamiseks grillil.  See geniaalne multifunktsionaalne grillimisriistade komplekt muundub kl\u00f5psu ja keerdk\u00e4iguga k\u00e4ep\u00e4rase grilltangi, grillkahvli, spaatli ja pudeliavaja vahel. Kvaliteetne ja kerge t\u00f6\u00f6riist libiseb kergesti taskusse, seljakotti v\u00f5i teie matkaauto s\u00f6\u00f6giriistade hoidikusse. Ideaalne t\u00f6\u00f6riist igale grillif\u00e4nnile liikvel olles ja ka suurep\u00e4rane kingitus \u2013 ideaalne BBQ-vidin!  Kokkupandud m\u00f5\u00f5dud 230 x 60 x 30 mm, avatud m\u00f5\u00f5dud 292 x 60 x 110 mm, netokaal: 260g.  Valmistatud 430 roostevabast terasest.  BBQ Entertainment O\u00dc on ProQ toodete eksklusiivne maaletooja.\" \/>\n<meta property=\"og:url\" content=\"https:\/\/bbqentertainment.com\/toode\/proq-travel-4in1-multi-tool\/\" \/>\n<meta property=\"og:site_name\" content=\"BBQ Entertainment\" \/>\n<meta property=\"article:publisher\" content=\"https:\/\/www.facebook.com\/BBQ-Entertainment-N-Catering-2437913376443540\" \/>\n<meta property=\"article:modified_time\" content=\"2026-02-24T13:45:30+00:00\" \/>\n<meta property=\"og:image\" content=\"https:\/\/bbqentertainment.com\/wp-content\/uploads\/2023\/05\/EAN-5060252163514-ProQ-Travel-4in1-Multi-tool-kokkupandav-multifunktsonaalne-grillitooriist-grilltangid-labidas-kahvel-pudeli-avaja3.jpg.webp\" \/>\n\t<meta property=\"og:image:width\" content=\"1000\" \/>\n\t<meta property=\"og:image:height\" content=\"1200\" \/>\n\t<meta property=\"og:image:type\" content=\"image\/webp\" \/>\n<meta name=\"twitter:card\" content=\"summary_large_image\" \/>\n<meta name=\"twitter:label1\" content=\"Est. reading time\" \/>\n\t<meta name=\"twitter:data1\" content=\"1 minute\" \/>\n<script type=\"application\/ld+json\" class=\"yoast-schema-graph\">{\"@context\":\"https:\\\/\\\/schema.org\",\"@graph\":[{\"@type\":[\"WebPage\",\"ItemPage\"],\"@id\":\"https:\\\/\\\/bbqentertainment.com\\\/toode\\\/proq-travel-4in1-multi-tool\\\/\",\"url\":\"https:\\\/\\\/bbqentertainment.com\\\/toode\\\/proq-travel-4in1-multi-tool\\\/\",\"name\":\"ProQ Travel 4in1 Multi-tool \\\/ kokkupandav multifunktsonaalne grillit\u00f6\u00f6riist (grilltangid, -labidas, -kahvel, pudeli avaja) - BBQ Entertainment\",\"isPartOf\":{\"@id\":\"https:\\\/\\\/bbqentertainment.com\\\/#website\"},\"primaryImageOfPage\":{\"@id\":\"https:\\\/\\\/bbqentertainment.com\\\/toode\\\/proq-travel-4in1-multi-tool\\\/#primaryimage\"},\"image\":{\"@id\":\"https:\\\/\\\/bbqentertainment.com\\\/toode\\\/proq-travel-4in1-multi-tool\\\/#primaryimage\"},\"thumbnailUrl\":\"https:\\\/\\\/bbqentertainment.com\\\/wp-content\\\/uploads\\\/2023\\\/05\\\/EAN-5060252163514-ProQ-Travel-4in1-Multi-tool-kokkupandav-multifunktsonaalne-grillitooriist-grilltangid-labidas-kahvel-pudeli-avaja3.jpg.webp\",\"datePublished\":\"2023-05-07T17:24:21+00:00\",\"dateModified\":\"2026-02-24T13:45:30+00:00\",\"breadcrumb\":{\"@id\":\"https:\\\/\\\/bbqentertainment.com\\\/toode\\\/proq-travel-4in1-multi-tool\\\/#breadcrumb\"},\"inLanguage\":\"en-US\",\"potentialAction\":[{\"@type\":\"ReadAction\",\"target\":[\"https:\\\/\\\/bbqentertainment.com\\\/toode\\\/proq-travel-4in1-multi-tool\\\/\"]}]},{\"@type\":\"ImageObject\",\"inLanguage\":\"en-US\",\"@id\":\"https:\\\/\\\/bbqentertainment.com\\\/toode\\\/proq-travel-4in1-multi-tool\\\/#primaryimage\",\"url\":\"https:\\\/\\\/bbqentertainment.com\\\/wp-content\\\/uploads\\\/2023\\\/05\\\/EAN-5060252163514-ProQ-Travel-4in1-Multi-tool-kokkupandav-multifunktsonaalne-grillitooriist-grilltangid-labidas-kahvel-pudeli-avaja3.jpg.webp\",\"contentUrl\":\"https:\\\/\\\/bbqentertainment.com\\\/wp-content\\\/uploads\\\/2023\\\/05\\\/EAN-5060252163514-ProQ-Travel-4in1-Multi-tool-kokkupandav-multifunktsonaalne-grillitooriist-grilltangid-labidas-kahvel-pudeli-avaja3.jpg.webp\",\"width\":1000,\"height\":1200},{\"@type\":\"BreadcrumbList\",\"@id\":\"https:\\\/\\\/bbqentertainment.com\\\/toode\\\/proq-travel-4in1-multi-tool\\\/#breadcrumb\",\"itemListElement\":[{\"@type\":\"ListItem\",\"position\":1,\"name\":\"AVALEHT\",\"item\":\"https:\\\/\\\/bbqentertainment.com\\\/en\\\/\"},{\"@type\":\"ListItem\",\"position\":2,\"name\":\"Tooted\",\"item\":\"https:\\\/\\\/bbqentertainment.com\\\/tooted\\\/\"},{\"@type\":\"ListItem\",\"position\":3,\"name\":\"Grillid ja ahjud\",\"item\":\"https:\\\/\\\/bbqentertainment.com\\\/tootekategooria\\\/grillid-ja-ahjud\\\/\"},{\"@type\":\"ListItem\",\"position\":4,\"name\":\"PRO Q\",\"item\":\"https:\\\/\\\/bbqentertainment.com\\\/tootekategooria\\\/grillid-ja-ahjud\\\/pro-q\\\/\"},{\"@type\":\"ListItem\",\"position\":5,\"name\":\"ProQ Travel 4in1 Multi-tool \\\/ kokkupandav multifunktsonaalne grillit\u00f6\u00f6riist (grilltangid, -labidas, -kahvel, pudeli avaja)\"}]},{\"@type\":\"WebSite\",\"@id\":\"https:\\\/\\\/bbqentertainment.com\\\/#website\",\"url\":\"https:\\\/\\\/bbqentertainment.com\\\/\",\"name\":\"BBQ Entertainment\",\"description\":\"BBQ is a great lifestyle, not just fun!\",\"publisher\":{\"@id\":\"https:\\\/\\\/bbqentertainment.com\\\/#organization\"},\"potentialAction\":[{\"@type\":\"SearchAction\",\"target\":{\"@type\":\"EntryPoint\",\"urlTemplate\":\"https:\\\/\\\/bbqentertainment.com\\\/?s={search_term_string}\"},\"query-input\":{\"@type\":\"PropertyValueSpecification\",\"valueRequired\":true,\"valueName\":\"search_term_string\"}}],\"inLanguage\":\"en-US\"},{\"@type\":\"Organization\",\"@id\":\"https:\\\/\\\/bbqentertainment.com\\\/#organization\",\"name\":\"BBQ Entertainment O\u00dc\",\"url\":\"https:\\\/\\\/bbqentertainment.com\\\/\",\"logo\":{\"@type\":\"ImageObject\",\"inLanguage\":\"en-US\",\"@id\":\"https:\\\/\\\/bbqentertainment.com\\\/#\\\/schema\\\/logo\\\/image\\\/\",\"url\":\"https:\\\/\\\/bbqentertainment.com\\\/wp-content\\\/uploads\\\/2020\\\/04\\\/BBQ-Entertainment-N-Catering-Enn-Tobreluts-Logo.png\",\"contentUrl\":\"https:\\\/\\\/bbqentertainment.com\\\/wp-content\\\/uploads\\\/2020\\\/04\\\/BBQ-Entertainment-N-Catering-Enn-Tobreluts-Logo.png\",\"width\":628,\"height\":266,\"caption\":\"BBQ Entertainment O\u00dc\"},\"image\":{\"@id\":\"https:\\\/\\\/bbqentertainment.com\\\/#\\\/schema\\\/logo\\\/image\\\/\"},\"sameAs\":[\"https:\\\/\\\/www.facebook.com\\\/BBQ-Entertainment-N-Catering-2437913376443540\",\"https:\\\/\\\/www.instagram.com\\\/bbqentertainmentncatering\\\/\",\"https:\\\/\\\/www.youtube.com\\\/channel\\\/UCmpuANQVhLy2Md8nrenp2jA\"]}]}<\/script>\n<!-- \/ Yoast SEO plugin. -->","yoast_head_json":{"title":"ProQ Travel 4in1 Multi-tool \/ kokkupandav multifunktsonaalne grillit\u00f6\u00f6riist (grilltangid, -labidas, -kahvel, pudeli avaja) - BBQ Entertainment","robots":{"index":"index","follow":"follow","max-snippet":"max-snippet:-1","max-image-preview":"max-image-preview:large","max-video-preview":"max-video-preview:-1"},"canonical":"https:\/\/bbqentertainment.com\/toode\/proq-travel-4in1-multi-tool\/","og_locale":"en_US","og_type":"article","og_title":"ProQ Travel 4in1 Multi-tool \/ kokkupandav multifunktsonaalne grillit\u00f6\u00f6riist (grilltangid, -labidas, -kahvel, pudeli avaja) - BBQ Entertainment","og_description":"ProQ Travel 4in1 Multi-tool \/ kokkupandav multifunktsonaalne grillit\u00f6\u00f6riist (grilltangid, -labidas, -kahvel, pudeli avaja)   ProQ BBQ Multi-Tool on ideaalne reisimiseks ja ka igap\u00e4evaseks kasutamiseks grillil.  See geniaalne multifunktsionaalne grillimisriistade komplekt muundub kl\u00f5psu ja keerdk\u00e4iguga k\u00e4ep\u00e4rase grilltangi, grillkahvli, spaatli ja pudeliavaja vahel. Kvaliteetne ja kerge t\u00f6\u00f6riist libiseb kergesti taskusse, seljakotti v\u00f5i teie matkaauto s\u00f6\u00f6giriistade hoidikusse. Ideaalne t\u00f6\u00f6riist igale grillif\u00e4nnile liikvel olles ja ka suurep\u00e4rane kingitus \u2013 ideaalne BBQ-vidin!  Kokkupandud m\u00f5\u00f5dud 230 x 60 x 30 mm, avatud m\u00f5\u00f5dud 292 x 60 x 110 mm, netokaal: 260g.  Valmistatud 430 roostevabast terasest.  BBQ Entertainment O\u00dc on ProQ toodete eksklusiivne maaletooja.","og_url":"https:\/\/bbqentertainment.com\/toode\/proq-travel-4in1-multi-tool\/","og_site_name":"BBQ Entertainment","article_publisher":"https:\/\/www.facebook.com\/BBQ-Entertainment-N-Catering-2437913376443540","article_modified_time":"2026-02-24T13:45:30+00:00","og_image":[{"width":1000,"height":1200,"url":"https:\/\/bbqentertainment.com\/wp-content\/uploads\/2023\/05\/EAN-5060252163514-ProQ-Travel-4in1-Multi-tool-kokkupandav-multifunktsonaalne-grillitooriist-grilltangid-labidas-kahvel-pudeli-avaja3.jpg.webp","type":"image\/webp"}],"twitter_card":"summary_large_image","twitter_misc":{"Est. reading time":"1 minute"},"schema":{"@context":"https:\/\/schema.org","@graph":[{"@type":["WebPage","ItemPage"],"@id":"https:\/\/bbqentertainment.com\/toode\/proq-travel-4in1-multi-tool\/","url":"https:\/\/bbqentertainment.com\/toode\/proq-travel-4in1-multi-tool\/","name":"ProQ Travel 4in1 Multi-tool \/ kokkupandav multifunktsonaalne grillit\u00f6\u00f6riist (grilltangid, -labidas, -kahvel, pudeli avaja) - BBQ Entertainment","isPartOf":{"@id":"https:\/\/bbqentertainment.com\/#website"},"primaryImageOfPage":{"@id":"https:\/\/bbqentertainment.com\/toode\/proq-travel-4in1-multi-tool\/#primaryimage"},"image":{"@id":"https:\/\/bbqentertainment.com\/toode\/proq-travel-4in1-multi-tool\/#primaryimage"},"thumbnailUrl":"https:\/\/bbqentertainment.com\/wp-content\/uploads\/2023\/05\/EAN-5060252163514-ProQ-Travel-4in1-Multi-tool-kokkupandav-multifunktsonaalne-grillitooriist-grilltangid-labidas-kahvel-pudeli-avaja3.jpg.webp","datePublished":"2023-05-07T17:24:21+00:00","dateModified":"2026-02-24T13:45:30+00:00","breadcrumb":{"@id":"https:\/\/bbqentertainment.com\/toode\/proq-travel-4in1-multi-tool\/#breadcrumb"},"inLanguage":"en-US","potentialAction":[{"@type":"ReadAction","target":["https:\/\/bbqentertainment.com\/toode\/proq-travel-4in1-multi-tool\/"]}]},{"@type":"ImageObject","inLanguage":"en-US","@id":"https:\/\/bbqentertainment.com\/toode\/proq-travel-4in1-multi-tool\/#primaryimage","url":"https:\/\/bbqentertainment.com\/wp-content\/uploads\/2023\/05\/EAN-5060252163514-ProQ-Travel-4in1-Multi-tool-kokkupandav-multifunktsonaalne-grillitooriist-grilltangid-labidas-kahvel-pudeli-avaja3.jpg.webp","contentUrl":"https:\/\/bbqentertainment.com\/wp-content\/uploads\/2023\/05\/EAN-5060252163514-ProQ-Travel-4in1-Multi-tool-kokkupandav-multifunktsonaalne-grillitooriist-grilltangid-labidas-kahvel-pudeli-avaja3.jpg.webp","width":1000,"height":1200},{"@type":"BreadcrumbList","@id":"https:\/\/bbqentertainment.com\/toode\/proq-travel-4in1-multi-tool\/#breadcrumb","itemListElement":[{"@type":"ListItem","position":1,"name":"AVALEHT","item":"https:\/\/bbqentertainment.com\/en\/"},{"@type":"ListItem","position":2,"name":"Tooted","item":"https:\/\/bbqentertainment.com\/tooted\/"},{"@type":"ListItem","position":3,"name":"Grillid ja ahjud","item":"https:\/\/bbqentertainment.com\/tootekategooria\/grillid-ja-ahjud\/"},{"@type":"ListItem","position":4,"name":"PRO Q","item":"https:\/\/bbqentertainment.com\/tootekategooria\/grillid-ja-ahjud\/pro-q\/"},{"@type":"ListItem","position":5,"name":"ProQ Travel 4in1 Multi-tool \/ kokkupandav multifunktsonaalne grillit\u00f6\u00f6riist (grilltangid, -labidas, -kahvel, pudeli avaja)"}]},{"@type":"WebSite","@id":"https:\/\/bbqentertainment.com\/#website","url":"https:\/\/bbqentertainment.com\/","name":"BBQ Entertainment","description":"BBQ is a great lifestyle, not just fun!","publisher":{"@id":"https:\/\/bbqentertainment.com\/#organization"},"potentialAction":[{"@type":"SearchAction","target":{"@type":"EntryPoint","urlTemplate":"https:\/\/bbqentertainment.com\/?s={search_term_string}"},"query-input":{"@type":"PropertyValueSpecification","valueRequired":true,"valueName":"search_term_string"}}],"inLanguage":"en-US"},{"@type":"Organization","@id":"https:\/\/bbqentertainment.com\/#organization","name":"BBQ Entertainment O\u00dc","url":"https:\/\/bbqentertainment.com\/","logo":{"@type":"ImageObject","inLanguage":"en-US","@id":"https:\/\/bbqentertainment.com\/#\/schema\/logo\/image\/","url":"https:\/\/bbqentertainment.com\/wp-content\/uploads\/2020\/04\/BBQ-Entertainment-N-Catering-Enn-Tobreluts-Logo.png","contentUrl":"https:\/\/bbqentertainment.com\/wp-content\/uploads\/2020\/04\/BBQ-Entertainment-N-Catering-Enn-Tobreluts-Logo.png","width":628,"height":266,"caption":"BBQ Entertainment O\u00dc"},"image":{"@id":"https:\/\/bbqentertainment.com\/#\/schema\/logo\/image\/"},"sameAs":["https:\/\/www.facebook.com\/BBQ-Entertainment-N-Catering-2437913376443540","https:\/\/www.instagram.com\/bbqentertainmentncatering\/","https:\/\/www.youtube.com\/channel\/UCmpuANQVhLy2Md8nrenp2jA"]}]}},"_links":{"self":[{"href":"https:\/\/bbqentertainment.com\/en\/wp-json\/wp\/v2\/product\/241666","targetHints":{"allow":["GET"]}}],"collection":[{"href":"https:\/\/bbqentertainment.com\/en\/wp-json\/wp\/v2\/product"}],"about":[{"href":"https:\/\/bbqentertainment.com\/en\/wp-json\/wp\/v2\/types\/product"}],"wp:featuredmedia":[{"embeddable":true,"href":"https:\/\/bbqentertainment.com\/en\/wp-json\/wp\/v2\/media\/241671"}],"wp:attachment":[{"href":"https:\/\/bbqentertainment.com\/en\/wp-json\/wp\/v2\/media?parent=241666"}],"wp:term":[{"taxonomy":"product_brand","embeddable":true,"href":"https:\/\/bbqentertainment.com\/en\/wp-json\/wp\/v2\/product_brand?post=241666"},{"taxonomy":"product_cat","embeddable":true,"href":"https:\/\/bbqentertainment.com\/en\/wp-json\/wp\/v2\/product_cat?post=241666"},{"taxonomy":"product_tag","embeddable":true,"href":"https:\/\/bbqentertainment.com\/en\/wp-json\/wp\/v2\/product_tag?post=241666"}],"curies":[{"name":"wp","href":"https:\/\/api.w.org\/{rel}","templated":true}]}}