{"id":241681,"date":"2023-05-07T20:35:50","date_gmt":"2023-05-07T17:35:50","guid":{"rendered":"https:\/\/bbqentertainment.com\/?post_type=product&#038;p=241681"},"modified":"2026-02-24T15:45:30","modified_gmt":"2026-02-24T13:45:30","slug":"proq-flatdog-kokkupandav-portfell-bbq-grill","status":"publish","type":"product","link":"https:\/\/bbqentertainment.com\/en\/toode\/proq-flatdog-kokkupandav-portfell-bbq-grill\/","title":{"rendered":"ProQ FLATDOG kokkupandav portfell-BBQ\/GRILL (roostevabast terasest)"},"content":{"rendered":"","protected":false},"excerpt":{"rendered":"<h3><span style=\"color: #000000;\"><strong>ProQ FLATDOG kokkupandav portfell-BBQ\/GRILL (roostevabast terasest)<\/strong><\/span><\/h3>\n<ul>\n<li><span style=\"color: #000000;\">ProQ Flatdog on kokkupandav kaasaskantav s\u00f6egrill. <\/span><span style=\"color: #000000; font-size: 14.399999px;\">See on korduvkasutatav, kvaliteetne ja mis k\u00f5ige parem&#8230; see t\u00f6\u00f6tab t\u00f5esti v\u00e4ga h\u00e4sti! Kokkupandav ja kompaktne Flatdog v\u00f5tab minimaalselt ruumi ja pakitakse sama \u00f5hukeseks kui s\u00fclearvuti (25 mm) \u2013 ideaalne reisigrill.<\/span><\/li>\n<li><span style=\"color: #000000; font-size: 14.399999px;\">Flatdogil on turul pakutavatest kompaktsetest kaasaskantavatest grillidest suurim toiduvalmistamisala. Ideaalne telkimiseks, haagissuvilasse, matkamiseks v\u00f5i randa reisimiseks. ProQ Flatdog on keskkonnateadlik alternatiiv \u00fchekordsetele grillidele.<\/span><\/li>\n<li><span style=\"color: #000000; font-size: 14.399999px;\">See grill k\u00e4ib sekundiga lahti ja on peaaegu koheselt k\u00fcpsetamiseks valmis. Flat-Dogi grillrestid on valmistatud kergesti puhastatavast kvaliteetsest roostevabast terasest vastupidavuse ja roostekindluse tagamiseks. Flat Dog on korduvkasutatav ja loodud kestma.<\/span><\/li>\n<li><span style=\"color: #000000;\">Lamepakendi suurus 422 x 322 x 25 mm, kokkupandud m\u00f5\u00f5dud 422 x 322 x 180 mm, grilli suurus 385 x 300 mm. Kaal 4,65 kg.<\/span><\/li>\n<li><span style=\"color: #000000;\">BBQ Entertainment O\u00dc on ProQ toodete eksklusiivne maaletooja.<\/span><\/li>\n<\/ul>\n","protected":false},"featured_media":241682,"template":"","meta":{"inline_featured_image":false},"product_brand":[],"product_cat":[17,473,238],"product_tag":[],"class_list":{"0":"post-241681","1":"product","2":"type-product","3":"status-publish","4":"has-post-thumbnail","6":"product_cat-grillid-ja-ahjud","7":"product_cat-pro-q","8":"product_cat-muud-grillid-ja-ahjud","9":"product_shipping_class-ainult-ise-jarele-tulemisega","11":"first","12":"instock","13":"taxable","14":"shipping-taxable","15":"purchasable","16":"product-type-simple"},"yoast_head":"<!-- This site is optimized with the Yoast SEO plugin v27.4 - https:\/\/yoast.com\/product\/yoast-seo-wordpress\/ -->\n<title>ProQ FLATDOG kokkupandav portfell-BBQ\/GRILL (roostevabast terasest) - BBQ Entertainment<\/title>\n<meta name=\"robots\" content=\"index, follow, max-snippet:-1, max-image-preview:large, max-video-preview:-1\" \/>\n<link rel=\"canonical\" href=\"https:\/\/bbqentertainment.com\/toode\/proq-flatdog-kokkupandav-portfell-bbq-grill\/\" \/>\n<meta property=\"og:locale\" content=\"en_US\" \/>\n<meta property=\"og:type\" content=\"article\" \/>\n<meta property=\"og:title\" content=\"ProQ FLATDOG kokkupandav portfell-BBQ\/GRILL (roostevabast terasest) - BBQ Entertainment\" \/>\n<meta property=\"og:description\" content=\"ProQ FLATDOG kokkupandav portfell-BBQ\/GRILL (roostevabast terasest)ProQ Flatdog on kokkupandav kaasaskantav s\u00f6egrill. See on korduvkasutatav, kvaliteetne ja mis k\u00f5ige parem... see t\u00f6\u00f6tab t\u00f5esti v\u00e4ga h\u00e4sti! Kokkupandav ja kompaktne Flatdog v\u00f5tab minimaalselt ruumi ja pakitakse sama \u00f5hukeseks kui s\u00fclearvuti (25 mm) \u2013 ideaalne reisigrill.Flatdogil on turul pakutavatest kompaktsetest kaasaskantavatest grillidest suurim toiduvalmistamisala. Ideaalne telkimiseks, haagissuvilasse, matkamiseks v\u00f5i randa reisimiseks. ProQ Flatdog on keskkonnateadlik alternatiiv \u00fchekordsetele grillidele.See grill k\u00e4ib sekundiga lahti ja on peaaegu koheselt k\u00fcpsetamiseks valmis. Flat-Dogi grillrestid on valmistatud kergesti puhastatavast kvaliteetsest roostevabast terasest vastupidavuse ja roostekindluse tagamiseks. Flat Dog on korduvkasutatav ja loodud kestma.Lamepakendi suurus 422 x 322 x 25 mm, kokkupandud m\u00f5\u00f5dud 422 x 322 x 180 mm, grilli suurus 385 x 300 mm. Kaal 4,65 kg.BBQ Entertainment O\u00dc on ProQ toodete eksklusiivne maaletooja.\" \/>\n<meta property=\"og:url\" content=\"https:\/\/bbqentertainment.com\/toode\/proq-flatdog-kokkupandav-portfell-bbq-grill\/\" \/>\n<meta property=\"og:site_name\" content=\"BBQ Entertainment\" \/>\n<meta property=\"article:publisher\" content=\"https:\/\/www.facebook.com\/BBQ-Entertainment-N-Catering-2437913376443540\" \/>\n<meta property=\"article:modified_time\" content=\"2026-02-24T13:45:30+00:00\" \/>\n<meta property=\"og:image\" content=\"https:\/\/bbqentertainment.com\/wp-content\/uploads\/2023\/05\/EAN-5060252163477-ProQ-FLATDOG-kokkupandav-portfell-BBQGRILL-roostevabast-terasest.jpg.webp\" \/>\n\t<meta property=\"og:image:width\" content=\"1000\" \/>\n\t<meta property=\"og:image:height\" content=\"1200\" \/>\n\t<meta property=\"og:image:type\" content=\"image\/webp\" \/>\n<meta name=\"twitter:card\" content=\"summary_large_image\" \/>\n<script type=\"application\/ld+json\" class=\"yoast-schema-graph\">{\"@context\":\"https:\\\/\\\/schema.org\",\"@graph\":[{\"@type\":[\"WebPage\",\"ItemPage\"],\"@id\":\"https:\\\/\\\/bbqentertainment.com\\\/toode\\\/proq-flatdog-kokkupandav-portfell-bbq-grill\\\/\",\"url\":\"https:\\\/\\\/bbqentertainment.com\\\/toode\\\/proq-flatdog-kokkupandav-portfell-bbq-grill\\\/\",\"name\":\"ProQ FLATDOG kokkupandav portfell-BBQ\\\/GRILL (roostevabast terasest) - BBQ Entertainment\",\"isPartOf\":{\"@id\":\"https:\\\/\\\/bbqentertainment.com\\\/#website\"},\"primaryImageOfPage\":{\"@id\":\"https:\\\/\\\/bbqentertainment.com\\\/toode\\\/proq-flatdog-kokkupandav-portfell-bbq-grill\\\/#primaryimage\"},\"image\":{\"@id\":\"https:\\\/\\\/bbqentertainment.com\\\/toode\\\/proq-flatdog-kokkupandav-portfell-bbq-grill\\\/#primaryimage\"},\"thumbnailUrl\":\"https:\\\/\\\/bbqentertainment.com\\\/wp-content\\\/uploads\\\/2023\\\/05\\\/EAN-5060252163477-ProQ-FLATDOG-kokkupandav-portfell-BBQGRILL-roostevabast-terasest.jpg.webp\",\"datePublished\":\"2023-05-07T17:35:50+00:00\",\"dateModified\":\"2026-02-24T13:45:30+00:00\",\"breadcrumb\":{\"@id\":\"https:\\\/\\\/bbqentertainment.com\\\/toode\\\/proq-flatdog-kokkupandav-portfell-bbq-grill\\\/#breadcrumb\"},\"inLanguage\":\"en-US\",\"potentialAction\":[{\"@type\":\"ReadAction\",\"target\":[\"https:\\\/\\\/bbqentertainment.com\\\/toode\\\/proq-flatdog-kokkupandav-portfell-bbq-grill\\\/\"]}]},{\"@type\":\"ImageObject\",\"inLanguage\":\"en-US\",\"@id\":\"https:\\\/\\\/bbqentertainment.com\\\/toode\\\/proq-flatdog-kokkupandav-portfell-bbq-grill\\\/#primaryimage\",\"url\":\"https:\\\/\\\/bbqentertainment.com\\\/wp-content\\\/uploads\\\/2023\\\/05\\\/EAN-5060252163477-ProQ-FLATDOG-kokkupandav-portfell-BBQGRILL-roostevabast-terasest.jpg.webp\",\"contentUrl\":\"https:\\\/\\\/bbqentertainment.com\\\/wp-content\\\/uploads\\\/2023\\\/05\\\/EAN-5060252163477-ProQ-FLATDOG-kokkupandav-portfell-BBQGRILL-roostevabast-terasest.jpg.webp\",\"width\":1000,\"height\":1200},{\"@type\":\"BreadcrumbList\",\"@id\":\"https:\\\/\\\/bbqentertainment.com\\\/toode\\\/proq-flatdog-kokkupandav-portfell-bbq-grill\\\/#breadcrumb\",\"itemListElement\":[{\"@type\":\"ListItem\",\"position\":1,\"name\":\"AVALEHT\",\"item\":\"https:\\\/\\\/bbqentertainment.com\\\/en\\\/\"},{\"@type\":\"ListItem\",\"position\":2,\"name\":\"Tooted\",\"item\":\"https:\\\/\\\/bbqentertainment.com\\\/tooted\\\/\"},{\"@type\":\"ListItem\",\"position\":3,\"name\":\"Grillid ja ahjud\",\"item\":\"https:\\\/\\\/bbqentertainment.com\\\/tootekategooria\\\/grillid-ja-ahjud\\\/\"},{\"@type\":\"ListItem\",\"position\":4,\"name\":\"PRO Q\",\"item\":\"https:\\\/\\\/bbqentertainment.com\\\/tootekategooria\\\/grillid-ja-ahjud\\\/pro-q\\\/\"},{\"@type\":\"ListItem\",\"position\":5,\"name\":\"ProQ FLATDOG kokkupandav portfell-BBQ\\\/GRILL (roostevabast terasest)\"}]},{\"@type\":\"WebSite\",\"@id\":\"https:\\\/\\\/bbqentertainment.com\\\/#website\",\"url\":\"https:\\\/\\\/bbqentertainment.com\\\/\",\"name\":\"BBQ Entertainment\",\"description\":\"BBQ is a great lifestyle, not just fun!\",\"publisher\":{\"@id\":\"https:\\\/\\\/bbqentertainment.com\\\/#organization\"},\"potentialAction\":[{\"@type\":\"SearchAction\",\"target\":{\"@type\":\"EntryPoint\",\"urlTemplate\":\"https:\\\/\\\/bbqentertainment.com\\\/?s={search_term_string}\"},\"query-input\":{\"@type\":\"PropertyValueSpecification\",\"valueRequired\":true,\"valueName\":\"search_term_string\"}}],\"inLanguage\":\"en-US\"},{\"@type\":\"Organization\",\"@id\":\"https:\\\/\\\/bbqentertainment.com\\\/#organization\",\"name\":\"BBQ Entertainment O\u00dc\",\"url\":\"https:\\\/\\\/bbqentertainment.com\\\/\",\"logo\":{\"@type\":\"ImageObject\",\"inLanguage\":\"en-US\",\"@id\":\"https:\\\/\\\/bbqentertainment.com\\\/#\\\/schema\\\/logo\\\/image\\\/\",\"url\":\"https:\\\/\\\/bbqentertainment.com\\\/wp-content\\\/uploads\\\/2020\\\/04\\\/BBQ-Entertainment-N-Catering-Enn-Tobreluts-Logo.png\",\"contentUrl\":\"https:\\\/\\\/bbqentertainment.com\\\/wp-content\\\/uploads\\\/2020\\\/04\\\/BBQ-Entertainment-N-Catering-Enn-Tobreluts-Logo.png\",\"width\":628,\"height\":266,\"caption\":\"BBQ Entertainment O\u00dc\"},\"image\":{\"@id\":\"https:\\\/\\\/bbqentertainment.com\\\/#\\\/schema\\\/logo\\\/image\\\/\"},\"sameAs\":[\"https:\\\/\\\/www.facebook.com\\\/BBQ-Entertainment-N-Catering-2437913376443540\",\"https:\\\/\\\/www.instagram.com\\\/bbqentertainmentncatering\\\/\",\"https:\\\/\\\/www.youtube.com\\\/channel\\\/UCmpuANQVhLy2Md8nrenp2jA\"]}]}<\/script>\n<!-- \/ Yoast SEO plugin. -->","yoast_head_json":{"title":"ProQ FLATDOG kokkupandav portfell-BBQ\/GRILL (roostevabast terasest) - BBQ Entertainment","robots":{"index":"index","follow":"follow","max-snippet":"max-snippet:-1","max-image-preview":"max-image-preview:large","max-video-preview":"max-video-preview:-1"},"canonical":"https:\/\/bbqentertainment.com\/toode\/proq-flatdog-kokkupandav-portfell-bbq-grill\/","og_locale":"en_US","og_type":"article","og_title":"ProQ FLATDOG kokkupandav portfell-BBQ\/GRILL (roostevabast terasest) - BBQ Entertainment","og_description":"ProQ FLATDOG kokkupandav portfell-BBQ\/GRILL (roostevabast terasest)ProQ Flatdog on kokkupandav kaasaskantav s\u00f6egrill. See on korduvkasutatav, kvaliteetne ja mis k\u00f5ige parem... see t\u00f6\u00f6tab t\u00f5esti v\u00e4ga h\u00e4sti! Kokkupandav ja kompaktne Flatdog v\u00f5tab minimaalselt ruumi ja pakitakse sama \u00f5hukeseks kui s\u00fclearvuti (25 mm) \u2013 ideaalne reisigrill.Flatdogil on turul pakutavatest kompaktsetest kaasaskantavatest grillidest suurim toiduvalmistamisala. Ideaalne telkimiseks, haagissuvilasse, matkamiseks v\u00f5i randa reisimiseks. ProQ Flatdog on keskkonnateadlik alternatiiv \u00fchekordsetele grillidele.See grill k\u00e4ib sekundiga lahti ja on peaaegu koheselt k\u00fcpsetamiseks valmis. Flat-Dogi grillrestid on valmistatud kergesti puhastatavast kvaliteetsest roostevabast terasest vastupidavuse ja roostekindluse tagamiseks. Flat Dog on korduvkasutatav ja loodud kestma.Lamepakendi suurus 422 x 322 x 25 mm, kokkupandud m\u00f5\u00f5dud 422 x 322 x 180 mm, grilli suurus 385 x 300 mm. Kaal 4,65 kg.BBQ Entertainment O\u00dc on ProQ toodete eksklusiivne maaletooja.","og_url":"https:\/\/bbqentertainment.com\/toode\/proq-flatdog-kokkupandav-portfell-bbq-grill\/","og_site_name":"BBQ Entertainment","article_publisher":"https:\/\/www.facebook.com\/BBQ-Entertainment-N-Catering-2437913376443540","article_modified_time":"2026-02-24T13:45:30+00:00","og_image":[{"width":1000,"height":1200,"url":"https:\/\/bbqentertainment.com\/wp-content\/uploads\/2023\/05\/EAN-5060252163477-ProQ-FLATDOG-kokkupandav-portfell-BBQGRILL-roostevabast-terasest.jpg.webp","type":"image\/webp"}],"twitter_card":"summary_large_image","schema":{"@context":"https:\/\/schema.org","@graph":[{"@type":["WebPage","ItemPage"],"@id":"https:\/\/bbqentertainment.com\/toode\/proq-flatdog-kokkupandav-portfell-bbq-grill\/","url":"https:\/\/bbqentertainment.com\/toode\/proq-flatdog-kokkupandav-portfell-bbq-grill\/","name":"ProQ FLATDOG kokkupandav portfell-BBQ\/GRILL (roostevabast terasest) - BBQ Entertainment","isPartOf":{"@id":"https:\/\/bbqentertainment.com\/#website"},"primaryImageOfPage":{"@id":"https:\/\/bbqentertainment.com\/toode\/proq-flatdog-kokkupandav-portfell-bbq-grill\/#primaryimage"},"image":{"@id":"https:\/\/bbqentertainment.com\/toode\/proq-flatdog-kokkupandav-portfell-bbq-grill\/#primaryimage"},"thumbnailUrl":"https:\/\/bbqentertainment.com\/wp-content\/uploads\/2023\/05\/EAN-5060252163477-ProQ-FLATDOG-kokkupandav-portfell-BBQGRILL-roostevabast-terasest.jpg.webp","datePublished":"2023-05-07T17:35:50+00:00","dateModified":"2026-02-24T13:45:30+00:00","breadcrumb":{"@id":"https:\/\/bbqentertainment.com\/toode\/proq-flatdog-kokkupandav-portfell-bbq-grill\/#breadcrumb"},"inLanguage":"en-US","potentialAction":[{"@type":"ReadAction","target":["https:\/\/bbqentertainment.com\/toode\/proq-flatdog-kokkupandav-portfell-bbq-grill\/"]}]},{"@type":"ImageObject","inLanguage":"en-US","@id":"https:\/\/bbqentertainment.com\/toode\/proq-flatdog-kokkupandav-portfell-bbq-grill\/#primaryimage","url":"https:\/\/bbqentertainment.com\/wp-content\/uploads\/2023\/05\/EAN-5060252163477-ProQ-FLATDOG-kokkupandav-portfell-BBQGRILL-roostevabast-terasest.jpg.webp","contentUrl":"https:\/\/bbqentertainment.com\/wp-content\/uploads\/2023\/05\/EAN-5060252163477-ProQ-FLATDOG-kokkupandav-portfell-BBQGRILL-roostevabast-terasest.jpg.webp","width":1000,"height":1200},{"@type":"BreadcrumbList","@id":"https:\/\/bbqentertainment.com\/toode\/proq-flatdog-kokkupandav-portfell-bbq-grill\/#breadcrumb","itemListElement":[{"@type":"ListItem","position":1,"name":"AVALEHT","item":"https:\/\/bbqentertainment.com\/en\/"},{"@type":"ListItem","position":2,"name":"Tooted","item":"https:\/\/bbqentertainment.com\/tooted\/"},{"@type":"ListItem","position":3,"name":"Grillid ja ahjud","item":"https:\/\/bbqentertainment.com\/tootekategooria\/grillid-ja-ahjud\/"},{"@type":"ListItem","position":4,"name":"PRO Q","item":"https:\/\/bbqentertainment.com\/tootekategooria\/grillid-ja-ahjud\/pro-q\/"},{"@type":"ListItem","position":5,"name":"ProQ FLATDOG kokkupandav portfell-BBQ\/GRILL (roostevabast terasest)"}]},{"@type":"WebSite","@id":"https:\/\/bbqentertainment.com\/#website","url":"https:\/\/bbqentertainment.com\/","name":"BBQ Entertainment","description":"BBQ is a great lifestyle, not just fun!","publisher":{"@id":"https:\/\/bbqentertainment.com\/#organization"},"potentialAction":[{"@type":"SearchAction","target":{"@type":"EntryPoint","urlTemplate":"https:\/\/bbqentertainment.com\/?s={search_term_string}"},"query-input":{"@type":"PropertyValueSpecification","valueRequired":true,"valueName":"search_term_string"}}],"inLanguage":"en-US"},{"@type":"Organization","@id":"https:\/\/bbqentertainment.com\/#organization","name":"BBQ Entertainment O\u00dc","url":"https:\/\/bbqentertainment.com\/","logo":{"@type":"ImageObject","inLanguage":"en-US","@id":"https:\/\/bbqentertainment.com\/#\/schema\/logo\/image\/","url":"https:\/\/bbqentertainment.com\/wp-content\/uploads\/2020\/04\/BBQ-Entertainment-N-Catering-Enn-Tobreluts-Logo.png","contentUrl":"https:\/\/bbqentertainment.com\/wp-content\/uploads\/2020\/04\/BBQ-Entertainment-N-Catering-Enn-Tobreluts-Logo.png","width":628,"height":266,"caption":"BBQ Entertainment O\u00dc"},"image":{"@id":"https:\/\/bbqentertainment.com\/#\/schema\/logo\/image\/"},"sameAs":["https:\/\/www.facebook.com\/BBQ-Entertainment-N-Catering-2437913376443540","https:\/\/www.instagram.com\/bbqentertainmentncatering\/","https:\/\/www.youtube.com\/channel\/UCmpuANQVhLy2Md8nrenp2jA"]}]}},"_links":{"self":[{"href":"https:\/\/bbqentertainment.com\/en\/wp-json\/wp\/v2\/product\/241681","targetHints":{"allow":["GET"]}}],"collection":[{"href":"https:\/\/bbqentertainment.com\/en\/wp-json\/wp\/v2\/product"}],"about":[{"href":"https:\/\/bbqentertainment.com\/en\/wp-json\/wp\/v2\/types\/product"}],"wp:featuredmedia":[{"embeddable":true,"href":"https:\/\/bbqentertainment.com\/en\/wp-json\/wp\/v2\/media\/241682"}],"wp:attachment":[{"href":"https:\/\/bbqentertainment.com\/en\/wp-json\/wp\/v2\/media?parent=241681"}],"wp:term":[{"taxonomy":"product_brand","embeddable":true,"href":"https:\/\/bbqentertainment.com\/en\/wp-json\/wp\/v2\/product_brand?post=241681"},{"taxonomy":"product_cat","embeddable":true,"href":"https:\/\/bbqentertainment.com\/en\/wp-json\/wp\/v2\/product_cat?post=241681"},{"taxonomy":"product_tag","embeddable":true,"href":"https:\/\/bbqentertainment.com\/en\/wp-json\/wp\/v2\/product_tag?post=241681"}],"curies":[{"name":"wp","href":"https:\/\/api.w.org\/{rel}","templated":true}]}}