{"id":241699,"date":"2023-05-07T20:03:57","date_gmt":"2023-05-07T18:03:57","guid":{"rendered":"https:\/\/bbqentertainment.com\/?post_type=product&#038;p=241699"},"modified":"2026-02-24T15:45:30","modified_gmt":"2026-02-24T13:45:30","slug":"proq-roostevabast-terasest-grillkorv","status":"publish","type":"product","link":"https:\/\/bbqentertainment.com\/en\/toode\/proq-roostevabast-terasest-grillkorv\/","title":{"rendered":"ProQ roostevabast terasest grillkorv (40 cm, h=5.5 cm)"},"content":{"rendered":"","protected":false},"excerpt":{"rendered":"<h3><span style=\"color: #000000;\"><strong>ProQ roostevabast terasest grillkorv (40 cm, h=5.5 cm)<\/strong><\/span><\/h3>\n<ul>\n<li><span style=\"color: #000000;\">ProQ roostevabast terasest grillkorv on ainulaadne ja ei lase toidul l\u00e4bi k\u00fcpsetusresti kukkuda.<\/span><\/li>\n<li><span style=\"color: #000000;\">V\u00e4ga mugav kasutada, lihtne liigutada grillil, kahe k\u00e4epidemega. Sobib k\u00f5ikide grillidega kasutamiseks.<\/span><\/li>\n<li><span style=\"color: #000000;\">V\u00e4ga hea igasuguse toidu grillimiseks, kuid eriti ideaalne just v\u00e4iksemate n\u00e4iteks p\u00e4hklite, t\u00e4idetud t\u0161illikaunade ja -seente, krevettide, juurviljade jms grillimiseks, k\u00fcpsetamiseks v\u00f5i suitsutamiseks.<\/span><\/li>\n<li><span style=\"color: #000000;\">See korv on roostekindel, kergesti puhastatav ja n\u00f5udepesumasinas pestav.<\/span><\/li>\n<li><span style=\"color: #000000;\">M\u00f5\u00f5dud: 400 x 55 mm, 0,5 kg. Valmistatud roostevabast terasest.<\/span><\/li>\n<li><span style=\"color: #000000;\">BBQ Entertainment O\u00dc on ProQ toodete eksklusiivne maaletooja.<\/span><\/li>\n<\/ul>\n","protected":false},"featured_media":241702,"template":"","meta":{"inline_featured_image":false},"product_brand":[],"product_cat":[473,92,479],"product_tag":[],"class_list":{"0":"post-241699","1":"product","2":"type-product","3":"status-publish","4":"has-post-thumbnail","6":"product_cat-pro-q","7":"product_cat-lisatarvikud","8":"product_cat-grillitarvikud","10":"first","11":"instock","12":"taxable","13":"shipping-taxable","14":"purchasable","15":"product-type-simple"},"yoast_head":"<!-- This site is optimized with the Yoast SEO plugin v27.2 - https:\/\/yoast.com\/product\/yoast-seo-wordpress\/ -->\n<title>ProQ roostevabast terasest grillkorv (40 cm, h=5.5 cm) - BBQ Entertainment<\/title>\n<meta name=\"robots\" content=\"index, follow, max-snippet:-1, max-image-preview:large, max-video-preview:-1\" \/>\n<link rel=\"canonical\" href=\"https:\/\/bbqentertainment.com\/toode\/proq-roostevabast-terasest-grillkorv\/\" \/>\n<meta property=\"og:locale\" content=\"en_US\" \/>\n<meta property=\"og:type\" content=\"article\" \/>\n<meta property=\"og:title\" content=\"ProQ roostevabast terasest grillkorv (40 cm, h=5.5 cm) - BBQ Entertainment\" \/>\n<meta property=\"og:description\" content=\"ProQ roostevabast terasest grillkorv (40 cm, h=5.5 cm)   ProQ roostevabast terasest grillkorv on ainulaadne ja ei lase toidul l\u00e4bi k\u00fcpsetusresti kukkuda.  V\u00e4ga mugav kasutada, lihtne liigutada grillil, kahe k\u00e4epidemega. Sobib k\u00f5ikide grillidega kasutamiseks.  V\u00e4ga hea igasuguse toidu grillimiseks, kuid eriti ideaalne just v\u00e4iksemate n\u00e4iteks p\u00e4hklite, t\u00e4idetud t\u0161illikaunade ja -seente, krevettide, juurviljade jms grillimiseks, k\u00fcpsetamiseks v\u00f5i suitsutamiseks.  See korv on roostekindel, kergesti puhastatav ja n\u00f5udepesumasinas pestav.  M\u00f5\u00f5dud: 400 x 55 mm, 0,5 kg. Valmistatud roostevabast terasest.  BBQ Entertainment O\u00dc on ProQ toodete eksklusiivne maaletooja.\" \/>\n<meta property=\"og:url\" content=\"https:\/\/bbqentertainment.com\/toode\/proq-roostevabast-terasest-grillkorv\/\" \/>\n<meta property=\"og:site_name\" content=\"BBQ Entertainment\" \/>\n<meta property=\"article:publisher\" content=\"https:\/\/www.facebook.com\/BBQ-Entertainment-N-Catering-2437913376443540\" \/>\n<meta property=\"article:modified_time\" content=\"2026-02-24T13:45:30+00:00\" \/>\n<meta property=\"og:image\" content=\"https:\/\/bbqentertainment.com\/wp-content\/uploads\/2023\/05\/EAN-5060252160186-ProQ-roostevabast-terasest-grillkorv-40-cm-h5.5-cm..jpg\" \/>\n\t<meta property=\"og:image:width\" content=\"1000\" \/>\n\t<meta property=\"og:image:height\" content=\"1200\" \/>\n\t<meta property=\"og:image:type\" content=\"image\/jpeg\" \/>\n<meta name=\"twitter:card\" content=\"summary_large_image\" \/>\n<script type=\"application\/ld+json\" class=\"yoast-schema-graph\">{\"@context\":\"https:\/\/schema.org\",\"@graph\":[{\"@type\":[\"WebPage\",\"ItemPage\"],\"@id\":\"https:\/\/bbqentertainment.com\/toode\/proq-roostevabast-terasest-grillkorv\/\",\"url\":\"https:\/\/bbqentertainment.com\/toode\/proq-roostevabast-terasest-grillkorv\/\",\"name\":\"ProQ roostevabast terasest grillkorv (40 cm, h=5.5 cm) - BBQ Entertainment\",\"isPartOf\":{\"@id\":\"https:\/\/bbqentertainment.com\/#website\"},\"primaryImageOfPage\":{\"@id\":\"https:\/\/bbqentertainment.com\/toode\/proq-roostevabast-terasest-grillkorv\/#primaryimage\"},\"image\":{\"@id\":\"https:\/\/bbqentertainment.com\/toode\/proq-roostevabast-terasest-grillkorv\/#primaryimage\"},\"thumbnailUrl\":\"https:\/\/bbqentertainment.com\/wp-content\/uploads\/2023\/05\/EAN-5060252160186-ProQ-roostevabast-terasest-grillkorv-40-cm-h5.5-cm..jpg\",\"datePublished\":\"2023-05-07T18:03:57+00:00\",\"dateModified\":\"2026-02-24T13:45:30+00:00\",\"breadcrumb\":{\"@id\":\"https:\/\/bbqentertainment.com\/toode\/proq-roostevabast-terasest-grillkorv\/#breadcrumb\"},\"inLanguage\":\"en-US\",\"potentialAction\":[{\"@type\":\"ReadAction\",\"target\":[\"https:\/\/bbqentertainment.com\/toode\/proq-roostevabast-terasest-grillkorv\/\"]}]},{\"@type\":\"ImageObject\",\"inLanguage\":\"en-US\",\"@id\":\"https:\/\/bbqentertainment.com\/toode\/proq-roostevabast-terasest-grillkorv\/#primaryimage\",\"url\":\"https:\/\/bbqentertainment.com\/wp-content\/uploads\/2023\/05\/EAN-5060252160186-ProQ-roostevabast-terasest-grillkorv-40-cm-h5.5-cm..jpg\",\"contentUrl\":\"https:\/\/bbqentertainment.com\/wp-content\/uploads\/2023\/05\/EAN-5060252160186-ProQ-roostevabast-terasest-grillkorv-40-cm-h5.5-cm..jpg\",\"width\":1000,\"height\":1200},{\"@type\":\"BreadcrumbList\",\"@id\":\"https:\/\/bbqentertainment.com\/toode\/proq-roostevabast-terasest-grillkorv\/#breadcrumb\",\"itemListElement\":[{\"@type\":\"ListItem\",\"position\":1,\"name\":\"AVALEHT\",\"item\":\"https:\/\/bbqentertainment.com\/en\/\"},{\"@type\":\"ListItem\",\"position\":2,\"name\":\"Tooted\",\"item\":\"https:\/\/bbqentertainment.com\/tooted\/\"},{\"@type\":\"ListItem\",\"position\":3,\"name\":\"Grillid ja ahjud\",\"item\":\"https:\/\/bbqentertainment.com\/tootekategooria\/grillid-ja-ahjud\/\"},{\"@type\":\"ListItem\",\"position\":4,\"name\":\"PRO Q\",\"item\":\"https:\/\/bbqentertainment.com\/tootekategooria\/grillid-ja-ahjud\/pro-q\/\"},{\"@type\":\"ListItem\",\"position\":5,\"name\":\"ProQ roostevabast terasest grillkorv (40 cm, h=5.5 cm)\"}]},{\"@type\":\"WebSite\",\"@id\":\"https:\/\/bbqentertainment.com\/#website\",\"url\":\"https:\/\/bbqentertainment.com\/\",\"name\":\"BBQ Entertainment\",\"description\":\"BBQ is a great lifestyle, not just fun!\",\"publisher\":{\"@id\":\"https:\/\/bbqentertainment.com\/#organization\"},\"potentialAction\":[{\"@type\":\"SearchAction\",\"target\":{\"@type\":\"EntryPoint\",\"urlTemplate\":\"https:\/\/bbqentertainment.com\/?s={search_term_string}\"},\"query-input\":{\"@type\":\"PropertyValueSpecification\",\"valueRequired\":true,\"valueName\":\"search_term_string\"}}],\"inLanguage\":\"en-US\"},{\"@type\":\"Organization\",\"@id\":\"https:\/\/bbqentertainment.com\/#organization\",\"name\":\"BBQ Entertainment O\u00dc\",\"url\":\"https:\/\/bbqentertainment.com\/\",\"logo\":{\"@type\":\"ImageObject\",\"inLanguage\":\"en-US\",\"@id\":\"https:\/\/bbqentertainment.com\/#\/schema\/logo\/image\/\",\"url\":\"https:\/\/bbqentertainment.com\/wp-content\/uploads\/2020\/04\/BBQ-Entertainment-N-Catering-Enn-Tobreluts-Logo.png\",\"contentUrl\":\"https:\/\/bbqentertainment.com\/wp-content\/uploads\/2020\/04\/BBQ-Entertainment-N-Catering-Enn-Tobreluts-Logo.png\",\"width\":628,\"height\":266,\"caption\":\"BBQ Entertainment O\u00dc\"},\"image\":{\"@id\":\"https:\/\/bbqentertainment.com\/#\/schema\/logo\/image\/\"},\"sameAs\":[\"https:\/\/www.facebook.com\/BBQ-Entertainment-N-Catering-2437913376443540\",\"https:\/\/www.instagram.com\/bbqentertainmentncatering\/\",\"https:\/\/www.youtube.com\/channel\/UCmpuANQVhLy2Md8nrenp2jA\"]}]}<\/script>\n<!-- \/ Yoast SEO plugin. -->","yoast_head_json":{"title":"ProQ roostevabast terasest grillkorv (40 cm, h=5.5 cm) - BBQ Entertainment","robots":{"index":"index","follow":"follow","max-snippet":"max-snippet:-1","max-image-preview":"max-image-preview:large","max-video-preview":"max-video-preview:-1"},"canonical":"https:\/\/bbqentertainment.com\/toode\/proq-roostevabast-terasest-grillkorv\/","og_locale":"en_US","og_type":"article","og_title":"ProQ roostevabast terasest grillkorv (40 cm, h=5.5 cm) - BBQ Entertainment","og_description":"ProQ roostevabast terasest grillkorv (40 cm, h=5.5 cm)   ProQ roostevabast terasest grillkorv on ainulaadne ja ei lase toidul l\u00e4bi k\u00fcpsetusresti kukkuda.  V\u00e4ga mugav kasutada, lihtne liigutada grillil, kahe k\u00e4epidemega. Sobib k\u00f5ikide grillidega kasutamiseks.  V\u00e4ga hea igasuguse toidu grillimiseks, kuid eriti ideaalne just v\u00e4iksemate n\u00e4iteks p\u00e4hklite, t\u00e4idetud t\u0161illikaunade ja -seente, krevettide, juurviljade jms grillimiseks, k\u00fcpsetamiseks v\u00f5i suitsutamiseks.  See korv on roostekindel, kergesti puhastatav ja n\u00f5udepesumasinas pestav.  M\u00f5\u00f5dud: 400 x 55 mm, 0,5 kg. Valmistatud roostevabast terasest.  BBQ Entertainment O\u00dc on ProQ toodete eksklusiivne maaletooja.","og_url":"https:\/\/bbqentertainment.com\/toode\/proq-roostevabast-terasest-grillkorv\/","og_site_name":"BBQ Entertainment","article_publisher":"https:\/\/www.facebook.com\/BBQ-Entertainment-N-Catering-2437913376443540","article_modified_time":"2026-02-24T13:45:30+00:00","og_image":[{"width":1000,"height":1200,"url":"https:\/\/bbqentertainment.com\/wp-content\/uploads\/2023\/05\/EAN-5060252160186-ProQ-roostevabast-terasest-grillkorv-40-cm-h5.5-cm..jpg","type":"image\/jpeg"}],"twitter_card":"summary_large_image","schema":{"@context":"https:\/\/schema.org","@graph":[{"@type":["WebPage","ItemPage"],"@id":"https:\/\/bbqentertainment.com\/toode\/proq-roostevabast-terasest-grillkorv\/","url":"https:\/\/bbqentertainment.com\/toode\/proq-roostevabast-terasest-grillkorv\/","name":"ProQ roostevabast terasest grillkorv (40 cm, h=5.5 cm) - BBQ Entertainment","isPartOf":{"@id":"https:\/\/bbqentertainment.com\/#website"},"primaryImageOfPage":{"@id":"https:\/\/bbqentertainment.com\/toode\/proq-roostevabast-terasest-grillkorv\/#primaryimage"},"image":{"@id":"https:\/\/bbqentertainment.com\/toode\/proq-roostevabast-terasest-grillkorv\/#primaryimage"},"thumbnailUrl":"https:\/\/bbqentertainment.com\/wp-content\/uploads\/2023\/05\/EAN-5060252160186-ProQ-roostevabast-terasest-grillkorv-40-cm-h5.5-cm..jpg","datePublished":"2023-05-07T18:03:57+00:00","dateModified":"2026-02-24T13:45:30+00:00","breadcrumb":{"@id":"https:\/\/bbqentertainment.com\/toode\/proq-roostevabast-terasest-grillkorv\/#breadcrumb"},"inLanguage":"en-US","potentialAction":[{"@type":"ReadAction","target":["https:\/\/bbqentertainment.com\/toode\/proq-roostevabast-terasest-grillkorv\/"]}]},{"@type":"ImageObject","inLanguage":"en-US","@id":"https:\/\/bbqentertainment.com\/toode\/proq-roostevabast-terasest-grillkorv\/#primaryimage","url":"https:\/\/bbqentertainment.com\/wp-content\/uploads\/2023\/05\/EAN-5060252160186-ProQ-roostevabast-terasest-grillkorv-40-cm-h5.5-cm..jpg","contentUrl":"https:\/\/bbqentertainment.com\/wp-content\/uploads\/2023\/05\/EAN-5060252160186-ProQ-roostevabast-terasest-grillkorv-40-cm-h5.5-cm..jpg","width":1000,"height":1200},{"@type":"BreadcrumbList","@id":"https:\/\/bbqentertainment.com\/toode\/proq-roostevabast-terasest-grillkorv\/#breadcrumb","itemListElement":[{"@type":"ListItem","position":1,"name":"AVALEHT","item":"https:\/\/bbqentertainment.com\/en\/"},{"@type":"ListItem","position":2,"name":"Tooted","item":"https:\/\/bbqentertainment.com\/tooted\/"},{"@type":"ListItem","position":3,"name":"Grillid ja ahjud","item":"https:\/\/bbqentertainment.com\/tootekategooria\/grillid-ja-ahjud\/"},{"@type":"ListItem","position":4,"name":"PRO Q","item":"https:\/\/bbqentertainment.com\/tootekategooria\/grillid-ja-ahjud\/pro-q\/"},{"@type":"ListItem","position":5,"name":"ProQ roostevabast terasest grillkorv (40 cm, h=5.5 cm)"}]},{"@type":"WebSite","@id":"https:\/\/bbqentertainment.com\/#website","url":"https:\/\/bbqentertainment.com\/","name":"BBQ Entertainment","description":"BBQ is a great lifestyle, not just fun!","publisher":{"@id":"https:\/\/bbqentertainment.com\/#organization"},"potentialAction":[{"@type":"SearchAction","target":{"@type":"EntryPoint","urlTemplate":"https:\/\/bbqentertainment.com\/?s={search_term_string}"},"query-input":{"@type":"PropertyValueSpecification","valueRequired":true,"valueName":"search_term_string"}}],"inLanguage":"en-US"},{"@type":"Organization","@id":"https:\/\/bbqentertainment.com\/#organization","name":"BBQ Entertainment O\u00dc","url":"https:\/\/bbqentertainment.com\/","logo":{"@type":"ImageObject","inLanguage":"en-US","@id":"https:\/\/bbqentertainment.com\/#\/schema\/logo\/image\/","url":"https:\/\/bbqentertainment.com\/wp-content\/uploads\/2020\/04\/BBQ-Entertainment-N-Catering-Enn-Tobreluts-Logo.png","contentUrl":"https:\/\/bbqentertainment.com\/wp-content\/uploads\/2020\/04\/BBQ-Entertainment-N-Catering-Enn-Tobreluts-Logo.png","width":628,"height":266,"caption":"BBQ Entertainment O\u00dc"},"image":{"@id":"https:\/\/bbqentertainment.com\/#\/schema\/logo\/image\/"},"sameAs":["https:\/\/www.facebook.com\/BBQ-Entertainment-N-Catering-2437913376443540","https:\/\/www.instagram.com\/bbqentertainmentncatering\/","https:\/\/www.youtube.com\/channel\/UCmpuANQVhLy2Md8nrenp2jA"]}]}},"_links":{"self":[{"href":"https:\/\/bbqentertainment.com\/en\/wp-json\/wp\/v2\/product\/241699","targetHints":{"allow":["GET"]}}],"collection":[{"href":"https:\/\/bbqentertainment.com\/en\/wp-json\/wp\/v2\/product"}],"about":[{"href":"https:\/\/bbqentertainment.com\/en\/wp-json\/wp\/v2\/types\/product"}],"wp:featuredmedia":[{"embeddable":true,"href":"https:\/\/bbqentertainment.com\/en\/wp-json\/wp\/v2\/media\/241702"}],"wp:attachment":[{"href":"https:\/\/bbqentertainment.com\/en\/wp-json\/wp\/v2\/media?parent=241699"}],"wp:term":[{"taxonomy":"product_brand","embeddable":true,"href":"https:\/\/bbqentertainment.com\/en\/wp-json\/wp\/v2\/product_brand?post=241699"},{"taxonomy":"product_cat","embeddable":true,"href":"https:\/\/bbqentertainment.com\/en\/wp-json\/wp\/v2\/product_cat?post=241699"},{"taxonomy":"product_tag","embeddable":true,"href":"https:\/\/bbqentertainment.com\/en\/wp-json\/wp\/v2\/product_tag?post=241699"}],"curies":[{"name":"wp","href":"https:\/\/api.w.org\/{rel}","templated":true}]}}