{"id":241735,"date":"2023-05-07T21:56:55","date_gmt":"2023-05-07T18:56:55","guid":{"rendered":"https:\/\/bbqentertainment.com\/?post_type=product&#038;p=241735"},"modified":"2026-03-09T00:40:19","modified_gmt":"2026-03-08T22:40:19","slug":"proq-excel-tunn-suitsuahi-bbq-grillahi","status":"publish","type":"product","link":"https:\/\/bbqentertainment.com\/en\/toode\/proq-excel-tunn-suitsuahi-bbq-grillahi\/","title":{"rendered":"ProQ Excel t\u00fcnn-suitsuahi\/bbq\/grillahi (50 cm)"},"content":{"rendered":"","protected":false},"excerpt":{"rendered":"<h3><span style=\"color: #000000;\"><strong>ProQ Excel t\u00fcnn-suitsuahi\/bbq\/grillahi (50 cm) versioon 4.0<\/strong><\/span><\/h3>\n<ul>\n<li><strong><span style=\"color: #000000;\"><span style=\"font-size: 14.399999px;\">K\u00fcsi eripakkumist! Kirjuta enn@bbqentertainment.com v\u00f5i helista 5165581<\/span><\/span><\/strong><\/li>\n<li><span style=\"color: #000000;\">Lisaraha eest saab juurde osta lisakorruseid (ingl.k. <em>Stacker<\/em>), mis sisaldavad ka grillreste.<\/span><\/li>\n<li><span style=\"color: #000000;\">Selle \u00fclimalt mitmek\u00fclgse BBQ t\u00fcnn-suitsuahjuga saab toitu nii grillida, r\u00f6stida kui ka suitsutada.<\/span><\/li>\n<li><span style=\"color: #000000;\">See on ideaalne bbq-ahi neile, kes alustavad v\u00f5i otsivad usaldusv\u00e4\u00e4rset igap\u00e4evast grilli \/ bbq ahju.<\/span><\/li>\n<li><span style=\"color: #000000;\">Sisseehitatud kaane-temperatuurim\u00f5\u00f5tur ja mitmed \u00f5hutusavad v\u00f5imaldavad teil temperatuuri h\u00f5lpsalt kontrollida.<\/span><\/li>\n<li><span style=\"color: #000000;\">Ideaalne suurus peredele ja grillipidudele! T\u00f6\u00f6tab ka suurep\u00e4rase kaasaskantava grillina rannas, sest selle ahju korrused on teisaldatavad &#8211; saad teha ahju t\u00e4pselt nii suureks kui ise soovid.<\/span><\/li>\n<li><span style=\"color: #000000;\">Saadaval on suur valik tarvikuid, mis muudavad teie grilli veelgi mitmek\u00fclgsemaks.<\/span><\/li>\n<li><span style=\"color: #000000;\">Valmistatud k\u00f5rgeima kvaliteediga materjalidest: terasest korpusega, mis on kaetud vastupidava portselaniga.<\/span><\/li>\n<li><span style=\"color: #000000;\">Peab vastu aastaid, tootel on ka piiratud 10 aastane garantii.<\/span><\/li>\n<li><span style=\"color: #000000;\">K\u00f5ik liitmikud \u2013 k\u00fcljek\u00e4epidemed, klambrid ning mutrid ja poldid \u2013 on roostekindlast roostevabast terasest, sh ka grillrestid.<\/span><\/li>\n<li><span style=\"color: #000000;\">BBQ Entertainment O\u00dc on ProQ toodete eksklusiivne maaletooja.<\/span><\/li>\n<\/ul>\n","protected":false},"featured_media":241743,"template":"","meta":{"inline_featured_image":false},"product_brand":[],"product_cat":[17,650,473],"product_tag":[],"class_list":{"0":"post-241735","1":"product","2":"type-product","3":"status-publish","4":"has-post-thumbnail","6":"product_cat-grillid-ja-ahjud","7":"product_cat-suitsuahjud","8":"product_cat-pro-q","9":"product_shipping_class-ainult-ise-jarele-tulemisega","11":"first","12":"instock","13":"taxable","14":"shipping-taxable","15":"purchasable","16":"product-type-simple"},"yoast_head":"<!-- This site is optimized with the Yoast SEO plugin v27.4 - https:\/\/yoast.com\/product\/yoast-seo-wordpress\/ -->\n<title>ProQ Excel t\u00fcnn-suitsuahi\/bbq\/grillahi (50 cm) - BBQ Entertainment<\/title>\n<meta name=\"robots\" content=\"index, follow, max-snippet:-1, max-image-preview:large, max-video-preview:-1\" \/>\n<link rel=\"canonical\" href=\"https:\/\/bbqentertainment.com\/toode\/proq-excel-tunn-suitsuahi-bbq-grillahi\/\" \/>\n<meta property=\"og:locale\" content=\"en_US\" \/>\n<meta property=\"og:type\" content=\"article\" \/>\n<meta property=\"og:title\" content=\"ProQ Excel t\u00fcnn-suitsuahi\/bbq\/grillahi (50 cm) - BBQ Entertainment\" \/>\n<meta property=\"og:description\" content=\"ProQ Excel t\u00fcnn-suitsuahi\/bbq\/grillahi (50 cm) versioon 4.0   K\u00fcsi eripakkumist! Kirjuta enn@bbqentertainment.com v\u00f5i helista 5165581  Lisaraha eest saab juurde osta lisakorruseid (ingl.k. Stacker), mis sisaldavad ka grillreste.  Selle \u00fclimalt mitmek\u00fclgse BBQ t\u00fcnn-suitsuahjuga saab toitu nii grillida, r\u00f6stida kui ka suitsutada.  See on ideaalne bbq-ahi neile, kes alustavad v\u00f5i otsivad usaldusv\u00e4\u00e4rset igap\u00e4evast grilli \/ bbq ahju.  Sisseehitatud kaane-temperatuurim\u00f5\u00f5tur ja mitmed \u00f5hutusavad v\u00f5imaldavad teil temperatuuri h\u00f5lpsalt kontrollida.  Ideaalne suurus peredele ja grillipidudele! T\u00f6\u00f6tab ka suurep\u00e4rase kaasaskantava grillina rannas, sest selle ahju korrused on teisaldatavad - saad teha ahju t\u00e4pselt nii suureks kui ise soovid.  Saadaval on suur valik tarvikuid, mis muudavad teie grilli veelgi mitmek\u00fclgsemaks.  Valmistatud k\u00f5rgeima kvaliteediga materjalidest: terasest korpusega, mis on kaetud vastupidava portselaniga.  Peab vastu aastaid, tootel on ka piiratud 10 aastane garantii.  K\u00f5ik liitmikud \u2013 k\u00fcljek\u00e4epidemed, klambrid ning mutrid ja poldid \u2013 on roostekindlast roostevabast terasest, sh ka grillrestid.  BBQ Entertainment O\u00dc on ProQ toodete eksklusiivne maaletooja.\" \/>\n<meta property=\"og:url\" content=\"https:\/\/bbqentertainment.com\/toode\/proq-excel-tunn-suitsuahi-bbq-grillahi\/\" \/>\n<meta property=\"og:site_name\" content=\"BBQ Entertainment\" \/>\n<meta property=\"article:publisher\" content=\"https:\/\/www.facebook.com\/BBQ-Entertainment-N-Catering-2437913376443540\" \/>\n<meta property=\"article:modified_time\" content=\"2026-03-08T22:40:19+00:00\" \/>\n<meta property=\"og:image\" content=\"https:\/\/bbqentertainment.com\/wp-content\/uploads\/2023\/05\/5060252162180-ProQ-Excel-tunn-suitsuahibbqgrillahi-48-cm-1.jpg\" \/>\n\t<meta property=\"og:image:width\" content=\"1200\" \/>\n\t<meta property=\"og:image:height\" content=\"1200\" \/>\n\t<meta property=\"og:image:type\" content=\"image\/jpeg\" \/>\n<meta name=\"twitter:card\" content=\"summary_large_image\" \/>\n<meta name=\"twitter:label1\" content=\"Est. reading time\" \/>\n\t<meta name=\"twitter:data1\" content=\"1 minute\" \/>\n<script type=\"application\/ld+json\" class=\"yoast-schema-graph\">{\"@context\":\"https:\\\/\\\/schema.org\",\"@graph\":[{\"@type\":[\"WebPage\",\"ItemPage\"],\"@id\":\"https:\\\/\\\/bbqentertainment.com\\\/toode\\\/proq-excel-tunn-suitsuahi-bbq-grillahi\\\/\",\"url\":\"https:\\\/\\\/bbqentertainment.com\\\/toode\\\/proq-excel-tunn-suitsuahi-bbq-grillahi\\\/\",\"name\":\"ProQ Excel t\u00fcnn-suitsuahi\\\/bbq\\\/grillahi (50 cm) - BBQ Entertainment\",\"isPartOf\":{\"@id\":\"https:\\\/\\\/bbqentertainment.com\\\/#website\"},\"primaryImageOfPage\":{\"@id\":\"https:\\\/\\\/bbqentertainment.com\\\/toode\\\/proq-excel-tunn-suitsuahi-bbq-grillahi\\\/#primaryimage\"},\"image\":{\"@id\":\"https:\\\/\\\/bbqentertainment.com\\\/toode\\\/proq-excel-tunn-suitsuahi-bbq-grillahi\\\/#primaryimage\"},\"thumbnailUrl\":\"https:\\\/\\\/bbqentertainment.com\\\/wp-content\\\/uploads\\\/2023\\\/05\\\/5060252162180-ProQ-Excel-tunn-suitsuahibbqgrillahi-48-cm-1.jpg\",\"datePublished\":\"2023-05-07T18:56:55+00:00\",\"dateModified\":\"2026-03-08T22:40:19+00:00\",\"breadcrumb\":{\"@id\":\"https:\\\/\\\/bbqentertainment.com\\\/toode\\\/proq-excel-tunn-suitsuahi-bbq-grillahi\\\/#breadcrumb\"},\"inLanguage\":\"en-US\",\"potentialAction\":[{\"@type\":\"ReadAction\",\"target\":[\"https:\\\/\\\/bbqentertainment.com\\\/toode\\\/proq-excel-tunn-suitsuahi-bbq-grillahi\\\/\"]}]},{\"@type\":\"ImageObject\",\"inLanguage\":\"en-US\",\"@id\":\"https:\\\/\\\/bbqentertainment.com\\\/toode\\\/proq-excel-tunn-suitsuahi-bbq-grillahi\\\/#primaryimage\",\"url\":\"https:\\\/\\\/bbqentertainment.com\\\/wp-content\\\/uploads\\\/2023\\\/05\\\/5060252162180-ProQ-Excel-tunn-suitsuahibbqgrillahi-48-cm-1.jpg\",\"contentUrl\":\"https:\\\/\\\/bbqentertainment.com\\\/wp-content\\\/uploads\\\/2023\\\/05\\\/5060252162180-ProQ-Excel-tunn-suitsuahibbqgrillahi-48-cm-1.jpg\",\"width\":1200,\"height\":1200},{\"@type\":\"BreadcrumbList\",\"@id\":\"https:\\\/\\\/bbqentertainment.com\\\/toode\\\/proq-excel-tunn-suitsuahi-bbq-grillahi\\\/#breadcrumb\",\"itemListElement\":[{\"@type\":\"ListItem\",\"position\":1,\"name\":\"AVALEHT\",\"item\":\"https:\\\/\\\/bbqentertainment.com\\\/en\\\/\"},{\"@type\":\"ListItem\",\"position\":2,\"name\":\"Tooted\",\"item\":\"https:\\\/\\\/bbqentertainment.com\\\/tooted\\\/\"},{\"@type\":\"ListItem\",\"position\":3,\"name\":\"Grillid ja ahjud\",\"item\":\"https:\\\/\\\/bbqentertainment.com\\\/tootekategooria\\\/grillid-ja-ahjud\\\/\"},{\"@type\":\"ListItem\",\"position\":4,\"name\":\"PRO Q\",\"item\":\"https:\\\/\\\/bbqentertainment.com\\\/tootekategooria\\\/grillid-ja-ahjud\\\/pro-q\\\/\"},{\"@type\":\"ListItem\",\"position\":5,\"name\":\"ProQ Excel t\u00fcnn-suitsuahi\\\/bbq\\\/grillahi (50 cm)\"}]},{\"@type\":\"WebSite\",\"@id\":\"https:\\\/\\\/bbqentertainment.com\\\/#website\",\"url\":\"https:\\\/\\\/bbqentertainment.com\\\/\",\"name\":\"BBQ Entertainment\",\"description\":\"BBQ is a great lifestyle, not just fun!\",\"publisher\":{\"@id\":\"https:\\\/\\\/bbqentertainment.com\\\/#organization\"},\"potentialAction\":[{\"@type\":\"SearchAction\",\"target\":{\"@type\":\"EntryPoint\",\"urlTemplate\":\"https:\\\/\\\/bbqentertainment.com\\\/?s={search_term_string}\"},\"query-input\":{\"@type\":\"PropertyValueSpecification\",\"valueRequired\":true,\"valueName\":\"search_term_string\"}}],\"inLanguage\":\"en-US\"},{\"@type\":\"Organization\",\"@id\":\"https:\\\/\\\/bbqentertainment.com\\\/#organization\",\"name\":\"BBQ Entertainment O\u00dc\",\"url\":\"https:\\\/\\\/bbqentertainment.com\\\/\",\"logo\":{\"@type\":\"ImageObject\",\"inLanguage\":\"en-US\",\"@id\":\"https:\\\/\\\/bbqentertainment.com\\\/#\\\/schema\\\/logo\\\/image\\\/\",\"url\":\"https:\\\/\\\/bbqentertainment.com\\\/wp-content\\\/uploads\\\/2020\\\/04\\\/BBQ-Entertainment-N-Catering-Enn-Tobreluts-Logo.png\",\"contentUrl\":\"https:\\\/\\\/bbqentertainment.com\\\/wp-content\\\/uploads\\\/2020\\\/04\\\/BBQ-Entertainment-N-Catering-Enn-Tobreluts-Logo.png\",\"width\":628,\"height\":266,\"caption\":\"BBQ Entertainment O\u00dc\"},\"image\":{\"@id\":\"https:\\\/\\\/bbqentertainment.com\\\/#\\\/schema\\\/logo\\\/image\\\/\"},\"sameAs\":[\"https:\\\/\\\/www.facebook.com\\\/BBQ-Entertainment-N-Catering-2437913376443540\",\"https:\\\/\\\/www.instagram.com\\\/bbqentertainmentncatering\\\/\",\"https:\\\/\\\/www.youtube.com\\\/channel\\\/UCmpuANQVhLy2Md8nrenp2jA\"]}]}<\/script>\n<!-- \/ Yoast SEO plugin. -->","yoast_head_json":{"title":"ProQ Excel t\u00fcnn-suitsuahi\/bbq\/grillahi (50 cm) - BBQ Entertainment","robots":{"index":"index","follow":"follow","max-snippet":"max-snippet:-1","max-image-preview":"max-image-preview:large","max-video-preview":"max-video-preview:-1"},"canonical":"https:\/\/bbqentertainment.com\/toode\/proq-excel-tunn-suitsuahi-bbq-grillahi\/","og_locale":"en_US","og_type":"article","og_title":"ProQ Excel t\u00fcnn-suitsuahi\/bbq\/grillahi (50 cm) - BBQ Entertainment","og_description":"ProQ Excel t\u00fcnn-suitsuahi\/bbq\/grillahi (50 cm) versioon 4.0   K\u00fcsi eripakkumist! Kirjuta enn@bbqentertainment.com v\u00f5i helista 5165581  Lisaraha eest saab juurde osta lisakorruseid (ingl.k. Stacker), mis sisaldavad ka grillreste.  Selle \u00fclimalt mitmek\u00fclgse BBQ t\u00fcnn-suitsuahjuga saab toitu nii grillida, r\u00f6stida kui ka suitsutada.  See on ideaalne bbq-ahi neile, kes alustavad v\u00f5i otsivad usaldusv\u00e4\u00e4rset igap\u00e4evast grilli \/ bbq ahju.  Sisseehitatud kaane-temperatuurim\u00f5\u00f5tur ja mitmed \u00f5hutusavad v\u00f5imaldavad teil temperatuuri h\u00f5lpsalt kontrollida.  Ideaalne suurus peredele ja grillipidudele! T\u00f6\u00f6tab ka suurep\u00e4rase kaasaskantava grillina rannas, sest selle ahju korrused on teisaldatavad - saad teha ahju t\u00e4pselt nii suureks kui ise soovid.  Saadaval on suur valik tarvikuid, mis muudavad teie grilli veelgi mitmek\u00fclgsemaks.  Valmistatud k\u00f5rgeima kvaliteediga materjalidest: terasest korpusega, mis on kaetud vastupidava portselaniga.  Peab vastu aastaid, tootel on ka piiratud 10 aastane garantii.  K\u00f5ik liitmikud \u2013 k\u00fcljek\u00e4epidemed, klambrid ning mutrid ja poldid \u2013 on roostekindlast roostevabast terasest, sh ka grillrestid.  BBQ Entertainment O\u00dc on ProQ toodete eksklusiivne maaletooja.","og_url":"https:\/\/bbqentertainment.com\/toode\/proq-excel-tunn-suitsuahi-bbq-grillahi\/","og_site_name":"BBQ Entertainment","article_publisher":"https:\/\/www.facebook.com\/BBQ-Entertainment-N-Catering-2437913376443540","article_modified_time":"2026-03-08T22:40:19+00:00","og_image":[{"width":1200,"height":1200,"url":"https:\/\/bbqentertainment.com\/wp-content\/uploads\/2023\/05\/5060252162180-ProQ-Excel-tunn-suitsuahibbqgrillahi-48-cm-1.jpg","type":"image\/jpeg"}],"twitter_card":"summary_large_image","twitter_misc":{"Est. reading time":"1 minute"},"schema":{"@context":"https:\/\/schema.org","@graph":[{"@type":["WebPage","ItemPage"],"@id":"https:\/\/bbqentertainment.com\/toode\/proq-excel-tunn-suitsuahi-bbq-grillahi\/","url":"https:\/\/bbqentertainment.com\/toode\/proq-excel-tunn-suitsuahi-bbq-grillahi\/","name":"ProQ Excel t\u00fcnn-suitsuahi\/bbq\/grillahi (50 cm) - BBQ Entertainment","isPartOf":{"@id":"https:\/\/bbqentertainment.com\/#website"},"primaryImageOfPage":{"@id":"https:\/\/bbqentertainment.com\/toode\/proq-excel-tunn-suitsuahi-bbq-grillahi\/#primaryimage"},"image":{"@id":"https:\/\/bbqentertainment.com\/toode\/proq-excel-tunn-suitsuahi-bbq-grillahi\/#primaryimage"},"thumbnailUrl":"https:\/\/bbqentertainment.com\/wp-content\/uploads\/2023\/05\/5060252162180-ProQ-Excel-tunn-suitsuahibbqgrillahi-48-cm-1.jpg","datePublished":"2023-05-07T18:56:55+00:00","dateModified":"2026-03-08T22:40:19+00:00","breadcrumb":{"@id":"https:\/\/bbqentertainment.com\/toode\/proq-excel-tunn-suitsuahi-bbq-grillahi\/#breadcrumb"},"inLanguage":"en-US","potentialAction":[{"@type":"ReadAction","target":["https:\/\/bbqentertainment.com\/toode\/proq-excel-tunn-suitsuahi-bbq-grillahi\/"]}]},{"@type":"ImageObject","inLanguage":"en-US","@id":"https:\/\/bbqentertainment.com\/toode\/proq-excel-tunn-suitsuahi-bbq-grillahi\/#primaryimage","url":"https:\/\/bbqentertainment.com\/wp-content\/uploads\/2023\/05\/5060252162180-ProQ-Excel-tunn-suitsuahibbqgrillahi-48-cm-1.jpg","contentUrl":"https:\/\/bbqentertainment.com\/wp-content\/uploads\/2023\/05\/5060252162180-ProQ-Excel-tunn-suitsuahibbqgrillahi-48-cm-1.jpg","width":1200,"height":1200},{"@type":"BreadcrumbList","@id":"https:\/\/bbqentertainment.com\/toode\/proq-excel-tunn-suitsuahi-bbq-grillahi\/#breadcrumb","itemListElement":[{"@type":"ListItem","position":1,"name":"AVALEHT","item":"https:\/\/bbqentertainment.com\/en\/"},{"@type":"ListItem","position":2,"name":"Tooted","item":"https:\/\/bbqentertainment.com\/tooted\/"},{"@type":"ListItem","position":3,"name":"Grillid ja ahjud","item":"https:\/\/bbqentertainment.com\/tootekategooria\/grillid-ja-ahjud\/"},{"@type":"ListItem","position":4,"name":"PRO Q","item":"https:\/\/bbqentertainment.com\/tootekategooria\/grillid-ja-ahjud\/pro-q\/"},{"@type":"ListItem","position":5,"name":"ProQ Excel t\u00fcnn-suitsuahi\/bbq\/grillahi (50 cm)"}]},{"@type":"WebSite","@id":"https:\/\/bbqentertainment.com\/#website","url":"https:\/\/bbqentertainment.com\/","name":"BBQ Entertainment","description":"BBQ is a great lifestyle, not just fun!","publisher":{"@id":"https:\/\/bbqentertainment.com\/#organization"},"potentialAction":[{"@type":"SearchAction","target":{"@type":"EntryPoint","urlTemplate":"https:\/\/bbqentertainment.com\/?s={search_term_string}"},"query-input":{"@type":"PropertyValueSpecification","valueRequired":true,"valueName":"search_term_string"}}],"inLanguage":"en-US"},{"@type":"Organization","@id":"https:\/\/bbqentertainment.com\/#organization","name":"BBQ Entertainment O\u00dc","url":"https:\/\/bbqentertainment.com\/","logo":{"@type":"ImageObject","inLanguage":"en-US","@id":"https:\/\/bbqentertainment.com\/#\/schema\/logo\/image\/","url":"https:\/\/bbqentertainment.com\/wp-content\/uploads\/2020\/04\/BBQ-Entertainment-N-Catering-Enn-Tobreluts-Logo.png","contentUrl":"https:\/\/bbqentertainment.com\/wp-content\/uploads\/2020\/04\/BBQ-Entertainment-N-Catering-Enn-Tobreluts-Logo.png","width":628,"height":266,"caption":"BBQ Entertainment O\u00dc"},"image":{"@id":"https:\/\/bbqentertainment.com\/#\/schema\/logo\/image\/"},"sameAs":["https:\/\/www.facebook.com\/BBQ-Entertainment-N-Catering-2437913376443540","https:\/\/www.instagram.com\/bbqentertainmentncatering\/","https:\/\/www.youtube.com\/channel\/UCmpuANQVhLy2Md8nrenp2jA"]}]}},"_links":{"self":[{"href":"https:\/\/bbqentertainment.com\/en\/wp-json\/wp\/v2\/product\/241735","targetHints":{"allow":["GET"]}}],"collection":[{"href":"https:\/\/bbqentertainment.com\/en\/wp-json\/wp\/v2\/product"}],"about":[{"href":"https:\/\/bbqentertainment.com\/en\/wp-json\/wp\/v2\/types\/product"}],"wp:featuredmedia":[{"embeddable":true,"href":"https:\/\/bbqentertainment.com\/en\/wp-json\/wp\/v2\/media\/241743"}],"wp:attachment":[{"href":"https:\/\/bbqentertainment.com\/en\/wp-json\/wp\/v2\/media?parent=241735"}],"wp:term":[{"taxonomy":"product_brand","embeddable":true,"href":"https:\/\/bbqentertainment.com\/en\/wp-json\/wp\/v2\/product_brand?post=241735"},{"taxonomy":"product_cat","embeddable":true,"href":"https:\/\/bbqentertainment.com\/en\/wp-json\/wp\/v2\/product_cat?post=241735"},{"taxonomy":"product_tag","embeddable":true,"href":"https:\/\/bbqentertainment.com\/en\/wp-json\/wp\/v2\/product_tag?post=241735"}],"curies":[{"name":"wp","href":"https:\/\/api.w.org\/{rel}","templated":true}]}}