{"id":241998,"date":"2023-05-12T00:00:38","date_gmt":"2023-05-11T21:00:38","guid":{"rendered":"https:\/\/bbqentertainment.com\/?post_type=product&#038;p=241998"},"modified":"2025-04-02T19:55:58","modified_gmt":"2025-04-02T16:55:58","slug":"komplekt-disainmet-valikook-jane-1900-graniidist-tasapinnaga-kamado-joe-classic-iii-stand-alone","status":"publish","type":"product","link":"https:\/\/bbqentertainment.com\/en\/toode\/komplekt-disainmet-valikook-jane-1900-graniidist-tasapinnaga-kamado-joe-classic-iii-stand-alone\/","title":{"rendered":"Komplekt: V\u00e4lik\u00f6\u00f6k Jane 1900 graniidist tasapinnaga + keraamiline grill Kamado Joe \u00ae Classic III Stand Alone"},"content":{"rendered":"<div style=\"left: 0; width: 100%; height: 0; position: relative; padding-bottom: 70.7035%;\"><\/div>\n","protected":false},"excerpt":{"rendered":"<h3><span style=\"color: #000000;\"><strong>Komplekt <\/strong><strong>DISAINMET V\u00c4LIK\u00d6\u00d6K JANE 1900 graniidist tasapinnaga <\/strong><strong>+ Kamado Joe \u00ae Classic III Stand Alone<\/strong><\/span><\/h3>\n<ul>\n<li><strong>K\u00fcsi eripakkumist! Kirjuta enn@bbqentertainment.com v\u00f5i helista 5165581.<\/strong><\/li>\n<li><span style=\"color: #000000;\">Ilmselt maailma parima kvaliteediga t\u00f6\u00f6lauad keraamilistele grillidele! Toodetud Eestis!<\/span><\/li>\n<li><span style=\"color: #000000;\">Komplektis on nii laud kui ka keraamiline grill \u2013\u00a0koos on soodsam!<\/span><\/li>\n<li><span style=\"color: #000000;\">T\u00f6\u00f6tasapind \u2013 looduslik graniit Nero Assoluto 20 mm<\/span><\/li>\n<li><span style=\"color: #000000;\">Puit \u2013 \u00f5litatud termosaar<\/span><\/li>\n<li><span style=\"color: #000000;\">V\u00e4rv \u2013 pulbertsink ja pulberv\u00e4rv<\/span><\/li>\n<li><span style=\"color: #000000;\">Raam \u2013\u00a0metall<\/span><\/li>\n<li><span style=\"color: #000000;\">M\u00f5\u00f5dud \u2013 1900 x 800 x 890 mm<\/span><\/li>\n<li><span style=\"color: #000000;\">Rattad \u2013 Blickle p\u00f6\u00f6rleva kahvliga rattad (4 tk) \u201cstop-fix\u201d lukustusega 2 tk<\/span><\/li>\n<li><span style=\"color: #000000;\">K\u00fcsi pakkumisi ka lisavarustusele ja muudele laua t\u00fc\u00fcpidele!<\/span><\/li>\n<\/ul>\n","protected":false},"featured_media":241987,"template":"","meta":{"inline_featured_image":false},"product_brand":[],"product_cat":[349,18,236],"product_tag":[],"class_list":{"0":"post-241998","1":"product","2":"type-product","3":"status-publish","4":"has-post-thumbnail","6":"product_cat-kamado-joe-tooted","7":"product_cat-kamado-joe","8":"product_cat-grillilauad","10":"first","11":"instock","12":"taxable","13":"shipping-taxable","14":"purchasable","15":"product-type-simple"},"yoast_head":"<!-- This site is optimized with the Yoast SEO plugin v27.4 - https:\/\/yoast.com\/product\/yoast-seo-wordpress\/ -->\n<title>Komplekt: V\u00e4lik\u00f6\u00f6k Jane 1900 graniidist tasapinnaga + keraamiline grill Kamado Joe \u00ae Classic III Stand Alone - BBQ Entertainment<\/title>\n<meta name=\"robots\" content=\"index, follow, max-snippet:-1, max-image-preview:large, max-video-preview:-1\" \/>\n<link rel=\"canonical\" href=\"https:\/\/bbqentertainment.com\/toode\/komplekt-disainmet-valikook-jane-1900-graniidist-tasapinnaga-kamado-joe-classic-iii-stand-alone\/\" \/>\n<meta property=\"og:locale\" content=\"en_US\" \/>\n<meta property=\"og:type\" content=\"article\" \/>\n<meta property=\"og:title\" content=\"Komplekt: V\u00e4lik\u00f6\u00f6k Jane 1900 graniidist tasapinnaga + keraamiline grill Kamado Joe \u00ae Classic III Stand Alone - BBQ Entertainment\" \/>\n<meta property=\"og:description\" content=\"Komplekt DISAINMET V\u00c4LIK\u00d6\u00d6K JANE 1900 graniidist tasapinnaga + Kamado Joe \u00ae Classic III Stand Alone   K\u00fcsi eripakkumist! Kirjuta enn@bbqentertainment.com v\u00f5i helista 5165581.  Ilmselt maailma parima kvaliteediga t\u00f6\u00f6lauad keraamilistele grillidele! Toodetud Eestis!  Komplektis on nii laud kui ka keraamiline grill \u2013\u00a0koos on soodsam!  T\u00f6\u00f6tasapind \u2013 looduslik graniit Nero Assoluto 20 mm  Puit \u2013 \u00f5litatud termosaar  V\u00e4rv \u2013 pulbertsink ja pulberv\u00e4rv  Raam \u2013\u00a0metall  M\u00f5\u00f5dud \u2013 1900 x 800 x 890 mm  Rattad \u2013 Blickle p\u00f6\u00f6rleva kahvliga rattad (4 tk) \u201cstop-fix\u201d lukustusega 2 tk  K\u00fcsi pakkumisi ka lisavarustusele ja muudele laua t\u00fc\u00fcpidele!\" \/>\n<meta property=\"og:url\" content=\"https:\/\/bbqentertainment.com\/toode\/komplekt-disainmet-valikook-jane-1900-graniidist-tasapinnaga-kamado-joe-classic-iii-stand-alone\/\" \/>\n<meta property=\"og:site_name\" content=\"BBQ Entertainment\" \/>\n<meta property=\"article:publisher\" content=\"https:\/\/www.facebook.com\/BBQ-Entertainment-N-Catering-2437913376443540\" \/>\n<meta property=\"article:modified_time\" content=\"2025-04-02T16:55:58+00:00\" \/>\n<meta property=\"og:image\" content=\"https:\/\/bbqentertainment.com\/wp-content\/uploads\/2023\/05\/BBQ-Entertainment-OU-DISAINMET-VALIKOOK-JANE-1900-GRANIIDIST-TASAPINNAGA-KERAAMILINE-GRILL-KAMADO-JOE-CLASSIC-II.jpg\" \/>\n\t<meta property=\"og:image:width\" content=\"1200\" \/>\n\t<meta property=\"og:image:height\" content=\"1200\" \/>\n\t<meta property=\"og:image:type\" content=\"image\/jpeg\" \/>\n<meta name=\"twitter:card\" content=\"summary_large_image\" \/>\n<meta name=\"twitter:label1\" content=\"Est. reading time\" \/>\n\t<meta name=\"twitter:data1\" content=\"1 minute\" \/>\n<script type=\"application\/ld+json\" class=\"yoast-schema-graph\">{\"@context\":\"https:\\\/\\\/schema.org\",\"@graph\":[{\"@type\":[\"WebPage\",\"ItemPage\"],\"@id\":\"https:\\\/\\\/bbqentertainment.com\\\/toode\\\/komplekt-disainmet-valikook-jane-1900-graniidist-tasapinnaga-kamado-joe-classic-iii-stand-alone\\\/\",\"url\":\"https:\\\/\\\/bbqentertainment.com\\\/toode\\\/komplekt-disainmet-valikook-jane-1900-graniidist-tasapinnaga-kamado-joe-classic-iii-stand-alone\\\/\",\"name\":\"Komplekt: V\u00e4lik\u00f6\u00f6k Jane 1900 graniidist tasapinnaga + keraamiline grill Kamado Joe \u00ae Classic III Stand Alone - BBQ Entertainment\",\"isPartOf\":{\"@id\":\"https:\\\/\\\/bbqentertainment.com\\\/#website\"},\"primaryImageOfPage\":{\"@id\":\"https:\\\/\\\/bbqentertainment.com\\\/toode\\\/komplekt-disainmet-valikook-jane-1900-graniidist-tasapinnaga-kamado-joe-classic-iii-stand-alone\\\/#primaryimage\"},\"image\":{\"@id\":\"https:\\\/\\\/bbqentertainment.com\\\/toode\\\/komplekt-disainmet-valikook-jane-1900-graniidist-tasapinnaga-kamado-joe-classic-iii-stand-alone\\\/#primaryimage\"},\"thumbnailUrl\":\"https:\\\/\\\/bbqentertainment.com\\\/wp-content\\\/uploads\\\/2023\\\/05\\\/BBQ-Entertainment-OU-DISAINMET-VALIKOOK-JANE-1900-GRANIIDIST-TASAPINNAGA-KERAAMILINE-GRILL-KAMADO-JOE-CLASSIC-II.jpg\",\"datePublished\":\"2023-05-11T21:00:38+00:00\",\"dateModified\":\"2025-04-02T16:55:58+00:00\",\"breadcrumb\":{\"@id\":\"https:\\\/\\\/bbqentertainment.com\\\/toode\\\/komplekt-disainmet-valikook-jane-1900-graniidist-tasapinnaga-kamado-joe-classic-iii-stand-alone\\\/#breadcrumb\"},\"inLanguage\":\"en-US\",\"potentialAction\":[{\"@type\":\"ReadAction\",\"target\":[\"https:\\\/\\\/bbqentertainment.com\\\/toode\\\/komplekt-disainmet-valikook-jane-1900-graniidist-tasapinnaga-kamado-joe-classic-iii-stand-alone\\\/\"]}]},{\"@type\":\"ImageObject\",\"inLanguage\":\"en-US\",\"@id\":\"https:\\\/\\\/bbqentertainment.com\\\/toode\\\/komplekt-disainmet-valikook-jane-1900-graniidist-tasapinnaga-kamado-joe-classic-iii-stand-alone\\\/#primaryimage\",\"url\":\"https:\\\/\\\/bbqentertainment.com\\\/wp-content\\\/uploads\\\/2023\\\/05\\\/BBQ-Entertainment-OU-DISAINMET-VALIKOOK-JANE-1900-GRANIIDIST-TASAPINNAGA-KERAAMILINE-GRILL-KAMADO-JOE-CLASSIC-II.jpg\",\"contentUrl\":\"https:\\\/\\\/bbqentertainment.com\\\/wp-content\\\/uploads\\\/2023\\\/05\\\/BBQ-Entertainment-OU-DISAINMET-VALIKOOK-JANE-1900-GRANIIDIST-TASAPINNAGA-KERAAMILINE-GRILL-KAMADO-JOE-CLASSIC-II.jpg\",\"width\":1200,\"height\":1200},{\"@type\":\"BreadcrumbList\",\"@id\":\"https:\\\/\\\/bbqentertainment.com\\\/toode\\\/komplekt-disainmet-valikook-jane-1900-graniidist-tasapinnaga-kamado-joe-classic-iii-stand-alone\\\/#breadcrumb\",\"itemListElement\":[{\"@type\":\"ListItem\",\"position\":1,\"name\":\"AVALEHT\",\"item\":\"https:\\\/\\\/bbqentertainment.com\\\/en\\\/\"},{\"@type\":\"ListItem\",\"position\":2,\"name\":\"Tooted\",\"item\":\"https:\\\/\\\/bbqentertainment.com\\\/tooted\\\/\"},{\"@type\":\"ListItem\",\"position\":3,\"name\":\"Lisatarvikud\",\"item\":\"https:\\\/\\\/bbqentertainment.com\\\/tootekategooria\\\/lisatarvikud\\\/\"},{\"@type\":\"ListItem\",\"position\":4,\"name\":\"GRILLILAUAD\",\"item\":\"https:\\\/\\\/bbqentertainment.com\\\/tootekategooria\\\/lisatarvikud\\\/grillilauad\\\/\"},{\"@type\":\"ListItem\",\"position\":5,\"name\":\"Komplekt: V\u00e4lik\u00f6\u00f6k Jane 1900 graniidist tasapinnaga + keraamiline grill Kamado Joe \u00ae Classic III Stand Alone\"}]},{\"@type\":\"WebSite\",\"@id\":\"https:\\\/\\\/bbqentertainment.com\\\/#website\",\"url\":\"https:\\\/\\\/bbqentertainment.com\\\/\",\"name\":\"BBQ Entertainment\",\"description\":\"BBQ is a great lifestyle, not just fun!\",\"publisher\":{\"@id\":\"https:\\\/\\\/bbqentertainment.com\\\/#organization\"},\"potentialAction\":[{\"@type\":\"SearchAction\",\"target\":{\"@type\":\"EntryPoint\",\"urlTemplate\":\"https:\\\/\\\/bbqentertainment.com\\\/?s={search_term_string}\"},\"query-input\":{\"@type\":\"PropertyValueSpecification\",\"valueRequired\":true,\"valueName\":\"search_term_string\"}}],\"inLanguage\":\"en-US\"},{\"@type\":\"Organization\",\"@id\":\"https:\\\/\\\/bbqentertainment.com\\\/#organization\",\"name\":\"BBQ Entertainment O\u00dc\",\"url\":\"https:\\\/\\\/bbqentertainment.com\\\/\",\"logo\":{\"@type\":\"ImageObject\",\"inLanguage\":\"en-US\",\"@id\":\"https:\\\/\\\/bbqentertainment.com\\\/#\\\/schema\\\/logo\\\/image\\\/\",\"url\":\"https:\\\/\\\/bbqentertainment.com\\\/wp-content\\\/uploads\\\/2020\\\/04\\\/BBQ-Entertainment-N-Catering-Enn-Tobreluts-Logo.png\",\"contentUrl\":\"https:\\\/\\\/bbqentertainment.com\\\/wp-content\\\/uploads\\\/2020\\\/04\\\/BBQ-Entertainment-N-Catering-Enn-Tobreluts-Logo.png\",\"width\":628,\"height\":266,\"caption\":\"BBQ Entertainment O\u00dc\"},\"image\":{\"@id\":\"https:\\\/\\\/bbqentertainment.com\\\/#\\\/schema\\\/logo\\\/image\\\/\"},\"sameAs\":[\"https:\\\/\\\/www.facebook.com\\\/BBQ-Entertainment-N-Catering-2437913376443540\",\"https:\\\/\\\/www.instagram.com\\\/bbqentertainmentncatering\\\/\",\"https:\\\/\\\/www.youtube.com\\\/channel\\\/UCmpuANQVhLy2Md8nrenp2jA\"]}]}<\/script>\n<!-- \/ Yoast SEO plugin. -->","yoast_head_json":{"title":"Komplekt: V\u00e4lik\u00f6\u00f6k Jane 1900 graniidist tasapinnaga + keraamiline grill Kamado Joe \u00ae Classic III Stand Alone - BBQ Entertainment","robots":{"index":"index","follow":"follow","max-snippet":"max-snippet:-1","max-image-preview":"max-image-preview:large","max-video-preview":"max-video-preview:-1"},"canonical":"https:\/\/bbqentertainment.com\/toode\/komplekt-disainmet-valikook-jane-1900-graniidist-tasapinnaga-kamado-joe-classic-iii-stand-alone\/","og_locale":"en_US","og_type":"article","og_title":"Komplekt: V\u00e4lik\u00f6\u00f6k Jane 1900 graniidist tasapinnaga + keraamiline grill Kamado Joe \u00ae Classic III Stand Alone - BBQ Entertainment","og_description":"Komplekt DISAINMET V\u00c4LIK\u00d6\u00d6K JANE 1900 graniidist tasapinnaga + Kamado Joe \u00ae Classic III Stand Alone   K\u00fcsi eripakkumist! Kirjuta enn@bbqentertainment.com v\u00f5i helista 5165581.  Ilmselt maailma parima kvaliteediga t\u00f6\u00f6lauad keraamilistele grillidele! Toodetud Eestis!  Komplektis on nii laud kui ka keraamiline grill \u2013\u00a0koos on soodsam!  T\u00f6\u00f6tasapind \u2013 looduslik graniit Nero Assoluto 20 mm  Puit \u2013 \u00f5litatud termosaar  V\u00e4rv \u2013 pulbertsink ja pulberv\u00e4rv  Raam \u2013\u00a0metall  M\u00f5\u00f5dud \u2013 1900 x 800 x 890 mm  Rattad \u2013 Blickle p\u00f6\u00f6rleva kahvliga rattad (4 tk) \u201cstop-fix\u201d lukustusega 2 tk  K\u00fcsi pakkumisi ka lisavarustusele ja muudele laua t\u00fc\u00fcpidele!","og_url":"https:\/\/bbqentertainment.com\/toode\/komplekt-disainmet-valikook-jane-1900-graniidist-tasapinnaga-kamado-joe-classic-iii-stand-alone\/","og_site_name":"BBQ Entertainment","article_publisher":"https:\/\/www.facebook.com\/BBQ-Entertainment-N-Catering-2437913376443540","article_modified_time":"2025-04-02T16:55:58+00:00","og_image":[{"width":1200,"height":1200,"url":"https:\/\/bbqentertainment.com\/wp-content\/uploads\/2023\/05\/BBQ-Entertainment-OU-DISAINMET-VALIKOOK-JANE-1900-GRANIIDIST-TASAPINNAGA-KERAAMILINE-GRILL-KAMADO-JOE-CLASSIC-II.jpg","type":"image\/jpeg"}],"twitter_card":"summary_large_image","twitter_misc":{"Est. reading time":"1 minute"},"schema":{"@context":"https:\/\/schema.org","@graph":[{"@type":["WebPage","ItemPage"],"@id":"https:\/\/bbqentertainment.com\/toode\/komplekt-disainmet-valikook-jane-1900-graniidist-tasapinnaga-kamado-joe-classic-iii-stand-alone\/","url":"https:\/\/bbqentertainment.com\/toode\/komplekt-disainmet-valikook-jane-1900-graniidist-tasapinnaga-kamado-joe-classic-iii-stand-alone\/","name":"Komplekt: V\u00e4lik\u00f6\u00f6k Jane 1900 graniidist tasapinnaga + keraamiline grill Kamado Joe \u00ae Classic III Stand Alone - BBQ Entertainment","isPartOf":{"@id":"https:\/\/bbqentertainment.com\/#website"},"primaryImageOfPage":{"@id":"https:\/\/bbqentertainment.com\/toode\/komplekt-disainmet-valikook-jane-1900-graniidist-tasapinnaga-kamado-joe-classic-iii-stand-alone\/#primaryimage"},"image":{"@id":"https:\/\/bbqentertainment.com\/toode\/komplekt-disainmet-valikook-jane-1900-graniidist-tasapinnaga-kamado-joe-classic-iii-stand-alone\/#primaryimage"},"thumbnailUrl":"https:\/\/bbqentertainment.com\/wp-content\/uploads\/2023\/05\/BBQ-Entertainment-OU-DISAINMET-VALIKOOK-JANE-1900-GRANIIDIST-TASAPINNAGA-KERAAMILINE-GRILL-KAMADO-JOE-CLASSIC-II.jpg","datePublished":"2023-05-11T21:00:38+00:00","dateModified":"2025-04-02T16:55:58+00:00","breadcrumb":{"@id":"https:\/\/bbqentertainment.com\/toode\/komplekt-disainmet-valikook-jane-1900-graniidist-tasapinnaga-kamado-joe-classic-iii-stand-alone\/#breadcrumb"},"inLanguage":"en-US","potentialAction":[{"@type":"ReadAction","target":["https:\/\/bbqentertainment.com\/toode\/komplekt-disainmet-valikook-jane-1900-graniidist-tasapinnaga-kamado-joe-classic-iii-stand-alone\/"]}]},{"@type":"ImageObject","inLanguage":"en-US","@id":"https:\/\/bbqentertainment.com\/toode\/komplekt-disainmet-valikook-jane-1900-graniidist-tasapinnaga-kamado-joe-classic-iii-stand-alone\/#primaryimage","url":"https:\/\/bbqentertainment.com\/wp-content\/uploads\/2023\/05\/BBQ-Entertainment-OU-DISAINMET-VALIKOOK-JANE-1900-GRANIIDIST-TASAPINNAGA-KERAAMILINE-GRILL-KAMADO-JOE-CLASSIC-II.jpg","contentUrl":"https:\/\/bbqentertainment.com\/wp-content\/uploads\/2023\/05\/BBQ-Entertainment-OU-DISAINMET-VALIKOOK-JANE-1900-GRANIIDIST-TASAPINNAGA-KERAAMILINE-GRILL-KAMADO-JOE-CLASSIC-II.jpg","width":1200,"height":1200},{"@type":"BreadcrumbList","@id":"https:\/\/bbqentertainment.com\/toode\/komplekt-disainmet-valikook-jane-1900-graniidist-tasapinnaga-kamado-joe-classic-iii-stand-alone\/#breadcrumb","itemListElement":[{"@type":"ListItem","position":1,"name":"AVALEHT","item":"https:\/\/bbqentertainment.com\/en\/"},{"@type":"ListItem","position":2,"name":"Tooted","item":"https:\/\/bbqentertainment.com\/tooted\/"},{"@type":"ListItem","position":3,"name":"Lisatarvikud","item":"https:\/\/bbqentertainment.com\/tootekategooria\/lisatarvikud\/"},{"@type":"ListItem","position":4,"name":"GRILLILAUAD","item":"https:\/\/bbqentertainment.com\/tootekategooria\/lisatarvikud\/grillilauad\/"},{"@type":"ListItem","position":5,"name":"Komplekt: V\u00e4lik\u00f6\u00f6k Jane 1900 graniidist tasapinnaga + keraamiline grill Kamado Joe \u00ae Classic III Stand Alone"}]},{"@type":"WebSite","@id":"https:\/\/bbqentertainment.com\/#website","url":"https:\/\/bbqentertainment.com\/","name":"BBQ Entertainment","description":"BBQ is a great lifestyle, not just fun!","publisher":{"@id":"https:\/\/bbqentertainment.com\/#organization"},"potentialAction":[{"@type":"SearchAction","target":{"@type":"EntryPoint","urlTemplate":"https:\/\/bbqentertainment.com\/?s={search_term_string}"},"query-input":{"@type":"PropertyValueSpecification","valueRequired":true,"valueName":"search_term_string"}}],"inLanguage":"en-US"},{"@type":"Organization","@id":"https:\/\/bbqentertainment.com\/#organization","name":"BBQ Entertainment O\u00dc","url":"https:\/\/bbqentertainment.com\/","logo":{"@type":"ImageObject","inLanguage":"en-US","@id":"https:\/\/bbqentertainment.com\/#\/schema\/logo\/image\/","url":"https:\/\/bbqentertainment.com\/wp-content\/uploads\/2020\/04\/BBQ-Entertainment-N-Catering-Enn-Tobreluts-Logo.png","contentUrl":"https:\/\/bbqentertainment.com\/wp-content\/uploads\/2020\/04\/BBQ-Entertainment-N-Catering-Enn-Tobreluts-Logo.png","width":628,"height":266,"caption":"BBQ Entertainment O\u00dc"},"image":{"@id":"https:\/\/bbqentertainment.com\/#\/schema\/logo\/image\/"},"sameAs":["https:\/\/www.facebook.com\/BBQ-Entertainment-N-Catering-2437913376443540","https:\/\/www.instagram.com\/bbqentertainmentncatering\/","https:\/\/www.youtube.com\/channel\/UCmpuANQVhLy2Md8nrenp2jA"]}]}},"_links":{"self":[{"href":"https:\/\/bbqentertainment.com\/en\/wp-json\/wp\/v2\/product\/241998","targetHints":{"allow":["GET"]}}],"collection":[{"href":"https:\/\/bbqentertainment.com\/en\/wp-json\/wp\/v2\/product"}],"about":[{"href":"https:\/\/bbqentertainment.com\/en\/wp-json\/wp\/v2\/types\/product"}],"wp:featuredmedia":[{"embeddable":true,"href":"https:\/\/bbqentertainment.com\/en\/wp-json\/wp\/v2\/media\/241987"}],"wp:attachment":[{"href":"https:\/\/bbqentertainment.com\/en\/wp-json\/wp\/v2\/media?parent=241998"}],"wp:term":[{"taxonomy":"product_brand","embeddable":true,"href":"https:\/\/bbqentertainment.com\/en\/wp-json\/wp\/v2\/product_brand?post=241998"},{"taxonomy":"product_cat","embeddable":true,"href":"https:\/\/bbqentertainment.com\/en\/wp-json\/wp\/v2\/product_cat?post=241998"},{"taxonomy":"product_tag","embeddable":true,"href":"https:\/\/bbqentertainment.com\/en\/wp-json\/wp\/v2\/product_tag?post=241998"}],"curies":[{"name":"wp","href":"https:\/\/api.w.org\/{rel}","templated":true}]}}