{"id":242001,"date":"2023-05-12T01:26:37","date_gmt":"2023-05-11T22:26:37","guid":{"rendered":"https:\/\/bbqentertainment.com\/?post_type=product&#038;p=242001"},"modified":"2025-07-25T13:45:34","modified_gmt":"2025-07-25T10:45:34","slug":"komplekt-komodo-kamado-21-supreme-olive-gold-pebble-lisad","status":"publish","type":"product","link":"https:\/\/bbqentertainment.com\/en\/toode\/komplekt-komodo-kamado-21-supreme-olive-gold-pebble-lisad\/","title":{"rendered":"Komplekt KOMODO KAMADO 21\u201d Supreme OLIVE GOLD PEBBLE &#038; lisad"},"content":{"rendered":"","protected":false},"excerpt":{"rendered":"<h3><span style=\"color: #000000;\"><strong>Komplekt KOMODO KAMADO 21\u201d Supreme OLIVE GOLD PEBBLE &amp; lisad<\/strong><\/span><\/h3>\n<ul>\n<li>Selle toote TAVAHIND on 7990 Eur km-ga (see on broneeritud ja uue saame tellida sisse m\u00f5ne kuu jooksul)<\/li>\n<li><span style=\"color: #000000;\">Ahju kaal ca 300 kg. Grillresti l\u00e4bim\u00f5\u00f5t 21&#8221; st 53,34 cm.<\/span><\/li>\n<li><strong><span style=\"color: #000000;\">Kaup kohe laos olemas. Vaadata ja katsuda saab ahju Tallinnas, V\u00e4geva tee 8, Peetri, Rae vald, BBQ Entertainment O\u00dc m\u00fc\u00fcgisalongis.<\/span><\/strong><\/li>\n<li><span style=\"color: #000000;\">KOMODO KAMADO on Kamado t\u00fc\u00fcpi grillide maailma absoluutne tipptase! Seda nii sisu, omaduste kui ka v\u00e4limuse osas. Samuti hinna osas on need maailma k\u00f5ige hinnalisemad grillid. Hinnatase on erinevatel mudelitel ca 3000\u20ac kuni 19000\u20ac km-ga. Toodetud on need Bali saarel Indoneesias t\u00e4ieliku detailideni ulatuva k\u00e4sit\u00f6\u00f6na!<\/span><\/li>\n<li><span style=\"color: #000000;\">Need grillahjud on ehitatud betoonist ja kaetud v\u00e4ga ilusate mosaiikplaatidega \u2013 k\u00f5ik on peensusteni l\u00e4bi m\u00f5eldud! T\u00e4ielik tipptase!<\/span><\/li>\n<li><span style=\"color: #000000;\">Selle ahjuga on kuumuse reguleerimine ja ahju k\u00fcpsetusprotsessi juhtimine tehtud eriti lihtsaks ja t\u00e4pseks. V\u00f5imalused on piiritud!<\/span><\/li>\n<li><span style=\"color: #000000;\">V\u00f5imalik on tellida juurde ka lisatarvikuid jne.<\/span><\/li>\n<li><span style=\"color: #000000;\">Garantii eluaegne (piiratud erinevatel osaldele).<\/span><\/li>\n<\/ul>\n<p><strong><span style=\"color: #000000;\"><span style=\"text-decoration: underline;\">KOMODO KAMADO 21\u201d Supreme OLIVE GOLD PEBBLE komplekti kuulub (tasuta kaasas)<\/span>:<\/span><\/strong><\/p>\n<ul>\n<li><span style=\"color: #000000;\">Refractory Barbeque Grill 21&#8243; NEW Supreme Export Package<\/span><\/li>\n<li><span style=\"color: #000000;\">Baking Stone for 21\u201d Supreme<\/span><\/li>\n<li><span style=\"color: #000000;\">Charcoal Basket Splitter for 21\u201d Supreme<\/span><\/li>\n<li><span style=\"color: #000000;\">Pair Rod &amp; Tube Side Tables with Stainless Steel for 21\u201d Supreme<\/span><\/li>\n<li><span style=\"color: #000000;\">Main Rear Warming Grate for 21\u201d Supreme<\/span><\/li>\n<li><span style=\"color: #000000;\">Stainless and Teak Grate Grabbers 2 tk komplekt<\/span><\/li>\n<li><span style=\"color: #000000;\">Tel-Tru Lid Thermometer<\/span><\/li>\n<li><span style=\"color: #000000;\">Ahi on ratastel (st liigutatav)<\/span><\/li>\n<li><span style=\"color: #000000;\">jne.<\/span><\/li>\n<\/ul>\n<p><strong><span style=\"color: #000000;\">KOMODO KAMADO grillahjusid on v\u00f5imalik eritellimusena tellida v\u00e4ga laia mosaiikplaatide v\u00e4rvi- ja kujuvalikus, ahju t\u00fc\u00fcbi osas ja ka suuruses (ahju kaalud ca 125 kuni 800 kg, grillresti l\u00e4bim\u00f5\u00f5t 16&#8221; st 40,64 cm kuni 42&#8221; st 107 cm). Oma soovist anna teada enn@bbqentertainment.com v\u00f5i +3725165581 Enn Tobreluts.<\/span><\/strong> <span style=\"color: #000000;\">BBQ Entertainment O\u00dc on KOMODO KAMADO eksklusiivne maaletooja alates aastast 2020.<\/span><\/p>\n","protected":false},"featured_media":242030,"template":"","meta":{"inline_featured_image":false},"product_brand":[],"product_cat":[17,470],"product_tag":[],"class_list":{"0":"post-242001","1":"product","2":"type-product","3":"status-publish","4":"has-post-thumbnail","6":"product_cat-grillid-ja-ahjud","7":"product_cat-komodo-kamado","8":"product_shipping_class-ainult-ise-jarele-tulemisega","10":"first","11":"onbackorder","12":"taxable","13":"shipping-taxable","14":"product-type-simple"},"yoast_head":"<!-- This site is optimized with the Yoast SEO plugin v27.4 - https:\/\/yoast.com\/product\/yoast-seo-wordpress\/ -->\n<title>Komplekt KOMODO KAMADO 21\u201d Supreme OLIVE GOLD PEBBLE &amp; lisad - BBQ Entertainment<\/title>\n<meta name=\"robots\" content=\"index, follow, max-snippet:-1, max-image-preview:large, max-video-preview:-1\" \/>\n<link rel=\"canonical\" href=\"https:\/\/bbqentertainment.com\/toode\/komplekt-komodo-kamado-21-supreme-olive-gold-pebble-lisad\/\" \/>\n<meta property=\"og:locale\" content=\"en_US\" \/>\n<meta property=\"og:type\" content=\"article\" \/>\n<meta property=\"og:title\" content=\"Komplekt KOMODO KAMADO 21\u201d Supreme OLIVE GOLD PEBBLE &amp; lisad - BBQ Entertainment\" \/>\n<meta property=\"og:description\" content=\"Komplekt KOMODO KAMADO 21\u201d Supreme OLIVE GOLD PEBBLE &amp; lisad   Selle toote TAVAHIND on 7990 Eur km-ga (see on broneeritud ja uue saame tellida sisse m\u00f5ne kuu jooksul)  Ahju kaal ca 300 kg. Grillresti l\u00e4bim\u00f5\u00f5t 21&#039;&#039; st 53,34 cm.  Kaup kohe laos olemas. Vaadata ja katsuda saab ahju Tallinnas, V\u00e4geva tee 8, Peetri, Rae vald, BBQ Entertainment O\u00dc m\u00fc\u00fcgisalongis.  KOMODO KAMADO on Kamado t\u00fc\u00fcpi grillide maailma absoluutne tipptase! Seda nii sisu, omaduste kui ka v\u00e4limuse osas. Samuti hinna osas on need maailma k\u00f5ige hinnalisemad grillid. Hinnatase on erinevatel mudelitel ca 3000\u20ac kuni 19000\u20ac km-ga. Toodetud on need Bali saarel Indoneesias t\u00e4ieliku detailideni ulatuva k\u00e4sit\u00f6\u00f6na!  Need grillahjud on ehitatud betoonist ja kaetud v\u00e4ga ilusate mosaiikplaatidega \u2013 k\u00f5ik on peensusteni l\u00e4bi m\u00f5eldud! T\u00e4ielik tipptase!  Selle ahjuga on kuumuse reguleerimine ja ahju k\u00fcpsetusprotsessi juhtimine tehtud eriti lihtsaks ja t\u00e4pseks. V\u00f5imalused on piiritud!  V\u00f5imalik on tellida juurde ka lisatarvikuid jne.  Garantii eluaegne (piiratud erinevatel osaldele).  KOMODO KAMADO 21\u201d Supreme OLIVE GOLD PEBBLE komplekti kuulub (tasuta kaasas):   Refractory Barbeque Grill 21&quot; NEW Supreme Export Package  Baking Stone for 21\u201d Supreme  Charcoal Basket Splitter for 21\u201d Supreme  Pair Rod &amp; Tube Side Tables with Stainless Steel for 21\u201d Supreme  Main Rear Warming Grate for 21\u201d Supreme  Stainless and Teak Grate Grabbers 2 tk komplekt  Tel-Tru Lid Thermometer  Ahi on ratastel (st liigutatav)  jne.  KOMODO KAMADO grillahjusid on v\u00f5imalik eritellimusena tellida v\u00e4ga laia mosaiikplaatide v\u00e4rvi- ja kujuvalikus, ahju t\u00fc\u00fcbi osas ja ka suuruses (ahju kaalud ca 125 kuni 800 kg, grillresti l\u00e4bim\u00f5\u00f5t 16&#039;&#039; st 40,64 cm kuni 42&#039;&#039; st 107 cm). Oma soovist anna teada enn@bbqentertainment.com v\u00f5i +3725165581 Enn Tobreluts. BBQ Entertainment O\u00dc on KOMODO KAMADO eksklusiivne maaletooja alates aastast 2020.\" \/>\n<meta property=\"og:url\" content=\"https:\/\/bbqentertainment.com\/toode\/komplekt-komodo-kamado-21-supreme-olive-gold-pebble-lisad\/\" \/>\n<meta property=\"og:site_name\" content=\"BBQ Entertainment\" \/>\n<meta property=\"article:publisher\" content=\"https:\/\/www.facebook.com\/BBQ-Entertainment-N-Catering-2437913376443540\" \/>\n<meta property=\"article:modified_time\" content=\"2025-07-25T10:45:34+00:00\" \/>\n<meta property=\"og:image\" content=\"https:\/\/bbqentertainment.com\/wp-content\/uploads\/2023\/05\/BBQ-Entertainment-OU-Komplekt-KOMODO-KAMADO-21-Supreme-OLIVE-GOLD-PEBBLE-lisad..jpg\" \/>\n\t<meta property=\"og:image:width\" content=\"1200\" \/>\n\t<meta property=\"og:image:height\" content=\"1200\" \/>\n\t<meta property=\"og:image:type\" content=\"image\/jpeg\" \/>\n<meta name=\"twitter:card\" content=\"summary_large_image\" \/>\n<meta name=\"twitter:label1\" content=\"Est. reading time\" \/>\n\t<meta name=\"twitter:data1\" content=\"1 minute\" \/>\n<script type=\"application\/ld+json\" class=\"yoast-schema-graph\">{\"@context\":\"https:\\\/\\\/schema.org\",\"@graph\":[{\"@type\":[\"WebPage\",\"ItemPage\"],\"@id\":\"https:\\\/\\\/bbqentertainment.com\\\/toode\\\/komplekt-komodo-kamado-21-supreme-olive-gold-pebble-lisad\\\/\",\"url\":\"https:\\\/\\\/bbqentertainment.com\\\/toode\\\/komplekt-komodo-kamado-21-supreme-olive-gold-pebble-lisad\\\/\",\"name\":\"Komplekt KOMODO KAMADO 21\u201d Supreme OLIVE GOLD PEBBLE & lisad - BBQ Entertainment\",\"isPartOf\":{\"@id\":\"https:\\\/\\\/bbqentertainment.com\\\/#website\"},\"primaryImageOfPage\":{\"@id\":\"https:\\\/\\\/bbqentertainment.com\\\/toode\\\/komplekt-komodo-kamado-21-supreme-olive-gold-pebble-lisad\\\/#primaryimage\"},\"image\":{\"@id\":\"https:\\\/\\\/bbqentertainment.com\\\/toode\\\/komplekt-komodo-kamado-21-supreme-olive-gold-pebble-lisad\\\/#primaryimage\"},\"thumbnailUrl\":\"https:\\\/\\\/bbqentertainment.com\\\/wp-content\\\/uploads\\\/2023\\\/05\\\/BBQ-Entertainment-OU-Komplekt-KOMODO-KAMADO-21-Supreme-OLIVE-GOLD-PEBBLE-lisad..jpg\",\"datePublished\":\"2023-05-11T22:26:37+00:00\",\"dateModified\":\"2025-07-25T10:45:34+00:00\",\"breadcrumb\":{\"@id\":\"https:\\\/\\\/bbqentertainment.com\\\/toode\\\/komplekt-komodo-kamado-21-supreme-olive-gold-pebble-lisad\\\/#breadcrumb\"},\"inLanguage\":\"en-US\",\"potentialAction\":[{\"@type\":\"ReadAction\",\"target\":[\"https:\\\/\\\/bbqentertainment.com\\\/toode\\\/komplekt-komodo-kamado-21-supreme-olive-gold-pebble-lisad\\\/\"]}]},{\"@type\":\"ImageObject\",\"inLanguage\":\"en-US\",\"@id\":\"https:\\\/\\\/bbqentertainment.com\\\/toode\\\/komplekt-komodo-kamado-21-supreme-olive-gold-pebble-lisad\\\/#primaryimage\",\"url\":\"https:\\\/\\\/bbqentertainment.com\\\/wp-content\\\/uploads\\\/2023\\\/05\\\/BBQ-Entertainment-OU-Komplekt-KOMODO-KAMADO-21-Supreme-OLIVE-GOLD-PEBBLE-lisad..jpg\",\"contentUrl\":\"https:\\\/\\\/bbqentertainment.com\\\/wp-content\\\/uploads\\\/2023\\\/05\\\/BBQ-Entertainment-OU-Komplekt-KOMODO-KAMADO-21-Supreme-OLIVE-GOLD-PEBBLE-lisad..jpg\",\"width\":1200,\"height\":1200},{\"@type\":\"BreadcrumbList\",\"@id\":\"https:\\\/\\\/bbqentertainment.com\\\/toode\\\/komplekt-komodo-kamado-21-supreme-olive-gold-pebble-lisad\\\/#breadcrumb\",\"itemListElement\":[{\"@type\":\"ListItem\",\"position\":1,\"name\":\"AVALEHT\",\"item\":\"https:\\\/\\\/bbqentertainment.com\\\/en\\\/\"},{\"@type\":\"ListItem\",\"position\":2,\"name\":\"Tooted\",\"item\":\"https:\\\/\\\/bbqentertainment.com\\\/tooted\\\/\"},{\"@type\":\"ListItem\",\"position\":3,\"name\":\"Grillid ja ahjud\",\"item\":\"https:\\\/\\\/bbqentertainment.com\\\/tootekategooria\\\/grillid-ja-ahjud\\\/\"},{\"@type\":\"ListItem\",\"position\":4,\"name\":\"KOMODO KAMADO\",\"item\":\"https:\\\/\\\/bbqentertainment.com\\\/tootekategooria\\\/grillid-ja-ahjud\\\/komodo-kamado\\\/\"},{\"@type\":\"ListItem\",\"position\":5,\"name\":\"Komplekt KOMODO KAMADO 21\u201d Supreme OLIVE GOLD PEBBLE &#038; lisad\"}]},{\"@type\":\"WebSite\",\"@id\":\"https:\\\/\\\/bbqentertainment.com\\\/#website\",\"url\":\"https:\\\/\\\/bbqentertainment.com\\\/\",\"name\":\"BBQ Entertainment\",\"description\":\"BBQ is a great lifestyle, not just fun!\",\"publisher\":{\"@id\":\"https:\\\/\\\/bbqentertainment.com\\\/#organization\"},\"potentialAction\":[{\"@type\":\"SearchAction\",\"target\":{\"@type\":\"EntryPoint\",\"urlTemplate\":\"https:\\\/\\\/bbqentertainment.com\\\/?s={search_term_string}\"},\"query-input\":{\"@type\":\"PropertyValueSpecification\",\"valueRequired\":true,\"valueName\":\"search_term_string\"}}],\"inLanguage\":\"en-US\"},{\"@type\":\"Organization\",\"@id\":\"https:\\\/\\\/bbqentertainment.com\\\/#organization\",\"name\":\"BBQ Entertainment O\u00dc\",\"url\":\"https:\\\/\\\/bbqentertainment.com\\\/\",\"logo\":{\"@type\":\"ImageObject\",\"inLanguage\":\"en-US\",\"@id\":\"https:\\\/\\\/bbqentertainment.com\\\/#\\\/schema\\\/logo\\\/image\\\/\",\"url\":\"https:\\\/\\\/bbqentertainment.com\\\/wp-content\\\/uploads\\\/2020\\\/04\\\/BBQ-Entertainment-N-Catering-Enn-Tobreluts-Logo.png\",\"contentUrl\":\"https:\\\/\\\/bbqentertainment.com\\\/wp-content\\\/uploads\\\/2020\\\/04\\\/BBQ-Entertainment-N-Catering-Enn-Tobreluts-Logo.png\",\"width\":628,\"height\":266,\"caption\":\"BBQ Entertainment O\u00dc\"},\"image\":{\"@id\":\"https:\\\/\\\/bbqentertainment.com\\\/#\\\/schema\\\/logo\\\/image\\\/\"},\"sameAs\":[\"https:\\\/\\\/www.facebook.com\\\/BBQ-Entertainment-N-Catering-2437913376443540\",\"https:\\\/\\\/www.instagram.com\\\/bbqentertainmentncatering\\\/\",\"https:\\\/\\\/www.youtube.com\\\/channel\\\/UCmpuANQVhLy2Md8nrenp2jA\"]}]}<\/script>\n<!-- \/ Yoast SEO plugin. -->","yoast_head_json":{"title":"Komplekt KOMODO KAMADO 21\u201d Supreme OLIVE GOLD PEBBLE & lisad - BBQ Entertainment","robots":{"index":"index","follow":"follow","max-snippet":"max-snippet:-1","max-image-preview":"max-image-preview:large","max-video-preview":"max-video-preview:-1"},"canonical":"https:\/\/bbqentertainment.com\/toode\/komplekt-komodo-kamado-21-supreme-olive-gold-pebble-lisad\/","og_locale":"en_US","og_type":"article","og_title":"Komplekt KOMODO KAMADO 21\u201d Supreme OLIVE GOLD PEBBLE & lisad - BBQ Entertainment","og_description":"Komplekt KOMODO KAMADO 21\u201d Supreme OLIVE GOLD PEBBLE &amp; lisad   Selle toote TAVAHIND on 7990 Eur km-ga (see on broneeritud ja uue saame tellida sisse m\u00f5ne kuu jooksul)  Ahju kaal ca 300 kg. Grillresti l\u00e4bim\u00f5\u00f5t 21'' st 53,34 cm.  Kaup kohe laos olemas. Vaadata ja katsuda saab ahju Tallinnas, V\u00e4geva tee 8, Peetri, Rae vald, BBQ Entertainment O\u00dc m\u00fc\u00fcgisalongis.  KOMODO KAMADO on Kamado t\u00fc\u00fcpi grillide maailma absoluutne tipptase! Seda nii sisu, omaduste kui ka v\u00e4limuse osas. Samuti hinna osas on need maailma k\u00f5ige hinnalisemad grillid. Hinnatase on erinevatel mudelitel ca 3000\u20ac kuni 19000\u20ac km-ga. Toodetud on need Bali saarel Indoneesias t\u00e4ieliku detailideni ulatuva k\u00e4sit\u00f6\u00f6na!  Need grillahjud on ehitatud betoonist ja kaetud v\u00e4ga ilusate mosaiikplaatidega \u2013 k\u00f5ik on peensusteni l\u00e4bi m\u00f5eldud! T\u00e4ielik tipptase!  Selle ahjuga on kuumuse reguleerimine ja ahju k\u00fcpsetusprotsessi juhtimine tehtud eriti lihtsaks ja t\u00e4pseks. V\u00f5imalused on piiritud!  V\u00f5imalik on tellida juurde ka lisatarvikuid jne.  Garantii eluaegne (piiratud erinevatel osaldele).  KOMODO KAMADO 21\u201d Supreme OLIVE GOLD PEBBLE komplekti kuulub (tasuta kaasas):   Refractory Barbeque Grill 21\" NEW Supreme Export Package  Baking Stone for 21\u201d Supreme  Charcoal Basket Splitter for 21\u201d Supreme  Pair Rod &amp; Tube Side Tables with Stainless Steel for 21\u201d Supreme  Main Rear Warming Grate for 21\u201d Supreme  Stainless and Teak Grate Grabbers 2 tk komplekt  Tel-Tru Lid Thermometer  Ahi on ratastel (st liigutatav)  jne.  KOMODO KAMADO grillahjusid on v\u00f5imalik eritellimusena tellida v\u00e4ga laia mosaiikplaatide v\u00e4rvi- ja kujuvalikus, ahju t\u00fc\u00fcbi osas ja ka suuruses (ahju kaalud ca 125 kuni 800 kg, grillresti l\u00e4bim\u00f5\u00f5t 16'' st 40,64 cm kuni 42'' st 107 cm). Oma soovist anna teada enn@bbqentertainment.com v\u00f5i +3725165581 Enn Tobreluts. BBQ Entertainment O\u00dc on KOMODO KAMADO eksklusiivne maaletooja alates aastast 2020.","og_url":"https:\/\/bbqentertainment.com\/toode\/komplekt-komodo-kamado-21-supreme-olive-gold-pebble-lisad\/","og_site_name":"BBQ Entertainment","article_publisher":"https:\/\/www.facebook.com\/BBQ-Entertainment-N-Catering-2437913376443540","article_modified_time":"2025-07-25T10:45:34+00:00","og_image":[{"width":1200,"height":1200,"url":"https:\/\/bbqentertainment.com\/wp-content\/uploads\/2023\/05\/BBQ-Entertainment-OU-Komplekt-KOMODO-KAMADO-21-Supreme-OLIVE-GOLD-PEBBLE-lisad..jpg","type":"image\/jpeg"}],"twitter_card":"summary_large_image","twitter_misc":{"Est. reading time":"1 minute"},"schema":{"@context":"https:\/\/schema.org","@graph":[{"@type":["WebPage","ItemPage"],"@id":"https:\/\/bbqentertainment.com\/toode\/komplekt-komodo-kamado-21-supreme-olive-gold-pebble-lisad\/","url":"https:\/\/bbqentertainment.com\/toode\/komplekt-komodo-kamado-21-supreme-olive-gold-pebble-lisad\/","name":"Komplekt KOMODO KAMADO 21\u201d Supreme OLIVE GOLD PEBBLE & lisad - BBQ Entertainment","isPartOf":{"@id":"https:\/\/bbqentertainment.com\/#website"},"primaryImageOfPage":{"@id":"https:\/\/bbqentertainment.com\/toode\/komplekt-komodo-kamado-21-supreme-olive-gold-pebble-lisad\/#primaryimage"},"image":{"@id":"https:\/\/bbqentertainment.com\/toode\/komplekt-komodo-kamado-21-supreme-olive-gold-pebble-lisad\/#primaryimage"},"thumbnailUrl":"https:\/\/bbqentertainment.com\/wp-content\/uploads\/2023\/05\/BBQ-Entertainment-OU-Komplekt-KOMODO-KAMADO-21-Supreme-OLIVE-GOLD-PEBBLE-lisad..jpg","datePublished":"2023-05-11T22:26:37+00:00","dateModified":"2025-07-25T10:45:34+00:00","breadcrumb":{"@id":"https:\/\/bbqentertainment.com\/toode\/komplekt-komodo-kamado-21-supreme-olive-gold-pebble-lisad\/#breadcrumb"},"inLanguage":"en-US","potentialAction":[{"@type":"ReadAction","target":["https:\/\/bbqentertainment.com\/toode\/komplekt-komodo-kamado-21-supreme-olive-gold-pebble-lisad\/"]}]},{"@type":"ImageObject","inLanguage":"en-US","@id":"https:\/\/bbqentertainment.com\/toode\/komplekt-komodo-kamado-21-supreme-olive-gold-pebble-lisad\/#primaryimage","url":"https:\/\/bbqentertainment.com\/wp-content\/uploads\/2023\/05\/BBQ-Entertainment-OU-Komplekt-KOMODO-KAMADO-21-Supreme-OLIVE-GOLD-PEBBLE-lisad..jpg","contentUrl":"https:\/\/bbqentertainment.com\/wp-content\/uploads\/2023\/05\/BBQ-Entertainment-OU-Komplekt-KOMODO-KAMADO-21-Supreme-OLIVE-GOLD-PEBBLE-lisad..jpg","width":1200,"height":1200},{"@type":"BreadcrumbList","@id":"https:\/\/bbqentertainment.com\/toode\/komplekt-komodo-kamado-21-supreme-olive-gold-pebble-lisad\/#breadcrumb","itemListElement":[{"@type":"ListItem","position":1,"name":"AVALEHT","item":"https:\/\/bbqentertainment.com\/en\/"},{"@type":"ListItem","position":2,"name":"Tooted","item":"https:\/\/bbqentertainment.com\/tooted\/"},{"@type":"ListItem","position":3,"name":"Grillid ja ahjud","item":"https:\/\/bbqentertainment.com\/tootekategooria\/grillid-ja-ahjud\/"},{"@type":"ListItem","position":4,"name":"KOMODO KAMADO","item":"https:\/\/bbqentertainment.com\/tootekategooria\/grillid-ja-ahjud\/komodo-kamado\/"},{"@type":"ListItem","position":5,"name":"Komplekt KOMODO KAMADO 21\u201d Supreme OLIVE GOLD PEBBLE &#038; lisad"}]},{"@type":"WebSite","@id":"https:\/\/bbqentertainment.com\/#website","url":"https:\/\/bbqentertainment.com\/","name":"BBQ Entertainment","description":"BBQ is a great lifestyle, not just fun!","publisher":{"@id":"https:\/\/bbqentertainment.com\/#organization"},"potentialAction":[{"@type":"SearchAction","target":{"@type":"EntryPoint","urlTemplate":"https:\/\/bbqentertainment.com\/?s={search_term_string}"},"query-input":{"@type":"PropertyValueSpecification","valueRequired":true,"valueName":"search_term_string"}}],"inLanguage":"en-US"},{"@type":"Organization","@id":"https:\/\/bbqentertainment.com\/#organization","name":"BBQ Entertainment O\u00dc","url":"https:\/\/bbqentertainment.com\/","logo":{"@type":"ImageObject","inLanguage":"en-US","@id":"https:\/\/bbqentertainment.com\/#\/schema\/logo\/image\/","url":"https:\/\/bbqentertainment.com\/wp-content\/uploads\/2020\/04\/BBQ-Entertainment-N-Catering-Enn-Tobreluts-Logo.png","contentUrl":"https:\/\/bbqentertainment.com\/wp-content\/uploads\/2020\/04\/BBQ-Entertainment-N-Catering-Enn-Tobreluts-Logo.png","width":628,"height":266,"caption":"BBQ Entertainment O\u00dc"},"image":{"@id":"https:\/\/bbqentertainment.com\/#\/schema\/logo\/image\/"},"sameAs":["https:\/\/www.facebook.com\/BBQ-Entertainment-N-Catering-2437913376443540","https:\/\/www.instagram.com\/bbqentertainmentncatering\/","https:\/\/www.youtube.com\/channel\/UCmpuANQVhLy2Md8nrenp2jA"]}]}},"_links":{"self":[{"href":"https:\/\/bbqentertainment.com\/en\/wp-json\/wp\/v2\/product\/242001","targetHints":{"allow":["GET"]}}],"collection":[{"href":"https:\/\/bbqentertainment.com\/en\/wp-json\/wp\/v2\/product"}],"about":[{"href":"https:\/\/bbqentertainment.com\/en\/wp-json\/wp\/v2\/types\/product"}],"wp:featuredmedia":[{"embeddable":true,"href":"https:\/\/bbqentertainment.com\/en\/wp-json\/wp\/v2\/media\/242030"}],"wp:attachment":[{"href":"https:\/\/bbqentertainment.com\/en\/wp-json\/wp\/v2\/media?parent=242001"}],"wp:term":[{"taxonomy":"product_brand","embeddable":true,"href":"https:\/\/bbqentertainment.com\/en\/wp-json\/wp\/v2\/product_brand?post=242001"},{"taxonomy":"product_cat","embeddable":true,"href":"https:\/\/bbqentertainment.com\/en\/wp-json\/wp\/v2\/product_cat?post=242001"},{"taxonomy":"product_tag","embeddable":true,"href":"https:\/\/bbqentertainment.com\/en\/wp-json\/wp\/v2\/product_tag?post=242001"}],"curies":[{"name":"wp","href":"https:\/\/api.w.org\/{rel}","templated":true}]}}