{"id":242103,"date":"2023-05-15T02:39:26","date_gmt":"2023-05-14T23:39:26","guid":{"rendered":"https:\/\/bbqentertainment.com\/?post_type=product&#038;p=242103"},"modified":"2025-02-10T22:54:24","modified_gmt":"2025-02-10T20:54:24","slug":"komplekt-komodo-kamado-saadaval-ette-tellimisel","status":"publish","type":"product","link":"https:\/\/bbqentertainment.com\/en\/toode\/komplekt-komodo-kamado-saadaval-ette-tellimisel\/","title":{"rendered":"Komplekt KOMODO KAMADO (erinevad suuruse, mudeli ja mosaiikplaatide versioonid) &#8211; saadaval ette tellimisel"},"content":{"rendered":"","protected":false},"excerpt":{"rendered":"<h3><span style=\"color: #000000;\"><strong>Komplekt KOMODO KAMADO (erinevad suuruse, mudeli ja mosaiikplaatide versioonid) &#8211; saadaval ette tellimisel<\/strong><\/span><\/h3>\n<ul>\n<li><span style=\"color: #000000;\"><strong>KOMODO KAMADO grillahjusid on v\u00f5imalik eritellimusena tellida v\u00e4ga laia mosaiikplaatide v\u00e4rvi- ja kujuvalikus, ahju t\u00fc\u00fcbi osas ja ka suuruses (ahju kaalud ca 125 kuni 800 kg, grillresti l\u00e4bim\u00f5\u00f5t 16&#8221; st 40,64 cm kuni 42&#8221; st 107 cm). Oma soovist anna teada enn@bbqentertainment.com v\u00f5i +3725165581 Enn Tobreluts.<\/strong><\/span><\/li>\n<li><span style=\"color: #000000;\"><strong>Osad mudelid on koha laos olemas, osad tuleb ette tellida. Vaadata ja katsuda saab kohalolevaid ahjusid Tallinnas, V\u00e4geva tee 8, Peetri, Rae vald, BBQ Entertainment O\u00dc m\u00fc\u00fcgisalongis.<\/strong><\/span><\/li>\n<li><span style=\"color: #000000;\">KOMODO KAMADO on Kamado t\u00fc\u00fcpi grillide maailma absoluutne tipptase! Seda nii sisu, omaduste kui ka v\u00e4limuse osas. Samuti hinna osas on need maailma k\u00f5ige hinnalisemad grillid. Hinnatase on erinevatel komplektidel ca 3000\u20ac kuni 19000\u20ac km-ga. Hinnad sisaldavad meretransporti, tollitasusid ja k\u00f5ike sinna juurde kuuluvat. Toodetud on need Bali saarel Indoneesias t\u00e4ieliku detailideni ulatuva k\u00e4sit\u00f6\u00f6na!<\/span><\/li>\n<li><span style=\"color: #000000;\">Need grillahjud on ehitatud betoonist ja kaetud v\u00e4ga ilusate mosaiikplaatidega \u2013 k\u00f5ik on peensusteni l\u00e4bi m\u00f5eldud! T\u00e4ielik tipptase!<\/span><\/li>\n<li><span style=\"color: #000000;\">Selle ahjuga on kuumuse reguleerimine ja ahju k\u00fcpsetusprotsessi juhtimine tehtud eriti lihtsaks ja t\u00e4pseks. V\u00f5imalused on piiritud!<\/span><\/li>\n<li><span style=\"color: #000000;\">V\u00f5imalik on tellida juurde ka lisatarvikuid jne.\u00a0Ahjud on ratastel (st liigutatavad).<\/span><\/li>\n<li><span style=\"color: #000000;\">Garantii eluaegne (piiratud erinevatel osaldele).<\/span><\/li>\n<\/ul>\n<p><span style=\"color: #000000;\">BBQ Entertainment O\u00dc on KOMODO KAMADO eksklusiivne maaletooja alates aastast 2020.<\/span><\/p>\n","protected":false},"featured_media":242087,"template":"","meta":{"inline_featured_image":false},"product_brand":[],"product_cat":[17,470],"product_tag":[],"class_list":{"0":"post-242103","1":"product","2":"type-product","3":"status-publish","4":"has-post-thumbnail","6":"product_cat-grillid-ja-ahjud","7":"product_cat-komodo-kamado","8":"product_shipping_class-ainult-ise-jarele-tulemisega","10":"first","11":"instock","12":"taxable","13":"shipping-taxable","14":"product-type-simple"},"yoast_head":"<!-- This site is optimized with the Yoast SEO plugin v27.4 - https:\/\/yoast.com\/product\/yoast-seo-wordpress\/ -->\n<title>Komplekt KOMODO KAMADO (erinevad suuruse, mudeli ja mosaiikplaatide versioonid) - saadaval ette tellimisel - BBQ Entertainment<\/title>\n<meta name=\"robots\" content=\"index, follow, max-snippet:-1, max-image-preview:large, max-video-preview:-1\" \/>\n<link rel=\"canonical\" href=\"https:\/\/bbqentertainment.com\/toode\/komplekt-komodo-kamado-saadaval-ette-tellimisel\/\" \/>\n<meta property=\"og:locale\" content=\"en_US\" \/>\n<meta property=\"og:type\" content=\"article\" \/>\n<meta property=\"og:title\" content=\"Komplekt KOMODO KAMADO (erinevad suuruse, mudeli ja mosaiikplaatide versioonid) - saadaval ette tellimisel - BBQ Entertainment\" \/>\n<meta property=\"og:description\" content=\"Komplekt KOMODO KAMADO (erinevad suuruse, mudeli ja mosaiikplaatide versioonid) - saadaval ette tellimiselKOMODO KAMADO grillahjusid on v\u00f5imalik eritellimusena tellida v\u00e4ga laia mosaiikplaatide v\u00e4rvi- ja kujuvalikus, ahju t\u00fc\u00fcbi osas ja ka suuruses (ahju kaalud ca 125 kuni 800 kg, grillresti l\u00e4bim\u00f5\u00f5t 16&#039;&#039; st 40,64 cm kuni 42&#039;&#039; st 107 cm). Oma soovist anna teada enn@bbqentertainment.com v\u00f5i +3725165581 Enn Tobreluts.Osad mudelid on koha laos olemas, osad tuleb ette tellida. Vaadata ja katsuda saab kohalolevaid ahjusid Tallinnas, V\u00e4geva tee 8, Peetri, Rae vald, BBQ Entertainment O\u00dc m\u00fc\u00fcgisalongis.KOMODO KAMADO on Kamado t\u00fc\u00fcpi grillide maailma absoluutne tipptase! Seda nii sisu, omaduste kui ka v\u00e4limuse osas. Samuti hinna osas on need maailma k\u00f5ige hinnalisemad grillid. Hinnatase on erinevatel komplektidel ca 3000\u20ac kuni 19000\u20ac km-ga. Hinnad sisaldavad meretransporti, tollitasusid ja k\u00f5ike sinna juurde kuuluvat. Toodetud on need Bali saarel Indoneesias t\u00e4ieliku detailideni ulatuva k\u00e4sit\u00f6\u00f6na!Need grillahjud on ehitatud betoonist ja kaetud v\u00e4ga ilusate mosaiikplaatidega \u2013 k\u00f5ik on peensusteni l\u00e4bi m\u00f5eldud! T\u00e4ielik tipptase!Selle ahjuga on kuumuse reguleerimine ja ahju k\u00fcpsetusprotsessi juhtimine tehtud eriti lihtsaks ja t\u00e4pseks. V\u00f5imalused on piiritud!V\u00f5imalik on tellida juurde ka lisatarvikuid jne.\u00a0Ahjud on ratastel (st liigutatavad).Garantii eluaegne (piiratud erinevatel osaldele).BBQ Entertainment O\u00dc on KOMODO KAMADO eksklusiivne maaletooja alates aastast 2020.\" \/>\n<meta property=\"og:url\" content=\"https:\/\/bbqentertainment.com\/toode\/komplekt-komodo-kamado-saadaval-ette-tellimisel\/\" \/>\n<meta property=\"og:site_name\" content=\"BBQ Entertainment\" \/>\n<meta property=\"article:publisher\" content=\"https:\/\/www.facebook.com\/BBQ-Entertainment-N-Catering-2437913376443540\" \/>\n<meta property=\"article:modified_time\" content=\"2025-02-10T20:54:24+00:00\" \/>\n<meta property=\"og:image\" content=\"https:\/\/bbqentertainment.com\/wp-content\/uploads\/2023\/05\/KOMODO-KAMADO-BBQ-Entertainment-OU.jpg\" \/>\n\t<meta property=\"og:image:width\" content=\"1200\" \/>\n\t<meta property=\"og:image:height\" content=\"1200\" \/>\n\t<meta property=\"og:image:type\" content=\"image\/jpeg\" \/>\n<meta name=\"twitter:card\" content=\"summary_large_image\" \/>\n<script type=\"application\/ld+json\" class=\"yoast-schema-graph\">{\"@context\":\"https:\\\/\\\/schema.org\",\"@graph\":[{\"@type\":[\"WebPage\",\"ItemPage\"],\"@id\":\"https:\\\/\\\/bbqentertainment.com\\\/toode\\\/komplekt-komodo-kamado-saadaval-ette-tellimisel\\\/\",\"url\":\"https:\\\/\\\/bbqentertainment.com\\\/toode\\\/komplekt-komodo-kamado-saadaval-ette-tellimisel\\\/\",\"name\":\"Komplekt KOMODO KAMADO (erinevad suuruse, mudeli ja mosaiikplaatide versioonid) - saadaval ette tellimisel - BBQ Entertainment\",\"isPartOf\":{\"@id\":\"https:\\\/\\\/bbqentertainment.com\\\/#website\"},\"primaryImageOfPage\":{\"@id\":\"https:\\\/\\\/bbqentertainment.com\\\/toode\\\/komplekt-komodo-kamado-saadaval-ette-tellimisel\\\/#primaryimage\"},\"image\":{\"@id\":\"https:\\\/\\\/bbqentertainment.com\\\/toode\\\/komplekt-komodo-kamado-saadaval-ette-tellimisel\\\/#primaryimage\"},\"thumbnailUrl\":\"https:\\\/\\\/bbqentertainment.com\\\/wp-content\\\/uploads\\\/2023\\\/05\\\/KOMODO-KAMADO-BBQ-Entertainment-OU.jpg\",\"datePublished\":\"2023-05-14T23:39:26+00:00\",\"dateModified\":\"2025-02-10T20:54:24+00:00\",\"breadcrumb\":{\"@id\":\"https:\\\/\\\/bbqentertainment.com\\\/toode\\\/komplekt-komodo-kamado-saadaval-ette-tellimisel\\\/#breadcrumb\"},\"inLanguage\":\"en-US\",\"potentialAction\":[{\"@type\":\"ReadAction\",\"target\":[\"https:\\\/\\\/bbqentertainment.com\\\/toode\\\/komplekt-komodo-kamado-saadaval-ette-tellimisel\\\/\"]}]},{\"@type\":\"ImageObject\",\"inLanguage\":\"en-US\",\"@id\":\"https:\\\/\\\/bbqentertainment.com\\\/toode\\\/komplekt-komodo-kamado-saadaval-ette-tellimisel\\\/#primaryimage\",\"url\":\"https:\\\/\\\/bbqentertainment.com\\\/wp-content\\\/uploads\\\/2023\\\/05\\\/KOMODO-KAMADO-BBQ-Entertainment-OU.jpg\",\"contentUrl\":\"https:\\\/\\\/bbqentertainment.com\\\/wp-content\\\/uploads\\\/2023\\\/05\\\/KOMODO-KAMADO-BBQ-Entertainment-OU.jpg\",\"width\":1200,\"height\":1200},{\"@type\":\"BreadcrumbList\",\"@id\":\"https:\\\/\\\/bbqentertainment.com\\\/toode\\\/komplekt-komodo-kamado-saadaval-ette-tellimisel\\\/#breadcrumb\",\"itemListElement\":[{\"@type\":\"ListItem\",\"position\":1,\"name\":\"AVALEHT\",\"item\":\"https:\\\/\\\/bbqentertainment.com\\\/en\\\/\"},{\"@type\":\"ListItem\",\"position\":2,\"name\":\"Tooted\",\"item\":\"https:\\\/\\\/bbqentertainment.com\\\/tooted\\\/\"},{\"@type\":\"ListItem\",\"position\":3,\"name\":\"Grillid ja ahjud\",\"item\":\"https:\\\/\\\/bbqentertainment.com\\\/tootekategooria\\\/grillid-ja-ahjud\\\/\"},{\"@type\":\"ListItem\",\"position\":4,\"name\":\"KOMODO KAMADO\",\"item\":\"https:\\\/\\\/bbqentertainment.com\\\/tootekategooria\\\/grillid-ja-ahjud\\\/komodo-kamado\\\/\"},{\"@type\":\"ListItem\",\"position\":5,\"name\":\"Komplekt KOMODO KAMADO (erinevad suuruse, mudeli ja mosaiikplaatide versioonid) &#8211; saadaval ette tellimisel\"}]},{\"@type\":\"WebSite\",\"@id\":\"https:\\\/\\\/bbqentertainment.com\\\/#website\",\"url\":\"https:\\\/\\\/bbqentertainment.com\\\/\",\"name\":\"BBQ Entertainment\",\"description\":\"BBQ is a great lifestyle, not just fun!\",\"publisher\":{\"@id\":\"https:\\\/\\\/bbqentertainment.com\\\/#organization\"},\"potentialAction\":[{\"@type\":\"SearchAction\",\"target\":{\"@type\":\"EntryPoint\",\"urlTemplate\":\"https:\\\/\\\/bbqentertainment.com\\\/?s={search_term_string}\"},\"query-input\":{\"@type\":\"PropertyValueSpecification\",\"valueRequired\":true,\"valueName\":\"search_term_string\"}}],\"inLanguage\":\"en-US\"},{\"@type\":\"Organization\",\"@id\":\"https:\\\/\\\/bbqentertainment.com\\\/#organization\",\"name\":\"BBQ Entertainment O\u00dc\",\"url\":\"https:\\\/\\\/bbqentertainment.com\\\/\",\"logo\":{\"@type\":\"ImageObject\",\"inLanguage\":\"en-US\",\"@id\":\"https:\\\/\\\/bbqentertainment.com\\\/#\\\/schema\\\/logo\\\/image\\\/\",\"url\":\"https:\\\/\\\/bbqentertainment.com\\\/wp-content\\\/uploads\\\/2020\\\/04\\\/BBQ-Entertainment-N-Catering-Enn-Tobreluts-Logo.png\",\"contentUrl\":\"https:\\\/\\\/bbqentertainment.com\\\/wp-content\\\/uploads\\\/2020\\\/04\\\/BBQ-Entertainment-N-Catering-Enn-Tobreluts-Logo.png\",\"width\":628,\"height\":266,\"caption\":\"BBQ Entertainment O\u00dc\"},\"image\":{\"@id\":\"https:\\\/\\\/bbqentertainment.com\\\/#\\\/schema\\\/logo\\\/image\\\/\"},\"sameAs\":[\"https:\\\/\\\/www.facebook.com\\\/BBQ-Entertainment-N-Catering-2437913376443540\",\"https:\\\/\\\/www.instagram.com\\\/bbqentertainmentncatering\\\/\",\"https:\\\/\\\/www.youtube.com\\\/channel\\\/UCmpuANQVhLy2Md8nrenp2jA\"]}]}<\/script>\n<!-- \/ Yoast SEO plugin. -->","yoast_head_json":{"title":"Komplekt KOMODO KAMADO (erinevad suuruse, mudeli ja mosaiikplaatide versioonid) - saadaval ette tellimisel - BBQ Entertainment","robots":{"index":"index","follow":"follow","max-snippet":"max-snippet:-1","max-image-preview":"max-image-preview:large","max-video-preview":"max-video-preview:-1"},"canonical":"https:\/\/bbqentertainment.com\/toode\/komplekt-komodo-kamado-saadaval-ette-tellimisel\/","og_locale":"en_US","og_type":"article","og_title":"Komplekt KOMODO KAMADO (erinevad suuruse, mudeli ja mosaiikplaatide versioonid) - saadaval ette tellimisel - BBQ Entertainment","og_description":"Komplekt KOMODO KAMADO (erinevad suuruse, mudeli ja mosaiikplaatide versioonid) - saadaval ette tellimiselKOMODO KAMADO grillahjusid on v\u00f5imalik eritellimusena tellida v\u00e4ga laia mosaiikplaatide v\u00e4rvi- ja kujuvalikus, ahju t\u00fc\u00fcbi osas ja ka suuruses (ahju kaalud ca 125 kuni 800 kg, grillresti l\u00e4bim\u00f5\u00f5t 16'' st 40,64 cm kuni 42'' st 107 cm). Oma soovist anna teada enn@bbqentertainment.com v\u00f5i +3725165581 Enn Tobreluts.Osad mudelid on koha laos olemas, osad tuleb ette tellida. Vaadata ja katsuda saab kohalolevaid ahjusid Tallinnas, V\u00e4geva tee 8, Peetri, Rae vald, BBQ Entertainment O\u00dc m\u00fc\u00fcgisalongis.KOMODO KAMADO on Kamado t\u00fc\u00fcpi grillide maailma absoluutne tipptase! Seda nii sisu, omaduste kui ka v\u00e4limuse osas. Samuti hinna osas on need maailma k\u00f5ige hinnalisemad grillid. Hinnatase on erinevatel komplektidel ca 3000\u20ac kuni 19000\u20ac km-ga. Hinnad sisaldavad meretransporti, tollitasusid ja k\u00f5ike sinna juurde kuuluvat. Toodetud on need Bali saarel Indoneesias t\u00e4ieliku detailideni ulatuva k\u00e4sit\u00f6\u00f6na!Need grillahjud on ehitatud betoonist ja kaetud v\u00e4ga ilusate mosaiikplaatidega \u2013 k\u00f5ik on peensusteni l\u00e4bi m\u00f5eldud! T\u00e4ielik tipptase!Selle ahjuga on kuumuse reguleerimine ja ahju k\u00fcpsetusprotsessi juhtimine tehtud eriti lihtsaks ja t\u00e4pseks. V\u00f5imalused on piiritud!V\u00f5imalik on tellida juurde ka lisatarvikuid jne.\u00a0Ahjud on ratastel (st liigutatavad).Garantii eluaegne (piiratud erinevatel osaldele).BBQ Entertainment O\u00dc on KOMODO KAMADO eksklusiivne maaletooja alates aastast 2020.","og_url":"https:\/\/bbqentertainment.com\/toode\/komplekt-komodo-kamado-saadaval-ette-tellimisel\/","og_site_name":"BBQ Entertainment","article_publisher":"https:\/\/www.facebook.com\/BBQ-Entertainment-N-Catering-2437913376443540","article_modified_time":"2025-02-10T20:54:24+00:00","og_image":[{"width":1200,"height":1200,"url":"https:\/\/bbqentertainment.com\/wp-content\/uploads\/2023\/05\/KOMODO-KAMADO-BBQ-Entertainment-OU.jpg","type":"image\/jpeg"}],"twitter_card":"summary_large_image","schema":{"@context":"https:\/\/schema.org","@graph":[{"@type":["WebPage","ItemPage"],"@id":"https:\/\/bbqentertainment.com\/toode\/komplekt-komodo-kamado-saadaval-ette-tellimisel\/","url":"https:\/\/bbqentertainment.com\/toode\/komplekt-komodo-kamado-saadaval-ette-tellimisel\/","name":"Komplekt KOMODO KAMADO (erinevad suuruse, mudeli ja mosaiikplaatide versioonid) - saadaval ette tellimisel - BBQ Entertainment","isPartOf":{"@id":"https:\/\/bbqentertainment.com\/#website"},"primaryImageOfPage":{"@id":"https:\/\/bbqentertainment.com\/toode\/komplekt-komodo-kamado-saadaval-ette-tellimisel\/#primaryimage"},"image":{"@id":"https:\/\/bbqentertainment.com\/toode\/komplekt-komodo-kamado-saadaval-ette-tellimisel\/#primaryimage"},"thumbnailUrl":"https:\/\/bbqentertainment.com\/wp-content\/uploads\/2023\/05\/KOMODO-KAMADO-BBQ-Entertainment-OU.jpg","datePublished":"2023-05-14T23:39:26+00:00","dateModified":"2025-02-10T20:54:24+00:00","breadcrumb":{"@id":"https:\/\/bbqentertainment.com\/toode\/komplekt-komodo-kamado-saadaval-ette-tellimisel\/#breadcrumb"},"inLanguage":"en-US","potentialAction":[{"@type":"ReadAction","target":["https:\/\/bbqentertainment.com\/toode\/komplekt-komodo-kamado-saadaval-ette-tellimisel\/"]}]},{"@type":"ImageObject","inLanguage":"en-US","@id":"https:\/\/bbqentertainment.com\/toode\/komplekt-komodo-kamado-saadaval-ette-tellimisel\/#primaryimage","url":"https:\/\/bbqentertainment.com\/wp-content\/uploads\/2023\/05\/KOMODO-KAMADO-BBQ-Entertainment-OU.jpg","contentUrl":"https:\/\/bbqentertainment.com\/wp-content\/uploads\/2023\/05\/KOMODO-KAMADO-BBQ-Entertainment-OU.jpg","width":1200,"height":1200},{"@type":"BreadcrumbList","@id":"https:\/\/bbqentertainment.com\/toode\/komplekt-komodo-kamado-saadaval-ette-tellimisel\/#breadcrumb","itemListElement":[{"@type":"ListItem","position":1,"name":"AVALEHT","item":"https:\/\/bbqentertainment.com\/en\/"},{"@type":"ListItem","position":2,"name":"Tooted","item":"https:\/\/bbqentertainment.com\/tooted\/"},{"@type":"ListItem","position":3,"name":"Grillid ja ahjud","item":"https:\/\/bbqentertainment.com\/tootekategooria\/grillid-ja-ahjud\/"},{"@type":"ListItem","position":4,"name":"KOMODO KAMADO","item":"https:\/\/bbqentertainment.com\/tootekategooria\/grillid-ja-ahjud\/komodo-kamado\/"},{"@type":"ListItem","position":5,"name":"Komplekt KOMODO KAMADO (erinevad suuruse, mudeli ja mosaiikplaatide versioonid) &#8211; saadaval ette tellimisel"}]},{"@type":"WebSite","@id":"https:\/\/bbqentertainment.com\/#website","url":"https:\/\/bbqentertainment.com\/","name":"BBQ Entertainment","description":"BBQ is a great lifestyle, not just fun!","publisher":{"@id":"https:\/\/bbqentertainment.com\/#organization"},"potentialAction":[{"@type":"SearchAction","target":{"@type":"EntryPoint","urlTemplate":"https:\/\/bbqentertainment.com\/?s={search_term_string}"},"query-input":{"@type":"PropertyValueSpecification","valueRequired":true,"valueName":"search_term_string"}}],"inLanguage":"en-US"},{"@type":"Organization","@id":"https:\/\/bbqentertainment.com\/#organization","name":"BBQ Entertainment O\u00dc","url":"https:\/\/bbqentertainment.com\/","logo":{"@type":"ImageObject","inLanguage":"en-US","@id":"https:\/\/bbqentertainment.com\/#\/schema\/logo\/image\/","url":"https:\/\/bbqentertainment.com\/wp-content\/uploads\/2020\/04\/BBQ-Entertainment-N-Catering-Enn-Tobreluts-Logo.png","contentUrl":"https:\/\/bbqentertainment.com\/wp-content\/uploads\/2020\/04\/BBQ-Entertainment-N-Catering-Enn-Tobreluts-Logo.png","width":628,"height":266,"caption":"BBQ Entertainment O\u00dc"},"image":{"@id":"https:\/\/bbqentertainment.com\/#\/schema\/logo\/image\/"},"sameAs":["https:\/\/www.facebook.com\/BBQ-Entertainment-N-Catering-2437913376443540","https:\/\/www.instagram.com\/bbqentertainmentncatering\/","https:\/\/www.youtube.com\/channel\/UCmpuANQVhLy2Md8nrenp2jA"]}]}},"_links":{"self":[{"href":"https:\/\/bbqentertainment.com\/en\/wp-json\/wp\/v2\/product\/242103","targetHints":{"allow":["GET"]}}],"collection":[{"href":"https:\/\/bbqentertainment.com\/en\/wp-json\/wp\/v2\/product"}],"about":[{"href":"https:\/\/bbqentertainment.com\/en\/wp-json\/wp\/v2\/types\/product"}],"wp:featuredmedia":[{"embeddable":true,"href":"https:\/\/bbqentertainment.com\/en\/wp-json\/wp\/v2\/media\/242087"}],"wp:attachment":[{"href":"https:\/\/bbqentertainment.com\/en\/wp-json\/wp\/v2\/media?parent=242103"}],"wp:term":[{"taxonomy":"product_brand","embeddable":true,"href":"https:\/\/bbqentertainment.com\/en\/wp-json\/wp\/v2\/product_brand?post=242103"},{"taxonomy":"product_cat","embeddable":true,"href":"https:\/\/bbqentertainment.com\/en\/wp-json\/wp\/v2\/product_cat?post=242103"},{"taxonomy":"product_tag","embeddable":true,"href":"https:\/\/bbqentertainment.com\/en\/wp-json\/wp\/v2\/product_tag?post=242103"}],"curies":[{"name":"wp","href":"https:\/\/api.w.org\/{rel}","templated":true}]}}