{"id":242116,"date":"2023-05-15T21:36:37","date_gmt":"2023-05-15T18:36:37","guid":{"rendered":"https:\/\/bbqentertainment.com\/?post_type=product&#038;p=242116"},"modified":"2025-07-25T13:45:53","modified_gmt":"2025-07-25T10:45:53","slug":"looft-lighter-ii","status":"publish","type":"product","link":"https:\/\/bbqentertainment.com\/en\/toode\/looft-lighter-ii\/","title":{"rendered":"LOOFT LIGHTER II elektriline grills\u00f6e- ja l\u00f5kkes\u00fc\u00fctaja (uus mudel)"},"content":{"rendered":"","protected":false},"excerpt":{"rendered":"<h3><span style=\"color: #000000;\"><strong>LOOFT LIGHTER II elektriline grills\u00f6e- ja l\u00f5kkes\u00fc\u00fctaja (uus mudel)<\/strong><\/span><\/h3>\n<ul>\n<li><span style=\"color: #000000;\">UUS MUDEL! \u2014 30% tugevam \u00f5huvool<\/span><\/li>\n<li><span style=\"color: #000000;\">Automaats\u00fc\u00fcte programm<\/span><\/li>\n<li><span style=\"color: #000000;\">S\u00fc\u00fctajaks on \u00fclikuum \u00f5hk, mis ulatub 760\u00b0C-ni<\/span><\/li>\n<li><span style=\"color: #000000;\">S\u00fc\u00fctab nii grills\u00f6ed, grillbrigetid kui ka l\u00f5kke<\/span><\/li>\n<li><span style=\"color: #000000;\">Sisse\/v\u00e4lja l\u00fcliti, p\u00f5letusnupp ja HyperBoost nupp<\/span><\/li>\n<li><span style=\"color: #000000;\">Pikk 3-meetrine toitejuhe, h<\/span><span style=\"color: #000000;\">oidik &amp; pudeliavaja<\/span><\/li>\n<li><span style=\"color: #000000;\">Vahetatav Alumiiniumist kuumakilp kiireks jahutamiseks<\/span><\/li>\n<li><span style=\"color: #000000;\">V\u00f5imsus: 1800W, 230V, 60Hz,\u00a0<\/span><span style=\"color: #000000;\">45 x 7 x 7 cm, 1 kg, g<\/span><span style=\"color: #000000;\">arantii 2 aastat<\/span><\/li>\n<\/ul>\n<p><span style=\"color: #000000;\">Looft Lighter on kiireim, ohutum ja puhtaim viis grilli, l\u00f5kke v\u00f5i kamina s\u00fc\u00fctamiseks.<\/span> <span style=\"color: #000000;\">Kiire ja mitmek\u00fclgne \u2013 Looft Lighter on kiireim viis alustada ja oma s\u00f6egrill toiduvalmistamiseks valmis seada. Saavutab t\u00e4iusliku h\u00f5\u00f5gumise m\u00f5ne hetkega.<\/span> <span style=\"color: #000000;\">Lihtne \u2013 vajuta Loofti nuppu ja s\u00fc\u00fcta s\u00fcsi. Grills\u00f6e s\u00fc\u00fctamiseks ei ole olemas lihtsamat viisi.<\/span> <span style=\"color: #000000;\">Puhas \u2013 ei leeki, gaasi ega m\u00fcrgiseid kemikaale. Looft Lighter kasutab s\u00f6e k\u00e4ivitamiseks \u00fclekuumendatud \u00f5hku.<\/span> <span style=\"color: #000000;\"><span style=\"text-decoration: underline;\">Kuidas Looft Lighter t\u00f6\u00f6tab<\/span>?<\/span> <span style=\"color: #000000;\">Aseta grills\u00f6ed p\u00fcramiidikujuliselt grillile, pane Loofti s\u00fc\u00fctaja ots vastu grills\u00fctt (hunniku keskele) ja vajuta Loofti nuppu, Hoia vastu s\u00fcsisid kuniks tekib s\u00fcteh\u00f5\u00f5gumine (s\u00e4demed ja s\u00e4ra), siis eemaldu veidi s\u00fctest ja hoia Looft suunaga h\u00f5\u00f5gumise suunas kuniks s\u00fcsi on k\u00f5ik h\u00f5\u00f5guma hakanud. Tavaliselt piisab maksimaalselt 60 sekundist, et s\u00fcsi ideaalselt s\u00fcttiks.<\/span> <span style=\"color: #000000;\">BBQ Entertainment O\u00dc on LOOFT toodete maaletooja alates aastast 2021.<\/span><\/p>\n","protected":false},"featured_media":242123,"template":"","meta":{"inline_featured_image":false},"product_brand":[],"product_cat":[92,479,27,104],"product_tag":[],"class_list":{"0":"post-242116","1":"product","2":"type-product","3":"status-publish","4":"has-post-thumbnail","6":"product_cat-lisatarvikud","7":"product_cat-grillitarvikud","8":"product_cat-grillsusi","9":"product_cat-sute-suutamiseks","11":"first","12":"instock","13":"taxable","14":"shipping-taxable","15":"purchasable","16":"product-type-simple"},"yoast_head":"<!-- This site is optimized with the Yoast SEO plugin v27.4 - https:\/\/yoast.com\/product\/yoast-seo-wordpress\/ -->\n<title>LOOFT LIGHTER II elektriline grills\u00f6e- ja l\u00f5kkes\u00fc\u00fctaja (uus mudel) - BBQ Entertainment<\/title>\n<meta name=\"robots\" content=\"index, follow, max-snippet:-1, max-image-preview:large, max-video-preview:-1\" \/>\n<link rel=\"canonical\" href=\"https:\/\/bbqentertainment.com\/toode\/looft-lighter-ii\/\" \/>\n<meta property=\"og:locale\" content=\"en_US\" \/>\n<meta property=\"og:type\" content=\"article\" \/>\n<meta property=\"og:title\" content=\"LOOFT LIGHTER II elektriline grills\u00f6e- ja l\u00f5kkes\u00fc\u00fctaja (uus mudel) - BBQ Entertainment\" \/>\n<meta property=\"og:description\" content=\"LOOFT LIGHTER II elektriline grills\u00f6e- ja l\u00f5kkes\u00fc\u00fctaja (uus mudel)UUS MUDEL! \u2014 30% tugevam \u00f5huvoolAutomaats\u00fc\u00fcte programmS\u00fc\u00fctajaks on \u00fclikuum \u00f5hk, mis ulatub 760\u00b0C-niS\u00fc\u00fctab nii grills\u00f6ed, grillbrigetid kui ka l\u00f5kkeSisse\/v\u00e4lja l\u00fcliti, p\u00f5letusnupp ja HyperBoost nuppPikk 3-meetrine toitejuhe, hoidik &amp; pudeliavajaVahetatav Alumiiniumist kuumakilp kiireks jahutamiseksV\u00f5imsus: 1800W, 230V, 60Hz,\u00a045 x 7 x 7 cm, 1 kg, garantii 2 aastatLooft Lighter on kiireim, ohutum ja puhtaim viis grilli, l\u00f5kke v\u00f5i kamina s\u00fc\u00fctamiseks. Kiire ja mitmek\u00fclgne \u2013 Looft Lighter on kiireim viis alustada ja oma s\u00f6egrill toiduvalmistamiseks valmis seada. Saavutab t\u00e4iusliku h\u00f5\u00f5gumise m\u00f5ne hetkega. Lihtne \u2013 vajuta Loofti nuppu ja s\u00fc\u00fcta s\u00fcsi. Grills\u00f6e s\u00fc\u00fctamiseks ei ole olemas lihtsamat viisi. Puhas \u2013 ei leeki, gaasi ega m\u00fcrgiseid kemikaale. Looft Lighter kasutab s\u00f6e k\u00e4ivitamiseks \u00fclekuumendatud \u00f5hku. Kuidas Looft Lighter t\u00f6\u00f6tab? Aseta grills\u00f6ed p\u00fcramiidikujuliselt grillile, pane Loofti s\u00fc\u00fctaja ots vastu grills\u00fctt (hunniku keskele) ja vajuta Loofti nuppu, Hoia vastu s\u00fcsisid kuniks tekib s\u00fcteh\u00f5\u00f5gumine (s\u00e4demed ja s\u00e4ra), siis eemaldu veidi s\u00fctest ja hoia Looft suunaga h\u00f5\u00f5gumise suunas kuniks s\u00fcsi on k\u00f5ik h\u00f5\u00f5guma hakanud. Tavaliselt piisab maksimaalselt 60 sekundist, et s\u00fcsi ideaalselt s\u00fcttiks. BBQ Entertainment O\u00dc on LOOFT toodete maaletooja alates aastast 2021.\" \/>\n<meta property=\"og:url\" content=\"https:\/\/bbqentertainment.com\/toode\/looft-lighter-ii\/\" \/>\n<meta property=\"og:site_name\" content=\"BBQ Entertainment\" \/>\n<meta property=\"article:publisher\" content=\"https:\/\/www.facebook.com\/BBQ-Entertainment-N-Catering-2437913376443540\" \/>\n<meta property=\"article:modified_time\" content=\"2025-07-25T10:45:53+00:00\" \/>\n<meta property=\"og:image\" content=\"https:\/\/bbqentertainment.com\/wp-content\/uploads\/2023\/05\/Grillsoe-ja-puidusuutaja-LOOFTLIGHTER-II-elektriline-juhtmega-uus-mudel.jpg\" \/>\n\t<meta property=\"og:image:width\" content=\"1200\" \/>\n\t<meta property=\"og:image:height\" content=\"1200\" \/>\n\t<meta property=\"og:image:type\" content=\"image\/jpeg\" \/>\n<meta name=\"twitter:card\" content=\"summary_large_image\" \/>\n<script type=\"application\/ld+json\" class=\"yoast-schema-graph\">{\"@context\":\"https:\\\/\\\/schema.org\",\"@graph\":[{\"@type\":[\"WebPage\",\"ItemPage\"],\"@id\":\"https:\\\/\\\/bbqentertainment.com\\\/toode\\\/looft-lighter-ii\\\/\",\"url\":\"https:\\\/\\\/bbqentertainment.com\\\/toode\\\/looft-lighter-ii\\\/\",\"name\":\"LOOFT LIGHTER II elektriline grills\u00f6e- ja l\u00f5kkes\u00fc\u00fctaja (uus mudel) - BBQ Entertainment\",\"isPartOf\":{\"@id\":\"https:\\\/\\\/bbqentertainment.com\\\/#website\"},\"primaryImageOfPage\":{\"@id\":\"https:\\\/\\\/bbqentertainment.com\\\/toode\\\/looft-lighter-ii\\\/#primaryimage\"},\"image\":{\"@id\":\"https:\\\/\\\/bbqentertainment.com\\\/toode\\\/looft-lighter-ii\\\/#primaryimage\"},\"thumbnailUrl\":\"https:\\\/\\\/bbqentertainment.com\\\/wp-content\\\/uploads\\\/2023\\\/05\\\/Grillsoe-ja-puidusuutaja-LOOFTLIGHTER-II-elektriline-juhtmega-uus-mudel.jpg\",\"datePublished\":\"2023-05-15T18:36:37+00:00\",\"dateModified\":\"2025-07-25T10:45:53+00:00\",\"breadcrumb\":{\"@id\":\"https:\\\/\\\/bbqentertainment.com\\\/toode\\\/looft-lighter-ii\\\/#breadcrumb\"},\"inLanguage\":\"en-US\",\"potentialAction\":[{\"@type\":\"ReadAction\",\"target\":[\"https:\\\/\\\/bbqentertainment.com\\\/toode\\\/looft-lighter-ii\\\/\"]}]},{\"@type\":\"ImageObject\",\"inLanguage\":\"en-US\",\"@id\":\"https:\\\/\\\/bbqentertainment.com\\\/toode\\\/looft-lighter-ii\\\/#primaryimage\",\"url\":\"https:\\\/\\\/bbqentertainment.com\\\/wp-content\\\/uploads\\\/2023\\\/05\\\/Grillsoe-ja-puidusuutaja-LOOFTLIGHTER-II-elektriline-juhtmega-uus-mudel.jpg\",\"contentUrl\":\"https:\\\/\\\/bbqentertainment.com\\\/wp-content\\\/uploads\\\/2023\\\/05\\\/Grillsoe-ja-puidusuutaja-LOOFTLIGHTER-II-elektriline-juhtmega-uus-mudel.jpg\",\"width\":1200,\"height\":1200},{\"@type\":\"BreadcrumbList\",\"@id\":\"https:\\\/\\\/bbqentertainment.com\\\/toode\\\/looft-lighter-ii\\\/#breadcrumb\",\"itemListElement\":[{\"@type\":\"ListItem\",\"position\":1,\"name\":\"AVALEHT\",\"item\":\"https:\\\/\\\/bbqentertainment.com\\\/en\\\/\"},{\"@type\":\"ListItem\",\"position\":2,\"name\":\"Tooted\",\"item\":\"https:\\\/\\\/bbqentertainment.com\\\/tooted\\\/\"},{\"@type\":\"ListItem\",\"position\":3,\"name\":\"K\u00fcte\",\"item\":\"https:\\\/\\\/bbqentertainment.com\\\/tootekategooria\\\/grillsusi\\\/\"},{\"@type\":\"ListItem\",\"position\":4,\"name\":\"S\u00fcte s\u00fc\u00fctamiseks\",\"item\":\"https:\\\/\\\/bbqentertainment.com\\\/tootekategooria\\\/grillsusi\\\/sute-suutamiseks\\\/\"},{\"@type\":\"ListItem\",\"position\":5,\"name\":\"LOOFT LIGHTER II elektriline grills\u00f6e- ja l\u00f5kkes\u00fc\u00fctaja (uus mudel)\"}]},{\"@type\":\"WebSite\",\"@id\":\"https:\\\/\\\/bbqentertainment.com\\\/#website\",\"url\":\"https:\\\/\\\/bbqentertainment.com\\\/\",\"name\":\"BBQ Entertainment\",\"description\":\"BBQ is a great lifestyle, not just fun!\",\"publisher\":{\"@id\":\"https:\\\/\\\/bbqentertainment.com\\\/#organization\"},\"potentialAction\":[{\"@type\":\"SearchAction\",\"target\":{\"@type\":\"EntryPoint\",\"urlTemplate\":\"https:\\\/\\\/bbqentertainment.com\\\/?s={search_term_string}\"},\"query-input\":{\"@type\":\"PropertyValueSpecification\",\"valueRequired\":true,\"valueName\":\"search_term_string\"}}],\"inLanguage\":\"en-US\"},{\"@type\":\"Organization\",\"@id\":\"https:\\\/\\\/bbqentertainment.com\\\/#organization\",\"name\":\"BBQ Entertainment O\u00dc\",\"url\":\"https:\\\/\\\/bbqentertainment.com\\\/\",\"logo\":{\"@type\":\"ImageObject\",\"inLanguage\":\"en-US\",\"@id\":\"https:\\\/\\\/bbqentertainment.com\\\/#\\\/schema\\\/logo\\\/image\\\/\",\"url\":\"https:\\\/\\\/bbqentertainment.com\\\/wp-content\\\/uploads\\\/2020\\\/04\\\/BBQ-Entertainment-N-Catering-Enn-Tobreluts-Logo.png\",\"contentUrl\":\"https:\\\/\\\/bbqentertainment.com\\\/wp-content\\\/uploads\\\/2020\\\/04\\\/BBQ-Entertainment-N-Catering-Enn-Tobreluts-Logo.png\",\"width\":628,\"height\":266,\"caption\":\"BBQ Entertainment O\u00dc\"},\"image\":{\"@id\":\"https:\\\/\\\/bbqentertainment.com\\\/#\\\/schema\\\/logo\\\/image\\\/\"},\"sameAs\":[\"https:\\\/\\\/www.facebook.com\\\/BBQ-Entertainment-N-Catering-2437913376443540\",\"https:\\\/\\\/www.instagram.com\\\/bbqentertainmentncatering\\\/\",\"https:\\\/\\\/www.youtube.com\\\/channel\\\/UCmpuANQVhLy2Md8nrenp2jA\"]}]}<\/script>\n<!-- \/ Yoast SEO plugin. -->","yoast_head_json":{"title":"LOOFT LIGHTER II elektriline grills\u00f6e- ja l\u00f5kkes\u00fc\u00fctaja (uus mudel) - BBQ Entertainment","robots":{"index":"index","follow":"follow","max-snippet":"max-snippet:-1","max-image-preview":"max-image-preview:large","max-video-preview":"max-video-preview:-1"},"canonical":"https:\/\/bbqentertainment.com\/toode\/looft-lighter-ii\/","og_locale":"en_US","og_type":"article","og_title":"LOOFT LIGHTER II elektriline grills\u00f6e- ja l\u00f5kkes\u00fc\u00fctaja (uus mudel) - BBQ Entertainment","og_description":"LOOFT LIGHTER II elektriline grills\u00f6e- ja l\u00f5kkes\u00fc\u00fctaja (uus mudel)UUS MUDEL! \u2014 30% tugevam \u00f5huvoolAutomaats\u00fc\u00fcte programmS\u00fc\u00fctajaks on \u00fclikuum \u00f5hk, mis ulatub 760\u00b0C-niS\u00fc\u00fctab nii grills\u00f6ed, grillbrigetid kui ka l\u00f5kkeSisse\/v\u00e4lja l\u00fcliti, p\u00f5letusnupp ja HyperBoost nuppPikk 3-meetrine toitejuhe, hoidik &amp; pudeliavajaVahetatav Alumiiniumist kuumakilp kiireks jahutamiseksV\u00f5imsus: 1800W, 230V, 60Hz,\u00a045 x 7 x 7 cm, 1 kg, garantii 2 aastatLooft Lighter on kiireim, ohutum ja puhtaim viis grilli, l\u00f5kke v\u00f5i kamina s\u00fc\u00fctamiseks. Kiire ja mitmek\u00fclgne \u2013 Looft Lighter on kiireim viis alustada ja oma s\u00f6egrill toiduvalmistamiseks valmis seada. Saavutab t\u00e4iusliku h\u00f5\u00f5gumise m\u00f5ne hetkega. Lihtne \u2013 vajuta Loofti nuppu ja s\u00fc\u00fcta s\u00fcsi. Grills\u00f6e s\u00fc\u00fctamiseks ei ole olemas lihtsamat viisi. Puhas \u2013 ei leeki, gaasi ega m\u00fcrgiseid kemikaale. Looft Lighter kasutab s\u00f6e k\u00e4ivitamiseks \u00fclekuumendatud \u00f5hku. Kuidas Looft Lighter t\u00f6\u00f6tab? Aseta grills\u00f6ed p\u00fcramiidikujuliselt grillile, pane Loofti s\u00fc\u00fctaja ots vastu grills\u00fctt (hunniku keskele) ja vajuta Loofti nuppu, Hoia vastu s\u00fcsisid kuniks tekib s\u00fcteh\u00f5\u00f5gumine (s\u00e4demed ja s\u00e4ra), siis eemaldu veidi s\u00fctest ja hoia Looft suunaga h\u00f5\u00f5gumise suunas kuniks s\u00fcsi on k\u00f5ik h\u00f5\u00f5guma hakanud. Tavaliselt piisab maksimaalselt 60 sekundist, et s\u00fcsi ideaalselt s\u00fcttiks. BBQ Entertainment O\u00dc on LOOFT toodete maaletooja alates aastast 2021.","og_url":"https:\/\/bbqentertainment.com\/toode\/looft-lighter-ii\/","og_site_name":"BBQ Entertainment","article_publisher":"https:\/\/www.facebook.com\/BBQ-Entertainment-N-Catering-2437913376443540","article_modified_time":"2025-07-25T10:45:53+00:00","og_image":[{"width":1200,"height":1200,"url":"https:\/\/bbqentertainment.com\/wp-content\/uploads\/2023\/05\/Grillsoe-ja-puidusuutaja-LOOFTLIGHTER-II-elektriline-juhtmega-uus-mudel.jpg","type":"image\/jpeg"}],"twitter_card":"summary_large_image","schema":{"@context":"https:\/\/schema.org","@graph":[{"@type":["WebPage","ItemPage"],"@id":"https:\/\/bbqentertainment.com\/toode\/looft-lighter-ii\/","url":"https:\/\/bbqentertainment.com\/toode\/looft-lighter-ii\/","name":"LOOFT LIGHTER II elektriline grills\u00f6e- ja l\u00f5kkes\u00fc\u00fctaja (uus mudel) - BBQ Entertainment","isPartOf":{"@id":"https:\/\/bbqentertainment.com\/#website"},"primaryImageOfPage":{"@id":"https:\/\/bbqentertainment.com\/toode\/looft-lighter-ii\/#primaryimage"},"image":{"@id":"https:\/\/bbqentertainment.com\/toode\/looft-lighter-ii\/#primaryimage"},"thumbnailUrl":"https:\/\/bbqentertainment.com\/wp-content\/uploads\/2023\/05\/Grillsoe-ja-puidusuutaja-LOOFTLIGHTER-II-elektriline-juhtmega-uus-mudel.jpg","datePublished":"2023-05-15T18:36:37+00:00","dateModified":"2025-07-25T10:45:53+00:00","breadcrumb":{"@id":"https:\/\/bbqentertainment.com\/toode\/looft-lighter-ii\/#breadcrumb"},"inLanguage":"en-US","potentialAction":[{"@type":"ReadAction","target":["https:\/\/bbqentertainment.com\/toode\/looft-lighter-ii\/"]}]},{"@type":"ImageObject","inLanguage":"en-US","@id":"https:\/\/bbqentertainment.com\/toode\/looft-lighter-ii\/#primaryimage","url":"https:\/\/bbqentertainment.com\/wp-content\/uploads\/2023\/05\/Grillsoe-ja-puidusuutaja-LOOFTLIGHTER-II-elektriline-juhtmega-uus-mudel.jpg","contentUrl":"https:\/\/bbqentertainment.com\/wp-content\/uploads\/2023\/05\/Grillsoe-ja-puidusuutaja-LOOFTLIGHTER-II-elektriline-juhtmega-uus-mudel.jpg","width":1200,"height":1200},{"@type":"BreadcrumbList","@id":"https:\/\/bbqentertainment.com\/toode\/looft-lighter-ii\/#breadcrumb","itemListElement":[{"@type":"ListItem","position":1,"name":"AVALEHT","item":"https:\/\/bbqentertainment.com\/en\/"},{"@type":"ListItem","position":2,"name":"Tooted","item":"https:\/\/bbqentertainment.com\/tooted\/"},{"@type":"ListItem","position":3,"name":"K\u00fcte","item":"https:\/\/bbqentertainment.com\/tootekategooria\/grillsusi\/"},{"@type":"ListItem","position":4,"name":"S\u00fcte s\u00fc\u00fctamiseks","item":"https:\/\/bbqentertainment.com\/tootekategooria\/grillsusi\/sute-suutamiseks\/"},{"@type":"ListItem","position":5,"name":"LOOFT LIGHTER II elektriline grills\u00f6e- ja l\u00f5kkes\u00fc\u00fctaja (uus mudel)"}]},{"@type":"WebSite","@id":"https:\/\/bbqentertainment.com\/#website","url":"https:\/\/bbqentertainment.com\/","name":"BBQ Entertainment","description":"BBQ is a great lifestyle, not just fun!","publisher":{"@id":"https:\/\/bbqentertainment.com\/#organization"},"potentialAction":[{"@type":"SearchAction","target":{"@type":"EntryPoint","urlTemplate":"https:\/\/bbqentertainment.com\/?s={search_term_string}"},"query-input":{"@type":"PropertyValueSpecification","valueRequired":true,"valueName":"search_term_string"}}],"inLanguage":"en-US"},{"@type":"Organization","@id":"https:\/\/bbqentertainment.com\/#organization","name":"BBQ Entertainment O\u00dc","url":"https:\/\/bbqentertainment.com\/","logo":{"@type":"ImageObject","inLanguage":"en-US","@id":"https:\/\/bbqentertainment.com\/#\/schema\/logo\/image\/","url":"https:\/\/bbqentertainment.com\/wp-content\/uploads\/2020\/04\/BBQ-Entertainment-N-Catering-Enn-Tobreluts-Logo.png","contentUrl":"https:\/\/bbqentertainment.com\/wp-content\/uploads\/2020\/04\/BBQ-Entertainment-N-Catering-Enn-Tobreluts-Logo.png","width":628,"height":266,"caption":"BBQ Entertainment O\u00dc"},"image":{"@id":"https:\/\/bbqentertainment.com\/#\/schema\/logo\/image\/"},"sameAs":["https:\/\/www.facebook.com\/BBQ-Entertainment-N-Catering-2437913376443540","https:\/\/www.instagram.com\/bbqentertainmentncatering\/","https:\/\/www.youtube.com\/channel\/UCmpuANQVhLy2Md8nrenp2jA"]}]}},"_links":{"self":[{"href":"https:\/\/bbqentertainment.com\/en\/wp-json\/wp\/v2\/product\/242116","targetHints":{"allow":["GET"]}}],"collection":[{"href":"https:\/\/bbqentertainment.com\/en\/wp-json\/wp\/v2\/product"}],"about":[{"href":"https:\/\/bbqentertainment.com\/en\/wp-json\/wp\/v2\/types\/product"}],"wp:featuredmedia":[{"embeddable":true,"href":"https:\/\/bbqentertainment.com\/en\/wp-json\/wp\/v2\/media\/242123"}],"wp:attachment":[{"href":"https:\/\/bbqentertainment.com\/en\/wp-json\/wp\/v2\/media?parent=242116"}],"wp:term":[{"taxonomy":"product_brand","embeddable":true,"href":"https:\/\/bbqentertainment.com\/en\/wp-json\/wp\/v2\/product_brand?post=242116"},{"taxonomy":"product_cat","embeddable":true,"href":"https:\/\/bbqentertainment.com\/en\/wp-json\/wp\/v2\/product_cat?post=242116"},{"taxonomy":"product_tag","embeddable":true,"href":"https:\/\/bbqentertainment.com\/en\/wp-json\/wp\/v2\/product_tag?post=242116"}],"curies":[{"name":"wp","href":"https:\/\/api.w.org\/{rel}","templated":true}]}}