{"id":242255,"date":"2023-06-04T14:38:24","date_gmt":"2023-06-04T11:38:24","guid":{"rendered":"https:\/\/bbqentertainment.com\/?post_type=product&#038;p=242255"},"modified":"2025-07-31T16:09:57","modified_gmt":"2025-07-31T13:09:57","slug":"kupsetuspaber-lihapaber-traeger-butcher-paper-laius-46-cm-pikkus-53-m","status":"publish","type":"product","link":"https:\/\/bbqentertainment.com\/en\/toode\/kupsetuspaber-lihapaber-traeger-butcher-paper-laius-46-cm-pikkus-53-m\/","title":{"rendered":"TRAEGER Pink Butcher lihapaber (k\u00fcpsetuspaber BBQ ja liha k\u00fcpsetamiseks) 46cm x 53m"},"content":{"rendered":"<p data-start=\"0\" data-end=\"43\"><strong data-start=\"0\" data-end=\"43\">Mis on lihapaber ja miks seda kasutada?<\/strong><\/p>\n<p data-start=\"45\" data-end=\"328\">Lihapaber on spetsiaalne paber, mis on m\u00f5eldud toidu, eriti liha t\u00f6\u00f6tlemiseks, pakkimiseks ja k\u00fcpsetamiseks. See laseb toidul hingata, hoides samal ajal niiskuse ja mahlad lihas, mis on eriti oluline madalal kuumusel k\u00fcpsetamisel, n\u00e4iteks BBQ v\u00f5i \u201elow &amp; slow\u201c meetodil suitsutamisel.<\/p>\n<p data-start=\"330\" data-end=\"351\"><strong data-start=\"330\" data-end=\"349\">Eelised kasutajale\u00a0<\/strong><\/p>\n<ul data-start=\"352\" data-end=\"518\">\n<li data-start=\"352\" data-end=\"391\">aitab hoida liha mahlase ja pehmena<\/li>\n<li data-start=\"392\" data-end=\"436\">ei kleepu liha k\u00fclge ega lagune kuumuses<\/li>\n<li data-start=\"437\" data-end=\"463\">hoiab t\u00f6\u00f6pinna puhtana<\/li>\n<li data-start=\"464\" data-end=\"518\">sobib ka valmis toidu pakkimiseks ja s\u00e4ilitamiseks<\/li>\n<\/ul>\n","protected":false},"excerpt":{"rendered":"<h3><strong>TRAEGER x Oren Pink Butcher lihapaber \/ k\u00fcpsetuspaber\u00a0(pikkus 53 m, laius 46 cm)<\/strong><\/h3>\n<p>Traegeri roosa BBQ lihapaber on klassikaline butcher paper, mis sobib suurep\u00e4raselt liha m\u00e4hkimiseks, BBQ-vaagnate ja t\u00f6\u00f6pindade katmiseks. Ning isegi kingituste pakkimiseks \ud83c\udf81<\/p>\n<p><em><span class=\"relative -mx-px my-[-0.2rem] rounded px-px py-[0.2rem]\">Oren Pink Butcher Paper on Oren Internationali kaubam\u00e4rk, mis t\u00e4histab nende toodetud roosat lihapaberit.<\/span> <span class=\"relative -mx-px my-[-0.2rem] rounded px-px py-[0.2rem]\">See paber on tuntud oma kvaliteedi ja mitmek\u00fclgse kasutuse poolest, olles populaarne valik grillimisel, liha pakkimisel ning toidu serveerimisel.<\/span> \u200b<\/em><\/p>\n<p data-start=\"311\" data-end=\"552\"><strong data-start=\"311\" data-end=\"326\">Kasutamine<\/strong><br data-start=\"326\" data-end=\"329\" \/>Ideaalne veiseliha rinnat\u00fcki (inglise keeles brisket) v\u00f5i muu suurema lihat\u00fcki k\u00fcpsetamise l\u00f5ppfaasis m\u00e4hkimiseks. Paber aitab hoida liha mahlase, laseb suitsuaroomil liha sisse imbuda ning kaitseb samal ajal kr\u00f5beda suitsukooriku tekstuuri.<\/p>\n<p data-start=\"554\" data-end=\"569\"><strong data-start=\"554\" data-end=\"567\">Omadused<\/strong><\/p>\n<ul data-start=\"570\" data-end=\"779\">\n<li data-start=\"570\" data-end=\"631\">Suurus: eriti lai 53cm ja pikk 46cm<\/li>\n<li data-start=\"570\" data-end=\"631\">100% toidukvaliteediga t\u00f6\u00f6tlemata tugev kraftpaber<\/li>\n<li data-start=\"683\" data-end=\"722\">Kestab ka m\u00e4rjaks saades \u2013 ei rebene ega vett l\u00e4bi lase<\/li>\n<li data-start=\"723\" data-end=\"779\">Looduslik, ilma vahata ja toiduga kokkupuuteks ohutu<\/li>\n<\/ul>\n","protected":false},"featured_media":241537,"template":"","meta":{"inline_featured_image":false},"product_brand":[],"product_cat":[476,479,25],"product_tag":[],"class_list":{"0":"post-242255","1":"product","2":"type-product","3":"status-publish","4":"has-post-thumbnail","6":"product_cat-traeger","7":"product_cat-grillitarvikud","8":"product_cat-foolium-ja-toidukile","10":"first","11":"instock","12":"taxable","13":"shipping-taxable","14":"purchasable","15":"product-type-simple"},"yoast_head":"<!-- This site is optimized with the Yoast SEO plugin v27.2 - https:\/\/yoast.com\/product\/yoast-seo-wordpress\/ -->\n<title>TRAEGER Pink Butcher lihapaber (k\u00fcpsetuspaber BBQ ja liha k\u00fcpsetamiseks) 46cm x 53m - BBQ Entertainment<\/title>\n<meta name=\"robots\" content=\"index, follow, max-snippet:-1, max-image-preview:large, max-video-preview:-1\" \/>\n<link rel=\"canonical\" href=\"https:\/\/bbqentertainment.com\/toode\/kupsetuspaber-lihapaber-traeger-butcher-paper-laius-46-cm-pikkus-53-m\/\" \/>\n<meta property=\"og:locale\" content=\"en_US\" \/>\n<meta property=\"og:type\" content=\"article\" \/>\n<meta property=\"og:title\" content=\"TRAEGER Pink Butcher lihapaber (k\u00fcpsetuspaber BBQ ja liha k\u00fcpsetamiseks) 46cm x 53m - BBQ Entertainment\" \/>\n<meta property=\"og:description\" content=\"TRAEGER x Oren Pink Butcher lihapaber \/ k\u00fcpsetuspaber\u00a0(pikkus 53 m, laius 46 cm) Traegeri roosa BBQ lihapaber on klassikaline butcher paper, mis sobib suurep\u00e4raselt liha m\u00e4hkimiseks, BBQ-vaagnate ja t\u00f6\u00f6pindade katmiseks. Ning isegi kingituste pakkimiseks \ud83c\udf81  Oren Pink Butcher Paper on Oren Internationali kaubam\u00e4rk, mis t\u00e4histab nende toodetud roosat lihapaberit. See paber on tuntud oma kvaliteedi ja mitmek\u00fclgse kasutuse poolest, olles populaarne valik grillimisel, liha pakkimisel ning toidu serveerimisel. \u200b KasutamineIdeaalne veiseliha rinnat\u00fcki (inglise keeles brisket) v\u00f5i muu suurema lihat\u00fcki k\u00fcpsetamise l\u00f5ppfaasis m\u00e4hkimiseks. Paber aitab hoida liha mahlase, laseb suitsuaroomil liha sisse imbuda ning kaitseb samal ajal kr\u00f5beda suitsukooriku tekstuuri. Omadused    Suurus: eriti lai 53cm ja pikk 46cm  100% toidukvaliteediga t\u00f6\u00f6tlemata tugev kraftpaber  Kestab ka m\u00e4rjaks saades \u2013 ei rebene ega vett l\u00e4bi lase  Looduslik, ilma vahata ja toiduga kokkupuuteks ohutu\" \/>\n<meta property=\"og:url\" content=\"https:\/\/bbqentertainment.com\/toode\/kupsetuspaber-lihapaber-traeger-butcher-paper-laius-46-cm-pikkus-53-m\/\" \/>\n<meta property=\"og:site_name\" content=\"BBQ Entertainment\" \/>\n<meta property=\"article:publisher\" content=\"https:\/\/www.facebook.com\/BBQ-Entertainment-N-Catering-2437913376443540\" \/>\n<meta property=\"article:modified_time\" content=\"2025-07-31T13:09:57+00:00\" \/>\n<meta property=\"og:image\" content=\"https:\/\/bbqentertainment.com\/wp-content\/uploads\/2023\/05\/BAC614-TRAEGER-P.A.L.-Pop-And-Lock\u2122-Roll-Rack-BAC614_PAL_Roll-Holder_Studio_0003_WEB.jpg\" \/>\n\t<meta property=\"og:image:width\" content=\"1200\" \/>\n\t<meta property=\"og:image:height\" content=\"1200\" \/>\n\t<meta property=\"og:image:type\" content=\"image\/jpeg\" \/>\n<meta name=\"twitter:card\" content=\"summary_large_image\" \/>\n<meta name=\"twitter:label1\" content=\"Est. reading time\" \/>\n\t<meta name=\"twitter:data1\" content=\"1 minute\" \/>\n<script type=\"application\/ld+json\" class=\"yoast-schema-graph\">{\"@context\":\"https:\/\/schema.org\",\"@graph\":[{\"@type\":[\"WebPage\",\"ItemPage\"],\"@id\":\"https:\/\/bbqentertainment.com\/toode\/kupsetuspaber-lihapaber-traeger-butcher-paper-laius-46-cm-pikkus-53-m\/\",\"url\":\"https:\/\/bbqentertainment.com\/toode\/kupsetuspaber-lihapaber-traeger-butcher-paper-laius-46-cm-pikkus-53-m\/\",\"name\":\"TRAEGER Pink Butcher lihapaber (k\u00fcpsetuspaber BBQ ja liha k\u00fcpsetamiseks) 46cm x 53m - BBQ Entertainment\",\"isPartOf\":{\"@id\":\"https:\/\/bbqentertainment.com\/#website\"},\"primaryImageOfPage\":{\"@id\":\"https:\/\/bbqentertainment.com\/toode\/kupsetuspaber-lihapaber-traeger-butcher-paper-laius-46-cm-pikkus-53-m\/#primaryimage\"},\"image\":{\"@id\":\"https:\/\/bbqentertainment.com\/toode\/kupsetuspaber-lihapaber-traeger-butcher-paper-laius-46-cm-pikkus-53-m\/#primaryimage\"},\"thumbnailUrl\":\"https:\/\/bbqentertainment.com\/wp-content\/uploads\/2023\/05\/BAC614-TRAEGER-P.A.L.-Pop-And-Lock\u2122-Roll-Rack-BAC614_PAL_Roll-Holder_Studio_0003_WEB.jpg\",\"datePublished\":\"2023-06-04T11:38:24+00:00\",\"dateModified\":\"2025-07-31T13:09:57+00:00\",\"breadcrumb\":{\"@id\":\"https:\/\/bbqentertainment.com\/toode\/kupsetuspaber-lihapaber-traeger-butcher-paper-laius-46-cm-pikkus-53-m\/#breadcrumb\"},\"inLanguage\":\"en-US\",\"potentialAction\":[{\"@type\":\"ReadAction\",\"target\":[\"https:\/\/bbqentertainment.com\/toode\/kupsetuspaber-lihapaber-traeger-butcher-paper-laius-46-cm-pikkus-53-m\/\"]}]},{\"@type\":\"ImageObject\",\"inLanguage\":\"en-US\",\"@id\":\"https:\/\/bbqentertainment.com\/toode\/kupsetuspaber-lihapaber-traeger-butcher-paper-laius-46-cm-pikkus-53-m\/#primaryimage\",\"url\":\"https:\/\/bbqentertainment.com\/wp-content\/uploads\/2023\/05\/BAC614-TRAEGER-P.A.L.-Pop-And-Lock\u2122-Roll-Rack-BAC614_PAL_Roll-Holder_Studio_0003_WEB.jpg\",\"contentUrl\":\"https:\/\/bbqentertainment.com\/wp-content\/uploads\/2023\/05\/BAC614-TRAEGER-P.A.L.-Pop-And-Lock\u2122-Roll-Rack-BAC614_PAL_Roll-Holder_Studio_0003_WEB.jpg\",\"width\":1200,\"height\":1200},{\"@type\":\"BreadcrumbList\",\"@id\":\"https:\/\/bbqentertainment.com\/toode\/kupsetuspaber-lihapaber-traeger-butcher-paper-laius-46-cm-pikkus-53-m\/#breadcrumb\",\"itemListElement\":[{\"@type\":\"ListItem\",\"position\":1,\"name\":\"AVALEHT\",\"item\":\"https:\/\/bbqentertainment.com\/en\/\"},{\"@type\":\"ListItem\",\"position\":2,\"name\":\"Tooted\",\"item\":\"https:\/\/bbqentertainment.com\/tooted\/\"},{\"@type\":\"ListItem\",\"position\":3,\"name\":\"Lisatarvikud\",\"item\":\"https:\/\/bbqentertainment.com\/tootekategooria\/lisatarvikud\/\"},{\"@type\":\"ListItem\",\"position\":4,\"name\":\"Foolium, lihapaber, l\u00f5ikelaud\",\"item\":\"https:\/\/bbqentertainment.com\/tootekategooria\/lisatarvikud\/foolium-ja-toidukile\/\"},{\"@type\":\"ListItem\",\"position\":5,\"name\":\"TRAEGER Pink Butcher lihapaber (k\u00fcpsetuspaber BBQ ja liha k\u00fcpsetamiseks) 46cm x 53m\"}]},{\"@type\":\"WebSite\",\"@id\":\"https:\/\/bbqentertainment.com\/#website\",\"url\":\"https:\/\/bbqentertainment.com\/\",\"name\":\"BBQ Entertainment\",\"description\":\"BBQ is a great lifestyle, not just fun!\",\"publisher\":{\"@id\":\"https:\/\/bbqentertainment.com\/#organization\"},\"potentialAction\":[{\"@type\":\"SearchAction\",\"target\":{\"@type\":\"EntryPoint\",\"urlTemplate\":\"https:\/\/bbqentertainment.com\/?s={search_term_string}\"},\"query-input\":{\"@type\":\"PropertyValueSpecification\",\"valueRequired\":true,\"valueName\":\"search_term_string\"}}],\"inLanguage\":\"en-US\"},{\"@type\":\"Organization\",\"@id\":\"https:\/\/bbqentertainment.com\/#organization\",\"name\":\"BBQ Entertainment O\u00dc\",\"url\":\"https:\/\/bbqentertainment.com\/\",\"logo\":{\"@type\":\"ImageObject\",\"inLanguage\":\"en-US\",\"@id\":\"https:\/\/bbqentertainment.com\/#\/schema\/logo\/image\/\",\"url\":\"https:\/\/bbqentertainment.com\/wp-content\/uploads\/2020\/04\/BBQ-Entertainment-N-Catering-Enn-Tobreluts-Logo.png\",\"contentUrl\":\"https:\/\/bbqentertainment.com\/wp-content\/uploads\/2020\/04\/BBQ-Entertainment-N-Catering-Enn-Tobreluts-Logo.png\",\"width\":628,\"height\":266,\"caption\":\"BBQ Entertainment O\u00dc\"},\"image\":{\"@id\":\"https:\/\/bbqentertainment.com\/#\/schema\/logo\/image\/\"},\"sameAs\":[\"https:\/\/www.facebook.com\/BBQ-Entertainment-N-Catering-2437913376443540\",\"https:\/\/www.instagram.com\/bbqentertainmentncatering\/\",\"https:\/\/www.youtube.com\/channel\/UCmpuANQVhLy2Md8nrenp2jA\"]}]}<\/script>\n<!-- \/ Yoast SEO plugin. -->","yoast_head_json":{"title":"TRAEGER Pink Butcher lihapaber (k\u00fcpsetuspaber BBQ ja liha k\u00fcpsetamiseks) 46cm x 53m - BBQ Entertainment","robots":{"index":"index","follow":"follow","max-snippet":"max-snippet:-1","max-image-preview":"max-image-preview:large","max-video-preview":"max-video-preview:-1"},"canonical":"https:\/\/bbqentertainment.com\/toode\/kupsetuspaber-lihapaber-traeger-butcher-paper-laius-46-cm-pikkus-53-m\/","og_locale":"en_US","og_type":"article","og_title":"TRAEGER Pink Butcher lihapaber (k\u00fcpsetuspaber BBQ ja liha k\u00fcpsetamiseks) 46cm x 53m - BBQ Entertainment","og_description":"TRAEGER x Oren Pink Butcher lihapaber \/ k\u00fcpsetuspaber\u00a0(pikkus 53 m, laius 46 cm) Traegeri roosa BBQ lihapaber on klassikaline butcher paper, mis sobib suurep\u00e4raselt liha m\u00e4hkimiseks, BBQ-vaagnate ja t\u00f6\u00f6pindade katmiseks. Ning isegi kingituste pakkimiseks \ud83c\udf81  Oren Pink Butcher Paper on Oren Internationali kaubam\u00e4rk, mis t\u00e4histab nende toodetud roosat lihapaberit. See paber on tuntud oma kvaliteedi ja mitmek\u00fclgse kasutuse poolest, olles populaarne valik grillimisel, liha pakkimisel ning toidu serveerimisel. \u200b KasutamineIdeaalne veiseliha rinnat\u00fcki (inglise keeles brisket) v\u00f5i muu suurema lihat\u00fcki k\u00fcpsetamise l\u00f5ppfaasis m\u00e4hkimiseks. Paber aitab hoida liha mahlase, laseb suitsuaroomil liha sisse imbuda ning kaitseb samal ajal kr\u00f5beda suitsukooriku tekstuuri. Omadused    Suurus: eriti lai 53cm ja pikk 46cm  100% toidukvaliteediga t\u00f6\u00f6tlemata tugev kraftpaber  Kestab ka m\u00e4rjaks saades \u2013 ei rebene ega vett l\u00e4bi lase  Looduslik, ilma vahata ja toiduga kokkupuuteks ohutu","og_url":"https:\/\/bbqentertainment.com\/toode\/kupsetuspaber-lihapaber-traeger-butcher-paper-laius-46-cm-pikkus-53-m\/","og_site_name":"BBQ Entertainment","article_publisher":"https:\/\/www.facebook.com\/BBQ-Entertainment-N-Catering-2437913376443540","article_modified_time":"2025-07-31T13:09:57+00:00","og_image":[{"width":1200,"height":1200,"url":"https:\/\/bbqentertainment.com\/wp-content\/uploads\/2023\/05\/BAC614-TRAEGER-P.A.L.-Pop-And-Lock\u2122-Roll-Rack-BAC614_PAL_Roll-Holder_Studio_0003_WEB.jpg","type":"image\/jpeg"}],"twitter_card":"summary_large_image","twitter_misc":{"Est. reading time":"1 minute"},"schema":{"@context":"https:\/\/schema.org","@graph":[{"@type":["WebPage","ItemPage"],"@id":"https:\/\/bbqentertainment.com\/toode\/kupsetuspaber-lihapaber-traeger-butcher-paper-laius-46-cm-pikkus-53-m\/","url":"https:\/\/bbqentertainment.com\/toode\/kupsetuspaber-lihapaber-traeger-butcher-paper-laius-46-cm-pikkus-53-m\/","name":"TRAEGER Pink Butcher lihapaber (k\u00fcpsetuspaber BBQ ja liha k\u00fcpsetamiseks) 46cm x 53m - BBQ Entertainment","isPartOf":{"@id":"https:\/\/bbqentertainment.com\/#website"},"primaryImageOfPage":{"@id":"https:\/\/bbqentertainment.com\/toode\/kupsetuspaber-lihapaber-traeger-butcher-paper-laius-46-cm-pikkus-53-m\/#primaryimage"},"image":{"@id":"https:\/\/bbqentertainment.com\/toode\/kupsetuspaber-lihapaber-traeger-butcher-paper-laius-46-cm-pikkus-53-m\/#primaryimage"},"thumbnailUrl":"https:\/\/bbqentertainment.com\/wp-content\/uploads\/2023\/05\/BAC614-TRAEGER-P.A.L.-Pop-And-Lock\u2122-Roll-Rack-BAC614_PAL_Roll-Holder_Studio_0003_WEB.jpg","datePublished":"2023-06-04T11:38:24+00:00","dateModified":"2025-07-31T13:09:57+00:00","breadcrumb":{"@id":"https:\/\/bbqentertainment.com\/toode\/kupsetuspaber-lihapaber-traeger-butcher-paper-laius-46-cm-pikkus-53-m\/#breadcrumb"},"inLanguage":"en-US","potentialAction":[{"@type":"ReadAction","target":["https:\/\/bbqentertainment.com\/toode\/kupsetuspaber-lihapaber-traeger-butcher-paper-laius-46-cm-pikkus-53-m\/"]}]},{"@type":"ImageObject","inLanguage":"en-US","@id":"https:\/\/bbqentertainment.com\/toode\/kupsetuspaber-lihapaber-traeger-butcher-paper-laius-46-cm-pikkus-53-m\/#primaryimage","url":"https:\/\/bbqentertainment.com\/wp-content\/uploads\/2023\/05\/BAC614-TRAEGER-P.A.L.-Pop-And-Lock\u2122-Roll-Rack-BAC614_PAL_Roll-Holder_Studio_0003_WEB.jpg","contentUrl":"https:\/\/bbqentertainment.com\/wp-content\/uploads\/2023\/05\/BAC614-TRAEGER-P.A.L.-Pop-And-Lock\u2122-Roll-Rack-BAC614_PAL_Roll-Holder_Studio_0003_WEB.jpg","width":1200,"height":1200},{"@type":"BreadcrumbList","@id":"https:\/\/bbqentertainment.com\/toode\/kupsetuspaber-lihapaber-traeger-butcher-paper-laius-46-cm-pikkus-53-m\/#breadcrumb","itemListElement":[{"@type":"ListItem","position":1,"name":"AVALEHT","item":"https:\/\/bbqentertainment.com\/en\/"},{"@type":"ListItem","position":2,"name":"Tooted","item":"https:\/\/bbqentertainment.com\/tooted\/"},{"@type":"ListItem","position":3,"name":"Lisatarvikud","item":"https:\/\/bbqentertainment.com\/tootekategooria\/lisatarvikud\/"},{"@type":"ListItem","position":4,"name":"Foolium, lihapaber, l\u00f5ikelaud","item":"https:\/\/bbqentertainment.com\/tootekategooria\/lisatarvikud\/foolium-ja-toidukile\/"},{"@type":"ListItem","position":5,"name":"TRAEGER Pink Butcher lihapaber (k\u00fcpsetuspaber BBQ ja liha k\u00fcpsetamiseks) 46cm x 53m"}]},{"@type":"WebSite","@id":"https:\/\/bbqentertainment.com\/#website","url":"https:\/\/bbqentertainment.com\/","name":"BBQ Entertainment","description":"BBQ is a great lifestyle, not just fun!","publisher":{"@id":"https:\/\/bbqentertainment.com\/#organization"},"potentialAction":[{"@type":"SearchAction","target":{"@type":"EntryPoint","urlTemplate":"https:\/\/bbqentertainment.com\/?s={search_term_string}"},"query-input":{"@type":"PropertyValueSpecification","valueRequired":true,"valueName":"search_term_string"}}],"inLanguage":"en-US"},{"@type":"Organization","@id":"https:\/\/bbqentertainment.com\/#organization","name":"BBQ Entertainment O\u00dc","url":"https:\/\/bbqentertainment.com\/","logo":{"@type":"ImageObject","inLanguage":"en-US","@id":"https:\/\/bbqentertainment.com\/#\/schema\/logo\/image\/","url":"https:\/\/bbqentertainment.com\/wp-content\/uploads\/2020\/04\/BBQ-Entertainment-N-Catering-Enn-Tobreluts-Logo.png","contentUrl":"https:\/\/bbqentertainment.com\/wp-content\/uploads\/2020\/04\/BBQ-Entertainment-N-Catering-Enn-Tobreluts-Logo.png","width":628,"height":266,"caption":"BBQ Entertainment O\u00dc"},"image":{"@id":"https:\/\/bbqentertainment.com\/#\/schema\/logo\/image\/"},"sameAs":["https:\/\/www.facebook.com\/BBQ-Entertainment-N-Catering-2437913376443540","https:\/\/www.instagram.com\/bbqentertainmentncatering\/","https:\/\/www.youtube.com\/channel\/UCmpuANQVhLy2Md8nrenp2jA"]}]}},"_links":{"self":[{"href":"https:\/\/bbqentertainment.com\/en\/wp-json\/wp\/v2\/product\/242255","targetHints":{"allow":["GET"]}}],"collection":[{"href":"https:\/\/bbqentertainment.com\/en\/wp-json\/wp\/v2\/product"}],"about":[{"href":"https:\/\/bbqentertainment.com\/en\/wp-json\/wp\/v2\/types\/product"}],"wp:featuredmedia":[{"embeddable":true,"href":"https:\/\/bbqentertainment.com\/en\/wp-json\/wp\/v2\/media\/241537"}],"wp:attachment":[{"href":"https:\/\/bbqentertainment.com\/en\/wp-json\/wp\/v2\/media?parent=242255"}],"wp:term":[{"taxonomy":"product_brand","embeddable":true,"href":"https:\/\/bbqentertainment.com\/en\/wp-json\/wp\/v2\/product_brand?post=242255"},{"taxonomy":"product_cat","embeddable":true,"href":"https:\/\/bbqentertainment.com\/en\/wp-json\/wp\/v2\/product_cat?post=242255"},{"taxonomy":"product_tag","embeddable":true,"href":"https:\/\/bbqentertainment.com\/en\/wp-json\/wp\/v2\/product_tag?post=242255"}],"curies":[{"name":"wp","href":"https:\/\/api.w.org\/{rel}","templated":true}]}}