{"id":242260,"date":"2023-06-04T16:21:41","date_gmt":"2023-06-04T13:21:41","guid":{"rendered":"https:\/\/bbqentertainment.com\/?post_type=product&#038;p=242260"},"modified":"2025-07-25T13:45:49","modified_gmt":"2025-07-25T10:45:49","slug":"silent-pool-gin-black-juniper-1000-ml","status":"publish","type":"product","link":"https:\/\/bbqentertainment.com\/en\/toode\/silent-pool-gin-black-juniper-1000-ml\/","title":{"rendered":"Silent Pool Gin BLACK JUNIPER 1000 ml 43% vol"},"content":{"rendered":"<p><strong>Silent Pool Gin BLACK JUNIPER\u2019i loomisprotsess:<\/strong><\/p>\n<p>Silent Pool Black Juniper Gin on t\u00f5eliselt ainulaadne k\u00e4sit\u00f6\u00f6d\u017einn, mille valmistamine on hoolikalt l\u00e4bim\u00f5eldud ja mitmeastmeline, kasutades uuenduslikke destilleerimis- ja segamistehnikaid.<\/p>\n<ol>\n<li>\n<p><strong>Etapp \u2013 Bhutani haruldane must kadakas<\/strong><br \/>Protsess algab Bhutani Himaalajast p\u00e4rit maailma k\u00f5ige haruldasema musta kadaka suitsutamisega v\u00e4\u00e4rtusliku agaripuu abil, lisades kadakale s\u00fcgava, suitsuse ja rikkaliku maitsen\u00fcansi.<\/p>\n<\/li>\n<li>\n<p><strong>Etapp \u2013 Kadakamarjade leotamine<\/strong><br \/>Suitsutatud kadakamarjad leotatakse hoolikalt valitud maitsetaimedes ja v\u00fcrtsides, sealhulgas koriandriseemned, ingelijuured, orrise juured, lagritsajuured ja soojendavad v\u00fcrtsid nagu Tasmaania paprika, mis annavad d\u017einnile s\u00fcgava ja mitmek\u00fclgse maitse.<\/p>\n<\/li>\n<li>\n<p><strong>Etapp \u2013 Haruldaste teede infusioon<\/strong><br \/>Haruldased teed, sealhulgas k\u00f5rgm\u00e4estikutee, Himaalaja must tee, manuka tee ja kirsi\u00f5ie tee, leotatakse ja destilleeritakse eraldi. See tagab, et teede \u00f5rnad ja peened maitsed saavutavad oma t\u00e4iusliku tasakaalu, enne kui need d\u017einniga segatakse.<\/p>\n<\/li>\n<li>\n<p><strong>Etapp \u2013 Tsitruseliste ja aromaatsete taimelehtede maitsete lisamine<\/strong><br \/>Destilleerimise k\u00e4igus lisatakse segule m\u00f5ru apelsini, manuka lehtede ja oliivilehtede aroomid ja maitsed, mis rikastavad d\u017einni veelgi s\u00fcgavamate ja keerukamate maitsekihidega.<\/p>\n<\/li>\n<li>\n<p><strong>Etapp \u2013 Agaripuu eeterlikud \u00f5lid l\u00f5plikuks viimistluseks<\/strong><br \/>Viimases etapis lastakse d\u017einnil l\u00e4bida peen aromaatse agaripuu vaigu infusioon, mis lisab d\u017einnile s\u00fcgavust ja luksuslikku keerukust, t\u00e4iendades musta kadaka eeterlikke \u00f5lisid t\u00e4iuslikult.<\/p>\n<\/li>\n<\/ol>\n<hr \/>\n","protected":false},"excerpt":{"rendered":"<h3><strong>Silent Pool Gin BLACK JUNIPER 1000 ml, 43% vol<\/strong><\/h3>\n<p><strong><em>Maailma k\u00f5ige eristuvam luksusd\u017einn<\/em><\/strong><\/p>\n<p><strong>Alkoholisisaldus<\/strong>: 43%<br \/><strong>P\u00e4ritolumaa<\/strong>: Suurbritannia<br \/><strong>Maaletooja<\/strong>: BBQ Entertainment O\u00dc<br \/><strong>Registrikande<\/strong> <strong>number<\/strong>: R23\/178549\/15<\/p>\n<p>Silent Pool Black Juniper Gin esindab d\u017einnimaailma luksuse tippu, pakkudes erakordselt rikkalikku ja keerukat maitsekogemust. Selle erilise d\u017einni peamine komponent on haruldased mustad kadakamarjad, mis on korjatud Bhutani Himaalaja k\u00f5rgm\u00e4estikust, enam kui 4000 meetri k\u00f5rguselt. Puhas m\u00e4gi\u00f5hk ja rikkalik p\u00e4ikesepaiste tagavad kadakamarjade kvaliteedi, luues eeterlike \u00f5lide poolest maailma k\u00f5ige aromaatsema d\u017einni.<\/p>\n<p>Bhutan, mis on maailma ainus s\u00fcsiniknegatiivne riik, pakub ideaalseid tingimusi nende ainulaadsete marjade kasvuks, mis annavad d\u017einnile puhta ja rikkaliku aroomi. Silent Pool Black Juniper Gin on destilleeritud hoolikalt valitud teraviljast ning rikastatud eksootiliste taimede ja v\u00fcrtsidega, sealhulgas aromaatne agaripuu vaik ja k\u00f5rgm\u00e4estikutee, Tasmaania paprika, koriandri- ja lagritsajuurega. Eriliselt suitsutatud kadakamarjad loovad unikaalse maitseprofiili, milles kohtuvad traditsiooniline kuiva d\u017einni iseloom ja kaasaegne meisterlikkus.<\/p>\n<p><strong>V\u00e4rvus<\/strong>: kristallselge ja s\u00e4rav.<br \/><strong>Aroom<\/strong>: peene suitsuse parf\u00fc\u00fcmiga, milles kumab viiruki ja m\u00e4nnirohke kadaka soe v\u00fcrtsikus.<br \/><strong>Maitse<\/strong>: siidiselt pehme ja v\u00e4ljendusrikas. Tugev kadakamaitse sulandub \u00f5rnalt suitsutatud agarpuu n\u00fcanssidega, mida t\u00e4iendab piprase v\u00fcrtsip\u00f5hjaga mitmekihiline teede segu ja \u00f5rnad karamellised noodid. Iga maitsen\u00fcanss t\u00e4iustab seda peensusteni l\u00e4bim\u00f5eldud d\u017einni.<br \/><strong>J\u00e4relmaitse<\/strong>: pikk, kompleksne ja kergelt suitsune.<\/p>\n<p><strong>Toidusoovitused<\/strong><br \/><strong>Mereannid<\/strong>: krevetid, sinimerekarbid, l\u00f5he.<br \/><strong>Liha<\/strong>: pasteedid, singid (nt prosciutto).<br \/><strong>Juustud<\/strong>: tugevamaitselised variandid nagu Stilton, Manchego ja suitsujuustud.<\/p>\n<p><strong>Serveerimissoovitus<\/strong>: serveeri j\u00e4\u00e4 ja klassikalise toonikuga (v\u00e4ldi India toonikut, eelista klassikalist varianti).<\/p>\n<p>Lisainfo leiad: <a href=\"https:\/\/www.blackjuniper.co\/?_ga=2.201949585.1483642244.1726647520-1792790506.1726647514\">www.blackjuniper.co<\/a><\/p>\n","protected":false},"featured_media":242263,"template":"","meta":{"inline_featured_image":false},"product_brand":[],"product_cat":[280,234,285],"product_tag":[331],"class_list":{"0":"post-242260","1":"product","2":"type-product","3":"status-publish","4":"has-post-thumbnail","6":"product_cat-joogid","7":"product_cat-dzinnid","8":"product_cat-silent-pool","9":"product_tag-silent-pool","11":"first","12":"instock","13":"taxable","14":"shipping-taxable","15":"purchasable","16":"product-type-simple"},"yoast_head":"<!-- This site is optimized with the Yoast SEO plugin v27.4 - https:\/\/yoast.com\/product\/yoast-seo-wordpress\/ -->\n<title>Silent Pool Gin BLACK JUNIPER 1000 ml 43% vol - BBQ Entertainment<\/title>\n<meta name=\"robots\" content=\"index, follow, max-snippet:-1, max-image-preview:large, max-video-preview:-1\" \/>\n<link rel=\"canonical\" href=\"https:\/\/bbqentertainment.com\/toode\/silent-pool-gin-black-juniper-1000-ml\/\" \/>\n<meta property=\"og:locale\" content=\"en_US\" \/>\n<meta property=\"og:type\" content=\"article\" \/>\n<meta property=\"og:title\" content=\"Silent Pool Gin BLACK JUNIPER 1000 ml 43% vol - BBQ Entertainment\" \/>\n<meta property=\"og:description\" content=\"Silent Pool Gin BLACK JUNIPER 1000 ml, 43% volMaailma k\u00f5ige eristuvam luksusd\u017einnAlkoholisisaldus: 43%P\u00e4ritolumaa: SuurbritanniaMaaletooja: BBQ Entertainment O\u00dcRegistrikande number: R23\/178549\/15Silent Pool Black Juniper Gin esindab d\u017einnimaailma luksuse tippu, pakkudes erakordselt rikkalikku ja keerukat maitsekogemust. Selle erilise d\u017einni peamine komponent on haruldased mustad kadakamarjad, mis on korjatud Bhutani Himaalaja k\u00f5rgm\u00e4estikust, enam kui 4000 meetri k\u00f5rguselt. Puhas m\u00e4gi\u00f5hk ja rikkalik p\u00e4ikesepaiste tagavad kadakamarjade kvaliteedi, luues eeterlike \u00f5lide poolest maailma k\u00f5ige aromaatsema d\u017einni.Bhutan, mis on maailma ainus s\u00fcsiniknegatiivne riik, pakub ideaalseid tingimusi nende ainulaadsete marjade kasvuks, mis annavad d\u017einnile puhta ja rikkaliku aroomi. Silent Pool Black Juniper Gin on destilleeritud hoolikalt valitud teraviljast ning rikastatud eksootiliste taimede ja v\u00fcrtsidega, sealhulgas aromaatne agaripuu vaik ja k\u00f5rgm\u00e4estikutee, Tasmaania paprika, koriandri- ja lagritsajuurega. Eriliselt suitsutatud kadakamarjad loovad unikaalse maitseprofiili, milles kohtuvad traditsiooniline kuiva d\u017einni iseloom ja kaasaegne meisterlikkus.V\u00e4rvus: kristallselge ja s\u00e4rav.Aroom: peene suitsuse parf\u00fc\u00fcmiga, milles kumab viiruki ja m\u00e4nnirohke kadaka soe v\u00fcrtsikus.Maitse: siidiselt pehme ja v\u00e4ljendusrikas. Tugev kadakamaitse sulandub \u00f5rnalt suitsutatud agarpuu n\u00fcanssidega, mida t\u00e4iendab piprase v\u00fcrtsip\u00f5hjaga mitmekihiline teede segu ja \u00f5rnad karamellised noodid. Iga maitsen\u00fcanss t\u00e4iustab seda peensusteni l\u00e4bim\u00f5eldud d\u017einni.J\u00e4relmaitse: pikk, kompleksne ja kergelt suitsune.ToidusoovitusedMereannid: krevetid, sinimerekarbid, l\u00f5he.Liha: pasteedid, singid (nt prosciutto).Juustud: tugevamaitselised variandid nagu Stilton, Manchego ja suitsujuustud.Serveerimissoovitus: serveeri j\u00e4\u00e4 ja klassikalise toonikuga (v\u00e4ldi India toonikut, eelista klassikalist varianti).Lisainfo leiad: www.blackjuniper.co\" \/>\n<meta property=\"og:url\" content=\"https:\/\/bbqentertainment.com\/toode\/silent-pool-gin-black-juniper-1000-ml\/\" \/>\n<meta property=\"og:site_name\" content=\"BBQ Entertainment\" \/>\n<meta property=\"article:publisher\" content=\"https:\/\/www.facebook.com\/BBQ-Entertainment-N-Catering-2437913376443540\" \/>\n<meta property=\"article:modified_time\" content=\"2025-07-25T10:45:49+00:00\" \/>\n<meta property=\"og:image\" content=\"https:\/\/bbqentertainment.com\/wp-content\/uploads\/2023\/06\/5060411481817Silent-Pool-Gin-BLACK-JUNIPER-1000-ml-43-vol-1.jpg\" \/>\n\t<meta property=\"og:image:width\" content=\"1200\" \/>\n\t<meta property=\"og:image:height\" content=\"1200\" \/>\n\t<meta property=\"og:image:type\" content=\"image\/jpeg\" \/>\n<meta name=\"twitter:card\" content=\"summary_large_image\" \/>\n<meta name=\"twitter:label1\" content=\"Est. reading time\" \/>\n\t<meta name=\"twitter:data1\" content=\"3 minutes\" \/>\n<script type=\"application\/ld+json\" class=\"yoast-schema-graph\">{\"@context\":\"https:\\\/\\\/schema.org\",\"@graph\":[{\"@type\":[\"WebPage\",\"ItemPage\"],\"@id\":\"https:\\\/\\\/bbqentertainment.com\\\/toode\\\/silent-pool-gin-black-juniper-1000-ml\\\/\",\"url\":\"https:\\\/\\\/bbqentertainment.com\\\/toode\\\/silent-pool-gin-black-juniper-1000-ml\\\/\",\"name\":\"Silent Pool Gin BLACK JUNIPER 1000 ml 43% vol - BBQ Entertainment\",\"isPartOf\":{\"@id\":\"https:\\\/\\\/bbqentertainment.com\\\/#website\"},\"primaryImageOfPage\":{\"@id\":\"https:\\\/\\\/bbqentertainment.com\\\/toode\\\/silent-pool-gin-black-juniper-1000-ml\\\/#primaryimage\"},\"image\":{\"@id\":\"https:\\\/\\\/bbqentertainment.com\\\/toode\\\/silent-pool-gin-black-juniper-1000-ml\\\/#primaryimage\"},\"thumbnailUrl\":\"https:\\\/\\\/bbqentertainment.com\\\/wp-content\\\/uploads\\\/2023\\\/06\\\/5060411481817Silent-Pool-Gin-BLACK-JUNIPER-1000-ml-43-vol-1.jpg\",\"datePublished\":\"2023-06-04T13:21:41+00:00\",\"dateModified\":\"2025-07-25T10:45:49+00:00\",\"breadcrumb\":{\"@id\":\"https:\\\/\\\/bbqentertainment.com\\\/toode\\\/silent-pool-gin-black-juniper-1000-ml\\\/#breadcrumb\"},\"inLanguage\":\"en-US\",\"potentialAction\":[{\"@type\":\"ReadAction\",\"target\":[\"https:\\\/\\\/bbqentertainment.com\\\/toode\\\/silent-pool-gin-black-juniper-1000-ml\\\/\"]}]},{\"@type\":\"ImageObject\",\"inLanguage\":\"en-US\",\"@id\":\"https:\\\/\\\/bbqentertainment.com\\\/toode\\\/silent-pool-gin-black-juniper-1000-ml\\\/#primaryimage\",\"url\":\"https:\\\/\\\/bbqentertainment.com\\\/wp-content\\\/uploads\\\/2023\\\/06\\\/5060411481817Silent-Pool-Gin-BLACK-JUNIPER-1000-ml-43-vol-1.jpg\",\"contentUrl\":\"https:\\\/\\\/bbqentertainment.com\\\/wp-content\\\/uploads\\\/2023\\\/06\\\/5060411481817Silent-Pool-Gin-BLACK-JUNIPER-1000-ml-43-vol-1.jpg\",\"width\":1200,\"height\":1200},{\"@type\":\"BreadcrumbList\",\"@id\":\"https:\\\/\\\/bbqentertainment.com\\\/toode\\\/silent-pool-gin-black-juniper-1000-ml\\\/#breadcrumb\",\"itemListElement\":[{\"@type\":\"ListItem\",\"position\":1,\"name\":\"AVALEHT\",\"item\":\"https:\\\/\\\/bbqentertainment.com\\\/en\\\/\"},{\"@type\":\"ListItem\",\"position\":2,\"name\":\"Tooted\",\"item\":\"https:\\\/\\\/bbqentertainment.com\\\/tooted\\\/\"},{\"@type\":\"ListItem\",\"position\":3,\"name\":\"Joogid\",\"item\":\"https:\\\/\\\/bbqentertainment.com\\\/tootekategooria\\\/joogid\\\/\"},{\"@type\":\"ListItem\",\"position\":4,\"name\":\"D\u017dINNID\",\"item\":\"https:\\\/\\\/bbqentertainment.com\\\/tootekategooria\\\/joogid\\\/dzinnid\\\/\"},{\"@type\":\"ListItem\",\"position\":5,\"name\":\"Silent Pool\",\"item\":\"https:\\\/\\\/bbqentertainment.com\\\/tootekategooria\\\/joogid\\\/dzinnid\\\/silent-pool\\\/\"},{\"@type\":\"ListItem\",\"position\":6,\"name\":\"Silent Pool Gin BLACK JUNIPER 1000 ml 43% vol\"}]},{\"@type\":\"WebSite\",\"@id\":\"https:\\\/\\\/bbqentertainment.com\\\/#website\",\"url\":\"https:\\\/\\\/bbqentertainment.com\\\/\",\"name\":\"BBQ Entertainment\",\"description\":\"BBQ is a great lifestyle, not just fun!\",\"publisher\":{\"@id\":\"https:\\\/\\\/bbqentertainment.com\\\/#organization\"},\"potentialAction\":[{\"@type\":\"SearchAction\",\"target\":{\"@type\":\"EntryPoint\",\"urlTemplate\":\"https:\\\/\\\/bbqentertainment.com\\\/?s={search_term_string}\"},\"query-input\":{\"@type\":\"PropertyValueSpecification\",\"valueRequired\":true,\"valueName\":\"search_term_string\"}}],\"inLanguage\":\"en-US\"},{\"@type\":\"Organization\",\"@id\":\"https:\\\/\\\/bbqentertainment.com\\\/#organization\",\"name\":\"BBQ Entertainment O\u00dc\",\"url\":\"https:\\\/\\\/bbqentertainment.com\\\/\",\"logo\":{\"@type\":\"ImageObject\",\"inLanguage\":\"en-US\",\"@id\":\"https:\\\/\\\/bbqentertainment.com\\\/#\\\/schema\\\/logo\\\/image\\\/\",\"url\":\"https:\\\/\\\/bbqentertainment.com\\\/wp-content\\\/uploads\\\/2020\\\/04\\\/BBQ-Entertainment-N-Catering-Enn-Tobreluts-Logo.png\",\"contentUrl\":\"https:\\\/\\\/bbqentertainment.com\\\/wp-content\\\/uploads\\\/2020\\\/04\\\/BBQ-Entertainment-N-Catering-Enn-Tobreluts-Logo.png\",\"width\":628,\"height\":266,\"caption\":\"BBQ Entertainment O\u00dc\"},\"image\":{\"@id\":\"https:\\\/\\\/bbqentertainment.com\\\/#\\\/schema\\\/logo\\\/image\\\/\"},\"sameAs\":[\"https:\\\/\\\/www.facebook.com\\\/BBQ-Entertainment-N-Catering-2437913376443540\",\"https:\\\/\\\/www.instagram.com\\\/bbqentertainmentncatering\\\/\",\"https:\\\/\\\/www.youtube.com\\\/channel\\\/UCmpuANQVhLy2Md8nrenp2jA\"]}]}<\/script>\n<!-- \/ Yoast SEO plugin. -->","yoast_head_json":{"title":"Silent Pool Gin BLACK JUNIPER 1000 ml 43% vol - BBQ Entertainment","robots":{"index":"index","follow":"follow","max-snippet":"max-snippet:-1","max-image-preview":"max-image-preview:large","max-video-preview":"max-video-preview:-1"},"canonical":"https:\/\/bbqentertainment.com\/toode\/silent-pool-gin-black-juniper-1000-ml\/","og_locale":"en_US","og_type":"article","og_title":"Silent Pool Gin BLACK JUNIPER 1000 ml 43% vol - BBQ Entertainment","og_description":"Silent Pool Gin BLACK JUNIPER 1000 ml, 43% volMaailma k\u00f5ige eristuvam luksusd\u017einnAlkoholisisaldus: 43%P\u00e4ritolumaa: SuurbritanniaMaaletooja: BBQ Entertainment O\u00dcRegistrikande number: R23\/178549\/15Silent Pool Black Juniper Gin esindab d\u017einnimaailma luksuse tippu, pakkudes erakordselt rikkalikku ja keerukat maitsekogemust. Selle erilise d\u017einni peamine komponent on haruldased mustad kadakamarjad, mis on korjatud Bhutani Himaalaja k\u00f5rgm\u00e4estikust, enam kui 4000 meetri k\u00f5rguselt. Puhas m\u00e4gi\u00f5hk ja rikkalik p\u00e4ikesepaiste tagavad kadakamarjade kvaliteedi, luues eeterlike \u00f5lide poolest maailma k\u00f5ige aromaatsema d\u017einni.Bhutan, mis on maailma ainus s\u00fcsiniknegatiivne riik, pakub ideaalseid tingimusi nende ainulaadsete marjade kasvuks, mis annavad d\u017einnile puhta ja rikkaliku aroomi. Silent Pool Black Juniper Gin on destilleeritud hoolikalt valitud teraviljast ning rikastatud eksootiliste taimede ja v\u00fcrtsidega, sealhulgas aromaatne agaripuu vaik ja k\u00f5rgm\u00e4estikutee, Tasmaania paprika, koriandri- ja lagritsajuurega. Eriliselt suitsutatud kadakamarjad loovad unikaalse maitseprofiili, milles kohtuvad traditsiooniline kuiva d\u017einni iseloom ja kaasaegne meisterlikkus.V\u00e4rvus: kristallselge ja s\u00e4rav.Aroom: peene suitsuse parf\u00fc\u00fcmiga, milles kumab viiruki ja m\u00e4nnirohke kadaka soe v\u00fcrtsikus.Maitse: siidiselt pehme ja v\u00e4ljendusrikas. Tugev kadakamaitse sulandub \u00f5rnalt suitsutatud agarpuu n\u00fcanssidega, mida t\u00e4iendab piprase v\u00fcrtsip\u00f5hjaga mitmekihiline teede segu ja \u00f5rnad karamellised noodid. Iga maitsen\u00fcanss t\u00e4iustab seda peensusteni l\u00e4bim\u00f5eldud d\u017einni.J\u00e4relmaitse: pikk, kompleksne ja kergelt suitsune.ToidusoovitusedMereannid: krevetid, sinimerekarbid, l\u00f5he.Liha: pasteedid, singid (nt prosciutto).Juustud: tugevamaitselised variandid nagu Stilton, Manchego ja suitsujuustud.Serveerimissoovitus: serveeri j\u00e4\u00e4 ja klassikalise toonikuga (v\u00e4ldi India toonikut, eelista klassikalist varianti).Lisainfo leiad: www.blackjuniper.co","og_url":"https:\/\/bbqentertainment.com\/toode\/silent-pool-gin-black-juniper-1000-ml\/","og_site_name":"BBQ Entertainment","article_publisher":"https:\/\/www.facebook.com\/BBQ-Entertainment-N-Catering-2437913376443540","article_modified_time":"2025-07-25T10:45:49+00:00","og_image":[{"width":1200,"height":1200,"url":"https:\/\/bbqentertainment.com\/wp-content\/uploads\/2023\/06\/5060411481817Silent-Pool-Gin-BLACK-JUNIPER-1000-ml-43-vol-1.jpg","type":"image\/jpeg"}],"twitter_card":"summary_large_image","twitter_misc":{"Est. reading time":"3 minutes"},"schema":{"@context":"https:\/\/schema.org","@graph":[{"@type":["WebPage","ItemPage"],"@id":"https:\/\/bbqentertainment.com\/toode\/silent-pool-gin-black-juniper-1000-ml\/","url":"https:\/\/bbqentertainment.com\/toode\/silent-pool-gin-black-juniper-1000-ml\/","name":"Silent Pool Gin BLACK JUNIPER 1000 ml 43% vol - BBQ Entertainment","isPartOf":{"@id":"https:\/\/bbqentertainment.com\/#website"},"primaryImageOfPage":{"@id":"https:\/\/bbqentertainment.com\/toode\/silent-pool-gin-black-juniper-1000-ml\/#primaryimage"},"image":{"@id":"https:\/\/bbqentertainment.com\/toode\/silent-pool-gin-black-juniper-1000-ml\/#primaryimage"},"thumbnailUrl":"https:\/\/bbqentertainment.com\/wp-content\/uploads\/2023\/06\/5060411481817Silent-Pool-Gin-BLACK-JUNIPER-1000-ml-43-vol-1.jpg","datePublished":"2023-06-04T13:21:41+00:00","dateModified":"2025-07-25T10:45:49+00:00","breadcrumb":{"@id":"https:\/\/bbqentertainment.com\/toode\/silent-pool-gin-black-juniper-1000-ml\/#breadcrumb"},"inLanguage":"en-US","potentialAction":[{"@type":"ReadAction","target":["https:\/\/bbqentertainment.com\/toode\/silent-pool-gin-black-juniper-1000-ml\/"]}]},{"@type":"ImageObject","inLanguage":"en-US","@id":"https:\/\/bbqentertainment.com\/toode\/silent-pool-gin-black-juniper-1000-ml\/#primaryimage","url":"https:\/\/bbqentertainment.com\/wp-content\/uploads\/2023\/06\/5060411481817Silent-Pool-Gin-BLACK-JUNIPER-1000-ml-43-vol-1.jpg","contentUrl":"https:\/\/bbqentertainment.com\/wp-content\/uploads\/2023\/06\/5060411481817Silent-Pool-Gin-BLACK-JUNIPER-1000-ml-43-vol-1.jpg","width":1200,"height":1200},{"@type":"BreadcrumbList","@id":"https:\/\/bbqentertainment.com\/toode\/silent-pool-gin-black-juniper-1000-ml\/#breadcrumb","itemListElement":[{"@type":"ListItem","position":1,"name":"AVALEHT","item":"https:\/\/bbqentertainment.com\/en\/"},{"@type":"ListItem","position":2,"name":"Tooted","item":"https:\/\/bbqentertainment.com\/tooted\/"},{"@type":"ListItem","position":3,"name":"Joogid","item":"https:\/\/bbqentertainment.com\/tootekategooria\/joogid\/"},{"@type":"ListItem","position":4,"name":"D\u017dINNID","item":"https:\/\/bbqentertainment.com\/tootekategooria\/joogid\/dzinnid\/"},{"@type":"ListItem","position":5,"name":"Silent Pool","item":"https:\/\/bbqentertainment.com\/tootekategooria\/joogid\/dzinnid\/silent-pool\/"},{"@type":"ListItem","position":6,"name":"Silent Pool Gin BLACK JUNIPER 1000 ml 43% vol"}]},{"@type":"WebSite","@id":"https:\/\/bbqentertainment.com\/#website","url":"https:\/\/bbqentertainment.com\/","name":"BBQ Entertainment","description":"BBQ is a great lifestyle, not just fun!","publisher":{"@id":"https:\/\/bbqentertainment.com\/#organization"},"potentialAction":[{"@type":"SearchAction","target":{"@type":"EntryPoint","urlTemplate":"https:\/\/bbqentertainment.com\/?s={search_term_string}"},"query-input":{"@type":"PropertyValueSpecification","valueRequired":true,"valueName":"search_term_string"}}],"inLanguage":"en-US"},{"@type":"Organization","@id":"https:\/\/bbqentertainment.com\/#organization","name":"BBQ Entertainment O\u00dc","url":"https:\/\/bbqentertainment.com\/","logo":{"@type":"ImageObject","inLanguage":"en-US","@id":"https:\/\/bbqentertainment.com\/#\/schema\/logo\/image\/","url":"https:\/\/bbqentertainment.com\/wp-content\/uploads\/2020\/04\/BBQ-Entertainment-N-Catering-Enn-Tobreluts-Logo.png","contentUrl":"https:\/\/bbqentertainment.com\/wp-content\/uploads\/2020\/04\/BBQ-Entertainment-N-Catering-Enn-Tobreluts-Logo.png","width":628,"height":266,"caption":"BBQ Entertainment O\u00dc"},"image":{"@id":"https:\/\/bbqentertainment.com\/#\/schema\/logo\/image\/"},"sameAs":["https:\/\/www.facebook.com\/BBQ-Entertainment-N-Catering-2437913376443540","https:\/\/www.instagram.com\/bbqentertainmentncatering\/","https:\/\/www.youtube.com\/channel\/UCmpuANQVhLy2Md8nrenp2jA"]}]}},"_links":{"self":[{"href":"https:\/\/bbqentertainment.com\/en\/wp-json\/wp\/v2\/product\/242260","targetHints":{"allow":["GET"]}}],"collection":[{"href":"https:\/\/bbqentertainment.com\/en\/wp-json\/wp\/v2\/product"}],"about":[{"href":"https:\/\/bbqentertainment.com\/en\/wp-json\/wp\/v2\/types\/product"}],"wp:featuredmedia":[{"embeddable":true,"href":"https:\/\/bbqentertainment.com\/en\/wp-json\/wp\/v2\/media\/242263"}],"wp:attachment":[{"href":"https:\/\/bbqentertainment.com\/en\/wp-json\/wp\/v2\/media?parent=242260"}],"wp:term":[{"taxonomy":"product_brand","embeddable":true,"href":"https:\/\/bbqentertainment.com\/en\/wp-json\/wp\/v2\/product_brand?post=242260"},{"taxonomy":"product_cat","embeddable":true,"href":"https:\/\/bbqentertainment.com\/en\/wp-json\/wp\/v2\/product_cat?post=242260"},{"taxonomy":"product_tag","embeddable":true,"href":"https:\/\/bbqentertainment.com\/en\/wp-json\/wp\/v2\/product_tag?post=242260"}],"curies":[{"name":"wp","href":"https:\/\/api.w.org\/{rel}","templated":true}]}}