{"id":242690,"date":"2023-08-31T20:02:46","date_gmt":"2023-08-31T17:02:46","guid":{"rendered":"https:\/\/bbqentertainment.com\/?post_type=product&#038;p=242690"},"modified":"2026-03-07T22:24:56","modified_gmt":"2026-03-07T20:24:56","slug":"inkbird-kontroller-isc-007bw","status":"publish","type":"product","link":"https:\/\/bbqentertainment.com\/en\/toode\/inkbird-kontroller-isc-007bw\/","title":{"rendered":"Inkbird ahju temperatuuri kontroller ISC-007BW"},"content":{"rendered":"","protected":false},"excerpt":{"rendered":"<h3><span style=\"color: #000000;\"><strong>Inkbird ahju temperatuuri kontroller ISC-007BW<\/strong><\/span><\/h3>\n<ul>\n<li><span style=\"color: #000000;\">Inkbirdi ahju temperatuuri kontroller ISC-007BW teeb kamado t\u00fc\u00fcpi ahjudes temperatuuri hoidmise automaatseks. \u00dchenda kontroller WIFI v\u00f5rku v\u00f5i kasuta manuaalselt. Kontrolleri ventilaatori automaatika puhub \u00f5hku peale siis kui ahjus hakkab temperatuur liiga madalaks minema \u2013 seel\u00e4bi hoiate stabiilset termperatuuri kogu k\u00fcpsetusperioodil.<\/span><\/li>\n<li><span style=\"color: #000000; font-size: 14.4px;\">Kontrollerit saab kasutada ka lihatermomeetrina, sest sisendeid &amp; sonde on kolm \u2013 kaks liha ja \u00fcks ahju enda temperatuuri jaoks.<\/span><\/li>\n<li><span style=\"color: #000000; font-size: 14.4px;\">Temperatuurikontroller toetab nii Bluetooth \u00fchendust kui ka 2,4 GHz Wi-Fi \u00fchendust. Laadige tasuta alla rakendus Inkbird Pro, et juhtida kontrollerit telefoni kaudu.<\/span><\/li>\n<li><span style=\"color: #000000; font-size: 14.4px;\">Kontrolleril on k\u00f5rge ja madala temperatuuri h\u00e4ire ning taimeri funktsioon. \u00c4pis on n\u00e4ha temperatuurigraafikud, mida saab ka alla laadida. \u00dche nupuvajutusega seadistamine ja juhtimine keeratava nupuga.<\/span><\/li>\n<li><span style=\"color: #000000; font-size: 14.4px;\">Kontrolleri temperatuurivahemik on l\u00fchiajaliseks kasutamiseks 0\u2103 &#8211; 300\u2103 ja 0\u2103 &#8211; 250\u2103 pikemaajaliselt. Temperatuuri t\u00e4psus on \u00b11\u2103.<\/span><\/li>\n<li><span style=\"color: #000000; font-size: 14.4px;\">Kontrolleri ventilaator reguleerib automaatselt kiirust vastavalt temperatuurimuutusele, et saavutada ahju temperatuuri stabiilne ja t\u00e4pne juhtimine.<\/span><\/li>\n<li><span style=\"color: #000000; font-size: 14.4px;\">Asja eesm\u00e4rk on k\u00fcpsetaja elu lihtsaks teha, enam ei pea ahju temperatuuri, \u00fche v\u00f5i teise luugi avatuse p\u00e4rast muretsema.<\/span><\/li>\n<\/ul>\n","protected":false},"featured_media":242691,"template":"","meta":{"inline_featured_image":false},"product_brand":[],"product_cat":[147,92,105,107,24],"product_tag":[],"class_list":{"0":"post-242690","1":"product","2":"type-product","3":"status-publish","4":"has-post-thumbnail","6":"product_cat-kamado-joe-2","7":"product_cat-lisatarvikud","8":"product_cat-lisatarvikud-classic","9":"product_cat-lisatarvikud-big","10":"product_cat-termomeetrid","12":"first","13":"instock","14":"taxable","15":"shipping-taxable","16":"purchasable","17":"product-type-simple"},"yoast_head":"<!-- This site is optimized with the Yoast SEO plugin v27.2 - https:\/\/yoast.com\/product\/yoast-seo-wordpress\/ -->\n<title>Inkbird ahju temperatuuri kontroller ISC-007BW - BBQ Entertainment<\/title>\n<meta name=\"robots\" content=\"index, follow, max-snippet:-1, max-image-preview:large, max-video-preview:-1\" \/>\n<link rel=\"canonical\" href=\"https:\/\/bbqentertainment.com\/toode\/inkbird-kontroller-isc-007bw\/\" \/>\n<meta property=\"og:locale\" content=\"en_US\" \/>\n<meta property=\"og:type\" content=\"article\" \/>\n<meta property=\"og:title\" content=\"Inkbird ahju temperatuuri kontroller ISC-007BW - BBQ Entertainment\" \/>\n<meta property=\"og:description\" content=\"Inkbird ahju temperatuuri kontroller ISC-007BW   Inkbirdi ahju temperatuuri kontroller ISC-007BW teeb kamado t\u00fc\u00fcpi ahjudes temperatuuri hoidmise automaatseks. \u00dchenda kontroller WIFI v\u00f5rku v\u00f5i kasuta manuaalselt. Kontrolleri ventilaatori automaatika puhub \u00f5hku peale siis kui ahjus hakkab temperatuur liiga madalaks minema \u2013 seel\u00e4bi hoiate stabiilset termperatuuri kogu k\u00fcpsetusperioodil.  Kontrollerit saab kasutada ka lihatermomeetrina, sest sisendeid &amp; sonde on kolm \u2013 kaks liha ja \u00fcks ahju enda temperatuuri jaoks.  Temperatuurikontroller toetab nii Bluetooth \u00fchendust kui ka 2,4 GHz Wi-Fi \u00fchendust. Laadige tasuta alla rakendus Inkbird Pro, et juhtida kontrollerit telefoni kaudu.  Kontrolleril on k\u00f5rge ja madala temperatuuri h\u00e4ire ning taimeri funktsioon. \u00c4pis on n\u00e4ha temperatuurigraafikud, mida saab ka alla laadida. \u00dche nupuvajutusega seadistamine ja juhtimine keeratava nupuga.  Kontrolleri temperatuurivahemik on l\u00fchiajaliseks kasutamiseks 0\u2103 - 300\u2103 ja 0\u2103 - 250\u2103 pikemaajaliselt. Temperatuuri t\u00e4psus on \u00b11\u2103.  Kontrolleri ventilaator reguleerib automaatselt kiirust vastavalt temperatuurimuutusele, et saavutada ahju temperatuuri stabiilne ja t\u00e4pne juhtimine.  Asja eesm\u00e4rk on k\u00fcpsetaja elu lihtsaks teha, enam ei pea ahju temperatuuri, \u00fche v\u00f5i teise luugi avatuse p\u00e4rast muretsema.\" \/>\n<meta property=\"og:url\" content=\"https:\/\/bbqentertainment.com\/toode\/inkbird-kontroller-isc-007bw\/\" \/>\n<meta property=\"og:site_name\" content=\"BBQ Entertainment\" \/>\n<meta property=\"article:publisher\" content=\"https:\/\/www.facebook.com\/BBQ-Entertainment-N-Catering-2437913376443540\" \/>\n<meta property=\"article:modified_time\" content=\"2026-03-07T20:24:56+00:00\" \/>\n<meta property=\"og:image\" content=\"https:\/\/bbqentertainment.com\/wp-content\/uploads\/2023\/08\/Inkbird-ahju-temperatuuri-kontroller-ISC-007BW-1.jpg\" \/>\n\t<meta property=\"og:image:width\" content=\"1200\" \/>\n\t<meta property=\"og:image:height\" content=\"1200\" \/>\n\t<meta property=\"og:image:type\" content=\"image\/jpeg\" \/>\n<meta name=\"twitter:card\" content=\"summary_large_image\" \/>\n<meta name=\"twitter:label1\" content=\"Est. reading time\" \/>\n\t<meta name=\"twitter:data1\" content=\"1 minute\" \/>\n<script type=\"application\/ld+json\" class=\"yoast-schema-graph\">{\"@context\":\"https:\/\/schema.org\",\"@graph\":[{\"@type\":[\"WebPage\",\"ItemPage\"],\"@id\":\"https:\/\/bbqentertainment.com\/toode\/inkbird-kontroller-isc-007bw\/\",\"url\":\"https:\/\/bbqentertainment.com\/toode\/inkbird-kontroller-isc-007bw\/\",\"name\":\"Inkbird ahju temperatuuri kontroller ISC-007BW - BBQ Entertainment\",\"isPartOf\":{\"@id\":\"https:\/\/bbqentertainment.com\/#website\"},\"primaryImageOfPage\":{\"@id\":\"https:\/\/bbqentertainment.com\/toode\/inkbird-kontroller-isc-007bw\/#primaryimage\"},\"image\":{\"@id\":\"https:\/\/bbqentertainment.com\/toode\/inkbird-kontroller-isc-007bw\/#primaryimage\"},\"thumbnailUrl\":\"https:\/\/bbqentertainment.com\/wp-content\/uploads\/2023\/08\/Inkbird-ahju-temperatuuri-kontroller-ISC-007BW-1.jpg\",\"datePublished\":\"2023-08-31T17:02:46+00:00\",\"dateModified\":\"2026-03-07T20:24:56+00:00\",\"breadcrumb\":{\"@id\":\"https:\/\/bbqentertainment.com\/toode\/inkbird-kontroller-isc-007bw\/#breadcrumb\"},\"inLanguage\":\"en-US\",\"potentialAction\":[{\"@type\":\"ReadAction\",\"target\":[\"https:\/\/bbqentertainment.com\/toode\/inkbird-kontroller-isc-007bw\/\"]}]},{\"@type\":\"ImageObject\",\"inLanguage\":\"en-US\",\"@id\":\"https:\/\/bbqentertainment.com\/toode\/inkbird-kontroller-isc-007bw\/#primaryimage\",\"url\":\"https:\/\/bbqentertainment.com\/wp-content\/uploads\/2023\/08\/Inkbird-ahju-temperatuuri-kontroller-ISC-007BW-1.jpg\",\"contentUrl\":\"https:\/\/bbqentertainment.com\/wp-content\/uploads\/2023\/08\/Inkbird-ahju-temperatuuri-kontroller-ISC-007BW-1.jpg\",\"width\":1200,\"height\":1200},{\"@type\":\"BreadcrumbList\",\"@id\":\"https:\/\/bbqentertainment.com\/toode\/inkbird-kontroller-isc-007bw\/#breadcrumb\",\"itemListElement\":[{\"@type\":\"ListItem\",\"position\":1,\"name\":\"AVALEHT\",\"item\":\"https:\/\/bbqentertainment.com\/en\/\"},{\"@type\":\"ListItem\",\"position\":2,\"name\":\"Tooted\",\"item\":\"https:\/\/bbqentertainment.com\/tooted\/\"},{\"@type\":\"ListItem\",\"position\":3,\"name\":\"Lisatarvikud\",\"item\":\"https:\/\/bbqentertainment.com\/tootekategooria\/lisatarvikud\/\"},{\"@type\":\"ListItem\",\"position\":4,\"name\":\"Inkbird ahju temperatuuri kontroller ISC-007BW\"}]},{\"@type\":\"WebSite\",\"@id\":\"https:\/\/bbqentertainment.com\/#website\",\"url\":\"https:\/\/bbqentertainment.com\/\",\"name\":\"BBQ Entertainment\",\"description\":\"BBQ is a great lifestyle, not just fun!\",\"publisher\":{\"@id\":\"https:\/\/bbqentertainment.com\/#organization\"},\"potentialAction\":[{\"@type\":\"SearchAction\",\"target\":{\"@type\":\"EntryPoint\",\"urlTemplate\":\"https:\/\/bbqentertainment.com\/?s={search_term_string}\"},\"query-input\":{\"@type\":\"PropertyValueSpecification\",\"valueRequired\":true,\"valueName\":\"search_term_string\"}}],\"inLanguage\":\"en-US\"},{\"@type\":\"Organization\",\"@id\":\"https:\/\/bbqentertainment.com\/#organization\",\"name\":\"BBQ Entertainment O\u00dc\",\"url\":\"https:\/\/bbqentertainment.com\/\",\"logo\":{\"@type\":\"ImageObject\",\"inLanguage\":\"en-US\",\"@id\":\"https:\/\/bbqentertainment.com\/#\/schema\/logo\/image\/\",\"url\":\"https:\/\/bbqentertainment.com\/wp-content\/uploads\/2020\/04\/BBQ-Entertainment-N-Catering-Enn-Tobreluts-Logo.png\",\"contentUrl\":\"https:\/\/bbqentertainment.com\/wp-content\/uploads\/2020\/04\/BBQ-Entertainment-N-Catering-Enn-Tobreluts-Logo.png\",\"width\":628,\"height\":266,\"caption\":\"BBQ Entertainment O\u00dc\"},\"image\":{\"@id\":\"https:\/\/bbqentertainment.com\/#\/schema\/logo\/image\/\"},\"sameAs\":[\"https:\/\/www.facebook.com\/BBQ-Entertainment-N-Catering-2437913376443540\",\"https:\/\/www.instagram.com\/bbqentertainmentncatering\/\",\"https:\/\/www.youtube.com\/channel\/UCmpuANQVhLy2Md8nrenp2jA\"]}]}<\/script>\n<!-- \/ Yoast SEO plugin. -->","yoast_head_json":{"title":"Inkbird ahju temperatuuri kontroller ISC-007BW - BBQ Entertainment","robots":{"index":"index","follow":"follow","max-snippet":"max-snippet:-1","max-image-preview":"max-image-preview:large","max-video-preview":"max-video-preview:-1"},"canonical":"https:\/\/bbqentertainment.com\/toode\/inkbird-kontroller-isc-007bw\/","og_locale":"en_US","og_type":"article","og_title":"Inkbird ahju temperatuuri kontroller ISC-007BW - BBQ Entertainment","og_description":"Inkbird ahju temperatuuri kontroller ISC-007BW   Inkbirdi ahju temperatuuri kontroller ISC-007BW teeb kamado t\u00fc\u00fcpi ahjudes temperatuuri hoidmise automaatseks. \u00dchenda kontroller WIFI v\u00f5rku v\u00f5i kasuta manuaalselt. Kontrolleri ventilaatori automaatika puhub \u00f5hku peale siis kui ahjus hakkab temperatuur liiga madalaks minema \u2013 seel\u00e4bi hoiate stabiilset termperatuuri kogu k\u00fcpsetusperioodil.  Kontrollerit saab kasutada ka lihatermomeetrina, sest sisendeid &amp; sonde on kolm \u2013 kaks liha ja \u00fcks ahju enda temperatuuri jaoks.  Temperatuurikontroller toetab nii Bluetooth \u00fchendust kui ka 2,4 GHz Wi-Fi \u00fchendust. Laadige tasuta alla rakendus Inkbird Pro, et juhtida kontrollerit telefoni kaudu.  Kontrolleril on k\u00f5rge ja madala temperatuuri h\u00e4ire ning taimeri funktsioon. \u00c4pis on n\u00e4ha temperatuurigraafikud, mida saab ka alla laadida. \u00dche nupuvajutusega seadistamine ja juhtimine keeratava nupuga.  Kontrolleri temperatuurivahemik on l\u00fchiajaliseks kasutamiseks 0\u2103 - 300\u2103 ja 0\u2103 - 250\u2103 pikemaajaliselt. Temperatuuri t\u00e4psus on \u00b11\u2103.  Kontrolleri ventilaator reguleerib automaatselt kiirust vastavalt temperatuurimuutusele, et saavutada ahju temperatuuri stabiilne ja t\u00e4pne juhtimine.  Asja eesm\u00e4rk on k\u00fcpsetaja elu lihtsaks teha, enam ei pea ahju temperatuuri, \u00fche v\u00f5i teise luugi avatuse p\u00e4rast muretsema.","og_url":"https:\/\/bbqentertainment.com\/toode\/inkbird-kontroller-isc-007bw\/","og_site_name":"BBQ Entertainment","article_publisher":"https:\/\/www.facebook.com\/BBQ-Entertainment-N-Catering-2437913376443540","article_modified_time":"2026-03-07T20:24:56+00:00","og_image":[{"width":1200,"height":1200,"url":"https:\/\/bbqentertainment.com\/wp-content\/uploads\/2023\/08\/Inkbird-ahju-temperatuuri-kontroller-ISC-007BW-1.jpg","type":"image\/jpeg"}],"twitter_card":"summary_large_image","twitter_misc":{"Est. reading time":"1 minute"},"schema":{"@context":"https:\/\/schema.org","@graph":[{"@type":["WebPage","ItemPage"],"@id":"https:\/\/bbqentertainment.com\/toode\/inkbird-kontroller-isc-007bw\/","url":"https:\/\/bbqentertainment.com\/toode\/inkbird-kontroller-isc-007bw\/","name":"Inkbird ahju temperatuuri kontroller ISC-007BW - BBQ Entertainment","isPartOf":{"@id":"https:\/\/bbqentertainment.com\/#website"},"primaryImageOfPage":{"@id":"https:\/\/bbqentertainment.com\/toode\/inkbird-kontroller-isc-007bw\/#primaryimage"},"image":{"@id":"https:\/\/bbqentertainment.com\/toode\/inkbird-kontroller-isc-007bw\/#primaryimage"},"thumbnailUrl":"https:\/\/bbqentertainment.com\/wp-content\/uploads\/2023\/08\/Inkbird-ahju-temperatuuri-kontroller-ISC-007BW-1.jpg","datePublished":"2023-08-31T17:02:46+00:00","dateModified":"2026-03-07T20:24:56+00:00","breadcrumb":{"@id":"https:\/\/bbqentertainment.com\/toode\/inkbird-kontroller-isc-007bw\/#breadcrumb"},"inLanguage":"en-US","potentialAction":[{"@type":"ReadAction","target":["https:\/\/bbqentertainment.com\/toode\/inkbird-kontroller-isc-007bw\/"]}]},{"@type":"ImageObject","inLanguage":"en-US","@id":"https:\/\/bbqentertainment.com\/toode\/inkbird-kontroller-isc-007bw\/#primaryimage","url":"https:\/\/bbqentertainment.com\/wp-content\/uploads\/2023\/08\/Inkbird-ahju-temperatuuri-kontroller-ISC-007BW-1.jpg","contentUrl":"https:\/\/bbqentertainment.com\/wp-content\/uploads\/2023\/08\/Inkbird-ahju-temperatuuri-kontroller-ISC-007BW-1.jpg","width":1200,"height":1200},{"@type":"BreadcrumbList","@id":"https:\/\/bbqentertainment.com\/toode\/inkbird-kontroller-isc-007bw\/#breadcrumb","itemListElement":[{"@type":"ListItem","position":1,"name":"AVALEHT","item":"https:\/\/bbqentertainment.com\/en\/"},{"@type":"ListItem","position":2,"name":"Tooted","item":"https:\/\/bbqentertainment.com\/tooted\/"},{"@type":"ListItem","position":3,"name":"Lisatarvikud","item":"https:\/\/bbqentertainment.com\/tootekategooria\/lisatarvikud\/"},{"@type":"ListItem","position":4,"name":"Inkbird ahju temperatuuri kontroller ISC-007BW"}]},{"@type":"WebSite","@id":"https:\/\/bbqentertainment.com\/#website","url":"https:\/\/bbqentertainment.com\/","name":"BBQ Entertainment","description":"BBQ is a great lifestyle, not just fun!","publisher":{"@id":"https:\/\/bbqentertainment.com\/#organization"},"potentialAction":[{"@type":"SearchAction","target":{"@type":"EntryPoint","urlTemplate":"https:\/\/bbqentertainment.com\/?s={search_term_string}"},"query-input":{"@type":"PropertyValueSpecification","valueRequired":true,"valueName":"search_term_string"}}],"inLanguage":"en-US"},{"@type":"Organization","@id":"https:\/\/bbqentertainment.com\/#organization","name":"BBQ Entertainment O\u00dc","url":"https:\/\/bbqentertainment.com\/","logo":{"@type":"ImageObject","inLanguage":"en-US","@id":"https:\/\/bbqentertainment.com\/#\/schema\/logo\/image\/","url":"https:\/\/bbqentertainment.com\/wp-content\/uploads\/2020\/04\/BBQ-Entertainment-N-Catering-Enn-Tobreluts-Logo.png","contentUrl":"https:\/\/bbqentertainment.com\/wp-content\/uploads\/2020\/04\/BBQ-Entertainment-N-Catering-Enn-Tobreluts-Logo.png","width":628,"height":266,"caption":"BBQ Entertainment O\u00dc"},"image":{"@id":"https:\/\/bbqentertainment.com\/#\/schema\/logo\/image\/"},"sameAs":["https:\/\/www.facebook.com\/BBQ-Entertainment-N-Catering-2437913376443540","https:\/\/www.instagram.com\/bbqentertainmentncatering\/","https:\/\/www.youtube.com\/channel\/UCmpuANQVhLy2Md8nrenp2jA"]}]}},"_links":{"self":[{"href":"https:\/\/bbqentertainment.com\/en\/wp-json\/wp\/v2\/product\/242690","targetHints":{"allow":["GET"]}}],"collection":[{"href":"https:\/\/bbqentertainment.com\/en\/wp-json\/wp\/v2\/product"}],"about":[{"href":"https:\/\/bbqentertainment.com\/en\/wp-json\/wp\/v2\/types\/product"}],"wp:featuredmedia":[{"embeddable":true,"href":"https:\/\/bbqentertainment.com\/en\/wp-json\/wp\/v2\/media\/242691"}],"wp:attachment":[{"href":"https:\/\/bbqentertainment.com\/en\/wp-json\/wp\/v2\/media?parent=242690"}],"wp:term":[{"taxonomy":"product_brand","embeddable":true,"href":"https:\/\/bbqentertainment.com\/en\/wp-json\/wp\/v2\/product_brand?post=242690"},{"taxonomy":"product_cat","embeddable":true,"href":"https:\/\/bbqentertainment.com\/en\/wp-json\/wp\/v2\/product_cat?post=242690"},{"taxonomy":"product_tag","embeddable":true,"href":"https:\/\/bbqentertainment.com\/en\/wp-json\/wp\/v2\/product_tag?post=242690"}],"curies":[{"name":"wp","href":"https:\/\/api.w.org\/{rel}","templated":true}]}}