{"id":242845,"date":"2023-10-06T14:52:48","date_gmt":"2023-10-06T11:52:48","guid":{"rendered":"https:\/\/bbqentertainment.com\/?post_type=product&#038;p=242845"},"modified":"2026-03-01T03:00:30","modified_gmt":"2026-03-01T01:00:30","slug":"inkbird-ahju-temperatuuri-kontroller-isc-027bw","status":"publish","type":"product","link":"https:\/\/bbqentertainment.com\/en\/toode\/inkbird-ahju-temperatuuri-kontroller-isc-027bw\/","title":{"rendered":"Inkbird ahju temperatuuri kontroller ISC-027BW"},"content":{"rendered":"<p><strong>Ahju temperatuurikontroller Inkbird ISC-027BW<\/strong><br \/>\nSellel on Bluetooth 5.0 funktsioon ja see toetab 2,4 GHz Wi-Fi v\u00f5rku, mille kaudu saate grilli oma nutitelefonist juhtida ja j\u00e4lgida. \u00dcks nutitelefon saab korraga juhtida mitut kontrollerit ja mitu inimest saavad sama kontrollerit j\u00e4lgida.<\/p>\n<p><strong>Automaatne temperatuuri reguleerimine<\/strong><br \/>\nSelle sisseehitatud \u00fclit\u00f5hus ventilaator suudab automaatselt reguleerida ventilaatori kiirust vastavalt grilli \u00fcmbritsevale temperatuurile, et hoida grilli temperatuur soovitud v\u00e4\u00e4rtusel. Samuti saate seada grilltemperatuurile k\u00f5rge ja madala temperatuuri alarmi, et tagada ohutu ja nauditav grillimine.<\/p>\n<p>M\u00e4rkus: Kui ahjusond ei ole kontrollerisse sisestatud, siis ventilaator ei t\u00f6\u00f6ta.<\/p>\n<p><strong>Grillikaane nutikas detektor<\/strong><\/p>\n<p>Mis teeb sellest parema valiku kui kunagi varem, on selle nutikas grillikaane oleku tuvastamine. Ventilaator l\u00f5petab automaatselt puhumise, kui tuvastatakse, et grilli kaas on avatud ja puhub uuesti, kui grilli kaas on suletud, mis on nutikam, t\u00f5husam ja energias\u00e4\u00e4stlikum ning ei puhu grilli kaane avatud olekus temperatuure kosmosesse.<\/p>\n<p><strong>Pole toru, pole probleeme<\/strong><\/p>\n<p>See \u00fchendatakse otse grilli\/suitsuahjuga ilma \u00fcleliigse toruta, muutes komplekti lihtsaks. Selle kanaliteta kuumakindel grilli pistik talub kuni 200 Celsiuse kraadi. Kaasasolev universaalne grilladapter muudab selle sobivaks enamiku grillide jaoks, sh Kamado Joe&#8217;le.<\/p>\n<p><strong>T\u00e4pne m\u00f5\u00f5tmine ning 5V USB toitesisend<\/strong><\/p>\n<p>Selle neljal toidukvaliteediga roostevabast terasest sondil on k\u00f5rge m\u00f5\u00f5tmist\u00e4psus \u00b10,5 \u2103\/\u00b10,9 \u2109 ja need toetavad temperatuuri kalibreerimist. Iga sond toetab l\u00fchiajalist m\u00f5\u00f5tmisvahemikku 0 \u2103 kuni 300 \u2103 (32 \u2109 \uff5e 572 \u2109) ja pidevat seirevahemikku 0 \u2103 kuni 250 \u2103 (32 \u2109 482 \u2109). \u00dcle- ja alak\u00fcpsetamise v\u00e4ltimiseks saate seadistada temperatuurih\u00e4ireid ja taimereid. T\u00e4nu USB-toitega disainile saate seda kasutada k\u00f5ikjal, isegi kui grilli\/suitsuahju l\u00e4heduses pole pistikupesa. See kasutab 5 V USB-toitesisendit, nii et iga USB-liidesega mobiilne toiteallikas suudab seda toita. Enam ei pea muretsema ootamatu elektrikatkestuse p\u00e4rast, mis rikub teie grillipeo.<\/p>\n<p><strong>P\u00f5hiomadused<\/strong><br \/>\nWi-Fi ja Bluetooth topelt\u00fchendusre\u017eiimid grillimise j\u00e4lgimiseks nutitelefonidest<br \/>\nToetab 5V USB toiteallikat, saab toita toitepangast<br \/>\nNutikas grillikaane tuvastamine puhumise automaatseks k\u00e4ivitamiseks\/l\u00f5petamiseks<br \/>\nVentilaatori kiiruse automaatne reguleerimine vastavalt grilli temperatuurile, mugav ja t\u00e4pne<br \/>\nK\u00f5rge t\u00e4psusega toiduainete sondid, t\u00e4psus \u00b10,5 \u2103\/\u00b10,9 \u2109 kalibreerimisfunktsiooniga<br \/>\nTurvalised k\u00f5rge ja madala temperatuuri alarmid grillile, et tagada m\u00f5nus grill<br \/>\nTaimer, temperatuurialarm ja eelhoiatus, et grillimine oleks t\u00e4iuslik<br \/>\nMitme toidu samaaegne j\u00e4lgimine ja k\u00f5igi temperatuuriandmete kontrollimine igal ajal<br \/>\nIdeaalne grillidele nagu Big Green Egg, Kamado Joe, Primo, Vision Grill, Akorn Kamado, Kamado Bono jt Kamado t\u00fc\u00fcpi grillid.<\/p>\n","protected":false},"excerpt":{"rendered":"<h3><span style=\"color: #000000;\"><strong>Inkbird ahju temperatuuri kontroller ISC-027BW<\/strong><\/span><\/h3>\n<ul>\n<li><span style=\"color: #000000;\">Inkbirdi ahju temperatuuri kontroller ISC-027BW teeb kamado t\u00fc\u00fcpi ahjudes temperatuuri hoidmise automaatseks. <\/span><\/li>\n<li><span style=\"color: #000000;\">Sondi materjal: toidukvaliteediga roostevaba teras<\/span><\/li>\n<li><span style=\"color: #000000;\">Sisendpinge: USB Type-C, DC 5V, 1A<\/span><\/li>\n<li><span style=\"color: #000000;\">L\u00fchiajaline m\u00f5\u00f5tmisvahemik: 0 \u2103 kuni 300 \u2103 (32 \u2109 ~ 572 \u2109)<\/span><\/li>\n<li><span style=\"color: #000000;\">Pidev j\u00e4lgimisvahemik: 0 \u2103 kuni 250 \u2103 (32 \u2109 ~ 482 \u2109)<\/span><\/li>\n<li><span style=\"color: #000000;\">Sondi temperatuuri t\u00e4psus: \u00b10,5\u2103\/\u00b10,9\u2109<\/span><\/li>\n<li><span style=\"color: #000000;\">\u00dchendusmeetodid: toetab Wi-Fi-\u00fchendust ja Bluetooth-\u00fchendust, n\u00f5uab 2,4 GHz Wi-Fi-\u00fchendust (toetab IEEE 802.11b\/g\/n)<\/span><\/li>\n<li><span style=\"color: #000000;\">Maksimaalne Bluetoothi \u00fchenduse kaugus: 164 jalga (h\u00e4irete korral on vahemaa l\u00fchem)<\/span><\/li>\n<li><span style=\"color: #000000;\">Kalibreerimine: \u00b112\u2109\/\u00b112\u2103<\/span><\/li>\n<li><span style=\"color: #000000;\">Taimeri seadistusvahemik: 0\u201399 tundi ja 59 minutit<\/span><\/li>\n<li><span style=\"color: #000000;\">Pakendi sisu: 1x BBQ temperatuurikontroller; 1x ahjusond; 3x Lihasondid; 1x USB toiteadapter + kaabel; 1x grilli adapter<\/span><\/li>\n<\/ul>\n","protected":false},"featured_media":242850,"template":"","meta":{"inline_featured_image":false},"product_brand":[],"product_cat":[147,92,105,107,24],"product_tag":[],"class_list":{"0":"post-242845","1":"product","2":"type-product","3":"status-publish","4":"has-post-thumbnail","6":"product_cat-kamado-joe-2","7":"product_cat-lisatarvikud","8":"product_cat-lisatarvikud-classic","9":"product_cat-lisatarvikud-big","10":"product_cat-termomeetrid","12":"first","13":"instock","14":"taxable","15":"shipping-taxable","16":"purchasable","17":"product-type-simple"},"yoast_head":"<!-- This site is optimized with the Yoast SEO plugin v27.2 - https:\/\/yoast.com\/product\/yoast-seo-wordpress\/ -->\n<title>Inkbird ahju temperatuuri kontroller ISC-027BW - BBQ Entertainment<\/title>\n<meta name=\"robots\" content=\"index, follow, max-snippet:-1, max-image-preview:large, max-video-preview:-1\" \/>\n<link rel=\"canonical\" href=\"https:\/\/bbqentertainment.com\/toode\/inkbird-ahju-temperatuuri-kontroller-isc-027bw\/\" \/>\n<meta property=\"og:locale\" content=\"en_US\" \/>\n<meta property=\"og:type\" content=\"article\" \/>\n<meta property=\"og:title\" content=\"Inkbird ahju temperatuuri kontroller ISC-027BW - BBQ Entertainment\" \/>\n<meta property=\"og:description\" content=\"Inkbird ahju temperatuuri kontroller ISC-027BW   Inkbirdi ahju temperatuuri kontroller ISC-027BW teeb kamado t\u00fc\u00fcpi ahjudes temperatuuri hoidmise automaatseks.   Sondi materjal: toidukvaliteediga roostevaba teras  Sisendpinge: USB Type-C, DC 5V, 1A  L\u00fchiajaline m\u00f5\u00f5tmisvahemik: 0 \u2103 kuni 300 \u2103 (32 \u2109 ~ 572 \u2109)  Pidev j\u00e4lgimisvahemik: 0 \u2103 kuni 250 \u2103 (32 \u2109 ~ 482 \u2109)  Sondi temperatuuri t\u00e4psus: \u00b10,5\u2103\/\u00b10,9\u2109  \u00dchendusmeetodid: toetab Wi-Fi-\u00fchendust ja Bluetooth-\u00fchendust, n\u00f5uab 2,4 GHz Wi-Fi-\u00fchendust (toetab IEEE 802.11b\/g\/n)  Maksimaalne Bluetoothi \u00fchenduse kaugus: 164 jalga (h\u00e4irete korral on vahemaa l\u00fchem)  Kalibreerimine: \u00b112\u2109\/\u00b112\u2103  Taimeri seadistusvahemik: 0\u201399 tundi ja 59 minutit  Pakendi sisu: 1x BBQ temperatuurikontroller; 1x ahjusond; 3x Lihasondid; 1x USB toiteadapter + kaabel; 1x grilli adapter\" \/>\n<meta property=\"og:url\" content=\"https:\/\/bbqentertainment.com\/toode\/inkbird-ahju-temperatuuri-kontroller-isc-027bw\/\" \/>\n<meta property=\"og:site_name\" content=\"BBQ Entertainment\" \/>\n<meta property=\"article:publisher\" content=\"https:\/\/www.facebook.com\/BBQ-Entertainment-N-Catering-2437913376443540\" \/>\n<meta property=\"article:modified_time\" content=\"2026-03-01T01:00:30+00:00\" \/>\n<meta property=\"og:image\" content=\"https:\/\/bbqentertainment.com\/wp-content\/uploads\/2023\/10\/Inkbird-ISC-027BW.jpg\" \/>\n\t<meta property=\"og:image:width\" content=\"1200\" \/>\n\t<meta property=\"og:image:height\" content=\"1200\" \/>\n\t<meta property=\"og:image:type\" content=\"image\/jpeg\" \/>\n<meta name=\"twitter:card\" content=\"summary_large_image\" \/>\n<meta name=\"twitter:label1\" content=\"Est. reading time\" \/>\n\t<meta name=\"twitter:data1\" content=\"3 minutes\" \/>\n<script type=\"application\/ld+json\" class=\"yoast-schema-graph\">{\"@context\":\"https:\/\/schema.org\",\"@graph\":[{\"@type\":[\"WebPage\",\"ItemPage\"],\"@id\":\"https:\/\/bbqentertainment.com\/toode\/inkbird-ahju-temperatuuri-kontroller-isc-027bw\/\",\"url\":\"https:\/\/bbqentertainment.com\/toode\/inkbird-ahju-temperatuuri-kontroller-isc-027bw\/\",\"name\":\"Inkbird ahju temperatuuri kontroller ISC-027BW - BBQ Entertainment\",\"isPartOf\":{\"@id\":\"https:\/\/bbqentertainment.com\/#website\"},\"primaryImageOfPage\":{\"@id\":\"https:\/\/bbqentertainment.com\/toode\/inkbird-ahju-temperatuuri-kontroller-isc-027bw\/#primaryimage\"},\"image\":{\"@id\":\"https:\/\/bbqentertainment.com\/toode\/inkbird-ahju-temperatuuri-kontroller-isc-027bw\/#primaryimage\"},\"thumbnailUrl\":\"https:\/\/bbqentertainment.com\/wp-content\/uploads\/2023\/10\/Inkbird-ISC-027BW.jpg\",\"datePublished\":\"2023-10-06T11:52:48+00:00\",\"dateModified\":\"2026-03-01T01:00:30+00:00\",\"breadcrumb\":{\"@id\":\"https:\/\/bbqentertainment.com\/toode\/inkbird-ahju-temperatuuri-kontroller-isc-027bw\/#breadcrumb\"},\"inLanguage\":\"en-US\",\"potentialAction\":[{\"@type\":\"ReadAction\",\"target\":[\"https:\/\/bbqentertainment.com\/toode\/inkbird-ahju-temperatuuri-kontroller-isc-027bw\/\"]}]},{\"@type\":\"ImageObject\",\"inLanguage\":\"en-US\",\"@id\":\"https:\/\/bbqentertainment.com\/toode\/inkbird-ahju-temperatuuri-kontroller-isc-027bw\/#primaryimage\",\"url\":\"https:\/\/bbqentertainment.com\/wp-content\/uploads\/2023\/10\/Inkbird-ISC-027BW.jpg\",\"contentUrl\":\"https:\/\/bbqentertainment.com\/wp-content\/uploads\/2023\/10\/Inkbird-ISC-027BW.jpg\",\"width\":1200,\"height\":1200},{\"@type\":\"BreadcrumbList\",\"@id\":\"https:\/\/bbqentertainment.com\/toode\/inkbird-ahju-temperatuuri-kontroller-isc-027bw\/#breadcrumb\",\"itemListElement\":[{\"@type\":\"ListItem\",\"position\":1,\"name\":\"AVALEHT\",\"item\":\"https:\/\/bbqentertainment.com\/en\/\"},{\"@type\":\"ListItem\",\"position\":2,\"name\":\"Tooted\",\"item\":\"https:\/\/bbqentertainment.com\/tooted\/\"},{\"@type\":\"ListItem\",\"position\":3,\"name\":\"Lisatarvikud\",\"item\":\"https:\/\/bbqentertainment.com\/tootekategooria\/lisatarvikud\/\"},{\"@type\":\"ListItem\",\"position\":4,\"name\":\"Inkbird ahju temperatuuri kontroller ISC-027BW\"}]},{\"@type\":\"WebSite\",\"@id\":\"https:\/\/bbqentertainment.com\/#website\",\"url\":\"https:\/\/bbqentertainment.com\/\",\"name\":\"BBQ Entertainment\",\"description\":\"BBQ is a great lifestyle, not just fun!\",\"publisher\":{\"@id\":\"https:\/\/bbqentertainment.com\/#organization\"},\"potentialAction\":[{\"@type\":\"SearchAction\",\"target\":{\"@type\":\"EntryPoint\",\"urlTemplate\":\"https:\/\/bbqentertainment.com\/?s={search_term_string}\"},\"query-input\":{\"@type\":\"PropertyValueSpecification\",\"valueRequired\":true,\"valueName\":\"search_term_string\"}}],\"inLanguage\":\"en-US\"},{\"@type\":\"Organization\",\"@id\":\"https:\/\/bbqentertainment.com\/#organization\",\"name\":\"BBQ Entertainment O\u00dc\",\"url\":\"https:\/\/bbqentertainment.com\/\",\"logo\":{\"@type\":\"ImageObject\",\"inLanguage\":\"en-US\",\"@id\":\"https:\/\/bbqentertainment.com\/#\/schema\/logo\/image\/\",\"url\":\"https:\/\/bbqentertainment.com\/wp-content\/uploads\/2020\/04\/BBQ-Entertainment-N-Catering-Enn-Tobreluts-Logo.png\",\"contentUrl\":\"https:\/\/bbqentertainment.com\/wp-content\/uploads\/2020\/04\/BBQ-Entertainment-N-Catering-Enn-Tobreluts-Logo.png\",\"width\":628,\"height\":266,\"caption\":\"BBQ Entertainment O\u00dc\"},\"image\":{\"@id\":\"https:\/\/bbqentertainment.com\/#\/schema\/logo\/image\/\"},\"sameAs\":[\"https:\/\/www.facebook.com\/BBQ-Entertainment-N-Catering-2437913376443540\",\"https:\/\/www.instagram.com\/bbqentertainmentncatering\/\",\"https:\/\/www.youtube.com\/channel\/UCmpuANQVhLy2Md8nrenp2jA\"]}]}<\/script>\n<!-- \/ Yoast SEO plugin. -->","yoast_head_json":{"title":"Inkbird ahju temperatuuri kontroller ISC-027BW - BBQ Entertainment","robots":{"index":"index","follow":"follow","max-snippet":"max-snippet:-1","max-image-preview":"max-image-preview:large","max-video-preview":"max-video-preview:-1"},"canonical":"https:\/\/bbqentertainment.com\/toode\/inkbird-ahju-temperatuuri-kontroller-isc-027bw\/","og_locale":"en_US","og_type":"article","og_title":"Inkbird ahju temperatuuri kontroller ISC-027BW - BBQ Entertainment","og_description":"Inkbird ahju temperatuuri kontroller ISC-027BW   Inkbirdi ahju temperatuuri kontroller ISC-027BW teeb kamado t\u00fc\u00fcpi ahjudes temperatuuri hoidmise automaatseks.   Sondi materjal: toidukvaliteediga roostevaba teras  Sisendpinge: USB Type-C, DC 5V, 1A  L\u00fchiajaline m\u00f5\u00f5tmisvahemik: 0 \u2103 kuni 300 \u2103 (32 \u2109 ~ 572 \u2109)  Pidev j\u00e4lgimisvahemik: 0 \u2103 kuni 250 \u2103 (32 \u2109 ~ 482 \u2109)  Sondi temperatuuri t\u00e4psus: \u00b10,5\u2103\/\u00b10,9\u2109  \u00dchendusmeetodid: toetab Wi-Fi-\u00fchendust ja Bluetooth-\u00fchendust, n\u00f5uab 2,4 GHz Wi-Fi-\u00fchendust (toetab IEEE 802.11b\/g\/n)  Maksimaalne Bluetoothi \u00fchenduse kaugus: 164 jalga (h\u00e4irete korral on vahemaa l\u00fchem)  Kalibreerimine: \u00b112\u2109\/\u00b112\u2103  Taimeri seadistusvahemik: 0\u201399 tundi ja 59 minutit  Pakendi sisu: 1x BBQ temperatuurikontroller; 1x ahjusond; 3x Lihasondid; 1x USB toiteadapter + kaabel; 1x grilli adapter","og_url":"https:\/\/bbqentertainment.com\/toode\/inkbird-ahju-temperatuuri-kontroller-isc-027bw\/","og_site_name":"BBQ Entertainment","article_publisher":"https:\/\/www.facebook.com\/BBQ-Entertainment-N-Catering-2437913376443540","article_modified_time":"2026-03-01T01:00:30+00:00","og_image":[{"width":1200,"height":1200,"url":"https:\/\/bbqentertainment.com\/wp-content\/uploads\/2023\/10\/Inkbird-ISC-027BW.jpg","type":"image\/jpeg"}],"twitter_card":"summary_large_image","twitter_misc":{"Est. reading time":"3 minutes"},"schema":{"@context":"https:\/\/schema.org","@graph":[{"@type":["WebPage","ItemPage"],"@id":"https:\/\/bbqentertainment.com\/toode\/inkbird-ahju-temperatuuri-kontroller-isc-027bw\/","url":"https:\/\/bbqentertainment.com\/toode\/inkbird-ahju-temperatuuri-kontroller-isc-027bw\/","name":"Inkbird ahju temperatuuri kontroller ISC-027BW - BBQ Entertainment","isPartOf":{"@id":"https:\/\/bbqentertainment.com\/#website"},"primaryImageOfPage":{"@id":"https:\/\/bbqentertainment.com\/toode\/inkbird-ahju-temperatuuri-kontroller-isc-027bw\/#primaryimage"},"image":{"@id":"https:\/\/bbqentertainment.com\/toode\/inkbird-ahju-temperatuuri-kontroller-isc-027bw\/#primaryimage"},"thumbnailUrl":"https:\/\/bbqentertainment.com\/wp-content\/uploads\/2023\/10\/Inkbird-ISC-027BW.jpg","datePublished":"2023-10-06T11:52:48+00:00","dateModified":"2026-03-01T01:00:30+00:00","breadcrumb":{"@id":"https:\/\/bbqentertainment.com\/toode\/inkbird-ahju-temperatuuri-kontroller-isc-027bw\/#breadcrumb"},"inLanguage":"en-US","potentialAction":[{"@type":"ReadAction","target":["https:\/\/bbqentertainment.com\/toode\/inkbird-ahju-temperatuuri-kontroller-isc-027bw\/"]}]},{"@type":"ImageObject","inLanguage":"en-US","@id":"https:\/\/bbqentertainment.com\/toode\/inkbird-ahju-temperatuuri-kontroller-isc-027bw\/#primaryimage","url":"https:\/\/bbqentertainment.com\/wp-content\/uploads\/2023\/10\/Inkbird-ISC-027BW.jpg","contentUrl":"https:\/\/bbqentertainment.com\/wp-content\/uploads\/2023\/10\/Inkbird-ISC-027BW.jpg","width":1200,"height":1200},{"@type":"BreadcrumbList","@id":"https:\/\/bbqentertainment.com\/toode\/inkbird-ahju-temperatuuri-kontroller-isc-027bw\/#breadcrumb","itemListElement":[{"@type":"ListItem","position":1,"name":"AVALEHT","item":"https:\/\/bbqentertainment.com\/en\/"},{"@type":"ListItem","position":2,"name":"Tooted","item":"https:\/\/bbqentertainment.com\/tooted\/"},{"@type":"ListItem","position":3,"name":"Lisatarvikud","item":"https:\/\/bbqentertainment.com\/tootekategooria\/lisatarvikud\/"},{"@type":"ListItem","position":4,"name":"Inkbird ahju temperatuuri kontroller ISC-027BW"}]},{"@type":"WebSite","@id":"https:\/\/bbqentertainment.com\/#website","url":"https:\/\/bbqentertainment.com\/","name":"BBQ Entertainment","description":"BBQ is a great lifestyle, not just fun!","publisher":{"@id":"https:\/\/bbqentertainment.com\/#organization"},"potentialAction":[{"@type":"SearchAction","target":{"@type":"EntryPoint","urlTemplate":"https:\/\/bbqentertainment.com\/?s={search_term_string}"},"query-input":{"@type":"PropertyValueSpecification","valueRequired":true,"valueName":"search_term_string"}}],"inLanguage":"en-US"},{"@type":"Organization","@id":"https:\/\/bbqentertainment.com\/#organization","name":"BBQ Entertainment O\u00dc","url":"https:\/\/bbqentertainment.com\/","logo":{"@type":"ImageObject","inLanguage":"en-US","@id":"https:\/\/bbqentertainment.com\/#\/schema\/logo\/image\/","url":"https:\/\/bbqentertainment.com\/wp-content\/uploads\/2020\/04\/BBQ-Entertainment-N-Catering-Enn-Tobreluts-Logo.png","contentUrl":"https:\/\/bbqentertainment.com\/wp-content\/uploads\/2020\/04\/BBQ-Entertainment-N-Catering-Enn-Tobreluts-Logo.png","width":628,"height":266,"caption":"BBQ Entertainment O\u00dc"},"image":{"@id":"https:\/\/bbqentertainment.com\/#\/schema\/logo\/image\/"},"sameAs":["https:\/\/www.facebook.com\/BBQ-Entertainment-N-Catering-2437913376443540","https:\/\/www.instagram.com\/bbqentertainmentncatering\/","https:\/\/www.youtube.com\/channel\/UCmpuANQVhLy2Md8nrenp2jA"]}]}},"_links":{"self":[{"href":"https:\/\/bbqentertainment.com\/en\/wp-json\/wp\/v2\/product\/242845","targetHints":{"allow":["GET"]}}],"collection":[{"href":"https:\/\/bbqentertainment.com\/en\/wp-json\/wp\/v2\/product"}],"about":[{"href":"https:\/\/bbqentertainment.com\/en\/wp-json\/wp\/v2\/types\/product"}],"wp:featuredmedia":[{"embeddable":true,"href":"https:\/\/bbqentertainment.com\/en\/wp-json\/wp\/v2\/media\/242850"}],"wp:attachment":[{"href":"https:\/\/bbqentertainment.com\/en\/wp-json\/wp\/v2\/media?parent=242845"}],"wp:term":[{"taxonomy":"product_brand","embeddable":true,"href":"https:\/\/bbqentertainment.com\/en\/wp-json\/wp\/v2\/product_brand?post=242845"},{"taxonomy":"product_cat","embeddable":true,"href":"https:\/\/bbqentertainment.com\/en\/wp-json\/wp\/v2\/product_cat?post=242845"},{"taxonomy":"product_tag","embeddable":true,"href":"https:\/\/bbqentertainment.com\/en\/wp-json\/wp\/v2\/product_tag?post=242845"}],"curies":[{"name":"wp","href":"https:\/\/api.w.org\/{rel}","templated":true}]}}