{"id":243017,"date":"2023-11-17T22:17:35","date_gmt":"2023-11-17T20:17:35","guid":{"rendered":"https:\/\/bbqentertainment.com\/?post_type=product&#038;p=243017"},"modified":"2025-12-03T14:49:26","modified_gmt":"2025-12-03T12:49:26","slug":"bad-byrons-butt-rub-128g","status":"publish","type":"product","link":"https:\/\/bbqentertainment.com\/en\/toode\/bad-byrons-butt-rub-128g\/","title":{"rendered":"Maailmakuulus maitseainesegu Bad Byron\u2019s BUTT RUB 128g"},"content":{"rendered":"<p><span style=\"color: #000000\">Koostisosad: sool, pipar, k\u00fc\u00fcslauk, sibul, suitsutatud jalapeno, naturaalne kivistumisvastane aine.<\/span><\/p>\n<ul>\n<li>&#8220;Natuke Butt Rubi teeb iga toidu paremaks!&#8221; \/ &#8220;A Little Butt Rub\u00ae Makes Everything Better!&#8221;<\/li>\n<li>Bad Byron\u2019s Butt Rub\u2019i omanik ja looja on maailmakuulus BBQ meister Byron E Chism, kes on v\u00f5itnud ca 100 BBQ v\u00f5istlust maailmas ja on oma ala absoluutne tipptegija. Byron on ka BBQ Entertainmenti ja Enn Tobrelutsu hea s\u00f5ber, kes k\u00fclastas meid Eestis aastal 2017.<\/li>\n<\/ul>\n<p><img loading=\"lazy\" decoding=\"async\" class=\"aligncenter wp-image-242699 size-medium\" src=\"https:\/\/bbqentertainment.com\/wp-content\/uploads\/2023\/08\/Bad-Byron-ja-Enn-Tobreluts-600x420.jpg\" alt=\"\" width=\"600\" height=\"420\" srcset=\"https:\/\/bbqentertainment.com\/wp-content\/uploads\/2023\/08\/Bad-Byron-ja-Enn-Tobreluts-600x420.jpg 600w, https:\/\/bbqentertainment.com\/wp-content\/uploads\/2023\/08\/Bad-Byron-ja-Enn-Tobreluts-700x490.jpg 700w, https:\/\/bbqentertainment.com\/wp-content\/uploads\/2023\/08\/Bad-Byron-ja-Enn-Tobreluts-768x538.jpg 768w, https:\/\/bbqentertainment.com\/wp-content\/uploads\/2023\/08\/Bad-Byron-ja-Enn-Tobreluts.jpg 1000w\" sizes=\"auto, (max-width: 600px) 100vw, 600px\" \/><\/p>\n","protected":false},"excerpt":{"rendered":"<h3><span style=\"color: #000000\"><strong>Maailmakuulus maitseainesegu Bad Byron\u2019s BUTT RUB 128g<\/strong><\/span><\/h3>\n<div>\n<ul>\n<li>&#8220;Natuke Butt Rubi teeb iga toidu paremaks!&#8221; \/ &#8220;A Little Butt Rub\u00ae Makes Everything Better!&#8221;<\/li>\n<li>\u00dcle terve maailma tuntud Byroni Butt Rubi kasutavad nii tavalised grillijad kui ka profikokad. Sellel on unikaalne maitsekooslus, sibulast, k\u00fc\u00fcslaugust, paprikast ja suitsutatud pipardest. Koostisosad: sool, pipar, k\u00fc\u00fcslauk, sibul, suitsutatud jalapeno, naturaalne kivistumisvastane aine.<\/li>\n<li>See kergelt v\u00fcrtsikas maitseainesegu sobib sealihaga, veiselihaga, kanalihaga, kalaga jne.<\/li>\n<li>Bad Byron\u2019s Butt Rub\u2019i omanik ja looja on maailmakuulus BBQ meister Byron E Chism, kes on v\u00f5itnud ca 100 BBQ v\u00f5istlust maailmas ja on oma ala absoluutne tipptegija. Byron on ka BBQ Entertainmenti ja Enn Tobrelutsu hea s\u00f5ber, kes k\u00fclastas meid Eestis aastal 2017.<\/li>\n<li>Tootja: Bad Byron\u2019s Speciality Food Products Inc, USA<\/li>\n<li>Netokaal: 128 grammi<\/li>\n<li>Lisainfo: <a href=\"https:\/\/buttrub.com\/\" target=\"_blank\" rel=\"noopener\">https:\/\/buttrub.com\/<\/a><\/li>\n<\/ul>\n<\/div>\n","protected":false},"featured_media":243018,"template":"","meta":{"inline_featured_image":false},"product_brand":[],"product_cat":[28,491],"product_tag":[],"class_list":{"0":"post-243017","1":"product","2":"type-product","3":"status-publish","4":"has-post-thumbnail","6":"product_cat-maitseandjad","7":"product_cat-ameerika-bbq-rubid-kastmed","9":"first","10":"instock","11":"taxable","12":"shipping-taxable","13":"purchasable","14":"product-type-simple"},"yoast_head":"<!-- This site is optimized with the Yoast SEO plugin v27.4 - https:\/\/yoast.com\/product\/yoast-seo-wordpress\/ -->\n<title>Maailmakuulus maitseainesegu Bad Byron\u2019s BUTT RUB 128g - BBQ Entertainment<\/title>\n<meta name=\"robots\" content=\"index, follow, max-snippet:-1, max-image-preview:large, max-video-preview:-1\" \/>\n<link rel=\"canonical\" href=\"https:\/\/bbqentertainment.com\/toode\/bad-byrons-butt-rub-128g\/\" \/>\n<meta property=\"og:locale\" content=\"en_US\" \/>\n<meta property=\"og:type\" content=\"article\" \/>\n<meta property=\"og:title\" content=\"Maailmakuulus maitseainesegu Bad Byron\u2019s BUTT RUB 128g - BBQ Entertainment\" \/>\n<meta property=\"og:description\" content=\"Maailmakuulus maitseainesegu Bad Byron\u2019s BUTT RUB 128g    &quot;Natuke Butt Rubi teeb iga toidu paremaks!&quot; \/ &quot;A Little Butt Rub\u00ae Makes Everything Better!&quot;  \u00dcle terve maailma tuntud Byroni Butt Rubi kasutavad nii tavalised grillijad kui ka profikokad. Sellel on unikaalne maitsekooslus, sibulast, k\u00fc\u00fcslaugust, paprikast ja suitsutatud pipardest. Koostisosad: sool, pipar, k\u00fc\u00fcslauk, sibul, suitsutatud jalapeno, naturaalne kivistumisvastane aine.  See kergelt v\u00fcrtsikas maitseainesegu sobib sealihaga, veiselihaga, kanalihaga, kalaga jne.  Bad Byron\u2019s Butt Rub\u2019i omanik ja looja on maailmakuulus BBQ meister Byron E Chism, kes on v\u00f5itnud ca 100 BBQ v\u00f5istlust maailmas ja on oma ala absoluutne tipptegija. Byron on ka BBQ Entertainmenti ja Enn Tobrelutsu hea s\u00f5ber, kes k\u00fclastas meid Eestis aastal 2017.  Tootja: Bad Byron\u2019s Speciality Food Products Inc, USA  Netokaal: 128 grammi  Lisainfo: https:\/\/buttrub.com\/\" \/>\n<meta property=\"og:url\" content=\"https:\/\/bbqentertainment.com\/toode\/bad-byrons-butt-rub-128g\/\" \/>\n<meta property=\"og:site_name\" content=\"BBQ Entertainment\" \/>\n<meta property=\"article:publisher\" content=\"https:\/\/www.facebook.com\/BBQ-Entertainment-N-Catering-2437913376443540\" \/>\n<meta property=\"article:modified_time\" content=\"2025-12-03T12:49:26+00:00\" \/>\n<meta property=\"og:image\" content=\"https:\/\/bbqentertainment.com\/wp-content\/uploads\/2023\/11\/Maailmakuulus-maitseainesegu-Bad-Byrons-BUTT-RUB-128g.jpg\" \/>\n\t<meta property=\"og:image:width\" content=\"1200\" \/>\n\t<meta property=\"og:image:height\" content=\"1200\" \/>\n\t<meta property=\"og:image:type\" content=\"image\/jpeg\" \/>\n<meta name=\"twitter:card\" content=\"summary_large_image\" \/>\n<meta name=\"twitter:label1\" content=\"Est. reading time\" \/>\n\t<meta name=\"twitter:data1\" content=\"1 minute\" \/>\n<script type=\"application\/ld+json\" class=\"yoast-schema-graph\">{\"@context\":\"https:\\\/\\\/schema.org\",\"@graph\":[{\"@type\":[\"WebPage\",\"ItemPage\"],\"@id\":\"https:\\\/\\\/bbqentertainment.com\\\/toode\\\/bad-byrons-butt-rub-128g\\\/\",\"url\":\"https:\\\/\\\/bbqentertainment.com\\\/toode\\\/bad-byrons-butt-rub-128g\\\/\",\"name\":\"Maailmakuulus maitseainesegu Bad Byron\u2019s BUTT RUB 128g - BBQ Entertainment\",\"isPartOf\":{\"@id\":\"https:\\\/\\\/bbqentertainment.com\\\/#website\"},\"primaryImageOfPage\":{\"@id\":\"https:\\\/\\\/bbqentertainment.com\\\/toode\\\/bad-byrons-butt-rub-128g\\\/#primaryimage\"},\"image\":{\"@id\":\"https:\\\/\\\/bbqentertainment.com\\\/toode\\\/bad-byrons-butt-rub-128g\\\/#primaryimage\"},\"thumbnailUrl\":\"https:\\\/\\\/bbqentertainment.com\\\/wp-content\\\/uploads\\\/2023\\\/11\\\/Maailmakuulus-maitseainesegu-Bad-Byrons-BUTT-RUB-128g.jpg\",\"datePublished\":\"2023-11-17T20:17:35+00:00\",\"dateModified\":\"2025-12-03T12:49:26+00:00\",\"breadcrumb\":{\"@id\":\"https:\\\/\\\/bbqentertainment.com\\\/toode\\\/bad-byrons-butt-rub-128g\\\/#breadcrumb\"},\"inLanguage\":\"en-US\",\"potentialAction\":[{\"@type\":\"ReadAction\",\"target\":[\"https:\\\/\\\/bbqentertainment.com\\\/toode\\\/bad-byrons-butt-rub-128g\\\/\"]}]},{\"@type\":\"ImageObject\",\"inLanguage\":\"en-US\",\"@id\":\"https:\\\/\\\/bbqentertainment.com\\\/toode\\\/bad-byrons-butt-rub-128g\\\/#primaryimage\",\"url\":\"https:\\\/\\\/bbqentertainment.com\\\/wp-content\\\/uploads\\\/2023\\\/11\\\/Maailmakuulus-maitseainesegu-Bad-Byrons-BUTT-RUB-128g.jpg\",\"contentUrl\":\"https:\\\/\\\/bbqentertainment.com\\\/wp-content\\\/uploads\\\/2023\\\/11\\\/Maailmakuulus-maitseainesegu-Bad-Byrons-BUTT-RUB-128g.jpg\",\"width\":1200,\"height\":1200},{\"@type\":\"BreadcrumbList\",\"@id\":\"https:\\\/\\\/bbqentertainment.com\\\/toode\\\/bad-byrons-butt-rub-128g\\\/#breadcrumb\",\"itemListElement\":[{\"@type\":\"ListItem\",\"position\":1,\"name\":\"AVALEHT\",\"item\":\"https:\\\/\\\/bbqentertainment.com\\\/en\\\/\"},{\"@type\":\"ListItem\",\"position\":2,\"name\":\"Tooted\",\"item\":\"https:\\\/\\\/bbqentertainment.com\\\/tooted\\\/\"},{\"@type\":\"ListItem\",\"position\":3,\"name\":\"Maitseandjad\",\"item\":\"https:\\\/\\\/bbqentertainment.com\\\/en\\\/tootekategooria\\\/maitseandjad\\\/\"},{\"@type\":\"ListItem\",\"position\":4,\"name\":\"Maailmakuulus maitseainesegu Bad Byron\u2019s BUTT RUB 128g\"}]},{\"@type\":\"WebSite\",\"@id\":\"https:\\\/\\\/bbqentertainment.com\\\/#website\",\"url\":\"https:\\\/\\\/bbqentertainment.com\\\/\",\"name\":\"BBQ Entertainment\",\"description\":\"BBQ is a great lifestyle, not just fun!\",\"publisher\":{\"@id\":\"https:\\\/\\\/bbqentertainment.com\\\/#organization\"},\"potentialAction\":[{\"@type\":\"SearchAction\",\"target\":{\"@type\":\"EntryPoint\",\"urlTemplate\":\"https:\\\/\\\/bbqentertainment.com\\\/?s={search_term_string}\"},\"query-input\":{\"@type\":\"PropertyValueSpecification\",\"valueRequired\":true,\"valueName\":\"search_term_string\"}}],\"inLanguage\":\"en-US\"},{\"@type\":\"Organization\",\"@id\":\"https:\\\/\\\/bbqentertainment.com\\\/#organization\",\"name\":\"BBQ Entertainment O\u00dc\",\"url\":\"https:\\\/\\\/bbqentertainment.com\\\/\",\"logo\":{\"@type\":\"ImageObject\",\"inLanguage\":\"en-US\",\"@id\":\"https:\\\/\\\/bbqentertainment.com\\\/#\\\/schema\\\/logo\\\/image\\\/\",\"url\":\"https:\\\/\\\/bbqentertainment.com\\\/wp-content\\\/uploads\\\/2020\\\/04\\\/BBQ-Entertainment-N-Catering-Enn-Tobreluts-Logo.png\",\"contentUrl\":\"https:\\\/\\\/bbqentertainment.com\\\/wp-content\\\/uploads\\\/2020\\\/04\\\/BBQ-Entertainment-N-Catering-Enn-Tobreluts-Logo.png\",\"width\":628,\"height\":266,\"caption\":\"BBQ Entertainment O\u00dc\"},\"image\":{\"@id\":\"https:\\\/\\\/bbqentertainment.com\\\/#\\\/schema\\\/logo\\\/image\\\/\"},\"sameAs\":[\"https:\\\/\\\/www.facebook.com\\\/BBQ-Entertainment-N-Catering-2437913376443540\",\"https:\\\/\\\/www.instagram.com\\\/bbqentertainmentncatering\\\/\",\"https:\\\/\\\/www.youtube.com\\\/channel\\\/UCmpuANQVhLy2Md8nrenp2jA\"]}]}<\/script>\n<!-- \/ Yoast SEO plugin. -->","yoast_head_json":{"title":"Maailmakuulus maitseainesegu Bad Byron\u2019s BUTT RUB 128g - BBQ Entertainment","robots":{"index":"index","follow":"follow","max-snippet":"max-snippet:-1","max-image-preview":"max-image-preview:large","max-video-preview":"max-video-preview:-1"},"canonical":"https:\/\/bbqentertainment.com\/toode\/bad-byrons-butt-rub-128g\/","og_locale":"en_US","og_type":"article","og_title":"Maailmakuulus maitseainesegu Bad Byron\u2019s BUTT RUB 128g - BBQ Entertainment","og_description":"Maailmakuulus maitseainesegu Bad Byron\u2019s BUTT RUB 128g    \"Natuke Butt Rubi teeb iga toidu paremaks!\" \/ \"A Little Butt Rub\u00ae Makes Everything Better!\"  \u00dcle terve maailma tuntud Byroni Butt Rubi kasutavad nii tavalised grillijad kui ka profikokad. Sellel on unikaalne maitsekooslus, sibulast, k\u00fc\u00fcslaugust, paprikast ja suitsutatud pipardest. Koostisosad: sool, pipar, k\u00fc\u00fcslauk, sibul, suitsutatud jalapeno, naturaalne kivistumisvastane aine.  See kergelt v\u00fcrtsikas maitseainesegu sobib sealihaga, veiselihaga, kanalihaga, kalaga jne.  Bad Byron\u2019s Butt Rub\u2019i omanik ja looja on maailmakuulus BBQ meister Byron E Chism, kes on v\u00f5itnud ca 100 BBQ v\u00f5istlust maailmas ja on oma ala absoluutne tipptegija. Byron on ka BBQ Entertainmenti ja Enn Tobrelutsu hea s\u00f5ber, kes k\u00fclastas meid Eestis aastal 2017.  Tootja: Bad Byron\u2019s Speciality Food Products Inc, USA  Netokaal: 128 grammi  Lisainfo: https:\/\/buttrub.com\/","og_url":"https:\/\/bbqentertainment.com\/toode\/bad-byrons-butt-rub-128g\/","og_site_name":"BBQ Entertainment","article_publisher":"https:\/\/www.facebook.com\/BBQ-Entertainment-N-Catering-2437913376443540","article_modified_time":"2025-12-03T12:49:26+00:00","og_image":[{"width":1200,"height":1200,"url":"https:\/\/bbqentertainment.com\/wp-content\/uploads\/2023\/11\/Maailmakuulus-maitseainesegu-Bad-Byrons-BUTT-RUB-128g.jpg","type":"image\/jpeg"}],"twitter_card":"summary_large_image","twitter_misc":{"Est. reading time":"1 minute"},"schema":{"@context":"https:\/\/schema.org","@graph":[{"@type":["WebPage","ItemPage"],"@id":"https:\/\/bbqentertainment.com\/toode\/bad-byrons-butt-rub-128g\/","url":"https:\/\/bbqentertainment.com\/toode\/bad-byrons-butt-rub-128g\/","name":"Maailmakuulus maitseainesegu Bad Byron\u2019s BUTT RUB 128g - BBQ Entertainment","isPartOf":{"@id":"https:\/\/bbqentertainment.com\/#website"},"primaryImageOfPage":{"@id":"https:\/\/bbqentertainment.com\/toode\/bad-byrons-butt-rub-128g\/#primaryimage"},"image":{"@id":"https:\/\/bbqentertainment.com\/toode\/bad-byrons-butt-rub-128g\/#primaryimage"},"thumbnailUrl":"https:\/\/bbqentertainment.com\/wp-content\/uploads\/2023\/11\/Maailmakuulus-maitseainesegu-Bad-Byrons-BUTT-RUB-128g.jpg","datePublished":"2023-11-17T20:17:35+00:00","dateModified":"2025-12-03T12:49:26+00:00","breadcrumb":{"@id":"https:\/\/bbqentertainment.com\/toode\/bad-byrons-butt-rub-128g\/#breadcrumb"},"inLanguage":"en-US","potentialAction":[{"@type":"ReadAction","target":["https:\/\/bbqentertainment.com\/toode\/bad-byrons-butt-rub-128g\/"]}]},{"@type":"ImageObject","inLanguage":"en-US","@id":"https:\/\/bbqentertainment.com\/toode\/bad-byrons-butt-rub-128g\/#primaryimage","url":"https:\/\/bbqentertainment.com\/wp-content\/uploads\/2023\/11\/Maailmakuulus-maitseainesegu-Bad-Byrons-BUTT-RUB-128g.jpg","contentUrl":"https:\/\/bbqentertainment.com\/wp-content\/uploads\/2023\/11\/Maailmakuulus-maitseainesegu-Bad-Byrons-BUTT-RUB-128g.jpg","width":1200,"height":1200},{"@type":"BreadcrumbList","@id":"https:\/\/bbqentertainment.com\/toode\/bad-byrons-butt-rub-128g\/#breadcrumb","itemListElement":[{"@type":"ListItem","position":1,"name":"AVALEHT","item":"https:\/\/bbqentertainment.com\/en\/"},{"@type":"ListItem","position":2,"name":"Tooted","item":"https:\/\/bbqentertainment.com\/tooted\/"},{"@type":"ListItem","position":3,"name":"Maitseandjad","item":"https:\/\/bbqentertainment.com\/en\/tootekategooria\/maitseandjad\/"},{"@type":"ListItem","position":4,"name":"Maailmakuulus maitseainesegu Bad Byron\u2019s BUTT RUB 128g"}]},{"@type":"WebSite","@id":"https:\/\/bbqentertainment.com\/#website","url":"https:\/\/bbqentertainment.com\/","name":"BBQ Entertainment","description":"BBQ is a great lifestyle, not just fun!","publisher":{"@id":"https:\/\/bbqentertainment.com\/#organization"},"potentialAction":[{"@type":"SearchAction","target":{"@type":"EntryPoint","urlTemplate":"https:\/\/bbqentertainment.com\/?s={search_term_string}"},"query-input":{"@type":"PropertyValueSpecification","valueRequired":true,"valueName":"search_term_string"}}],"inLanguage":"en-US"},{"@type":"Organization","@id":"https:\/\/bbqentertainment.com\/#organization","name":"BBQ Entertainment O\u00dc","url":"https:\/\/bbqentertainment.com\/","logo":{"@type":"ImageObject","inLanguage":"en-US","@id":"https:\/\/bbqentertainment.com\/#\/schema\/logo\/image\/","url":"https:\/\/bbqentertainment.com\/wp-content\/uploads\/2020\/04\/BBQ-Entertainment-N-Catering-Enn-Tobreluts-Logo.png","contentUrl":"https:\/\/bbqentertainment.com\/wp-content\/uploads\/2020\/04\/BBQ-Entertainment-N-Catering-Enn-Tobreluts-Logo.png","width":628,"height":266,"caption":"BBQ Entertainment O\u00dc"},"image":{"@id":"https:\/\/bbqentertainment.com\/#\/schema\/logo\/image\/"},"sameAs":["https:\/\/www.facebook.com\/BBQ-Entertainment-N-Catering-2437913376443540","https:\/\/www.instagram.com\/bbqentertainmentncatering\/","https:\/\/www.youtube.com\/channel\/UCmpuANQVhLy2Md8nrenp2jA"]}]}},"_links":{"self":[{"href":"https:\/\/bbqentertainment.com\/en\/wp-json\/wp\/v2\/product\/243017","targetHints":{"allow":["GET"]}}],"collection":[{"href":"https:\/\/bbqentertainment.com\/en\/wp-json\/wp\/v2\/product"}],"about":[{"href":"https:\/\/bbqentertainment.com\/en\/wp-json\/wp\/v2\/types\/product"}],"wp:featuredmedia":[{"embeddable":true,"href":"https:\/\/bbqentertainment.com\/en\/wp-json\/wp\/v2\/media\/243018"}],"wp:attachment":[{"href":"https:\/\/bbqentertainment.com\/en\/wp-json\/wp\/v2\/media?parent=243017"}],"wp:term":[{"taxonomy":"product_brand","embeddable":true,"href":"https:\/\/bbqentertainment.com\/en\/wp-json\/wp\/v2\/product_brand?post=243017"},{"taxonomy":"product_cat","embeddable":true,"href":"https:\/\/bbqentertainment.com\/en\/wp-json\/wp\/v2\/product_cat?post=243017"},{"taxonomy":"product_tag","embeddable":true,"href":"https:\/\/bbqentertainment.com\/en\/wp-json\/wp\/v2\/product_tag?post=243017"}],"curies":[{"name":"wp","href":"https:\/\/api.w.org\/{rel}","templated":true}]}}