{"id":243079,"date":"2023-11-19T05:38:46","date_gmt":"2023-11-19T03:38:46","guid":{"rendered":"https:\/\/bbqentertainment.com\/?post_type=product&#038;p=243079"},"modified":"2025-07-25T13:45:42","modified_gmt":"2025-07-25T10:45:42","slug":"sequoia-limited-edition-kinkepakk-6","status":"publish","type":"product","link":"https:\/\/bbqentertainment.com\/en\/toode\/sequoia-limited-edition-kinkepakk-6\/","title":{"rendered":"Sequoia Limited Edition Kinkepakk #6"},"content":{"rendered":"<p><span style=\"color: #000000;\">Kaunistuseks on karbis m\u00f5ned maailma k\u00f5rgeimate puude SEQUOIA kuivatatud hinnalised ja haruldased k\u00e4bid.<\/span><\/p>\n  <div class=\"banner-grid-wrapper\">\n  <div id=\"banner-grid-1867568927\" class=\"banner-grid row row-grid row-small\" data-packery-options=\"\">\n                      \r\n\r\n<div class=\"col grid-col large-6 grid-col-1\" ><div class=\"col-inner\">\r\n\r\n\t<div class=\"img has-hover x md-x lg-x y md-y lg-y\" id=\"image_1343242482\">\n\t\t\t\t\t\t\t\t<div class=\"img-inner dark\" >\n\t\t\t<img loading=\"lazy\" decoding=\"async\" width=\"768\" height=\"1024\" src=\"https:\/\/bbqentertainment.com\/wp-content\/uploads\/2023\/11\/Sequoia-2-768x1024.jpg\" class=\"attachment-large size-large\" alt=\"\" srcset=\"https:\/\/bbqentertainment.com\/wp-content\/uploads\/2023\/11\/Sequoia-2-768x1024.jpg 768w, https:\/\/bbqentertainment.com\/wp-content\/uploads\/2023\/11\/Sequoia-2-700x933.jpg 700w, https:\/\/bbqentertainment.com\/wp-content\/uploads\/2023\/11\/Sequoia-2-450x600.jpg 450w, https:\/\/bbqentertainment.com\/wp-content\/uploads\/2023\/11\/Sequoia-2-1152x1536.jpg 1152w, https:\/\/bbqentertainment.com\/wp-content\/uploads\/2023\/11\/Sequoia-2.jpg 1200w\" sizes=\"auto, (max-width: 768px) 100vw, 768px\" \/>\t\t\t\t\t\t\n\t\t\t\t\t<\/div>\n\t\t\t\t\t\t\t\t\n<style>\n#image_1343242482 {\n  width: 100%;\n}\n<\/style>\n\t<\/div>\n\t\r\n\r\n<\/div><\/div>\r\n<div class=\"col grid-col large-3 grid-col-1\" ><div class=\"col-inner\">\r\n\r\n\t<div class=\"img has-hover x md-x lg-x y md-y lg-y\" id=\"image_1042917056\">\n\t\t\t\t\t\t\t\t<div class=\"img-inner dark\" >\n\t\t\t<img loading=\"lazy\" decoding=\"async\" width=\"683\" height=\"1024\" src=\"https:\/\/bbqentertainment.com\/wp-content\/uploads\/2023\/11\/Sequoia-1-683x1024.jpg\" class=\"attachment-large size-large\" alt=\"\" srcset=\"https:\/\/bbqentertainment.com\/wp-content\/uploads\/2023\/11\/Sequoia-1-683x1024.jpg 683w, https:\/\/bbqentertainment.com\/wp-content\/uploads\/2023\/11\/Sequoia-1-700x1050.jpg 700w, https:\/\/bbqentertainment.com\/wp-content\/uploads\/2023\/11\/Sequoia-1-400x600.jpg 400w, https:\/\/bbqentertainment.com\/wp-content\/uploads\/2023\/11\/Sequoia-1-768x1152.jpg 768w, https:\/\/bbqentertainment.com\/wp-content\/uploads\/2023\/11\/Sequoia-1-1024x1536.jpg 1024w, https:\/\/bbqentertainment.com\/wp-content\/uploads\/2023\/11\/Sequoia-1.jpg 1200w\" sizes=\"auto, (max-width: 683px) 100vw, 683px\" \/>\t\t\t\t\t\t\n\t\t\t\t\t<\/div>\n\t\t\t\t\t\t\t\t\n<style>\n#image_1042917056 {\n  width: 100%;\n}\n<\/style>\n\t<\/div>\n\t\r\n\r\n<\/div><\/div>\r\n<div class=\"col grid-col large-3 grid-col-1-2\" ><div class=\"col-inner\">\r\n\r\n\t<div class=\"img has-hover x md-x lg-x y md-y lg-y\" id=\"image_65099853\">\n\t\t\t\t\t\t\t\t<div class=\"img-inner dark\" >\n\t\t\t<img loading=\"lazy\" decoding=\"async\" width=\"1020\" height=\"941\" src=\"https:\/\/bbqentertainment.com\/wp-content\/uploads\/2023\/11\/Sequoia-kabid-1024x945.jpg\" class=\"attachment-large size-large\" alt=\"\" srcset=\"https:\/\/bbqentertainment.com\/wp-content\/uploads\/2023\/11\/Sequoia-kabid-1024x945.jpg 1024w, https:\/\/bbqentertainment.com\/wp-content\/uploads\/2023\/11\/Sequoia-kabid-700x646.jpg 700w, https:\/\/bbqentertainment.com\/wp-content\/uploads\/2023\/11\/Sequoia-kabid-600x554.jpg 600w, https:\/\/bbqentertainment.com\/wp-content\/uploads\/2023\/11\/Sequoia-kabid-768x709.jpg 768w, https:\/\/bbqentertainment.com\/wp-content\/uploads\/2023\/11\/Sequoia-kabid.jpg 1300w\" sizes=\"auto, (max-width: 1020px) 100vw, 1020px\" \/>\t\t\t\t\t\t\n\t\t\t\t\t<\/div>\n\t\t\t\t\t\t\t\t\n<style>\n#image_65099853 {\n  width: 100%;\n}\n<\/style>\n\t<\/div>\n\t\r\n\r\n<\/div><\/div>\r\n<div class=\"col grid-col large-3 grid-col-1-2\" ><div class=\"col-inner\">\r\n\r\n\t<div class=\"img has-hover x md-x lg-x y md-y lg-y\" id=\"image_1940379897\">\n\t\t\t\t\t\t\t\t<div class=\"img-inner dark\" >\n\t\t\t<img loading=\"lazy\" decoding=\"async\" width=\"768\" height=\"1024\" src=\"https:\/\/bbqentertainment.com\/wp-content\/uploads\/2023\/11\/Sequoia-5-768x1024.jpg\" class=\"attachment-large size-large\" alt=\"\" srcset=\"https:\/\/bbqentertainment.com\/wp-content\/uploads\/2023\/11\/Sequoia-5-768x1024.jpg 768w, https:\/\/bbqentertainment.com\/wp-content\/uploads\/2023\/11\/Sequoia-5-700x933.jpg 700w, https:\/\/bbqentertainment.com\/wp-content\/uploads\/2023\/11\/Sequoia-5-450x600.jpg 450w, https:\/\/bbqentertainment.com\/wp-content\/uploads\/2023\/11\/Sequoia-5-1152x1536.jpg 1152w, https:\/\/bbqentertainment.com\/wp-content\/uploads\/2023\/11\/Sequoia-5.jpg 1200w\" sizes=\"auto, (max-width: 768px) 100vw, 768px\" \/>\t\t\t\t\t\t\n\t\t\t\t\t<\/div>\n\t\t\t\t\t\t\t\t\n<style>\n#image_1940379897 {\n  width: 100%;\n}\n<\/style>\n\t<\/div>\n\t\r\n\r\n<\/div><\/div>\r\n\r\n            <\/div>\n    <style>\n    #banner-grid-1867568927 .grid-col-1{height: 600px}\n    #banner-grid-1867568927 .grid-col-1-2{height: 300px}\n    #banner-grid-1867568927 .grid-col-1-3{height:200px}\n    #banner-grid-1867568927 .grid-col-2-3{height: 400px}\n    #banner-grid-1867568927 .grid-col-1-4{height: 150px}\n    #banner-grid-1867568927 .grid-col-3-4{height: 450px}\n\n\n    \n    \n\n  <\/style>\n    <\/div>\n  \r\n<div class=\"row\"  id=\"row-207245955\">\r\n\r\n\n\t<div id=\"col-658424754\" class=\"col small-12 large-12\"  >\n\t\t\t\t<div class=\"col-inner\"  >\n\t\t\t\n\t\t\t\r\n\r\n\t<div class=\"img has-hover x md-x lg-x y md-y lg-y\" id=\"image_2125432278\">\n\t\t\t\t\t\t\t\t<div class=\"img-inner dark\" >\n\t\t\t<img loading=\"lazy\" decoding=\"async\" width=\"1020\" height=\"765\" src=\"https:\/\/bbqentertainment.com\/wp-content\/uploads\/2023\/11\/Sequoia-4-1024x768.jpeg\" class=\"attachment-large size-large\" alt=\"\" srcset=\"https:\/\/bbqentertainment.com\/wp-content\/uploads\/2023\/11\/Sequoia-4-1024x768.jpeg 1024w, https:\/\/bbqentertainment.com\/wp-content\/uploads\/2023\/11\/Sequoia-4-scaled-700x525.jpeg 700w, https:\/\/bbqentertainment.com\/wp-content\/uploads\/2023\/11\/Sequoia-4-600x450.jpeg 600w, https:\/\/bbqentertainment.com\/wp-content\/uploads\/2023\/11\/Sequoia-4-768x576.jpeg 768w, https:\/\/bbqentertainment.com\/wp-content\/uploads\/2023\/11\/Sequoia-4-1536x1152.jpeg 1536w, https:\/\/bbqentertainment.com\/wp-content\/uploads\/2023\/11\/Sequoia-4-2048x1536.jpeg 2048w\" sizes=\"auto, (max-width: 1020px) 100vw, 1020px\" \/>\t\t\t\t\t\t\n\t\t\t\t\t<\/div>\n\t\t\t\t\t\t\t\t\n<style>\n#image_2125432278 {\n  width: 100%;\n}\n<\/style>\n\t<\/div>\n\t\r\n\r\n\t\t<\/div>\n\t\t\t\t\t<\/div>\n\n\t\r\n\r\n<\/div>\n","protected":false},"excerpt":{"rendered":"<h3><span style=\"color: #000000;\"><strong>Sequoia Limited Edition Kinkepakk #6<\/strong><\/span><\/h3>\n<p><span style=\"color: #000000;\">Ilus musta v\u00e4rvi kinkekarp aknaga, kaunistuseks on karbis m\u00f5ned maailma k\u00f5rgeimate puude SEQUOIA kuivatatud hinnalised ja haruldased k\u00e4bid. <span style=\"font-size: 14.4px;\">Kinkepakk sisaldab:<\/span><\/span><\/p>\n<ul>\n<li><span style=\"color: #000000;\">Maldon MUSTA TERAPIPRA VESKI 50g<\/span><\/li>\n<li><span style=\"color: #000000;\">Maldon purustatud MERESOOLA VESKI 55g<\/span><\/li>\n<li><span style=\"color: #000000;\">Venturini Baldini GOCCIA NERA 8 aastat laagerdatud balsamiiko 50 ml<\/span><\/li>\n<li><span style=\"color: #000000;\">Muraglia LEMON IGP ROCCA IMPERIALE ekstra-v\u00e4\u00e4risoliivi\u00f5li sidruniga 200 ml<\/span><\/li>\n<li><span style=\"color: #000000;\">Stokes SIIDRI- ja M\u00c4DAR\u00d5IKA T\u00c4ISTERASINEP 185g<\/span><\/li>\n<li><span style=\"color: #000000;\">Stokes PUNASE SIBULA MARMELAAD 265g<\/span><\/li>\n<\/ul>\n","protected":false},"featured_media":243052,"template":"","meta":{"inline_featured_image":false},"product_brand":[],"product_cat":[301,32],"product_tag":[],"class_list":{"0":"post-243079","1":"product","2":"type-product","3":"status-publish","4":"has-post-thumbnail","6":"product_cat-kinkekarp","7":"product_cat-kinkekarbid","9":"first","10":"instock","11":"taxable","12":"shipping-taxable","13":"purchasable","14":"product-type-simple"},"yoast_head":"<!-- This site is optimized with the Yoast SEO plugin v27.4 - https:\/\/yoast.com\/product\/yoast-seo-wordpress\/ -->\n<title>Sequoia Limited Edition Kinkepakk #6 - BBQ Entertainment<\/title>\n<meta name=\"robots\" content=\"index, follow, max-snippet:-1, max-image-preview:large, max-video-preview:-1\" \/>\n<link rel=\"canonical\" href=\"https:\/\/bbqentertainment.com\/toode\/sequoia-limited-edition-kinkepakk-6\/\" \/>\n<meta property=\"og:locale\" content=\"en_US\" \/>\n<meta property=\"og:type\" content=\"article\" \/>\n<meta property=\"og:title\" content=\"Sequoia Limited Edition Kinkepakk #6 - BBQ Entertainment\" \/>\n<meta property=\"og:description\" content=\"Sequoia Limited Edition Kinkepakk #6 Ilus musta v\u00e4rvi kinkekarp aknaga, kaunistuseks on karbis m\u00f5ned maailma k\u00f5rgeimate puude SEQUOIA kuivatatud hinnalised ja haruldased k\u00e4bid. Kinkepakk sisaldab:   Maldon MUSTA TERAPIPRA VESKI 50g  Maldon purustatud MERESOOLA VESKI 55g  Venturini Baldini GOCCIA NERA 8 aastat laagerdatud balsamiiko 50 ml  Muraglia LEMON IGP ROCCA IMPERIALE ekstra-v\u00e4\u00e4risoliivi\u00f5li sidruniga 200 ml  Stokes SIIDRI- ja M\u00c4DAR\u00d5IKA T\u00c4ISTERASINEP 185g  Stokes PUNASE SIBULA MARMELAAD 265g\" \/>\n<meta property=\"og:url\" content=\"https:\/\/bbqentertainment.com\/toode\/sequoia-limited-edition-kinkepakk-6\/\" \/>\n<meta property=\"og:site_name\" content=\"BBQ Entertainment\" \/>\n<meta property=\"article:publisher\" content=\"https:\/\/www.facebook.com\/BBQ-Entertainment-N-Catering-2437913376443540\" \/>\n<meta property=\"article:modified_time\" content=\"2025-07-25T10:45:42+00:00\" \/>\n<meta property=\"og:image\" content=\"https:\/\/bbqentertainment.com\/wp-content\/uploads\/2023\/11\/KPSEQ6-Sequoia-limited-edition-BBQ-Entertainment-OU-Kinkepakk-6.jpg\" \/>\n\t<meta property=\"og:image:width\" content=\"1200\" \/>\n\t<meta property=\"og:image:height\" content=\"1200\" \/>\n\t<meta property=\"og:image:type\" content=\"image\/jpeg\" \/>\n<meta name=\"twitter:card\" content=\"summary_large_image\" \/>\n<meta name=\"twitter:label1\" content=\"Est. reading time\" \/>\n\t<meta name=\"twitter:data1\" content=\"1 minute\" \/>\n<script type=\"application\/ld+json\" class=\"yoast-schema-graph\">{\"@context\":\"https:\\\/\\\/schema.org\",\"@graph\":[{\"@type\":[\"WebPage\",\"ItemPage\"],\"@id\":\"https:\\\/\\\/bbqentertainment.com\\\/toode\\\/sequoia-limited-edition-kinkepakk-6\\\/\",\"url\":\"https:\\\/\\\/bbqentertainment.com\\\/toode\\\/sequoia-limited-edition-kinkepakk-6\\\/\",\"name\":\"Sequoia Limited Edition Kinkepakk #6 - BBQ Entertainment\",\"isPartOf\":{\"@id\":\"https:\\\/\\\/bbqentertainment.com\\\/#website\"},\"primaryImageOfPage\":{\"@id\":\"https:\\\/\\\/bbqentertainment.com\\\/toode\\\/sequoia-limited-edition-kinkepakk-6\\\/#primaryimage\"},\"image\":{\"@id\":\"https:\\\/\\\/bbqentertainment.com\\\/toode\\\/sequoia-limited-edition-kinkepakk-6\\\/#primaryimage\"},\"thumbnailUrl\":\"https:\\\/\\\/bbqentertainment.com\\\/wp-content\\\/uploads\\\/2023\\\/11\\\/KPSEQ6-Sequoia-limited-edition-BBQ-Entertainment-OU-Kinkepakk-6.jpg\",\"datePublished\":\"2023-11-19T03:38:46+00:00\",\"dateModified\":\"2025-07-25T10:45:42+00:00\",\"breadcrumb\":{\"@id\":\"https:\\\/\\\/bbqentertainment.com\\\/toode\\\/sequoia-limited-edition-kinkepakk-6\\\/#breadcrumb\"},\"inLanguage\":\"en-US\",\"potentialAction\":[{\"@type\":\"ReadAction\",\"target\":[\"https:\\\/\\\/bbqentertainment.com\\\/toode\\\/sequoia-limited-edition-kinkepakk-6\\\/\"]}]},{\"@type\":\"ImageObject\",\"inLanguage\":\"en-US\",\"@id\":\"https:\\\/\\\/bbqentertainment.com\\\/toode\\\/sequoia-limited-edition-kinkepakk-6\\\/#primaryimage\",\"url\":\"https:\\\/\\\/bbqentertainment.com\\\/wp-content\\\/uploads\\\/2023\\\/11\\\/KPSEQ6-Sequoia-limited-edition-BBQ-Entertainment-OU-Kinkepakk-6.jpg\",\"contentUrl\":\"https:\\\/\\\/bbqentertainment.com\\\/wp-content\\\/uploads\\\/2023\\\/11\\\/KPSEQ6-Sequoia-limited-edition-BBQ-Entertainment-OU-Kinkepakk-6.jpg\",\"width\":1200,\"height\":1200},{\"@type\":\"BreadcrumbList\",\"@id\":\"https:\\\/\\\/bbqentertainment.com\\\/toode\\\/sequoia-limited-edition-kinkepakk-6\\\/#breadcrumb\",\"itemListElement\":[{\"@type\":\"ListItem\",\"position\":1,\"name\":\"AVALEHT\",\"item\":\"https:\\\/\\\/bbqentertainment.com\\\/en\\\/\"},{\"@type\":\"ListItem\",\"position\":2,\"name\":\"Tooted\",\"item\":\"https:\\\/\\\/bbqentertainment.com\\\/tooted\\\/\"},{\"@type\":\"ListItem\",\"position\":3,\"name\":\"Kinkekarbid\",\"item\":\"https:\\\/\\\/bbqentertainment.com\\\/tootekategooria\\\/kinkekarp\\\/\"},{\"@type\":\"ListItem\",\"position\":4,\"name\":\"Sequoia Limited Edition Kinkepakk #6\"}]},{\"@type\":\"WebSite\",\"@id\":\"https:\\\/\\\/bbqentertainment.com\\\/#website\",\"url\":\"https:\\\/\\\/bbqentertainment.com\\\/\",\"name\":\"BBQ Entertainment\",\"description\":\"BBQ is a great lifestyle, not just fun!\",\"publisher\":{\"@id\":\"https:\\\/\\\/bbqentertainment.com\\\/#organization\"},\"potentialAction\":[{\"@type\":\"SearchAction\",\"target\":{\"@type\":\"EntryPoint\",\"urlTemplate\":\"https:\\\/\\\/bbqentertainment.com\\\/?s={search_term_string}\"},\"query-input\":{\"@type\":\"PropertyValueSpecification\",\"valueRequired\":true,\"valueName\":\"search_term_string\"}}],\"inLanguage\":\"en-US\"},{\"@type\":\"Organization\",\"@id\":\"https:\\\/\\\/bbqentertainment.com\\\/#organization\",\"name\":\"BBQ Entertainment O\u00dc\",\"url\":\"https:\\\/\\\/bbqentertainment.com\\\/\",\"logo\":{\"@type\":\"ImageObject\",\"inLanguage\":\"en-US\",\"@id\":\"https:\\\/\\\/bbqentertainment.com\\\/#\\\/schema\\\/logo\\\/image\\\/\",\"url\":\"https:\\\/\\\/bbqentertainment.com\\\/wp-content\\\/uploads\\\/2020\\\/04\\\/BBQ-Entertainment-N-Catering-Enn-Tobreluts-Logo.png\",\"contentUrl\":\"https:\\\/\\\/bbqentertainment.com\\\/wp-content\\\/uploads\\\/2020\\\/04\\\/BBQ-Entertainment-N-Catering-Enn-Tobreluts-Logo.png\",\"width\":628,\"height\":266,\"caption\":\"BBQ Entertainment O\u00dc\"},\"image\":{\"@id\":\"https:\\\/\\\/bbqentertainment.com\\\/#\\\/schema\\\/logo\\\/image\\\/\"},\"sameAs\":[\"https:\\\/\\\/www.facebook.com\\\/BBQ-Entertainment-N-Catering-2437913376443540\",\"https:\\\/\\\/www.instagram.com\\\/bbqentertainmentncatering\\\/\",\"https:\\\/\\\/www.youtube.com\\\/channel\\\/UCmpuANQVhLy2Md8nrenp2jA\"]}]}<\/script>\n<!-- \/ Yoast SEO plugin. -->","yoast_head_json":{"title":"Sequoia Limited Edition Kinkepakk #6 - BBQ Entertainment","robots":{"index":"index","follow":"follow","max-snippet":"max-snippet:-1","max-image-preview":"max-image-preview:large","max-video-preview":"max-video-preview:-1"},"canonical":"https:\/\/bbqentertainment.com\/toode\/sequoia-limited-edition-kinkepakk-6\/","og_locale":"en_US","og_type":"article","og_title":"Sequoia Limited Edition Kinkepakk #6 - BBQ Entertainment","og_description":"Sequoia Limited Edition Kinkepakk #6 Ilus musta v\u00e4rvi kinkekarp aknaga, kaunistuseks on karbis m\u00f5ned maailma k\u00f5rgeimate puude SEQUOIA kuivatatud hinnalised ja haruldased k\u00e4bid. Kinkepakk sisaldab:   Maldon MUSTA TERAPIPRA VESKI 50g  Maldon purustatud MERESOOLA VESKI 55g  Venturini Baldini GOCCIA NERA 8 aastat laagerdatud balsamiiko 50 ml  Muraglia LEMON IGP ROCCA IMPERIALE ekstra-v\u00e4\u00e4risoliivi\u00f5li sidruniga 200 ml  Stokes SIIDRI- ja M\u00c4DAR\u00d5IKA T\u00c4ISTERASINEP 185g  Stokes PUNASE SIBULA MARMELAAD 265g","og_url":"https:\/\/bbqentertainment.com\/toode\/sequoia-limited-edition-kinkepakk-6\/","og_site_name":"BBQ Entertainment","article_publisher":"https:\/\/www.facebook.com\/BBQ-Entertainment-N-Catering-2437913376443540","article_modified_time":"2025-07-25T10:45:42+00:00","og_image":[{"width":1200,"height":1200,"url":"https:\/\/bbqentertainment.com\/wp-content\/uploads\/2023\/11\/KPSEQ6-Sequoia-limited-edition-BBQ-Entertainment-OU-Kinkepakk-6.jpg","type":"image\/jpeg"}],"twitter_card":"summary_large_image","twitter_misc":{"Est. reading time":"1 minute"},"schema":{"@context":"https:\/\/schema.org","@graph":[{"@type":["WebPage","ItemPage"],"@id":"https:\/\/bbqentertainment.com\/toode\/sequoia-limited-edition-kinkepakk-6\/","url":"https:\/\/bbqentertainment.com\/toode\/sequoia-limited-edition-kinkepakk-6\/","name":"Sequoia Limited Edition Kinkepakk #6 - BBQ Entertainment","isPartOf":{"@id":"https:\/\/bbqentertainment.com\/#website"},"primaryImageOfPage":{"@id":"https:\/\/bbqentertainment.com\/toode\/sequoia-limited-edition-kinkepakk-6\/#primaryimage"},"image":{"@id":"https:\/\/bbqentertainment.com\/toode\/sequoia-limited-edition-kinkepakk-6\/#primaryimage"},"thumbnailUrl":"https:\/\/bbqentertainment.com\/wp-content\/uploads\/2023\/11\/KPSEQ6-Sequoia-limited-edition-BBQ-Entertainment-OU-Kinkepakk-6.jpg","datePublished":"2023-11-19T03:38:46+00:00","dateModified":"2025-07-25T10:45:42+00:00","breadcrumb":{"@id":"https:\/\/bbqentertainment.com\/toode\/sequoia-limited-edition-kinkepakk-6\/#breadcrumb"},"inLanguage":"en-US","potentialAction":[{"@type":"ReadAction","target":["https:\/\/bbqentertainment.com\/toode\/sequoia-limited-edition-kinkepakk-6\/"]}]},{"@type":"ImageObject","inLanguage":"en-US","@id":"https:\/\/bbqentertainment.com\/toode\/sequoia-limited-edition-kinkepakk-6\/#primaryimage","url":"https:\/\/bbqentertainment.com\/wp-content\/uploads\/2023\/11\/KPSEQ6-Sequoia-limited-edition-BBQ-Entertainment-OU-Kinkepakk-6.jpg","contentUrl":"https:\/\/bbqentertainment.com\/wp-content\/uploads\/2023\/11\/KPSEQ6-Sequoia-limited-edition-BBQ-Entertainment-OU-Kinkepakk-6.jpg","width":1200,"height":1200},{"@type":"BreadcrumbList","@id":"https:\/\/bbqentertainment.com\/toode\/sequoia-limited-edition-kinkepakk-6\/#breadcrumb","itemListElement":[{"@type":"ListItem","position":1,"name":"AVALEHT","item":"https:\/\/bbqentertainment.com\/en\/"},{"@type":"ListItem","position":2,"name":"Tooted","item":"https:\/\/bbqentertainment.com\/tooted\/"},{"@type":"ListItem","position":3,"name":"Kinkekarbid","item":"https:\/\/bbqentertainment.com\/tootekategooria\/kinkekarp\/"},{"@type":"ListItem","position":4,"name":"Sequoia Limited Edition Kinkepakk #6"}]},{"@type":"WebSite","@id":"https:\/\/bbqentertainment.com\/#website","url":"https:\/\/bbqentertainment.com\/","name":"BBQ Entertainment","description":"BBQ is a great lifestyle, not just fun!","publisher":{"@id":"https:\/\/bbqentertainment.com\/#organization"},"potentialAction":[{"@type":"SearchAction","target":{"@type":"EntryPoint","urlTemplate":"https:\/\/bbqentertainment.com\/?s={search_term_string}"},"query-input":{"@type":"PropertyValueSpecification","valueRequired":true,"valueName":"search_term_string"}}],"inLanguage":"en-US"},{"@type":"Organization","@id":"https:\/\/bbqentertainment.com\/#organization","name":"BBQ Entertainment O\u00dc","url":"https:\/\/bbqentertainment.com\/","logo":{"@type":"ImageObject","inLanguage":"en-US","@id":"https:\/\/bbqentertainment.com\/#\/schema\/logo\/image\/","url":"https:\/\/bbqentertainment.com\/wp-content\/uploads\/2020\/04\/BBQ-Entertainment-N-Catering-Enn-Tobreluts-Logo.png","contentUrl":"https:\/\/bbqentertainment.com\/wp-content\/uploads\/2020\/04\/BBQ-Entertainment-N-Catering-Enn-Tobreluts-Logo.png","width":628,"height":266,"caption":"BBQ Entertainment O\u00dc"},"image":{"@id":"https:\/\/bbqentertainment.com\/#\/schema\/logo\/image\/"},"sameAs":["https:\/\/www.facebook.com\/BBQ-Entertainment-N-Catering-2437913376443540","https:\/\/www.instagram.com\/bbqentertainmentncatering\/","https:\/\/www.youtube.com\/channel\/UCmpuANQVhLy2Md8nrenp2jA"]}]}},"_links":{"self":[{"href":"https:\/\/bbqentertainment.com\/en\/wp-json\/wp\/v2\/product\/243079","targetHints":{"allow":["GET"]}}],"collection":[{"href":"https:\/\/bbqentertainment.com\/en\/wp-json\/wp\/v2\/product"}],"about":[{"href":"https:\/\/bbqentertainment.com\/en\/wp-json\/wp\/v2\/types\/product"}],"wp:featuredmedia":[{"embeddable":true,"href":"https:\/\/bbqentertainment.com\/en\/wp-json\/wp\/v2\/media\/243052"}],"wp:attachment":[{"href":"https:\/\/bbqentertainment.com\/en\/wp-json\/wp\/v2\/media?parent=243079"}],"wp:term":[{"taxonomy":"product_brand","embeddable":true,"href":"https:\/\/bbqentertainment.com\/en\/wp-json\/wp\/v2\/product_brand?post=243079"},{"taxonomy":"product_cat","embeddable":true,"href":"https:\/\/bbqentertainment.com\/en\/wp-json\/wp\/v2\/product_cat?post=243079"},{"taxonomy":"product_tag","embeddable":true,"href":"https:\/\/bbqentertainment.com\/en\/wp-json\/wp\/v2\/product_tag?post=243079"}],"curies":[{"name":"wp","href":"https:\/\/api.w.org\/{rel}","templated":true}]}}