{"id":243586,"date":"2023-12-16T21:01:36","date_gmt":"2023-12-16T19:01:36","guid":{"rendered":"https:\/\/bbqentertainment.com\/?post_type=product&#038;p=243586"},"modified":"2025-07-25T13:45:47","modified_gmt":"2025-07-25T10:45:47","slug":"eesti-peakokkade-lugu-sbornikust-michelini","status":"publish","type":"product","link":"https:\/\/bbqentertainment.com\/en\/toode\/eesti-peakokkade-lugu-sbornikust-michelini\/","title":{"rendered":"Eesti Peakokkade lugu. Sbornikust Michelini"},"content":{"rendered":"","protected":false},"excerpt":{"rendered":"<h3><span style=\"color: #000000;\"><strong>Eesti Peakokkade lugu. Sbornikust Michelini<\/strong><\/span><\/h3>\n<ul>\n<li><span style=\"color: #000000;\">Autor: Heidi Vihma<\/span><\/li>\n<li><span style=\"color: #000000;\">V\u00e4ljaandja: Eesti Peakokkade \u00dchendus, 2023<\/span><\/li>\n<li><span style=\"color: #000000;\">304-lehek\u00fcljeline suures formaadis ning k\u00f5vas k\u00f6ites raamat<\/span><\/li>\n<li><span style=\"color: #000000; font-size: 14.4px;\">Eesti restoranide ja kokkade viimase kolme aastak\u00fcmne lugu, mille on jutustanud kuusk\u00fcmmend viis peakokka. Seda on t\u00e4iendatud restoranikriitiku t\u00e4helepanekute ja 53 parima retseptiga minevikust ning olevikust. Lugu algab sealt, kus l\u00f5peb sbornik\u2019u, n\u00f5ukogude ajal s\u00f6\u00f6klaid ja restorane valitsenud retseptikogumiku aeg, ja j\u00f5uab v\u00e4lja t\u00e4nap\u00e4eva, kui Eesti kohal on l\u00f6\u00f6nud s\u00e4rama autoriteetse Michelini restoranigiidi t\u00e4hekesed. P\u00f5nev ja isu\u00e4ratav raamat, kus s\u00e4rinat mitte v\u00e4hem kui restoranik\u00f6\u00f6gis trammi ehk tipptunni ajal.<\/span><\/li>\n<\/ul>\n","protected":false},"featured_media":243589,"template":"","meta":{"inline_featured_image":false},"product_brand":[],"product_cat":[301,178,32,223],"product_tag":[],"class_list":{"0":"post-243586","1":"product","2":"type-product","3":"status-publish","4":"has-post-thumbnail","6":"product_cat-kinkekarp","7":"product_cat-muud-tooted","8":"product_cat-kinkekarbid","9":"product_cat-muud-tooted-2","11":"first","12":"instock","13":"taxable","14":"shipping-taxable","15":"purchasable","16":"product-type-simple"},"yoast_head":"<!-- This site is optimized with the Yoast SEO plugin v27.4 - https:\/\/yoast.com\/product\/yoast-seo-wordpress\/ -->\n<title>Eesti Peakokkade lugu. Sbornikust Michelini - BBQ Entertainment<\/title>\n<meta name=\"robots\" content=\"index, follow, max-snippet:-1, max-image-preview:large, max-video-preview:-1\" \/>\n<link rel=\"canonical\" href=\"https:\/\/bbqentertainment.com\/toode\/eesti-peakokkade-lugu-sbornikust-michelini\/\" \/>\n<meta property=\"og:locale\" content=\"en_US\" \/>\n<meta property=\"og:type\" content=\"article\" \/>\n<meta property=\"og:title\" content=\"Eesti Peakokkade lugu. Sbornikust Michelini - BBQ Entertainment\" \/>\n<meta property=\"og:description\" content=\"Eesti Peakokkade lugu. Sbornikust Michelini   Autor: Heidi Vihma  V\u00e4ljaandja: Eesti Peakokkade \u00dchendus, 2023  304-lehek\u00fcljeline suures formaadis ning k\u00f5vas k\u00f6ites raamat  Eesti restoranide ja kokkade viimase kolme aastak\u00fcmne lugu, mille on jutustanud kuusk\u00fcmmend viis peakokka. Seda on t\u00e4iendatud restoranikriitiku t\u00e4helepanekute ja 53 parima retseptiga minevikust ning olevikust. Lugu algab sealt, kus l\u00f5peb sbornik\u2019u, n\u00f5ukogude ajal s\u00f6\u00f6klaid ja restorane valitsenud retseptikogumiku aeg, ja j\u00f5uab v\u00e4lja t\u00e4nap\u00e4eva, kui Eesti kohal on l\u00f6\u00f6nud s\u00e4rama autoriteetse Michelini restoranigiidi t\u00e4hekesed. P\u00f5nev ja isu\u00e4ratav raamat, kus s\u00e4rinat mitte v\u00e4hem kui restoranik\u00f6\u00f6gis trammi ehk tipptunni ajal.\" \/>\n<meta property=\"og:url\" content=\"https:\/\/bbqentertainment.com\/toode\/eesti-peakokkade-lugu-sbornikust-michelini\/\" \/>\n<meta property=\"og:site_name\" content=\"BBQ Entertainment\" \/>\n<meta property=\"article:publisher\" content=\"https:\/\/www.facebook.com\/BBQ-Entertainment-N-Catering-2437913376443540\" \/>\n<meta property=\"article:modified_time\" content=\"2025-07-25T10:45:47+00:00\" \/>\n<meta property=\"og:image\" content=\"https:\/\/bbqentertainment.com\/wp-content\/uploads\/2023\/12\/Eesti-Peakokkade-lugu.-Sbornikust-Michelini-1.jpg\" \/>\n\t<meta property=\"og:image:width\" content=\"1200\" \/>\n\t<meta property=\"og:image:height\" content=\"1200\" \/>\n\t<meta property=\"og:image:type\" content=\"image\/jpeg\" \/>\n<meta name=\"twitter:card\" content=\"summary_large_image\" \/>\n<script type=\"application\/ld+json\" class=\"yoast-schema-graph\">{\"@context\":\"https:\\\/\\\/schema.org\",\"@graph\":[{\"@type\":[\"WebPage\",\"ItemPage\"],\"@id\":\"https:\\\/\\\/bbqentertainment.com\\\/toode\\\/eesti-peakokkade-lugu-sbornikust-michelini\\\/\",\"url\":\"https:\\\/\\\/bbqentertainment.com\\\/toode\\\/eesti-peakokkade-lugu-sbornikust-michelini\\\/\",\"name\":\"Eesti Peakokkade lugu. Sbornikust Michelini - BBQ Entertainment\",\"isPartOf\":{\"@id\":\"https:\\\/\\\/bbqentertainment.com\\\/#website\"},\"primaryImageOfPage\":{\"@id\":\"https:\\\/\\\/bbqentertainment.com\\\/toode\\\/eesti-peakokkade-lugu-sbornikust-michelini\\\/#primaryimage\"},\"image\":{\"@id\":\"https:\\\/\\\/bbqentertainment.com\\\/toode\\\/eesti-peakokkade-lugu-sbornikust-michelini\\\/#primaryimage\"},\"thumbnailUrl\":\"https:\\\/\\\/bbqentertainment.com\\\/wp-content\\\/uploads\\\/2023\\\/12\\\/Eesti-Peakokkade-lugu.-Sbornikust-Michelini-1.jpg\",\"datePublished\":\"2023-12-16T19:01:36+00:00\",\"dateModified\":\"2025-07-25T10:45:47+00:00\",\"breadcrumb\":{\"@id\":\"https:\\\/\\\/bbqentertainment.com\\\/toode\\\/eesti-peakokkade-lugu-sbornikust-michelini\\\/#breadcrumb\"},\"inLanguage\":\"en-US\",\"potentialAction\":[{\"@type\":\"ReadAction\",\"target\":[\"https:\\\/\\\/bbqentertainment.com\\\/toode\\\/eesti-peakokkade-lugu-sbornikust-michelini\\\/\"]}]},{\"@type\":\"ImageObject\",\"inLanguage\":\"en-US\",\"@id\":\"https:\\\/\\\/bbqentertainment.com\\\/toode\\\/eesti-peakokkade-lugu-sbornikust-michelini\\\/#primaryimage\",\"url\":\"https:\\\/\\\/bbqentertainment.com\\\/wp-content\\\/uploads\\\/2023\\\/12\\\/Eesti-Peakokkade-lugu.-Sbornikust-Michelini-1.jpg\",\"contentUrl\":\"https:\\\/\\\/bbqentertainment.com\\\/wp-content\\\/uploads\\\/2023\\\/12\\\/Eesti-Peakokkade-lugu.-Sbornikust-Michelini-1.jpg\",\"width\":1200,\"height\":1200},{\"@type\":\"BreadcrumbList\",\"@id\":\"https:\\\/\\\/bbqentertainment.com\\\/toode\\\/eesti-peakokkade-lugu-sbornikust-michelini\\\/#breadcrumb\",\"itemListElement\":[{\"@type\":\"ListItem\",\"position\":1,\"name\":\"AVALEHT\",\"item\":\"https:\\\/\\\/bbqentertainment.com\\\/en\\\/\"},{\"@type\":\"ListItem\",\"position\":2,\"name\":\"Tooted\",\"item\":\"https:\\\/\\\/bbqentertainment.com\\\/tooted\\\/\"},{\"@type\":\"ListItem\",\"position\":3,\"name\":\"Muud tooted\",\"item\":\"https:\\\/\\\/bbqentertainment.com\\\/tootekategooria\\\/muud-tooted\\\/\"},{\"@type\":\"ListItem\",\"position\":4,\"name\":\"Kinkekarbid\",\"item\":\"https:\\\/\\\/bbqentertainment.com\\\/tootekategooria\\\/muud-tooted\\\/kinkekarbid\\\/\"},{\"@type\":\"ListItem\",\"position\":5,\"name\":\"Eesti Peakokkade lugu. Sbornikust Michelini\"}]},{\"@type\":\"WebSite\",\"@id\":\"https:\\\/\\\/bbqentertainment.com\\\/#website\",\"url\":\"https:\\\/\\\/bbqentertainment.com\\\/\",\"name\":\"BBQ Entertainment\",\"description\":\"BBQ is a great lifestyle, not just fun!\",\"publisher\":{\"@id\":\"https:\\\/\\\/bbqentertainment.com\\\/#organization\"},\"potentialAction\":[{\"@type\":\"SearchAction\",\"target\":{\"@type\":\"EntryPoint\",\"urlTemplate\":\"https:\\\/\\\/bbqentertainment.com\\\/?s={search_term_string}\"},\"query-input\":{\"@type\":\"PropertyValueSpecification\",\"valueRequired\":true,\"valueName\":\"search_term_string\"}}],\"inLanguage\":\"en-US\"},{\"@type\":\"Organization\",\"@id\":\"https:\\\/\\\/bbqentertainment.com\\\/#organization\",\"name\":\"BBQ Entertainment O\u00dc\",\"url\":\"https:\\\/\\\/bbqentertainment.com\\\/\",\"logo\":{\"@type\":\"ImageObject\",\"inLanguage\":\"en-US\",\"@id\":\"https:\\\/\\\/bbqentertainment.com\\\/#\\\/schema\\\/logo\\\/image\\\/\",\"url\":\"https:\\\/\\\/bbqentertainment.com\\\/wp-content\\\/uploads\\\/2020\\\/04\\\/BBQ-Entertainment-N-Catering-Enn-Tobreluts-Logo.png\",\"contentUrl\":\"https:\\\/\\\/bbqentertainment.com\\\/wp-content\\\/uploads\\\/2020\\\/04\\\/BBQ-Entertainment-N-Catering-Enn-Tobreluts-Logo.png\",\"width\":628,\"height\":266,\"caption\":\"BBQ Entertainment O\u00dc\"},\"image\":{\"@id\":\"https:\\\/\\\/bbqentertainment.com\\\/#\\\/schema\\\/logo\\\/image\\\/\"},\"sameAs\":[\"https:\\\/\\\/www.facebook.com\\\/BBQ-Entertainment-N-Catering-2437913376443540\",\"https:\\\/\\\/www.instagram.com\\\/bbqentertainmentncatering\\\/\",\"https:\\\/\\\/www.youtube.com\\\/channel\\\/UCmpuANQVhLy2Md8nrenp2jA\"]}]}<\/script>\n<!-- \/ Yoast SEO plugin. -->","yoast_head_json":{"title":"Eesti Peakokkade lugu. Sbornikust Michelini - BBQ Entertainment","robots":{"index":"index","follow":"follow","max-snippet":"max-snippet:-1","max-image-preview":"max-image-preview:large","max-video-preview":"max-video-preview:-1"},"canonical":"https:\/\/bbqentertainment.com\/toode\/eesti-peakokkade-lugu-sbornikust-michelini\/","og_locale":"en_US","og_type":"article","og_title":"Eesti Peakokkade lugu. Sbornikust Michelini - BBQ Entertainment","og_description":"Eesti Peakokkade lugu. Sbornikust Michelini   Autor: Heidi Vihma  V\u00e4ljaandja: Eesti Peakokkade \u00dchendus, 2023  304-lehek\u00fcljeline suures formaadis ning k\u00f5vas k\u00f6ites raamat  Eesti restoranide ja kokkade viimase kolme aastak\u00fcmne lugu, mille on jutustanud kuusk\u00fcmmend viis peakokka. Seda on t\u00e4iendatud restoranikriitiku t\u00e4helepanekute ja 53 parima retseptiga minevikust ning olevikust. Lugu algab sealt, kus l\u00f5peb sbornik\u2019u, n\u00f5ukogude ajal s\u00f6\u00f6klaid ja restorane valitsenud retseptikogumiku aeg, ja j\u00f5uab v\u00e4lja t\u00e4nap\u00e4eva, kui Eesti kohal on l\u00f6\u00f6nud s\u00e4rama autoriteetse Michelini restoranigiidi t\u00e4hekesed. P\u00f5nev ja isu\u00e4ratav raamat, kus s\u00e4rinat mitte v\u00e4hem kui restoranik\u00f6\u00f6gis trammi ehk tipptunni ajal.","og_url":"https:\/\/bbqentertainment.com\/toode\/eesti-peakokkade-lugu-sbornikust-michelini\/","og_site_name":"BBQ Entertainment","article_publisher":"https:\/\/www.facebook.com\/BBQ-Entertainment-N-Catering-2437913376443540","article_modified_time":"2025-07-25T10:45:47+00:00","og_image":[{"width":1200,"height":1200,"url":"https:\/\/bbqentertainment.com\/wp-content\/uploads\/2023\/12\/Eesti-Peakokkade-lugu.-Sbornikust-Michelini-1.jpg","type":"image\/jpeg"}],"twitter_card":"summary_large_image","schema":{"@context":"https:\/\/schema.org","@graph":[{"@type":["WebPage","ItemPage"],"@id":"https:\/\/bbqentertainment.com\/toode\/eesti-peakokkade-lugu-sbornikust-michelini\/","url":"https:\/\/bbqentertainment.com\/toode\/eesti-peakokkade-lugu-sbornikust-michelini\/","name":"Eesti Peakokkade lugu. Sbornikust Michelini - BBQ Entertainment","isPartOf":{"@id":"https:\/\/bbqentertainment.com\/#website"},"primaryImageOfPage":{"@id":"https:\/\/bbqentertainment.com\/toode\/eesti-peakokkade-lugu-sbornikust-michelini\/#primaryimage"},"image":{"@id":"https:\/\/bbqentertainment.com\/toode\/eesti-peakokkade-lugu-sbornikust-michelini\/#primaryimage"},"thumbnailUrl":"https:\/\/bbqentertainment.com\/wp-content\/uploads\/2023\/12\/Eesti-Peakokkade-lugu.-Sbornikust-Michelini-1.jpg","datePublished":"2023-12-16T19:01:36+00:00","dateModified":"2025-07-25T10:45:47+00:00","breadcrumb":{"@id":"https:\/\/bbqentertainment.com\/toode\/eesti-peakokkade-lugu-sbornikust-michelini\/#breadcrumb"},"inLanguage":"en-US","potentialAction":[{"@type":"ReadAction","target":["https:\/\/bbqentertainment.com\/toode\/eesti-peakokkade-lugu-sbornikust-michelini\/"]}]},{"@type":"ImageObject","inLanguage":"en-US","@id":"https:\/\/bbqentertainment.com\/toode\/eesti-peakokkade-lugu-sbornikust-michelini\/#primaryimage","url":"https:\/\/bbqentertainment.com\/wp-content\/uploads\/2023\/12\/Eesti-Peakokkade-lugu.-Sbornikust-Michelini-1.jpg","contentUrl":"https:\/\/bbqentertainment.com\/wp-content\/uploads\/2023\/12\/Eesti-Peakokkade-lugu.-Sbornikust-Michelini-1.jpg","width":1200,"height":1200},{"@type":"BreadcrumbList","@id":"https:\/\/bbqentertainment.com\/toode\/eesti-peakokkade-lugu-sbornikust-michelini\/#breadcrumb","itemListElement":[{"@type":"ListItem","position":1,"name":"AVALEHT","item":"https:\/\/bbqentertainment.com\/en\/"},{"@type":"ListItem","position":2,"name":"Tooted","item":"https:\/\/bbqentertainment.com\/tooted\/"},{"@type":"ListItem","position":3,"name":"Muud tooted","item":"https:\/\/bbqentertainment.com\/tootekategooria\/muud-tooted\/"},{"@type":"ListItem","position":4,"name":"Kinkekarbid","item":"https:\/\/bbqentertainment.com\/tootekategooria\/muud-tooted\/kinkekarbid\/"},{"@type":"ListItem","position":5,"name":"Eesti Peakokkade lugu. Sbornikust Michelini"}]},{"@type":"WebSite","@id":"https:\/\/bbqentertainment.com\/#website","url":"https:\/\/bbqentertainment.com\/","name":"BBQ Entertainment","description":"BBQ is a great lifestyle, not just fun!","publisher":{"@id":"https:\/\/bbqentertainment.com\/#organization"},"potentialAction":[{"@type":"SearchAction","target":{"@type":"EntryPoint","urlTemplate":"https:\/\/bbqentertainment.com\/?s={search_term_string}"},"query-input":{"@type":"PropertyValueSpecification","valueRequired":true,"valueName":"search_term_string"}}],"inLanguage":"en-US"},{"@type":"Organization","@id":"https:\/\/bbqentertainment.com\/#organization","name":"BBQ Entertainment O\u00dc","url":"https:\/\/bbqentertainment.com\/","logo":{"@type":"ImageObject","inLanguage":"en-US","@id":"https:\/\/bbqentertainment.com\/#\/schema\/logo\/image\/","url":"https:\/\/bbqentertainment.com\/wp-content\/uploads\/2020\/04\/BBQ-Entertainment-N-Catering-Enn-Tobreluts-Logo.png","contentUrl":"https:\/\/bbqentertainment.com\/wp-content\/uploads\/2020\/04\/BBQ-Entertainment-N-Catering-Enn-Tobreluts-Logo.png","width":628,"height":266,"caption":"BBQ Entertainment O\u00dc"},"image":{"@id":"https:\/\/bbqentertainment.com\/#\/schema\/logo\/image\/"},"sameAs":["https:\/\/www.facebook.com\/BBQ-Entertainment-N-Catering-2437913376443540","https:\/\/www.instagram.com\/bbqentertainmentncatering\/","https:\/\/www.youtube.com\/channel\/UCmpuANQVhLy2Md8nrenp2jA"]}]}},"_links":{"self":[{"href":"https:\/\/bbqentertainment.com\/en\/wp-json\/wp\/v2\/product\/243586","targetHints":{"allow":["GET"]}}],"collection":[{"href":"https:\/\/bbqentertainment.com\/en\/wp-json\/wp\/v2\/product"}],"about":[{"href":"https:\/\/bbqentertainment.com\/en\/wp-json\/wp\/v2\/types\/product"}],"wp:featuredmedia":[{"embeddable":true,"href":"https:\/\/bbqentertainment.com\/en\/wp-json\/wp\/v2\/media\/243589"}],"wp:attachment":[{"href":"https:\/\/bbqentertainment.com\/en\/wp-json\/wp\/v2\/media?parent=243586"}],"wp:term":[{"taxonomy":"product_brand","embeddable":true,"href":"https:\/\/bbqentertainment.com\/en\/wp-json\/wp\/v2\/product_brand?post=243586"},{"taxonomy":"product_cat","embeddable":true,"href":"https:\/\/bbqentertainment.com\/en\/wp-json\/wp\/v2\/product_cat?post=243586"},{"taxonomy":"product_tag","embeddable":true,"href":"https:\/\/bbqentertainment.com\/en\/wp-json\/wp\/v2\/product_tag?post=243586"}],"curies":[{"name":"wp","href":"https:\/\/api.w.org\/{rel}","templated":true}]}}