{"id":243704,"date":"2024-01-05T15:10:19","date_gmt":"2024-01-05T13:10:19","guid":{"rendered":"https:\/\/bbqentertainment.com\/?post_type=product&#038;p=243704"},"modified":"2026-04-06T23:24:51","modified_gmt":"2026-04-06T20:24:51","slug":"kamado-joe-big-i","status":"publish","type":"product","link":"https:\/\/bbqentertainment.com\/en\/toode\/kamado-joe-big-i\/","title":{"rendered":"Kamado Joe \u00ae Big I"},"content":{"rendered":"","protected":false},"excerpt":{"rendered":"<h3><span style=\"color: #000000;\"><strong>Kamado Joe \u00ae Big I<\/strong><\/span><\/h3>\n<ul>\n<li><span style=\"color: #000000;\"><strong>K\u00fcsi eripakkumist! Kirjuta enn@bbqentertainment.com v\u00f5i helista 5165581.<\/strong><\/span><\/li>\n<li><span style=\"color: #000000;\">Maailma tipp-kvaliteet!<\/span><\/li>\n<li><span style=\"color: #000000;\">Parim hinna ja kvaliteedi suhe!<\/span><\/li>\n<li><span style=\"color: #000000;\">Vaieldamatult parim valik keraamiliste grillide valdkonnas!<\/span><\/li>\n<li><span style=\"color: #000000;\">Big sarja grillide esimene \/ vanim mudel, teerajaja!<\/span><\/li>\n<li><span style=\"color: #000000;\">Grillrest \u00d8 61 cm (24\u201d), ahi seest \u00d8 63 cm, ahi v\u00e4ljast \u00d8 72 cm, kaal 161 kg<\/span><\/li>\n<\/ul>\n<p><span style=\"color: #000000;\">Keraamiline Kamado Joe grill \/ bbq ahi, mis on teerajaja Kamado grillide maailmas ja ka innovatsioonis. Ideaalse grill grillimiseks nii madalal kui k\u00f5rgel kuumusel ja ka suitsutamiseks. Grillil on on paksude seintega kuumakindel keraamiline korpus, mis lukustab endasse suitsu ja niiskuse igal temperatuuril. Mudeli Big I standardvarustusse kuulub ka mitme paneeliga keraamiline AMP tulekolle, ratastel t\u00f6\u00f6kindel tsingitud terasest alusraam ja patenteeritud v\u00e4ljat\u00f5mmatav tuhasahtel grilli lihtsamaks puhastamiseks. Samuti on Big I mudeli komplektis kaasas ka paindlikku k\u00fcpsetamist v\u00f5imaldav s\u00fcsteem \u201cDivide &amp; Conquer\u00ae\u201d. <div class=\"accordion\"> \t<div id=\"accordion-4020511383\" class=\"accordion-item\">\n\t\t<a id=\"accordion-4020511383-label\" class=\"accordion-title plain\" href=\"#accordion-item-komplekti-kuulub\" aria-expanded=\"false\" aria-controls=\"accordion-4020511383-content\">\n\t\t\t<button class=\"toggle\" aria-label=\"Toggle\"><i class=\"icon-angle-down\" aria-hidden=\"true\"><\/i><\/button>\n\t\t\t<span>Komplekti kuulub<\/span>\n\t\t<\/a>\n\t\t<div id=\"accordion-4020511383-content\" class=\"accordion-inner\" aria-labelledby=\"accordion-4020511383-label\">\n\t\t\t<\/span><\/p>\n<ul>\n<li><span style=\"color: #000000;\">24\u201d (61 cm) keraamiline grillahi tsingitud terasest alusraami ja lukustatavate ratastega<\/span><\/li>\n<li>Viimistletud kokkuklapitavad metallist k\u00fclgmised riiulid ja k\u00f5rge tihedusega pol\u00fcuretaanist k\u00e4epide<\/li>\n<li><span style=\"color: #000000;\">Paindlikku k\u00fcpsetamist v\u00f5imaldav kolmetasandiline s\u00fcsteem \u201cDivide &amp; Conquer\u00ae\u201d, st sealhulgas 2 tk poolkuu keraamiline soojusdeflektor (kuumusjagaja) ja 2 tk roostevabaterasest (304) poolkuu-grillrestid (l\u00e4bim\u00f5\u00f5duga 61 cm)\u00a0\u2013 lisa grillreste saab lisadena juurde osta<\/span><\/li>\n<li><span style=\"color: #000000;\">Patenteeritud v\u00e4ljat\u00f5mmatav roostevabaterasest (304) tuhasahtel grilli lihtsamaks puhastamiseks<\/span><\/li>\n<li><span style=\"color: #000000;\">Sisseehitatud termomeeter<\/span><\/li>\n<li>Vildist kaanetihendid<\/li>\n<li><span style=\"color: #000000;\">AMP mitmepaneeliga tulekolle (st mitmest osast koosnev, mittepurunev)<\/span><\/li>\n<li><span style=\"color: #000000;\">Tuharoop<\/span><\/li>\n<\/ul>\n\t\t<\/div>\n\t<\/div>\n\t \t<div id=\"accordion-2663878103\" class=\"accordion-item\">\n\t\t<a id=\"accordion-2663878103-label\" class=\"accordion-title plain\" href=\"#accordion-item-vaata-kamado-joe-tootekataloog\" aria-expanded=\"false\" aria-controls=\"accordion-2663878103-content\">\n\t\t\t<button class=\"toggle\" aria-label=\"Toggle\"><i class=\"icon-angle-down\" aria-hidden=\"true\"><\/i><\/button>\n\t\t\t<span>Vaata Kamado Joe tootekataloog<\/span>\n\t\t<\/a>\n\t\t<div id=\"accordion-2663878103-content\" class=\"accordion-inner\" aria-labelledby=\"accordion-2663878103-label\">\n\t\t\t <a href=\"https:\/\/bbqentertainment.com\/wp-content\/uploads\/2021\/11\/KJO_2019-Brochure_EnglishUK.pdf\" target=\"_blank\" rel=\"noopener\">KAMADO JOE SUUR KATALOOG<\/a> \t\t<\/div>\n\t<\/div>\n\t\u00a0<\/div>\n","protected":false},"featured_media":243715,"template":"","meta":{"inline_featured_image":false},"product_brand":[],"product_cat":[17,349,18],"product_tag":[],"class_list":{"0":"post-243704","1":"product","2":"type-product","3":"status-publish","4":"has-post-thumbnail","6":"product_cat-grillid-ja-ahjud","7":"product_cat-kamado-joe-tooted","8":"product_cat-kamado-joe","9":"product_shipping_class-ainult-ise-jarele-tulemisega","11":"first","12":"instock","13":"taxable","14":"shipping-taxable","15":"purchasable","16":"product-type-simple"},"yoast_head":"<!-- This site is optimized with the Yoast SEO plugin v27.4 - https:\/\/yoast.com\/product\/yoast-seo-wordpress\/ -->\n<title>Kamado Joe \u00ae Big I - BBQ Entertainment<\/title>\n<meta name=\"robots\" content=\"index, follow, max-snippet:-1, max-image-preview:large, max-video-preview:-1\" \/>\n<link rel=\"canonical\" href=\"https:\/\/bbqentertainment.com\/toode\/kamado-joe-big-i\/\" \/>\n<meta property=\"og:locale\" content=\"en_US\" \/>\n<meta property=\"og:type\" content=\"article\" \/>\n<meta property=\"og:title\" content=\"Kamado Joe \u00ae Big I - BBQ Entertainment\" \/>\n<meta property=\"og:description\" content=\"Kamado Joe \u00ae Big IK\u00fcsi eripakkumist! Kirjuta enn@bbqentertainment.com v\u00f5i helista 5165581.Maailma tipp-kvaliteet!Parim hinna ja kvaliteedi suhe!Vaieldamatult parim valik keraamiliste grillide valdkonnas!Big sarja grillide esimene \/ vanim mudel, teerajaja!Grillrest \u00d8 61 cm (24\u201d), ahi seest \u00d8 63 cm, ahi v\u00e4ljast \u00d8 72 cm, kaal 161 kgKeraamiline Kamado Joe grill \/ bbq ahi, mis on teerajaja Kamado grillide maailmas ja ka innovatsioonis. Ideaalse grill grillimiseks nii madalal kui k\u00f5rgel kuumusel ja ka suitsutamiseks. Grillil on on paksude seintega kuumakindel keraamiline korpus, mis lukustab endasse suitsu ja niiskuse igal temperatuuril. Mudeli Big I standardvarustusse kuulub ka mitme paneeliga keraamiline AMP tulekolle, ratastel t\u00f6\u00f6kindel tsingitud terasest alusraam ja patenteeritud v\u00e4ljat\u00f5mmatav tuhasahtel grilli lihtsamaks puhastamiseks. Samuti on Big I mudeli komplektis kaasas ka paindlikku k\u00fcpsetamist v\u00f5imaldav s\u00fcsteem \u201cDivide &amp; Conquer\u00ae\u201d.\" \/>\n<meta property=\"og:url\" content=\"https:\/\/bbqentertainment.com\/toode\/kamado-joe-big-i\/\" \/>\n<meta property=\"og:site_name\" content=\"BBQ Entertainment\" \/>\n<meta property=\"article:publisher\" content=\"https:\/\/www.facebook.com\/BBQ-Entertainment-N-Catering-2437913376443540\" \/>\n<meta property=\"article:modified_time\" content=\"2026-04-06T20:24:51+00:00\" \/>\n<meta property=\"og:image\" content=\"https:\/\/bbqentertainment.com\/wp-content\/uploads\/2024\/01\/Kamado-Joe-Big-I.jpg\" \/>\n\t<meta property=\"og:image:width\" content=\"1200\" \/>\n\t<meta property=\"og:image:height\" content=\"1200\" \/>\n\t<meta property=\"og:image:type\" content=\"image\/jpeg\" \/>\n<meta name=\"twitter:card\" content=\"summary_large_image\" \/>\n<meta name=\"twitter:label1\" content=\"Est. reading time\" \/>\n\t<meta name=\"twitter:data1\" content=\"1 minute\" \/>\n<script type=\"application\/ld+json\" class=\"yoast-schema-graph\">{\"@context\":\"https:\\\/\\\/schema.org\",\"@graph\":[{\"@type\":[\"WebPage\",\"ItemPage\"],\"@id\":\"https:\\\/\\\/bbqentertainment.com\\\/toode\\\/kamado-joe-big-i\\\/\",\"url\":\"https:\\\/\\\/bbqentertainment.com\\\/toode\\\/kamado-joe-big-i\\\/\",\"name\":\"Kamado Joe \u00ae Big I - BBQ Entertainment\",\"isPartOf\":{\"@id\":\"https:\\\/\\\/bbqentertainment.com\\\/#website\"},\"primaryImageOfPage\":{\"@id\":\"https:\\\/\\\/bbqentertainment.com\\\/toode\\\/kamado-joe-big-i\\\/#primaryimage\"},\"image\":{\"@id\":\"https:\\\/\\\/bbqentertainment.com\\\/toode\\\/kamado-joe-big-i\\\/#primaryimage\"},\"thumbnailUrl\":\"https:\\\/\\\/bbqentertainment.com\\\/wp-content\\\/uploads\\\/2024\\\/01\\\/Kamado-Joe-Big-I.jpg\",\"datePublished\":\"2024-01-05T13:10:19+00:00\",\"dateModified\":\"2026-04-06T20:24:51+00:00\",\"breadcrumb\":{\"@id\":\"https:\\\/\\\/bbqentertainment.com\\\/toode\\\/kamado-joe-big-i\\\/#breadcrumb\"},\"inLanguage\":\"en-US\",\"potentialAction\":[{\"@type\":\"ReadAction\",\"target\":[\"https:\\\/\\\/bbqentertainment.com\\\/toode\\\/kamado-joe-big-i\\\/\"]}]},{\"@type\":\"ImageObject\",\"inLanguage\":\"en-US\",\"@id\":\"https:\\\/\\\/bbqentertainment.com\\\/toode\\\/kamado-joe-big-i\\\/#primaryimage\",\"url\":\"https:\\\/\\\/bbqentertainment.com\\\/wp-content\\\/uploads\\\/2024\\\/01\\\/Kamado-Joe-Big-I.jpg\",\"contentUrl\":\"https:\\\/\\\/bbqentertainment.com\\\/wp-content\\\/uploads\\\/2024\\\/01\\\/Kamado-Joe-Big-I.jpg\",\"width\":1200,\"height\":1200},{\"@type\":\"BreadcrumbList\",\"@id\":\"https:\\\/\\\/bbqentertainment.com\\\/toode\\\/kamado-joe-big-i\\\/#breadcrumb\",\"itemListElement\":[{\"@type\":\"ListItem\",\"position\":1,\"name\":\"AVALEHT\",\"item\":\"https:\\\/\\\/bbqentertainment.com\\\/en\\\/\"},{\"@type\":\"ListItem\",\"position\":2,\"name\":\"Tooted\",\"item\":\"https:\\\/\\\/bbqentertainment.com\\\/tooted\\\/\"},{\"@type\":\"ListItem\",\"position\":3,\"name\":\"Kamado joe\",\"item\":\"https:\\\/\\\/bbqentertainment.com\\\/tootekategooria\\\/kamado-joe-tooted\\\/\"},{\"@type\":\"ListItem\",\"position\":4,\"name\":\"Kamado Joe\",\"item\":\"https:\\\/\\\/bbqentertainment.com\\\/tootekategooria\\\/kamado-joe-tooted\\\/kamado-joe\\\/\"},{\"@type\":\"ListItem\",\"position\":5,\"name\":\"Kamado Joe \u00ae Big I\"}]},{\"@type\":\"WebSite\",\"@id\":\"https:\\\/\\\/bbqentertainment.com\\\/#website\",\"url\":\"https:\\\/\\\/bbqentertainment.com\\\/\",\"name\":\"BBQ Entertainment\",\"description\":\"BBQ is a great lifestyle, not just fun!\",\"publisher\":{\"@id\":\"https:\\\/\\\/bbqentertainment.com\\\/#organization\"},\"potentialAction\":[{\"@type\":\"SearchAction\",\"target\":{\"@type\":\"EntryPoint\",\"urlTemplate\":\"https:\\\/\\\/bbqentertainment.com\\\/?s={search_term_string}\"},\"query-input\":{\"@type\":\"PropertyValueSpecification\",\"valueRequired\":true,\"valueName\":\"search_term_string\"}}],\"inLanguage\":\"en-US\"},{\"@type\":\"Organization\",\"@id\":\"https:\\\/\\\/bbqentertainment.com\\\/#organization\",\"name\":\"BBQ Entertainment O\u00dc\",\"url\":\"https:\\\/\\\/bbqentertainment.com\\\/\",\"logo\":{\"@type\":\"ImageObject\",\"inLanguage\":\"en-US\",\"@id\":\"https:\\\/\\\/bbqentertainment.com\\\/#\\\/schema\\\/logo\\\/image\\\/\",\"url\":\"https:\\\/\\\/bbqentertainment.com\\\/wp-content\\\/uploads\\\/2020\\\/04\\\/BBQ-Entertainment-N-Catering-Enn-Tobreluts-Logo.png\",\"contentUrl\":\"https:\\\/\\\/bbqentertainment.com\\\/wp-content\\\/uploads\\\/2020\\\/04\\\/BBQ-Entertainment-N-Catering-Enn-Tobreluts-Logo.png\",\"width\":628,\"height\":266,\"caption\":\"BBQ Entertainment O\u00dc\"},\"image\":{\"@id\":\"https:\\\/\\\/bbqentertainment.com\\\/#\\\/schema\\\/logo\\\/image\\\/\"},\"sameAs\":[\"https:\\\/\\\/www.facebook.com\\\/BBQ-Entertainment-N-Catering-2437913376443540\",\"https:\\\/\\\/www.instagram.com\\\/bbqentertainmentncatering\\\/\",\"https:\\\/\\\/www.youtube.com\\\/channel\\\/UCmpuANQVhLy2Md8nrenp2jA\"]}]}<\/script>\n<!-- \/ Yoast SEO plugin. -->","yoast_head_json":{"title":"Kamado Joe \u00ae Big I - BBQ Entertainment","robots":{"index":"index","follow":"follow","max-snippet":"max-snippet:-1","max-image-preview":"max-image-preview:large","max-video-preview":"max-video-preview:-1"},"canonical":"https:\/\/bbqentertainment.com\/toode\/kamado-joe-big-i\/","og_locale":"en_US","og_type":"article","og_title":"Kamado Joe \u00ae Big I - BBQ Entertainment","og_description":"Kamado Joe \u00ae Big IK\u00fcsi eripakkumist! Kirjuta enn@bbqentertainment.com v\u00f5i helista 5165581.Maailma tipp-kvaliteet!Parim hinna ja kvaliteedi suhe!Vaieldamatult parim valik keraamiliste grillide valdkonnas!Big sarja grillide esimene \/ vanim mudel, teerajaja!Grillrest \u00d8 61 cm (24\u201d), ahi seest \u00d8 63 cm, ahi v\u00e4ljast \u00d8 72 cm, kaal 161 kgKeraamiline Kamado Joe grill \/ bbq ahi, mis on teerajaja Kamado grillide maailmas ja ka innovatsioonis. Ideaalse grill grillimiseks nii madalal kui k\u00f5rgel kuumusel ja ka suitsutamiseks. Grillil on on paksude seintega kuumakindel keraamiline korpus, mis lukustab endasse suitsu ja niiskuse igal temperatuuril. Mudeli Big I standardvarustusse kuulub ka mitme paneeliga keraamiline AMP tulekolle, ratastel t\u00f6\u00f6kindel tsingitud terasest alusraam ja patenteeritud v\u00e4ljat\u00f5mmatav tuhasahtel grilli lihtsamaks puhastamiseks. Samuti on Big I mudeli komplektis kaasas ka paindlikku k\u00fcpsetamist v\u00f5imaldav s\u00fcsteem \u201cDivide &amp; Conquer\u00ae\u201d.","og_url":"https:\/\/bbqentertainment.com\/toode\/kamado-joe-big-i\/","og_site_name":"BBQ Entertainment","article_publisher":"https:\/\/www.facebook.com\/BBQ-Entertainment-N-Catering-2437913376443540","article_modified_time":"2026-04-06T20:24:51+00:00","og_image":[{"width":1200,"height":1200,"url":"https:\/\/bbqentertainment.com\/wp-content\/uploads\/2024\/01\/Kamado-Joe-Big-I.jpg","type":"image\/jpeg"}],"twitter_card":"summary_large_image","twitter_misc":{"Est. reading time":"1 minute"},"schema":{"@context":"https:\/\/schema.org","@graph":[{"@type":["WebPage","ItemPage"],"@id":"https:\/\/bbqentertainment.com\/toode\/kamado-joe-big-i\/","url":"https:\/\/bbqentertainment.com\/toode\/kamado-joe-big-i\/","name":"Kamado Joe \u00ae Big I - BBQ Entertainment","isPartOf":{"@id":"https:\/\/bbqentertainment.com\/#website"},"primaryImageOfPage":{"@id":"https:\/\/bbqentertainment.com\/toode\/kamado-joe-big-i\/#primaryimage"},"image":{"@id":"https:\/\/bbqentertainment.com\/toode\/kamado-joe-big-i\/#primaryimage"},"thumbnailUrl":"https:\/\/bbqentertainment.com\/wp-content\/uploads\/2024\/01\/Kamado-Joe-Big-I.jpg","datePublished":"2024-01-05T13:10:19+00:00","dateModified":"2026-04-06T20:24:51+00:00","breadcrumb":{"@id":"https:\/\/bbqentertainment.com\/toode\/kamado-joe-big-i\/#breadcrumb"},"inLanguage":"en-US","potentialAction":[{"@type":"ReadAction","target":["https:\/\/bbqentertainment.com\/toode\/kamado-joe-big-i\/"]}]},{"@type":"ImageObject","inLanguage":"en-US","@id":"https:\/\/bbqentertainment.com\/toode\/kamado-joe-big-i\/#primaryimage","url":"https:\/\/bbqentertainment.com\/wp-content\/uploads\/2024\/01\/Kamado-Joe-Big-I.jpg","contentUrl":"https:\/\/bbqentertainment.com\/wp-content\/uploads\/2024\/01\/Kamado-Joe-Big-I.jpg","width":1200,"height":1200},{"@type":"BreadcrumbList","@id":"https:\/\/bbqentertainment.com\/toode\/kamado-joe-big-i\/#breadcrumb","itemListElement":[{"@type":"ListItem","position":1,"name":"AVALEHT","item":"https:\/\/bbqentertainment.com\/en\/"},{"@type":"ListItem","position":2,"name":"Tooted","item":"https:\/\/bbqentertainment.com\/tooted\/"},{"@type":"ListItem","position":3,"name":"Kamado joe","item":"https:\/\/bbqentertainment.com\/tootekategooria\/kamado-joe-tooted\/"},{"@type":"ListItem","position":4,"name":"Kamado Joe","item":"https:\/\/bbqentertainment.com\/tootekategooria\/kamado-joe-tooted\/kamado-joe\/"},{"@type":"ListItem","position":5,"name":"Kamado Joe \u00ae Big I"}]},{"@type":"WebSite","@id":"https:\/\/bbqentertainment.com\/#website","url":"https:\/\/bbqentertainment.com\/","name":"BBQ Entertainment","description":"BBQ is a great lifestyle, not just fun!","publisher":{"@id":"https:\/\/bbqentertainment.com\/#organization"},"potentialAction":[{"@type":"SearchAction","target":{"@type":"EntryPoint","urlTemplate":"https:\/\/bbqentertainment.com\/?s={search_term_string}"},"query-input":{"@type":"PropertyValueSpecification","valueRequired":true,"valueName":"search_term_string"}}],"inLanguage":"en-US"},{"@type":"Organization","@id":"https:\/\/bbqentertainment.com\/#organization","name":"BBQ Entertainment O\u00dc","url":"https:\/\/bbqentertainment.com\/","logo":{"@type":"ImageObject","inLanguage":"en-US","@id":"https:\/\/bbqentertainment.com\/#\/schema\/logo\/image\/","url":"https:\/\/bbqentertainment.com\/wp-content\/uploads\/2020\/04\/BBQ-Entertainment-N-Catering-Enn-Tobreluts-Logo.png","contentUrl":"https:\/\/bbqentertainment.com\/wp-content\/uploads\/2020\/04\/BBQ-Entertainment-N-Catering-Enn-Tobreluts-Logo.png","width":628,"height":266,"caption":"BBQ Entertainment O\u00dc"},"image":{"@id":"https:\/\/bbqentertainment.com\/#\/schema\/logo\/image\/"},"sameAs":["https:\/\/www.facebook.com\/BBQ-Entertainment-N-Catering-2437913376443540","https:\/\/www.instagram.com\/bbqentertainmentncatering\/","https:\/\/www.youtube.com\/channel\/UCmpuANQVhLy2Md8nrenp2jA"]}]}},"_links":{"self":[{"href":"https:\/\/bbqentertainment.com\/en\/wp-json\/wp\/v2\/product\/243704","targetHints":{"allow":["GET"]}}],"collection":[{"href":"https:\/\/bbqentertainment.com\/en\/wp-json\/wp\/v2\/product"}],"about":[{"href":"https:\/\/bbqentertainment.com\/en\/wp-json\/wp\/v2\/types\/product"}],"wp:featuredmedia":[{"embeddable":true,"href":"https:\/\/bbqentertainment.com\/en\/wp-json\/wp\/v2\/media\/243715"}],"wp:attachment":[{"href":"https:\/\/bbqentertainment.com\/en\/wp-json\/wp\/v2\/media?parent=243704"}],"wp:term":[{"taxonomy":"product_brand","embeddable":true,"href":"https:\/\/bbqentertainment.com\/en\/wp-json\/wp\/v2\/product_brand?post=243704"},{"taxonomy":"product_cat","embeddable":true,"href":"https:\/\/bbqentertainment.com\/en\/wp-json\/wp\/v2\/product_cat?post=243704"},{"taxonomy":"product_tag","embeddable":true,"href":"https:\/\/bbqentertainment.com\/en\/wp-json\/wp\/v2\/product_tag?post=243704"}],"curies":[{"name":"wp","href":"https:\/\/api.w.org\/{rel}","templated":true}]}}