{"id":243868,"date":"2024-01-21T03:34:20","date_gmt":"2024-01-21T01:34:20","guid":{"rendered":"https:\/\/bbqentertainment.com\/?post_type=product&#038;p=243868"},"modified":"2025-07-25T13:45:34","modified_gmt":"2025-07-25T10:45:34","slug":"maldon-himaalaja-roosa-kivisool-250g","status":"publish","type":"product","link":"https:\/\/bbqentertainment.com\/en\/toode\/maldon-himaalaja-roosa-kivisool-250g\/","title":{"rendered":"Maldon HIMAALAJA ROOSA kivisool 250g"},"content":{"rendered":"<p><span style=\"color: #000000;\"><strong>BBQ Entertainment O\u00dc on MALDON SALT COMPANY ametlik eksklusiivne maaletooja Eestis!<\/strong><\/span><\/p>\n<p><span style=\"color: #000000;\">Alates 1882-st aastast on Osborne perefirma Maldon Salt Company Limited tootnud maailmas enim hinnatud looduslikke meresoolahelbeid. Maldoni helvessoolad on heaks kiidetud\u00a0&#8220;Organic Food Federation&#8221;-i poolt ja omavad Kosher&#8217;i sertifikaati. Maldon soolad on saadaval sisuliselt \u00fcle maailma ja see on kvaliteedi absoluutne tipptase!<\/span><\/p>\n<ul>\n<li><span style=\"color: #000000;\">Maldon sobib liha, kala, mereandide, juurviljade, kastmete, suppide ja marinaadide maitsestamiseks. Kuid seda kasutatakse eesk\u00e4tt just toidule l\u00f5ppmaitse andmiseks, sh n\u00e4iteks vahetult enne s\u00f6\u00f6mist lihale raputamiseks.<\/span><\/li>\n<li><span style=\"color: #000000;\">Maldoni soolahelbed vabastavad oma soolasuse kergelt magusa n\u00fcansiga ja lisavad toidule veel \u00fche kihi m\u00f5nusat tekstuuri ja suussulavat kr\u00f5mpsust.<\/span><\/li>\n<li><span style=\"color: #000000;\">Maldoni pehmed kr\u00f5mpsuvad ime\u00f5hukesed soolahelbed on v\u00e4rske intensiivsusega ja puhta maitsega, mis sisaldab looduslike mineraalide t\u00e4iuslikku tasakaalu, et t\u00e4iustada igat rooga!<\/span><\/li>\n<li><span style=\"color: #000000;\">Maldoni helvessoola kasutades tarbite soola v\u00e4hem kui muidu, sest soolahelbed on ime\u00f5hukesed ja neid lisatakse lihale eesk\u00e4tt peale liha grillimist\/praadimist (vahetult enne s\u00f6\u00f6mist), mist\u00f5ttu lisatav soolakogus on \u00fcldiselt palju v\u00e4iksem. Helvessoola kr\u00f5mpsumine suus avab ka meie maitsemeeled ja liha (toit) maitseb nii oluliselt paremini.<\/span><\/li>\n<\/ul>\n<p><span style=\"color: #000000;\">Maldoni soolade kasutamine on ka Eestis muutunud j\u00e4rjest populaarsemaks.<\/span><\/p>\n","protected":false},"excerpt":{"rendered":"<h3><span style=\"color: #000000;\"><strong>Maldon HIMAALAJA ROOSA kivisool 250g<\/strong><\/span><\/h3>\n<ul>\n<li><span style=\"color: #000000;\">Maailma parim ainulaadne kvaliteet!<\/span><\/li>\n<li><span style=\"color: #000000;\">Toodetud Inglismaal (Maldon alates aastast 1882)<\/span><\/li>\n<li><span style=\"color: #000000;\">P\u00e4ritolumaa: Pakistan (Himaalaja)<\/span><\/li>\n<li><span style=\"color: #000000;\">Koostisosad: Himaalaja roosa kivisool (100%)<\/span><\/li>\n<li><span style=\"color: #000000;\">V\u00e4limus: erinevad kivisoolav\u00e4rvid l\u00e4bipaistvast tumeroosani, j\u00e4medad graanulid 2-5 mm.<\/span><\/li>\n<li><span style=\"color: #000000;\">Roosad j\u00e4medad soolakristallid Himaalaja piirkonnast Pakistanis.<\/span><\/li>\n<li><span style=\"color: #000000;\">Maldoni poolt valitud Himaalaja roosa kivisool on ideaalne valik nii kodukokale kui ka professionaalsetele kokkadele. Maldoni kogenud eksperdid on valinud selle roosa kivisoola Himaalaja n\u00f5lvadelt, mida on hinnatud sajandeid. Avasta Himaalaja v\u00f5lumaailm Maldoni Himaalaja roosa soolaga ja avasta oma k\u00f6\u00f6gis autentsete v\u00f5imaluste maailm!<\/span><\/li>\n<li><span style=\"color: #000000;\">Maldon Salt Company on kuningliku perekonna ametlik meresoola hankija alates 2012. aastast!<\/span><\/li>\n<\/ul>\n<p>&nbsp;<\/p>\n","protected":false},"featured_media":243850,"template":"","meta":{"inline_featured_image":false},"product_brand":[],"product_cat":[28,31],"product_tag":[],"class_list":{"0":"post-243868","1":"product","2":"type-product","3":"status-publish","4":"has-post-thumbnail","6":"product_cat-maitseandjad","7":"product_cat-maldon-helvessool","9":"first","10":"instock","11":"taxable","12":"shipping-taxable","13":"purchasable","14":"product-type-simple"},"yoast_head":"<!-- This site is optimized with the Yoast SEO plugin v27.4 - https:\/\/yoast.com\/product\/yoast-seo-wordpress\/ -->\n<title>Maldon HIMAALAJA ROOSA kivisool 250g - BBQ Entertainment<\/title>\n<meta name=\"robots\" content=\"index, follow, max-snippet:-1, max-image-preview:large, max-video-preview:-1\" \/>\n<link rel=\"canonical\" href=\"https:\/\/bbqentertainment.com\/toode\/maldon-himaalaja-roosa-kivisool-250g\/\" \/>\n<meta property=\"og:locale\" content=\"en_US\" \/>\n<meta property=\"og:type\" content=\"article\" \/>\n<meta property=\"og:title\" content=\"Maldon HIMAALAJA ROOSA kivisool 250g - BBQ Entertainment\" \/>\n<meta property=\"og:description\" content=\"Maldon HIMAALAJA ROOSA kivisool 250g   Maailma parim ainulaadne kvaliteet!  Toodetud Inglismaal (Maldon alates aastast 1882)  P\u00e4ritolumaa: Pakistan (Himaalaja)  Koostisosad: Himaalaja roosa kivisool (100%)  V\u00e4limus: erinevad kivisoolav\u00e4rvid l\u00e4bipaistvast tumeroosani, j\u00e4medad graanulid 2-5 mm.  Roosad j\u00e4medad soolakristallid Himaalaja piirkonnast Pakistanis.  Maldoni poolt valitud Himaalaja roosa kivisool on ideaalne valik nii kodukokale kui ka professionaalsetele kokkadele. Maldoni kogenud eksperdid on valinud selle roosa kivisoola Himaalaja n\u00f5lvadelt, mida on hinnatud sajandeid. Avasta Himaalaja v\u00f5lumaailm Maldoni Himaalaja roosa soolaga ja avasta oma k\u00f6\u00f6gis autentsete v\u00f5imaluste maailm!  Maldon Salt Company on kuningliku perekonna ametlik meresoola hankija alates 2012. aastast!  &nbsp;\" \/>\n<meta property=\"og:url\" content=\"https:\/\/bbqentertainment.com\/toode\/maldon-himaalaja-roosa-kivisool-250g\/\" \/>\n<meta property=\"og:site_name\" content=\"BBQ Entertainment\" \/>\n<meta property=\"article:publisher\" content=\"https:\/\/www.facebook.com\/BBQ-Entertainment-N-Catering-2437913376443540\" \/>\n<meta property=\"article:modified_time\" content=\"2025-07-25T10:45:34+00:00\" \/>\n<meta property=\"og:image\" content=\"https:\/\/bbqentertainment.com\/wp-content\/uploads\/2024\/01\/5011428000461-Maldon-HIMAALAJA-ROOSA-kivisool-250g.jpg\" \/>\n\t<meta property=\"og:image:width\" content=\"1200\" \/>\n\t<meta property=\"og:image:height\" content=\"1200\" \/>\n\t<meta property=\"og:image:type\" content=\"image\/jpeg\" \/>\n<meta name=\"twitter:card\" content=\"summary_large_image\" \/>\n<meta name=\"twitter:label1\" content=\"Est. reading time\" \/>\n\t<meta name=\"twitter:data1\" content=\"2 minutes\" \/>\n<script type=\"application\/ld+json\" class=\"yoast-schema-graph\">{\"@context\":\"https:\\\/\\\/schema.org\",\"@graph\":[{\"@type\":[\"WebPage\",\"ItemPage\"],\"@id\":\"https:\\\/\\\/bbqentertainment.com\\\/toode\\\/maldon-himaalaja-roosa-kivisool-250g\\\/\",\"url\":\"https:\\\/\\\/bbqentertainment.com\\\/toode\\\/maldon-himaalaja-roosa-kivisool-250g\\\/\",\"name\":\"Maldon HIMAALAJA ROOSA kivisool 250g - BBQ Entertainment\",\"isPartOf\":{\"@id\":\"https:\\\/\\\/bbqentertainment.com\\\/#website\"},\"primaryImageOfPage\":{\"@id\":\"https:\\\/\\\/bbqentertainment.com\\\/toode\\\/maldon-himaalaja-roosa-kivisool-250g\\\/#primaryimage\"},\"image\":{\"@id\":\"https:\\\/\\\/bbqentertainment.com\\\/toode\\\/maldon-himaalaja-roosa-kivisool-250g\\\/#primaryimage\"},\"thumbnailUrl\":\"https:\\\/\\\/bbqentertainment.com\\\/wp-content\\\/uploads\\\/2024\\\/01\\\/5011428000461-Maldon-HIMAALAJA-ROOSA-kivisool-250g.jpg\",\"datePublished\":\"2024-01-21T01:34:20+00:00\",\"dateModified\":\"2025-07-25T10:45:34+00:00\",\"breadcrumb\":{\"@id\":\"https:\\\/\\\/bbqentertainment.com\\\/toode\\\/maldon-himaalaja-roosa-kivisool-250g\\\/#breadcrumb\"},\"inLanguage\":\"en-US\",\"potentialAction\":[{\"@type\":\"ReadAction\",\"target\":[\"https:\\\/\\\/bbqentertainment.com\\\/toode\\\/maldon-himaalaja-roosa-kivisool-250g\\\/\"]}]},{\"@type\":\"ImageObject\",\"inLanguage\":\"en-US\",\"@id\":\"https:\\\/\\\/bbqentertainment.com\\\/toode\\\/maldon-himaalaja-roosa-kivisool-250g\\\/#primaryimage\",\"url\":\"https:\\\/\\\/bbqentertainment.com\\\/wp-content\\\/uploads\\\/2024\\\/01\\\/5011428000461-Maldon-HIMAALAJA-ROOSA-kivisool-250g.jpg\",\"contentUrl\":\"https:\\\/\\\/bbqentertainment.com\\\/wp-content\\\/uploads\\\/2024\\\/01\\\/5011428000461-Maldon-HIMAALAJA-ROOSA-kivisool-250g.jpg\",\"width\":1200,\"height\":1200},{\"@type\":\"BreadcrumbList\",\"@id\":\"https:\\\/\\\/bbqentertainment.com\\\/toode\\\/maldon-himaalaja-roosa-kivisool-250g\\\/#breadcrumb\",\"itemListElement\":[{\"@type\":\"ListItem\",\"position\":1,\"name\":\"AVALEHT\",\"item\":\"https:\\\/\\\/bbqentertainment.com\\\/en\\\/\"},{\"@type\":\"ListItem\",\"position\":2,\"name\":\"Tooted\",\"item\":\"https:\\\/\\\/bbqentertainment.com\\\/tooted\\\/\"},{\"@type\":\"ListItem\",\"position\":3,\"name\":\"Maitseandjad\",\"item\":\"https:\\\/\\\/bbqentertainment.com\\\/en\\\/tootekategooria\\\/maitseandjad\\\/\"},{\"@type\":\"ListItem\",\"position\":4,\"name\":\"Maldon helvessool\",\"item\":\"https:\\\/\\\/bbqentertainment.com\\\/tootekategooria\\\/maitseandjad\\\/maldon-helvessool\\\/\"},{\"@type\":\"ListItem\",\"position\":5,\"name\":\"Maldon HIMAALAJA ROOSA kivisool 250g\"}]},{\"@type\":\"WebSite\",\"@id\":\"https:\\\/\\\/bbqentertainment.com\\\/#website\",\"url\":\"https:\\\/\\\/bbqentertainment.com\\\/\",\"name\":\"BBQ Entertainment\",\"description\":\"BBQ is a great lifestyle, not just fun!\",\"publisher\":{\"@id\":\"https:\\\/\\\/bbqentertainment.com\\\/#organization\"},\"potentialAction\":[{\"@type\":\"SearchAction\",\"target\":{\"@type\":\"EntryPoint\",\"urlTemplate\":\"https:\\\/\\\/bbqentertainment.com\\\/?s={search_term_string}\"},\"query-input\":{\"@type\":\"PropertyValueSpecification\",\"valueRequired\":true,\"valueName\":\"search_term_string\"}}],\"inLanguage\":\"en-US\"},{\"@type\":\"Organization\",\"@id\":\"https:\\\/\\\/bbqentertainment.com\\\/#organization\",\"name\":\"BBQ Entertainment O\u00dc\",\"url\":\"https:\\\/\\\/bbqentertainment.com\\\/\",\"logo\":{\"@type\":\"ImageObject\",\"inLanguage\":\"en-US\",\"@id\":\"https:\\\/\\\/bbqentertainment.com\\\/#\\\/schema\\\/logo\\\/image\\\/\",\"url\":\"https:\\\/\\\/bbqentertainment.com\\\/wp-content\\\/uploads\\\/2020\\\/04\\\/BBQ-Entertainment-N-Catering-Enn-Tobreluts-Logo.png\",\"contentUrl\":\"https:\\\/\\\/bbqentertainment.com\\\/wp-content\\\/uploads\\\/2020\\\/04\\\/BBQ-Entertainment-N-Catering-Enn-Tobreluts-Logo.png\",\"width\":628,\"height\":266,\"caption\":\"BBQ Entertainment O\u00dc\"},\"image\":{\"@id\":\"https:\\\/\\\/bbqentertainment.com\\\/#\\\/schema\\\/logo\\\/image\\\/\"},\"sameAs\":[\"https:\\\/\\\/www.facebook.com\\\/BBQ-Entertainment-N-Catering-2437913376443540\",\"https:\\\/\\\/www.instagram.com\\\/bbqentertainmentncatering\\\/\",\"https:\\\/\\\/www.youtube.com\\\/channel\\\/UCmpuANQVhLy2Md8nrenp2jA\"]}]}<\/script>\n<!-- \/ Yoast SEO plugin. -->","yoast_head_json":{"title":"Maldon HIMAALAJA ROOSA kivisool 250g - BBQ Entertainment","robots":{"index":"index","follow":"follow","max-snippet":"max-snippet:-1","max-image-preview":"max-image-preview:large","max-video-preview":"max-video-preview:-1"},"canonical":"https:\/\/bbqentertainment.com\/toode\/maldon-himaalaja-roosa-kivisool-250g\/","og_locale":"en_US","og_type":"article","og_title":"Maldon HIMAALAJA ROOSA kivisool 250g - BBQ Entertainment","og_description":"Maldon HIMAALAJA ROOSA kivisool 250g   Maailma parim ainulaadne kvaliteet!  Toodetud Inglismaal (Maldon alates aastast 1882)  P\u00e4ritolumaa: Pakistan (Himaalaja)  Koostisosad: Himaalaja roosa kivisool (100%)  V\u00e4limus: erinevad kivisoolav\u00e4rvid l\u00e4bipaistvast tumeroosani, j\u00e4medad graanulid 2-5 mm.  Roosad j\u00e4medad soolakristallid Himaalaja piirkonnast Pakistanis.  Maldoni poolt valitud Himaalaja roosa kivisool on ideaalne valik nii kodukokale kui ka professionaalsetele kokkadele. Maldoni kogenud eksperdid on valinud selle roosa kivisoola Himaalaja n\u00f5lvadelt, mida on hinnatud sajandeid. Avasta Himaalaja v\u00f5lumaailm Maldoni Himaalaja roosa soolaga ja avasta oma k\u00f6\u00f6gis autentsete v\u00f5imaluste maailm!  Maldon Salt Company on kuningliku perekonna ametlik meresoola hankija alates 2012. aastast!  &nbsp;","og_url":"https:\/\/bbqentertainment.com\/toode\/maldon-himaalaja-roosa-kivisool-250g\/","og_site_name":"BBQ Entertainment","article_publisher":"https:\/\/www.facebook.com\/BBQ-Entertainment-N-Catering-2437913376443540","article_modified_time":"2025-07-25T10:45:34+00:00","og_image":[{"width":1200,"height":1200,"url":"https:\/\/bbqentertainment.com\/wp-content\/uploads\/2024\/01\/5011428000461-Maldon-HIMAALAJA-ROOSA-kivisool-250g.jpg","type":"image\/jpeg"}],"twitter_card":"summary_large_image","twitter_misc":{"Est. reading time":"2 minutes"},"schema":{"@context":"https:\/\/schema.org","@graph":[{"@type":["WebPage","ItemPage"],"@id":"https:\/\/bbqentertainment.com\/toode\/maldon-himaalaja-roosa-kivisool-250g\/","url":"https:\/\/bbqentertainment.com\/toode\/maldon-himaalaja-roosa-kivisool-250g\/","name":"Maldon HIMAALAJA ROOSA kivisool 250g - BBQ Entertainment","isPartOf":{"@id":"https:\/\/bbqentertainment.com\/#website"},"primaryImageOfPage":{"@id":"https:\/\/bbqentertainment.com\/toode\/maldon-himaalaja-roosa-kivisool-250g\/#primaryimage"},"image":{"@id":"https:\/\/bbqentertainment.com\/toode\/maldon-himaalaja-roosa-kivisool-250g\/#primaryimage"},"thumbnailUrl":"https:\/\/bbqentertainment.com\/wp-content\/uploads\/2024\/01\/5011428000461-Maldon-HIMAALAJA-ROOSA-kivisool-250g.jpg","datePublished":"2024-01-21T01:34:20+00:00","dateModified":"2025-07-25T10:45:34+00:00","breadcrumb":{"@id":"https:\/\/bbqentertainment.com\/toode\/maldon-himaalaja-roosa-kivisool-250g\/#breadcrumb"},"inLanguage":"en-US","potentialAction":[{"@type":"ReadAction","target":["https:\/\/bbqentertainment.com\/toode\/maldon-himaalaja-roosa-kivisool-250g\/"]}]},{"@type":"ImageObject","inLanguage":"en-US","@id":"https:\/\/bbqentertainment.com\/toode\/maldon-himaalaja-roosa-kivisool-250g\/#primaryimage","url":"https:\/\/bbqentertainment.com\/wp-content\/uploads\/2024\/01\/5011428000461-Maldon-HIMAALAJA-ROOSA-kivisool-250g.jpg","contentUrl":"https:\/\/bbqentertainment.com\/wp-content\/uploads\/2024\/01\/5011428000461-Maldon-HIMAALAJA-ROOSA-kivisool-250g.jpg","width":1200,"height":1200},{"@type":"BreadcrumbList","@id":"https:\/\/bbqentertainment.com\/toode\/maldon-himaalaja-roosa-kivisool-250g\/#breadcrumb","itemListElement":[{"@type":"ListItem","position":1,"name":"AVALEHT","item":"https:\/\/bbqentertainment.com\/en\/"},{"@type":"ListItem","position":2,"name":"Tooted","item":"https:\/\/bbqentertainment.com\/tooted\/"},{"@type":"ListItem","position":3,"name":"Maitseandjad","item":"https:\/\/bbqentertainment.com\/en\/tootekategooria\/maitseandjad\/"},{"@type":"ListItem","position":4,"name":"Maldon helvessool","item":"https:\/\/bbqentertainment.com\/tootekategooria\/maitseandjad\/maldon-helvessool\/"},{"@type":"ListItem","position":5,"name":"Maldon HIMAALAJA ROOSA kivisool 250g"}]},{"@type":"WebSite","@id":"https:\/\/bbqentertainment.com\/#website","url":"https:\/\/bbqentertainment.com\/","name":"BBQ Entertainment","description":"BBQ is a great lifestyle, not just fun!","publisher":{"@id":"https:\/\/bbqentertainment.com\/#organization"},"potentialAction":[{"@type":"SearchAction","target":{"@type":"EntryPoint","urlTemplate":"https:\/\/bbqentertainment.com\/?s={search_term_string}"},"query-input":{"@type":"PropertyValueSpecification","valueRequired":true,"valueName":"search_term_string"}}],"inLanguage":"en-US"},{"@type":"Organization","@id":"https:\/\/bbqentertainment.com\/#organization","name":"BBQ Entertainment O\u00dc","url":"https:\/\/bbqentertainment.com\/","logo":{"@type":"ImageObject","inLanguage":"en-US","@id":"https:\/\/bbqentertainment.com\/#\/schema\/logo\/image\/","url":"https:\/\/bbqentertainment.com\/wp-content\/uploads\/2020\/04\/BBQ-Entertainment-N-Catering-Enn-Tobreluts-Logo.png","contentUrl":"https:\/\/bbqentertainment.com\/wp-content\/uploads\/2020\/04\/BBQ-Entertainment-N-Catering-Enn-Tobreluts-Logo.png","width":628,"height":266,"caption":"BBQ Entertainment O\u00dc"},"image":{"@id":"https:\/\/bbqentertainment.com\/#\/schema\/logo\/image\/"},"sameAs":["https:\/\/www.facebook.com\/BBQ-Entertainment-N-Catering-2437913376443540","https:\/\/www.instagram.com\/bbqentertainmentncatering\/","https:\/\/www.youtube.com\/channel\/UCmpuANQVhLy2Md8nrenp2jA"]}]}},"_links":{"self":[{"href":"https:\/\/bbqentertainment.com\/en\/wp-json\/wp\/v2\/product\/243868","targetHints":{"allow":["GET"]}}],"collection":[{"href":"https:\/\/bbqentertainment.com\/en\/wp-json\/wp\/v2\/product"}],"about":[{"href":"https:\/\/bbqentertainment.com\/en\/wp-json\/wp\/v2\/types\/product"}],"wp:featuredmedia":[{"embeddable":true,"href":"https:\/\/bbqentertainment.com\/en\/wp-json\/wp\/v2\/media\/243850"}],"wp:attachment":[{"href":"https:\/\/bbqentertainment.com\/en\/wp-json\/wp\/v2\/media?parent=243868"}],"wp:term":[{"taxonomy":"product_brand","embeddable":true,"href":"https:\/\/bbqentertainment.com\/en\/wp-json\/wp\/v2\/product_brand?post=243868"},{"taxonomy":"product_cat","embeddable":true,"href":"https:\/\/bbqentertainment.com\/en\/wp-json\/wp\/v2\/product_cat?post=243868"},{"taxonomy":"product_tag","embeddable":true,"href":"https:\/\/bbqentertainment.com\/en\/wp-json\/wp\/v2\/product_tag?post=243868"}],"curies":[{"name":"wp","href":"https:\/\/api.w.org\/{rel}","templated":true}]}}