{"id":244279,"date":"2024-01-30T11:50:38","date_gmt":"2024-01-30T09:50:38","guid":{"rendered":"https:\/\/bbqentertainment.com\/?post_type=product&#038;p=244279"},"modified":"2026-04-06T12:26:39","modified_gmt":"2026-04-06T09:26:39","slug":"napoleon-cherry-kirsipuust-suitsulaastud","status":"publish","type":"product","link":"https:\/\/bbqentertainment.com\/en\/toode\/napoleon-cherry-kirsipuust-suitsulaastud\/","title":{"rendered":"Napoleon puidulaastud &#8211; KIRSS 700g"},"content":{"rendered":"<h3 data-start=\"1791\" data-end=\"1838\"><strong data-start=\"1795\" data-end=\"1838\">Kasutusjuhend\u00a0<\/strong><\/h3>\n<p data-start=\"1840\" data-end=\"2380\">Enne kasutamist leota laaste v\u00e4hemalt 30 minutit vees. Soovi korral v\u00f5id kasutada maitse andmiseks \u00f5una- v\u00f5i ananassimahla, \u00f5lut, punast v\u00f5i valget veini v\u00f5i siidrit. P\u00e4rast leotamist n\u00f5ruta laastud ja aseta need Napoleoni suitsukarpi. Seej\u00e4rel paiguta karp grilli kolmnurksele kuumusejagajale. Kui sinu grillil on sisseehitatud suitsusahtel, kasuta seda. Suitsuahjus aseta laastud otse alusplaadile. Kui suits hakkab tekkima, aseta toit grillile ja sulge kaas. Parima suitsumaitse saavutamiseks hoia grilli temperatuur v\u00f5imalikult madalal.<\/p>\n","protected":false},"excerpt":{"rendered":"<h3 class=\"woocommerce-product-details__short-description\">Napoleon puidulaastud &#8211; KIRSS 700g<\/h3>\n<div class=\"woocommerce-product-details__short-description\">\n<p data-start=\"716\" data-end=\"846\" data-is-last-node=\"\" data-is-only-node=\"\">Kirsipuu laastud annavad puuviljase ja kergelt hapuka suitsumaitse, mis sobib punase lihaga nagu veise- ja p\u00f5draliha. Samuti sobib kodulindude, sealiha, k\u00f6\u00f6giviljade ja puuviljade suitsutamiseks. Maitse on peen, kuid selgelt eristuv.<\/p>\n<h3 data-start=\"2387\" data-end=\"2405\"><strong data-start=\"2391\" data-end=\"2403\">Omadused<\/strong><\/h3>\n<ul data-start=\"2406\" data-end=\"2645\">\n<li data-start=\"2406\" data-end=\"2440\">100% looduslikud suitsulaastud<\/li>\n<li data-start=\"2441\" data-end=\"2463\">Pakendi kaal 700 g<\/li>\n<li data-start=\"2464\" data-end=\"2517\">Sobib gaasi- ja s\u00f6egrillidele ning suitsuahjudele<\/li>\n<li data-start=\"2518\" data-end=\"2581\">Kasutatav koos suitsukarbi v\u00f5i sisseehitatud suitsusahtliga<\/li>\n<li data-start=\"2582\" data-end=\"2645\">T\u00e4iustab erinevate lihade, kala ja taimsete toitude maitset<\/li>\n<\/ul>\n<\/div>\n","protected":false},"featured_media":244282,"template":"","meta":{"inline_featured_image":false},"product_brand":[],"product_cat":[562,26],"product_tag":[],"class_list":{"0":"post-244279","1":"product","2":"type-product","3":"status-publish","4":"has-post-thumbnail","6":"product_cat-lisatarvikud-napoleon","7":"product_cat-puidulaastud-ja-tukid","9":"first","10":"instock","11":"taxable","12":"shipping-taxable","13":"purchasable","14":"product-type-simple"},"yoast_head":"<!-- This site is optimized with the Yoast SEO plugin v27.4 - https:\/\/yoast.com\/product\/yoast-seo-wordpress\/ -->\n<title>Napoleon puidulaastud - KIRSS 700g - BBQ Entertainment<\/title>\n<meta name=\"robots\" content=\"index, follow, max-snippet:-1, max-image-preview:large, max-video-preview:-1\" \/>\n<link rel=\"canonical\" href=\"https:\/\/bbqentertainment.com\/toode\/napoleon-cherry-kirsipuust-suitsulaastud\/\" \/>\n<meta property=\"og:locale\" content=\"en_US\" \/>\n<meta property=\"og:type\" content=\"article\" \/>\n<meta property=\"og:title\" content=\"Napoleon puidulaastud - KIRSS 700g - BBQ Entertainment\" \/>\n<meta property=\"og:description\" content=\"Napoleon puidulaastud - KIRSS 700g  Kirsipuu laastud annavad puuviljase ja kergelt hapuka suitsumaitse, mis sobib punase lihaga nagu veise- ja p\u00f5draliha. Samuti sobib kodulindude, sealiha, k\u00f6\u00f6giviljade ja puuviljade suitsutamiseks. Maitse on peen, kuid selgelt eristuv.  Omadused   100% looduslikud suitsulaastud  Pakendi kaal 700 g  Sobib gaasi- ja s\u00f6egrillidele ning suitsuahjudele  Kasutatav koos suitsukarbi v\u00f5i sisseehitatud suitsusahtliga  T\u00e4iustab erinevate lihade, kala ja taimsete toitude maitset\" \/>\n<meta property=\"og:url\" content=\"https:\/\/bbqentertainment.com\/toode\/napoleon-cherry-kirsipuust-suitsulaastud\/\" \/>\n<meta property=\"og:site_name\" content=\"BBQ Entertainment\" \/>\n<meta property=\"article:publisher\" content=\"https:\/\/www.facebook.com\/BBQ-Entertainment-N-Catering-2437913376443540\" \/>\n<meta property=\"article:modified_time\" content=\"2026-04-06T09:26:39+00:00\" \/>\n<meta property=\"og:image\" content=\"https:\/\/bbqentertainment.com\/wp-content\/uploads\/2024\/01\/Napoleon-cherri-suitsuhake.webp\" \/>\n\t<meta property=\"og:image:width\" content=\"300\" \/>\n\t<meta property=\"og:image:height\" content=\"300\" \/>\n\t<meta property=\"og:image:type\" content=\"image\/webp\" \/>\n<meta name=\"twitter:card\" content=\"summary_large_image\" \/>\n<meta name=\"twitter:label1\" content=\"Est. reading time\" \/>\n\t<meta name=\"twitter:data1\" content=\"1 minute\" \/>\n<script type=\"application\/ld+json\" class=\"yoast-schema-graph\">{\"@context\":\"https:\\\/\\\/schema.org\",\"@graph\":[{\"@type\":[\"WebPage\",\"ItemPage\"],\"@id\":\"https:\\\/\\\/bbqentertainment.com\\\/toode\\\/napoleon-cherry-kirsipuust-suitsulaastud\\\/\",\"url\":\"https:\\\/\\\/bbqentertainment.com\\\/toode\\\/napoleon-cherry-kirsipuust-suitsulaastud\\\/\",\"name\":\"Napoleon puidulaastud - KIRSS 700g - BBQ Entertainment\",\"isPartOf\":{\"@id\":\"https:\\\/\\\/bbqentertainment.com\\\/#website\"},\"primaryImageOfPage\":{\"@id\":\"https:\\\/\\\/bbqentertainment.com\\\/toode\\\/napoleon-cherry-kirsipuust-suitsulaastud\\\/#primaryimage\"},\"image\":{\"@id\":\"https:\\\/\\\/bbqentertainment.com\\\/toode\\\/napoleon-cherry-kirsipuust-suitsulaastud\\\/#primaryimage\"},\"thumbnailUrl\":\"https:\\\/\\\/bbqentertainment.com\\\/wp-content\\\/uploads\\\/2024\\\/01\\\/Napoleon-cherri-suitsuhake.webp\",\"datePublished\":\"2024-01-30T09:50:38+00:00\",\"dateModified\":\"2026-04-06T09:26:39+00:00\",\"breadcrumb\":{\"@id\":\"https:\\\/\\\/bbqentertainment.com\\\/toode\\\/napoleon-cherry-kirsipuust-suitsulaastud\\\/#breadcrumb\"},\"inLanguage\":\"en-US\",\"potentialAction\":[{\"@type\":\"ReadAction\",\"target\":[\"https:\\\/\\\/bbqentertainment.com\\\/toode\\\/napoleon-cherry-kirsipuust-suitsulaastud\\\/\"]}]},{\"@type\":\"ImageObject\",\"inLanguage\":\"en-US\",\"@id\":\"https:\\\/\\\/bbqentertainment.com\\\/toode\\\/napoleon-cherry-kirsipuust-suitsulaastud\\\/#primaryimage\",\"url\":\"https:\\\/\\\/bbqentertainment.com\\\/wp-content\\\/uploads\\\/2024\\\/01\\\/Napoleon-cherri-suitsuhake.webp\",\"contentUrl\":\"https:\\\/\\\/bbqentertainment.com\\\/wp-content\\\/uploads\\\/2024\\\/01\\\/Napoleon-cherri-suitsuhake.webp\",\"width\":300,\"height\":300},{\"@type\":\"BreadcrumbList\",\"@id\":\"https:\\\/\\\/bbqentertainment.com\\\/toode\\\/napoleon-cherry-kirsipuust-suitsulaastud\\\/#breadcrumb\",\"itemListElement\":[{\"@type\":\"ListItem\",\"position\":1,\"name\":\"AVALEHT\",\"item\":\"https:\\\/\\\/bbqentertainment.com\\\/en\\\/\"},{\"@type\":\"ListItem\",\"position\":2,\"name\":\"Tooted\",\"item\":\"https:\\\/\\\/bbqentertainment.com\\\/tooted\\\/\"},{\"@type\":\"ListItem\",\"position\":3,\"name\":\"Lisatarvikud\",\"item\":\"https:\\\/\\\/bbqentertainment.com\\\/tootekategooria\\\/lisatarvikud\\\/\"},{\"@type\":\"ListItem\",\"position\":4,\"name\":\"Lisatarvikud Napoleon\",\"item\":\"https:\\\/\\\/bbqentertainment.com\\\/tootekategooria\\\/lisatarvikud\\\/lisatarvikud-napoleon\\\/\"},{\"@type\":\"ListItem\",\"position\":5,\"name\":\"Napoleon puidulaastud &#8211; KIRSS 700g\"}]},{\"@type\":\"WebSite\",\"@id\":\"https:\\\/\\\/bbqentertainment.com\\\/#website\",\"url\":\"https:\\\/\\\/bbqentertainment.com\\\/\",\"name\":\"BBQ Entertainment\",\"description\":\"BBQ is a great lifestyle, not just fun!\",\"publisher\":{\"@id\":\"https:\\\/\\\/bbqentertainment.com\\\/#organization\"},\"potentialAction\":[{\"@type\":\"SearchAction\",\"target\":{\"@type\":\"EntryPoint\",\"urlTemplate\":\"https:\\\/\\\/bbqentertainment.com\\\/?s={search_term_string}\"},\"query-input\":{\"@type\":\"PropertyValueSpecification\",\"valueRequired\":true,\"valueName\":\"search_term_string\"}}],\"inLanguage\":\"en-US\"},{\"@type\":\"Organization\",\"@id\":\"https:\\\/\\\/bbqentertainment.com\\\/#organization\",\"name\":\"BBQ Entertainment O\u00dc\",\"url\":\"https:\\\/\\\/bbqentertainment.com\\\/\",\"logo\":{\"@type\":\"ImageObject\",\"inLanguage\":\"en-US\",\"@id\":\"https:\\\/\\\/bbqentertainment.com\\\/#\\\/schema\\\/logo\\\/image\\\/\",\"url\":\"https:\\\/\\\/bbqentertainment.com\\\/wp-content\\\/uploads\\\/2020\\\/04\\\/BBQ-Entertainment-N-Catering-Enn-Tobreluts-Logo.png\",\"contentUrl\":\"https:\\\/\\\/bbqentertainment.com\\\/wp-content\\\/uploads\\\/2020\\\/04\\\/BBQ-Entertainment-N-Catering-Enn-Tobreluts-Logo.png\",\"width\":628,\"height\":266,\"caption\":\"BBQ Entertainment O\u00dc\"},\"image\":{\"@id\":\"https:\\\/\\\/bbqentertainment.com\\\/#\\\/schema\\\/logo\\\/image\\\/\"},\"sameAs\":[\"https:\\\/\\\/www.facebook.com\\\/BBQ-Entertainment-N-Catering-2437913376443540\",\"https:\\\/\\\/www.instagram.com\\\/bbqentertainmentncatering\\\/\",\"https:\\\/\\\/www.youtube.com\\\/channel\\\/UCmpuANQVhLy2Md8nrenp2jA\"]}]}<\/script>\n<!-- \/ Yoast SEO plugin. -->","yoast_head_json":{"title":"Napoleon puidulaastud - KIRSS 700g - BBQ Entertainment","robots":{"index":"index","follow":"follow","max-snippet":"max-snippet:-1","max-image-preview":"max-image-preview:large","max-video-preview":"max-video-preview:-1"},"canonical":"https:\/\/bbqentertainment.com\/toode\/napoleon-cherry-kirsipuust-suitsulaastud\/","og_locale":"en_US","og_type":"article","og_title":"Napoleon puidulaastud - KIRSS 700g - BBQ Entertainment","og_description":"Napoleon puidulaastud - KIRSS 700g  Kirsipuu laastud annavad puuviljase ja kergelt hapuka suitsumaitse, mis sobib punase lihaga nagu veise- ja p\u00f5draliha. Samuti sobib kodulindude, sealiha, k\u00f6\u00f6giviljade ja puuviljade suitsutamiseks. Maitse on peen, kuid selgelt eristuv.  Omadused   100% looduslikud suitsulaastud  Pakendi kaal 700 g  Sobib gaasi- ja s\u00f6egrillidele ning suitsuahjudele  Kasutatav koos suitsukarbi v\u00f5i sisseehitatud suitsusahtliga  T\u00e4iustab erinevate lihade, kala ja taimsete toitude maitset","og_url":"https:\/\/bbqentertainment.com\/toode\/napoleon-cherry-kirsipuust-suitsulaastud\/","og_site_name":"BBQ Entertainment","article_publisher":"https:\/\/www.facebook.com\/BBQ-Entertainment-N-Catering-2437913376443540","article_modified_time":"2026-04-06T09:26:39+00:00","og_image":[{"width":300,"height":300,"url":"https:\/\/bbqentertainment.com\/wp-content\/uploads\/2024\/01\/Napoleon-cherri-suitsuhake.webp","type":"image\/webp"}],"twitter_card":"summary_large_image","twitter_misc":{"Est. reading time":"1 minute"},"schema":{"@context":"https:\/\/schema.org","@graph":[{"@type":["WebPage","ItemPage"],"@id":"https:\/\/bbqentertainment.com\/toode\/napoleon-cherry-kirsipuust-suitsulaastud\/","url":"https:\/\/bbqentertainment.com\/toode\/napoleon-cherry-kirsipuust-suitsulaastud\/","name":"Napoleon puidulaastud - KIRSS 700g - BBQ Entertainment","isPartOf":{"@id":"https:\/\/bbqentertainment.com\/#website"},"primaryImageOfPage":{"@id":"https:\/\/bbqentertainment.com\/toode\/napoleon-cherry-kirsipuust-suitsulaastud\/#primaryimage"},"image":{"@id":"https:\/\/bbqentertainment.com\/toode\/napoleon-cherry-kirsipuust-suitsulaastud\/#primaryimage"},"thumbnailUrl":"https:\/\/bbqentertainment.com\/wp-content\/uploads\/2024\/01\/Napoleon-cherri-suitsuhake.webp","datePublished":"2024-01-30T09:50:38+00:00","dateModified":"2026-04-06T09:26:39+00:00","breadcrumb":{"@id":"https:\/\/bbqentertainment.com\/toode\/napoleon-cherry-kirsipuust-suitsulaastud\/#breadcrumb"},"inLanguage":"en-US","potentialAction":[{"@type":"ReadAction","target":["https:\/\/bbqentertainment.com\/toode\/napoleon-cherry-kirsipuust-suitsulaastud\/"]}]},{"@type":"ImageObject","inLanguage":"en-US","@id":"https:\/\/bbqentertainment.com\/toode\/napoleon-cherry-kirsipuust-suitsulaastud\/#primaryimage","url":"https:\/\/bbqentertainment.com\/wp-content\/uploads\/2024\/01\/Napoleon-cherri-suitsuhake.webp","contentUrl":"https:\/\/bbqentertainment.com\/wp-content\/uploads\/2024\/01\/Napoleon-cherri-suitsuhake.webp","width":300,"height":300},{"@type":"BreadcrumbList","@id":"https:\/\/bbqentertainment.com\/toode\/napoleon-cherry-kirsipuust-suitsulaastud\/#breadcrumb","itemListElement":[{"@type":"ListItem","position":1,"name":"AVALEHT","item":"https:\/\/bbqentertainment.com\/en\/"},{"@type":"ListItem","position":2,"name":"Tooted","item":"https:\/\/bbqentertainment.com\/tooted\/"},{"@type":"ListItem","position":3,"name":"Lisatarvikud","item":"https:\/\/bbqentertainment.com\/tootekategooria\/lisatarvikud\/"},{"@type":"ListItem","position":4,"name":"Lisatarvikud Napoleon","item":"https:\/\/bbqentertainment.com\/tootekategooria\/lisatarvikud\/lisatarvikud-napoleon\/"},{"@type":"ListItem","position":5,"name":"Napoleon puidulaastud &#8211; KIRSS 700g"}]},{"@type":"WebSite","@id":"https:\/\/bbqentertainment.com\/#website","url":"https:\/\/bbqentertainment.com\/","name":"BBQ Entertainment","description":"BBQ is a great lifestyle, not just fun!","publisher":{"@id":"https:\/\/bbqentertainment.com\/#organization"},"potentialAction":[{"@type":"SearchAction","target":{"@type":"EntryPoint","urlTemplate":"https:\/\/bbqentertainment.com\/?s={search_term_string}"},"query-input":{"@type":"PropertyValueSpecification","valueRequired":true,"valueName":"search_term_string"}}],"inLanguage":"en-US"},{"@type":"Organization","@id":"https:\/\/bbqentertainment.com\/#organization","name":"BBQ Entertainment O\u00dc","url":"https:\/\/bbqentertainment.com\/","logo":{"@type":"ImageObject","inLanguage":"en-US","@id":"https:\/\/bbqentertainment.com\/#\/schema\/logo\/image\/","url":"https:\/\/bbqentertainment.com\/wp-content\/uploads\/2020\/04\/BBQ-Entertainment-N-Catering-Enn-Tobreluts-Logo.png","contentUrl":"https:\/\/bbqentertainment.com\/wp-content\/uploads\/2020\/04\/BBQ-Entertainment-N-Catering-Enn-Tobreluts-Logo.png","width":628,"height":266,"caption":"BBQ Entertainment O\u00dc"},"image":{"@id":"https:\/\/bbqentertainment.com\/#\/schema\/logo\/image\/"},"sameAs":["https:\/\/www.facebook.com\/BBQ-Entertainment-N-Catering-2437913376443540","https:\/\/www.instagram.com\/bbqentertainmentncatering\/","https:\/\/www.youtube.com\/channel\/UCmpuANQVhLy2Md8nrenp2jA"]}]}},"_links":{"self":[{"href":"https:\/\/bbqentertainment.com\/en\/wp-json\/wp\/v2\/product\/244279","targetHints":{"allow":["GET"]}}],"collection":[{"href":"https:\/\/bbqentertainment.com\/en\/wp-json\/wp\/v2\/product"}],"about":[{"href":"https:\/\/bbqentertainment.com\/en\/wp-json\/wp\/v2\/types\/product"}],"wp:featuredmedia":[{"embeddable":true,"href":"https:\/\/bbqentertainment.com\/en\/wp-json\/wp\/v2\/media\/244282"}],"wp:attachment":[{"href":"https:\/\/bbqentertainment.com\/en\/wp-json\/wp\/v2\/media?parent=244279"}],"wp:term":[{"taxonomy":"product_brand","embeddable":true,"href":"https:\/\/bbqentertainment.com\/en\/wp-json\/wp\/v2\/product_brand?post=244279"},{"taxonomy":"product_cat","embeddable":true,"href":"https:\/\/bbqentertainment.com\/en\/wp-json\/wp\/v2\/product_cat?post=244279"},{"taxonomy":"product_tag","embeddable":true,"href":"https:\/\/bbqentertainment.com\/en\/wp-json\/wp\/v2\/product_tag?post=244279"}],"curies":[{"name":"wp","href":"https:\/\/api.w.org\/{rel}","templated":true}]}}