{"id":244336,"date":"2024-03-10T20:29:43","date_gmt":"2024-03-10T18:29:43","guid":{"rendered":"https:\/\/bbqentertainment.com\/?post_type=product&#038;p=244336"},"modified":"2026-04-06T12:26:39","modified_gmt":"2026-04-06T09:26:39","slug":"napoleon-silikoonmatt-kuljelaua-kaitseks","status":"publish","type":"product","link":"https:\/\/bbqentertainment.com\/en\/toode\/napoleon-silikoonmatt-kuljelaua-kaitseks\/","title":{"rendered":"Napoleon K\u00fclglaua matt Rogue ja Rogue XT grillidele"},"content":{"rendered":"","protected":false},"excerpt":{"rendered":"<h3><strong>Napoleon silikoonmatt k\u00fcljelaua kaitseks 35 x 27 cm<\/strong><\/h3>\n<p class=\"\" data-start=\"137\" data-end=\"390\">Napoleoni silikoonmatt kaitseb grillide roostevabast terasest k\u00fclglaudu kriimustuste, rasvaseadmete ja grillimisel tekkiva mustuse eest. Libisemiskindel pind hoiab tarvikud kindlalt paigal ning vastupidav materjal talub kuumust ja igap\u00e4evast kasutust.<\/p>\n<p class=\"\" data-start=\"392\" data-end=\"541\">Matt on lihtsasti hooldatav \u2013 seda saab loputada kraani all v\u00f5i pesta n\u00f5udepesumasinas. Sobib k\u00f5ikidele Napoleon Rogue sarja grillide k\u00fcljelaudadele.<\/p>\n<p class=\"\" data-start=\"543\" data-end=\"557\"><strong data-start=\"543\" data-end=\"555\">Omadused<\/strong><\/p>\n<ul data-start=\"558\" data-end=\"768\" data-is-last-node=\"\" data-is-only-node=\"\">\n<li class=\"\" data-start=\"558\" data-end=\"604\">\n<p class=\"\" data-start=\"560\" data-end=\"604\">kaitseb pinda mustuse ja kriimustuste eest<\/p>\n<\/li>\n<li class=\"\" data-start=\"605\" data-end=\"644\">\n<p class=\"\" data-start=\"607\" data-end=\"644\">libisemiskindel ja kuumakindel pind<\/p>\n<\/li>\n<li class=\"\" data-start=\"645\" data-end=\"687\">\n<p class=\"\" data-start=\"647\" data-end=\"687\">pestav kraani all v\u00f5i n\u00f5udepesumasinas<\/p>\n<\/li>\n<li class=\"\" data-start=\"742\" data-end=\"768\">\n<p class=\"\" data-start=\"744\" data-end=\"768\">m\u00f5\u00f5dud: 35 \u00d7 27 \u00d7 0,5 cm<\/p>\n<\/li>\n<\/ul>\n","protected":false},"featured_media":245509,"template":"","meta":{"inline_featured_image":false},"product_brand":[],"product_cat":[92,562],"product_tag":[],"class_list":{"0":"post-244336","1":"product","2":"type-product","3":"status-publish","4":"has-post-thumbnail","6":"product_cat-lisatarvikud","7":"product_cat-lisatarvikud-napoleon","9":"first","10":"instock","11":"taxable","12":"shipping-taxable","13":"purchasable","14":"product-type-simple"},"yoast_head":"<!-- This site is optimized with the Yoast SEO plugin v27.4 - https:\/\/yoast.com\/product\/yoast-seo-wordpress\/ -->\n<title>Napoleon K\u00fclglaua matt Rogue ja Rogue XT grillidele - BBQ Entertainment<\/title>\n<meta name=\"robots\" content=\"index, follow, max-snippet:-1, max-image-preview:large, max-video-preview:-1\" \/>\n<link rel=\"canonical\" href=\"https:\/\/bbqentertainment.com\/toode\/napoleon-silikoonmatt-kuljelaua-kaitseks\/\" \/>\n<meta property=\"og:locale\" content=\"en_US\" \/>\n<meta property=\"og:type\" content=\"article\" \/>\n<meta property=\"og:title\" content=\"Napoleon K\u00fclglaua matt Rogue ja Rogue XT grillidele - BBQ Entertainment\" \/>\n<meta property=\"og:description\" content=\"Napoleon silikoonmatt k\u00fcljelaua kaitseks 35 x 27 cm Napoleoni silikoonmatt kaitseb grillide roostevabast terasest k\u00fclglaudu kriimustuste, rasvaseadmete ja grillimisel tekkiva mustuse eest. Libisemiskindel pind hoiab tarvikud kindlalt paigal ning vastupidav materjal talub kuumust ja igap\u00e4evast kasutust. Matt on lihtsasti hooldatav \u2013 seda saab loputada kraani all v\u00f5i pesta n\u00f5udepesumasinas. Sobib k\u00f5ikidele Napoleon Rogue sarja grillide k\u00fcljelaudadele. Omadused     kaitseb pinda mustuse ja kriimustuste eest    libisemiskindel ja kuumakindel pind    pestav kraani all v\u00f5i n\u00f5udepesumasinas    m\u00f5\u00f5dud: 35 \u00d7 27 \u00d7 0,5 cm\" \/>\n<meta property=\"og:url\" content=\"https:\/\/bbqentertainment.com\/toode\/napoleon-silikoonmatt-kuljelaua-kaitseks\/\" \/>\n<meta property=\"og:site_name\" content=\"BBQ Entertainment\" \/>\n<meta property=\"article:publisher\" content=\"https:\/\/www.facebook.com\/BBQ-Entertainment-N-Catering-2437913376443540\" \/>\n<meta property=\"article:modified_time\" content=\"2026-04-06T09:26:39+00:00\" \/>\n<meta property=\"og:image\" content=\"https:\/\/bbqentertainment.com\/wp-content\/uploads\/2024\/01\/BBQ-Entertainment-Napoleon-silikoonmatt-kuljelaua-kaitseks-3.jpg\" \/>\n\t<meta property=\"og:image:width\" content=\"1095\" \/>\n\t<meta property=\"og:image:height\" content=\"1095\" \/>\n\t<meta property=\"og:image:type\" content=\"image\/jpeg\" \/>\n<meta name=\"twitter:card\" content=\"summary_large_image\" \/>\n<meta name=\"twitter:label1\" content=\"Est. reading time\" \/>\n\t<meta name=\"twitter:data1\" content=\"1 minute\" \/>\n<script type=\"application\/ld+json\" class=\"yoast-schema-graph\">{\"@context\":\"https:\\\/\\\/schema.org\",\"@graph\":[{\"@type\":[\"WebPage\",\"ItemPage\"],\"@id\":\"https:\\\/\\\/bbqentertainment.com\\\/toode\\\/napoleon-silikoonmatt-kuljelaua-kaitseks\\\/\",\"url\":\"https:\\\/\\\/bbqentertainment.com\\\/toode\\\/napoleon-silikoonmatt-kuljelaua-kaitseks\\\/\",\"name\":\"Napoleon K\u00fclglaua matt Rogue ja Rogue XT grillidele - BBQ Entertainment\",\"isPartOf\":{\"@id\":\"https:\\\/\\\/bbqentertainment.com\\\/#website\"},\"primaryImageOfPage\":{\"@id\":\"https:\\\/\\\/bbqentertainment.com\\\/toode\\\/napoleon-silikoonmatt-kuljelaua-kaitseks\\\/#primaryimage\"},\"image\":{\"@id\":\"https:\\\/\\\/bbqentertainment.com\\\/toode\\\/napoleon-silikoonmatt-kuljelaua-kaitseks\\\/#primaryimage\"},\"thumbnailUrl\":\"https:\\\/\\\/bbqentertainment.com\\\/wp-content\\\/uploads\\\/2024\\\/01\\\/BBQ-Entertainment-Napoleon-silikoonmatt-kuljelaua-kaitseks-3.jpg\",\"datePublished\":\"2024-03-10T18:29:43+00:00\",\"dateModified\":\"2026-04-06T09:26:39+00:00\",\"breadcrumb\":{\"@id\":\"https:\\\/\\\/bbqentertainment.com\\\/toode\\\/napoleon-silikoonmatt-kuljelaua-kaitseks\\\/#breadcrumb\"},\"inLanguage\":\"en-US\",\"potentialAction\":[{\"@type\":\"ReadAction\",\"target\":[\"https:\\\/\\\/bbqentertainment.com\\\/toode\\\/napoleon-silikoonmatt-kuljelaua-kaitseks\\\/\"]}]},{\"@type\":\"ImageObject\",\"inLanguage\":\"en-US\",\"@id\":\"https:\\\/\\\/bbqentertainment.com\\\/toode\\\/napoleon-silikoonmatt-kuljelaua-kaitseks\\\/#primaryimage\",\"url\":\"https:\\\/\\\/bbqentertainment.com\\\/wp-content\\\/uploads\\\/2024\\\/01\\\/BBQ-Entertainment-Napoleon-silikoonmatt-kuljelaua-kaitseks-3.jpg\",\"contentUrl\":\"https:\\\/\\\/bbqentertainment.com\\\/wp-content\\\/uploads\\\/2024\\\/01\\\/BBQ-Entertainment-Napoleon-silikoonmatt-kuljelaua-kaitseks-3.jpg\",\"width\":1095,\"height\":1095},{\"@type\":\"BreadcrumbList\",\"@id\":\"https:\\\/\\\/bbqentertainment.com\\\/toode\\\/napoleon-silikoonmatt-kuljelaua-kaitseks\\\/#breadcrumb\",\"itemListElement\":[{\"@type\":\"ListItem\",\"position\":1,\"name\":\"AVALEHT\",\"item\":\"https:\\\/\\\/bbqentertainment.com\\\/en\\\/\"},{\"@type\":\"ListItem\",\"position\":2,\"name\":\"Tooted\",\"item\":\"https:\\\/\\\/bbqentertainment.com\\\/tooted\\\/\"},{\"@type\":\"ListItem\",\"position\":3,\"name\":\"Lisatarvikud\",\"item\":\"https:\\\/\\\/bbqentertainment.com\\\/tootekategooria\\\/lisatarvikud\\\/\"},{\"@type\":\"ListItem\",\"position\":4,\"name\":\"Lisatarvikud Napoleon\",\"item\":\"https:\\\/\\\/bbqentertainment.com\\\/tootekategooria\\\/lisatarvikud\\\/lisatarvikud-napoleon\\\/\"},{\"@type\":\"ListItem\",\"position\":5,\"name\":\"Napoleon K\u00fclglaua matt Rogue ja Rogue XT grillidele\"}]},{\"@type\":\"WebSite\",\"@id\":\"https:\\\/\\\/bbqentertainment.com\\\/#website\",\"url\":\"https:\\\/\\\/bbqentertainment.com\\\/\",\"name\":\"BBQ Entertainment\",\"description\":\"BBQ is a great lifestyle, not just fun!\",\"publisher\":{\"@id\":\"https:\\\/\\\/bbqentertainment.com\\\/#organization\"},\"potentialAction\":[{\"@type\":\"SearchAction\",\"target\":{\"@type\":\"EntryPoint\",\"urlTemplate\":\"https:\\\/\\\/bbqentertainment.com\\\/?s={search_term_string}\"},\"query-input\":{\"@type\":\"PropertyValueSpecification\",\"valueRequired\":true,\"valueName\":\"search_term_string\"}}],\"inLanguage\":\"en-US\"},{\"@type\":\"Organization\",\"@id\":\"https:\\\/\\\/bbqentertainment.com\\\/#organization\",\"name\":\"BBQ Entertainment O\u00dc\",\"url\":\"https:\\\/\\\/bbqentertainment.com\\\/\",\"logo\":{\"@type\":\"ImageObject\",\"inLanguage\":\"en-US\",\"@id\":\"https:\\\/\\\/bbqentertainment.com\\\/#\\\/schema\\\/logo\\\/image\\\/\",\"url\":\"https:\\\/\\\/bbqentertainment.com\\\/wp-content\\\/uploads\\\/2020\\\/04\\\/BBQ-Entertainment-N-Catering-Enn-Tobreluts-Logo.png\",\"contentUrl\":\"https:\\\/\\\/bbqentertainment.com\\\/wp-content\\\/uploads\\\/2020\\\/04\\\/BBQ-Entertainment-N-Catering-Enn-Tobreluts-Logo.png\",\"width\":628,\"height\":266,\"caption\":\"BBQ Entertainment O\u00dc\"},\"image\":{\"@id\":\"https:\\\/\\\/bbqentertainment.com\\\/#\\\/schema\\\/logo\\\/image\\\/\"},\"sameAs\":[\"https:\\\/\\\/www.facebook.com\\\/BBQ-Entertainment-N-Catering-2437913376443540\",\"https:\\\/\\\/www.instagram.com\\\/bbqentertainmentncatering\\\/\",\"https:\\\/\\\/www.youtube.com\\\/channel\\\/UCmpuANQVhLy2Md8nrenp2jA\"]}]}<\/script>\n<!-- \/ Yoast SEO plugin. -->","yoast_head_json":{"title":"Napoleon K\u00fclglaua matt Rogue ja Rogue XT grillidele - BBQ Entertainment","robots":{"index":"index","follow":"follow","max-snippet":"max-snippet:-1","max-image-preview":"max-image-preview:large","max-video-preview":"max-video-preview:-1"},"canonical":"https:\/\/bbqentertainment.com\/toode\/napoleon-silikoonmatt-kuljelaua-kaitseks\/","og_locale":"en_US","og_type":"article","og_title":"Napoleon K\u00fclglaua matt Rogue ja Rogue XT grillidele - BBQ Entertainment","og_description":"Napoleon silikoonmatt k\u00fcljelaua kaitseks 35 x 27 cm Napoleoni silikoonmatt kaitseb grillide roostevabast terasest k\u00fclglaudu kriimustuste, rasvaseadmete ja grillimisel tekkiva mustuse eest. Libisemiskindel pind hoiab tarvikud kindlalt paigal ning vastupidav materjal talub kuumust ja igap\u00e4evast kasutust. Matt on lihtsasti hooldatav \u2013 seda saab loputada kraani all v\u00f5i pesta n\u00f5udepesumasinas. Sobib k\u00f5ikidele Napoleon Rogue sarja grillide k\u00fcljelaudadele. Omadused     kaitseb pinda mustuse ja kriimustuste eest    libisemiskindel ja kuumakindel pind    pestav kraani all v\u00f5i n\u00f5udepesumasinas    m\u00f5\u00f5dud: 35 \u00d7 27 \u00d7 0,5 cm","og_url":"https:\/\/bbqentertainment.com\/toode\/napoleon-silikoonmatt-kuljelaua-kaitseks\/","og_site_name":"BBQ Entertainment","article_publisher":"https:\/\/www.facebook.com\/BBQ-Entertainment-N-Catering-2437913376443540","article_modified_time":"2026-04-06T09:26:39+00:00","og_image":[{"width":1095,"height":1095,"url":"https:\/\/bbqentertainment.com\/wp-content\/uploads\/2024\/01\/BBQ-Entertainment-Napoleon-silikoonmatt-kuljelaua-kaitseks-3.jpg","type":"image\/jpeg"}],"twitter_card":"summary_large_image","twitter_misc":{"Est. reading time":"1 minute"},"schema":{"@context":"https:\/\/schema.org","@graph":[{"@type":["WebPage","ItemPage"],"@id":"https:\/\/bbqentertainment.com\/toode\/napoleon-silikoonmatt-kuljelaua-kaitseks\/","url":"https:\/\/bbqentertainment.com\/toode\/napoleon-silikoonmatt-kuljelaua-kaitseks\/","name":"Napoleon K\u00fclglaua matt Rogue ja Rogue XT grillidele - BBQ Entertainment","isPartOf":{"@id":"https:\/\/bbqentertainment.com\/#website"},"primaryImageOfPage":{"@id":"https:\/\/bbqentertainment.com\/toode\/napoleon-silikoonmatt-kuljelaua-kaitseks\/#primaryimage"},"image":{"@id":"https:\/\/bbqentertainment.com\/toode\/napoleon-silikoonmatt-kuljelaua-kaitseks\/#primaryimage"},"thumbnailUrl":"https:\/\/bbqentertainment.com\/wp-content\/uploads\/2024\/01\/BBQ-Entertainment-Napoleon-silikoonmatt-kuljelaua-kaitseks-3.jpg","datePublished":"2024-03-10T18:29:43+00:00","dateModified":"2026-04-06T09:26:39+00:00","breadcrumb":{"@id":"https:\/\/bbqentertainment.com\/toode\/napoleon-silikoonmatt-kuljelaua-kaitseks\/#breadcrumb"},"inLanguage":"en-US","potentialAction":[{"@type":"ReadAction","target":["https:\/\/bbqentertainment.com\/toode\/napoleon-silikoonmatt-kuljelaua-kaitseks\/"]}]},{"@type":"ImageObject","inLanguage":"en-US","@id":"https:\/\/bbqentertainment.com\/toode\/napoleon-silikoonmatt-kuljelaua-kaitseks\/#primaryimage","url":"https:\/\/bbqentertainment.com\/wp-content\/uploads\/2024\/01\/BBQ-Entertainment-Napoleon-silikoonmatt-kuljelaua-kaitseks-3.jpg","contentUrl":"https:\/\/bbqentertainment.com\/wp-content\/uploads\/2024\/01\/BBQ-Entertainment-Napoleon-silikoonmatt-kuljelaua-kaitseks-3.jpg","width":1095,"height":1095},{"@type":"BreadcrumbList","@id":"https:\/\/bbqentertainment.com\/toode\/napoleon-silikoonmatt-kuljelaua-kaitseks\/#breadcrumb","itemListElement":[{"@type":"ListItem","position":1,"name":"AVALEHT","item":"https:\/\/bbqentertainment.com\/en\/"},{"@type":"ListItem","position":2,"name":"Tooted","item":"https:\/\/bbqentertainment.com\/tooted\/"},{"@type":"ListItem","position":3,"name":"Lisatarvikud","item":"https:\/\/bbqentertainment.com\/tootekategooria\/lisatarvikud\/"},{"@type":"ListItem","position":4,"name":"Lisatarvikud Napoleon","item":"https:\/\/bbqentertainment.com\/tootekategooria\/lisatarvikud\/lisatarvikud-napoleon\/"},{"@type":"ListItem","position":5,"name":"Napoleon K\u00fclglaua matt Rogue ja Rogue XT grillidele"}]},{"@type":"WebSite","@id":"https:\/\/bbqentertainment.com\/#website","url":"https:\/\/bbqentertainment.com\/","name":"BBQ Entertainment","description":"BBQ is a great lifestyle, not just fun!","publisher":{"@id":"https:\/\/bbqentertainment.com\/#organization"},"potentialAction":[{"@type":"SearchAction","target":{"@type":"EntryPoint","urlTemplate":"https:\/\/bbqentertainment.com\/?s={search_term_string}"},"query-input":{"@type":"PropertyValueSpecification","valueRequired":true,"valueName":"search_term_string"}}],"inLanguage":"en-US"},{"@type":"Organization","@id":"https:\/\/bbqentertainment.com\/#organization","name":"BBQ Entertainment O\u00dc","url":"https:\/\/bbqentertainment.com\/","logo":{"@type":"ImageObject","inLanguage":"en-US","@id":"https:\/\/bbqentertainment.com\/#\/schema\/logo\/image\/","url":"https:\/\/bbqentertainment.com\/wp-content\/uploads\/2020\/04\/BBQ-Entertainment-N-Catering-Enn-Tobreluts-Logo.png","contentUrl":"https:\/\/bbqentertainment.com\/wp-content\/uploads\/2020\/04\/BBQ-Entertainment-N-Catering-Enn-Tobreluts-Logo.png","width":628,"height":266,"caption":"BBQ Entertainment O\u00dc"},"image":{"@id":"https:\/\/bbqentertainment.com\/#\/schema\/logo\/image\/"},"sameAs":["https:\/\/www.facebook.com\/BBQ-Entertainment-N-Catering-2437913376443540","https:\/\/www.instagram.com\/bbqentertainmentncatering\/","https:\/\/www.youtube.com\/channel\/UCmpuANQVhLy2Md8nrenp2jA"]}]}},"_links":{"self":[{"href":"https:\/\/bbqentertainment.com\/en\/wp-json\/wp\/v2\/product\/244336","targetHints":{"allow":["GET"]}}],"collection":[{"href":"https:\/\/bbqentertainment.com\/en\/wp-json\/wp\/v2\/product"}],"about":[{"href":"https:\/\/bbqentertainment.com\/en\/wp-json\/wp\/v2\/types\/product"}],"wp:featuredmedia":[{"embeddable":true,"href":"https:\/\/bbqentertainment.com\/en\/wp-json\/wp\/v2\/media\/245509"}],"wp:attachment":[{"href":"https:\/\/bbqentertainment.com\/en\/wp-json\/wp\/v2\/media?parent=244336"}],"wp:term":[{"taxonomy":"product_brand","embeddable":true,"href":"https:\/\/bbqentertainment.com\/en\/wp-json\/wp\/v2\/product_brand?post=244336"},{"taxonomy":"product_cat","embeddable":true,"href":"https:\/\/bbqentertainment.com\/en\/wp-json\/wp\/v2\/product_cat?post=244336"},{"taxonomy":"product_tag","embeddable":true,"href":"https:\/\/bbqentertainment.com\/en\/wp-json\/wp\/v2\/product_tag?post=244336"}],"curies":[{"name":"wp","href":"https:\/\/api.w.org\/{rel}","templated":true}]}}