{"id":244354,"date":"2024-03-10T20:29:43","date_gmt":"2024-03-10T18:29:43","guid":{"rendered":"https:\/\/bbqentertainment.com\/?post_type=product&#038;p=244354"},"modified":"2026-04-06T12:26:52","modified_gmt":"2026-04-06T09:26:52","slug":"napoleoni-marinaadisustal-lihasustal-kiir-marineerimiseks","status":"publish","type":"product","link":"https:\/\/bbqentertainment.com\/en\/toode\/napoleoni-marinaadisustal-lihasustal-kiir-marineerimiseks\/","title":{"rendered":"Napoleoni marinaadis\u00fcstal \/ lihas\u00fcstal kiir-marineerimiseks (kaks n\u00f5ela)"},"content":{"rendered":"<p>S\u00fcstla korpus on valmistatud roostevabast terasest ja selle l\u00e4bipaistev osa on m\u00e4rgistustega. Komplekti kuulub kaks vahetatavat s\u00fcstlapead; v\u00e4iksem vedelate vedelike jaoks ja suurem n\u00e4iteks k\u00fc\u00fcslaugupuruga ja \/ v\u00f5i \u00fcrtidega marinaadide jaoks. Marinaadis\u00fcstal on varustatud pika metalln\u00f5elaga, mis, nagu nimigi viitab, v\u00f5imaldab marinaadi s\u00fcstida lihasse, k\u00f6\u00f6giviljadesse ja isegi puuviljadesse. Marinaadi lisamine valmistatud toidule muudab selle mahlasemaks ja maitsvamaks ja v\u00e4heneb oluliselt marineerimise aeg. Marinaadis\u00fcstal on h\u00f5lpsasti puhastatav kaasasolevate harjade abil. S\u00fcstlakomplekti hoitakse kaasasolevas plastikarbis.<\/p>\n","protected":false},"excerpt":{"rendered":"<h3><strong>Napoleoni marinaadis\u00fcstal \/ lihas\u00fcstal kiir-marineerimiseks<\/strong><\/h3>\n<p>Marinaadis\u00fcstal liha sisse marinaadi s\u00fcstimiseks. Roostevaba, kaks n\u00f5ela ja puhastusharjad. Saad kiiresti mahlase ja maitsva tulemuse.<\/p>\n","protected":false},"featured_media":245529,"template":"","meta":{"inline_featured_image":false},"product_brand":[],"product_cat":[92,562],"product_tag":[],"class_list":{"0":"post-244354","1":"product","2":"type-product","3":"status-publish","4":"has-post-thumbnail","6":"product_cat-lisatarvikud","7":"product_cat-lisatarvikud-napoleon","9":"first","10":"instock","11":"taxable","12":"shipping-taxable","13":"purchasable","14":"product-type-simple"},"yoast_head":"<!-- This site is optimized with the Yoast SEO plugin v27.2 - https:\/\/yoast.com\/product\/yoast-seo-wordpress\/ -->\n<title>Napoleoni marinaadis\u00fcstal \/ lihas\u00fcstal kiir-marineerimiseks (kaks n\u00f5ela) - BBQ Entertainment<\/title>\n<meta name=\"robots\" content=\"index, follow, max-snippet:-1, max-image-preview:large, max-video-preview:-1\" \/>\n<link rel=\"canonical\" href=\"https:\/\/bbqentertainment.com\/toode\/napoleoni-marinaadisustal-lihasustal-kiir-marineerimiseks\/\" \/>\n<meta property=\"og:locale\" content=\"en_US\" \/>\n<meta property=\"og:type\" content=\"article\" \/>\n<meta property=\"og:title\" content=\"Napoleoni marinaadis\u00fcstal \/ lihas\u00fcstal kiir-marineerimiseks (kaks n\u00f5ela) - BBQ Entertainment\" \/>\n<meta property=\"og:description\" content=\"Napoleoni marinaadis\u00fcstal \/ lihas\u00fcstal kiir-marineerimiseks Marinaadis\u00fcstal liha sisse marinaadi s\u00fcstimiseks. Roostevaba, kaks n\u00f5ela ja puhastusharjad. Saad kiiresti mahlase ja maitsva tulemuse.\" \/>\n<meta property=\"og:url\" content=\"https:\/\/bbqentertainment.com\/toode\/napoleoni-marinaadisustal-lihasustal-kiir-marineerimiseks\/\" \/>\n<meta property=\"og:site_name\" content=\"BBQ Entertainment\" \/>\n<meta property=\"article:publisher\" content=\"https:\/\/www.facebook.com\/BBQ-Entertainment-N-Catering-2437913376443540\" \/>\n<meta property=\"article:modified_time\" content=\"2026-04-06T09:26:52+00:00\" \/>\n<meta property=\"og:image\" content=\"https:\/\/bbqentertainment.com\/wp-content\/uploads\/2024\/01\/BBQ-Entertainment-Napoleoni-marinaadisustal-kiirmarineerimiseks-1.jpg\" \/>\n\t<meta property=\"og:image:width\" content=\"1116\" \/>\n\t<meta property=\"og:image:height\" content=\"1116\" \/>\n\t<meta property=\"og:image:type\" content=\"image\/jpeg\" \/>\n<meta name=\"twitter:card\" content=\"summary_large_image\" \/>\n<meta name=\"twitter:label1\" content=\"Est. reading time\" \/>\n\t<meta name=\"twitter:data1\" content=\"1 minute\" \/>\n<script type=\"application\/ld+json\" class=\"yoast-schema-graph\">{\"@context\":\"https:\/\/schema.org\",\"@graph\":[{\"@type\":[\"WebPage\",\"ItemPage\"],\"@id\":\"https:\/\/bbqentertainment.com\/toode\/napoleoni-marinaadisustal-lihasustal-kiir-marineerimiseks\/\",\"url\":\"https:\/\/bbqentertainment.com\/toode\/napoleoni-marinaadisustal-lihasustal-kiir-marineerimiseks\/\",\"name\":\"Napoleoni marinaadis\u00fcstal \/ lihas\u00fcstal kiir-marineerimiseks (kaks n\u00f5ela) - BBQ Entertainment\",\"isPartOf\":{\"@id\":\"https:\/\/bbqentertainment.com\/#website\"},\"primaryImageOfPage\":{\"@id\":\"https:\/\/bbqentertainment.com\/toode\/napoleoni-marinaadisustal-lihasustal-kiir-marineerimiseks\/#primaryimage\"},\"image\":{\"@id\":\"https:\/\/bbqentertainment.com\/toode\/napoleoni-marinaadisustal-lihasustal-kiir-marineerimiseks\/#primaryimage\"},\"thumbnailUrl\":\"https:\/\/bbqentertainment.com\/wp-content\/uploads\/2024\/01\/BBQ-Entertainment-Napoleoni-marinaadisustal-kiirmarineerimiseks-1.jpg\",\"datePublished\":\"2024-03-10T18:29:43+00:00\",\"dateModified\":\"2026-04-06T09:26:52+00:00\",\"breadcrumb\":{\"@id\":\"https:\/\/bbqentertainment.com\/toode\/napoleoni-marinaadisustal-lihasustal-kiir-marineerimiseks\/#breadcrumb\"},\"inLanguage\":\"en-US\",\"potentialAction\":[{\"@type\":\"ReadAction\",\"target\":[\"https:\/\/bbqentertainment.com\/toode\/napoleoni-marinaadisustal-lihasustal-kiir-marineerimiseks\/\"]}]},{\"@type\":\"ImageObject\",\"inLanguage\":\"en-US\",\"@id\":\"https:\/\/bbqentertainment.com\/toode\/napoleoni-marinaadisustal-lihasustal-kiir-marineerimiseks\/#primaryimage\",\"url\":\"https:\/\/bbqentertainment.com\/wp-content\/uploads\/2024\/01\/BBQ-Entertainment-Napoleoni-marinaadisustal-kiirmarineerimiseks-1.jpg\",\"contentUrl\":\"https:\/\/bbqentertainment.com\/wp-content\/uploads\/2024\/01\/BBQ-Entertainment-Napoleoni-marinaadisustal-kiirmarineerimiseks-1.jpg\",\"width\":1116,\"height\":1116},{\"@type\":\"BreadcrumbList\",\"@id\":\"https:\/\/bbqentertainment.com\/toode\/napoleoni-marinaadisustal-lihasustal-kiir-marineerimiseks\/#breadcrumb\",\"itemListElement\":[{\"@type\":\"ListItem\",\"position\":1,\"name\":\"AVALEHT\",\"item\":\"https:\/\/bbqentertainment.com\/en\/\"},{\"@type\":\"ListItem\",\"position\":2,\"name\":\"Tooted\",\"item\":\"https:\/\/bbqentertainment.com\/tooted\/\"},{\"@type\":\"ListItem\",\"position\":3,\"name\":\"Lisatarvikud\",\"item\":\"https:\/\/bbqentertainment.com\/tootekategooria\/lisatarvikud\/\"},{\"@type\":\"ListItem\",\"position\":4,\"name\":\"Lisatarvikud Napoleon\",\"item\":\"https:\/\/bbqentertainment.com\/tootekategooria\/lisatarvikud\/lisatarvikud-napoleon\/\"},{\"@type\":\"ListItem\",\"position\":5,\"name\":\"Napoleoni marinaadis\u00fcstal \/ lihas\u00fcstal kiir-marineerimiseks (kaks n\u00f5ela)\"}]},{\"@type\":\"WebSite\",\"@id\":\"https:\/\/bbqentertainment.com\/#website\",\"url\":\"https:\/\/bbqentertainment.com\/\",\"name\":\"BBQ Entertainment\",\"description\":\"BBQ is a great lifestyle, not just fun!\",\"publisher\":{\"@id\":\"https:\/\/bbqentertainment.com\/#organization\"},\"potentialAction\":[{\"@type\":\"SearchAction\",\"target\":{\"@type\":\"EntryPoint\",\"urlTemplate\":\"https:\/\/bbqentertainment.com\/?s={search_term_string}\"},\"query-input\":{\"@type\":\"PropertyValueSpecification\",\"valueRequired\":true,\"valueName\":\"search_term_string\"}}],\"inLanguage\":\"en-US\"},{\"@type\":\"Organization\",\"@id\":\"https:\/\/bbqentertainment.com\/#organization\",\"name\":\"BBQ Entertainment O\u00dc\",\"url\":\"https:\/\/bbqentertainment.com\/\",\"logo\":{\"@type\":\"ImageObject\",\"inLanguage\":\"en-US\",\"@id\":\"https:\/\/bbqentertainment.com\/#\/schema\/logo\/image\/\",\"url\":\"https:\/\/bbqentertainment.com\/wp-content\/uploads\/2020\/04\/BBQ-Entertainment-N-Catering-Enn-Tobreluts-Logo.png\",\"contentUrl\":\"https:\/\/bbqentertainment.com\/wp-content\/uploads\/2020\/04\/BBQ-Entertainment-N-Catering-Enn-Tobreluts-Logo.png\",\"width\":628,\"height\":266,\"caption\":\"BBQ Entertainment O\u00dc\"},\"image\":{\"@id\":\"https:\/\/bbqentertainment.com\/#\/schema\/logo\/image\/\"},\"sameAs\":[\"https:\/\/www.facebook.com\/BBQ-Entertainment-N-Catering-2437913376443540\",\"https:\/\/www.instagram.com\/bbqentertainmentncatering\/\",\"https:\/\/www.youtube.com\/channel\/UCmpuANQVhLy2Md8nrenp2jA\"]}]}<\/script>\n<!-- \/ Yoast SEO plugin. -->","yoast_head_json":{"title":"Napoleoni marinaadis\u00fcstal \/ lihas\u00fcstal kiir-marineerimiseks (kaks n\u00f5ela) - BBQ Entertainment","robots":{"index":"index","follow":"follow","max-snippet":"max-snippet:-1","max-image-preview":"max-image-preview:large","max-video-preview":"max-video-preview:-1"},"canonical":"https:\/\/bbqentertainment.com\/toode\/napoleoni-marinaadisustal-lihasustal-kiir-marineerimiseks\/","og_locale":"en_US","og_type":"article","og_title":"Napoleoni marinaadis\u00fcstal \/ lihas\u00fcstal kiir-marineerimiseks (kaks n\u00f5ela) - BBQ Entertainment","og_description":"Napoleoni marinaadis\u00fcstal \/ lihas\u00fcstal kiir-marineerimiseks Marinaadis\u00fcstal liha sisse marinaadi s\u00fcstimiseks. Roostevaba, kaks n\u00f5ela ja puhastusharjad. Saad kiiresti mahlase ja maitsva tulemuse.","og_url":"https:\/\/bbqentertainment.com\/toode\/napoleoni-marinaadisustal-lihasustal-kiir-marineerimiseks\/","og_site_name":"BBQ Entertainment","article_publisher":"https:\/\/www.facebook.com\/BBQ-Entertainment-N-Catering-2437913376443540","article_modified_time":"2026-04-06T09:26:52+00:00","og_image":[{"width":1116,"height":1116,"url":"https:\/\/bbqentertainment.com\/wp-content\/uploads\/2024\/01\/BBQ-Entertainment-Napoleoni-marinaadisustal-kiirmarineerimiseks-1.jpg","type":"image\/jpeg"}],"twitter_card":"summary_large_image","twitter_misc":{"Est. reading time":"1 minute"},"schema":{"@context":"https:\/\/schema.org","@graph":[{"@type":["WebPage","ItemPage"],"@id":"https:\/\/bbqentertainment.com\/toode\/napoleoni-marinaadisustal-lihasustal-kiir-marineerimiseks\/","url":"https:\/\/bbqentertainment.com\/toode\/napoleoni-marinaadisustal-lihasustal-kiir-marineerimiseks\/","name":"Napoleoni marinaadis\u00fcstal \/ lihas\u00fcstal kiir-marineerimiseks (kaks n\u00f5ela) - BBQ Entertainment","isPartOf":{"@id":"https:\/\/bbqentertainment.com\/#website"},"primaryImageOfPage":{"@id":"https:\/\/bbqentertainment.com\/toode\/napoleoni-marinaadisustal-lihasustal-kiir-marineerimiseks\/#primaryimage"},"image":{"@id":"https:\/\/bbqentertainment.com\/toode\/napoleoni-marinaadisustal-lihasustal-kiir-marineerimiseks\/#primaryimage"},"thumbnailUrl":"https:\/\/bbqentertainment.com\/wp-content\/uploads\/2024\/01\/BBQ-Entertainment-Napoleoni-marinaadisustal-kiirmarineerimiseks-1.jpg","datePublished":"2024-03-10T18:29:43+00:00","dateModified":"2026-04-06T09:26:52+00:00","breadcrumb":{"@id":"https:\/\/bbqentertainment.com\/toode\/napoleoni-marinaadisustal-lihasustal-kiir-marineerimiseks\/#breadcrumb"},"inLanguage":"en-US","potentialAction":[{"@type":"ReadAction","target":["https:\/\/bbqentertainment.com\/toode\/napoleoni-marinaadisustal-lihasustal-kiir-marineerimiseks\/"]}]},{"@type":"ImageObject","inLanguage":"en-US","@id":"https:\/\/bbqentertainment.com\/toode\/napoleoni-marinaadisustal-lihasustal-kiir-marineerimiseks\/#primaryimage","url":"https:\/\/bbqentertainment.com\/wp-content\/uploads\/2024\/01\/BBQ-Entertainment-Napoleoni-marinaadisustal-kiirmarineerimiseks-1.jpg","contentUrl":"https:\/\/bbqentertainment.com\/wp-content\/uploads\/2024\/01\/BBQ-Entertainment-Napoleoni-marinaadisustal-kiirmarineerimiseks-1.jpg","width":1116,"height":1116},{"@type":"BreadcrumbList","@id":"https:\/\/bbqentertainment.com\/toode\/napoleoni-marinaadisustal-lihasustal-kiir-marineerimiseks\/#breadcrumb","itemListElement":[{"@type":"ListItem","position":1,"name":"AVALEHT","item":"https:\/\/bbqentertainment.com\/en\/"},{"@type":"ListItem","position":2,"name":"Tooted","item":"https:\/\/bbqentertainment.com\/tooted\/"},{"@type":"ListItem","position":3,"name":"Lisatarvikud","item":"https:\/\/bbqentertainment.com\/tootekategooria\/lisatarvikud\/"},{"@type":"ListItem","position":4,"name":"Lisatarvikud Napoleon","item":"https:\/\/bbqentertainment.com\/tootekategooria\/lisatarvikud\/lisatarvikud-napoleon\/"},{"@type":"ListItem","position":5,"name":"Napoleoni marinaadis\u00fcstal \/ lihas\u00fcstal kiir-marineerimiseks (kaks n\u00f5ela)"}]},{"@type":"WebSite","@id":"https:\/\/bbqentertainment.com\/#website","url":"https:\/\/bbqentertainment.com\/","name":"BBQ Entertainment","description":"BBQ is a great lifestyle, not just fun!","publisher":{"@id":"https:\/\/bbqentertainment.com\/#organization"},"potentialAction":[{"@type":"SearchAction","target":{"@type":"EntryPoint","urlTemplate":"https:\/\/bbqentertainment.com\/?s={search_term_string}"},"query-input":{"@type":"PropertyValueSpecification","valueRequired":true,"valueName":"search_term_string"}}],"inLanguage":"en-US"},{"@type":"Organization","@id":"https:\/\/bbqentertainment.com\/#organization","name":"BBQ Entertainment O\u00dc","url":"https:\/\/bbqentertainment.com\/","logo":{"@type":"ImageObject","inLanguage":"en-US","@id":"https:\/\/bbqentertainment.com\/#\/schema\/logo\/image\/","url":"https:\/\/bbqentertainment.com\/wp-content\/uploads\/2020\/04\/BBQ-Entertainment-N-Catering-Enn-Tobreluts-Logo.png","contentUrl":"https:\/\/bbqentertainment.com\/wp-content\/uploads\/2020\/04\/BBQ-Entertainment-N-Catering-Enn-Tobreluts-Logo.png","width":628,"height":266,"caption":"BBQ Entertainment O\u00dc"},"image":{"@id":"https:\/\/bbqentertainment.com\/#\/schema\/logo\/image\/"},"sameAs":["https:\/\/www.facebook.com\/BBQ-Entertainment-N-Catering-2437913376443540","https:\/\/www.instagram.com\/bbqentertainmentncatering\/","https:\/\/www.youtube.com\/channel\/UCmpuANQVhLy2Md8nrenp2jA"]}]}},"_links":{"self":[{"href":"https:\/\/bbqentertainment.com\/en\/wp-json\/wp\/v2\/product\/244354","targetHints":{"allow":["GET"]}}],"collection":[{"href":"https:\/\/bbqentertainment.com\/en\/wp-json\/wp\/v2\/product"}],"about":[{"href":"https:\/\/bbqentertainment.com\/en\/wp-json\/wp\/v2\/types\/product"}],"wp:featuredmedia":[{"embeddable":true,"href":"https:\/\/bbqentertainment.com\/en\/wp-json\/wp\/v2\/media\/245529"}],"wp:attachment":[{"href":"https:\/\/bbqentertainment.com\/en\/wp-json\/wp\/v2\/media?parent=244354"}],"wp:term":[{"taxonomy":"product_brand","embeddable":true,"href":"https:\/\/bbqentertainment.com\/en\/wp-json\/wp\/v2\/product_brand?post=244354"},{"taxonomy":"product_cat","embeddable":true,"href":"https:\/\/bbqentertainment.com\/en\/wp-json\/wp\/v2\/product_cat?post=244354"},{"taxonomy":"product_tag","embeddable":true,"href":"https:\/\/bbqentertainment.com\/en\/wp-json\/wp\/v2\/product_tag?post=244354"}],"curies":[{"name":"wp","href":"https:\/\/api.w.org\/{rel}","templated":true}]}}