{"id":244419,"date":"2024-03-10T20:29:41","date_gmt":"2024-03-10T18:29:41","guid":{"rendered":"https:\/\/bbqentertainment.com\/?post_type=product&#038;p=244419"},"modified":"2026-04-06T12:26:52","modified_gmt":"2026-04-06T09:26:52","slug":"napoleon-naturaalsest-nahast-kuumakindad","status":"publish","type":"product","link":"https:\/\/bbqentertainment.com\/en\/toode\/napoleon-naturaalsest-nahast-kuumakindad\/","title":{"rendered":"Napoleon naturaalsest nahast kuumakindad"},"content":{"rendered":"","protected":false},"excerpt":{"rendered":"<h3><strong>Napoleon naturaalsest nahast kuumakindad<\/strong><\/h3>\n<p data-start=\"49\" data-end=\"316\">Napoleoni ehtsast lehmapeidist valmistatud hallid grillikindad pakuvad usaldusv\u00e4\u00e4rset kuumakaitset grillimisel, k\u00fcpsetamisel v\u00f5i t\u00f6\u00f6tamisel lahtise tulega. Tugev nahk ja vastupidav \u00f5mblus tagavad, et k\u00e4ed p\u00fcsivad turvaliselt kaitstud ka k\u00f5rgete temperatuuride juures.<\/p>\n<p data-start=\"318\" data-end=\"331\"><strong data-start=\"318\" data-end=\"331\">Omadused:<\/strong><\/p>\n<ul data-start=\"332\" data-end=\"761\">\n<li data-start=\"404\" data-end=\"494\">Suurep\u00e4rane kuumakaitse \u2013 sobib grillimiseks, suitsutamiseks ja ahjuga t\u00f6\u00f6tamiseks<\/li>\n<li data-start=\"495\" data-end=\"565\">Tugevdatud \u00f5mblused \u2013 lisakindlus kuumade esemete k\u00e4sitsemisel<\/li>\n<li data-start=\"566\" data-end=\"644\">Ekstra pikk k\u00e4ise osa \u2013 kaitseb ka k\u00e4sivarsi kuuma, s\u00e4demete ja auru eest<\/li>\n<li data-start=\"645\" data-end=\"697\">Pehme sisevooder \u2013 lisab mugavust ja kaitset<\/li>\n<li data-start=\"698\" data-end=\"761\">Riputusaasad \u2013 mugav hoiustada ja alati k\u00e4ep\u00e4rast hoida<\/li>\n<\/ul>\n","protected":false},"featured_media":245640,"template":"","meta":{"inline_featured_image":false},"product_brand":[],"product_cat":[92,562,374],"product_tag":[],"class_list":{"0":"post-244419","1":"product","2":"type-product","3":"status-publish","4":"has-post-thumbnail","6":"product_cat-lisatarvikud","7":"product_cat-lisatarvikud-napoleon","8":"product_cat-kokapolled-ja-kindad","10":"first","11":"instock","12":"taxable","13":"shipping-taxable","14":"purchasable","15":"product-type-simple"},"yoast_head":"<!-- This site is optimized with the Yoast SEO plugin v27.2 - https:\/\/yoast.com\/product\/yoast-seo-wordpress\/ -->\n<title>Napoleon naturaalsest nahast kuumakindad - BBQ Entertainment<\/title>\n<meta name=\"robots\" content=\"index, follow, max-snippet:-1, max-image-preview:large, max-video-preview:-1\" \/>\n<link rel=\"canonical\" href=\"https:\/\/bbqentertainment.com\/toode\/napoleon-naturaalsest-nahast-kuumakindad\/\" \/>\n<meta property=\"og:locale\" content=\"en_US\" \/>\n<meta property=\"og:type\" content=\"article\" \/>\n<meta property=\"og:title\" content=\"Napoleon naturaalsest nahast kuumakindad - BBQ Entertainment\" \/>\n<meta property=\"og:description\" content=\"Napoleon naturaalsest nahast kuumakindad Napoleoni ehtsast lehmapeidist valmistatud hallid grillikindad pakuvad usaldusv\u00e4\u00e4rset kuumakaitset grillimisel, k\u00fcpsetamisel v\u00f5i t\u00f6\u00f6tamisel lahtise tulega. Tugev nahk ja vastupidav \u00f5mblus tagavad, et k\u00e4ed p\u00fcsivad turvaliselt kaitstud ka k\u00f5rgete temperatuuride juures. Omadused:    Suurep\u00e4rane kuumakaitse \u2013 sobib grillimiseks, suitsutamiseks ja ahjuga t\u00f6\u00f6tamiseks  Tugevdatud \u00f5mblused \u2013 lisakindlus kuumade esemete k\u00e4sitsemisel  Ekstra pikk k\u00e4ise osa \u2013 kaitseb ka k\u00e4sivarsi kuuma, s\u00e4demete ja auru eest  Pehme sisevooder \u2013 lisab mugavust ja kaitset  Riputusaasad \u2013 mugav hoiustada ja alati k\u00e4ep\u00e4rast hoida\" \/>\n<meta property=\"og:url\" content=\"https:\/\/bbqentertainment.com\/toode\/napoleon-naturaalsest-nahast-kuumakindad\/\" \/>\n<meta property=\"og:site_name\" content=\"BBQ Entertainment\" \/>\n<meta property=\"article:publisher\" content=\"https:\/\/www.facebook.com\/BBQ-Entertainment-N-Catering-2437913376443540\" \/>\n<meta property=\"article:modified_time\" content=\"2026-04-06T09:26:52+00:00\" \/>\n<meta property=\"og:image\" content=\"https:\/\/bbqentertainment.com\/wp-content\/uploads\/2024\/01\/BBQ-Entertainment-Napoleon-naturaalsest-nahast-kindad-3.jpg\" \/>\n\t<meta property=\"og:image:width\" content=\"822\" \/>\n\t<meta property=\"og:image:height\" content=\"822\" \/>\n\t<meta property=\"og:image:type\" content=\"image\/jpeg\" \/>\n<meta name=\"twitter:card\" content=\"summary_large_image\" \/>\n<meta name=\"twitter:label1\" content=\"Est. reading time\" \/>\n\t<meta name=\"twitter:data1\" content=\"1 minute\" \/>\n<script type=\"application\/ld+json\" class=\"yoast-schema-graph\">{\"@context\":\"https:\/\/schema.org\",\"@graph\":[{\"@type\":[\"WebPage\",\"ItemPage\"],\"@id\":\"https:\/\/bbqentertainment.com\/toode\/napoleon-naturaalsest-nahast-kuumakindad\/\",\"url\":\"https:\/\/bbqentertainment.com\/toode\/napoleon-naturaalsest-nahast-kuumakindad\/\",\"name\":\"Napoleon naturaalsest nahast kuumakindad - BBQ Entertainment\",\"isPartOf\":{\"@id\":\"https:\/\/bbqentertainment.com\/#website\"},\"primaryImageOfPage\":{\"@id\":\"https:\/\/bbqentertainment.com\/toode\/napoleon-naturaalsest-nahast-kuumakindad\/#primaryimage\"},\"image\":{\"@id\":\"https:\/\/bbqentertainment.com\/toode\/napoleon-naturaalsest-nahast-kuumakindad\/#primaryimage\"},\"thumbnailUrl\":\"https:\/\/bbqentertainment.com\/wp-content\/uploads\/2024\/01\/BBQ-Entertainment-Napoleon-naturaalsest-nahast-kindad-3.jpg\",\"datePublished\":\"2024-03-10T18:29:41+00:00\",\"dateModified\":\"2026-04-06T09:26:52+00:00\",\"breadcrumb\":{\"@id\":\"https:\/\/bbqentertainment.com\/toode\/napoleon-naturaalsest-nahast-kuumakindad\/#breadcrumb\"},\"inLanguage\":\"en-US\",\"potentialAction\":[{\"@type\":\"ReadAction\",\"target\":[\"https:\/\/bbqentertainment.com\/toode\/napoleon-naturaalsest-nahast-kuumakindad\/\"]}]},{\"@type\":\"ImageObject\",\"inLanguage\":\"en-US\",\"@id\":\"https:\/\/bbqentertainment.com\/toode\/napoleon-naturaalsest-nahast-kuumakindad\/#primaryimage\",\"url\":\"https:\/\/bbqentertainment.com\/wp-content\/uploads\/2024\/01\/BBQ-Entertainment-Napoleon-naturaalsest-nahast-kindad-3.jpg\",\"contentUrl\":\"https:\/\/bbqentertainment.com\/wp-content\/uploads\/2024\/01\/BBQ-Entertainment-Napoleon-naturaalsest-nahast-kindad-3.jpg\",\"width\":822,\"height\":822},{\"@type\":\"BreadcrumbList\",\"@id\":\"https:\/\/bbqentertainment.com\/toode\/napoleon-naturaalsest-nahast-kuumakindad\/#breadcrumb\",\"itemListElement\":[{\"@type\":\"ListItem\",\"position\":1,\"name\":\"AVALEHT\",\"item\":\"https:\/\/bbqentertainment.com\/en\/\"},{\"@type\":\"ListItem\",\"position\":2,\"name\":\"Tooted\",\"item\":\"https:\/\/bbqentertainment.com\/tooted\/\"},{\"@type\":\"ListItem\",\"position\":3,\"name\":\"Lisatarvikud\",\"item\":\"https:\/\/bbqentertainment.com\/tootekategooria\/lisatarvikud\/\"},{\"@type\":\"ListItem\",\"position\":4,\"name\":\"Lisatarvikud Napoleon\",\"item\":\"https:\/\/bbqentertainment.com\/tootekategooria\/lisatarvikud\/lisatarvikud-napoleon\/\"},{\"@type\":\"ListItem\",\"position\":5,\"name\":\"Napoleon naturaalsest nahast kuumakindad\"}]},{\"@type\":\"WebSite\",\"@id\":\"https:\/\/bbqentertainment.com\/#website\",\"url\":\"https:\/\/bbqentertainment.com\/\",\"name\":\"BBQ Entertainment\",\"description\":\"BBQ is a great lifestyle, not just fun!\",\"publisher\":{\"@id\":\"https:\/\/bbqentertainment.com\/#organization\"},\"potentialAction\":[{\"@type\":\"SearchAction\",\"target\":{\"@type\":\"EntryPoint\",\"urlTemplate\":\"https:\/\/bbqentertainment.com\/?s={search_term_string}\"},\"query-input\":{\"@type\":\"PropertyValueSpecification\",\"valueRequired\":true,\"valueName\":\"search_term_string\"}}],\"inLanguage\":\"en-US\"},{\"@type\":\"Organization\",\"@id\":\"https:\/\/bbqentertainment.com\/#organization\",\"name\":\"BBQ Entertainment O\u00dc\",\"url\":\"https:\/\/bbqentertainment.com\/\",\"logo\":{\"@type\":\"ImageObject\",\"inLanguage\":\"en-US\",\"@id\":\"https:\/\/bbqentertainment.com\/#\/schema\/logo\/image\/\",\"url\":\"https:\/\/bbqentertainment.com\/wp-content\/uploads\/2020\/04\/BBQ-Entertainment-N-Catering-Enn-Tobreluts-Logo.png\",\"contentUrl\":\"https:\/\/bbqentertainment.com\/wp-content\/uploads\/2020\/04\/BBQ-Entertainment-N-Catering-Enn-Tobreluts-Logo.png\",\"width\":628,\"height\":266,\"caption\":\"BBQ Entertainment O\u00dc\"},\"image\":{\"@id\":\"https:\/\/bbqentertainment.com\/#\/schema\/logo\/image\/\"},\"sameAs\":[\"https:\/\/www.facebook.com\/BBQ-Entertainment-N-Catering-2437913376443540\",\"https:\/\/www.instagram.com\/bbqentertainmentncatering\/\",\"https:\/\/www.youtube.com\/channel\/UCmpuANQVhLy2Md8nrenp2jA\"]}]}<\/script>\n<!-- \/ Yoast SEO plugin. -->","yoast_head_json":{"title":"Napoleon naturaalsest nahast kuumakindad - BBQ Entertainment","robots":{"index":"index","follow":"follow","max-snippet":"max-snippet:-1","max-image-preview":"max-image-preview:large","max-video-preview":"max-video-preview:-1"},"canonical":"https:\/\/bbqentertainment.com\/toode\/napoleon-naturaalsest-nahast-kuumakindad\/","og_locale":"en_US","og_type":"article","og_title":"Napoleon naturaalsest nahast kuumakindad - BBQ Entertainment","og_description":"Napoleon naturaalsest nahast kuumakindad Napoleoni ehtsast lehmapeidist valmistatud hallid grillikindad pakuvad usaldusv\u00e4\u00e4rset kuumakaitset grillimisel, k\u00fcpsetamisel v\u00f5i t\u00f6\u00f6tamisel lahtise tulega. Tugev nahk ja vastupidav \u00f5mblus tagavad, et k\u00e4ed p\u00fcsivad turvaliselt kaitstud ka k\u00f5rgete temperatuuride juures. Omadused:    Suurep\u00e4rane kuumakaitse \u2013 sobib grillimiseks, suitsutamiseks ja ahjuga t\u00f6\u00f6tamiseks  Tugevdatud \u00f5mblused \u2013 lisakindlus kuumade esemete k\u00e4sitsemisel  Ekstra pikk k\u00e4ise osa \u2013 kaitseb ka k\u00e4sivarsi kuuma, s\u00e4demete ja auru eest  Pehme sisevooder \u2013 lisab mugavust ja kaitset  Riputusaasad \u2013 mugav hoiustada ja alati k\u00e4ep\u00e4rast hoida","og_url":"https:\/\/bbqentertainment.com\/toode\/napoleon-naturaalsest-nahast-kuumakindad\/","og_site_name":"BBQ Entertainment","article_publisher":"https:\/\/www.facebook.com\/BBQ-Entertainment-N-Catering-2437913376443540","article_modified_time":"2026-04-06T09:26:52+00:00","og_image":[{"width":822,"height":822,"url":"https:\/\/bbqentertainment.com\/wp-content\/uploads\/2024\/01\/BBQ-Entertainment-Napoleon-naturaalsest-nahast-kindad-3.jpg","type":"image\/jpeg"}],"twitter_card":"summary_large_image","twitter_misc":{"Est. reading time":"1 minute"},"schema":{"@context":"https:\/\/schema.org","@graph":[{"@type":["WebPage","ItemPage"],"@id":"https:\/\/bbqentertainment.com\/toode\/napoleon-naturaalsest-nahast-kuumakindad\/","url":"https:\/\/bbqentertainment.com\/toode\/napoleon-naturaalsest-nahast-kuumakindad\/","name":"Napoleon naturaalsest nahast kuumakindad - BBQ Entertainment","isPartOf":{"@id":"https:\/\/bbqentertainment.com\/#website"},"primaryImageOfPage":{"@id":"https:\/\/bbqentertainment.com\/toode\/napoleon-naturaalsest-nahast-kuumakindad\/#primaryimage"},"image":{"@id":"https:\/\/bbqentertainment.com\/toode\/napoleon-naturaalsest-nahast-kuumakindad\/#primaryimage"},"thumbnailUrl":"https:\/\/bbqentertainment.com\/wp-content\/uploads\/2024\/01\/BBQ-Entertainment-Napoleon-naturaalsest-nahast-kindad-3.jpg","datePublished":"2024-03-10T18:29:41+00:00","dateModified":"2026-04-06T09:26:52+00:00","breadcrumb":{"@id":"https:\/\/bbqentertainment.com\/toode\/napoleon-naturaalsest-nahast-kuumakindad\/#breadcrumb"},"inLanguage":"en-US","potentialAction":[{"@type":"ReadAction","target":["https:\/\/bbqentertainment.com\/toode\/napoleon-naturaalsest-nahast-kuumakindad\/"]}]},{"@type":"ImageObject","inLanguage":"en-US","@id":"https:\/\/bbqentertainment.com\/toode\/napoleon-naturaalsest-nahast-kuumakindad\/#primaryimage","url":"https:\/\/bbqentertainment.com\/wp-content\/uploads\/2024\/01\/BBQ-Entertainment-Napoleon-naturaalsest-nahast-kindad-3.jpg","contentUrl":"https:\/\/bbqentertainment.com\/wp-content\/uploads\/2024\/01\/BBQ-Entertainment-Napoleon-naturaalsest-nahast-kindad-3.jpg","width":822,"height":822},{"@type":"BreadcrumbList","@id":"https:\/\/bbqentertainment.com\/toode\/napoleon-naturaalsest-nahast-kuumakindad\/#breadcrumb","itemListElement":[{"@type":"ListItem","position":1,"name":"AVALEHT","item":"https:\/\/bbqentertainment.com\/en\/"},{"@type":"ListItem","position":2,"name":"Tooted","item":"https:\/\/bbqentertainment.com\/tooted\/"},{"@type":"ListItem","position":3,"name":"Lisatarvikud","item":"https:\/\/bbqentertainment.com\/tootekategooria\/lisatarvikud\/"},{"@type":"ListItem","position":4,"name":"Lisatarvikud Napoleon","item":"https:\/\/bbqentertainment.com\/tootekategooria\/lisatarvikud\/lisatarvikud-napoleon\/"},{"@type":"ListItem","position":5,"name":"Napoleon naturaalsest nahast kuumakindad"}]},{"@type":"WebSite","@id":"https:\/\/bbqentertainment.com\/#website","url":"https:\/\/bbqentertainment.com\/","name":"BBQ Entertainment","description":"BBQ is a great lifestyle, not just fun!","publisher":{"@id":"https:\/\/bbqentertainment.com\/#organization"},"potentialAction":[{"@type":"SearchAction","target":{"@type":"EntryPoint","urlTemplate":"https:\/\/bbqentertainment.com\/?s={search_term_string}"},"query-input":{"@type":"PropertyValueSpecification","valueRequired":true,"valueName":"search_term_string"}}],"inLanguage":"en-US"},{"@type":"Organization","@id":"https:\/\/bbqentertainment.com\/#organization","name":"BBQ Entertainment O\u00dc","url":"https:\/\/bbqentertainment.com\/","logo":{"@type":"ImageObject","inLanguage":"en-US","@id":"https:\/\/bbqentertainment.com\/#\/schema\/logo\/image\/","url":"https:\/\/bbqentertainment.com\/wp-content\/uploads\/2020\/04\/BBQ-Entertainment-N-Catering-Enn-Tobreluts-Logo.png","contentUrl":"https:\/\/bbqentertainment.com\/wp-content\/uploads\/2020\/04\/BBQ-Entertainment-N-Catering-Enn-Tobreluts-Logo.png","width":628,"height":266,"caption":"BBQ Entertainment O\u00dc"},"image":{"@id":"https:\/\/bbqentertainment.com\/#\/schema\/logo\/image\/"},"sameAs":["https:\/\/www.facebook.com\/BBQ-Entertainment-N-Catering-2437913376443540","https:\/\/www.instagram.com\/bbqentertainmentncatering\/","https:\/\/www.youtube.com\/channel\/UCmpuANQVhLy2Md8nrenp2jA"]}]}},"_links":{"self":[{"href":"https:\/\/bbqentertainment.com\/en\/wp-json\/wp\/v2\/product\/244419","targetHints":{"allow":["GET"]}}],"collection":[{"href":"https:\/\/bbqentertainment.com\/en\/wp-json\/wp\/v2\/product"}],"about":[{"href":"https:\/\/bbqentertainment.com\/en\/wp-json\/wp\/v2\/types\/product"}],"wp:featuredmedia":[{"embeddable":true,"href":"https:\/\/bbqentertainment.com\/en\/wp-json\/wp\/v2\/media\/245640"}],"wp:attachment":[{"href":"https:\/\/bbqentertainment.com\/en\/wp-json\/wp\/v2\/media?parent=244419"}],"wp:term":[{"taxonomy":"product_brand","embeddable":true,"href":"https:\/\/bbqentertainment.com\/en\/wp-json\/wp\/v2\/product_brand?post=244419"},{"taxonomy":"product_cat","embeddable":true,"href":"https:\/\/bbqentertainment.com\/en\/wp-json\/wp\/v2\/product_cat?post=244419"},{"taxonomy":"product_tag","embeddable":true,"href":"https:\/\/bbqentertainment.com\/en\/wp-json\/wp\/v2\/product_tag?post=244419"}],"curies":[{"name":"wp","href":"https:\/\/api.w.org\/{rel}","templated":true}]}}