{"id":244456,"date":"2024-03-10T20:29:41","date_gmt":"2024-03-10T18:29:41","guid":{"rendered":"https:\/\/bbqentertainment.com\/?post_type=product&#038;p=244456"},"modified":"2026-04-16T13:56:22","modified_gmt":"2026-04-16T10:56:22","slug":"napoleon-kokkuvolditav-pizzalabidas","status":"publish","type":"product","link":"https:\/\/bbqentertainment.com\/en\/toode\/napoleon-kokkuvolditav-pizzalabidas\/","title":{"rendered":"Napoleon kokkuvolditav pizzalabidas"},"content":{"rendered":"","protected":false},"excerpt":{"rendered":"<h3><strong>Napoleon kokkuvolditav pizzalabidas<\/strong><\/h3>\n<p class=\"\" data-start=\"61\" data-end=\"360\">Napoleoni roostevabast terasest pitsalabidas on h\u00e4davajalik t\u00f6\u00f6riist iga pitsa valmistaja jaoks. Tugev labidas v\u00f5imaldab t\u00f5sta pitsat kergelt ja kindlalt, ilma et p\u00f5hjakiht rebeneks v\u00f5i vajuks l\u00e4bi. Labida pikk vars muudab selle sobivaks kasutamiseks kuumal grillil, hoides k\u00e4ed turvalisel kaugusel.<\/p>\n<p class=\"\" data-start=\"362\" data-end=\"510\">Kummist libisemisvastane kate varrel tagab kindla haarde, ka kuumades ja niisketes tingimustes. Ruumi s\u00e4\u00e4stmiseks saab varre mugavalt kokku voltida.<\/p>\n<p class=\"\" data-start=\"726\" data-end=\"739\"><strong data-start=\"726\" data-end=\"737\">M\u00f5\u00f5dud:<\/strong><\/p>\n<ul data-start=\"740\" data-end=\"823\" data-is-last-node=\"\" data-is-only-node=\"\">\n<li class=\"\" data-start=\"740\" data-end=\"763\">\n<p class=\"\" data-start=\"742\" data-end=\"763\">labida laius: 30 cm<\/p>\n<\/li>\n<li class=\"\" data-start=\"764\" data-end=\"790\">\n<p class=\"\" data-start=\"766\" data-end=\"790\">labida pikkus: 31,5 cm<\/p>\n<\/li>\n<li class=\"\" data-start=\"791\" data-end=\"823\">\n<p class=\"\" data-start=\"793\" data-end=\"823\">kogupikkus koos varrega: 70 cm<\/p>\n<\/li>\n<\/ul>\n<h3 class=\"quantity\"><\/h3>\n","protected":false},"featured_media":245653,"template":"","meta":{"inline_featured_image":false},"product_brand":[],"product_cat":[436,92,562],"product_tag":[],"class_list":{"0":"post-244456","1":"product","2":"type-product","3":"status-publish","4":"has-post-thumbnail","6":"product_cat-pizzaahjud-tarvikud","7":"product_cat-lisatarvikud","8":"product_cat-lisatarvikud-napoleon","10":"first","11":"instock","12":"taxable","13":"shipping-taxable","14":"purchasable","15":"product-type-simple"},"yoast_head":"<!-- This site is optimized with the Yoast SEO plugin v27.4 - https:\/\/yoast.com\/product\/yoast-seo-wordpress\/ -->\n<title>Napoleon kokkuvolditav pizzalabidas - BBQ Entertainment<\/title>\n<meta name=\"robots\" content=\"index, follow, max-snippet:-1, max-image-preview:large, max-video-preview:-1\" \/>\n<link rel=\"canonical\" href=\"https:\/\/bbqentertainment.com\/toode\/napoleon-kokkuvolditav-pizzalabidas\/\" \/>\n<meta property=\"og:locale\" content=\"en_US\" \/>\n<meta property=\"og:type\" content=\"article\" \/>\n<meta property=\"og:title\" content=\"Napoleon kokkuvolditav pizzalabidas - BBQ Entertainment\" \/>\n<meta property=\"og:description\" content=\"Napoleon kokkuvolditav pizzalabidas Napoleoni roostevabast terasest pitsalabidas on h\u00e4davajalik t\u00f6\u00f6riist iga pitsa valmistaja jaoks. Tugev labidas v\u00f5imaldab t\u00f5sta pitsat kergelt ja kindlalt, ilma et p\u00f5hjakiht rebeneks v\u00f5i vajuks l\u00e4bi. Labida pikk vars muudab selle sobivaks kasutamiseks kuumal grillil, hoides k\u00e4ed turvalisel kaugusel. Kummist libisemisvastane kate varrel tagab kindla haarde, ka kuumades ja niisketes tingimustes. Ruumi s\u00e4\u00e4stmiseks saab varre mugavalt kokku voltida. M\u00f5\u00f5dud:     labida laius: 30 cm    labida pikkus: 31,5 cm    kogupikkus koos varrega: 70 cm\" \/>\n<meta property=\"og:url\" content=\"https:\/\/bbqentertainment.com\/toode\/napoleon-kokkuvolditav-pizzalabidas\/\" \/>\n<meta property=\"og:site_name\" content=\"BBQ Entertainment\" \/>\n<meta property=\"article:publisher\" content=\"https:\/\/www.facebook.com\/BBQ-Entertainment-N-Catering-2437913376443540\" \/>\n<meta property=\"article:modified_time\" content=\"2026-04-16T10:56:22+00:00\" \/>\n<meta property=\"og:image\" content=\"https:\/\/bbqentertainment.com\/wp-content\/uploads\/2024\/01\/BBQ-Entertainment-Napoleon-kokkuvolditav-pitsalabidas-3.jpg\" \/>\n\t<meta property=\"og:image:width\" content=\"1065\" \/>\n\t<meta property=\"og:image:height\" content=\"1065\" \/>\n\t<meta property=\"og:image:type\" content=\"image\/jpeg\" \/>\n<meta name=\"twitter:card\" content=\"summary_large_image\" \/>\n<meta name=\"twitter:label1\" content=\"Est. reading time\" \/>\n\t<meta name=\"twitter:data1\" content=\"1 minute\" \/>\n<script type=\"application\/ld+json\" class=\"yoast-schema-graph\">{\"@context\":\"https:\\\/\\\/schema.org\",\"@graph\":[{\"@type\":[\"WebPage\",\"ItemPage\"],\"@id\":\"https:\\\/\\\/bbqentertainment.com\\\/toode\\\/napoleon-kokkuvolditav-pizzalabidas\\\/\",\"url\":\"https:\\\/\\\/bbqentertainment.com\\\/toode\\\/napoleon-kokkuvolditav-pizzalabidas\\\/\",\"name\":\"Napoleon kokkuvolditav pizzalabidas - BBQ Entertainment\",\"isPartOf\":{\"@id\":\"https:\\\/\\\/bbqentertainment.com\\\/#website\"},\"primaryImageOfPage\":{\"@id\":\"https:\\\/\\\/bbqentertainment.com\\\/toode\\\/napoleon-kokkuvolditav-pizzalabidas\\\/#primaryimage\"},\"image\":{\"@id\":\"https:\\\/\\\/bbqentertainment.com\\\/toode\\\/napoleon-kokkuvolditav-pizzalabidas\\\/#primaryimage\"},\"thumbnailUrl\":\"https:\\\/\\\/bbqentertainment.com\\\/wp-content\\\/uploads\\\/2024\\\/01\\\/BBQ-Entertainment-Napoleon-kokkuvolditav-pitsalabidas-3.jpg\",\"datePublished\":\"2024-03-10T18:29:41+00:00\",\"dateModified\":\"2026-04-16T10:56:22+00:00\",\"breadcrumb\":{\"@id\":\"https:\\\/\\\/bbqentertainment.com\\\/toode\\\/napoleon-kokkuvolditav-pizzalabidas\\\/#breadcrumb\"},\"inLanguage\":\"en-US\",\"potentialAction\":[{\"@type\":\"ReadAction\",\"target\":[\"https:\\\/\\\/bbqentertainment.com\\\/toode\\\/napoleon-kokkuvolditav-pizzalabidas\\\/\"]}]},{\"@type\":\"ImageObject\",\"inLanguage\":\"en-US\",\"@id\":\"https:\\\/\\\/bbqentertainment.com\\\/toode\\\/napoleon-kokkuvolditav-pizzalabidas\\\/#primaryimage\",\"url\":\"https:\\\/\\\/bbqentertainment.com\\\/wp-content\\\/uploads\\\/2024\\\/01\\\/BBQ-Entertainment-Napoleon-kokkuvolditav-pitsalabidas-3.jpg\",\"contentUrl\":\"https:\\\/\\\/bbqentertainment.com\\\/wp-content\\\/uploads\\\/2024\\\/01\\\/BBQ-Entertainment-Napoleon-kokkuvolditav-pitsalabidas-3.jpg\",\"width\":1065,\"height\":1065},{\"@type\":\"BreadcrumbList\",\"@id\":\"https:\\\/\\\/bbqentertainment.com\\\/toode\\\/napoleon-kokkuvolditav-pizzalabidas\\\/#breadcrumb\",\"itemListElement\":[{\"@type\":\"ListItem\",\"position\":1,\"name\":\"AVALEHT\",\"item\":\"https:\\\/\\\/bbqentertainment.com\\\/en\\\/\"},{\"@type\":\"ListItem\",\"position\":2,\"name\":\"Tooted\",\"item\":\"https:\\\/\\\/bbqentertainment.com\\\/tooted\\\/\"},{\"@type\":\"ListItem\",\"position\":3,\"name\":\"Lisatarvikud\",\"item\":\"https:\\\/\\\/bbqentertainment.com\\\/tootekategooria\\\/lisatarvikud\\\/\"},{\"@type\":\"ListItem\",\"position\":4,\"name\":\"Lisatarvikud Napoleon\",\"item\":\"https:\\\/\\\/bbqentertainment.com\\\/tootekategooria\\\/lisatarvikud\\\/lisatarvikud-napoleon\\\/\"},{\"@type\":\"ListItem\",\"position\":5,\"name\":\"Napoleon kokkuvolditav pizzalabidas\"}]},{\"@type\":\"WebSite\",\"@id\":\"https:\\\/\\\/bbqentertainment.com\\\/#website\",\"url\":\"https:\\\/\\\/bbqentertainment.com\\\/\",\"name\":\"BBQ Entertainment\",\"description\":\"BBQ is a great lifestyle, not just fun!\",\"publisher\":{\"@id\":\"https:\\\/\\\/bbqentertainment.com\\\/#organization\"},\"potentialAction\":[{\"@type\":\"SearchAction\",\"target\":{\"@type\":\"EntryPoint\",\"urlTemplate\":\"https:\\\/\\\/bbqentertainment.com\\\/?s={search_term_string}\"},\"query-input\":{\"@type\":\"PropertyValueSpecification\",\"valueRequired\":true,\"valueName\":\"search_term_string\"}}],\"inLanguage\":\"en-US\"},{\"@type\":\"Organization\",\"@id\":\"https:\\\/\\\/bbqentertainment.com\\\/#organization\",\"name\":\"BBQ Entertainment O\u00dc\",\"url\":\"https:\\\/\\\/bbqentertainment.com\\\/\",\"logo\":{\"@type\":\"ImageObject\",\"inLanguage\":\"en-US\",\"@id\":\"https:\\\/\\\/bbqentertainment.com\\\/#\\\/schema\\\/logo\\\/image\\\/\",\"url\":\"https:\\\/\\\/bbqentertainment.com\\\/wp-content\\\/uploads\\\/2020\\\/04\\\/BBQ-Entertainment-N-Catering-Enn-Tobreluts-Logo.png\",\"contentUrl\":\"https:\\\/\\\/bbqentertainment.com\\\/wp-content\\\/uploads\\\/2020\\\/04\\\/BBQ-Entertainment-N-Catering-Enn-Tobreluts-Logo.png\",\"width\":628,\"height\":266,\"caption\":\"BBQ Entertainment O\u00dc\"},\"image\":{\"@id\":\"https:\\\/\\\/bbqentertainment.com\\\/#\\\/schema\\\/logo\\\/image\\\/\"},\"sameAs\":[\"https:\\\/\\\/www.facebook.com\\\/BBQ-Entertainment-N-Catering-2437913376443540\",\"https:\\\/\\\/www.instagram.com\\\/bbqentertainmentncatering\\\/\",\"https:\\\/\\\/www.youtube.com\\\/channel\\\/UCmpuANQVhLy2Md8nrenp2jA\"]}]}<\/script>\n<!-- \/ Yoast SEO plugin. -->","yoast_head_json":{"title":"Napoleon kokkuvolditav pizzalabidas - BBQ Entertainment","robots":{"index":"index","follow":"follow","max-snippet":"max-snippet:-1","max-image-preview":"max-image-preview:large","max-video-preview":"max-video-preview:-1"},"canonical":"https:\/\/bbqentertainment.com\/toode\/napoleon-kokkuvolditav-pizzalabidas\/","og_locale":"en_US","og_type":"article","og_title":"Napoleon kokkuvolditav pizzalabidas - BBQ Entertainment","og_description":"Napoleon kokkuvolditav pizzalabidas Napoleoni roostevabast terasest pitsalabidas on h\u00e4davajalik t\u00f6\u00f6riist iga pitsa valmistaja jaoks. Tugev labidas v\u00f5imaldab t\u00f5sta pitsat kergelt ja kindlalt, ilma et p\u00f5hjakiht rebeneks v\u00f5i vajuks l\u00e4bi. Labida pikk vars muudab selle sobivaks kasutamiseks kuumal grillil, hoides k\u00e4ed turvalisel kaugusel. Kummist libisemisvastane kate varrel tagab kindla haarde, ka kuumades ja niisketes tingimustes. Ruumi s\u00e4\u00e4stmiseks saab varre mugavalt kokku voltida. M\u00f5\u00f5dud:     labida laius: 30 cm    labida pikkus: 31,5 cm    kogupikkus koos varrega: 70 cm","og_url":"https:\/\/bbqentertainment.com\/toode\/napoleon-kokkuvolditav-pizzalabidas\/","og_site_name":"BBQ Entertainment","article_publisher":"https:\/\/www.facebook.com\/BBQ-Entertainment-N-Catering-2437913376443540","article_modified_time":"2026-04-16T10:56:22+00:00","og_image":[{"width":1065,"height":1065,"url":"https:\/\/bbqentertainment.com\/wp-content\/uploads\/2024\/01\/BBQ-Entertainment-Napoleon-kokkuvolditav-pitsalabidas-3.jpg","type":"image\/jpeg"}],"twitter_card":"summary_large_image","twitter_misc":{"Est. reading time":"1 minute"},"schema":{"@context":"https:\/\/schema.org","@graph":[{"@type":["WebPage","ItemPage"],"@id":"https:\/\/bbqentertainment.com\/toode\/napoleon-kokkuvolditav-pizzalabidas\/","url":"https:\/\/bbqentertainment.com\/toode\/napoleon-kokkuvolditav-pizzalabidas\/","name":"Napoleon kokkuvolditav pizzalabidas - BBQ Entertainment","isPartOf":{"@id":"https:\/\/bbqentertainment.com\/#website"},"primaryImageOfPage":{"@id":"https:\/\/bbqentertainment.com\/toode\/napoleon-kokkuvolditav-pizzalabidas\/#primaryimage"},"image":{"@id":"https:\/\/bbqentertainment.com\/toode\/napoleon-kokkuvolditav-pizzalabidas\/#primaryimage"},"thumbnailUrl":"https:\/\/bbqentertainment.com\/wp-content\/uploads\/2024\/01\/BBQ-Entertainment-Napoleon-kokkuvolditav-pitsalabidas-3.jpg","datePublished":"2024-03-10T18:29:41+00:00","dateModified":"2026-04-16T10:56:22+00:00","breadcrumb":{"@id":"https:\/\/bbqentertainment.com\/toode\/napoleon-kokkuvolditav-pizzalabidas\/#breadcrumb"},"inLanguage":"en-US","potentialAction":[{"@type":"ReadAction","target":["https:\/\/bbqentertainment.com\/toode\/napoleon-kokkuvolditav-pizzalabidas\/"]}]},{"@type":"ImageObject","inLanguage":"en-US","@id":"https:\/\/bbqentertainment.com\/toode\/napoleon-kokkuvolditav-pizzalabidas\/#primaryimage","url":"https:\/\/bbqentertainment.com\/wp-content\/uploads\/2024\/01\/BBQ-Entertainment-Napoleon-kokkuvolditav-pitsalabidas-3.jpg","contentUrl":"https:\/\/bbqentertainment.com\/wp-content\/uploads\/2024\/01\/BBQ-Entertainment-Napoleon-kokkuvolditav-pitsalabidas-3.jpg","width":1065,"height":1065},{"@type":"BreadcrumbList","@id":"https:\/\/bbqentertainment.com\/toode\/napoleon-kokkuvolditav-pizzalabidas\/#breadcrumb","itemListElement":[{"@type":"ListItem","position":1,"name":"AVALEHT","item":"https:\/\/bbqentertainment.com\/en\/"},{"@type":"ListItem","position":2,"name":"Tooted","item":"https:\/\/bbqentertainment.com\/tooted\/"},{"@type":"ListItem","position":3,"name":"Lisatarvikud","item":"https:\/\/bbqentertainment.com\/tootekategooria\/lisatarvikud\/"},{"@type":"ListItem","position":4,"name":"Lisatarvikud Napoleon","item":"https:\/\/bbqentertainment.com\/tootekategooria\/lisatarvikud\/lisatarvikud-napoleon\/"},{"@type":"ListItem","position":5,"name":"Napoleon kokkuvolditav pizzalabidas"}]},{"@type":"WebSite","@id":"https:\/\/bbqentertainment.com\/#website","url":"https:\/\/bbqentertainment.com\/","name":"BBQ Entertainment","description":"BBQ is a great lifestyle, not just fun!","publisher":{"@id":"https:\/\/bbqentertainment.com\/#organization"},"potentialAction":[{"@type":"SearchAction","target":{"@type":"EntryPoint","urlTemplate":"https:\/\/bbqentertainment.com\/?s={search_term_string}"},"query-input":{"@type":"PropertyValueSpecification","valueRequired":true,"valueName":"search_term_string"}}],"inLanguage":"en-US"},{"@type":"Organization","@id":"https:\/\/bbqentertainment.com\/#organization","name":"BBQ Entertainment O\u00dc","url":"https:\/\/bbqentertainment.com\/","logo":{"@type":"ImageObject","inLanguage":"en-US","@id":"https:\/\/bbqentertainment.com\/#\/schema\/logo\/image\/","url":"https:\/\/bbqentertainment.com\/wp-content\/uploads\/2020\/04\/BBQ-Entertainment-N-Catering-Enn-Tobreluts-Logo.png","contentUrl":"https:\/\/bbqentertainment.com\/wp-content\/uploads\/2020\/04\/BBQ-Entertainment-N-Catering-Enn-Tobreluts-Logo.png","width":628,"height":266,"caption":"BBQ Entertainment O\u00dc"},"image":{"@id":"https:\/\/bbqentertainment.com\/#\/schema\/logo\/image\/"},"sameAs":["https:\/\/www.facebook.com\/BBQ-Entertainment-N-Catering-2437913376443540","https:\/\/www.instagram.com\/bbqentertainmentncatering\/","https:\/\/www.youtube.com\/channel\/UCmpuANQVhLy2Md8nrenp2jA"]}]}},"_links":{"self":[{"href":"https:\/\/bbqentertainment.com\/en\/wp-json\/wp\/v2\/product\/244456","targetHints":{"allow":["GET"]}}],"collection":[{"href":"https:\/\/bbqentertainment.com\/en\/wp-json\/wp\/v2\/product"}],"about":[{"href":"https:\/\/bbqentertainment.com\/en\/wp-json\/wp\/v2\/types\/product"}],"wp:featuredmedia":[{"embeddable":true,"href":"https:\/\/bbqentertainment.com\/en\/wp-json\/wp\/v2\/media\/245653"}],"wp:attachment":[{"href":"https:\/\/bbqentertainment.com\/en\/wp-json\/wp\/v2\/media?parent=244456"}],"wp:term":[{"taxonomy":"product_brand","embeddable":true,"href":"https:\/\/bbqentertainment.com\/en\/wp-json\/wp\/v2\/product_brand?post=244456"},{"taxonomy":"product_cat","embeddable":true,"href":"https:\/\/bbqentertainment.com\/en\/wp-json\/wp\/v2\/product_cat?post=244456"},{"taxonomy":"product_tag","embeddable":true,"href":"https:\/\/bbqentertainment.com\/en\/wp-json\/wp\/v2\/product_tag?post=244456"}],"curies":[{"name":"wp","href":"https:\/\/api.w.org\/{rel}","templated":true}]}}