{"id":244550,"date":"2024-03-10T20:29:39","date_gmt":"2024-03-10T18:29:39","guid":{"rendered":"https:\/\/bbqentertainment.com\/?post_type=product&#038;p=244550"},"modified":"2026-04-06T12:26:40","modified_gmt":"2026-04-06T09:26:40","slug":"napoleon-pizza-lover-pizzatarvikute-taiskomplekt","status":"publish","type":"product","link":"https:\/\/bbqentertainment.com\/en\/toode\/napoleon-pizza-lover-pizzatarvikute-taiskomplekt\/","title":{"rendered":"Napoleon Pizza Lover pizzatarvikute t\u00e4iskomplekt"},"content":{"rendered":"","protected":false},"excerpt":{"rendered":"<h3><strong>Napoleon Pizza Lover pizzatarvikute t\u00e4iskomplekt<\/strong><\/h3>\n<p class=\"\" data-start=\"57\" data-end=\"280\">Napoleoni Pizza Lover komplekt sisaldab k\u00f5ike, mida vajad kodus pizzeria-stiilis pitsade valmistamiseks \u2013 lisada tuleb vaid sinu lemmikkoostisosad. Komplekti kuuluvad pizzakivi, pitsal\u00f5ikur, spaatel ja labidas koos riiviga.<\/p>\n<p class=\"\" data-start=\"282\" data-end=\"507\">Pizzakivi poorne pind imab taignast liigse niiskuse, t\u00e4nu millele k\u00fcpseb p\u00f5hjakiht m\u00f5nusalt kr\u00f5bedaks. Kivi sobib kasutamiseks ka leiva v\u00f5i k\u00fcpsiste k\u00fcpsetamiseks ning muutub iga kasutuskorraga paremaks, sarnaselt valurauale.<\/p>\n<p class=\"\" data-start=\"509\" data-end=\"524\"><strong data-start=\"509\" data-end=\"522\">Omadused:<\/strong><\/p>\n<ul data-start=\"525\" data-end=\"810\">\n<li class=\"\" data-start=\"525\" data-end=\"599\">\n<p class=\"\" data-start=\"527\" data-end=\"599\">4-osaline komplekt: pizzakivi, pitsal\u00f5ikur, spaatel ja labidas riiviga<\/p>\n<\/li>\n<li class=\"\" data-start=\"600\" data-end=\"663\">\n<p class=\"\" data-start=\"602\" data-end=\"663\">pizzakivi eemaldab taignast niiskuse ja tagab kr\u00f5beda p\u00f5hja<\/p>\n<\/li>\n<li class=\"\" data-start=\"664\" data-end=\"709\">\n<p class=\"\" data-start=\"666\" data-end=\"709\">sobib ka leiva ja k\u00fcpsiste valmistamiseks<\/p>\n<\/li>\n<li class=\"\" data-start=\"710\" data-end=\"743\">\n<p class=\"\" data-start=\"712\" data-end=\"743\">kivi muutub ajapikku paremaks<\/p>\n<\/li>\n<li class=\"\" data-start=\"744\" data-end=\"810\">\n<p class=\"\" data-start=\"746\" data-end=\"810\">k\u00e4sitsipestav (ilma seebi ja abrasiivsete puhastusvahenditeta)<\/p>\n<\/li>\n<\/ul>\n<p class=\"\" data-start=\"812\" data-end=\"825\"><strong data-start=\"812\" data-end=\"823\">M\u00f5\u00f5dud:<\/strong><\/p>\n<ul data-start=\"826\" data-end=\"858\" data-is-last-node=\"\" data-is-only-node=\"\">\n<li class=\"\" data-start=\"826\" data-end=\"858\">\n<p class=\"\" data-start=\"828\" data-end=\"858\">pizzakivi diagonaalm\u00f5\u00f5t: 30 cm<\/p>\n<\/li>\n<\/ul>\n","protected":false},"featured_media":245775,"template":"","meta":{"inline_featured_image":false},"product_brand":[],"product_cat":[436,92,562],"product_tag":[],"class_list":{"0":"post-244550","1":"product","2":"type-product","3":"status-publish","4":"has-post-thumbnail","6":"product_cat-pizzaahjud-tarvikud","7":"product_cat-lisatarvikud","8":"product_cat-lisatarvikud-napoleon","10":"first","11":"instock","12":"taxable","13":"shipping-taxable","14":"purchasable","15":"product-type-simple"},"yoast_head":"<!-- This site is optimized with the Yoast SEO plugin v27.2 - https:\/\/yoast.com\/product\/yoast-seo-wordpress\/ -->\n<title>Napoleon Pizza Lover pizzatarvikute t\u00e4iskomplekt - BBQ Entertainment<\/title>\n<meta name=\"robots\" content=\"index, follow, max-snippet:-1, max-image-preview:large, max-video-preview:-1\" \/>\n<link rel=\"canonical\" href=\"https:\/\/bbqentertainment.com\/toode\/napoleon-pizza-lover-pizzatarvikute-taiskomplekt\/\" \/>\n<meta property=\"og:locale\" content=\"en_US\" \/>\n<meta property=\"og:type\" content=\"article\" \/>\n<meta property=\"og:title\" content=\"Napoleon Pizza Lover pizzatarvikute t\u00e4iskomplekt - BBQ Entertainment\" \/>\n<meta property=\"og:description\" content=\"Napoleon Pizza Lover pizzatarvikute t\u00e4iskomplekt Napoleoni Pizza Lover komplekt sisaldab k\u00f5ike, mida vajad kodus pizzeria-stiilis pitsade valmistamiseks \u2013 lisada tuleb vaid sinu lemmikkoostisosad. Komplekti kuuluvad pizzakivi, pitsal\u00f5ikur, spaatel ja labidas koos riiviga. Pizzakivi poorne pind imab taignast liigse niiskuse, t\u00e4nu millele k\u00fcpseb p\u00f5hjakiht m\u00f5nusalt kr\u00f5bedaks. Kivi sobib kasutamiseks ka leiva v\u00f5i k\u00fcpsiste k\u00fcpsetamiseks ning muutub iga kasutuskorraga paremaks, sarnaselt valurauale. Omadused:     4-osaline komplekt: pizzakivi, pitsal\u00f5ikur, spaatel ja labidas riiviga    pizzakivi eemaldab taignast niiskuse ja tagab kr\u00f5beda p\u00f5hja    sobib ka leiva ja k\u00fcpsiste valmistamiseks    kivi muutub ajapikku paremaks    k\u00e4sitsipestav (ilma seebi ja abrasiivsete puhastusvahenditeta)   M\u00f5\u00f5dud:     pizzakivi diagonaalm\u00f5\u00f5t: 30 cm\" \/>\n<meta property=\"og:url\" content=\"https:\/\/bbqentertainment.com\/toode\/napoleon-pizza-lover-pizzatarvikute-taiskomplekt\/\" \/>\n<meta property=\"og:site_name\" content=\"BBQ Entertainment\" \/>\n<meta property=\"article:publisher\" content=\"https:\/\/www.facebook.com\/BBQ-Entertainment-N-Catering-2437913376443540\" \/>\n<meta property=\"article:modified_time\" content=\"2026-04-06T09:26:40+00:00\" \/>\n<meta property=\"og:image\" content=\"https:\/\/bbqentertainment.com\/wp-content\/uploads\/2024\/01\/BBQ-Entertainment-Napoleon-Pizza-Lover-pitsatarvikute-taiskomplekt-1.jpg\" \/>\n\t<meta property=\"og:image:width\" content=\"897\" \/>\n\t<meta property=\"og:image:height\" content=\"897\" \/>\n\t<meta property=\"og:image:type\" content=\"image\/jpeg\" \/>\n<meta name=\"twitter:card\" content=\"summary_large_image\" \/>\n<meta name=\"twitter:label1\" content=\"Est. reading time\" \/>\n\t<meta name=\"twitter:data1\" content=\"1 minute\" \/>\n<script type=\"application\/ld+json\" class=\"yoast-schema-graph\">{\"@context\":\"https:\/\/schema.org\",\"@graph\":[{\"@type\":[\"WebPage\",\"ItemPage\"],\"@id\":\"https:\/\/bbqentertainment.com\/toode\/napoleon-pizza-lover-pizzatarvikute-taiskomplekt\/\",\"url\":\"https:\/\/bbqentertainment.com\/toode\/napoleon-pizza-lover-pizzatarvikute-taiskomplekt\/\",\"name\":\"Napoleon Pizza Lover pizzatarvikute t\u00e4iskomplekt - BBQ Entertainment\",\"isPartOf\":{\"@id\":\"https:\/\/bbqentertainment.com\/#website\"},\"primaryImageOfPage\":{\"@id\":\"https:\/\/bbqentertainment.com\/toode\/napoleon-pizza-lover-pizzatarvikute-taiskomplekt\/#primaryimage\"},\"image\":{\"@id\":\"https:\/\/bbqentertainment.com\/toode\/napoleon-pizza-lover-pizzatarvikute-taiskomplekt\/#primaryimage\"},\"thumbnailUrl\":\"https:\/\/bbqentertainment.com\/wp-content\/uploads\/2024\/01\/BBQ-Entertainment-Napoleon-Pizza-Lover-pitsatarvikute-taiskomplekt-1.jpg\",\"datePublished\":\"2024-03-10T18:29:39+00:00\",\"dateModified\":\"2026-04-06T09:26:40+00:00\",\"breadcrumb\":{\"@id\":\"https:\/\/bbqentertainment.com\/toode\/napoleon-pizza-lover-pizzatarvikute-taiskomplekt\/#breadcrumb\"},\"inLanguage\":\"en-US\",\"potentialAction\":[{\"@type\":\"ReadAction\",\"target\":[\"https:\/\/bbqentertainment.com\/toode\/napoleon-pizza-lover-pizzatarvikute-taiskomplekt\/\"]}]},{\"@type\":\"ImageObject\",\"inLanguage\":\"en-US\",\"@id\":\"https:\/\/bbqentertainment.com\/toode\/napoleon-pizza-lover-pizzatarvikute-taiskomplekt\/#primaryimage\",\"url\":\"https:\/\/bbqentertainment.com\/wp-content\/uploads\/2024\/01\/BBQ-Entertainment-Napoleon-Pizza-Lover-pitsatarvikute-taiskomplekt-1.jpg\",\"contentUrl\":\"https:\/\/bbqentertainment.com\/wp-content\/uploads\/2024\/01\/BBQ-Entertainment-Napoleon-Pizza-Lover-pitsatarvikute-taiskomplekt-1.jpg\",\"width\":897,\"height\":897},{\"@type\":\"BreadcrumbList\",\"@id\":\"https:\/\/bbqentertainment.com\/toode\/napoleon-pizza-lover-pizzatarvikute-taiskomplekt\/#breadcrumb\",\"itemListElement\":[{\"@type\":\"ListItem\",\"position\":1,\"name\":\"AVALEHT\",\"item\":\"https:\/\/bbqentertainment.com\/en\/\"},{\"@type\":\"ListItem\",\"position\":2,\"name\":\"Tooted\",\"item\":\"https:\/\/bbqentertainment.com\/tooted\/\"},{\"@type\":\"ListItem\",\"position\":3,\"name\":\"Lisatarvikud\",\"item\":\"https:\/\/bbqentertainment.com\/tootekategooria\/lisatarvikud\/\"},{\"@type\":\"ListItem\",\"position\":4,\"name\":\"Lisatarvikud Napoleon\",\"item\":\"https:\/\/bbqentertainment.com\/tootekategooria\/lisatarvikud\/lisatarvikud-napoleon\/\"},{\"@type\":\"ListItem\",\"position\":5,\"name\":\"Napoleon Pizza Lover pizzatarvikute t\u00e4iskomplekt\"}]},{\"@type\":\"WebSite\",\"@id\":\"https:\/\/bbqentertainment.com\/#website\",\"url\":\"https:\/\/bbqentertainment.com\/\",\"name\":\"BBQ Entertainment\",\"description\":\"BBQ is a great lifestyle, not just fun!\",\"publisher\":{\"@id\":\"https:\/\/bbqentertainment.com\/#organization\"},\"potentialAction\":[{\"@type\":\"SearchAction\",\"target\":{\"@type\":\"EntryPoint\",\"urlTemplate\":\"https:\/\/bbqentertainment.com\/?s={search_term_string}\"},\"query-input\":{\"@type\":\"PropertyValueSpecification\",\"valueRequired\":true,\"valueName\":\"search_term_string\"}}],\"inLanguage\":\"en-US\"},{\"@type\":\"Organization\",\"@id\":\"https:\/\/bbqentertainment.com\/#organization\",\"name\":\"BBQ Entertainment O\u00dc\",\"url\":\"https:\/\/bbqentertainment.com\/\",\"logo\":{\"@type\":\"ImageObject\",\"inLanguage\":\"en-US\",\"@id\":\"https:\/\/bbqentertainment.com\/#\/schema\/logo\/image\/\",\"url\":\"https:\/\/bbqentertainment.com\/wp-content\/uploads\/2020\/04\/BBQ-Entertainment-N-Catering-Enn-Tobreluts-Logo.png\",\"contentUrl\":\"https:\/\/bbqentertainment.com\/wp-content\/uploads\/2020\/04\/BBQ-Entertainment-N-Catering-Enn-Tobreluts-Logo.png\",\"width\":628,\"height\":266,\"caption\":\"BBQ Entertainment O\u00dc\"},\"image\":{\"@id\":\"https:\/\/bbqentertainment.com\/#\/schema\/logo\/image\/\"},\"sameAs\":[\"https:\/\/www.facebook.com\/BBQ-Entertainment-N-Catering-2437913376443540\",\"https:\/\/www.instagram.com\/bbqentertainmentncatering\/\",\"https:\/\/www.youtube.com\/channel\/UCmpuANQVhLy2Md8nrenp2jA\"]}]}<\/script>\n<!-- \/ Yoast SEO plugin. -->","yoast_head_json":{"title":"Napoleon Pizza Lover pizzatarvikute t\u00e4iskomplekt - BBQ Entertainment","robots":{"index":"index","follow":"follow","max-snippet":"max-snippet:-1","max-image-preview":"max-image-preview:large","max-video-preview":"max-video-preview:-1"},"canonical":"https:\/\/bbqentertainment.com\/toode\/napoleon-pizza-lover-pizzatarvikute-taiskomplekt\/","og_locale":"en_US","og_type":"article","og_title":"Napoleon Pizza Lover pizzatarvikute t\u00e4iskomplekt - BBQ Entertainment","og_description":"Napoleon Pizza Lover pizzatarvikute t\u00e4iskomplekt Napoleoni Pizza Lover komplekt sisaldab k\u00f5ike, mida vajad kodus pizzeria-stiilis pitsade valmistamiseks \u2013 lisada tuleb vaid sinu lemmikkoostisosad. Komplekti kuuluvad pizzakivi, pitsal\u00f5ikur, spaatel ja labidas koos riiviga. Pizzakivi poorne pind imab taignast liigse niiskuse, t\u00e4nu millele k\u00fcpseb p\u00f5hjakiht m\u00f5nusalt kr\u00f5bedaks. Kivi sobib kasutamiseks ka leiva v\u00f5i k\u00fcpsiste k\u00fcpsetamiseks ning muutub iga kasutuskorraga paremaks, sarnaselt valurauale. Omadused:     4-osaline komplekt: pizzakivi, pitsal\u00f5ikur, spaatel ja labidas riiviga    pizzakivi eemaldab taignast niiskuse ja tagab kr\u00f5beda p\u00f5hja    sobib ka leiva ja k\u00fcpsiste valmistamiseks    kivi muutub ajapikku paremaks    k\u00e4sitsipestav (ilma seebi ja abrasiivsete puhastusvahenditeta)   M\u00f5\u00f5dud:     pizzakivi diagonaalm\u00f5\u00f5t: 30 cm","og_url":"https:\/\/bbqentertainment.com\/toode\/napoleon-pizza-lover-pizzatarvikute-taiskomplekt\/","og_site_name":"BBQ Entertainment","article_publisher":"https:\/\/www.facebook.com\/BBQ-Entertainment-N-Catering-2437913376443540","article_modified_time":"2026-04-06T09:26:40+00:00","og_image":[{"width":897,"height":897,"url":"https:\/\/bbqentertainment.com\/wp-content\/uploads\/2024\/01\/BBQ-Entertainment-Napoleon-Pizza-Lover-pitsatarvikute-taiskomplekt-1.jpg","type":"image\/jpeg"}],"twitter_card":"summary_large_image","twitter_misc":{"Est. reading time":"1 minute"},"schema":{"@context":"https:\/\/schema.org","@graph":[{"@type":["WebPage","ItemPage"],"@id":"https:\/\/bbqentertainment.com\/toode\/napoleon-pizza-lover-pizzatarvikute-taiskomplekt\/","url":"https:\/\/bbqentertainment.com\/toode\/napoleon-pizza-lover-pizzatarvikute-taiskomplekt\/","name":"Napoleon Pizza Lover pizzatarvikute t\u00e4iskomplekt - BBQ Entertainment","isPartOf":{"@id":"https:\/\/bbqentertainment.com\/#website"},"primaryImageOfPage":{"@id":"https:\/\/bbqentertainment.com\/toode\/napoleon-pizza-lover-pizzatarvikute-taiskomplekt\/#primaryimage"},"image":{"@id":"https:\/\/bbqentertainment.com\/toode\/napoleon-pizza-lover-pizzatarvikute-taiskomplekt\/#primaryimage"},"thumbnailUrl":"https:\/\/bbqentertainment.com\/wp-content\/uploads\/2024\/01\/BBQ-Entertainment-Napoleon-Pizza-Lover-pitsatarvikute-taiskomplekt-1.jpg","datePublished":"2024-03-10T18:29:39+00:00","dateModified":"2026-04-06T09:26:40+00:00","breadcrumb":{"@id":"https:\/\/bbqentertainment.com\/toode\/napoleon-pizza-lover-pizzatarvikute-taiskomplekt\/#breadcrumb"},"inLanguage":"en-US","potentialAction":[{"@type":"ReadAction","target":["https:\/\/bbqentertainment.com\/toode\/napoleon-pizza-lover-pizzatarvikute-taiskomplekt\/"]}]},{"@type":"ImageObject","inLanguage":"en-US","@id":"https:\/\/bbqentertainment.com\/toode\/napoleon-pizza-lover-pizzatarvikute-taiskomplekt\/#primaryimage","url":"https:\/\/bbqentertainment.com\/wp-content\/uploads\/2024\/01\/BBQ-Entertainment-Napoleon-Pizza-Lover-pitsatarvikute-taiskomplekt-1.jpg","contentUrl":"https:\/\/bbqentertainment.com\/wp-content\/uploads\/2024\/01\/BBQ-Entertainment-Napoleon-Pizza-Lover-pitsatarvikute-taiskomplekt-1.jpg","width":897,"height":897},{"@type":"BreadcrumbList","@id":"https:\/\/bbqentertainment.com\/toode\/napoleon-pizza-lover-pizzatarvikute-taiskomplekt\/#breadcrumb","itemListElement":[{"@type":"ListItem","position":1,"name":"AVALEHT","item":"https:\/\/bbqentertainment.com\/en\/"},{"@type":"ListItem","position":2,"name":"Tooted","item":"https:\/\/bbqentertainment.com\/tooted\/"},{"@type":"ListItem","position":3,"name":"Lisatarvikud","item":"https:\/\/bbqentertainment.com\/tootekategooria\/lisatarvikud\/"},{"@type":"ListItem","position":4,"name":"Lisatarvikud Napoleon","item":"https:\/\/bbqentertainment.com\/tootekategooria\/lisatarvikud\/lisatarvikud-napoleon\/"},{"@type":"ListItem","position":5,"name":"Napoleon Pizza Lover pizzatarvikute t\u00e4iskomplekt"}]},{"@type":"WebSite","@id":"https:\/\/bbqentertainment.com\/#website","url":"https:\/\/bbqentertainment.com\/","name":"BBQ Entertainment","description":"BBQ is a great lifestyle, not just fun!","publisher":{"@id":"https:\/\/bbqentertainment.com\/#organization"},"potentialAction":[{"@type":"SearchAction","target":{"@type":"EntryPoint","urlTemplate":"https:\/\/bbqentertainment.com\/?s={search_term_string}"},"query-input":{"@type":"PropertyValueSpecification","valueRequired":true,"valueName":"search_term_string"}}],"inLanguage":"en-US"},{"@type":"Organization","@id":"https:\/\/bbqentertainment.com\/#organization","name":"BBQ Entertainment O\u00dc","url":"https:\/\/bbqentertainment.com\/","logo":{"@type":"ImageObject","inLanguage":"en-US","@id":"https:\/\/bbqentertainment.com\/#\/schema\/logo\/image\/","url":"https:\/\/bbqentertainment.com\/wp-content\/uploads\/2020\/04\/BBQ-Entertainment-N-Catering-Enn-Tobreluts-Logo.png","contentUrl":"https:\/\/bbqentertainment.com\/wp-content\/uploads\/2020\/04\/BBQ-Entertainment-N-Catering-Enn-Tobreluts-Logo.png","width":628,"height":266,"caption":"BBQ Entertainment O\u00dc"},"image":{"@id":"https:\/\/bbqentertainment.com\/#\/schema\/logo\/image\/"},"sameAs":["https:\/\/www.facebook.com\/BBQ-Entertainment-N-Catering-2437913376443540","https:\/\/www.instagram.com\/bbqentertainmentncatering\/","https:\/\/www.youtube.com\/channel\/UCmpuANQVhLy2Md8nrenp2jA"]}]}},"_links":{"self":[{"href":"https:\/\/bbqentertainment.com\/en\/wp-json\/wp\/v2\/product\/244550","targetHints":{"allow":["GET"]}}],"collection":[{"href":"https:\/\/bbqentertainment.com\/en\/wp-json\/wp\/v2\/product"}],"about":[{"href":"https:\/\/bbqentertainment.com\/en\/wp-json\/wp\/v2\/types\/product"}],"wp:featuredmedia":[{"embeddable":true,"href":"https:\/\/bbqentertainment.com\/en\/wp-json\/wp\/v2\/media\/245775"}],"wp:attachment":[{"href":"https:\/\/bbqentertainment.com\/en\/wp-json\/wp\/v2\/media?parent=244550"}],"wp:term":[{"taxonomy":"product_brand","embeddable":true,"href":"https:\/\/bbqentertainment.com\/en\/wp-json\/wp\/v2\/product_brand?post=244550"},{"taxonomy":"product_cat","embeddable":true,"href":"https:\/\/bbqentertainment.com\/en\/wp-json\/wp\/v2\/product_cat?post=244550"},{"taxonomy":"product_tag","embeddable":true,"href":"https:\/\/bbqentertainment.com\/en\/wp-json\/wp\/v2\/product_tag?post=244550"}],"curies":[{"name":"wp","href":"https:\/\/api.w.org\/{rel}","templated":true}]}}