{"id":244588,"date":"2024-03-10T20:29:38","date_gmt":"2024-03-10T18:29:38","guid":{"rendered":"https:\/\/bbqentertainment.com\/?post_type=product&#038;p=244588"},"modified":"2026-04-06T12:26:41","modified_gmt":"2026-04-06T09:26:41","slug":"napoleon-grillikate-roque-525-sarja-gaasigrillidele","status":"publish","type":"product","link":"https:\/\/bbqentertainment.com\/en\/toode\/napoleon-grillikate-roque-525-sarja-gaasigrillidele\/","title":{"rendered":"Napoleon grillikate Rogue 525 sarja gaasigrillidele"},"content":{"rendered":"<p>Kate on valmistatud vastupidavast ja vetth\u00fclgavast pol\u00fcestrist. V\u00e4rvimuutuse v\u00e4ltimiseks on materjal kaitstud UV-kiirguse eest spetsiaalse kattega. Kondentsvee kogunemise v\u00e4ltimiseks on kattel \u00f5hutusribad. Kate on varustatud pingutuskr\u00f5psudega. Esifassaadil Napoleoni logo. Ideaalne k\u00f5igile Napoleon Roque sarja 525 grillidele. Katte grillile asetamiseks ei tule k\u00fcljelaudu alla lasta.<\/p>\n","protected":false},"excerpt":{"rendered":"<h3><strong>Napoleon grillikate Rogue 525 sarja gaasigrillidele<\/strong><\/h3>\n<p>Kate, mis sobib k\u00f5igile Napoleon Rogue sarja 525 grillidele. \u00d5hutuse ja UW kaitsega. K\u00fcljelaudu pole tarvis alla lasta.<\/p>\n","protected":false},"featured_media":245785,"template":"","meta":{"inline_featured_image":false},"product_brand":[],"product_cat":[562],"product_tag":[],"class_list":{"0":"post-244588","1":"product","2":"type-product","3":"status-publish","4":"has-post-thumbnail","6":"product_cat-lisatarvikud-napoleon","8":"first","9":"instock","10":"taxable","11":"shipping-taxable","12":"purchasable","13":"product-type-simple"},"yoast_head":"<!-- This site is optimized with the Yoast SEO plugin v27.4 - https:\/\/yoast.com\/product\/yoast-seo-wordpress\/ -->\n<title>Napoleon grillikate Rogue 525 sarja gaasigrillidele - BBQ Entertainment<\/title>\n<meta name=\"robots\" content=\"index, follow, max-snippet:-1, max-image-preview:large, max-video-preview:-1\" \/>\n<link rel=\"canonical\" href=\"https:\/\/bbqentertainment.com\/toode\/napoleon-grillikate-roque-525-sarja-gaasigrillidele\/\" \/>\n<meta property=\"og:locale\" content=\"en_US\" \/>\n<meta property=\"og:type\" content=\"article\" \/>\n<meta property=\"og:title\" content=\"Napoleon grillikate Rogue 525 sarja gaasigrillidele - BBQ Entertainment\" \/>\n<meta property=\"og:description\" content=\"Napoleon grillikate Rogue 525 sarja gaasigrillidele Kate, mis sobib k\u00f5igile Napoleon Rogue sarja 525 grillidele. \u00d5hutuse ja UW kaitsega. K\u00fcljelaudu pole tarvis alla lasta.\" \/>\n<meta property=\"og:url\" content=\"https:\/\/bbqentertainment.com\/toode\/napoleon-grillikate-roque-525-sarja-gaasigrillidele\/\" \/>\n<meta property=\"og:site_name\" content=\"BBQ Entertainment\" \/>\n<meta property=\"article:publisher\" content=\"https:\/\/www.facebook.com\/BBQ-Entertainment-N-Catering-2437913376443540\" \/>\n<meta property=\"article:modified_time\" content=\"2026-04-06T09:26:41+00:00\" \/>\n<meta property=\"og:image\" content=\"https:\/\/bbqentertainment.com\/wp-content\/uploads\/2024\/01\/BBQ-Entertainment-Napoleon-grillikate-Freestyle-365425-sarja-gaasigrillidele-3.jpg\" \/>\n\t<meta property=\"og:image:width\" content=\"1001\" \/>\n\t<meta property=\"og:image:height\" content=\"1001\" \/>\n\t<meta property=\"og:image:type\" content=\"image\/jpeg\" \/>\n<meta name=\"twitter:card\" content=\"summary_large_image\" \/>\n<meta name=\"twitter:label1\" content=\"Est. reading time\" \/>\n\t<meta name=\"twitter:data1\" content=\"1 minute\" \/>\n<script type=\"application\/ld+json\" class=\"yoast-schema-graph\">{\"@context\":\"https:\\\/\\\/schema.org\",\"@graph\":[{\"@type\":[\"WebPage\",\"ItemPage\"],\"@id\":\"https:\\\/\\\/bbqentertainment.com\\\/toode\\\/napoleon-grillikate-roque-525-sarja-gaasigrillidele\\\/\",\"url\":\"https:\\\/\\\/bbqentertainment.com\\\/toode\\\/napoleon-grillikate-roque-525-sarja-gaasigrillidele\\\/\",\"name\":\"Napoleon grillikate Rogue 525 sarja gaasigrillidele - BBQ Entertainment\",\"isPartOf\":{\"@id\":\"https:\\\/\\\/bbqentertainment.com\\\/#website\"},\"primaryImageOfPage\":{\"@id\":\"https:\\\/\\\/bbqentertainment.com\\\/toode\\\/napoleon-grillikate-roque-525-sarja-gaasigrillidele\\\/#primaryimage\"},\"image\":{\"@id\":\"https:\\\/\\\/bbqentertainment.com\\\/toode\\\/napoleon-grillikate-roque-525-sarja-gaasigrillidele\\\/#primaryimage\"},\"thumbnailUrl\":\"https:\\\/\\\/bbqentertainment.com\\\/wp-content\\\/uploads\\\/2024\\\/01\\\/BBQ-Entertainment-Napoleon-grillikate-Freestyle-365425-sarja-gaasigrillidele-3.jpg\",\"datePublished\":\"2024-03-10T18:29:38+00:00\",\"dateModified\":\"2026-04-06T09:26:41+00:00\",\"breadcrumb\":{\"@id\":\"https:\\\/\\\/bbqentertainment.com\\\/toode\\\/napoleon-grillikate-roque-525-sarja-gaasigrillidele\\\/#breadcrumb\"},\"inLanguage\":\"en-US\",\"potentialAction\":[{\"@type\":\"ReadAction\",\"target\":[\"https:\\\/\\\/bbqentertainment.com\\\/toode\\\/napoleon-grillikate-roque-525-sarja-gaasigrillidele\\\/\"]}]},{\"@type\":\"ImageObject\",\"inLanguage\":\"en-US\",\"@id\":\"https:\\\/\\\/bbqentertainment.com\\\/toode\\\/napoleon-grillikate-roque-525-sarja-gaasigrillidele\\\/#primaryimage\",\"url\":\"https:\\\/\\\/bbqentertainment.com\\\/wp-content\\\/uploads\\\/2024\\\/01\\\/BBQ-Entertainment-Napoleon-grillikate-Freestyle-365425-sarja-gaasigrillidele-3.jpg\",\"contentUrl\":\"https:\\\/\\\/bbqentertainment.com\\\/wp-content\\\/uploads\\\/2024\\\/01\\\/BBQ-Entertainment-Napoleon-grillikate-Freestyle-365425-sarja-gaasigrillidele-3.jpg\",\"width\":1001,\"height\":1001},{\"@type\":\"BreadcrumbList\",\"@id\":\"https:\\\/\\\/bbqentertainment.com\\\/toode\\\/napoleon-grillikate-roque-525-sarja-gaasigrillidele\\\/#breadcrumb\",\"itemListElement\":[{\"@type\":\"ListItem\",\"position\":1,\"name\":\"AVALEHT\",\"item\":\"https:\\\/\\\/bbqentertainment.com\\\/en\\\/\"},{\"@type\":\"ListItem\",\"position\":2,\"name\":\"Tooted\",\"item\":\"https:\\\/\\\/bbqentertainment.com\\\/tooted\\\/\"},{\"@type\":\"ListItem\",\"position\":3,\"name\":\"Lisatarvikud\",\"item\":\"https:\\\/\\\/bbqentertainment.com\\\/tootekategooria\\\/lisatarvikud\\\/\"},{\"@type\":\"ListItem\",\"position\":4,\"name\":\"Lisatarvikud Napoleon\",\"item\":\"https:\\\/\\\/bbqentertainment.com\\\/tootekategooria\\\/lisatarvikud\\\/lisatarvikud-napoleon\\\/\"},{\"@type\":\"ListItem\",\"position\":5,\"name\":\"Napoleon grillikate Rogue 525 sarja gaasigrillidele\"}]},{\"@type\":\"WebSite\",\"@id\":\"https:\\\/\\\/bbqentertainment.com\\\/#website\",\"url\":\"https:\\\/\\\/bbqentertainment.com\\\/\",\"name\":\"BBQ Entertainment\",\"description\":\"BBQ is a great lifestyle, not just fun!\",\"publisher\":{\"@id\":\"https:\\\/\\\/bbqentertainment.com\\\/#organization\"},\"potentialAction\":[{\"@type\":\"SearchAction\",\"target\":{\"@type\":\"EntryPoint\",\"urlTemplate\":\"https:\\\/\\\/bbqentertainment.com\\\/?s={search_term_string}\"},\"query-input\":{\"@type\":\"PropertyValueSpecification\",\"valueRequired\":true,\"valueName\":\"search_term_string\"}}],\"inLanguage\":\"en-US\"},{\"@type\":\"Organization\",\"@id\":\"https:\\\/\\\/bbqentertainment.com\\\/#organization\",\"name\":\"BBQ Entertainment O\u00dc\",\"url\":\"https:\\\/\\\/bbqentertainment.com\\\/\",\"logo\":{\"@type\":\"ImageObject\",\"inLanguage\":\"en-US\",\"@id\":\"https:\\\/\\\/bbqentertainment.com\\\/#\\\/schema\\\/logo\\\/image\\\/\",\"url\":\"https:\\\/\\\/bbqentertainment.com\\\/wp-content\\\/uploads\\\/2020\\\/04\\\/BBQ-Entertainment-N-Catering-Enn-Tobreluts-Logo.png\",\"contentUrl\":\"https:\\\/\\\/bbqentertainment.com\\\/wp-content\\\/uploads\\\/2020\\\/04\\\/BBQ-Entertainment-N-Catering-Enn-Tobreluts-Logo.png\",\"width\":628,\"height\":266,\"caption\":\"BBQ Entertainment O\u00dc\"},\"image\":{\"@id\":\"https:\\\/\\\/bbqentertainment.com\\\/#\\\/schema\\\/logo\\\/image\\\/\"},\"sameAs\":[\"https:\\\/\\\/www.facebook.com\\\/BBQ-Entertainment-N-Catering-2437913376443540\",\"https:\\\/\\\/www.instagram.com\\\/bbqentertainmentncatering\\\/\",\"https:\\\/\\\/www.youtube.com\\\/channel\\\/UCmpuANQVhLy2Md8nrenp2jA\"]}]}<\/script>\n<!-- \/ Yoast SEO plugin. -->","yoast_head_json":{"title":"Napoleon grillikate Rogue 525 sarja gaasigrillidele - BBQ Entertainment","robots":{"index":"index","follow":"follow","max-snippet":"max-snippet:-1","max-image-preview":"max-image-preview:large","max-video-preview":"max-video-preview:-1"},"canonical":"https:\/\/bbqentertainment.com\/toode\/napoleon-grillikate-roque-525-sarja-gaasigrillidele\/","og_locale":"en_US","og_type":"article","og_title":"Napoleon grillikate Rogue 525 sarja gaasigrillidele - BBQ Entertainment","og_description":"Napoleon grillikate Rogue 525 sarja gaasigrillidele Kate, mis sobib k\u00f5igile Napoleon Rogue sarja 525 grillidele. \u00d5hutuse ja UW kaitsega. K\u00fcljelaudu pole tarvis alla lasta.","og_url":"https:\/\/bbqentertainment.com\/toode\/napoleon-grillikate-roque-525-sarja-gaasigrillidele\/","og_site_name":"BBQ Entertainment","article_publisher":"https:\/\/www.facebook.com\/BBQ-Entertainment-N-Catering-2437913376443540","article_modified_time":"2026-04-06T09:26:41+00:00","og_image":[{"width":1001,"height":1001,"url":"https:\/\/bbqentertainment.com\/wp-content\/uploads\/2024\/01\/BBQ-Entertainment-Napoleon-grillikate-Freestyle-365425-sarja-gaasigrillidele-3.jpg","type":"image\/jpeg"}],"twitter_card":"summary_large_image","twitter_misc":{"Est. reading time":"1 minute"},"schema":{"@context":"https:\/\/schema.org","@graph":[{"@type":["WebPage","ItemPage"],"@id":"https:\/\/bbqentertainment.com\/toode\/napoleon-grillikate-roque-525-sarja-gaasigrillidele\/","url":"https:\/\/bbqentertainment.com\/toode\/napoleon-grillikate-roque-525-sarja-gaasigrillidele\/","name":"Napoleon grillikate Rogue 525 sarja gaasigrillidele - BBQ Entertainment","isPartOf":{"@id":"https:\/\/bbqentertainment.com\/#website"},"primaryImageOfPage":{"@id":"https:\/\/bbqentertainment.com\/toode\/napoleon-grillikate-roque-525-sarja-gaasigrillidele\/#primaryimage"},"image":{"@id":"https:\/\/bbqentertainment.com\/toode\/napoleon-grillikate-roque-525-sarja-gaasigrillidele\/#primaryimage"},"thumbnailUrl":"https:\/\/bbqentertainment.com\/wp-content\/uploads\/2024\/01\/BBQ-Entertainment-Napoleon-grillikate-Freestyle-365425-sarja-gaasigrillidele-3.jpg","datePublished":"2024-03-10T18:29:38+00:00","dateModified":"2026-04-06T09:26:41+00:00","breadcrumb":{"@id":"https:\/\/bbqentertainment.com\/toode\/napoleon-grillikate-roque-525-sarja-gaasigrillidele\/#breadcrumb"},"inLanguage":"en-US","potentialAction":[{"@type":"ReadAction","target":["https:\/\/bbqentertainment.com\/toode\/napoleon-grillikate-roque-525-sarja-gaasigrillidele\/"]}]},{"@type":"ImageObject","inLanguage":"en-US","@id":"https:\/\/bbqentertainment.com\/toode\/napoleon-grillikate-roque-525-sarja-gaasigrillidele\/#primaryimage","url":"https:\/\/bbqentertainment.com\/wp-content\/uploads\/2024\/01\/BBQ-Entertainment-Napoleon-grillikate-Freestyle-365425-sarja-gaasigrillidele-3.jpg","contentUrl":"https:\/\/bbqentertainment.com\/wp-content\/uploads\/2024\/01\/BBQ-Entertainment-Napoleon-grillikate-Freestyle-365425-sarja-gaasigrillidele-3.jpg","width":1001,"height":1001},{"@type":"BreadcrumbList","@id":"https:\/\/bbqentertainment.com\/toode\/napoleon-grillikate-roque-525-sarja-gaasigrillidele\/#breadcrumb","itemListElement":[{"@type":"ListItem","position":1,"name":"AVALEHT","item":"https:\/\/bbqentertainment.com\/en\/"},{"@type":"ListItem","position":2,"name":"Tooted","item":"https:\/\/bbqentertainment.com\/tooted\/"},{"@type":"ListItem","position":3,"name":"Lisatarvikud","item":"https:\/\/bbqentertainment.com\/tootekategooria\/lisatarvikud\/"},{"@type":"ListItem","position":4,"name":"Lisatarvikud Napoleon","item":"https:\/\/bbqentertainment.com\/tootekategooria\/lisatarvikud\/lisatarvikud-napoleon\/"},{"@type":"ListItem","position":5,"name":"Napoleon grillikate Rogue 525 sarja gaasigrillidele"}]},{"@type":"WebSite","@id":"https:\/\/bbqentertainment.com\/#website","url":"https:\/\/bbqentertainment.com\/","name":"BBQ Entertainment","description":"BBQ is a great lifestyle, not just fun!","publisher":{"@id":"https:\/\/bbqentertainment.com\/#organization"},"potentialAction":[{"@type":"SearchAction","target":{"@type":"EntryPoint","urlTemplate":"https:\/\/bbqentertainment.com\/?s={search_term_string}"},"query-input":{"@type":"PropertyValueSpecification","valueRequired":true,"valueName":"search_term_string"}}],"inLanguage":"en-US"},{"@type":"Organization","@id":"https:\/\/bbqentertainment.com\/#organization","name":"BBQ Entertainment O\u00dc","url":"https:\/\/bbqentertainment.com\/","logo":{"@type":"ImageObject","inLanguage":"en-US","@id":"https:\/\/bbqentertainment.com\/#\/schema\/logo\/image\/","url":"https:\/\/bbqentertainment.com\/wp-content\/uploads\/2020\/04\/BBQ-Entertainment-N-Catering-Enn-Tobreluts-Logo.png","contentUrl":"https:\/\/bbqentertainment.com\/wp-content\/uploads\/2020\/04\/BBQ-Entertainment-N-Catering-Enn-Tobreluts-Logo.png","width":628,"height":266,"caption":"BBQ Entertainment O\u00dc"},"image":{"@id":"https:\/\/bbqentertainment.com\/#\/schema\/logo\/image\/"},"sameAs":["https:\/\/www.facebook.com\/BBQ-Entertainment-N-Catering-2437913376443540","https:\/\/www.instagram.com\/bbqentertainmentncatering\/","https:\/\/www.youtube.com\/channel\/UCmpuANQVhLy2Md8nrenp2jA"]}]}},"_links":{"self":[{"href":"https:\/\/bbqentertainment.com\/en\/wp-json\/wp\/v2\/product\/244588","targetHints":{"allow":["GET"]}}],"collection":[{"href":"https:\/\/bbqentertainment.com\/en\/wp-json\/wp\/v2\/product"}],"about":[{"href":"https:\/\/bbqentertainment.com\/en\/wp-json\/wp\/v2\/types\/product"}],"wp:featuredmedia":[{"embeddable":true,"href":"https:\/\/bbqentertainment.com\/en\/wp-json\/wp\/v2\/media\/245785"}],"wp:attachment":[{"href":"https:\/\/bbqentertainment.com\/en\/wp-json\/wp\/v2\/media?parent=244588"}],"wp:term":[{"taxonomy":"product_brand","embeddable":true,"href":"https:\/\/bbqentertainment.com\/en\/wp-json\/wp\/v2\/product_brand?post=244588"},{"taxonomy":"product_cat","embeddable":true,"href":"https:\/\/bbqentertainment.com\/en\/wp-json\/wp\/v2\/product_cat?post=244588"},{"taxonomy":"product_tag","embeddable":true,"href":"https:\/\/bbqentertainment.com\/en\/wp-json\/wp\/v2\/product_tag?post=244588"}],"curies":[{"name":"wp","href":"https:\/\/api.w.org\/{rel}","templated":true}]}}