{"id":244612,"date":"2024-03-10T20:29:37","date_gmt":"2024-03-10T18:29:37","guid":{"rendered":"https:\/\/bbqentertainment.com\/?post_type=product&#038;p=244612"},"modified":"2026-04-06T12:26:53","modified_gmt":"2026-04-06T09:26:53","slug":"napoleon-prestige-pro665-grillikate-gaasigrillile","status":"publish","type":"product","link":"https:\/\/bbqentertainment.com\/en\/toode\/napoleon-prestige-pro665-grillikate-gaasigrillile\/","title":{"rendered":"Napoleon Prestige PRO665 grillikate gaasigrillile"},"content":{"rendered":"<p>Gaasigrilli kate Napoleon Prestige PRO665 mudelile. Stiilne ja kvaliteetne Premium grillikate kaitseb gaasigrilli Eesti ilmastiku m\u00f5jude ja v\u00f5\u00f5ra pilgu eest. M\u00f5\u00f5dud 195x65x130 cm.<\/p>\n","protected":false},"excerpt":{"rendered":"<h3><strong>Napoleon Prestige PRO665 grillikate gaasigrillile<\/strong><\/h3>\n<p>Napoleon Prestige PRO665 gaasigrilli kate. Stiilne ja kvaliteetne Premium grillikate kaitseb gaasigrilli ilmastiku m\u00f5jude ja v\u00f5\u00f5ra pilgu eest.<\/p>\n","protected":false},"featured_media":245811,"template":"","meta":{"inline_featured_image":false},"product_brand":[],"product_cat":[562],"product_tag":[],"class_list":{"0":"post-244612","1":"product","2":"type-product","3":"status-publish","4":"has-post-thumbnail","6":"product_cat-lisatarvikud-napoleon","8":"first","9":"instock","10":"taxable","11":"shipping-taxable","12":"purchasable","13":"product-type-simple"},"yoast_head":"<!-- This site is optimized with the Yoast SEO plugin v27.2 - https:\/\/yoast.com\/product\/yoast-seo-wordpress\/ -->\n<title>Napoleon Prestige PRO665 grillikate gaasigrillile - BBQ Entertainment<\/title>\n<meta name=\"robots\" content=\"index, follow, max-snippet:-1, max-image-preview:large, max-video-preview:-1\" \/>\n<link rel=\"canonical\" href=\"https:\/\/bbqentertainment.com\/toode\/napoleon-prestige-pro665-grillikate-gaasigrillile\/\" \/>\n<meta property=\"og:locale\" content=\"en_US\" \/>\n<meta property=\"og:type\" content=\"article\" \/>\n<meta property=\"og:title\" content=\"Napoleon Prestige PRO665 grillikate gaasigrillile - BBQ Entertainment\" \/>\n<meta property=\"og:description\" content=\"Napoleon Prestige PRO665 grillikate gaasigrillileNapoleon Prestige PRO665 gaasigrilli kate. Stiilne ja kvaliteetne Premium grillikate kaitseb gaasigrilli ilmastiku m\u00f5jude ja v\u00f5\u00f5ra pilgu eest.\" \/>\n<meta property=\"og:url\" content=\"https:\/\/bbqentertainment.com\/toode\/napoleon-prestige-pro665-grillikate-gaasigrillile\/\" \/>\n<meta property=\"og:site_name\" content=\"BBQ Entertainment\" \/>\n<meta property=\"article:publisher\" content=\"https:\/\/www.facebook.com\/BBQ-Entertainment-N-Catering-2437913376443540\" \/>\n<meta property=\"article:modified_time\" content=\"2026-04-06T09:26:53+00:00\" \/>\n<meta property=\"og:image\" content=\"https:\/\/bbqentertainment.com\/wp-content\/uploads\/2024\/01\/BBQ-Entertainment-Napoleon-grillikate-Roque-625-sarja-grillidele-1.jpg\" \/>\n\t<meta property=\"og:image:width\" content=\"1147\" \/>\n\t<meta property=\"og:image:height\" content=\"1147\" \/>\n\t<meta property=\"og:image:type\" content=\"image\/jpeg\" \/>\n<meta name=\"twitter:card\" content=\"summary_large_image\" \/>\n<meta name=\"twitter:label1\" content=\"Est. reading time\" \/>\n\t<meta name=\"twitter:data1\" content=\"1 minute\" \/>\n<script type=\"application\/ld+json\" class=\"yoast-schema-graph\">{\"@context\":\"https:\/\/schema.org\",\"@graph\":[{\"@type\":[\"WebPage\",\"ItemPage\"],\"@id\":\"https:\/\/bbqentertainment.com\/toode\/napoleon-prestige-pro665-grillikate-gaasigrillile\/\",\"url\":\"https:\/\/bbqentertainment.com\/toode\/napoleon-prestige-pro665-grillikate-gaasigrillile\/\",\"name\":\"Napoleon Prestige PRO665 grillikate gaasigrillile - BBQ Entertainment\",\"isPartOf\":{\"@id\":\"https:\/\/bbqentertainment.com\/#website\"},\"primaryImageOfPage\":{\"@id\":\"https:\/\/bbqentertainment.com\/toode\/napoleon-prestige-pro665-grillikate-gaasigrillile\/#primaryimage\"},\"image\":{\"@id\":\"https:\/\/bbqentertainment.com\/toode\/napoleon-prestige-pro665-grillikate-gaasigrillile\/#primaryimage\"},\"thumbnailUrl\":\"https:\/\/bbqentertainment.com\/wp-content\/uploads\/2024\/01\/BBQ-Entertainment-Napoleon-grillikate-Roque-625-sarja-grillidele-1.jpg\",\"datePublished\":\"2024-03-10T18:29:37+00:00\",\"dateModified\":\"2026-04-06T09:26:53+00:00\",\"breadcrumb\":{\"@id\":\"https:\/\/bbqentertainment.com\/toode\/napoleon-prestige-pro665-grillikate-gaasigrillile\/#breadcrumb\"},\"inLanguage\":\"en-US\",\"potentialAction\":[{\"@type\":\"ReadAction\",\"target\":[\"https:\/\/bbqentertainment.com\/toode\/napoleon-prestige-pro665-grillikate-gaasigrillile\/\"]}]},{\"@type\":\"ImageObject\",\"inLanguage\":\"en-US\",\"@id\":\"https:\/\/bbqentertainment.com\/toode\/napoleon-prestige-pro665-grillikate-gaasigrillile\/#primaryimage\",\"url\":\"https:\/\/bbqentertainment.com\/wp-content\/uploads\/2024\/01\/BBQ-Entertainment-Napoleon-grillikate-Roque-625-sarja-grillidele-1.jpg\",\"contentUrl\":\"https:\/\/bbqentertainment.com\/wp-content\/uploads\/2024\/01\/BBQ-Entertainment-Napoleon-grillikate-Roque-625-sarja-grillidele-1.jpg\",\"width\":1147,\"height\":1147},{\"@type\":\"BreadcrumbList\",\"@id\":\"https:\/\/bbqentertainment.com\/toode\/napoleon-prestige-pro665-grillikate-gaasigrillile\/#breadcrumb\",\"itemListElement\":[{\"@type\":\"ListItem\",\"position\":1,\"name\":\"AVALEHT\",\"item\":\"https:\/\/bbqentertainment.com\/en\/\"},{\"@type\":\"ListItem\",\"position\":2,\"name\":\"Tooted\",\"item\":\"https:\/\/bbqentertainment.com\/tooted\/\"},{\"@type\":\"ListItem\",\"position\":3,\"name\":\"Lisatarvikud\",\"item\":\"https:\/\/bbqentertainment.com\/tootekategooria\/lisatarvikud\/\"},{\"@type\":\"ListItem\",\"position\":4,\"name\":\"Lisatarvikud Napoleon\",\"item\":\"https:\/\/bbqentertainment.com\/tootekategooria\/lisatarvikud\/lisatarvikud-napoleon\/\"},{\"@type\":\"ListItem\",\"position\":5,\"name\":\"Napoleon Prestige PRO665 grillikate gaasigrillile\"}]},{\"@type\":\"WebSite\",\"@id\":\"https:\/\/bbqentertainment.com\/#website\",\"url\":\"https:\/\/bbqentertainment.com\/\",\"name\":\"BBQ Entertainment\",\"description\":\"BBQ is a great lifestyle, not just fun!\",\"publisher\":{\"@id\":\"https:\/\/bbqentertainment.com\/#organization\"},\"potentialAction\":[{\"@type\":\"SearchAction\",\"target\":{\"@type\":\"EntryPoint\",\"urlTemplate\":\"https:\/\/bbqentertainment.com\/?s={search_term_string}\"},\"query-input\":{\"@type\":\"PropertyValueSpecification\",\"valueRequired\":true,\"valueName\":\"search_term_string\"}}],\"inLanguage\":\"en-US\"},{\"@type\":\"Organization\",\"@id\":\"https:\/\/bbqentertainment.com\/#organization\",\"name\":\"BBQ Entertainment O\u00dc\",\"url\":\"https:\/\/bbqentertainment.com\/\",\"logo\":{\"@type\":\"ImageObject\",\"inLanguage\":\"en-US\",\"@id\":\"https:\/\/bbqentertainment.com\/#\/schema\/logo\/image\/\",\"url\":\"https:\/\/bbqentertainment.com\/wp-content\/uploads\/2020\/04\/BBQ-Entertainment-N-Catering-Enn-Tobreluts-Logo.png\",\"contentUrl\":\"https:\/\/bbqentertainment.com\/wp-content\/uploads\/2020\/04\/BBQ-Entertainment-N-Catering-Enn-Tobreluts-Logo.png\",\"width\":628,\"height\":266,\"caption\":\"BBQ Entertainment O\u00dc\"},\"image\":{\"@id\":\"https:\/\/bbqentertainment.com\/#\/schema\/logo\/image\/\"},\"sameAs\":[\"https:\/\/www.facebook.com\/BBQ-Entertainment-N-Catering-2437913376443540\",\"https:\/\/www.instagram.com\/bbqentertainmentncatering\/\",\"https:\/\/www.youtube.com\/channel\/UCmpuANQVhLy2Md8nrenp2jA\"]}]}<\/script>\n<!-- \/ Yoast SEO plugin. -->","yoast_head_json":{"title":"Napoleon Prestige PRO665 grillikate gaasigrillile - BBQ Entertainment","robots":{"index":"index","follow":"follow","max-snippet":"max-snippet:-1","max-image-preview":"max-image-preview:large","max-video-preview":"max-video-preview:-1"},"canonical":"https:\/\/bbqentertainment.com\/toode\/napoleon-prestige-pro665-grillikate-gaasigrillile\/","og_locale":"en_US","og_type":"article","og_title":"Napoleon Prestige PRO665 grillikate gaasigrillile - BBQ Entertainment","og_description":"Napoleon Prestige PRO665 grillikate gaasigrillileNapoleon Prestige PRO665 gaasigrilli kate. Stiilne ja kvaliteetne Premium grillikate kaitseb gaasigrilli ilmastiku m\u00f5jude ja v\u00f5\u00f5ra pilgu eest.","og_url":"https:\/\/bbqentertainment.com\/toode\/napoleon-prestige-pro665-grillikate-gaasigrillile\/","og_site_name":"BBQ Entertainment","article_publisher":"https:\/\/www.facebook.com\/BBQ-Entertainment-N-Catering-2437913376443540","article_modified_time":"2026-04-06T09:26:53+00:00","og_image":[{"width":1147,"height":1147,"url":"https:\/\/bbqentertainment.com\/wp-content\/uploads\/2024\/01\/BBQ-Entertainment-Napoleon-grillikate-Roque-625-sarja-grillidele-1.jpg","type":"image\/jpeg"}],"twitter_card":"summary_large_image","twitter_misc":{"Est. reading time":"1 minute"},"schema":{"@context":"https:\/\/schema.org","@graph":[{"@type":["WebPage","ItemPage"],"@id":"https:\/\/bbqentertainment.com\/toode\/napoleon-prestige-pro665-grillikate-gaasigrillile\/","url":"https:\/\/bbqentertainment.com\/toode\/napoleon-prestige-pro665-grillikate-gaasigrillile\/","name":"Napoleon Prestige PRO665 grillikate gaasigrillile - BBQ Entertainment","isPartOf":{"@id":"https:\/\/bbqentertainment.com\/#website"},"primaryImageOfPage":{"@id":"https:\/\/bbqentertainment.com\/toode\/napoleon-prestige-pro665-grillikate-gaasigrillile\/#primaryimage"},"image":{"@id":"https:\/\/bbqentertainment.com\/toode\/napoleon-prestige-pro665-grillikate-gaasigrillile\/#primaryimage"},"thumbnailUrl":"https:\/\/bbqentertainment.com\/wp-content\/uploads\/2024\/01\/BBQ-Entertainment-Napoleon-grillikate-Roque-625-sarja-grillidele-1.jpg","datePublished":"2024-03-10T18:29:37+00:00","dateModified":"2026-04-06T09:26:53+00:00","breadcrumb":{"@id":"https:\/\/bbqentertainment.com\/toode\/napoleon-prestige-pro665-grillikate-gaasigrillile\/#breadcrumb"},"inLanguage":"en-US","potentialAction":[{"@type":"ReadAction","target":["https:\/\/bbqentertainment.com\/toode\/napoleon-prestige-pro665-grillikate-gaasigrillile\/"]}]},{"@type":"ImageObject","inLanguage":"en-US","@id":"https:\/\/bbqentertainment.com\/toode\/napoleon-prestige-pro665-grillikate-gaasigrillile\/#primaryimage","url":"https:\/\/bbqentertainment.com\/wp-content\/uploads\/2024\/01\/BBQ-Entertainment-Napoleon-grillikate-Roque-625-sarja-grillidele-1.jpg","contentUrl":"https:\/\/bbqentertainment.com\/wp-content\/uploads\/2024\/01\/BBQ-Entertainment-Napoleon-grillikate-Roque-625-sarja-grillidele-1.jpg","width":1147,"height":1147},{"@type":"BreadcrumbList","@id":"https:\/\/bbqentertainment.com\/toode\/napoleon-prestige-pro665-grillikate-gaasigrillile\/#breadcrumb","itemListElement":[{"@type":"ListItem","position":1,"name":"AVALEHT","item":"https:\/\/bbqentertainment.com\/en\/"},{"@type":"ListItem","position":2,"name":"Tooted","item":"https:\/\/bbqentertainment.com\/tooted\/"},{"@type":"ListItem","position":3,"name":"Lisatarvikud","item":"https:\/\/bbqentertainment.com\/tootekategooria\/lisatarvikud\/"},{"@type":"ListItem","position":4,"name":"Lisatarvikud Napoleon","item":"https:\/\/bbqentertainment.com\/tootekategooria\/lisatarvikud\/lisatarvikud-napoleon\/"},{"@type":"ListItem","position":5,"name":"Napoleon Prestige PRO665 grillikate gaasigrillile"}]},{"@type":"WebSite","@id":"https:\/\/bbqentertainment.com\/#website","url":"https:\/\/bbqentertainment.com\/","name":"BBQ Entertainment","description":"BBQ is a great lifestyle, not just fun!","publisher":{"@id":"https:\/\/bbqentertainment.com\/#organization"},"potentialAction":[{"@type":"SearchAction","target":{"@type":"EntryPoint","urlTemplate":"https:\/\/bbqentertainment.com\/?s={search_term_string}"},"query-input":{"@type":"PropertyValueSpecification","valueRequired":true,"valueName":"search_term_string"}}],"inLanguage":"en-US"},{"@type":"Organization","@id":"https:\/\/bbqentertainment.com\/#organization","name":"BBQ Entertainment O\u00dc","url":"https:\/\/bbqentertainment.com\/","logo":{"@type":"ImageObject","inLanguage":"en-US","@id":"https:\/\/bbqentertainment.com\/#\/schema\/logo\/image\/","url":"https:\/\/bbqentertainment.com\/wp-content\/uploads\/2020\/04\/BBQ-Entertainment-N-Catering-Enn-Tobreluts-Logo.png","contentUrl":"https:\/\/bbqentertainment.com\/wp-content\/uploads\/2020\/04\/BBQ-Entertainment-N-Catering-Enn-Tobreluts-Logo.png","width":628,"height":266,"caption":"BBQ Entertainment O\u00dc"},"image":{"@id":"https:\/\/bbqentertainment.com\/#\/schema\/logo\/image\/"},"sameAs":["https:\/\/www.facebook.com\/BBQ-Entertainment-N-Catering-2437913376443540","https:\/\/www.instagram.com\/bbqentertainmentncatering\/","https:\/\/www.youtube.com\/channel\/UCmpuANQVhLy2Md8nrenp2jA"]}]}},"_links":{"self":[{"href":"https:\/\/bbqentertainment.com\/en\/wp-json\/wp\/v2\/product\/244612","targetHints":{"allow":["GET"]}}],"collection":[{"href":"https:\/\/bbqentertainment.com\/en\/wp-json\/wp\/v2\/product"}],"about":[{"href":"https:\/\/bbqentertainment.com\/en\/wp-json\/wp\/v2\/types\/product"}],"wp:featuredmedia":[{"embeddable":true,"href":"https:\/\/bbqentertainment.com\/en\/wp-json\/wp\/v2\/media\/245811"}],"wp:attachment":[{"href":"https:\/\/bbqentertainment.com\/en\/wp-json\/wp\/v2\/media?parent=244612"}],"wp:term":[{"taxonomy":"product_brand","embeddable":true,"href":"https:\/\/bbqentertainment.com\/en\/wp-json\/wp\/v2\/product_brand?post=244612"},{"taxonomy":"product_cat","embeddable":true,"href":"https:\/\/bbqentertainment.com\/en\/wp-json\/wp\/v2\/product_cat?post=244612"},{"taxonomy":"product_tag","embeddable":true,"href":"https:\/\/bbqentertainment.com\/en\/wp-json\/wp\/v2\/product_tag?post=244612"}],"curies":[{"name":"wp","href":"https:\/\/api.w.org\/{rel}","templated":true}]}}