{"id":244616,"date":"2024-03-10T20:29:37","date_gmt":"2024-03-10T18:29:37","guid":{"rendered":"https:\/\/bbqentertainment.com\/?post_type=product&#038;p=244616"},"modified":"2026-04-06T12:26:39","modified_gmt":"2026-04-06T09:26:39","slug":"napoleon-roostevaba-soojendus-moodulrest-roque-625-grillidele","status":"publish","type":"product","link":"https:\/\/bbqentertainment.com\/en\/toode\/napoleon-roostevaba-soojendus-moodulrest-roque-625-grillidele\/","title":{"rendered":"Napoleon roostevaba soojendus\/moodulrest Rogue 625 grillidele"},"content":{"rendered":"<p>Roostevabast terasest soojendusrest Roque 625 grillidele. Selle tootega saad asendada grillis juba olemasoleva \u00fclemise soojendusresti. Monoliitsest, h\u00e4sti soojust salvestavast terasest rest, mille servas olevad t\u00e4kked v\u00f5imaldavad seal grillida rippuvas asendis kana poolkoibi. Niinimetatud kaudne grillimine aitab v\u00e4ltida restiga kokkupuudet ja n\u00e4iteks kana poolkoiva puhul j\u00e4\u00e4b nahk terveks. Restis olevatesse aukusesse saab n\u00e4iteks p\u00fcstisesse asendisse panna toosjuustuga t\u00e4idetud jalapenosid vms. Restis on ka grillimiseks\u00a0 vastavad pilud.<\/p>\n","protected":false},"excerpt":{"rendered":"<h3><strong>Napoleon roostevaba soojendus\/moodulrest Rogue 625 grillidele<\/strong><\/h3>\n<p>Napoleon Rogue 625 sarja soojendusresti asendusmoodul kaudse grillimise ja r\u00f6stimise tarbeks.<\/p>\n","protected":false},"featured_media":245839,"template":"","meta":{"inline_featured_image":false},"product_brand":[],"product_cat":[562],"product_tag":[],"class_list":{"0":"post-244616","1":"product","2":"type-product","3":"status-publish","4":"has-post-thumbnail","6":"product_cat-lisatarvikud-napoleon","8":"first","9":"instock","10":"taxable","11":"shipping-taxable","12":"purchasable","13":"product-type-simple"},"yoast_head":"<!-- This site is optimized with the Yoast SEO plugin v27.4 - https:\/\/yoast.com\/product\/yoast-seo-wordpress\/ -->\n<title>Napoleon roostevaba soojendus\/moodulrest Rogue 625 grillidele - BBQ Entertainment<\/title>\n<meta name=\"robots\" content=\"index, follow, max-snippet:-1, max-image-preview:large, max-video-preview:-1\" \/>\n<link rel=\"canonical\" href=\"https:\/\/bbqentertainment.com\/toode\/napoleon-roostevaba-soojendus-moodulrest-roque-625-grillidele\/\" \/>\n<meta property=\"og:locale\" content=\"en_US\" \/>\n<meta property=\"og:type\" content=\"article\" \/>\n<meta property=\"og:title\" content=\"Napoleon roostevaba soojendus\/moodulrest Rogue 625 grillidele - BBQ Entertainment\" \/>\n<meta property=\"og:description\" content=\"Napoleon roostevaba soojendus\/moodulrest Rogue 625 grillidele Napoleon Rogue 625 sarja soojendusresti asendusmoodul kaudse grillimise ja r\u00f6stimise tarbeks.\" \/>\n<meta property=\"og:url\" content=\"https:\/\/bbqentertainment.com\/toode\/napoleon-roostevaba-soojendus-moodulrest-roque-625-grillidele\/\" \/>\n<meta property=\"og:site_name\" content=\"BBQ Entertainment\" \/>\n<meta property=\"article:publisher\" content=\"https:\/\/www.facebook.com\/BBQ-Entertainment-N-Catering-2437913376443540\" \/>\n<meta property=\"article:modified_time\" content=\"2026-04-06T09:26:39+00:00\" \/>\n<meta property=\"og:image\" content=\"https:\/\/bbqentertainment.com\/wp-content\/uploads\/2024\/01\/BBQ-Entertainment-Napoleon-roostevaba-soojendusmoodulrest-Roque-625-grillidele-1.jpg\" \/>\n\t<meta property=\"og:image:width\" content=\"1037\" \/>\n\t<meta property=\"og:image:height\" content=\"1037\" \/>\n\t<meta property=\"og:image:type\" content=\"image\/jpeg\" \/>\n<meta name=\"twitter:card\" content=\"summary_large_image\" \/>\n<meta name=\"twitter:label1\" content=\"Est. reading time\" \/>\n\t<meta name=\"twitter:data1\" content=\"1 minute\" \/>\n<script type=\"application\/ld+json\" class=\"yoast-schema-graph\">{\"@context\":\"https:\\\/\\\/schema.org\",\"@graph\":[{\"@type\":[\"WebPage\",\"ItemPage\"],\"@id\":\"https:\\\/\\\/bbqentertainment.com\\\/toode\\\/napoleon-roostevaba-soojendus-moodulrest-roque-625-grillidele\\\/\",\"url\":\"https:\\\/\\\/bbqentertainment.com\\\/toode\\\/napoleon-roostevaba-soojendus-moodulrest-roque-625-grillidele\\\/\",\"name\":\"Napoleon roostevaba soojendus\\\/moodulrest Rogue 625 grillidele - BBQ Entertainment\",\"isPartOf\":{\"@id\":\"https:\\\/\\\/bbqentertainment.com\\\/#website\"},\"primaryImageOfPage\":{\"@id\":\"https:\\\/\\\/bbqentertainment.com\\\/toode\\\/napoleon-roostevaba-soojendus-moodulrest-roque-625-grillidele\\\/#primaryimage\"},\"image\":{\"@id\":\"https:\\\/\\\/bbqentertainment.com\\\/toode\\\/napoleon-roostevaba-soojendus-moodulrest-roque-625-grillidele\\\/#primaryimage\"},\"thumbnailUrl\":\"https:\\\/\\\/bbqentertainment.com\\\/wp-content\\\/uploads\\\/2024\\\/01\\\/BBQ-Entertainment-Napoleon-roostevaba-soojendusmoodulrest-Roque-625-grillidele-1.jpg\",\"datePublished\":\"2024-03-10T18:29:37+00:00\",\"dateModified\":\"2026-04-06T09:26:39+00:00\",\"breadcrumb\":{\"@id\":\"https:\\\/\\\/bbqentertainment.com\\\/toode\\\/napoleon-roostevaba-soojendus-moodulrest-roque-625-grillidele\\\/#breadcrumb\"},\"inLanguage\":\"en-US\",\"potentialAction\":[{\"@type\":\"ReadAction\",\"target\":[\"https:\\\/\\\/bbqentertainment.com\\\/toode\\\/napoleon-roostevaba-soojendus-moodulrest-roque-625-grillidele\\\/\"]}]},{\"@type\":\"ImageObject\",\"inLanguage\":\"en-US\",\"@id\":\"https:\\\/\\\/bbqentertainment.com\\\/toode\\\/napoleon-roostevaba-soojendus-moodulrest-roque-625-grillidele\\\/#primaryimage\",\"url\":\"https:\\\/\\\/bbqentertainment.com\\\/wp-content\\\/uploads\\\/2024\\\/01\\\/BBQ-Entertainment-Napoleon-roostevaba-soojendusmoodulrest-Roque-625-grillidele-1.jpg\",\"contentUrl\":\"https:\\\/\\\/bbqentertainment.com\\\/wp-content\\\/uploads\\\/2024\\\/01\\\/BBQ-Entertainment-Napoleon-roostevaba-soojendusmoodulrest-Roque-625-grillidele-1.jpg\",\"width\":1037,\"height\":1037},{\"@type\":\"BreadcrumbList\",\"@id\":\"https:\\\/\\\/bbqentertainment.com\\\/toode\\\/napoleon-roostevaba-soojendus-moodulrest-roque-625-grillidele\\\/#breadcrumb\",\"itemListElement\":[{\"@type\":\"ListItem\",\"position\":1,\"name\":\"AVALEHT\",\"item\":\"https:\\\/\\\/bbqentertainment.com\\\/en\\\/\"},{\"@type\":\"ListItem\",\"position\":2,\"name\":\"Tooted\",\"item\":\"https:\\\/\\\/bbqentertainment.com\\\/tooted\\\/\"},{\"@type\":\"ListItem\",\"position\":3,\"name\":\"Lisatarvikud\",\"item\":\"https:\\\/\\\/bbqentertainment.com\\\/tootekategooria\\\/lisatarvikud\\\/\"},{\"@type\":\"ListItem\",\"position\":4,\"name\":\"Lisatarvikud Napoleon\",\"item\":\"https:\\\/\\\/bbqentertainment.com\\\/tootekategooria\\\/lisatarvikud\\\/lisatarvikud-napoleon\\\/\"},{\"@type\":\"ListItem\",\"position\":5,\"name\":\"Napoleon roostevaba soojendus\\\/moodulrest Rogue 625 grillidele\"}]},{\"@type\":\"WebSite\",\"@id\":\"https:\\\/\\\/bbqentertainment.com\\\/#website\",\"url\":\"https:\\\/\\\/bbqentertainment.com\\\/\",\"name\":\"BBQ Entertainment\",\"description\":\"BBQ is a great lifestyle, not just fun!\",\"publisher\":{\"@id\":\"https:\\\/\\\/bbqentertainment.com\\\/#organization\"},\"potentialAction\":[{\"@type\":\"SearchAction\",\"target\":{\"@type\":\"EntryPoint\",\"urlTemplate\":\"https:\\\/\\\/bbqentertainment.com\\\/?s={search_term_string}\"},\"query-input\":{\"@type\":\"PropertyValueSpecification\",\"valueRequired\":true,\"valueName\":\"search_term_string\"}}],\"inLanguage\":\"en-US\"},{\"@type\":\"Organization\",\"@id\":\"https:\\\/\\\/bbqentertainment.com\\\/#organization\",\"name\":\"BBQ Entertainment O\u00dc\",\"url\":\"https:\\\/\\\/bbqentertainment.com\\\/\",\"logo\":{\"@type\":\"ImageObject\",\"inLanguage\":\"en-US\",\"@id\":\"https:\\\/\\\/bbqentertainment.com\\\/#\\\/schema\\\/logo\\\/image\\\/\",\"url\":\"https:\\\/\\\/bbqentertainment.com\\\/wp-content\\\/uploads\\\/2020\\\/04\\\/BBQ-Entertainment-N-Catering-Enn-Tobreluts-Logo.png\",\"contentUrl\":\"https:\\\/\\\/bbqentertainment.com\\\/wp-content\\\/uploads\\\/2020\\\/04\\\/BBQ-Entertainment-N-Catering-Enn-Tobreluts-Logo.png\",\"width\":628,\"height\":266,\"caption\":\"BBQ Entertainment O\u00dc\"},\"image\":{\"@id\":\"https:\\\/\\\/bbqentertainment.com\\\/#\\\/schema\\\/logo\\\/image\\\/\"},\"sameAs\":[\"https:\\\/\\\/www.facebook.com\\\/BBQ-Entertainment-N-Catering-2437913376443540\",\"https:\\\/\\\/www.instagram.com\\\/bbqentertainmentncatering\\\/\",\"https:\\\/\\\/www.youtube.com\\\/channel\\\/UCmpuANQVhLy2Md8nrenp2jA\"]}]}<\/script>\n<!-- \/ Yoast SEO plugin. -->","yoast_head_json":{"title":"Napoleon roostevaba soojendus\/moodulrest Rogue 625 grillidele - BBQ Entertainment","robots":{"index":"index","follow":"follow","max-snippet":"max-snippet:-1","max-image-preview":"max-image-preview:large","max-video-preview":"max-video-preview:-1"},"canonical":"https:\/\/bbqentertainment.com\/toode\/napoleon-roostevaba-soojendus-moodulrest-roque-625-grillidele\/","og_locale":"en_US","og_type":"article","og_title":"Napoleon roostevaba soojendus\/moodulrest Rogue 625 grillidele - BBQ Entertainment","og_description":"Napoleon roostevaba soojendus\/moodulrest Rogue 625 grillidele Napoleon Rogue 625 sarja soojendusresti asendusmoodul kaudse grillimise ja r\u00f6stimise tarbeks.","og_url":"https:\/\/bbqentertainment.com\/toode\/napoleon-roostevaba-soojendus-moodulrest-roque-625-grillidele\/","og_site_name":"BBQ Entertainment","article_publisher":"https:\/\/www.facebook.com\/BBQ-Entertainment-N-Catering-2437913376443540","article_modified_time":"2026-04-06T09:26:39+00:00","og_image":[{"width":1037,"height":1037,"url":"https:\/\/bbqentertainment.com\/wp-content\/uploads\/2024\/01\/BBQ-Entertainment-Napoleon-roostevaba-soojendusmoodulrest-Roque-625-grillidele-1.jpg","type":"image\/jpeg"}],"twitter_card":"summary_large_image","twitter_misc":{"Est. reading time":"1 minute"},"schema":{"@context":"https:\/\/schema.org","@graph":[{"@type":["WebPage","ItemPage"],"@id":"https:\/\/bbqentertainment.com\/toode\/napoleon-roostevaba-soojendus-moodulrest-roque-625-grillidele\/","url":"https:\/\/bbqentertainment.com\/toode\/napoleon-roostevaba-soojendus-moodulrest-roque-625-grillidele\/","name":"Napoleon roostevaba soojendus\/moodulrest Rogue 625 grillidele - BBQ Entertainment","isPartOf":{"@id":"https:\/\/bbqentertainment.com\/#website"},"primaryImageOfPage":{"@id":"https:\/\/bbqentertainment.com\/toode\/napoleon-roostevaba-soojendus-moodulrest-roque-625-grillidele\/#primaryimage"},"image":{"@id":"https:\/\/bbqentertainment.com\/toode\/napoleon-roostevaba-soojendus-moodulrest-roque-625-grillidele\/#primaryimage"},"thumbnailUrl":"https:\/\/bbqentertainment.com\/wp-content\/uploads\/2024\/01\/BBQ-Entertainment-Napoleon-roostevaba-soojendusmoodulrest-Roque-625-grillidele-1.jpg","datePublished":"2024-03-10T18:29:37+00:00","dateModified":"2026-04-06T09:26:39+00:00","breadcrumb":{"@id":"https:\/\/bbqentertainment.com\/toode\/napoleon-roostevaba-soojendus-moodulrest-roque-625-grillidele\/#breadcrumb"},"inLanguage":"en-US","potentialAction":[{"@type":"ReadAction","target":["https:\/\/bbqentertainment.com\/toode\/napoleon-roostevaba-soojendus-moodulrest-roque-625-grillidele\/"]}]},{"@type":"ImageObject","inLanguage":"en-US","@id":"https:\/\/bbqentertainment.com\/toode\/napoleon-roostevaba-soojendus-moodulrest-roque-625-grillidele\/#primaryimage","url":"https:\/\/bbqentertainment.com\/wp-content\/uploads\/2024\/01\/BBQ-Entertainment-Napoleon-roostevaba-soojendusmoodulrest-Roque-625-grillidele-1.jpg","contentUrl":"https:\/\/bbqentertainment.com\/wp-content\/uploads\/2024\/01\/BBQ-Entertainment-Napoleon-roostevaba-soojendusmoodulrest-Roque-625-grillidele-1.jpg","width":1037,"height":1037},{"@type":"BreadcrumbList","@id":"https:\/\/bbqentertainment.com\/toode\/napoleon-roostevaba-soojendus-moodulrest-roque-625-grillidele\/#breadcrumb","itemListElement":[{"@type":"ListItem","position":1,"name":"AVALEHT","item":"https:\/\/bbqentertainment.com\/en\/"},{"@type":"ListItem","position":2,"name":"Tooted","item":"https:\/\/bbqentertainment.com\/tooted\/"},{"@type":"ListItem","position":3,"name":"Lisatarvikud","item":"https:\/\/bbqentertainment.com\/tootekategooria\/lisatarvikud\/"},{"@type":"ListItem","position":4,"name":"Lisatarvikud Napoleon","item":"https:\/\/bbqentertainment.com\/tootekategooria\/lisatarvikud\/lisatarvikud-napoleon\/"},{"@type":"ListItem","position":5,"name":"Napoleon roostevaba soojendus\/moodulrest Rogue 625 grillidele"}]},{"@type":"WebSite","@id":"https:\/\/bbqentertainment.com\/#website","url":"https:\/\/bbqentertainment.com\/","name":"BBQ Entertainment","description":"BBQ is a great lifestyle, not just fun!","publisher":{"@id":"https:\/\/bbqentertainment.com\/#organization"},"potentialAction":[{"@type":"SearchAction","target":{"@type":"EntryPoint","urlTemplate":"https:\/\/bbqentertainment.com\/?s={search_term_string}"},"query-input":{"@type":"PropertyValueSpecification","valueRequired":true,"valueName":"search_term_string"}}],"inLanguage":"en-US"},{"@type":"Organization","@id":"https:\/\/bbqentertainment.com\/#organization","name":"BBQ Entertainment O\u00dc","url":"https:\/\/bbqentertainment.com\/","logo":{"@type":"ImageObject","inLanguage":"en-US","@id":"https:\/\/bbqentertainment.com\/#\/schema\/logo\/image\/","url":"https:\/\/bbqentertainment.com\/wp-content\/uploads\/2020\/04\/BBQ-Entertainment-N-Catering-Enn-Tobreluts-Logo.png","contentUrl":"https:\/\/bbqentertainment.com\/wp-content\/uploads\/2020\/04\/BBQ-Entertainment-N-Catering-Enn-Tobreluts-Logo.png","width":628,"height":266,"caption":"BBQ Entertainment O\u00dc"},"image":{"@id":"https:\/\/bbqentertainment.com\/#\/schema\/logo\/image\/"},"sameAs":["https:\/\/www.facebook.com\/BBQ-Entertainment-N-Catering-2437913376443540","https:\/\/www.instagram.com\/bbqentertainmentncatering\/","https:\/\/www.youtube.com\/channel\/UCmpuANQVhLy2Md8nrenp2jA"]}]}},"_links":{"self":[{"href":"https:\/\/bbqentertainment.com\/en\/wp-json\/wp\/v2\/product\/244616","targetHints":{"allow":["GET"]}}],"collection":[{"href":"https:\/\/bbqentertainment.com\/en\/wp-json\/wp\/v2\/product"}],"about":[{"href":"https:\/\/bbqentertainment.com\/en\/wp-json\/wp\/v2\/types\/product"}],"wp:featuredmedia":[{"embeddable":true,"href":"https:\/\/bbqentertainment.com\/en\/wp-json\/wp\/v2\/media\/245839"}],"wp:attachment":[{"href":"https:\/\/bbqentertainment.com\/en\/wp-json\/wp\/v2\/media?parent=244616"}],"wp:term":[{"taxonomy":"product_brand","embeddable":true,"href":"https:\/\/bbqentertainment.com\/en\/wp-json\/wp\/v2\/product_brand?post=244616"},{"taxonomy":"product_cat","embeddable":true,"href":"https:\/\/bbqentertainment.com\/en\/wp-json\/wp\/v2\/product_cat?post=244616"},{"taxonomy":"product_tag","embeddable":true,"href":"https:\/\/bbqentertainment.com\/en\/wp-json\/wp\/v2\/product_tag?post=244616"}],"curies":[{"name":"wp","href":"https:\/\/api.w.org\/{rel}","templated":true}]}}