{"id":244619,"date":"2024-03-10T20:29:36","date_gmt":"2024-03-10T18:29:36","guid":{"rendered":"https:\/\/bbqentertainment.com\/?post_type=product&#038;p=244619"},"modified":"2026-04-06T12:26:41","modified_gmt":"2026-04-06T09:26:41","slug":"napoleon-rogue-sarja-grillide-poordvarda-komplekt","status":"publish","type":"product","link":"https:\/\/bbqentertainment.com\/en\/toode\/napoleon-rogue-sarja-grillide-poordvarda-komplekt\/","title":{"rendered":"Napoleon Rogue sarja grillide p\u00f6\u00f6rdvarda komplekt"},"content":{"rendered":"<h3 data-start=\"0\" data-end=\"50\"><strong data-start=\"0\" data-end=\"50\">Mis on rotisserie ja milleks seda kasutatakse?<\/strong><\/h3>\n<p class=\"\" data-start=\"52\" data-end=\"355\">Rotisserie ehk p\u00f6\u00f6rdgrill on grillimismeetod, kus toit kinnitatakse vardale ja p\u00f6\u00f6rleb pidevalt k\u00fcpsetamise ajal. See v\u00f5imaldab toidul k\u00fcpseda \u00fchtlaselt igast k\u00fcljest ilma vajaduseta k\u00e4sitsi p\u00f6\u00f6rata. Varras liigub mootori j\u00f5ul aeglaselt ringi, s\u00e4ilitades liha mahlakuse ja saavutades kr\u00f5beda pinnakatte.<\/p>\n<p class=\"\" data-start=\"357\" data-end=\"616\">Rotisserie sobib eriti h\u00e4sti terve kana, suuremate lihat\u00fckkide, kala ja ka k\u00f6\u00f6giviljade valmistamiseks. See on klassikaline BBQ-tehnika, millega saavutad madala ja \u00fchtlase kuumusega k\u00fcpsetades eriti pehme ja maitserikka tulemuse.<\/p>\n","protected":false},"excerpt":{"rendered":"<h3 data-start=\"93\" data-end=\"146\"><strong data-start=\"93\" data-end=\"146\">Napoleon Rogue sarja grillide p\u00f6\u00f6rdvarda komplekt<\/strong><\/h3>\n<p class=\"\" data-start=\"148\" data-end=\"416\">P\u00f6\u00f6rdvarda komplekt sobib k\u00f5igile Napoleon Rogue sarja grillidele (326, 425, 525, 625). Komplekti kuuluv roostevabast terasest varras kinnitub grillile ning p\u00f6\u00f6rleb elektrimootori abil \u00fchtlase kiirusega, tagades liha, kana v\u00f5i muu toidu \u00fchtlase ja mahlase k\u00fcpsemise.<\/p>\n<p class=\"\" data-start=\"418\" data-end=\"631\">Vardal on tasakaalustusmehhanism, mis v\u00f5imaldab p\u00f6\u00f6rata ka ebakorrap\u00e4rase kujuga toitu stabiilselt. Enne kasutamist tuleks grillilt eemaldada vajalik hulk restidest, et vardas olev toit saaks vabalt ringi liikuda.<\/p>\n<p class=\"\" data-start=\"633\" data-end=\"648\"><strong data-start=\"633\" data-end=\"646\">Omadused:<\/strong><\/p>\n<ul data-start=\"649\" data-end=\"953\">\n<li class=\"\" data-start=\"649\" data-end=\"705\">\n<p class=\"\" data-start=\"651\" data-end=\"705\">sobib Napoleon Rogue 326, 425, 525 ja 625 grillidele<\/p>\n<\/li>\n<li class=\"\" data-start=\"706\" data-end=\"737\">\n<p class=\"\" data-start=\"708\" data-end=\"737\">t\u00f6\u00f6tab 230 V elektrivooluga<\/p>\n<\/li>\n<li class=\"\" data-start=\"738\" data-end=\"770\">\n<p class=\"\" data-start=\"740\" data-end=\"770\">roostevabast terasest varras<\/p>\n<\/li>\n<li class=\"\" data-start=\"771\" data-end=\"819\">\n<p class=\"\" data-start=\"773\" data-end=\"819\">tasakaalustusmehhanism sujuvaks p\u00f6\u00f6rlemiseks<\/p>\n<\/li>\n<li class=\"\" data-start=\"820\" data-end=\"886\">\n<p class=\"\" data-start=\"822\" data-end=\"886\">ideaalne suuremate lihat\u00fckkide, kana v\u00f5i kebabi valmistamiseks<\/p>\n<\/li>\n<li class=\"\" data-start=\"887\" data-end=\"953\">\n<p class=\"\" data-start=\"889\" data-end=\"953\">v\u00f5imalus t\u00e4iendada lisatarvikutega: wokikorv v\u00f5i \u0161a\u0161l\u00f5kikomplekt<\/p>\n<\/li>\n<\/ul>\n<p class=\"\" data-start=\"955\" data-end=\"972\"><strong data-start=\"955\" data-end=\"970\">Komplektis:<\/strong><\/p>\n<ul data-start=\"973\" data-end=\"1084\" data-is-last-node=\"\" data-is-only-node=\"\">\n<li class=\"\" data-start=\"973\" data-end=\"988\">\n<p class=\"\" data-start=\"975\" data-end=\"988\">p\u00f6\u00f6rdvarras<\/p>\n<\/li>\n<li class=\"\" data-start=\"989\" data-end=\"1006\">\n<p class=\"\" data-start=\"991\" data-end=\"1006\">elektrimootor<\/p>\n<\/li>\n<li class=\"\" data-start=\"1007\" data-end=\"1033\">\n<p class=\"\" data-start=\"1009\" data-end=\"1033\">2 toidukinnituskahvlit<\/p>\n<\/li>\n<li class=\"\" data-start=\"1034\" data-end=\"1057\">\n<p class=\"\" data-start=\"1036\" data-end=\"1057\">tasakaalustusraskus<\/p>\n<\/li>\n<li class=\"\" data-start=\"1058\" data-end=\"1074\">\n<p class=\"\" data-start=\"1060\" data-end=\"1074\">lukustuspuks<\/p>\n<\/li>\n<li class=\"\" data-start=\"1075\" data-end=\"1084\">\n<p class=\"\" data-start=\"1077\" data-end=\"1084\">k\u00e4epide<\/p>\n<\/li>\n<\/ul>\n","protected":false},"featured_media":245845,"template":"","meta":{"inline_featured_image":false},"product_brand":[],"product_cat":[562],"product_tag":[],"class_list":{"0":"post-244619","1":"product","2":"type-product","3":"status-publish","4":"has-post-thumbnail","6":"product_cat-lisatarvikud-napoleon","8":"first","9":"instock","10":"taxable","11":"shipping-taxable","12":"purchasable","13":"product-type-simple"},"yoast_head":"<!-- This site is optimized with the Yoast SEO plugin v27.4 - https:\/\/yoast.com\/product\/yoast-seo-wordpress\/ -->\n<title>Napoleon Rogue sarja grillide p\u00f6\u00f6rdvarda komplekt - BBQ Entertainment<\/title>\n<meta name=\"robots\" content=\"index, follow, max-snippet:-1, max-image-preview:large, max-video-preview:-1\" \/>\n<link rel=\"canonical\" href=\"https:\/\/bbqentertainment.com\/toode\/napoleon-rogue-sarja-grillide-poordvarda-komplekt\/\" \/>\n<meta property=\"og:locale\" content=\"en_US\" \/>\n<meta property=\"og:type\" content=\"article\" \/>\n<meta property=\"og:title\" content=\"Napoleon Rogue sarja grillide p\u00f6\u00f6rdvarda komplekt - BBQ Entertainment\" \/>\n<meta property=\"og:description\" content=\"Napoleon Rogue sarja grillide p\u00f6\u00f6rdvarda komplekt P\u00f6\u00f6rdvarda komplekt sobib k\u00f5igile Napoleon Rogue sarja grillidele (326, 425, 525, 625). Komplekti kuuluv roostevabast terasest varras kinnitub grillile ning p\u00f6\u00f6rleb elektrimootori abil \u00fchtlase kiirusega, tagades liha, kana v\u00f5i muu toidu \u00fchtlase ja mahlase k\u00fcpsemise. Vardal on tasakaalustusmehhanism, mis v\u00f5imaldab p\u00f6\u00f6rata ka ebakorrap\u00e4rase kujuga toitu stabiilselt. Enne kasutamist tuleks grillilt eemaldada vajalik hulk restidest, et vardas olev toit saaks vabalt ringi liikuda. Omadused:     sobib Napoleon Rogue 326, 425, 525 ja 625 grillidele    t\u00f6\u00f6tab 230 V elektrivooluga    roostevabast terasest varras    tasakaalustusmehhanism sujuvaks p\u00f6\u00f6rlemiseks    ideaalne suuremate lihat\u00fckkide, kana v\u00f5i kebabi valmistamiseks    v\u00f5imalus t\u00e4iendada lisatarvikutega: wokikorv v\u00f5i \u0161a\u0161l\u00f5kikomplekt   Komplektis:     p\u00f6\u00f6rdvarras    elektrimootor    2 toidukinnituskahvlit    tasakaalustusraskus    lukustuspuks    k\u00e4epide\" \/>\n<meta property=\"og:url\" content=\"https:\/\/bbqentertainment.com\/toode\/napoleon-rogue-sarja-grillide-poordvarda-komplekt\/\" \/>\n<meta property=\"og:site_name\" content=\"BBQ Entertainment\" \/>\n<meta property=\"article:publisher\" content=\"https:\/\/www.facebook.com\/BBQ-Entertainment-N-Catering-2437913376443540\" \/>\n<meta property=\"article:modified_time\" content=\"2026-04-06T09:26:41+00:00\" \/>\n<meta property=\"og:image\" content=\"https:\/\/bbqentertainment.com\/wp-content\/uploads\/2024\/01\/BBQ-Entertainment-Napoleon-Rogue-sarja-grillide-poordvarda-komplekt-1.jpg\" \/>\n\t<meta property=\"og:image:width\" content=\"1046\" \/>\n\t<meta property=\"og:image:height\" content=\"1046\" \/>\n\t<meta property=\"og:image:type\" content=\"image\/jpeg\" \/>\n<meta name=\"twitter:card\" content=\"summary_large_image\" \/>\n<meta name=\"twitter:label1\" content=\"Est. reading time\" \/>\n\t<meta name=\"twitter:data1\" content=\"1 minute\" \/>\n<script type=\"application\/ld+json\" class=\"yoast-schema-graph\">{\"@context\":\"https:\\\/\\\/schema.org\",\"@graph\":[{\"@type\":[\"WebPage\",\"ItemPage\"],\"@id\":\"https:\\\/\\\/bbqentertainment.com\\\/toode\\\/napoleon-rogue-sarja-grillide-poordvarda-komplekt\\\/\",\"url\":\"https:\\\/\\\/bbqentertainment.com\\\/toode\\\/napoleon-rogue-sarja-grillide-poordvarda-komplekt\\\/\",\"name\":\"Napoleon Rogue sarja grillide p\u00f6\u00f6rdvarda komplekt - BBQ Entertainment\",\"isPartOf\":{\"@id\":\"https:\\\/\\\/bbqentertainment.com\\\/#website\"},\"primaryImageOfPage\":{\"@id\":\"https:\\\/\\\/bbqentertainment.com\\\/toode\\\/napoleon-rogue-sarja-grillide-poordvarda-komplekt\\\/#primaryimage\"},\"image\":{\"@id\":\"https:\\\/\\\/bbqentertainment.com\\\/toode\\\/napoleon-rogue-sarja-grillide-poordvarda-komplekt\\\/#primaryimage\"},\"thumbnailUrl\":\"https:\\\/\\\/bbqentertainment.com\\\/wp-content\\\/uploads\\\/2024\\\/01\\\/BBQ-Entertainment-Napoleon-Rogue-sarja-grillide-poordvarda-komplekt-1.jpg\",\"datePublished\":\"2024-03-10T18:29:36+00:00\",\"dateModified\":\"2026-04-06T09:26:41+00:00\",\"breadcrumb\":{\"@id\":\"https:\\\/\\\/bbqentertainment.com\\\/toode\\\/napoleon-rogue-sarja-grillide-poordvarda-komplekt\\\/#breadcrumb\"},\"inLanguage\":\"en-US\",\"potentialAction\":[{\"@type\":\"ReadAction\",\"target\":[\"https:\\\/\\\/bbqentertainment.com\\\/toode\\\/napoleon-rogue-sarja-grillide-poordvarda-komplekt\\\/\"]}]},{\"@type\":\"ImageObject\",\"inLanguage\":\"en-US\",\"@id\":\"https:\\\/\\\/bbqentertainment.com\\\/toode\\\/napoleon-rogue-sarja-grillide-poordvarda-komplekt\\\/#primaryimage\",\"url\":\"https:\\\/\\\/bbqentertainment.com\\\/wp-content\\\/uploads\\\/2024\\\/01\\\/BBQ-Entertainment-Napoleon-Rogue-sarja-grillide-poordvarda-komplekt-1.jpg\",\"contentUrl\":\"https:\\\/\\\/bbqentertainment.com\\\/wp-content\\\/uploads\\\/2024\\\/01\\\/BBQ-Entertainment-Napoleon-Rogue-sarja-grillide-poordvarda-komplekt-1.jpg\",\"width\":1046,\"height\":1046},{\"@type\":\"BreadcrumbList\",\"@id\":\"https:\\\/\\\/bbqentertainment.com\\\/toode\\\/napoleon-rogue-sarja-grillide-poordvarda-komplekt\\\/#breadcrumb\",\"itemListElement\":[{\"@type\":\"ListItem\",\"position\":1,\"name\":\"AVALEHT\",\"item\":\"https:\\\/\\\/bbqentertainment.com\\\/en\\\/\"},{\"@type\":\"ListItem\",\"position\":2,\"name\":\"Tooted\",\"item\":\"https:\\\/\\\/bbqentertainment.com\\\/tooted\\\/\"},{\"@type\":\"ListItem\",\"position\":3,\"name\":\"Lisatarvikud\",\"item\":\"https:\\\/\\\/bbqentertainment.com\\\/tootekategooria\\\/lisatarvikud\\\/\"},{\"@type\":\"ListItem\",\"position\":4,\"name\":\"Lisatarvikud Napoleon\",\"item\":\"https:\\\/\\\/bbqentertainment.com\\\/tootekategooria\\\/lisatarvikud\\\/lisatarvikud-napoleon\\\/\"},{\"@type\":\"ListItem\",\"position\":5,\"name\":\"Napoleon Rogue sarja grillide p\u00f6\u00f6rdvarda komplekt\"}]},{\"@type\":\"WebSite\",\"@id\":\"https:\\\/\\\/bbqentertainment.com\\\/#website\",\"url\":\"https:\\\/\\\/bbqentertainment.com\\\/\",\"name\":\"BBQ Entertainment\",\"description\":\"BBQ is a great lifestyle, not just fun!\",\"publisher\":{\"@id\":\"https:\\\/\\\/bbqentertainment.com\\\/#organization\"},\"potentialAction\":[{\"@type\":\"SearchAction\",\"target\":{\"@type\":\"EntryPoint\",\"urlTemplate\":\"https:\\\/\\\/bbqentertainment.com\\\/?s={search_term_string}\"},\"query-input\":{\"@type\":\"PropertyValueSpecification\",\"valueRequired\":true,\"valueName\":\"search_term_string\"}}],\"inLanguage\":\"en-US\"},{\"@type\":\"Organization\",\"@id\":\"https:\\\/\\\/bbqentertainment.com\\\/#organization\",\"name\":\"BBQ Entertainment O\u00dc\",\"url\":\"https:\\\/\\\/bbqentertainment.com\\\/\",\"logo\":{\"@type\":\"ImageObject\",\"inLanguage\":\"en-US\",\"@id\":\"https:\\\/\\\/bbqentertainment.com\\\/#\\\/schema\\\/logo\\\/image\\\/\",\"url\":\"https:\\\/\\\/bbqentertainment.com\\\/wp-content\\\/uploads\\\/2020\\\/04\\\/BBQ-Entertainment-N-Catering-Enn-Tobreluts-Logo.png\",\"contentUrl\":\"https:\\\/\\\/bbqentertainment.com\\\/wp-content\\\/uploads\\\/2020\\\/04\\\/BBQ-Entertainment-N-Catering-Enn-Tobreluts-Logo.png\",\"width\":628,\"height\":266,\"caption\":\"BBQ Entertainment O\u00dc\"},\"image\":{\"@id\":\"https:\\\/\\\/bbqentertainment.com\\\/#\\\/schema\\\/logo\\\/image\\\/\"},\"sameAs\":[\"https:\\\/\\\/www.facebook.com\\\/BBQ-Entertainment-N-Catering-2437913376443540\",\"https:\\\/\\\/www.instagram.com\\\/bbqentertainmentncatering\\\/\",\"https:\\\/\\\/www.youtube.com\\\/channel\\\/UCmpuANQVhLy2Md8nrenp2jA\"]}]}<\/script>\n<!-- \/ Yoast SEO plugin. -->","yoast_head_json":{"title":"Napoleon Rogue sarja grillide p\u00f6\u00f6rdvarda komplekt - BBQ Entertainment","robots":{"index":"index","follow":"follow","max-snippet":"max-snippet:-1","max-image-preview":"max-image-preview:large","max-video-preview":"max-video-preview:-1"},"canonical":"https:\/\/bbqentertainment.com\/toode\/napoleon-rogue-sarja-grillide-poordvarda-komplekt\/","og_locale":"en_US","og_type":"article","og_title":"Napoleon Rogue sarja grillide p\u00f6\u00f6rdvarda komplekt - BBQ Entertainment","og_description":"Napoleon Rogue sarja grillide p\u00f6\u00f6rdvarda komplekt P\u00f6\u00f6rdvarda komplekt sobib k\u00f5igile Napoleon Rogue sarja grillidele (326, 425, 525, 625). Komplekti kuuluv roostevabast terasest varras kinnitub grillile ning p\u00f6\u00f6rleb elektrimootori abil \u00fchtlase kiirusega, tagades liha, kana v\u00f5i muu toidu \u00fchtlase ja mahlase k\u00fcpsemise. Vardal on tasakaalustusmehhanism, mis v\u00f5imaldab p\u00f6\u00f6rata ka ebakorrap\u00e4rase kujuga toitu stabiilselt. Enne kasutamist tuleks grillilt eemaldada vajalik hulk restidest, et vardas olev toit saaks vabalt ringi liikuda. Omadused:     sobib Napoleon Rogue 326, 425, 525 ja 625 grillidele    t\u00f6\u00f6tab 230 V elektrivooluga    roostevabast terasest varras    tasakaalustusmehhanism sujuvaks p\u00f6\u00f6rlemiseks    ideaalne suuremate lihat\u00fckkide, kana v\u00f5i kebabi valmistamiseks    v\u00f5imalus t\u00e4iendada lisatarvikutega: wokikorv v\u00f5i \u0161a\u0161l\u00f5kikomplekt   Komplektis:     p\u00f6\u00f6rdvarras    elektrimootor    2 toidukinnituskahvlit    tasakaalustusraskus    lukustuspuks    k\u00e4epide","og_url":"https:\/\/bbqentertainment.com\/toode\/napoleon-rogue-sarja-grillide-poordvarda-komplekt\/","og_site_name":"BBQ Entertainment","article_publisher":"https:\/\/www.facebook.com\/BBQ-Entertainment-N-Catering-2437913376443540","article_modified_time":"2026-04-06T09:26:41+00:00","og_image":[{"width":1046,"height":1046,"url":"https:\/\/bbqentertainment.com\/wp-content\/uploads\/2024\/01\/BBQ-Entertainment-Napoleon-Rogue-sarja-grillide-poordvarda-komplekt-1.jpg","type":"image\/jpeg"}],"twitter_card":"summary_large_image","twitter_misc":{"Est. reading time":"1 minute"},"schema":{"@context":"https:\/\/schema.org","@graph":[{"@type":["WebPage","ItemPage"],"@id":"https:\/\/bbqentertainment.com\/toode\/napoleon-rogue-sarja-grillide-poordvarda-komplekt\/","url":"https:\/\/bbqentertainment.com\/toode\/napoleon-rogue-sarja-grillide-poordvarda-komplekt\/","name":"Napoleon Rogue sarja grillide p\u00f6\u00f6rdvarda komplekt - BBQ Entertainment","isPartOf":{"@id":"https:\/\/bbqentertainment.com\/#website"},"primaryImageOfPage":{"@id":"https:\/\/bbqentertainment.com\/toode\/napoleon-rogue-sarja-grillide-poordvarda-komplekt\/#primaryimage"},"image":{"@id":"https:\/\/bbqentertainment.com\/toode\/napoleon-rogue-sarja-grillide-poordvarda-komplekt\/#primaryimage"},"thumbnailUrl":"https:\/\/bbqentertainment.com\/wp-content\/uploads\/2024\/01\/BBQ-Entertainment-Napoleon-Rogue-sarja-grillide-poordvarda-komplekt-1.jpg","datePublished":"2024-03-10T18:29:36+00:00","dateModified":"2026-04-06T09:26:41+00:00","breadcrumb":{"@id":"https:\/\/bbqentertainment.com\/toode\/napoleon-rogue-sarja-grillide-poordvarda-komplekt\/#breadcrumb"},"inLanguage":"en-US","potentialAction":[{"@type":"ReadAction","target":["https:\/\/bbqentertainment.com\/toode\/napoleon-rogue-sarja-grillide-poordvarda-komplekt\/"]}]},{"@type":"ImageObject","inLanguage":"en-US","@id":"https:\/\/bbqentertainment.com\/toode\/napoleon-rogue-sarja-grillide-poordvarda-komplekt\/#primaryimage","url":"https:\/\/bbqentertainment.com\/wp-content\/uploads\/2024\/01\/BBQ-Entertainment-Napoleon-Rogue-sarja-grillide-poordvarda-komplekt-1.jpg","contentUrl":"https:\/\/bbqentertainment.com\/wp-content\/uploads\/2024\/01\/BBQ-Entertainment-Napoleon-Rogue-sarja-grillide-poordvarda-komplekt-1.jpg","width":1046,"height":1046},{"@type":"BreadcrumbList","@id":"https:\/\/bbqentertainment.com\/toode\/napoleon-rogue-sarja-grillide-poordvarda-komplekt\/#breadcrumb","itemListElement":[{"@type":"ListItem","position":1,"name":"AVALEHT","item":"https:\/\/bbqentertainment.com\/en\/"},{"@type":"ListItem","position":2,"name":"Tooted","item":"https:\/\/bbqentertainment.com\/tooted\/"},{"@type":"ListItem","position":3,"name":"Lisatarvikud","item":"https:\/\/bbqentertainment.com\/tootekategooria\/lisatarvikud\/"},{"@type":"ListItem","position":4,"name":"Lisatarvikud Napoleon","item":"https:\/\/bbqentertainment.com\/tootekategooria\/lisatarvikud\/lisatarvikud-napoleon\/"},{"@type":"ListItem","position":5,"name":"Napoleon Rogue sarja grillide p\u00f6\u00f6rdvarda komplekt"}]},{"@type":"WebSite","@id":"https:\/\/bbqentertainment.com\/#website","url":"https:\/\/bbqentertainment.com\/","name":"BBQ Entertainment","description":"BBQ is a great lifestyle, not just fun!","publisher":{"@id":"https:\/\/bbqentertainment.com\/#organization"},"potentialAction":[{"@type":"SearchAction","target":{"@type":"EntryPoint","urlTemplate":"https:\/\/bbqentertainment.com\/?s={search_term_string}"},"query-input":{"@type":"PropertyValueSpecification","valueRequired":true,"valueName":"search_term_string"}}],"inLanguage":"en-US"},{"@type":"Organization","@id":"https:\/\/bbqentertainment.com\/#organization","name":"BBQ Entertainment O\u00dc","url":"https:\/\/bbqentertainment.com\/","logo":{"@type":"ImageObject","inLanguage":"en-US","@id":"https:\/\/bbqentertainment.com\/#\/schema\/logo\/image\/","url":"https:\/\/bbqentertainment.com\/wp-content\/uploads\/2020\/04\/BBQ-Entertainment-N-Catering-Enn-Tobreluts-Logo.png","contentUrl":"https:\/\/bbqentertainment.com\/wp-content\/uploads\/2020\/04\/BBQ-Entertainment-N-Catering-Enn-Tobreluts-Logo.png","width":628,"height":266,"caption":"BBQ Entertainment O\u00dc"},"image":{"@id":"https:\/\/bbqentertainment.com\/#\/schema\/logo\/image\/"},"sameAs":["https:\/\/www.facebook.com\/BBQ-Entertainment-N-Catering-2437913376443540","https:\/\/www.instagram.com\/bbqentertainmentncatering\/","https:\/\/www.youtube.com\/channel\/UCmpuANQVhLy2Md8nrenp2jA"]}]}},"_links":{"self":[{"href":"https:\/\/bbqentertainment.com\/en\/wp-json\/wp\/v2\/product\/244619","targetHints":{"allow":["GET"]}}],"collection":[{"href":"https:\/\/bbqentertainment.com\/en\/wp-json\/wp\/v2\/product"}],"about":[{"href":"https:\/\/bbqentertainment.com\/en\/wp-json\/wp\/v2\/types\/product"}],"wp:featuredmedia":[{"embeddable":true,"href":"https:\/\/bbqentertainment.com\/en\/wp-json\/wp\/v2\/media\/245845"}],"wp:attachment":[{"href":"https:\/\/bbqentertainment.com\/en\/wp-json\/wp\/v2\/media?parent=244619"}],"wp:term":[{"taxonomy":"product_brand","embeddable":true,"href":"https:\/\/bbqentertainment.com\/en\/wp-json\/wp\/v2\/product_brand?post=244619"},{"taxonomy":"product_cat","embeddable":true,"href":"https:\/\/bbqentertainment.com\/en\/wp-json\/wp\/v2\/product_cat?post=244619"},{"taxonomy":"product_tag","embeddable":true,"href":"https:\/\/bbqentertainment.com\/en\/wp-json\/wp\/v2\/product_tag?post=244619"}],"curies":[{"name":"wp","href":"https:\/\/api.w.org\/{rel}","templated":true}]}}