{"id":244702,"date":"2024-03-10T20:29:35","date_gmt":"2024-03-10T18:29:35","guid":{"rendered":"https:\/\/bbqentertainment.com\/?post_type=product&#038;p=244702"},"modified":"2026-04-06T12:26:40","modified_gmt":"2026-04-06T09:26:40","slug":"napoleon-700-seeria-built-in-sisseehitatav-kahe-infrapunapoletiga-roostevaba-gaasipliit","status":"publish","type":"product","link":"https:\/\/bbqentertainment.com\/en\/toode\/napoleon-700-seeria-built-in-sisseehitatav-kahe-infrapunapoletiga-roostevaba-gaasipliit\/","title":{"rendered":"Napoleon 700 seeria Built-in sisseehitatav, kahe infrapunap\u00f5letiga roostevaba gaasipliit"},"content":{"rendered":"<p>Infrapuna SIZZLE ZONE\u2122-i saab kasutada liha t\u00e4iuslikuks r\u00f6stimiseks v\u00f5i praadimiseks\/vokkimiseks, kui p\u00f5higrill on kasutusel. See 18-tolline kahe p\u00f5letiga sisseehitatav infrapuna SIZZLE ZONE\u2122 p\u00f5leti pakub palju ruumi mahlakate pihvide k\u00fcpsetamiseks restoranikvaliteediga. Valmistatud sama kvaliteetsest roostevabast terasest nagu 700seeria sisseehitatud grillid ja sobib sama seeria grillidega. P\u00f5letid tagavad stiili ja pikaealisuse. Ehitatud paigaldamise lihtsust silmas pidades. Praktiliselt hooldusvabad 9,5mm k\u00fcpsetusrestid kannavad ikoonilisi WAVE\u2122-i k\u00f5rvetusj\u00e4lgi, mis n\u00e4itavad, et teie s\u00f6\u00f6k on valmistatud Napoleonil. S\u00fc\u00fctage p\u00f5letid \u00fche k\u00e4ega, kasutades kiirs\u00fc\u00fctes\u00fcsteemi JETFIRE\u2122. Ergonoomilised juhtnupud koos SafetyGlow-ga, mis helendavad hiilgavalt siniselt ja muutuvad p\u00f5letite kasutamisel punaseks. Toiteallika komplekt N370-1091-SER on vajalik juhul, kui pliiti kasutatakse ilma 700 seeria grillita. See on vajalik juhtnuppudele valguse toiteks. P\u00d5HIOMADUSED Pliit pakub lisaruumi restorani kvaliteediga praadide k\u00fcpsetamiseks v\u00e4ga k\u00f5rgel kuumusel Esmaklassiline roostevabast terasest konstruktsioon tagab pika eluea Toiteallikaks on lihtsalt kasutatav kiir\u00fchendusega grilligaas Paksud 9,5 mm roostevabast terasest k\u00fcpsetusrestid vajavad v\u00e4he hooldust ja neil on ikooniline Napoleon WAVE muster Infrapunasoojus tekitab k\u00f5rgeid temperatuure, kuni 900\u00b0C mis tagab kiire ja p\u00f5hjaliku praadimise Pliit on BBQ-grillist eraldiseisevselleks et saaksid k\u00fcpsetada samal ajal k\u00f5rge temperatuuriga, kui BBQ-grill k\u00fcpsetab madalamal temperatuuril. Pakub lisaruumi kastme ja vokkiroogade valmistamiseks. Pliidiga tuleb kaasa roostevaba pliidikaas. GARANTII: Presidendi piiratud eluaegne garantii* K\u00dcTUSE T\u00dc\u00dcP: Propaan SOOJUSV\u00d5IMSUS: 30 000BTU P\u00d5HIKEEDUALA :44 x 45 cm | 19 burgerit KEEDUPIND KOKKU: 2002 ruutsentimeetrit K\u00d5RGUS: 26,40cm LAIUS: 54,60cm S\u00dcGAVUS: 24,60 tolli PAKENDI K\u00d5RGUS: 45,09cm PAKENDI LAIUS: 71,12cm PAKENDI S\u00dcGAVUS: 85,73cm PAKENDI KAAL: 34,47 kg * Napoleon eluaegne piiratud garantii \u2013 Napoleoni tooteid on disainides on kasutatud suurep\u00e4raseid materjalie ning neid panevad kokku koolitatud k\u00e4sit\u00f6\u00f6lised, kes tunnevad oma t\u00f6\u00f6 \u00fcle suurt uhkust. P\u00f5leti ja ventiilis\u00fcsteem on lekketestitud ja katsep\u00f5letatud kvaliteedikatsejaamas. Kvalifitseeritud tehnik on seda grilli enne pakkimist ja saatmist p\u00f5hjalikult kontrollinud, et klient saaks Napoleonilt oodatud kvaliteetse toote. Napoleon (Wolf Steel Ltd, Barrie, ON, Kanada) garanteerib, et teie uue Napoleoni toote komponentidel ei esine alates ostukuup\u00e4evast 15 aasta jooksul materjali- ja t\u00f6\u00f6vigu. Garantii h\u00f5lmab: \u2013 Roostevaba grilli kaas \u2013 eluaegne \u2013 Roostevabad p\u00f5letid: eluaegne \u2013 Valualumiiniumist korpus \u2013 eluaegne \u2013 Roostevabast terasest k\u00fcpsetusrest \u2013 eluaegne \u2013 Roostevabast terasest soojusjaotid \u2013 15 aastat \u2013 Infrapuna tagaseina p\u00f5\u00f6eti \u2013 15 aastat \u2013 K\u00f5ik muud osad \u2013 15 aastat \u00a0 https:\/\/youtu.be\/gIG_w4_Bu1I<\/p>\n","protected":false},"excerpt":{"rendered":"<h3><strong>Napoleon 700 seeria Built-in sisseehitatav, kahe infrapunap\u00f5letiga roostevaba gaasipliit<\/strong><\/h3>\n<p>Napoleon integreeritavatesse k\u00f6\u00f6kidesse sisseehitatav kahe infrapunap\u00f5letiga \u00fcliv\u00f5imas gaasipliit. Maksimaalne temperatuur 30sekundiga 900\u00b0C. Ideaalne nii klassikalise pliidina, kui ka veiseliha kiireks pruunistamiseks \u00fclik\u00f5rgel temperatuuril. Sobib 700seeria grillidega.<\/p>\n","protected":false},"featured_media":245859,"template":"","meta":{"inline_featured_image":false},"product_brand":[],"product_cat":[561,562],"product_tag":[],"class_list":{"0":"post-244702","1":"product","2":"type-product","3":"status-publish","4":"has-post-thumbnail","6":"product_cat-napoleon-gaasigrillid","7":"product_cat-lisatarvikud-napoleon","9":"first","10":"instock","11":"taxable","12":"shipping-taxable","13":"purchasable","14":"product-type-simple"},"yoast_head":"<!-- This site is optimized with the Yoast SEO plugin v27.4 - https:\/\/yoast.com\/product\/yoast-seo-wordpress\/ -->\n<title>Napoleon 700 seeria Built-in sisseehitatav, kahe infrapunap\u00f5letiga roostevaba gaasipliit - BBQ Entertainment<\/title>\n<meta name=\"robots\" content=\"index, follow, max-snippet:-1, max-image-preview:large, max-video-preview:-1\" \/>\n<link rel=\"canonical\" href=\"https:\/\/bbqentertainment.com\/toode\/napoleon-700-seeria-built-in-sisseehitatav-kahe-infrapunapoletiga-roostevaba-gaasipliit\/\" \/>\n<meta property=\"og:locale\" content=\"en_US\" \/>\n<meta property=\"og:type\" content=\"article\" \/>\n<meta property=\"og:title\" content=\"Napoleon 700 seeria Built-in sisseehitatav, kahe infrapunap\u00f5letiga roostevaba gaasipliit - BBQ Entertainment\" \/>\n<meta property=\"og:description\" content=\"Napoleon 700 seeria Built-in sisseehitatav, kahe infrapunap\u00f5letiga roostevaba gaasipliit Napoleon integreeritavatesse k\u00f6\u00f6kidesse sisseehitatav kahe infrapunap\u00f5letiga \u00fcliv\u00f5imas gaasipliit. Maksimaalne temperatuur 30sekundiga 900\u00b0C. Ideaalne nii klassikalise pliidina, kui ka veiseliha kiireks pruunistamiseks \u00fclik\u00f5rgel temperatuuril. Sobib 700seeria grillidega.\" \/>\n<meta property=\"og:url\" content=\"https:\/\/bbqentertainment.com\/toode\/napoleon-700-seeria-built-in-sisseehitatav-kahe-infrapunapoletiga-roostevaba-gaasipliit\/\" \/>\n<meta property=\"og:site_name\" content=\"BBQ Entertainment\" \/>\n<meta property=\"article:publisher\" content=\"https:\/\/www.facebook.com\/BBQ-Entertainment-N-Catering-2437913376443540\" \/>\n<meta property=\"article:modified_time\" content=\"2026-04-06T09:26:40+00:00\" \/>\n<meta property=\"og:image\" content=\"https:\/\/bbqentertainment.com\/wp-content\/uploads\/2024\/01\/BBQ-Entertainment-Napoleon-700seeria-Built-in-sisseehitatav-kahe-infrapunapoletiga-roostevaba-gaasipliit-1.jpg\" \/>\n\t<meta property=\"og:image:width\" content=\"1143\" \/>\n\t<meta property=\"og:image:height\" content=\"1143\" \/>\n\t<meta property=\"og:image:type\" content=\"image\/jpeg\" \/>\n<meta name=\"twitter:card\" content=\"summary_large_image\" \/>\n<meta name=\"twitter:label1\" content=\"Est. reading time\" \/>\n\t<meta name=\"twitter:data1\" content=\"3 minutes\" \/>\n<script type=\"application\/ld+json\" class=\"yoast-schema-graph\">{\"@context\":\"https:\\\/\\\/schema.org\",\"@graph\":[{\"@type\":[\"WebPage\",\"ItemPage\"],\"@id\":\"https:\\\/\\\/bbqentertainment.com\\\/toode\\\/napoleon-700-seeria-built-in-sisseehitatav-kahe-infrapunapoletiga-roostevaba-gaasipliit\\\/\",\"url\":\"https:\\\/\\\/bbqentertainment.com\\\/toode\\\/napoleon-700-seeria-built-in-sisseehitatav-kahe-infrapunapoletiga-roostevaba-gaasipliit\\\/\",\"name\":\"Napoleon 700 seeria Built-in sisseehitatav, kahe infrapunap\u00f5letiga roostevaba gaasipliit - BBQ Entertainment\",\"isPartOf\":{\"@id\":\"https:\\\/\\\/bbqentertainment.com\\\/#website\"},\"primaryImageOfPage\":{\"@id\":\"https:\\\/\\\/bbqentertainment.com\\\/toode\\\/napoleon-700-seeria-built-in-sisseehitatav-kahe-infrapunapoletiga-roostevaba-gaasipliit\\\/#primaryimage\"},\"image\":{\"@id\":\"https:\\\/\\\/bbqentertainment.com\\\/toode\\\/napoleon-700-seeria-built-in-sisseehitatav-kahe-infrapunapoletiga-roostevaba-gaasipliit\\\/#primaryimage\"},\"thumbnailUrl\":\"https:\\\/\\\/bbqentertainment.com\\\/wp-content\\\/uploads\\\/2024\\\/01\\\/BBQ-Entertainment-Napoleon-700seeria-Built-in-sisseehitatav-kahe-infrapunapoletiga-roostevaba-gaasipliit-1.jpg\",\"datePublished\":\"2024-03-10T18:29:35+00:00\",\"dateModified\":\"2026-04-06T09:26:40+00:00\",\"breadcrumb\":{\"@id\":\"https:\\\/\\\/bbqentertainment.com\\\/toode\\\/napoleon-700-seeria-built-in-sisseehitatav-kahe-infrapunapoletiga-roostevaba-gaasipliit\\\/#breadcrumb\"},\"inLanguage\":\"en-US\",\"potentialAction\":[{\"@type\":\"ReadAction\",\"target\":[\"https:\\\/\\\/bbqentertainment.com\\\/toode\\\/napoleon-700-seeria-built-in-sisseehitatav-kahe-infrapunapoletiga-roostevaba-gaasipliit\\\/\"]}]},{\"@type\":\"ImageObject\",\"inLanguage\":\"en-US\",\"@id\":\"https:\\\/\\\/bbqentertainment.com\\\/toode\\\/napoleon-700-seeria-built-in-sisseehitatav-kahe-infrapunapoletiga-roostevaba-gaasipliit\\\/#primaryimage\",\"url\":\"https:\\\/\\\/bbqentertainment.com\\\/wp-content\\\/uploads\\\/2024\\\/01\\\/BBQ-Entertainment-Napoleon-700seeria-Built-in-sisseehitatav-kahe-infrapunapoletiga-roostevaba-gaasipliit-1.jpg\",\"contentUrl\":\"https:\\\/\\\/bbqentertainment.com\\\/wp-content\\\/uploads\\\/2024\\\/01\\\/BBQ-Entertainment-Napoleon-700seeria-Built-in-sisseehitatav-kahe-infrapunapoletiga-roostevaba-gaasipliit-1.jpg\",\"width\":1143,\"height\":1143},{\"@type\":\"BreadcrumbList\",\"@id\":\"https:\\\/\\\/bbqentertainment.com\\\/toode\\\/napoleon-700-seeria-built-in-sisseehitatav-kahe-infrapunapoletiga-roostevaba-gaasipliit\\\/#breadcrumb\",\"itemListElement\":[{\"@type\":\"ListItem\",\"position\":1,\"name\":\"AVALEHT\",\"item\":\"https:\\\/\\\/bbqentertainment.com\\\/en\\\/\"},{\"@type\":\"ListItem\",\"position\":2,\"name\":\"Tooted\",\"item\":\"https:\\\/\\\/bbqentertainment.com\\\/tooted\\\/\"},{\"@type\":\"ListItem\",\"position\":3,\"name\":\"Lisatarvikud\",\"item\":\"https:\\\/\\\/bbqentertainment.com\\\/tootekategooria\\\/lisatarvikud\\\/\"},{\"@type\":\"ListItem\",\"position\":4,\"name\":\"Lisatarvikud Napoleon\",\"item\":\"https:\\\/\\\/bbqentertainment.com\\\/tootekategooria\\\/lisatarvikud\\\/lisatarvikud-napoleon\\\/\"},{\"@type\":\"ListItem\",\"position\":5,\"name\":\"Napoleon 700 seeria Built-in sisseehitatav, kahe infrapunap\u00f5letiga roostevaba gaasipliit\"}]},{\"@type\":\"WebSite\",\"@id\":\"https:\\\/\\\/bbqentertainment.com\\\/#website\",\"url\":\"https:\\\/\\\/bbqentertainment.com\\\/\",\"name\":\"BBQ Entertainment\",\"description\":\"BBQ is a great lifestyle, not just fun!\",\"publisher\":{\"@id\":\"https:\\\/\\\/bbqentertainment.com\\\/#organization\"},\"potentialAction\":[{\"@type\":\"SearchAction\",\"target\":{\"@type\":\"EntryPoint\",\"urlTemplate\":\"https:\\\/\\\/bbqentertainment.com\\\/?s={search_term_string}\"},\"query-input\":{\"@type\":\"PropertyValueSpecification\",\"valueRequired\":true,\"valueName\":\"search_term_string\"}}],\"inLanguage\":\"en-US\"},{\"@type\":\"Organization\",\"@id\":\"https:\\\/\\\/bbqentertainment.com\\\/#organization\",\"name\":\"BBQ Entertainment O\u00dc\",\"url\":\"https:\\\/\\\/bbqentertainment.com\\\/\",\"logo\":{\"@type\":\"ImageObject\",\"inLanguage\":\"en-US\",\"@id\":\"https:\\\/\\\/bbqentertainment.com\\\/#\\\/schema\\\/logo\\\/image\\\/\",\"url\":\"https:\\\/\\\/bbqentertainment.com\\\/wp-content\\\/uploads\\\/2020\\\/04\\\/BBQ-Entertainment-N-Catering-Enn-Tobreluts-Logo.png\",\"contentUrl\":\"https:\\\/\\\/bbqentertainment.com\\\/wp-content\\\/uploads\\\/2020\\\/04\\\/BBQ-Entertainment-N-Catering-Enn-Tobreluts-Logo.png\",\"width\":628,\"height\":266,\"caption\":\"BBQ Entertainment O\u00dc\"},\"image\":{\"@id\":\"https:\\\/\\\/bbqentertainment.com\\\/#\\\/schema\\\/logo\\\/image\\\/\"},\"sameAs\":[\"https:\\\/\\\/www.facebook.com\\\/BBQ-Entertainment-N-Catering-2437913376443540\",\"https:\\\/\\\/www.instagram.com\\\/bbqentertainmentncatering\\\/\",\"https:\\\/\\\/www.youtube.com\\\/channel\\\/UCmpuANQVhLy2Md8nrenp2jA\"]}]}<\/script>\n<!-- \/ Yoast SEO plugin. -->","yoast_head_json":{"title":"Napoleon 700 seeria Built-in sisseehitatav, kahe infrapunap\u00f5letiga roostevaba gaasipliit - BBQ Entertainment","robots":{"index":"index","follow":"follow","max-snippet":"max-snippet:-1","max-image-preview":"max-image-preview:large","max-video-preview":"max-video-preview:-1"},"canonical":"https:\/\/bbqentertainment.com\/toode\/napoleon-700-seeria-built-in-sisseehitatav-kahe-infrapunapoletiga-roostevaba-gaasipliit\/","og_locale":"en_US","og_type":"article","og_title":"Napoleon 700 seeria Built-in sisseehitatav, kahe infrapunap\u00f5letiga roostevaba gaasipliit - BBQ Entertainment","og_description":"Napoleon 700 seeria Built-in sisseehitatav, kahe infrapunap\u00f5letiga roostevaba gaasipliit Napoleon integreeritavatesse k\u00f6\u00f6kidesse sisseehitatav kahe infrapunap\u00f5letiga \u00fcliv\u00f5imas gaasipliit. Maksimaalne temperatuur 30sekundiga 900\u00b0C. Ideaalne nii klassikalise pliidina, kui ka veiseliha kiireks pruunistamiseks \u00fclik\u00f5rgel temperatuuril. Sobib 700seeria grillidega.","og_url":"https:\/\/bbqentertainment.com\/toode\/napoleon-700-seeria-built-in-sisseehitatav-kahe-infrapunapoletiga-roostevaba-gaasipliit\/","og_site_name":"BBQ Entertainment","article_publisher":"https:\/\/www.facebook.com\/BBQ-Entertainment-N-Catering-2437913376443540","article_modified_time":"2026-04-06T09:26:40+00:00","og_image":[{"width":1143,"height":1143,"url":"https:\/\/bbqentertainment.com\/wp-content\/uploads\/2024\/01\/BBQ-Entertainment-Napoleon-700seeria-Built-in-sisseehitatav-kahe-infrapunapoletiga-roostevaba-gaasipliit-1.jpg","type":"image\/jpeg"}],"twitter_card":"summary_large_image","twitter_misc":{"Est. reading time":"3 minutes"},"schema":{"@context":"https:\/\/schema.org","@graph":[{"@type":["WebPage","ItemPage"],"@id":"https:\/\/bbqentertainment.com\/toode\/napoleon-700-seeria-built-in-sisseehitatav-kahe-infrapunapoletiga-roostevaba-gaasipliit\/","url":"https:\/\/bbqentertainment.com\/toode\/napoleon-700-seeria-built-in-sisseehitatav-kahe-infrapunapoletiga-roostevaba-gaasipliit\/","name":"Napoleon 700 seeria Built-in sisseehitatav, kahe infrapunap\u00f5letiga roostevaba gaasipliit - BBQ Entertainment","isPartOf":{"@id":"https:\/\/bbqentertainment.com\/#website"},"primaryImageOfPage":{"@id":"https:\/\/bbqentertainment.com\/toode\/napoleon-700-seeria-built-in-sisseehitatav-kahe-infrapunapoletiga-roostevaba-gaasipliit\/#primaryimage"},"image":{"@id":"https:\/\/bbqentertainment.com\/toode\/napoleon-700-seeria-built-in-sisseehitatav-kahe-infrapunapoletiga-roostevaba-gaasipliit\/#primaryimage"},"thumbnailUrl":"https:\/\/bbqentertainment.com\/wp-content\/uploads\/2024\/01\/BBQ-Entertainment-Napoleon-700seeria-Built-in-sisseehitatav-kahe-infrapunapoletiga-roostevaba-gaasipliit-1.jpg","datePublished":"2024-03-10T18:29:35+00:00","dateModified":"2026-04-06T09:26:40+00:00","breadcrumb":{"@id":"https:\/\/bbqentertainment.com\/toode\/napoleon-700-seeria-built-in-sisseehitatav-kahe-infrapunapoletiga-roostevaba-gaasipliit\/#breadcrumb"},"inLanguage":"en-US","potentialAction":[{"@type":"ReadAction","target":["https:\/\/bbqentertainment.com\/toode\/napoleon-700-seeria-built-in-sisseehitatav-kahe-infrapunapoletiga-roostevaba-gaasipliit\/"]}]},{"@type":"ImageObject","inLanguage":"en-US","@id":"https:\/\/bbqentertainment.com\/toode\/napoleon-700-seeria-built-in-sisseehitatav-kahe-infrapunapoletiga-roostevaba-gaasipliit\/#primaryimage","url":"https:\/\/bbqentertainment.com\/wp-content\/uploads\/2024\/01\/BBQ-Entertainment-Napoleon-700seeria-Built-in-sisseehitatav-kahe-infrapunapoletiga-roostevaba-gaasipliit-1.jpg","contentUrl":"https:\/\/bbqentertainment.com\/wp-content\/uploads\/2024\/01\/BBQ-Entertainment-Napoleon-700seeria-Built-in-sisseehitatav-kahe-infrapunapoletiga-roostevaba-gaasipliit-1.jpg","width":1143,"height":1143},{"@type":"BreadcrumbList","@id":"https:\/\/bbqentertainment.com\/toode\/napoleon-700-seeria-built-in-sisseehitatav-kahe-infrapunapoletiga-roostevaba-gaasipliit\/#breadcrumb","itemListElement":[{"@type":"ListItem","position":1,"name":"AVALEHT","item":"https:\/\/bbqentertainment.com\/en\/"},{"@type":"ListItem","position":2,"name":"Tooted","item":"https:\/\/bbqentertainment.com\/tooted\/"},{"@type":"ListItem","position":3,"name":"Lisatarvikud","item":"https:\/\/bbqentertainment.com\/tootekategooria\/lisatarvikud\/"},{"@type":"ListItem","position":4,"name":"Lisatarvikud Napoleon","item":"https:\/\/bbqentertainment.com\/tootekategooria\/lisatarvikud\/lisatarvikud-napoleon\/"},{"@type":"ListItem","position":5,"name":"Napoleon 700 seeria Built-in sisseehitatav, kahe infrapunap\u00f5letiga roostevaba gaasipliit"}]},{"@type":"WebSite","@id":"https:\/\/bbqentertainment.com\/#website","url":"https:\/\/bbqentertainment.com\/","name":"BBQ Entertainment","description":"BBQ is a great lifestyle, not just fun!","publisher":{"@id":"https:\/\/bbqentertainment.com\/#organization"},"potentialAction":[{"@type":"SearchAction","target":{"@type":"EntryPoint","urlTemplate":"https:\/\/bbqentertainment.com\/?s={search_term_string}"},"query-input":{"@type":"PropertyValueSpecification","valueRequired":true,"valueName":"search_term_string"}}],"inLanguage":"en-US"},{"@type":"Organization","@id":"https:\/\/bbqentertainment.com\/#organization","name":"BBQ Entertainment O\u00dc","url":"https:\/\/bbqentertainment.com\/","logo":{"@type":"ImageObject","inLanguage":"en-US","@id":"https:\/\/bbqentertainment.com\/#\/schema\/logo\/image\/","url":"https:\/\/bbqentertainment.com\/wp-content\/uploads\/2020\/04\/BBQ-Entertainment-N-Catering-Enn-Tobreluts-Logo.png","contentUrl":"https:\/\/bbqentertainment.com\/wp-content\/uploads\/2020\/04\/BBQ-Entertainment-N-Catering-Enn-Tobreluts-Logo.png","width":628,"height":266,"caption":"BBQ Entertainment O\u00dc"},"image":{"@id":"https:\/\/bbqentertainment.com\/#\/schema\/logo\/image\/"},"sameAs":["https:\/\/www.facebook.com\/BBQ-Entertainment-N-Catering-2437913376443540","https:\/\/www.instagram.com\/bbqentertainmentncatering\/","https:\/\/www.youtube.com\/channel\/UCmpuANQVhLy2Md8nrenp2jA"]}]}},"_links":{"self":[{"href":"https:\/\/bbqentertainment.com\/en\/wp-json\/wp\/v2\/product\/244702","targetHints":{"allow":["GET"]}}],"collection":[{"href":"https:\/\/bbqentertainment.com\/en\/wp-json\/wp\/v2\/product"}],"about":[{"href":"https:\/\/bbqentertainment.com\/en\/wp-json\/wp\/v2\/types\/product"}],"wp:featuredmedia":[{"embeddable":true,"href":"https:\/\/bbqentertainment.com\/en\/wp-json\/wp\/v2\/media\/245859"}],"wp:attachment":[{"href":"https:\/\/bbqentertainment.com\/en\/wp-json\/wp\/v2\/media?parent=244702"}],"wp:term":[{"taxonomy":"product_brand","embeddable":true,"href":"https:\/\/bbqentertainment.com\/en\/wp-json\/wp\/v2\/product_brand?post=244702"},{"taxonomy":"product_cat","embeddable":true,"href":"https:\/\/bbqentertainment.com\/en\/wp-json\/wp\/v2\/product_cat?post=244702"},{"taxonomy":"product_tag","embeddable":true,"href":"https:\/\/bbqentertainment.com\/en\/wp-json\/wp\/v2\/product_tag?post=244702"}],"curies":[{"name":"wp","href":"https:\/\/api.w.org\/{rel}","templated":true}]}}