{"id":244713,"date":"2024-03-10T20:29:35","date_gmt":"2024-03-10T18:29:35","guid":{"rendered":"https:\/\/bbqentertainment.com\/?post_type=product&#038;p=244713"},"modified":"2026-04-06T12:26:53","modified_gmt":"2026-04-06T09:26:53","slug":"napoleon-700-seeria-built-in-sisseehitatav-32%e2%80%b3-tagumise-infrapunapoletiga-integreeritav-gaasigrill","status":"publish","type":"product","link":"https:\/\/bbqentertainment.com\/en\/toode\/napoleon-700-seeria-built-in-sisseehitatav-32%e2%80%b3-tagumise-infrapunapoletiga-integreeritav-gaasigrill\/","title":{"rendered":"Napoleon 700 seeria Built-in sisseehitatav 32\u2033 tagumise infrapunap\u00f5letiga integreeritav gaasigrill"},"content":{"rendered":"<p>&nbsp;<\/p>\n<p><iframe loading=\"lazy\" title=\"Napoleon Built-In 700 Series Gas Grills\" width=\"1020\" height=\"574\" src=\"https:\/\/www.youtube.com\/embed\/gIG_w4_Bu1I?feature=oembed\" frameborder=\"0\" allow=\"accelerometer; autoplay; clipboard-write; encrypted-media; gyroscope; picture-in-picture; web-share\" referrerpolicy=\"strict-origin-when-cross-origin\" allowfullscreen><\/iframe><\/p>\n","protected":false},"excerpt":{"rendered":"<h3><strong>Napoleon 700 seeria Built-in sisseehitatav 32\u2033 tagumise infrapunap\u00f5letiga integreeritav gaasigrill<\/strong><\/h3>\n<p class=\"\" data-start=\"94\" data-end=\"444\">Napoleon BIG32 on nelja p\u00f5hik\u00fcttekehaga sisseehitatav gaasigrill, mis on valmistatud kvaliteetsest roostevabast terasest. Mudelil on ka infrapunaga tagap\u00f5leti ja suur, roostevabast terasest valmistatud WAVE\u2122 grillpind, mis tagab suure k\u00fcpsetusaluse ja \u00fchtlase kuumuse.<\/p>\n<p class=\"\" data-start=\"446\" data-end=\"663\">JETFIRE\u2122 s\u00fc\u00fctes\u00fcsteem s\u00fc\u00fctab p\u00f5letid koheselt. Kaheastmelised roostevabad kuumuslevitajad jaotavad kuumuse \u00fchtlaselt ning kaitsevad p\u00f5letit toidust tilkuva rasva eest. Kuumadele levitajatele sattuv rasv aurustub ja annab toidule rohkem maitset ning hoiab selle mahlasena.<\/p>\n<p class=\"\" data-start=\"665\" data-end=\"873\">Grilli kuppel on kahekordne ja isoleeritud, v\u00e4hendades kuumuse kadu ja v\u00f5imaldades k\u00fcpsetamist ka talvistes tingimustes. ACCU-PROBE\u2122 termomeeter n\u00e4itab t\u00e4pselt temperatuuri nii Celsiuse kui Fahrenheiti j\u00e4rgi.<\/p>\n<p class=\"\" data-start=\"875\" data-end=\"1198\"><strong data-start=\"875\" data-end=\"889\">Kasutamine<\/strong><br data-start=\"889\" data-end=\"892\" \/>Ergonoomilised juhtnupud on varustatud SAFETY GLOW\u2122 taustavalgustusega \u2013 punane p\u00f5lemisel ja sinine, kui p\u00f5leti on v\u00e4lja l\u00fclitatud. \u00dclemine soojendusrest sobib aeglasemaks k\u00fcpsetamiseks v\u00f5i toidu soojas hoidmiseks. Infrapunap\u00f5leti sobib varda abil k\u00fcpsetamiseks \u2013 komplektis on rotisseri mootor ja varras.<\/p>\n<p data-start=\"1341\" data-end=\"1510\">Grilli all on v\u00e4ljat\u00f5mmatav rasvasahtel ning selle eesosas eraldi hoiukoht rotisseri komplekti jaoks. Komplektis on ka gaasivoolik ja madalr\u00f5huregulaator.<\/p>\n<p class=\"\" data-start=\"1341\" data-end=\"1510\">Lisavarustusena on saadaval valurautast s\u00f6ekarp, millega saab muuta grilli s\u00f6egrilliks. S\u00f6en\u00f5ul on ka suitsulaastude kamber, millega saab lisada toidule suitsust maitset.<\/p>\n<p class=\"\" data-start=\"1512\" data-end=\"1535\"><strong data-start=\"1512\" data-end=\"1533\">Tehnilised andmed<\/strong><\/p>\n<ul data-start=\"1536\" data-end=\"1800\">\n<li class=\"\" data-start=\"1536\" data-end=\"1563\">\n<p class=\"\" data-start=\"1538\" data-end=\"1563\">grillimis ala: 74 \u00d7 45 cm<\/p>\n<\/li>\n<li class=\"\" data-start=\"1564\" data-end=\"1588\">\n<p class=\"\" data-start=\"1566\" data-end=\"1588\">koguv\u00f5imsus: 19,3 kW<\/p>\n<\/li>\n<li class=\"\" data-start=\"1589\" data-end=\"1640\">\n<p class=\"\" data-start=\"1591\" data-end=\"1640\">p\u00f5leteid: 4 p\u00f5hik\u00fctteseadet + 1 infrapunap\u00f5leti<\/p>\n<\/li>\n<\/ul>\n<p class=\"\" data-start=\"1894\" data-end=\"1910\"><strong data-start=\"1894\" data-end=\"1908\">Komplektis<\/strong><\/p>\n<ul data-start=\"1911\" data-end=\"1983\">\n<li class=\"\" data-start=\"1911\" data-end=\"1949\">\n<p class=\"\" data-start=\"1913\" data-end=\"1949\">rotisseri mootor ja k\u00fcpsetusvarras<\/p>\n<\/li>\n<li class=\"\" data-start=\"1950\" data-end=\"1983\">\n<p class=\"\" data-start=\"1952\" data-end=\"1983\">gaasivoolik ja r\u00f5huregulaator<\/p>\n<\/li>\n<\/ul>\n<p>Grill kuulub Napoleon\u00ae 20-aastasesse piiratud garantiiprogrammi.<\/p>\n","protected":false},"featured_media":245881,"template":"","meta":{"inline_featured_image":false},"product_brand":[],"product_cat":[17,561],"product_tag":[619,620],"class_list":{"0":"post-244713","1":"product","2":"type-product","3":"status-publish","4":"has-post-thumbnail","6":"product_cat-grillid-ja-ahjud","7":"product_cat-napoleon-gaasigrillid","8":"product_tag-napoleon-gaasigrill","9":"product_tag-gaasigrill","10":"product_shipping_class-ainult-ise-jarele-tulemisega","12":"first","13":"instock","14":"taxable","15":"shipping-taxable","16":"purchasable","17":"product-type-simple"},"yoast_head":"<!-- This site is optimized with the Yoast SEO plugin v27.2 - https:\/\/yoast.com\/product\/yoast-seo-wordpress\/ -->\n<title>Napoleon 700 seeria Built-in sisseehitatav 32\u2033 tagumise infrapunap\u00f5letiga integreeritav gaasigrill - BBQ Entertainment<\/title>\n<meta name=\"description\" content=\"Napoleon 700 seeria Built-in sisseehitatav 32\u2033 tagumise infrapunap\u00f5letiga integreeritav gaasigrill BBQ Entertainment\" \/>\n<meta name=\"robots\" content=\"index, follow, max-snippet:-1, max-image-preview:large, max-video-preview:-1\" \/>\n<link rel=\"canonical\" href=\"https:\/\/bbqentertainment.com\/toode\/napoleon-700-seeria-built-in-sisseehitatav-32\u2033-tagumise-infrapunapoletiga-integreeritav-gaasigrill\/\" \/>\n<meta property=\"og:locale\" content=\"en_US\" \/>\n<meta property=\"og:type\" content=\"article\" \/>\n<meta property=\"og:title\" content=\"Napoleon 700 seeria Built-in sisseehitatav 32\u2033 tagumise infrapunap\u00f5letiga integreeritav gaasigrill - BBQ Entertainment\" \/>\n<meta property=\"og:description\" content=\"Napoleon 700 seeria Built-in sisseehitatav 32\u2033 tagumise infrapunap\u00f5letiga integreeritav gaasigrill BBQ Entertainment\" \/>\n<meta property=\"og:url\" content=\"https:\/\/bbqentertainment.com\/toode\/napoleon-700-seeria-built-in-sisseehitatav-32\u2033-tagumise-infrapunapoletiga-integreeritav-gaasigrill\/\" \/>\n<meta property=\"og:site_name\" content=\"BBQ Entertainment\" \/>\n<meta property=\"article:publisher\" content=\"https:\/\/www.facebook.com\/BBQ-Entertainment-N-Catering-2437913376443540\" \/>\n<meta property=\"article:modified_time\" content=\"2026-04-06T09:26:53+00:00\" \/>\n<meta property=\"og:image\" content=\"https:\/\/bbqentertainment.com\/wp-content\/uploads\/2024\/01\/BBQ-Entertainment-Napoleon-Built-in-700-Series-32\u2033-tagumise-infrapunapoletiga-integreeritav-gaasigrill.-1.jpg\" \/>\n\t<meta property=\"og:image:width\" content=\"1097\" \/>\n\t<meta property=\"og:image:height\" content=\"1097\" \/>\n\t<meta property=\"og:image:type\" content=\"image\/jpeg\" \/>\n<meta name=\"twitter:card\" content=\"summary_large_image\" \/>\n<meta name=\"twitter:label1\" content=\"Est. reading time\" \/>\n\t<meta name=\"twitter:data1\" content=\"1 minute\" \/>\n<script type=\"application\/ld+json\" class=\"yoast-schema-graph\">{\"@context\":\"https:\/\/schema.org\",\"@graph\":[{\"@type\":[\"WebPage\",\"ItemPage\"],\"@id\":\"https:\/\/bbqentertainment.com\/toode\/napoleon-700-seeria-built-in-sisseehitatav-32%e2%80%b3-tagumise-infrapunapoletiga-integreeritav-gaasigrill\/\",\"url\":\"https:\/\/bbqentertainment.com\/toode\/napoleon-700-seeria-built-in-sisseehitatav-32%e2%80%b3-tagumise-infrapunapoletiga-integreeritav-gaasigrill\/\",\"name\":\"Napoleon 700 seeria Built-in sisseehitatav 32\u2033 tagumise infrapunap\u00f5letiga integreeritav gaasigrill - BBQ Entertainment\",\"isPartOf\":{\"@id\":\"https:\/\/bbqentertainment.com\/#website\"},\"primaryImageOfPage\":{\"@id\":\"https:\/\/bbqentertainment.com\/toode\/napoleon-700-seeria-built-in-sisseehitatav-32%e2%80%b3-tagumise-infrapunapoletiga-integreeritav-gaasigrill\/#primaryimage\"},\"image\":{\"@id\":\"https:\/\/bbqentertainment.com\/toode\/napoleon-700-seeria-built-in-sisseehitatav-32%e2%80%b3-tagumise-infrapunapoletiga-integreeritav-gaasigrill\/#primaryimage\"},\"thumbnailUrl\":\"https:\/\/bbqentertainment.com\/wp-content\/uploads\/2024\/01\/BBQ-Entertainment-Napoleon-Built-in-700-Series-32\u2033-tagumise-infrapunapoletiga-integreeritav-gaasigrill.-1.jpg\",\"datePublished\":\"2024-03-10T18:29:35+00:00\",\"dateModified\":\"2026-04-06T09:26:53+00:00\",\"description\":\"Napoleon 700 seeria Built-in sisseehitatav 32\u2033 tagumise infrapunap\u00f5letiga integreeritav gaasigrill BBQ Entertainment\",\"breadcrumb\":{\"@id\":\"https:\/\/bbqentertainment.com\/toode\/napoleon-700-seeria-built-in-sisseehitatav-32%e2%80%b3-tagumise-infrapunapoletiga-integreeritav-gaasigrill\/#breadcrumb\"},\"inLanguage\":\"en-US\",\"potentialAction\":[{\"@type\":\"ReadAction\",\"target\":[\"https:\/\/bbqentertainment.com\/toode\/napoleon-700-seeria-built-in-sisseehitatav-32%e2%80%b3-tagumise-infrapunapoletiga-integreeritav-gaasigrill\/\"]}]},{\"@type\":\"ImageObject\",\"inLanguage\":\"en-US\",\"@id\":\"https:\/\/bbqentertainment.com\/toode\/napoleon-700-seeria-built-in-sisseehitatav-32%e2%80%b3-tagumise-infrapunapoletiga-integreeritav-gaasigrill\/#primaryimage\",\"url\":\"https:\/\/bbqentertainment.com\/wp-content\/uploads\/2024\/01\/BBQ-Entertainment-Napoleon-Built-in-700-Series-32\u2033-tagumise-infrapunapoletiga-integreeritav-gaasigrill.-1.jpg\",\"contentUrl\":\"https:\/\/bbqentertainment.com\/wp-content\/uploads\/2024\/01\/BBQ-Entertainment-Napoleon-Built-in-700-Series-32\u2033-tagumise-infrapunapoletiga-integreeritav-gaasigrill.-1.jpg\",\"width\":1097,\"height\":1097},{\"@type\":\"BreadcrumbList\",\"@id\":\"https:\/\/bbqentertainment.com\/toode\/napoleon-700-seeria-built-in-sisseehitatav-32%e2%80%b3-tagumise-infrapunapoletiga-integreeritav-gaasigrill\/#breadcrumb\",\"itemListElement\":[{\"@type\":\"ListItem\",\"position\":1,\"name\":\"AVALEHT\",\"item\":\"https:\/\/bbqentertainment.com\/en\/\"},{\"@type\":\"ListItem\",\"position\":2,\"name\":\"Tooted\",\"item\":\"https:\/\/bbqentertainment.com\/tooted\/\"},{\"@type\":\"ListItem\",\"position\":3,\"name\":\"Grillid ja ahjud\",\"item\":\"https:\/\/bbqentertainment.com\/tootekategooria\/grillid-ja-ahjud\/\"},{\"@type\":\"ListItem\",\"position\":4,\"name\":\"Napoleon gaasigrillid\",\"item\":\"https:\/\/bbqentertainment.com\/tootekategooria\/grillid-ja-ahjud\/napoleon-gaasigrillid\/\"},{\"@type\":\"ListItem\",\"position\":5,\"name\":\"Napoleon 700 seeria Built-in sisseehitatav 32\u2033 tagumise infrapunap\u00f5letiga integreeritav gaasigrill\"}]},{\"@type\":\"WebSite\",\"@id\":\"https:\/\/bbqentertainment.com\/#website\",\"url\":\"https:\/\/bbqentertainment.com\/\",\"name\":\"BBQ Entertainment\",\"description\":\"BBQ is a great lifestyle, not just fun!\",\"publisher\":{\"@id\":\"https:\/\/bbqentertainment.com\/#organization\"},\"potentialAction\":[{\"@type\":\"SearchAction\",\"target\":{\"@type\":\"EntryPoint\",\"urlTemplate\":\"https:\/\/bbqentertainment.com\/?s={search_term_string}\"},\"query-input\":{\"@type\":\"PropertyValueSpecification\",\"valueRequired\":true,\"valueName\":\"search_term_string\"}}],\"inLanguage\":\"en-US\"},{\"@type\":\"Organization\",\"@id\":\"https:\/\/bbqentertainment.com\/#organization\",\"name\":\"BBQ Entertainment O\u00dc\",\"url\":\"https:\/\/bbqentertainment.com\/\",\"logo\":{\"@type\":\"ImageObject\",\"inLanguage\":\"en-US\",\"@id\":\"https:\/\/bbqentertainment.com\/#\/schema\/logo\/image\/\",\"url\":\"https:\/\/bbqentertainment.com\/wp-content\/uploads\/2020\/04\/BBQ-Entertainment-N-Catering-Enn-Tobreluts-Logo.png\",\"contentUrl\":\"https:\/\/bbqentertainment.com\/wp-content\/uploads\/2020\/04\/BBQ-Entertainment-N-Catering-Enn-Tobreluts-Logo.png\",\"width\":628,\"height\":266,\"caption\":\"BBQ Entertainment O\u00dc\"},\"image\":{\"@id\":\"https:\/\/bbqentertainment.com\/#\/schema\/logo\/image\/\"},\"sameAs\":[\"https:\/\/www.facebook.com\/BBQ-Entertainment-N-Catering-2437913376443540\",\"https:\/\/www.instagram.com\/bbqentertainmentncatering\/\",\"https:\/\/www.youtube.com\/channel\/UCmpuANQVhLy2Md8nrenp2jA\"]}]}<\/script>\n<!-- \/ Yoast SEO plugin. -->","yoast_head_json":{"title":"Napoleon 700 seeria Built-in sisseehitatav 32\u2033 tagumise infrapunap\u00f5letiga integreeritav gaasigrill - BBQ Entertainment","description":"Napoleon 700 seeria Built-in sisseehitatav 32\u2033 tagumise infrapunap\u00f5letiga integreeritav gaasigrill BBQ Entertainment","robots":{"index":"index","follow":"follow","max-snippet":"max-snippet:-1","max-image-preview":"max-image-preview:large","max-video-preview":"max-video-preview:-1"},"canonical":"https:\/\/bbqentertainment.com\/toode\/napoleon-700-seeria-built-in-sisseehitatav-32\u2033-tagumise-infrapunapoletiga-integreeritav-gaasigrill\/","og_locale":"en_US","og_type":"article","og_title":"Napoleon 700 seeria Built-in sisseehitatav 32\u2033 tagumise infrapunap\u00f5letiga integreeritav gaasigrill - BBQ Entertainment","og_description":"Napoleon 700 seeria Built-in sisseehitatav 32\u2033 tagumise infrapunap\u00f5letiga integreeritav gaasigrill BBQ Entertainment","og_url":"https:\/\/bbqentertainment.com\/toode\/napoleon-700-seeria-built-in-sisseehitatav-32\u2033-tagumise-infrapunapoletiga-integreeritav-gaasigrill\/","og_site_name":"BBQ Entertainment","article_publisher":"https:\/\/www.facebook.com\/BBQ-Entertainment-N-Catering-2437913376443540","article_modified_time":"2026-04-06T09:26:53+00:00","og_image":[{"width":1097,"height":1097,"url":"https:\/\/bbqentertainment.com\/wp-content\/uploads\/2024\/01\/BBQ-Entertainment-Napoleon-Built-in-700-Series-32\u2033-tagumise-infrapunapoletiga-integreeritav-gaasigrill.-1.jpg","type":"image\/jpeg"}],"twitter_card":"summary_large_image","twitter_misc":{"Est. reading time":"1 minute"},"schema":{"@context":"https:\/\/schema.org","@graph":[{"@type":["WebPage","ItemPage"],"@id":"https:\/\/bbqentertainment.com\/toode\/napoleon-700-seeria-built-in-sisseehitatav-32%e2%80%b3-tagumise-infrapunapoletiga-integreeritav-gaasigrill\/","url":"https:\/\/bbqentertainment.com\/toode\/napoleon-700-seeria-built-in-sisseehitatav-32%e2%80%b3-tagumise-infrapunapoletiga-integreeritav-gaasigrill\/","name":"Napoleon 700 seeria Built-in sisseehitatav 32\u2033 tagumise infrapunap\u00f5letiga integreeritav gaasigrill - BBQ Entertainment","isPartOf":{"@id":"https:\/\/bbqentertainment.com\/#website"},"primaryImageOfPage":{"@id":"https:\/\/bbqentertainment.com\/toode\/napoleon-700-seeria-built-in-sisseehitatav-32%e2%80%b3-tagumise-infrapunapoletiga-integreeritav-gaasigrill\/#primaryimage"},"image":{"@id":"https:\/\/bbqentertainment.com\/toode\/napoleon-700-seeria-built-in-sisseehitatav-32%e2%80%b3-tagumise-infrapunapoletiga-integreeritav-gaasigrill\/#primaryimage"},"thumbnailUrl":"https:\/\/bbqentertainment.com\/wp-content\/uploads\/2024\/01\/BBQ-Entertainment-Napoleon-Built-in-700-Series-32\u2033-tagumise-infrapunapoletiga-integreeritav-gaasigrill.-1.jpg","datePublished":"2024-03-10T18:29:35+00:00","dateModified":"2026-04-06T09:26:53+00:00","description":"Napoleon 700 seeria Built-in sisseehitatav 32\u2033 tagumise infrapunap\u00f5letiga integreeritav gaasigrill BBQ Entertainment","breadcrumb":{"@id":"https:\/\/bbqentertainment.com\/toode\/napoleon-700-seeria-built-in-sisseehitatav-32%e2%80%b3-tagumise-infrapunapoletiga-integreeritav-gaasigrill\/#breadcrumb"},"inLanguage":"en-US","potentialAction":[{"@type":"ReadAction","target":["https:\/\/bbqentertainment.com\/toode\/napoleon-700-seeria-built-in-sisseehitatav-32%e2%80%b3-tagumise-infrapunapoletiga-integreeritav-gaasigrill\/"]}]},{"@type":"ImageObject","inLanguage":"en-US","@id":"https:\/\/bbqentertainment.com\/toode\/napoleon-700-seeria-built-in-sisseehitatav-32%e2%80%b3-tagumise-infrapunapoletiga-integreeritav-gaasigrill\/#primaryimage","url":"https:\/\/bbqentertainment.com\/wp-content\/uploads\/2024\/01\/BBQ-Entertainment-Napoleon-Built-in-700-Series-32\u2033-tagumise-infrapunapoletiga-integreeritav-gaasigrill.-1.jpg","contentUrl":"https:\/\/bbqentertainment.com\/wp-content\/uploads\/2024\/01\/BBQ-Entertainment-Napoleon-Built-in-700-Series-32\u2033-tagumise-infrapunapoletiga-integreeritav-gaasigrill.-1.jpg","width":1097,"height":1097},{"@type":"BreadcrumbList","@id":"https:\/\/bbqentertainment.com\/toode\/napoleon-700-seeria-built-in-sisseehitatav-32%e2%80%b3-tagumise-infrapunapoletiga-integreeritav-gaasigrill\/#breadcrumb","itemListElement":[{"@type":"ListItem","position":1,"name":"AVALEHT","item":"https:\/\/bbqentertainment.com\/en\/"},{"@type":"ListItem","position":2,"name":"Tooted","item":"https:\/\/bbqentertainment.com\/tooted\/"},{"@type":"ListItem","position":3,"name":"Grillid ja ahjud","item":"https:\/\/bbqentertainment.com\/tootekategooria\/grillid-ja-ahjud\/"},{"@type":"ListItem","position":4,"name":"Napoleon gaasigrillid","item":"https:\/\/bbqentertainment.com\/tootekategooria\/grillid-ja-ahjud\/napoleon-gaasigrillid\/"},{"@type":"ListItem","position":5,"name":"Napoleon 700 seeria Built-in sisseehitatav 32\u2033 tagumise infrapunap\u00f5letiga integreeritav gaasigrill"}]},{"@type":"WebSite","@id":"https:\/\/bbqentertainment.com\/#website","url":"https:\/\/bbqentertainment.com\/","name":"BBQ Entertainment","description":"BBQ is a great lifestyle, not just fun!","publisher":{"@id":"https:\/\/bbqentertainment.com\/#organization"},"potentialAction":[{"@type":"SearchAction","target":{"@type":"EntryPoint","urlTemplate":"https:\/\/bbqentertainment.com\/?s={search_term_string}"},"query-input":{"@type":"PropertyValueSpecification","valueRequired":true,"valueName":"search_term_string"}}],"inLanguage":"en-US"},{"@type":"Organization","@id":"https:\/\/bbqentertainment.com\/#organization","name":"BBQ Entertainment O\u00dc","url":"https:\/\/bbqentertainment.com\/","logo":{"@type":"ImageObject","inLanguage":"en-US","@id":"https:\/\/bbqentertainment.com\/#\/schema\/logo\/image\/","url":"https:\/\/bbqentertainment.com\/wp-content\/uploads\/2020\/04\/BBQ-Entertainment-N-Catering-Enn-Tobreluts-Logo.png","contentUrl":"https:\/\/bbqentertainment.com\/wp-content\/uploads\/2020\/04\/BBQ-Entertainment-N-Catering-Enn-Tobreluts-Logo.png","width":628,"height":266,"caption":"BBQ Entertainment O\u00dc"},"image":{"@id":"https:\/\/bbqentertainment.com\/#\/schema\/logo\/image\/"},"sameAs":["https:\/\/www.facebook.com\/BBQ-Entertainment-N-Catering-2437913376443540","https:\/\/www.instagram.com\/bbqentertainmentncatering\/","https:\/\/www.youtube.com\/channel\/UCmpuANQVhLy2Md8nrenp2jA"]}]}},"_links":{"self":[{"href":"https:\/\/bbqentertainment.com\/en\/wp-json\/wp\/v2\/product\/244713","targetHints":{"allow":["GET"]}}],"collection":[{"href":"https:\/\/bbqentertainment.com\/en\/wp-json\/wp\/v2\/product"}],"about":[{"href":"https:\/\/bbqentertainment.com\/en\/wp-json\/wp\/v2\/types\/product"}],"wp:featuredmedia":[{"embeddable":true,"href":"https:\/\/bbqentertainment.com\/en\/wp-json\/wp\/v2\/media\/245881"}],"wp:attachment":[{"href":"https:\/\/bbqentertainment.com\/en\/wp-json\/wp\/v2\/media?parent=244713"}],"wp:term":[{"taxonomy":"product_brand","embeddable":true,"href":"https:\/\/bbqentertainment.com\/en\/wp-json\/wp\/v2\/product_brand?post=244713"},{"taxonomy":"product_cat","embeddable":true,"href":"https:\/\/bbqentertainment.com\/en\/wp-json\/wp\/v2\/product_cat?post=244713"},{"taxonomy":"product_tag","embeddable":true,"href":"https:\/\/bbqentertainment.com\/en\/wp-json\/wp\/v2\/product_tag?post=244713"}],"curies":[{"name":"wp","href":"https:\/\/api.w.org\/{rel}","templated":true}]}}