{"id":244730,"date":"2024-01-31T13:50:15","date_gmt":"2024-01-31T11:50:15","guid":{"rendered":"https:\/\/bbqentertainment.com\/?post_type=product&#038;p=244730"},"modified":"2026-04-06T12:26:39","modified_gmt":"2026-04-06T09:26:39","slug":"napoleon-built-in-700-series-38%e2%80%b3tagumise-infrapunapoletiga-integreeritav-gaasigrill","status":"publish","type":"product","link":"https:\/\/bbqentertainment.com\/en\/toode\/napoleon-built-in-700-series-38%e2%80%b3tagumise-infrapunapoletiga-integreeritav-gaasigrill\/","title":{"rendered":"Napoleon 700 seeria Built-in sisseehitatav 38\u2033 tagumise infrapunap\u00f5letiga integreeritav gaasigrill"},"content":{"rendered":"<p>Sisseehitatav 700 seeria 38-tolline, viie p\u00f5letiga gaasigrill koos tagumise infrapunap\u00f5letiga tagab integreerituna teie v\u00e4lik\u00f6\u00f6ki ootusp\u00e4raselt kvaliteetse, ainult Napoleonile omase grillimiselamuse. Esmaklassiline roostevaba konstruktsioon tagab stiili, pikaealisuse ja v\u00f5rratu j\u00f5udluse. Paksud 9-mm roostevabast terasest k\u00fcpsetusrestid on praktiliselt hooldusvabad ja neil on ikoonilised WAVE\u2122-i k\u00f5rbemisj\u00e4ljed. T\u00e4pne ACCU-PROBE\u2122 temperatuurin\u00e4idik tagavb t\u00e4ieliku \u00fclevaate grilli sees toimuvast. Unikaalne, praktiliselt kulumatu JETFIRE\u2122 s\u00fc\u00fctes\u00fcsteem s\u00fc\u00fctab p\u00f5letid kiiresti leegijoaga. V\u00e4rvi muutvad juhtnupud SafetyGlow muudavad p\u00f5letite kasutamisel sinisest punaseks. Sisseehitatud 700 seeria 38-tolline gaasigrill on loodud spetsiaalselt paigaldamise h\u00f5lbustamiseks pikema elektrijuhtmestikuga, et paigaldamisel poleks disaini- ja funktsionaalsuspiiranguid. P\u00d5HIOMADUSED \u2013 Roostevabast terasest 700 seeria 38-tollisel propaanigaasi grilli v\u00f5imsus 78 000 BTU \u2013 5 roostevabast terasest p\u00f5hip\u00f5letit, \u2013 1 infrapuna tagumine p\u00f6\u00f6rdvarda p\u00f5leti ja 220V p\u00f6\u00f6rdvarras \u2013 Avar k\u00fcpsetusala 90.17cm x 45.72cm \u2013 9 mm paksused roostevabast terasest k\u00fcpsetusrestid on praktiliselt hooldusvabad \u2013 restide ainulaadne lainekuju tagab \u00fchtlase kuumenemise, hoiab \u00e4ra toidu l\u00e4bikukkumise ja tekitab erakordsed k\u00fcpsetustriibud. S\u00fc\u00fctamine toimud 700.seeria 38-tolline sisseehitatud gaasigrillil akuvaba s\u00fc\u00fctega. See t\u00f5rkekindel s\u00fc\u00fctes\u00fcsteem s\u00fc\u00fctab p\u00f5letid nupu keeramisel leegijoaga. Kahetasandilised roostevabast terasest k\u00fcpsetusplaadid p\u00fc\u00fcavad kinni ja aurustavad tilkuva rasva, kaitstes roostevabast terasest torup\u00f5leteid kahjustuste eest ja hoides teie grilli puhtamana. Infrapuna tagumine p\u00f5leti on m\u00f5eldud eelk\u00f5ige p\u00f6\u00f6rdvarda efektiivsemaks kasutamiseks. Ergonoomilised juhtnupud on sinise taustvalgustusega, luues suve\u00f6\u00f6sse \u00f5dusa \u00f5hkkonna. P\u00f5letite kasutamisel muutub konkreetse s\u00fc\u00fcdatud p\u00f5leti v\u00e4rv punaseks. Sisseehitatud 700-seeria 38-tolline gaasigrill on loodud spetsiaalselt integreerimiseks v\u00e4lik\u00f6\u00f6kidesse ja grill on disaini h\u00f5lbustamiseks pikendatud juhtmestikuga. T\u00e4pne temperatuuri juhtimine kaanes asuva ACCU-PROBE\u2122 temperatuurin\u00e4idikuga tagavab praadimise, suitsutamise, r\u00f6stimise ja k\u00fcpsetamise \u00fclima lihtsuse.<\/p>\n<p>SPETSIFIKATSIOONID<\/p>\n<p>GARANTII: Presidendi piiratud eluaegne garantii* K\u00dcTUSE T\u00dc\u00dcP: Propaan V\u00d5IMSUS: 78 000BTU P\u00d5HIKEEDUSALA: 90,17cm x 45,72cm | 39 burgerit P\u00d6\u00d6RDVARRAS: komplektiga kohe kaasas K\u00d5RGUS: 61,20cm | 85,80cm avatud kaanega LAIUS: 100,300cm S\u00dcGAVUS :70,10cm PAKENDI K\u00d5RGUS: 78cm PAKENDI LAIUS: 90cm PAKENDI S\u00dcGAVUS: 117cm PAKENDI KAAL: 93kg * Napoleon eluaegne piiratud garantii \u2013 Napoleoni tooteid on disainides on kasutatud suurep\u00e4raseid materjalie ning neid panevad kokku koolitatud k\u00e4sit\u00f6\u00f6lised, kes tunnevad oma t\u00f6\u00f6 \u00fcle suurt uhkust. P\u00f5leti ja ventiilis\u00fcsteem on lekketestitud ja katsep\u00f5letatud kvaliteedikatsejaamas. Kvalifitseeritud tehnik on seda grilli enne pakkimist ja saatmist p\u00f5hjalikult kontrollinud, et klient saaks Napoleonilt oodatud kvaliteetse toote. Napoleon (Wolf Steel Ltd, Barrie, ON, Kanada) garanteerib, et teie uue Napoleoni toote komponentidel ei esine alates ostukuup\u00e4evast 15 aasta jooksul materjali- ja t\u00f6\u00f6vigu. Garantii h\u00f5lmab: \u2013 Roostevaba grilli kaas \u2013 eluaegne \u2013 Roostevabad p\u00f5letid: eluaegne \u2013 Valualumiiniumist korpus \u2013 eluaegne \u2013 Roostevabast terasest k\u00fcpsetusrest \u2013 eluaegne \u2013 Roostevabast terasest soojusjaotid \u2013 15 aastat \u2013 Infrapuna tagaseina p\u00f5\u00f6eti \u2013 15 aastat \u2013 K\u00f5ik muud osad \u2013 15 aastat<\/p>\n<p><iframe loading=\"lazy\" title=\"Napoleon Built-In 700 Series Gas Grills\" width=\"1020\" height=\"574\" src=\"https:\/\/www.youtube.com\/embed\/gIG_w4_Bu1I?feature=oembed\" frameborder=\"0\" allow=\"accelerometer; autoplay; clipboard-write; encrypted-media; gyroscope; picture-in-picture; web-share\" referrerpolicy=\"strict-origin-when-cross-origin\" allowfullscreen><\/iframe><\/p>\n","protected":false},"excerpt":{"rendered":"<h3><strong>Napoleon 700 seeria Built-in sisseehitatav 38\u2033 tagumise infrapunap\u00f5letiga integreeritav gaasigrill<\/strong><\/h3>\n<p>Napoleoni sisseehitatav 700 seeria 38-tolline, viie p\u00f5letiga gaasigrill koos tagumise infrapunap\u00f5letiga muudab mistahes k\u00f6\u00f6gisaare unikaalseks meistriteoseks. \u00dclikvaliteetsed materjalid tagavad grilli kasutusmugavuse ja pikaealisuse.<\/p>\n","protected":false},"featured_media":245901,"template":"","meta":{"inline_featured_image":false},"product_brand":[],"product_cat":[17,561],"product_tag":[],"class_list":{"0":"post-244730","1":"product","2":"type-product","3":"status-publish","4":"has-post-thumbnail","6":"product_cat-grillid-ja-ahjud","7":"product_cat-napoleon-gaasigrillid","8":"product_shipping_class-ainult-ise-jarele-tulemisega","10":"first","11":"instock","12":"taxable","13":"shipping-taxable","14":"purchasable","15":"product-type-simple"},"yoast_head":"<!-- This site is optimized with the Yoast SEO plugin v27.2 - https:\/\/yoast.com\/product\/yoast-seo-wordpress\/ -->\n<title>Napoleon 700 seeria Built-in sisseehitatav 38\u2033 tagumise infrapunap\u00f5letiga integreeritav gaasigrill - BBQ Entertainment<\/title>\n<meta name=\"robots\" content=\"index, follow, max-snippet:-1, max-image-preview:large, max-video-preview:-1\" \/>\n<link rel=\"canonical\" href=\"https:\/\/bbqentertainment.com\/toode\/napoleon-built-in-700-series-38\u2033tagumise-infrapunapoletiga-integreeritav-gaasigrill\/\" \/>\n<meta property=\"og:locale\" content=\"en_US\" \/>\n<meta property=\"og:type\" content=\"article\" \/>\n<meta property=\"og:title\" content=\"Napoleon 700 seeria Built-in sisseehitatav 38\u2033 tagumise infrapunap\u00f5letiga integreeritav gaasigrill - BBQ Entertainment\" \/>\n<meta property=\"og:description\" content=\"Napoleon 700 seeria Built-in sisseehitatav 38\u2033 tagumise infrapunap\u00f5letiga integreeritav gaasigrill Napoleoni sisseehitatav 700 seeria 38-tolline, viie p\u00f5letiga gaasigrill koos tagumise infrapunap\u00f5letiga muudab mistahes k\u00f6\u00f6gisaare unikaalseks meistriteoseks. \u00dclikvaliteetsed materjalid tagavad grilli kasutusmugavuse ja pikaealisuse.\" \/>\n<meta property=\"og:url\" content=\"https:\/\/bbqentertainment.com\/toode\/napoleon-built-in-700-series-38\u2033tagumise-infrapunapoletiga-integreeritav-gaasigrill\/\" \/>\n<meta property=\"og:site_name\" content=\"BBQ Entertainment\" \/>\n<meta property=\"article:publisher\" content=\"https:\/\/www.facebook.com\/BBQ-Entertainment-N-Catering-2437913376443540\" \/>\n<meta property=\"article:modified_time\" content=\"2026-04-06T09:26:39+00:00\" \/>\n<meta property=\"og:image\" content=\"https:\/\/bbqentertainment.com\/wp-content\/uploads\/2024\/01\/BBQ-Entertainment-Napoleon-Built-in-700-Series-38\u2033tagumise-infrapunapoletiga-integreeritav-gaasigrill.-7.jpg\" \/>\n\t<meta property=\"og:image:width\" content=\"1246\" \/>\n\t<meta property=\"og:image:height\" content=\"1246\" \/>\n\t<meta property=\"og:image:type\" content=\"image\/jpeg\" \/>\n<meta name=\"twitter:card\" content=\"summary_large_image\" \/>\n<meta name=\"twitter:label1\" content=\"Est. reading time\" \/>\n\t<meta name=\"twitter:data1\" content=\"3 minutes\" \/>\n<script type=\"application\/ld+json\" class=\"yoast-schema-graph\">{\"@context\":\"https:\/\/schema.org\",\"@graph\":[{\"@type\":[\"WebPage\",\"ItemPage\"],\"@id\":\"https:\/\/bbqentertainment.com\/toode\/napoleon-built-in-700-series-38%e2%80%b3tagumise-infrapunapoletiga-integreeritav-gaasigrill\/\",\"url\":\"https:\/\/bbqentertainment.com\/toode\/napoleon-built-in-700-series-38%e2%80%b3tagumise-infrapunapoletiga-integreeritav-gaasigrill\/\",\"name\":\"Napoleon 700 seeria Built-in sisseehitatav 38\u2033 tagumise infrapunap\u00f5letiga integreeritav gaasigrill - BBQ Entertainment\",\"isPartOf\":{\"@id\":\"https:\/\/bbqentertainment.com\/#website\"},\"primaryImageOfPage\":{\"@id\":\"https:\/\/bbqentertainment.com\/toode\/napoleon-built-in-700-series-38%e2%80%b3tagumise-infrapunapoletiga-integreeritav-gaasigrill\/#primaryimage\"},\"image\":{\"@id\":\"https:\/\/bbqentertainment.com\/toode\/napoleon-built-in-700-series-38%e2%80%b3tagumise-infrapunapoletiga-integreeritav-gaasigrill\/#primaryimage\"},\"thumbnailUrl\":\"https:\/\/bbqentertainment.com\/wp-content\/uploads\/2024\/01\/BBQ-Entertainment-Napoleon-Built-in-700-Series-38\u2033tagumise-infrapunapoletiga-integreeritav-gaasigrill.-7.jpg\",\"datePublished\":\"2024-01-31T11:50:15+00:00\",\"dateModified\":\"2026-04-06T09:26:39+00:00\",\"breadcrumb\":{\"@id\":\"https:\/\/bbqentertainment.com\/toode\/napoleon-built-in-700-series-38%e2%80%b3tagumise-infrapunapoletiga-integreeritav-gaasigrill\/#breadcrumb\"},\"inLanguage\":\"en-US\",\"potentialAction\":[{\"@type\":\"ReadAction\",\"target\":[\"https:\/\/bbqentertainment.com\/toode\/napoleon-built-in-700-series-38%e2%80%b3tagumise-infrapunapoletiga-integreeritav-gaasigrill\/\"]}]},{\"@type\":\"ImageObject\",\"inLanguage\":\"en-US\",\"@id\":\"https:\/\/bbqentertainment.com\/toode\/napoleon-built-in-700-series-38%e2%80%b3tagumise-infrapunapoletiga-integreeritav-gaasigrill\/#primaryimage\",\"url\":\"https:\/\/bbqentertainment.com\/wp-content\/uploads\/2024\/01\/BBQ-Entertainment-Napoleon-Built-in-700-Series-38\u2033tagumise-infrapunapoletiga-integreeritav-gaasigrill.-7.jpg\",\"contentUrl\":\"https:\/\/bbqentertainment.com\/wp-content\/uploads\/2024\/01\/BBQ-Entertainment-Napoleon-Built-in-700-Series-38\u2033tagumise-infrapunapoletiga-integreeritav-gaasigrill.-7.jpg\",\"width\":1246,\"height\":1246},{\"@type\":\"BreadcrumbList\",\"@id\":\"https:\/\/bbqentertainment.com\/toode\/napoleon-built-in-700-series-38%e2%80%b3tagumise-infrapunapoletiga-integreeritav-gaasigrill\/#breadcrumb\",\"itemListElement\":[{\"@type\":\"ListItem\",\"position\":1,\"name\":\"AVALEHT\",\"item\":\"https:\/\/bbqentertainment.com\/en\/\"},{\"@type\":\"ListItem\",\"position\":2,\"name\":\"Tooted\",\"item\":\"https:\/\/bbqentertainment.com\/tooted\/\"},{\"@type\":\"ListItem\",\"position\":3,\"name\":\"Grillid ja ahjud\",\"item\":\"https:\/\/bbqentertainment.com\/tootekategooria\/grillid-ja-ahjud\/\"},{\"@type\":\"ListItem\",\"position\":4,\"name\":\"Napoleon gaasigrillid\",\"item\":\"https:\/\/bbqentertainment.com\/tootekategooria\/grillid-ja-ahjud\/napoleon-gaasigrillid\/\"},{\"@type\":\"ListItem\",\"position\":5,\"name\":\"Napoleon 700 seeria Built-in sisseehitatav 38\u2033 tagumise infrapunap\u00f5letiga integreeritav gaasigrill\"}]},{\"@type\":\"WebSite\",\"@id\":\"https:\/\/bbqentertainment.com\/#website\",\"url\":\"https:\/\/bbqentertainment.com\/\",\"name\":\"BBQ Entertainment\",\"description\":\"BBQ is a great lifestyle, not just fun!\",\"publisher\":{\"@id\":\"https:\/\/bbqentertainment.com\/#organization\"},\"potentialAction\":[{\"@type\":\"SearchAction\",\"target\":{\"@type\":\"EntryPoint\",\"urlTemplate\":\"https:\/\/bbqentertainment.com\/?s={search_term_string}\"},\"query-input\":{\"@type\":\"PropertyValueSpecification\",\"valueRequired\":true,\"valueName\":\"search_term_string\"}}],\"inLanguage\":\"en-US\"},{\"@type\":\"Organization\",\"@id\":\"https:\/\/bbqentertainment.com\/#organization\",\"name\":\"BBQ Entertainment O\u00dc\",\"url\":\"https:\/\/bbqentertainment.com\/\",\"logo\":{\"@type\":\"ImageObject\",\"inLanguage\":\"en-US\",\"@id\":\"https:\/\/bbqentertainment.com\/#\/schema\/logo\/image\/\",\"url\":\"https:\/\/bbqentertainment.com\/wp-content\/uploads\/2020\/04\/BBQ-Entertainment-N-Catering-Enn-Tobreluts-Logo.png\",\"contentUrl\":\"https:\/\/bbqentertainment.com\/wp-content\/uploads\/2020\/04\/BBQ-Entertainment-N-Catering-Enn-Tobreluts-Logo.png\",\"width\":628,\"height\":266,\"caption\":\"BBQ Entertainment O\u00dc\"},\"image\":{\"@id\":\"https:\/\/bbqentertainment.com\/#\/schema\/logo\/image\/\"},\"sameAs\":[\"https:\/\/www.facebook.com\/BBQ-Entertainment-N-Catering-2437913376443540\",\"https:\/\/www.instagram.com\/bbqentertainmentncatering\/\",\"https:\/\/www.youtube.com\/channel\/UCmpuANQVhLy2Md8nrenp2jA\"]}]}<\/script>\n<!-- \/ Yoast SEO plugin. -->","yoast_head_json":{"title":"Napoleon 700 seeria Built-in sisseehitatav 38\u2033 tagumise infrapunap\u00f5letiga integreeritav gaasigrill - BBQ Entertainment","robots":{"index":"index","follow":"follow","max-snippet":"max-snippet:-1","max-image-preview":"max-image-preview:large","max-video-preview":"max-video-preview:-1"},"canonical":"https:\/\/bbqentertainment.com\/toode\/napoleon-built-in-700-series-38\u2033tagumise-infrapunapoletiga-integreeritav-gaasigrill\/","og_locale":"en_US","og_type":"article","og_title":"Napoleon 700 seeria Built-in sisseehitatav 38\u2033 tagumise infrapunap\u00f5letiga integreeritav gaasigrill - BBQ Entertainment","og_description":"Napoleon 700 seeria Built-in sisseehitatav 38\u2033 tagumise infrapunap\u00f5letiga integreeritav gaasigrill Napoleoni sisseehitatav 700 seeria 38-tolline, viie p\u00f5letiga gaasigrill koos tagumise infrapunap\u00f5letiga muudab mistahes k\u00f6\u00f6gisaare unikaalseks meistriteoseks. \u00dclikvaliteetsed materjalid tagavad grilli kasutusmugavuse ja pikaealisuse.","og_url":"https:\/\/bbqentertainment.com\/toode\/napoleon-built-in-700-series-38\u2033tagumise-infrapunapoletiga-integreeritav-gaasigrill\/","og_site_name":"BBQ Entertainment","article_publisher":"https:\/\/www.facebook.com\/BBQ-Entertainment-N-Catering-2437913376443540","article_modified_time":"2026-04-06T09:26:39+00:00","og_image":[{"width":1246,"height":1246,"url":"https:\/\/bbqentertainment.com\/wp-content\/uploads\/2024\/01\/BBQ-Entertainment-Napoleon-Built-in-700-Series-38\u2033tagumise-infrapunapoletiga-integreeritav-gaasigrill.-7.jpg","type":"image\/jpeg"}],"twitter_card":"summary_large_image","twitter_misc":{"Est. reading time":"3 minutes"},"schema":{"@context":"https:\/\/schema.org","@graph":[{"@type":["WebPage","ItemPage"],"@id":"https:\/\/bbqentertainment.com\/toode\/napoleon-built-in-700-series-38%e2%80%b3tagumise-infrapunapoletiga-integreeritav-gaasigrill\/","url":"https:\/\/bbqentertainment.com\/toode\/napoleon-built-in-700-series-38%e2%80%b3tagumise-infrapunapoletiga-integreeritav-gaasigrill\/","name":"Napoleon 700 seeria Built-in sisseehitatav 38\u2033 tagumise infrapunap\u00f5letiga integreeritav gaasigrill - BBQ Entertainment","isPartOf":{"@id":"https:\/\/bbqentertainment.com\/#website"},"primaryImageOfPage":{"@id":"https:\/\/bbqentertainment.com\/toode\/napoleon-built-in-700-series-38%e2%80%b3tagumise-infrapunapoletiga-integreeritav-gaasigrill\/#primaryimage"},"image":{"@id":"https:\/\/bbqentertainment.com\/toode\/napoleon-built-in-700-series-38%e2%80%b3tagumise-infrapunapoletiga-integreeritav-gaasigrill\/#primaryimage"},"thumbnailUrl":"https:\/\/bbqentertainment.com\/wp-content\/uploads\/2024\/01\/BBQ-Entertainment-Napoleon-Built-in-700-Series-38\u2033tagumise-infrapunapoletiga-integreeritav-gaasigrill.-7.jpg","datePublished":"2024-01-31T11:50:15+00:00","dateModified":"2026-04-06T09:26:39+00:00","breadcrumb":{"@id":"https:\/\/bbqentertainment.com\/toode\/napoleon-built-in-700-series-38%e2%80%b3tagumise-infrapunapoletiga-integreeritav-gaasigrill\/#breadcrumb"},"inLanguage":"en-US","potentialAction":[{"@type":"ReadAction","target":["https:\/\/bbqentertainment.com\/toode\/napoleon-built-in-700-series-38%e2%80%b3tagumise-infrapunapoletiga-integreeritav-gaasigrill\/"]}]},{"@type":"ImageObject","inLanguage":"en-US","@id":"https:\/\/bbqentertainment.com\/toode\/napoleon-built-in-700-series-38%e2%80%b3tagumise-infrapunapoletiga-integreeritav-gaasigrill\/#primaryimage","url":"https:\/\/bbqentertainment.com\/wp-content\/uploads\/2024\/01\/BBQ-Entertainment-Napoleon-Built-in-700-Series-38\u2033tagumise-infrapunapoletiga-integreeritav-gaasigrill.-7.jpg","contentUrl":"https:\/\/bbqentertainment.com\/wp-content\/uploads\/2024\/01\/BBQ-Entertainment-Napoleon-Built-in-700-Series-38\u2033tagumise-infrapunapoletiga-integreeritav-gaasigrill.-7.jpg","width":1246,"height":1246},{"@type":"BreadcrumbList","@id":"https:\/\/bbqentertainment.com\/toode\/napoleon-built-in-700-series-38%e2%80%b3tagumise-infrapunapoletiga-integreeritav-gaasigrill\/#breadcrumb","itemListElement":[{"@type":"ListItem","position":1,"name":"AVALEHT","item":"https:\/\/bbqentertainment.com\/en\/"},{"@type":"ListItem","position":2,"name":"Tooted","item":"https:\/\/bbqentertainment.com\/tooted\/"},{"@type":"ListItem","position":3,"name":"Grillid ja ahjud","item":"https:\/\/bbqentertainment.com\/tootekategooria\/grillid-ja-ahjud\/"},{"@type":"ListItem","position":4,"name":"Napoleon gaasigrillid","item":"https:\/\/bbqentertainment.com\/tootekategooria\/grillid-ja-ahjud\/napoleon-gaasigrillid\/"},{"@type":"ListItem","position":5,"name":"Napoleon 700 seeria Built-in sisseehitatav 38\u2033 tagumise infrapunap\u00f5letiga integreeritav gaasigrill"}]},{"@type":"WebSite","@id":"https:\/\/bbqentertainment.com\/#website","url":"https:\/\/bbqentertainment.com\/","name":"BBQ Entertainment","description":"BBQ is a great lifestyle, not just fun!","publisher":{"@id":"https:\/\/bbqentertainment.com\/#organization"},"potentialAction":[{"@type":"SearchAction","target":{"@type":"EntryPoint","urlTemplate":"https:\/\/bbqentertainment.com\/?s={search_term_string}"},"query-input":{"@type":"PropertyValueSpecification","valueRequired":true,"valueName":"search_term_string"}}],"inLanguage":"en-US"},{"@type":"Organization","@id":"https:\/\/bbqentertainment.com\/#organization","name":"BBQ Entertainment O\u00dc","url":"https:\/\/bbqentertainment.com\/","logo":{"@type":"ImageObject","inLanguage":"en-US","@id":"https:\/\/bbqentertainment.com\/#\/schema\/logo\/image\/","url":"https:\/\/bbqentertainment.com\/wp-content\/uploads\/2020\/04\/BBQ-Entertainment-N-Catering-Enn-Tobreluts-Logo.png","contentUrl":"https:\/\/bbqentertainment.com\/wp-content\/uploads\/2020\/04\/BBQ-Entertainment-N-Catering-Enn-Tobreluts-Logo.png","width":628,"height":266,"caption":"BBQ Entertainment O\u00dc"},"image":{"@id":"https:\/\/bbqentertainment.com\/#\/schema\/logo\/image\/"},"sameAs":["https:\/\/www.facebook.com\/BBQ-Entertainment-N-Catering-2437913376443540","https:\/\/www.instagram.com\/bbqentertainmentncatering\/","https:\/\/www.youtube.com\/channel\/UCmpuANQVhLy2Md8nrenp2jA"]}]}},"_links":{"self":[{"href":"https:\/\/bbqentertainment.com\/en\/wp-json\/wp\/v2\/product\/244730","targetHints":{"allow":["GET"]}}],"collection":[{"href":"https:\/\/bbqentertainment.com\/en\/wp-json\/wp\/v2\/product"}],"about":[{"href":"https:\/\/bbqentertainment.com\/en\/wp-json\/wp\/v2\/types\/product"}],"wp:featuredmedia":[{"embeddable":true,"href":"https:\/\/bbqentertainment.com\/en\/wp-json\/wp\/v2\/media\/245901"}],"wp:attachment":[{"href":"https:\/\/bbqentertainment.com\/en\/wp-json\/wp\/v2\/media?parent=244730"}],"wp:term":[{"taxonomy":"product_brand","embeddable":true,"href":"https:\/\/bbqentertainment.com\/en\/wp-json\/wp\/v2\/product_brand?post=244730"},{"taxonomy":"product_cat","embeddable":true,"href":"https:\/\/bbqentertainment.com\/en\/wp-json\/wp\/v2\/product_cat?post=244730"},{"taxonomy":"product_tag","embeddable":true,"href":"https:\/\/bbqentertainment.com\/en\/wp-json\/wp\/v2\/product_tag?post=244730"}],"curies":[{"name":"wp","href":"https:\/\/api.w.org\/{rel}","templated":true}]}}