{"id":244790,"date":"2024-02-10T22:50:54","date_gmt":"2024-02-10T20:50:54","guid":{"rendered":"https:\/\/bbqentertainment.com\/?post_type=product&#038;p=244790"},"modified":"2025-07-25T13:45:47","modified_gmt":"2025-07-25T10:45:47","slug":"dc66-vodka-700-ml-the-hope-distillery","status":"publish","type":"product","link":"https:\/\/bbqentertainment.com\/en\/toode\/dc66-vodka-700-ml-the-hope-distillery\/","title":{"rendered":"DC66: Vodka 700 ml (The Hope Distillery)"},"content":{"rendered":"","protected":false},"excerpt":{"rendered":"<h3><span style=\"color: #000000;\"><strong>DC66: Vodka 700 ml (The Hope Distillery)<\/strong><\/span><\/h3>\n<ul class=\"MailOutline\">\n<li class=\"\"><span style=\"color: #000000;\">Alkoholisisaldus: 40%<\/span><\/li>\n<li><span style=\"color: #000000;\">P\u00e4ritolumaa: Eesti<\/span><\/li>\n<li><span style=\"color: #000000;\">Vodka DC66 on esmaklassiline viin, mis kehastab Eesti rikkalikku p\u00e4randit ja r\u00e4\u00e4kimata lugusid. \u00dclima hoole ja t\u00e4psusega valmistatud esitleb see parimaid koostisosi ja p\u00f5hjalikku puhastusprotsessi, et pakkuda t\u00f5eliselt erakordset joogikogemust. See viin sobib suurep\u00e4raselt puhtaks r\u00fc\u00fcpamiseks v\u00f5i kokteilidele maitse andmiseks. DC66<span style=\"font-size: 14.399999px;\"> ammutab inspiratsiooni p\u00f5nevast Eesti viikingite loost, mis kuni viimase ajani oli ajaloos peaaegu tundmatu peat\u00fckk. K\u00fcmmekond aastat tagasi avastati Saaremaal Salmel kaks viikingilaeva. P\u00e4rast edasist uurimist purustasid need leiud arusaama, et viikingite kultuur piirdus ainult Skandinaaviaga, paljastades selle kaugeleulatuva m\u00f5ju L\u00e4\u00e4nemere idakaldale. <\/span>Vodka DC66 p\u00fc\u00fcab seda kirjeldamatut narratiivi austada, kutsudes entusiaste astuma sensoorsele r\u00e4nnakule l\u00e4bi aja. Iga lonksuga kehastab Vodka DC66 Eesti viikingite ja nende seikluste vaimu.<\/span><\/li>\n<\/ul>\n","protected":false},"featured_media":244791,"template":"","meta":{"inline_featured_image":false},"product_brand":[],"product_cat":[280,564],"product_tag":[],"class_list":{"0":"post-244790","1":"product","2":"type-product","3":"status-publish","4":"has-post-thumbnail","6":"product_cat-joogid","7":"product_cat-viinad","8":"product_shipping_class-tulen-ise-jarele","10":"first","11":"instock","12":"taxable","13":"shipping-taxable","14":"purchasable","15":"product-type-simple"},"yoast_head":"<!-- This site is optimized with the Yoast SEO plugin v27.4 - https:\/\/yoast.com\/product\/yoast-seo-wordpress\/ -->\n<title>DC66: Vodka 700 ml (The Hope Distillery) - BBQ Entertainment<\/title>\n<meta name=\"robots\" content=\"index, follow, max-snippet:-1, max-image-preview:large, max-video-preview:-1\" \/>\n<link rel=\"canonical\" href=\"https:\/\/bbqentertainment.com\/toode\/dc66-vodka-700-ml-the-hope-distillery\/\" \/>\n<meta property=\"og:locale\" content=\"en_US\" \/>\n<meta property=\"og:type\" content=\"article\" \/>\n<meta property=\"og:title\" content=\"DC66: Vodka 700 ml (The Hope Distillery) - BBQ Entertainment\" \/>\n<meta property=\"og:description\" content=\"DC66: Vodka 700 ml (The Hope Distillery)   Alkoholisisaldus: 40%  P\u00e4ritolumaa: Eesti  Vodka DC66 on esmaklassiline viin, mis kehastab Eesti rikkalikku p\u00e4randit ja r\u00e4\u00e4kimata lugusid. \u00dclima hoole ja t\u00e4psusega valmistatud esitleb see parimaid koostisosi ja p\u00f5hjalikku puhastusprotsessi, et pakkuda t\u00f5eliselt erakordset joogikogemust. See viin sobib suurep\u00e4raselt puhtaks r\u00fc\u00fcpamiseks v\u00f5i kokteilidele maitse andmiseks. DC66 ammutab inspiratsiooni p\u00f5nevast Eesti viikingite loost, mis kuni viimase ajani oli ajaloos peaaegu tundmatu peat\u00fckk. K\u00fcmmekond aastat tagasi avastati Saaremaal Salmel kaks viikingilaeva. P\u00e4rast edasist uurimist purustasid need leiud arusaama, et viikingite kultuur piirdus ainult Skandinaaviaga, paljastades selle kaugeleulatuva m\u00f5ju L\u00e4\u00e4nemere idakaldale. Vodka DC66 p\u00fc\u00fcab seda kirjeldamatut narratiivi austada, kutsudes entusiaste astuma sensoorsele r\u00e4nnakule l\u00e4bi aja. Iga lonksuga kehastab Vodka DC66 Eesti viikingite ja nende seikluste vaimu.\" \/>\n<meta property=\"og:url\" content=\"https:\/\/bbqentertainment.com\/toode\/dc66-vodka-700-ml-the-hope-distillery\/\" \/>\n<meta property=\"og:site_name\" content=\"BBQ Entertainment\" \/>\n<meta property=\"article:publisher\" content=\"https:\/\/www.facebook.com\/BBQ-Entertainment-N-Catering-2437913376443540\" \/>\n<meta property=\"article:modified_time\" content=\"2025-07-25T10:45:47+00:00\" \/>\n<meta property=\"og:image\" content=\"https:\/\/bbqentertainment.com\/wp-content\/uploads\/2024\/02\/DC66-Vodka-The-Hope-Distillery.jpg\" \/>\n\t<meta property=\"og:image:width\" content=\"1200\" \/>\n\t<meta property=\"og:image:height\" content=\"1200\" \/>\n\t<meta property=\"og:image:type\" content=\"image\/jpeg\" \/>\n<meta name=\"twitter:card\" content=\"summary_large_image\" \/>\n<meta name=\"twitter:label1\" content=\"Est. reading time\" \/>\n\t<meta name=\"twitter:data1\" content=\"1 minute\" \/>\n<script type=\"application\/ld+json\" class=\"yoast-schema-graph\">{\"@context\":\"https:\\\/\\\/schema.org\",\"@graph\":[{\"@type\":[\"WebPage\",\"ItemPage\"],\"@id\":\"https:\\\/\\\/bbqentertainment.com\\\/toode\\\/dc66-vodka-700-ml-the-hope-distillery\\\/\",\"url\":\"https:\\\/\\\/bbqentertainment.com\\\/toode\\\/dc66-vodka-700-ml-the-hope-distillery\\\/\",\"name\":\"DC66: Vodka 700 ml (The Hope Distillery) - BBQ Entertainment\",\"isPartOf\":{\"@id\":\"https:\\\/\\\/bbqentertainment.com\\\/#website\"},\"primaryImageOfPage\":{\"@id\":\"https:\\\/\\\/bbqentertainment.com\\\/toode\\\/dc66-vodka-700-ml-the-hope-distillery\\\/#primaryimage\"},\"image\":{\"@id\":\"https:\\\/\\\/bbqentertainment.com\\\/toode\\\/dc66-vodka-700-ml-the-hope-distillery\\\/#primaryimage\"},\"thumbnailUrl\":\"https:\\\/\\\/bbqentertainment.com\\\/wp-content\\\/uploads\\\/2024\\\/02\\\/DC66-Vodka-The-Hope-Distillery.jpg\",\"datePublished\":\"2024-02-10T20:50:54+00:00\",\"dateModified\":\"2025-07-25T10:45:47+00:00\",\"breadcrumb\":{\"@id\":\"https:\\\/\\\/bbqentertainment.com\\\/toode\\\/dc66-vodka-700-ml-the-hope-distillery\\\/#breadcrumb\"},\"inLanguage\":\"en-US\",\"potentialAction\":[{\"@type\":\"ReadAction\",\"target\":[\"https:\\\/\\\/bbqentertainment.com\\\/toode\\\/dc66-vodka-700-ml-the-hope-distillery\\\/\"]}]},{\"@type\":\"ImageObject\",\"inLanguage\":\"en-US\",\"@id\":\"https:\\\/\\\/bbqentertainment.com\\\/toode\\\/dc66-vodka-700-ml-the-hope-distillery\\\/#primaryimage\",\"url\":\"https:\\\/\\\/bbqentertainment.com\\\/wp-content\\\/uploads\\\/2024\\\/02\\\/DC66-Vodka-The-Hope-Distillery.jpg\",\"contentUrl\":\"https:\\\/\\\/bbqentertainment.com\\\/wp-content\\\/uploads\\\/2024\\\/02\\\/DC66-Vodka-The-Hope-Distillery.jpg\",\"width\":1200,\"height\":1200},{\"@type\":\"BreadcrumbList\",\"@id\":\"https:\\\/\\\/bbqentertainment.com\\\/toode\\\/dc66-vodka-700-ml-the-hope-distillery\\\/#breadcrumb\",\"itemListElement\":[{\"@type\":\"ListItem\",\"position\":1,\"name\":\"AVALEHT\",\"item\":\"https:\\\/\\\/bbqentertainment.com\\\/en\\\/\"},{\"@type\":\"ListItem\",\"position\":2,\"name\":\"Tooted\",\"item\":\"https:\\\/\\\/bbqentertainment.com\\\/tooted\\\/\"},{\"@type\":\"ListItem\",\"position\":3,\"name\":\"Joogid\",\"item\":\"https:\\\/\\\/bbqentertainment.com\\\/tootekategooria\\\/joogid\\\/\"},{\"@type\":\"ListItem\",\"position\":4,\"name\":\"VIINAD\",\"item\":\"https:\\\/\\\/bbqentertainment.com\\\/tootekategooria\\\/joogid\\\/viinad\\\/\"},{\"@type\":\"ListItem\",\"position\":5,\"name\":\"DC66: Vodka 700 ml (The Hope Distillery)\"}]},{\"@type\":\"WebSite\",\"@id\":\"https:\\\/\\\/bbqentertainment.com\\\/#website\",\"url\":\"https:\\\/\\\/bbqentertainment.com\\\/\",\"name\":\"BBQ Entertainment\",\"description\":\"BBQ is a great lifestyle, not just fun!\",\"publisher\":{\"@id\":\"https:\\\/\\\/bbqentertainment.com\\\/#organization\"},\"potentialAction\":[{\"@type\":\"SearchAction\",\"target\":{\"@type\":\"EntryPoint\",\"urlTemplate\":\"https:\\\/\\\/bbqentertainment.com\\\/?s={search_term_string}\"},\"query-input\":{\"@type\":\"PropertyValueSpecification\",\"valueRequired\":true,\"valueName\":\"search_term_string\"}}],\"inLanguage\":\"en-US\"},{\"@type\":\"Organization\",\"@id\":\"https:\\\/\\\/bbqentertainment.com\\\/#organization\",\"name\":\"BBQ Entertainment O\u00dc\",\"url\":\"https:\\\/\\\/bbqentertainment.com\\\/\",\"logo\":{\"@type\":\"ImageObject\",\"inLanguage\":\"en-US\",\"@id\":\"https:\\\/\\\/bbqentertainment.com\\\/#\\\/schema\\\/logo\\\/image\\\/\",\"url\":\"https:\\\/\\\/bbqentertainment.com\\\/wp-content\\\/uploads\\\/2020\\\/04\\\/BBQ-Entertainment-N-Catering-Enn-Tobreluts-Logo.png\",\"contentUrl\":\"https:\\\/\\\/bbqentertainment.com\\\/wp-content\\\/uploads\\\/2020\\\/04\\\/BBQ-Entertainment-N-Catering-Enn-Tobreluts-Logo.png\",\"width\":628,\"height\":266,\"caption\":\"BBQ Entertainment O\u00dc\"},\"image\":{\"@id\":\"https:\\\/\\\/bbqentertainment.com\\\/#\\\/schema\\\/logo\\\/image\\\/\"},\"sameAs\":[\"https:\\\/\\\/www.facebook.com\\\/BBQ-Entertainment-N-Catering-2437913376443540\",\"https:\\\/\\\/www.instagram.com\\\/bbqentertainmentncatering\\\/\",\"https:\\\/\\\/www.youtube.com\\\/channel\\\/UCmpuANQVhLy2Md8nrenp2jA\"]}]}<\/script>\n<!-- \/ Yoast SEO plugin. -->","yoast_head_json":{"title":"DC66: Vodka 700 ml (The Hope Distillery) - BBQ Entertainment","robots":{"index":"index","follow":"follow","max-snippet":"max-snippet:-1","max-image-preview":"max-image-preview:large","max-video-preview":"max-video-preview:-1"},"canonical":"https:\/\/bbqentertainment.com\/toode\/dc66-vodka-700-ml-the-hope-distillery\/","og_locale":"en_US","og_type":"article","og_title":"DC66: Vodka 700 ml (The Hope Distillery) - BBQ Entertainment","og_description":"DC66: Vodka 700 ml (The Hope Distillery)   Alkoholisisaldus: 40%  P\u00e4ritolumaa: Eesti  Vodka DC66 on esmaklassiline viin, mis kehastab Eesti rikkalikku p\u00e4randit ja r\u00e4\u00e4kimata lugusid. \u00dclima hoole ja t\u00e4psusega valmistatud esitleb see parimaid koostisosi ja p\u00f5hjalikku puhastusprotsessi, et pakkuda t\u00f5eliselt erakordset joogikogemust. See viin sobib suurep\u00e4raselt puhtaks r\u00fc\u00fcpamiseks v\u00f5i kokteilidele maitse andmiseks. DC66 ammutab inspiratsiooni p\u00f5nevast Eesti viikingite loost, mis kuni viimase ajani oli ajaloos peaaegu tundmatu peat\u00fckk. K\u00fcmmekond aastat tagasi avastati Saaremaal Salmel kaks viikingilaeva. P\u00e4rast edasist uurimist purustasid need leiud arusaama, et viikingite kultuur piirdus ainult Skandinaaviaga, paljastades selle kaugeleulatuva m\u00f5ju L\u00e4\u00e4nemere idakaldale. Vodka DC66 p\u00fc\u00fcab seda kirjeldamatut narratiivi austada, kutsudes entusiaste astuma sensoorsele r\u00e4nnakule l\u00e4bi aja. Iga lonksuga kehastab Vodka DC66 Eesti viikingite ja nende seikluste vaimu.","og_url":"https:\/\/bbqentertainment.com\/toode\/dc66-vodka-700-ml-the-hope-distillery\/","og_site_name":"BBQ Entertainment","article_publisher":"https:\/\/www.facebook.com\/BBQ-Entertainment-N-Catering-2437913376443540","article_modified_time":"2025-07-25T10:45:47+00:00","og_image":[{"width":1200,"height":1200,"url":"https:\/\/bbqentertainment.com\/wp-content\/uploads\/2024\/02\/DC66-Vodka-The-Hope-Distillery.jpg","type":"image\/jpeg"}],"twitter_card":"summary_large_image","twitter_misc":{"Est. reading time":"1 minute"},"schema":{"@context":"https:\/\/schema.org","@graph":[{"@type":["WebPage","ItemPage"],"@id":"https:\/\/bbqentertainment.com\/toode\/dc66-vodka-700-ml-the-hope-distillery\/","url":"https:\/\/bbqentertainment.com\/toode\/dc66-vodka-700-ml-the-hope-distillery\/","name":"DC66: Vodka 700 ml (The Hope Distillery) - BBQ Entertainment","isPartOf":{"@id":"https:\/\/bbqentertainment.com\/#website"},"primaryImageOfPage":{"@id":"https:\/\/bbqentertainment.com\/toode\/dc66-vodka-700-ml-the-hope-distillery\/#primaryimage"},"image":{"@id":"https:\/\/bbqentertainment.com\/toode\/dc66-vodka-700-ml-the-hope-distillery\/#primaryimage"},"thumbnailUrl":"https:\/\/bbqentertainment.com\/wp-content\/uploads\/2024\/02\/DC66-Vodka-The-Hope-Distillery.jpg","datePublished":"2024-02-10T20:50:54+00:00","dateModified":"2025-07-25T10:45:47+00:00","breadcrumb":{"@id":"https:\/\/bbqentertainment.com\/toode\/dc66-vodka-700-ml-the-hope-distillery\/#breadcrumb"},"inLanguage":"en-US","potentialAction":[{"@type":"ReadAction","target":["https:\/\/bbqentertainment.com\/toode\/dc66-vodka-700-ml-the-hope-distillery\/"]}]},{"@type":"ImageObject","inLanguage":"en-US","@id":"https:\/\/bbqentertainment.com\/toode\/dc66-vodka-700-ml-the-hope-distillery\/#primaryimage","url":"https:\/\/bbqentertainment.com\/wp-content\/uploads\/2024\/02\/DC66-Vodka-The-Hope-Distillery.jpg","contentUrl":"https:\/\/bbqentertainment.com\/wp-content\/uploads\/2024\/02\/DC66-Vodka-The-Hope-Distillery.jpg","width":1200,"height":1200},{"@type":"BreadcrumbList","@id":"https:\/\/bbqentertainment.com\/toode\/dc66-vodka-700-ml-the-hope-distillery\/#breadcrumb","itemListElement":[{"@type":"ListItem","position":1,"name":"AVALEHT","item":"https:\/\/bbqentertainment.com\/en\/"},{"@type":"ListItem","position":2,"name":"Tooted","item":"https:\/\/bbqentertainment.com\/tooted\/"},{"@type":"ListItem","position":3,"name":"Joogid","item":"https:\/\/bbqentertainment.com\/tootekategooria\/joogid\/"},{"@type":"ListItem","position":4,"name":"VIINAD","item":"https:\/\/bbqentertainment.com\/tootekategooria\/joogid\/viinad\/"},{"@type":"ListItem","position":5,"name":"DC66: Vodka 700 ml (The Hope Distillery)"}]},{"@type":"WebSite","@id":"https:\/\/bbqentertainment.com\/#website","url":"https:\/\/bbqentertainment.com\/","name":"BBQ Entertainment","description":"BBQ is a great lifestyle, not just fun!","publisher":{"@id":"https:\/\/bbqentertainment.com\/#organization"},"potentialAction":[{"@type":"SearchAction","target":{"@type":"EntryPoint","urlTemplate":"https:\/\/bbqentertainment.com\/?s={search_term_string}"},"query-input":{"@type":"PropertyValueSpecification","valueRequired":true,"valueName":"search_term_string"}}],"inLanguage":"en-US"},{"@type":"Organization","@id":"https:\/\/bbqentertainment.com\/#organization","name":"BBQ Entertainment O\u00dc","url":"https:\/\/bbqentertainment.com\/","logo":{"@type":"ImageObject","inLanguage":"en-US","@id":"https:\/\/bbqentertainment.com\/#\/schema\/logo\/image\/","url":"https:\/\/bbqentertainment.com\/wp-content\/uploads\/2020\/04\/BBQ-Entertainment-N-Catering-Enn-Tobreluts-Logo.png","contentUrl":"https:\/\/bbqentertainment.com\/wp-content\/uploads\/2020\/04\/BBQ-Entertainment-N-Catering-Enn-Tobreluts-Logo.png","width":628,"height":266,"caption":"BBQ Entertainment O\u00dc"},"image":{"@id":"https:\/\/bbqentertainment.com\/#\/schema\/logo\/image\/"},"sameAs":["https:\/\/www.facebook.com\/BBQ-Entertainment-N-Catering-2437913376443540","https:\/\/www.instagram.com\/bbqentertainmentncatering\/","https:\/\/www.youtube.com\/channel\/UCmpuANQVhLy2Md8nrenp2jA"]}]}},"_links":{"self":[{"href":"https:\/\/bbqentertainment.com\/en\/wp-json\/wp\/v2\/product\/244790","targetHints":{"allow":["GET"]}}],"collection":[{"href":"https:\/\/bbqentertainment.com\/en\/wp-json\/wp\/v2\/product"}],"about":[{"href":"https:\/\/bbqentertainment.com\/en\/wp-json\/wp\/v2\/types\/product"}],"wp:featuredmedia":[{"embeddable":true,"href":"https:\/\/bbqentertainment.com\/en\/wp-json\/wp\/v2\/media\/244791"}],"wp:attachment":[{"href":"https:\/\/bbqentertainment.com\/en\/wp-json\/wp\/v2\/media?parent=244790"}],"wp:term":[{"taxonomy":"product_brand","embeddable":true,"href":"https:\/\/bbqentertainment.com\/en\/wp-json\/wp\/v2\/product_brand?post=244790"},{"taxonomy":"product_cat","embeddable":true,"href":"https:\/\/bbqentertainment.com\/en\/wp-json\/wp\/v2\/product_cat?post=244790"},{"taxonomy":"product_tag","embeddable":true,"href":"https:\/\/bbqentertainment.com\/en\/wp-json\/wp\/v2\/product_tag?post=244790"}],"curies":[{"name":"wp","href":"https:\/\/api.w.org\/{rel}","templated":true}]}}