{"id":244819,"date":"2024-02-13T00:15:50","date_gmt":"2024-02-12T22:15:50","guid":{"rendered":"https:\/\/bbqentertainment.com\/?post_type=product&#038;p=244819"},"modified":"2025-11-24T18:12:17","modified_gmt":"2025-11-24T16:12:17","slug":"moonikringel","status":"publish","type":"product","link":"https:\/\/bbqentertainment.com\/en\/toode\/moonikringel\/","title":{"rendered":"Moonikringel, st BBQ Entertainmenti\u00a0kuulus &#8220;mooniplahvatus&#8221; (k\u00fcpsetis)"},"content":{"rendered":"<ul>\n<li>Valmistatud BBQ Entertainment O\u00dc cateringik\u00f6\u00f6gis V\u00e4geva tee 8, Peetri, Rae vald (avatud E-R 9-17).<\/li>\n<li>MOONIKRINGLI ALLERGEENID: jahu (<strong>nisu<\/strong>), <strong>mooniseemned<\/strong>, <strong>koorev\u00f5i<\/strong>, <strong>piim<\/strong>, <strong>muna<\/strong>, <strong>l\u00f5ssipulber<\/strong>, <strong>soja<\/strong>. V\u00f5ib sisaldada v\u00e4ga v\u00e4hesel m\u00e4\u00e4ral <strong>p\u00e4hkleid<\/strong>.<\/li>\n<\/ul>\n","protected":false},"excerpt":{"rendered":"<h3><strong><span style=\"color: #000000;\">Moonikringel, st BBQ Entertainmenti kuulus &#8220;mooniplahvatus&#8221; (k\u00fcpsetis)<\/span><\/strong><\/h3>\n<div>\n<ul>\n<li>Eriti maitsev ja rikkalik moonikringel \u2014 alati k\u00f5igi lemmik!<\/li>\n<li><strong>V\u00c4RSKELT OTSE AHJUST KRINGLI ETTE TELLIMISAEG ON 1 N\u00c4DAL<\/strong><\/li>\n<li>Valmistatud BBQ Entertainment O\u00dc cateringik\u00f6\u00f6gis V\u00e4geva tee 8, Peetri, Rae vald (avatud E-R 9-17)<\/li>\n<li>Ostmiseks on kaks v\u00f5imalust: 1 tk = ca 500g karbis v\u00f5i siis 1 tk = ca 500g pappalusel toidukiles (vali sobiv pakend ja kogus ostukorvi)<\/li>\n<\/ul>\n<\/div>\n<div>\n<p><span style=\"text-decoration: underline;\">Moonikringli \/ mooniplahvatuse \u00fclessoojendamine kodus<\/span>:<br \/>\nKodus saad moonikringli ise oma koduses praeahjus ca 150 kraadi juures \u00fclessoojendada (ca 15-20 minutit). K\u00fcpsetuspaber j\u00e4ta kringlile alla (see on meil pakendis kaasas). Sisetemperatuuriks v\u00f5iks saada kringlile ca 60 kuni max 70 C. Keraamilisel s\u00f6egrillil (nt Kamado Joe) \u00fcles soojendamiseks oleks vaja teha seda kuumusjagaja kohal ja panna kringlile 2-3 kordne fooliumikiht alla ja siis sinna peale k\u00fcpsetuspaberi peal olev moonikringel. V\u00e4ga hea on kringlit soojendada ka nt gaasigrillil. Grilli peal kringlit soojendades peab j\u00e4lgima, et alt k\u00fcpsetis k\u00f5rbema ei l\u00e4heks.<\/p>\n<\/div>\n","protected":false},"featured_media":244826,"template":"","meta":{"inline_featured_image":false},"product_brand":[],"product_cat":[28,640,178,223],"product_tag":[],"class_list":{"0":"post-244819","1":"product","2":"type-product","3":"status-publish","4":"has-post-thumbnail","6":"product_cat-maitseandjad","7":"product_cat-kupsetised","8":"product_cat-muud-tooted","9":"product_cat-muud-tooted-2","11":"first","12":"instock","13":"taxable","14":"shipping-taxable","15":"purchasable","16":"product-type-variable"},"yoast_head":"<!-- This site is optimized with the Yoast SEO plugin v27.4 - https:\/\/yoast.com\/product\/yoast-seo-wordpress\/ -->\n<title>Moonikringel, st BBQ Entertainmenti\u00a0kuulus &quot;mooniplahvatus&quot; (k\u00fcpsetis) - BBQ Entertainment<\/title>\n<meta name=\"robots\" content=\"index, follow, max-snippet:-1, max-image-preview:large, max-video-preview:-1\" \/>\n<link rel=\"canonical\" href=\"https:\/\/bbqentertainment.com\/toode\/moonikringel\/\" \/>\n<meta property=\"og:locale\" content=\"en_US\" \/>\n<meta property=\"og:type\" content=\"article\" \/>\n<meta property=\"og:title\" content=\"Moonikringel, st BBQ Entertainmenti\u00a0kuulus &quot;mooniplahvatus&quot; (k\u00fcpsetis) - BBQ Entertainment\" \/>\n<meta property=\"og:description\" content=\"Moonikringel, st BBQ Entertainmenti kuulus &quot;mooniplahvatus&quot; (k\u00fcpsetis)    Eriti maitsev ja rikkalik moonikringel \u2014 alati k\u00f5igi lemmik!  V\u00c4RSKELT OTSE AHJUST KRINGLI ETTE TELLIMISAEG ON 1 N\u00c4DAL  Valmistatud BBQ Entertainment O\u00dc cateringik\u00f6\u00f6gis V\u00e4geva tee 8, Peetri, Rae vald (avatud E-R 9-17)  Ostmiseks on kaks v\u00f5imalust: 1 tk = ca 500g karbis v\u00f5i siis 1 tk = ca 500g pappalusel toidukiles (vali sobiv pakend ja kogus ostukorvi)     Moonikringli \/ mooniplahvatuse \u00fclessoojendamine kodus: Kodus saad moonikringli ise oma koduses praeahjus ca 150 kraadi juures \u00fclessoojendada (ca 15-20 minutit). K\u00fcpsetuspaber j\u00e4ta kringlile alla (see on meil pakendis kaasas). Sisetemperatuuriks v\u00f5iks saada kringlile ca 60 kuni max 70 C. Keraamilisel s\u00f6egrillil (nt Kamado Joe) \u00fcles soojendamiseks oleks vaja teha seda kuumusjagaja kohal ja panna kringlile 2-3 kordne fooliumikiht alla ja siis sinna peale k\u00fcpsetuspaberi peal olev moonikringel. V\u00e4ga hea on kringlit soojendada ka nt gaasigrillil. Grilli peal kringlit soojendades peab j\u00e4lgima, et alt k\u00fcpsetis k\u00f5rbema ei l\u00e4heks.\" \/>\n<meta property=\"og:url\" content=\"https:\/\/bbqentertainment.com\/toode\/moonikringel\/\" \/>\n<meta property=\"og:site_name\" content=\"BBQ Entertainment\" \/>\n<meta property=\"article:publisher\" content=\"https:\/\/www.facebook.com\/BBQ-Entertainment-N-Catering-2437913376443540\" \/>\n<meta property=\"article:modified_time\" content=\"2025-11-24T16:12:17+00:00\" \/>\n<meta property=\"og:image\" content=\"https:\/\/bbqentertainment.com\/wp-content\/uploads\/2024\/02\/Moonikringel-st-BBQ-Entertainmenti-kuulus-mooniplahvatus-kupsetis1.jpg\" \/>\n\t<meta property=\"og:image:width\" content=\"1200\" \/>\n\t<meta property=\"og:image:height\" content=\"1200\" \/>\n\t<meta property=\"og:image:type\" content=\"image\/jpeg\" \/>\n<meta name=\"twitter:card\" content=\"summary_large_image\" \/>\n<meta name=\"twitter:label1\" content=\"Est. reading time\" \/>\n\t<meta name=\"twitter:data1\" content=\"1 minute\" \/>\n<script type=\"application\/ld+json\" class=\"yoast-schema-graph\">{\"@context\":\"https:\\\/\\\/schema.org\",\"@graph\":[{\"@type\":[\"WebPage\",\"ItemPage\"],\"@id\":\"https:\\\/\\\/bbqentertainment.com\\\/toode\\\/moonikringel\\\/\",\"url\":\"https:\\\/\\\/bbqentertainment.com\\\/toode\\\/moonikringel\\\/\",\"name\":\"Moonikringel, st BBQ Entertainmenti\u00a0kuulus \\\"mooniplahvatus\\\" (k\u00fcpsetis) - BBQ Entertainment\",\"isPartOf\":{\"@id\":\"https:\\\/\\\/bbqentertainment.com\\\/#website\"},\"primaryImageOfPage\":{\"@id\":\"https:\\\/\\\/bbqentertainment.com\\\/toode\\\/moonikringel\\\/#primaryimage\"},\"image\":{\"@id\":\"https:\\\/\\\/bbqentertainment.com\\\/toode\\\/moonikringel\\\/#primaryimage\"},\"thumbnailUrl\":\"https:\\\/\\\/bbqentertainment.com\\\/wp-content\\\/uploads\\\/2024\\\/02\\\/Moonikringel-st-BBQ-Entertainmenti-kuulus-mooniplahvatus-kupsetis1.jpg\",\"datePublished\":\"2024-02-12T22:15:50+00:00\",\"dateModified\":\"2025-11-24T16:12:17+00:00\",\"breadcrumb\":{\"@id\":\"https:\\\/\\\/bbqentertainment.com\\\/toode\\\/moonikringel\\\/#breadcrumb\"},\"inLanguage\":\"en-US\",\"potentialAction\":[{\"@type\":\"ReadAction\",\"target\":[\"https:\\\/\\\/bbqentertainment.com\\\/toode\\\/moonikringel\\\/\"]}]},{\"@type\":\"ImageObject\",\"inLanguage\":\"en-US\",\"@id\":\"https:\\\/\\\/bbqentertainment.com\\\/toode\\\/moonikringel\\\/#primaryimage\",\"url\":\"https:\\\/\\\/bbqentertainment.com\\\/wp-content\\\/uploads\\\/2024\\\/02\\\/Moonikringel-st-BBQ-Entertainmenti-kuulus-mooniplahvatus-kupsetis1.jpg\",\"contentUrl\":\"https:\\\/\\\/bbqentertainment.com\\\/wp-content\\\/uploads\\\/2024\\\/02\\\/Moonikringel-st-BBQ-Entertainmenti-kuulus-mooniplahvatus-kupsetis1.jpg\",\"width\":1200,\"height\":1200},{\"@type\":\"BreadcrumbList\",\"@id\":\"https:\\\/\\\/bbqentertainment.com\\\/toode\\\/moonikringel\\\/#breadcrumb\",\"itemListElement\":[{\"@type\":\"ListItem\",\"position\":1,\"name\":\"AVALEHT\",\"item\":\"https:\\\/\\\/bbqentertainment.com\\\/en\\\/\"},{\"@type\":\"ListItem\",\"position\":2,\"name\":\"Tooted\",\"item\":\"https:\\\/\\\/bbqentertainment.com\\\/tooted\\\/\"},{\"@type\":\"ListItem\",\"position\":3,\"name\":\"Maitseandjad\",\"item\":\"https:\\\/\\\/bbqentertainment.com\\\/en\\\/tootekategooria\\\/maitseandjad\\\/\"},{\"@type\":\"ListItem\",\"position\":4,\"name\":\"Moonikringel, st BBQ Entertainmenti\u00a0kuulus &#8220;mooniplahvatus&#8221; (k\u00fcpsetis)\"}]},{\"@type\":\"WebSite\",\"@id\":\"https:\\\/\\\/bbqentertainment.com\\\/#website\",\"url\":\"https:\\\/\\\/bbqentertainment.com\\\/\",\"name\":\"BBQ Entertainment\",\"description\":\"BBQ is a great lifestyle, not just fun!\",\"publisher\":{\"@id\":\"https:\\\/\\\/bbqentertainment.com\\\/#organization\"},\"potentialAction\":[{\"@type\":\"SearchAction\",\"target\":{\"@type\":\"EntryPoint\",\"urlTemplate\":\"https:\\\/\\\/bbqentertainment.com\\\/?s={search_term_string}\"},\"query-input\":{\"@type\":\"PropertyValueSpecification\",\"valueRequired\":true,\"valueName\":\"search_term_string\"}}],\"inLanguage\":\"en-US\"},{\"@type\":\"Organization\",\"@id\":\"https:\\\/\\\/bbqentertainment.com\\\/#organization\",\"name\":\"BBQ Entertainment O\u00dc\",\"url\":\"https:\\\/\\\/bbqentertainment.com\\\/\",\"logo\":{\"@type\":\"ImageObject\",\"inLanguage\":\"en-US\",\"@id\":\"https:\\\/\\\/bbqentertainment.com\\\/#\\\/schema\\\/logo\\\/image\\\/\",\"url\":\"https:\\\/\\\/bbqentertainment.com\\\/wp-content\\\/uploads\\\/2020\\\/04\\\/BBQ-Entertainment-N-Catering-Enn-Tobreluts-Logo.png\",\"contentUrl\":\"https:\\\/\\\/bbqentertainment.com\\\/wp-content\\\/uploads\\\/2020\\\/04\\\/BBQ-Entertainment-N-Catering-Enn-Tobreluts-Logo.png\",\"width\":628,\"height\":266,\"caption\":\"BBQ Entertainment O\u00dc\"},\"image\":{\"@id\":\"https:\\\/\\\/bbqentertainment.com\\\/#\\\/schema\\\/logo\\\/image\\\/\"},\"sameAs\":[\"https:\\\/\\\/www.facebook.com\\\/BBQ-Entertainment-N-Catering-2437913376443540\",\"https:\\\/\\\/www.instagram.com\\\/bbqentertainmentncatering\\\/\",\"https:\\\/\\\/www.youtube.com\\\/channel\\\/UCmpuANQVhLy2Md8nrenp2jA\"]}]}<\/script>\n<!-- \/ Yoast SEO plugin. -->","yoast_head_json":{"title":"Moonikringel, st BBQ Entertainmenti\u00a0kuulus \"mooniplahvatus\" (k\u00fcpsetis) - BBQ Entertainment","robots":{"index":"index","follow":"follow","max-snippet":"max-snippet:-1","max-image-preview":"max-image-preview:large","max-video-preview":"max-video-preview:-1"},"canonical":"https:\/\/bbqentertainment.com\/toode\/moonikringel\/","og_locale":"en_US","og_type":"article","og_title":"Moonikringel, st BBQ Entertainmenti\u00a0kuulus \"mooniplahvatus\" (k\u00fcpsetis) - BBQ Entertainment","og_description":"Moonikringel, st BBQ Entertainmenti kuulus \"mooniplahvatus\" (k\u00fcpsetis)    Eriti maitsev ja rikkalik moonikringel \u2014 alati k\u00f5igi lemmik!  V\u00c4RSKELT OTSE AHJUST KRINGLI ETTE TELLIMISAEG ON 1 N\u00c4DAL  Valmistatud BBQ Entertainment O\u00dc cateringik\u00f6\u00f6gis V\u00e4geva tee 8, Peetri, Rae vald (avatud E-R 9-17)  Ostmiseks on kaks v\u00f5imalust: 1 tk = ca 500g karbis v\u00f5i siis 1 tk = ca 500g pappalusel toidukiles (vali sobiv pakend ja kogus ostukorvi)     Moonikringli \/ mooniplahvatuse \u00fclessoojendamine kodus: Kodus saad moonikringli ise oma koduses praeahjus ca 150 kraadi juures \u00fclessoojendada (ca 15-20 minutit). K\u00fcpsetuspaber j\u00e4ta kringlile alla (see on meil pakendis kaasas). Sisetemperatuuriks v\u00f5iks saada kringlile ca 60 kuni max 70 C. Keraamilisel s\u00f6egrillil (nt Kamado Joe) \u00fcles soojendamiseks oleks vaja teha seda kuumusjagaja kohal ja panna kringlile 2-3 kordne fooliumikiht alla ja siis sinna peale k\u00fcpsetuspaberi peal olev moonikringel. V\u00e4ga hea on kringlit soojendada ka nt gaasigrillil. Grilli peal kringlit soojendades peab j\u00e4lgima, et alt k\u00fcpsetis k\u00f5rbema ei l\u00e4heks.","og_url":"https:\/\/bbqentertainment.com\/toode\/moonikringel\/","og_site_name":"BBQ Entertainment","article_publisher":"https:\/\/www.facebook.com\/BBQ-Entertainment-N-Catering-2437913376443540","article_modified_time":"2025-11-24T16:12:17+00:00","og_image":[{"width":1200,"height":1200,"url":"https:\/\/bbqentertainment.com\/wp-content\/uploads\/2024\/02\/Moonikringel-st-BBQ-Entertainmenti-kuulus-mooniplahvatus-kupsetis1.jpg","type":"image\/jpeg"}],"twitter_card":"summary_large_image","twitter_misc":{"Est. reading time":"1 minute"},"schema":{"@context":"https:\/\/schema.org","@graph":[{"@type":["WebPage","ItemPage"],"@id":"https:\/\/bbqentertainment.com\/toode\/moonikringel\/","url":"https:\/\/bbqentertainment.com\/toode\/moonikringel\/","name":"Moonikringel, st BBQ Entertainmenti\u00a0kuulus \"mooniplahvatus\" (k\u00fcpsetis) - BBQ Entertainment","isPartOf":{"@id":"https:\/\/bbqentertainment.com\/#website"},"primaryImageOfPage":{"@id":"https:\/\/bbqentertainment.com\/toode\/moonikringel\/#primaryimage"},"image":{"@id":"https:\/\/bbqentertainment.com\/toode\/moonikringel\/#primaryimage"},"thumbnailUrl":"https:\/\/bbqentertainment.com\/wp-content\/uploads\/2024\/02\/Moonikringel-st-BBQ-Entertainmenti-kuulus-mooniplahvatus-kupsetis1.jpg","datePublished":"2024-02-12T22:15:50+00:00","dateModified":"2025-11-24T16:12:17+00:00","breadcrumb":{"@id":"https:\/\/bbqentertainment.com\/toode\/moonikringel\/#breadcrumb"},"inLanguage":"en-US","potentialAction":[{"@type":"ReadAction","target":["https:\/\/bbqentertainment.com\/toode\/moonikringel\/"]}]},{"@type":"ImageObject","inLanguage":"en-US","@id":"https:\/\/bbqentertainment.com\/toode\/moonikringel\/#primaryimage","url":"https:\/\/bbqentertainment.com\/wp-content\/uploads\/2024\/02\/Moonikringel-st-BBQ-Entertainmenti-kuulus-mooniplahvatus-kupsetis1.jpg","contentUrl":"https:\/\/bbqentertainment.com\/wp-content\/uploads\/2024\/02\/Moonikringel-st-BBQ-Entertainmenti-kuulus-mooniplahvatus-kupsetis1.jpg","width":1200,"height":1200},{"@type":"BreadcrumbList","@id":"https:\/\/bbqentertainment.com\/toode\/moonikringel\/#breadcrumb","itemListElement":[{"@type":"ListItem","position":1,"name":"AVALEHT","item":"https:\/\/bbqentertainment.com\/en\/"},{"@type":"ListItem","position":2,"name":"Tooted","item":"https:\/\/bbqentertainment.com\/tooted\/"},{"@type":"ListItem","position":3,"name":"Maitseandjad","item":"https:\/\/bbqentertainment.com\/en\/tootekategooria\/maitseandjad\/"},{"@type":"ListItem","position":4,"name":"Moonikringel, st BBQ Entertainmenti\u00a0kuulus &#8220;mooniplahvatus&#8221; (k\u00fcpsetis)"}]},{"@type":"WebSite","@id":"https:\/\/bbqentertainment.com\/#website","url":"https:\/\/bbqentertainment.com\/","name":"BBQ Entertainment","description":"BBQ is a great lifestyle, not just fun!","publisher":{"@id":"https:\/\/bbqentertainment.com\/#organization"},"potentialAction":[{"@type":"SearchAction","target":{"@type":"EntryPoint","urlTemplate":"https:\/\/bbqentertainment.com\/?s={search_term_string}"},"query-input":{"@type":"PropertyValueSpecification","valueRequired":true,"valueName":"search_term_string"}}],"inLanguage":"en-US"},{"@type":"Organization","@id":"https:\/\/bbqentertainment.com\/#organization","name":"BBQ Entertainment O\u00dc","url":"https:\/\/bbqentertainment.com\/","logo":{"@type":"ImageObject","inLanguage":"en-US","@id":"https:\/\/bbqentertainment.com\/#\/schema\/logo\/image\/","url":"https:\/\/bbqentertainment.com\/wp-content\/uploads\/2020\/04\/BBQ-Entertainment-N-Catering-Enn-Tobreluts-Logo.png","contentUrl":"https:\/\/bbqentertainment.com\/wp-content\/uploads\/2020\/04\/BBQ-Entertainment-N-Catering-Enn-Tobreluts-Logo.png","width":628,"height":266,"caption":"BBQ Entertainment O\u00dc"},"image":{"@id":"https:\/\/bbqentertainment.com\/#\/schema\/logo\/image\/"},"sameAs":["https:\/\/www.facebook.com\/BBQ-Entertainment-N-Catering-2437913376443540","https:\/\/www.instagram.com\/bbqentertainmentncatering\/","https:\/\/www.youtube.com\/channel\/UCmpuANQVhLy2Md8nrenp2jA"]}]}},"_links":{"self":[{"href":"https:\/\/bbqentertainment.com\/en\/wp-json\/wp\/v2\/product\/244819","targetHints":{"allow":["GET"]}}],"collection":[{"href":"https:\/\/bbqentertainment.com\/en\/wp-json\/wp\/v2\/product"}],"about":[{"href":"https:\/\/bbqentertainment.com\/en\/wp-json\/wp\/v2\/types\/product"}],"wp:featuredmedia":[{"embeddable":true,"href":"https:\/\/bbqentertainment.com\/en\/wp-json\/wp\/v2\/media\/244826"}],"wp:attachment":[{"href":"https:\/\/bbqentertainment.com\/en\/wp-json\/wp\/v2\/media?parent=244819"}],"wp:term":[{"taxonomy":"product_brand","embeddable":true,"href":"https:\/\/bbqentertainment.com\/en\/wp-json\/wp\/v2\/product_brand?post=244819"},{"taxonomy":"product_cat","embeddable":true,"href":"https:\/\/bbqentertainment.com\/en\/wp-json\/wp\/v2\/product_cat?post=244819"},{"taxonomy":"product_tag","embeddable":true,"href":"https:\/\/bbqentertainment.com\/en\/wp-json\/wp\/v2\/product_tag?post=244819"}],"curies":[{"name":"wp","href":"https:\/\/api.w.org\/{rel}","templated":true}]}}