{"id":245200,"date":"2024-02-27T10:43:28","date_gmt":"2024-02-27T08:43:28","guid":{"rendered":"https:\/\/bbqentertainment.com\/?post_type=product&#038;p=245200"},"modified":"2026-04-13T13:07:12","modified_gmt":"2026-04-13T10:07:12","slug":"komplekt-kamado-coeo-le-quatro-l-matt-must","status":"publish","type":"product","link":"https:\/\/bbqentertainment.com\/en\/toode\/komplekt-kamado-coeo-le-quatro-l-matt-must\/","title":{"rendered":"Keraamilise s\u00f6egrilli komplekt: KAMADO COEO LE QUATRO L (matt must) \u2014 German Design award 2024 &#8220;Excellent Product Design\u201d"},"content":{"rendered":"<p>https:\/\/youtu.be\/7Qp2nyEgjzU <a class=\"wpmf-pdfemb-viewer\" href=\"https:\/\/bbqentertainment.com\/wp-content\/uploads\/2024\/02\/KAMADO-EN-V1.pdf\" target=\"\" rel=\"noopener\">KAMADO EN (V1)<\/a><\/p>\n<h3><strong><u>COEO&#8217;st<\/u><\/strong><\/h3>\n<ul>\n<li>COEO on Prantsuse k\u00f6\u00f6gitarvikute br\u00e4nd, mis s\u00fcndis 2020. aasta m\u00e4rtsi isolatsiooni ajal. Selle asutajad, inseneriharidusega Yannick ja La Cornue&#8217;i k\u00f6\u00f6gibr\u00e4ndi endine t\u00f6\u00f6taja Amandine Aasias, v\u00f5tsid endale v\u00e4ljakutse siduda insenerit\u00f6\u00f6 ja disain, et luua k\u00f6\u00f6gitarvikuid, mis v\u00f5imaldavad k\u00f5igil v\u00e4ljendada oma ainulaadset kokkamisstiili!<\/li>\n<li>\u201cBBQ kokkamine on kohal k\u00f5igil kontinentidel ja COEO-ga &#8211; koosolemine &#8211; tahame r\u00f5hutada selle gastronoomia katal\u00fc\u00fctilist m\u00f5ju. K\u00f5ik armastavad koguneda ilusa leegi \u00fcmber ja koos kokata!\u201d<\/li>\n<li>Asudes Montpellieri p\u00f5hjaosas, C\u00e9vennes&#8217;is, kujundab idufirma k\u00f6\u00f6gitarvikuid, sealhulgas grille, mis on p\u00e4lvinud IF DESIGN ja Saksamaa Disainiauhinna 2024. Nende moto &#8220;Meilt Teile&#8221; viib nad eelistama otse\u00fchendust oma klientide kasutajatega, et alati hoida otsest sidet sektori vajadustega.<\/li>\n<\/ul>\n","protected":false},"excerpt":{"rendered":"<h3><span style=\"color: #000000;\"><strong>Keraamilise s\u00f6egrilli komplekt: KAMADO COEO LE QUATRO L (matt must) \u2014\u00a0German Design award 2024 &#8220;Excellent Product Design\u201d<\/strong><\/span><\/h3>\n<ul>\n<li><span style=\"color: #000000;\">Disainitud Prantsusmaal, see keraamiline grillahi on saavutanud v\u00e4ga suure tunnustuse: German Design award 2024 &#8220;Excellent Product Design\u201d<\/span><\/li>\n<li><span style=\"color: #000000; font-size: 14.399999px;\">Komplekti kuulub: 2 tk roostevaba terasest poolkuu grillrest 48 cm, 1 tk roostevaba terasest t\u00e4iskuu grillrest 48 cm, 1 tk ratastel tugev grilliraam, 2 tk k\u00fclgmist riiulit, 1 tk tuharoop, 1 tk s\u00f6ekorv, 1 tk grillikate, 1 tk Split&amp;Mix st multifunktsionaalne raamistik koos 2 tk keraamilise poolkuu soojusdeflektoritega.<\/span><\/li>\n<\/ul>\n<p><a href=\"https:\/\/bbqentertainment.com\/wp-content\/uploads\/2024\/02\/COEO_QUATRO_Presentation_2024-BBQ-Entertainment-OU.pdf\" target=\"_blank\" rel=\"noopener\"><strong>COEO Quatro Kamado kataloogi ja lisavarustuse v\u00f5imalusi saab n\u00e4ha siit<\/strong><\/a><\/p>\n","protected":false},"featured_media":245205,"template":"","meta":{"inline_featured_image":false},"product_brand":[],"product_cat":[17,572],"product_tag":[],"class_list":{"0":"post-245200","1":"product","2":"type-product","3":"status-publish","4":"has-post-thumbnail","6":"product_cat-grillid-ja-ahjud","7":"product_cat-coeo-grillid-tuleasemed-ja-tarvikud","8":"product_shipping_class-ainult-ise-jarele-tulemisega","10":"first","11":"instock","12":"taxable","13":"shipping-taxable","14":"purchasable","15":"product-type-simple"},"yoast_head":"<!-- This site is optimized with the Yoast SEO plugin v27.4 - https:\/\/yoast.com\/product\/yoast-seo-wordpress\/ -->\n<title>Keraamilise s\u00f6egrilli komplekt: KAMADO COEO LE QUATRO L (matt must) \u2014 German Design award 2024 &quot;Excellent Product Design\u201d - BBQ Entertainment<\/title>\n<meta name=\"robots\" content=\"index, follow, max-snippet:-1, max-image-preview:large, max-video-preview:-1\" \/>\n<link rel=\"canonical\" href=\"https:\/\/bbqentertainment.com\/toode\/komplekt-kamado-coeo-le-quatro-l-matt-must\/\" \/>\n<meta property=\"og:locale\" content=\"en_US\" \/>\n<meta property=\"og:type\" content=\"article\" \/>\n<meta property=\"og:title\" content=\"Keraamilise s\u00f6egrilli komplekt: KAMADO COEO LE QUATRO L (matt must) \u2014 German Design award 2024 &quot;Excellent Product Design\u201d - BBQ Entertainment\" \/>\n<meta property=\"og:description\" content=\"Keraamilise s\u00f6egrilli komplekt: KAMADO COEO LE QUATRO L (matt must) \u2014\u00a0German Design award 2024 &quot;Excellent Product Design\u201d   Disainitud Prantsusmaal, see keraamiline grillahi on saavutanud v\u00e4ga suure tunnustuse: German Design award 2024 &quot;Excellent Product Design\u201d  Komplekti kuulub: 2 tk roostevaba terasest poolkuu grillrest 48 cm, 1 tk roostevaba terasest t\u00e4iskuu grillrest 48 cm, 1 tk ratastel tugev grilliraam, 2 tk k\u00fclgmist riiulit, 1 tk tuharoop, 1 tk s\u00f6ekorv, 1 tk grillikate, 1 tk Split&amp;Mix st multifunktsionaalne raamistik koos 2 tk keraamilise poolkuu soojusdeflektoritega.  COEO Quatro Kamado kataloogi ja lisavarustuse v\u00f5imalusi saab n\u00e4ha siit\" \/>\n<meta property=\"og:url\" content=\"https:\/\/bbqentertainment.com\/toode\/komplekt-kamado-coeo-le-quatro-l-matt-must\/\" \/>\n<meta property=\"og:site_name\" content=\"BBQ Entertainment\" \/>\n<meta property=\"article:publisher\" content=\"https:\/\/www.facebook.com\/BBQ-Entertainment-N-Catering-2437913376443540\" \/>\n<meta property=\"article:modified_time\" content=\"2026-04-13T10:07:12+00:00\" \/>\n<meta property=\"og:image\" content=\"https:\/\/bbqentertainment.com\/wp-content\/uploads\/2024\/02\/BBQ-Entertainment-Keraamilise-soegrilli-komplekt-KAMADO-COEO-LE-QUATRO-L-4.webp\" \/>\n\t<meta property=\"og:image:width\" content=\"1005\" \/>\n\t<meta property=\"og:image:height\" content=\"1006\" \/>\n\t<meta property=\"og:image:type\" content=\"image\/webp\" \/>\n<meta name=\"twitter:card\" content=\"summary_large_image\" \/>\n<meta name=\"twitter:label1\" content=\"Est. reading time\" \/>\n\t<meta name=\"twitter:data1\" content=\"1 minute\" \/>\n<script type=\"application\/ld+json\" class=\"yoast-schema-graph\">{\"@context\":\"https:\\\/\\\/schema.org\",\"@graph\":[{\"@type\":[\"WebPage\",\"ItemPage\"],\"@id\":\"https:\\\/\\\/bbqentertainment.com\\\/toode\\\/komplekt-kamado-coeo-le-quatro-l-matt-must\\\/\",\"url\":\"https:\\\/\\\/bbqentertainment.com\\\/toode\\\/komplekt-kamado-coeo-le-quatro-l-matt-must\\\/\",\"name\":\"Keraamilise s\u00f6egrilli komplekt: KAMADO COEO LE QUATRO L (matt must) \u2014 German Design award 2024 \\\"Excellent Product Design\u201d - BBQ Entertainment\",\"isPartOf\":{\"@id\":\"https:\\\/\\\/bbqentertainment.com\\\/#website\"},\"primaryImageOfPage\":{\"@id\":\"https:\\\/\\\/bbqentertainment.com\\\/toode\\\/komplekt-kamado-coeo-le-quatro-l-matt-must\\\/#primaryimage\"},\"image\":{\"@id\":\"https:\\\/\\\/bbqentertainment.com\\\/toode\\\/komplekt-kamado-coeo-le-quatro-l-matt-must\\\/#primaryimage\"},\"thumbnailUrl\":\"https:\\\/\\\/bbqentertainment.com\\\/wp-content\\\/uploads\\\/2024\\\/02\\\/BBQ-Entertainment-Keraamilise-soegrilli-komplekt-KAMADO-COEO-LE-QUATRO-L-4.webp\",\"datePublished\":\"2024-02-27T08:43:28+00:00\",\"dateModified\":\"2026-04-13T10:07:12+00:00\",\"breadcrumb\":{\"@id\":\"https:\\\/\\\/bbqentertainment.com\\\/toode\\\/komplekt-kamado-coeo-le-quatro-l-matt-must\\\/#breadcrumb\"},\"inLanguage\":\"en-US\",\"potentialAction\":[{\"@type\":\"ReadAction\",\"target\":[\"https:\\\/\\\/bbqentertainment.com\\\/toode\\\/komplekt-kamado-coeo-le-quatro-l-matt-must\\\/\"]}]},{\"@type\":\"ImageObject\",\"inLanguage\":\"en-US\",\"@id\":\"https:\\\/\\\/bbqentertainment.com\\\/toode\\\/komplekt-kamado-coeo-le-quatro-l-matt-must\\\/#primaryimage\",\"url\":\"https:\\\/\\\/bbqentertainment.com\\\/wp-content\\\/uploads\\\/2024\\\/02\\\/BBQ-Entertainment-Keraamilise-soegrilli-komplekt-KAMADO-COEO-LE-QUATRO-L-4.webp\",\"contentUrl\":\"https:\\\/\\\/bbqentertainment.com\\\/wp-content\\\/uploads\\\/2024\\\/02\\\/BBQ-Entertainment-Keraamilise-soegrilli-komplekt-KAMADO-COEO-LE-QUATRO-L-4.webp\",\"width\":1005,\"height\":1006},{\"@type\":\"BreadcrumbList\",\"@id\":\"https:\\\/\\\/bbqentertainment.com\\\/toode\\\/komplekt-kamado-coeo-le-quatro-l-matt-must\\\/#breadcrumb\",\"itemListElement\":[{\"@type\":\"ListItem\",\"position\":1,\"name\":\"AVALEHT\",\"item\":\"https:\\\/\\\/bbqentertainment.com\\\/en\\\/\"},{\"@type\":\"ListItem\",\"position\":2,\"name\":\"Tooted\",\"item\":\"https:\\\/\\\/bbqentertainment.com\\\/tooted\\\/\"},{\"@type\":\"ListItem\",\"position\":3,\"name\":\"Grillid ja ahjud\",\"item\":\"https:\\\/\\\/bbqentertainment.com\\\/tootekategooria\\\/grillid-ja-ahjud\\\/\"},{\"@type\":\"ListItem\",\"position\":4,\"name\":\"COEO grillid, tuleasemed ja tarvikud\",\"item\":\"https:\\\/\\\/bbqentertainment.com\\\/tootekategooria\\\/grillid-ja-ahjud\\\/coeo-grillid-tuleasemed-ja-tarvikud\\\/\"},{\"@type\":\"ListItem\",\"position\":5,\"name\":\"Keraamilise s\u00f6egrilli komplekt: KAMADO COEO LE QUATRO L (matt must) \u2014 German Design award 2024 &#8220;Excellent Product Design\u201d\"}]},{\"@type\":\"WebSite\",\"@id\":\"https:\\\/\\\/bbqentertainment.com\\\/#website\",\"url\":\"https:\\\/\\\/bbqentertainment.com\\\/\",\"name\":\"BBQ Entertainment\",\"description\":\"BBQ is a great lifestyle, not just fun!\",\"publisher\":{\"@id\":\"https:\\\/\\\/bbqentertainment.com\\\/#organization\"},\"potentialAction\":[{\"@type\":\"SearchAction\",\"target\":{\"@type\":\"EntryPoint\",\"urlTemplate\":\"https:\\\/\\\/bbqentertainment.com\\\/?s={search_term_string}\"},\"query-input\":{\"@type\":\"PropertyValueSpecification\",\"valueRequired\":true,\"valueName\":\"search_term_string\"}}],\"inLanguage\":\"en-US\"},{\"@type\":\"Organization\",\"@id\":\"https:\\\/\\\/bbqentertainment.com\\\/#organization\",\"name\":\"BBQ Entertainment O\u00dc\",\"url\":\"https:\\\/\\\/bbqentertainment.com\\\/\",\"logo\":{\"@type\":\"ImageObject\",\"inLanguage\":\"en-US\",\"@id\":\"https:\\\/\\\/bbqentertainment.com\\\/#\\\/schema\\\/logo\\\/image\\\/\",\"url\":\"https:\\\/\\\/bbqentertainment.com\\\/wp-content\\\/uploads\\\/2020\\\/04\\\/BBQ-Entertainment-N-Catering-Enn-Tobreluts-Logo.png\",\"contentUrl\":\"https:\\\/\\\/bbqentertainment.com\\\/wp-content\\\/uploads\\\/2020\\\/04\\\/BBQ-Entertainment-N-Catering-Enn-Tobreluts-Logo.png\",\"width\":628,\"height\":266,\"caption\":\"BBQ Entertainment O\u00dc\"},\"image\":{\"@id\":\"https:\\\/\\\/bbqentertainment.com\\\/#\\\/schema\\\/logo\\\/image\\\/\"},\"sameAs\":[\"https:\\\/\\\/www.facebook.com\\\/BBQ-Entertainment-N-Catering-2437913376443540\",\"https:\\\/\\\/www.instagram.com\\\/bbqentertainmentncatering\\\/\",\"https:\\\/\\\/www.youtube.com\\\/channel\\\/UCmpuANQVhLy2Md8nrenp2jA\"]}]}<\/script>\n<!-- \/ Yoast SEO plugin. -->","yoast_head_json":{"title":"Keraamilise s\u00f6egrilli komplekt: KAMADO COEO LE QUATRO L (matt must) \u2014 German Design award 2024 \"Excellent Product Design\u201d - BBQ Entertainment","robots":{"index":"index","follow":"follow","max-snippet":"max-snippet:-1","max-image-preview":"max-image-preview:large","max-video-preview":"max-video-preview:-1"},"canonical":"https:\/\/bbqentertainment.com\/toode\/komplekt-kamado-coeo-le-quatro-l-matt-must\/","og_locale":"en_US","og_type":"article","og_title":"Keraamilise s\u00f6egrilli komplekt: KAMADO COEO LE QUATRO L (matt must) \u2014 German Design award 2024 \"Excellent Product Design\u201d - BBQ Entertainment","og_description":"Keraamilise s\u00f6egrilli komplekt: KAMADO COEO LE QUATRO L (matt must) \u2014\u00a0German Design award 2024 \"Excellent Product Design\u201d   Disainitud Prantsusmaal, see keraamiline grillahi on saavutanud v\u00e4ga suure tunnustuse: German Design award 2024 \"Excellent Product Design\u201d  Komplekti kuulub: 2 tk roostevaba terasest poolkuu grillrest 48 cm, 1 tk roostevaba terasest t\u00e4iskuu grillrest 48 cm, 1 tk ratastel tugev grilliraam, 2 tk k\u00fclgmist riiulit, 1 tk tuharoop, 1 tk s\u00f6ekorv, 1 tk grillikate, 1 tk Split&amp;Mix st multifunktsionaalne raamistik koos 2 tk keraamilise poolkuu soojusdeflektoritega.  COEO Quatro Kamado kataloogi ja lisavarustuse v\u00f5imalusi saab n\u00e4ha siit","og_url":"https:\/\/bbqentertainment.com\/toode\/komplekt-kamado-coeo-le-quatro-l-matt-must\/","og_site_name":"BBQ Entertainment","article_publisher":"https:\/\/www.facebook.com\/BBQ-Entertainment-N-Catering-2437913376443540","article_modified_time":"2026-04-13T10:07:12+00:00","og_image":[{"width":1005,"height":1006,"url":"https:\/\/bbqentertainment.com\/wp-content\/uploads\/2024\/02\/BBQ-Entertainment-Keraamilise-soegrilli-komplekt-KAMADO-COEO-LE-QUATRO-L-4.webp","type":"image\/webp"}],"twitter_card":"summary_large_image","twitter_misc":{"Est. reading time":"1 minute"},"schema":{"@context":"https:\/\/schema.org","@graph":[{"@type":["WebPage","ItemPage"],"@id":"https:\/\/bbqentertainment.com\/toode\/komplekt-kamado-coeo-le-quatro-l-matt-must\/","url":"https:\/\/bbqentertainment.com\/toode\/komplekt-kamado-coeo-le-quatro-l-matt-must\/","name":"Keraamilise s\u00f6egrilli komplekt: KAMADO COEO LE QUATRO L (matt must) \u2014 German Design award 2024 \"Excellent Product Design\u201d - BBQ Entertainment","isPartOf":{"@id":"https:\/\/bbqentertainment.com\/#website"},"primaryImageOfPage":{"@id":"https:\/\/bbqentertainment.com\/toode\/komplekt-kamado-coeo-le-quatro-l-matt-must\/#primaryimage"},"image":{"@id":"https:\/\/bbqentertainment.com\/toode\/komplekt-kamado-coeo-le-quatro-l-matt-must\/#primaryimage"},"thumbnailUrl":"https:\/\/bbqentertainment.com\/wp-content\/uploads\/2024\/02\/BBQ-Entertainment-Keraamilise-soegrilli-komplekt-KAMADO-COEO-LE-QUATRO-L-4.webp","datePublished":"2024-02-27T08:43:28+00:00","dateModified":"2026-04-13T10:07:12+00:00","breadcrumb":{"@id":"https:\/\/bbqentertainment.com\/toode\/komplekt-kamado-coeo-le-quatro-l-matt-must\/#breadcrumb"},"inLanguage":"en-US","potentialAction":[{"@type":"ReadAction","target":["https:\/\/bbqentertainment.com\/toode\/komplekt-kamado-coeo-le-quatro-l-matt-must\/"]}]},{"@type":"ImageObject","inLanguage":"en-US","@id":"https:\/\/bbqentertainment.com\/toode\/komplekt-kamado-coeo-le-quatro-l-matt-must\/#primaryimage","url":"https:\/\/bbqentertainment.com\/wp-content\/uploads\/2024\/02\/BBQ-Entertainment-Keraamilise-soegrilli-komplekt-KAMADO-COEO-LE-QUATRO-L-4.webp","contentUrl":"https:\/\/bbqentertainment.com\/wp-content\/uploads\/2024\/02\/BBQ-Entertainment-Keraamilise-soegrilli-komplekt-KAMADO-COEO-LE-QUATRO-L-4.webp","width":1005,"height":1006},{"@type":"BreadcrumbList","@id":"https:\/\/bbqentertainment.com\/toode\/komplekt-kamado-coeo-le-quatro-l-matt-must\/#breadcrumb","itemListElement":[{"@type":"ListItem","position":1,"name":"AVALEHT","item":"https:\/\/bbqentertainment.com\/en\/"},{"@type":"ListItem","position":2,"name":"Tooted","item":"https:\/\/bbqentertainment.com\/tooted\/"},{"@type":"ListItem","position":3,"name":"Grillid ja ahjud","item":"https:\/\/bbqentertainment.com\/tootekategooria\/grillid-ja-ahjud\/"},{"@type":"ListItem","position":4,"name":"COEO grillid, tuleasemed ja tarvikud","item":"https:\/\/bbqentertainment.com\/tootekategooria\/grillid-ja-ahjud\/coeo-grillid-tuleasemed-ja-tarvikud\/"},{"@type":"ListItem","position":5,"name":"Keraamilise s\u00f6egrilli komplekt: KAMADO COEO LE QUATRO L (matt must) \u2014 German Design award 2024 &#8220;Excellent Product Design\u201d"}]},{"@type":"WebSite","@id":"https:\/\/bbqentertainment.com\/#website","url":"https:\/\/bbqentertainment.com\/","name":"BBQ Entertainment","description":"BBQ is a great lifestyle, not just fun!","publisher":{"@id":"https:\/\/bbqentertainment.com\/#organization"},"potentialAction":[{"@type":"SearchAction","target":{"@type":"EntryPoint","urlTemplate":"https:\/\/bbqentertainment.com\/?s={search_term_string}"},"query-input":{"@type":"PropertyValueSpecification","valueRequired":true,"valueName":"search_term_string"}}],"inLanguage":"en-US"},{"@type":"Organization","@id":"https:\/\/bbqentertainment.com\/#organization","name":"BBQ Entertainment O\u00dc","url":"https:\/\/bbqentertainment.com\/","logo":{"@type":"ImageObject","inLanguage":"en-US","@id":"https:\/\/bbqentertainment.com\/#\/schema\/logo\/image\/","url":"https:\/\/bbqentertainment.com\/wp-content\/uploads\/2020\/04\/BBQ-Entertainment-N-Catering-Enn-Tobreluts-Logo.png","contentUrl":"https:\/\/bbqentertainment.com\/wp-content\/uploads\/2020\/04\/BBQ-Entertainment-N-Catering-Enn-Tobreluts-Logo.png","width":628,"height":266,"caption":"BBQ Entertainment O\u00dc"},"image":{"@id":"https:\/\/bbqentertainment.com\/#\/schema\/logo\/image\/"},"sameAs":["https:\/\/www.facebook.com\/BBQ-Entertainment-N-Catering-2437913376443540","https:\/\/www.instagram.com\/bbqentertainmentncatering\/","https:\/\/www.youtube.com\/channel\/UCmpuANQVhLy2Md8nrenp2jA"]}]}},"_links":{"self":[{"href":"https:\/\/bbqentertainment.com\/en\/wp-json\/wp\/v2\/product\/245200","targetHints":{"allow":["GET"]}}],"collection":[{"href":"https:\/\/bbqentertainment.com\/en\/wp-json\/wp\/v2\/product"}],"about":[{"href":"https:\/\/bbqentertainment.com\/en\/wp-json\/wp\/v2\/types\/product"}],"wp:featuredmedia":[{"embeddable":true,"href":"https:\/\/bbqentertainment.com\/en\/wp-json\/wp\/v2\/media\/245205"}],"wp:attachment":[{"href":"https:\/\/bbqentertainment.com\/en\/wp-json\/wp\/v2\/media?parent=245200"}],"wp:term":[{"taxonomy":"product_brand","embeddable":true,"href":"https:\/\/bbqentertainment.com\/en\/wp-json\/wp\/v2\/product_brand?post=245200"},{"taxonomy":"product_cat","embeddable":true,"href":"https:\/\/bbqentertainment.com\/en\/wp-json\/wp\/v2\/product_cat?post=245200"},{"taxonomy":"product_tag","embeddable":true,"href":"https:\/\/bbqentertainment.com\/en\/wp-json\/wp\/v2\/product_tag?post=245200"}],"curies":[{"name":"wp","href":"https:\/\/api.w.org\/{rel}","templated":true}]}}