{"id":245245,"date":"2024-02-27T13:28:54","date_gmt":"2024-02-27T11:28:54","guid":{"rendered":"https:\/\/bbqentertainment.com\/?post_type=product&#038;p=245245"},"modified":"2025-07-25T13:45:34","modified_gmt":"2025-07-25T10:45:34","slug":"coeo-must-tulease-grill-brasero-firepit-trio-h100cm-d98cm-black","status":"publish","type":"product","link":"https:\/\/bbqentertainment.com\/en\/toode\/coeo-must-tulease-grill-brasero-firepit-trio-h100cm-d98cm-black\/","title":{"rendered":"COEO must tulease\/grill BRASERO \/ FIREPIT TRIO H100cm D98cm (BLACK)"},"content":{"rendered":"<p>COEO tulease\/grill BRASERO \/ FIREPIT TRIO \u00a0\u2014 \u00a0<strong>IF DESIGN AWARD 2024\u00a0v\u00f5itja \u2014\u00a0\u00fcks mainekamaid disainiauhindu\u00a0maailmas.<\/strong><\/p>\n<ul>\n<li>Selle auhinnaga on TRIO grill asetatud k\u00f5ige prestii\u017eikamate toodete hulka koos tuntud br\u00e4ndidega nagu Adidas, Apple, Haier ja Mercedes Benz.<\/li>\n<li>TRIO grill kuulutati v\u00f5itjaks 132 s\u00f5ltumatust eksperdist koosneva \u017e\u00fcrii poolt \u00fcle maailma t\u00e4nu oma ainulaadsele disainile ja erinevatele iseloomulikele omadustele, mida see on turule toonud alates selle k\u00e4ivitamisest m\u00e4rtsis 2020. 2020. aastal v\u00f5ttis selle looja, inseneriharidusega Yannick Bonfort, v\u00e4ljakutse luua toode, millel on lihtne v\u00e4limus, kuid mis rahuldab nii eraisikuid kui ka professionaale mitmete tehniliste spetsifikatsioonidega. TRIO grill on juba tuhandetes kodudes ning seda kasutatakse Lyfe&#8217;i instituudi (endine Paul Bocuse&#8217;i instituut) \u00f5pilaste poolt erinevate toiduvalmistamise viiside \u00f5ppimiseks puidu tulel.<\/li>\n<li>Konkurents oli tihe: peaaegu 11 000 taotlust esitati 72 riigis iF kvaliteedim\u00e4rgi saamise v\u00e4ljavaatega. See auhind kinnitab, et TRIO on tuleviku grill, see on tript\u00fchhoni kujuline grillpliit, mis valiti v\u00e4lja selle kuju, funktsioonide, eristavate omaduste (materjalid, tarvikud, disaini insenerit\u00f6\u00f6) ja m\u00f5ju t\u00f5ttu v\u00e4lis\u00f5huvalmistamise sektorile. TRIO on olnud t\u00f5eline revolutsioon alates selle k\u00e4ivitamisest 4 aastat tagasi, ja see auhind kinnitab selle disaini uuenduslikkust!<\/li>\n<li>Rohkem teavet TRIO grilli kohta leiate jaotisest &#8220;Winners &amp; iF Ranking&#8221; aadressil ifdesign.com: <a href=\"https:\/\/ifdesign.com\/en\/winner-ranking\/project\/the-trio\/642863\">https:\/\/ifdesign.com\/en\/winner-ranking\/project\/the-trio\/642863<\/a><\/li>\n<li>TRIO grilli video: <a href=\"https:\/\/www.youtube.com\/watch?v=t_aNPktCsJs&amp;t=23s\">https:\/\/www.youtube.com\/watch?v=t_aNPktCsJs&amp;t=23s<\/a><\/li>\n<\/ul>\n<h3><strong><u>COEO&#8217;st<\/u><\/strong><\/h3>\n<ul>\n<li>COEO on Prantsuse k\u00f6\u00f6gitarvikute br\u00e4nd, mis s\u00fcndis 2020. aasta m\u00e4rtsi isolatsiooni ajal. Selle asutajad, inseneriharidusega Yannick ja La Cornue&#8217;i k\u00f6\u00f6gibr\u00e4ndi endine t\u00f6\u00f6taja Amandine Aasias, v\u00f5tsid endale v\u00e4ljakutse siduda insenerit\u00f6\u00f6 ja disain, et luua k\u00f6\u00f6gitarvikuid, mis v\u00f5imaldavad k\u00f5igil v\u00e4ljendada oma ainulaadset kokkamisstiili!<\/li>\n<li>\u201cBBQ kokkamine on kohal k\u00f5igil kontinentidel ja COEO-ga &#8211; koosolemine &#8211; tahame r\u00f5hutada selle gastronoomia katal\u00fc\u00fctilist m\u00f5ju. K\u00f5ik armastavad koguneda ilusa leegi \u00fcmber ja koos kokata!\u201d<\/li>\n<li>Asudes Montpellieri p\u00f5hjaosas, C\u00e9vennes&#8217;is, kujundab idufirma k\u00f6\u00f6gitarvikuid, sealhulgas grille, mis on p\u00e4lvinud IF DESIGN ja Saksamaa Disainiauhinna 2024. Nende moto &#8220;Meilt Teile&#8221; viib nad eelistama otse\u00fchendust oma klientide kasutajatega, et alati hoida otsest sidet sektori vajadustega.<\/li>\n<\/ul>\n","protected":false},"excerpt":{"rendered":"<h3><strong>COEO must tulease\/grill BRASERO \/ FIREPIT TRIO H100cm D98cm (BLACK)<\/strong><\/h3>\n<p><strong>IF DESIGN AWARD 2024 v\u00f5itja \u2014 \u00fcks mainekamaid disainiauhindu maailmas!<\/strong> Trio tulease \u00fchendab endas pliidi, grilli ja plancha funktsioonid ning lisav\u00f5imaluse puidu ladustamiseks. Selle ainulaadne disain teeb sellest lihtsa, elegantse ja funktsionaalse eseme. See on loodud kasutades kuldset suhet, et muuta see harmooniliseks ja ajatuks (disain on kaitstud Prantsusmaal ja v\u00e4lismaal). TRIO on saadaval mitmes mudelis, et saaksite valida endale k\u00f5ige sobivama k\u00f5rguse, diameetri ja viimistluse. Teil on v\u00f5imalik luua oma v\u00e4lik\u00f6\u00f6k loenduriga, mille kujundid v\u00f5ivad mahutada 1 v\u00f5i 2 TRIO brasero&#8217;t. TRIO&#8217;d saab t\u00e4iendada laia valiku lisavarustusega, nagu grillrestid, brasero \u00fcmbris v\u00f5i r\u00f6stimisvarras.<\/p>\n<p><a href=\"https:\/\/bbqentertainment.com\/wp-content\/uploads\/2024\/02\/COEO_BRASERO_Presentation_2024-BBQ-Entertainment-OU.pdf\" target=\"_blank\" rel=\"noopener\"><strong>COEO tuleasemete ja tuleaseme tarvikute kataloogi saab n\u00e4ha siit<\/strong><\/a><\/p>\n","protected":false},"featured_media":245246,"template":"","meta":{"inline_featured_image":false},"product_brand":[],"product_cat":[17,583,572,238],"product_tag":[],"class_list":{"0":"post-245245","1":"product","2":"type-product","3":"status-publish","4":"has-post-thumbnail","6":"product_cat-grillid-ja-ahjud","7":"product_cat-lokkease","8":"product_cat-coeo-grillid-tuleasemed-ja-tarvikud","9":"product_cat-muud-grillid-ja-ahjud","10":"product_shipping_class-ainult-ise-jarele-tulemisega","12":"first","13":"instock","14":"taxable","15":"shipping-taxable","16":"purchasable","17":"product-type-simple"},"yoast_head":"<!-- This site is optimized with the Yoast SEO plugin v27.2 - https:\/\/yoast.com\/product\/yoast-seo-wordpress\/ -->\n<title>COEO must tulease\/grill BRASERO \/ FIREPIT TRIO H100cm D98cm (BLACK) - BBQ Entertainment<\/title>\n<meta name=\"robots\" content=\"index, follow, max-snippet:-1, max-image-preview:large, max-video-preview:-1\" \/>\n<link rel=\"canonical\" href=\"https:\/\/bbqentertainment.com\/toode\/coeo-must-tulease-grill-brasero-firepit-trio-h100cm-d98cm-black\/\" \/>\n<meta property=\"og:locale\" content=\"en_US\" \/>\n<meta property=\"og:type\" content=\"article\" \/>\n<meta property=\"og:title\" content=\"COEO must tulease\/grill BRASERO \/ FIREPIT TRIO H100cm D98cm (BLACK) - BBQ Entertainment\" \/>\n<meta property=\"og:description\" content=\"COEO must tulease\/grill BRASERO \/ FIREPIT TRIO H100cm D98cm (BLACK) IF DESIGN AWARD 2024 v\u00f5itja \u2014 \u00fcks mainekamaid disainiauhindu maailmas! Trio tulease \u00fchendab endas pliidi, grilli ja plancha funktsioonid ning lisav\u00f5imaluse puidu ladustamiseks. Selle ainulaadne disain teeb sellest lihtsa, elegantse ja funktsionaalse eseme. See on loodud kasutades kuldset suhet, et muuta see harmooniliseks ja ajatuks (disain on kaitstud Prantsusmaal ja v\u00e4lismaal). TRIO on saadaval mitmes mudelis, et saaksite valida endale k\u00f5ige sobivama k\u00f5rguse, diameetri ja viimistluse. Teil on v\u00f5imalik luua oma v\u00e4lik\u00f6\u00f6k loenduriga, mille kujundid v\u00f5ivad mahutada 1 v\u00f5i 2 TRIO brasero&#039;t. TRIO&#039;d saab t\u00e4iendada laia valiku lisavarustusega, nagu grillrestid, brasero \u00fcmbris v\u00f5i r\u00f6stimisvarras.  COEO tuleasemete ja tuleaseme tarvikute kataloogi saab n\u00e4ha siit\" \/>\n<meta property=\"og:url\" content=\"https:\/\/bbqentertainment.com\/toode\/coeo-must-tulease-grill-brasero-firepit-trio-h100cm-d98cm-black\/\" \/>\n<meta property=\"og:site_name\" content=\"BBQ Entertainment\" \/>\n<meta property=\"article:publisher\" content=\"https:\/\/www.facebook.com\/BBQ-Entertainment-N-Catering-2437913376443540\" \/>\n<meta property=\"article:modified_time\" content=\"2025-07-25T10:45:34+00:00\" \/>\n<meta property=\"og:image\" content=\"https:\/\/bbqentertainment.com\/wp-content\/uploads\/2024\/02\/BBQ-Entertainment-Tulease-TRIO-1.webp\" \/>\n\t<meta property=\"og:image:width\" content=\"665\" \/>\n\t<meta property=\"og:image:height\" content=\"665\" \/>\n\t<meta property=\"og:image:type\" content=\"image\/webp\" \/>\n<meta name=\"twitter:card\" content=\"summary_large_image\" \/>\n<meta name=\"twitter:label1\" content=\"Est. reading time\" \/>\n\t<meta name=\"twitter:data1\" content=\"2 minutes\" \/>\n<script type=\"application\/ld+json\" class=\"yoast-schema-graph\">{\"@context\":\"https:\/\/schema.org\",\"@graph\":[{\"@type\":[\"WebPage\",\"ItemPage\"],\"@id\":\"https:\/\/bbqentertainment.com\/toode\/coeo-must-tulease-grill-brasero-firepit-trio-h100cm-d98cm-black\/\",\"url\":\"https:\/\/bbqentertainment.com\/toode\/coeo-must-tulease-grill-brasero-firepit-trio-h100cm-d98cm-black\/\",\"name\":\"COEO must tulease\/grill BRASERO \/ FIREPIT TRIO H100cm D98cm (BLACK) - BBQ Entertainment\",\"isPartOf\":{\"@id\":\"https:\/\/bbqentertainment.com\/#website\"},\"primaryImageOfPage\":{\"@id\":\"https:\/\/bbqentertainment.com\/toode\/coeo-must-tulease-grill-brasero-firepit-trio-h100cm-d98cm-black\/#primaryimage\"},\"image\":{\"@id\":\"https:\/\/bbqentertainment.com\/toode\/coeo-must-tulease-grill-brasero-firepit-trio-h100cm-d98cm-black\/#primaryimage\"},\"thumbnailUrl\":\"https:\/\/bbqentertainment.com\/wp-content\/uploads\/2024\/02\/BBQ-Entertainment-Tulease-TRIO-1.webp\",\"datePublished\":\"2024-02-27T11:28:54+00:00\",\"dateModified\":\"2025-07-25T10:45:34+00:00\",\"breadcrumb\":{\"@id\":\"https:\/\/bbqentertainment.com\/toode\/coeo-must-tulease-grill-brasero-firepit-trio-h100cm-d98cm-black\/#breadcrumb\"},\"inLanguage\":\"en-US\",\"potentialAction\":[{\"@type\":\"ReadAction\",\"target\":[\"https:\/\/bbqentertainment.com\/toode\/coeo-must-tulease-grill-brasero-firepit-trio-h100cm-d98cm-black\/\"]}]},{\"@type\":\"ImageObject\",\"inLanguage\":\"en-US\",\"@id\":\"https:\/\/bbqentertainment.com\/toode\/coeo-must-tulease-grill-brasero-firepit-trio-h100cm-d98cm-black\/#primaryimage\",\"url\":\"https:\/\/bbqentertainment.com\/wp-content\/uploads\/2024\/02\/BBQ-Entertainment-Tulease-TRIO-1.webp\",\"contentUrl\":\"https:\/\/bbqentertainment.com\/wp-content\/uploads\/2024\/02\/BBQ-Entertainment-Tulease-TRIO-1.webp\",\"width\":665,\"height\":665},{\"@type\":\"BreadcrumbList\",\"@id\":\"https:\/\/bbqentertainment.com\/toode\/coeo-must-tulease-grill-brasero-firepit-trio-h100cm-d98cm-black\/#breadcrumb\",\"itemListElement\":[{\"@type\":\"ListItem\",\"position\":1,\"name\":\"AVALEHT\",\"item\":\"https:\/\/bbqentertainment.com\/en\/\"},{\"@type\":\"ListItem\",\"position\":2,\"name\":\"Tooted\",\"item\":\"https:\/\/bbqentertainment.com\/tooted\/\"},{\"@type\":\"ListItem\",\"position\":3,\"name\":\"Grillid ja ahjud\",\"item\":\"https:\/\/bbqentertainment.com\/tootekategooria\/grillid-ja-ahjud\/\"},{\"@type\":\"ListItem\",\"position\":4,\"name\":\"COEO grillid, tuleasemed ja tarvikud\",\"item\":\"https:\/\/bbqentertainment.com\/tootekategooria\/grillid-ja-ahjud\/coeo-grillid-tuleasemed-ja-tarvikud\/\"},{\"@type\":\"ListItem\",\"position\":5,\"name\":\"COEO must tulease\/grill BRASERO \/ FIREPIT TRIO H100cm D98cm (BLACK)\"}]},{\"@type\":\"WebSite\",\"@id\":\"https:\/\/bbqentertainment.com\/#website\",\"url\":\"https:\/\/bbqentertainment.com\/\",\"name\":\"BBQ Entertainment\",\"description\":\"BBQ is a great lifestyle, not just fun!\",\"publisher\":{\"@id\":\"https:\/\/bbqentertainment.com\/#organization\"},\"potentialAction\":[{\"@type\":\"SearchAction\",\"target\":{\"@type\":\"EntryPoint\",\"urlTemplate\":\"https:\/\/bbqentertainment.com\/?s={search_term_string}\"},\"query-input\":{\"@type\":\"PropertyValueSpecification\",\"valueRequired\":true,\"valueName\":\"search_term_string\"}}],\"inLanguage\":\"en-US\"},{\"@type\":\"Organization\",\"@id\":\"https:\/\/bbqentertainment.com\/#organization\",\"name\":\"BBQ Entertainment O\u00dc\",\"url\":\"https:\/\/bbqentertainment.com\/\",\"logo\":{\"@type\":\"ImageObject\",\"inLanguage\":\"en-US\",\"@id\":\"https:\/\/bbqentertainment.com\/#\/schema\/logo\/image\/\",\"url\":\"https:\/\/bbqentertainment.com\/wp-content\/uploads\/2020\/04\/BBQ-Entertainment-N-Catering-Enn-Tobreluts-Logo.png\",\"contentUrl\":\"https:\/\/bbqentertainment.com\/wp-content\/uploads\/2020\/04\/BBQ-Entertainment-N-Catering-Enn-Tobreluts-Logo.png\",\"width\":628,\"height\":266,\"caption\":\"BBQ Entertainment O\u00dc\"},\"image\":{\"@id\":\"https:\/\/bbqentertainment.com\/#\/schema\/logo\/image\/\"},\"sameAs\":[\"https:\/\/www.facebook.com\/BBQ-Entertainment-N-Catering-2437913376443540\",\"https:\/\/www.instagram.com\/bbqentertainmentncatering\/\",\"https:\/\/www.youtube.com\/channel\/UCmpuANQVhLy2Md8nrenp2jA\"]}]}<\/script>\n<!-- \/ Yoast SEO plugin. -->","yoast_head_json":{"title":"COEO must tulease\/grill BRASERO \/ FIREPIT TRIO H100cm D98cm (BLACK) - BBQ Entertainment","robots":{"index":"index","follow":"follow","max-snippet":"max-snippet:-1","max-image-preview":"max-image-preview:large","max-video-preview":"max-video-preview:-1"},"canonical":"https:\/\/bbqentertainment.com\/toode\/coeo-must-tulease-grill-brasero-firepit-trio-h100cm-d98cm-black\/","og_locale":"en_US","og_type":"article","og_title":"COEO must tulease\/grill BRASERO \/ FIREPIT TRIO H100cm D98cm (BLACK) - BBQ Entertainment","og_description":"COEO must tulease\/grill BRASERO \/ FIREPIT TRIO H100cm D98cm (BLACK) IF DESIGN AWARD 2024 v\u00f5itja \u2014 \u00fcks mainekamaid disainiauhindu maailmas! Trio tulease \u00fchendab endas pliidi, grilli ja plancha funktsioonid ning lisav\u00f5imaluse puidu ladustamiseks. Selle ainulaadne disain teeb sellest lihtsa, elegantse ja funktsionaalse eseme. See on loodud kasutades kuldset suhet, et muuta see harmooniliseks ja ajatuks (disain on kaitstud Prantsusmaal ja v\u00e4lismaal). TRIO on saadaval mitmes mudelis, et saaksite valida endale k\u00f5ige sobivama k\u00f5rguse, diameetri ja viimistluse. Teil on v\u00f5imalik luua oma v\u00e4lik\u00f6\u00f6k loenduriga, mille kujundid v\u00f5ivad mahutada 1 v\u00f5i 2 TRIO brasero't. TRIO'd saab t\u00e4iendada laia valiku lisavarustusega, nagu grillrestid, brasero \u00fcmbris v\u00f5i r\u00f6stimisvarras.  COEO tuleasemete ja tuleaseme tarvikute kataloogi saab n\u00e4ha siit","og_url":"https:\/\/bbqentertainment.com\/toode\/coeo-must-tulease-grill-brasero-firepit-trio-h100cm-d98cm-black\/","og_site_name":"BBQ Entertainment","article_publisher":"https:\/\/www.facebook.com\/BBQ-Entertainment-N-Catering-2437913376443540","article_modified_time":"2025-07-25T10:45:34+00:00","og_image":[{"width":665,"height":665,"url":"https:\/\/bbqentertainment.com\/wp-content\/uploads\/2024\/02\/BBQ-Entertainment-Tulease-TRIO-1.webp","type":"image\/webp"}],"twitter_card":"summary_large_image","twitter_misc":{"Est. reading time":"2 minutes"},"schema":{"@context":"https:\/\/schema.org","@graph":[{"@type":["WebPage","ItemPage"],"@id":"https:\/\/bbqentertainment.com\/toode\/coeo-must-tulease-grill-brasero-firepit-trio-h100cm-d98cm-black\/","url":"https:\/\/bbqentertainment.com\/toode\/coeo-must-tulease-grill-brasero-firepit-trio-h100cm-d98cm-black\/","name":"COEO must tulease\/grill BRASERO \/ FIREPIT TRIO H100cm D98cm (BLACK) - BBQ Entertainment","isPartOf":{"@id":"https:\/\/bbqentertainment.com\/#website"},"primaryImageOfPage":{"@id":"https:\/\/bbqentertainment.com\/toode\/coeo-must-tulease-grill-brasero-firepit-trio-h100cm-d98cm-black\/#primaryimage"},"image":{"@id":"https:\/\/bbqentertainment.com\/toode\/coeo-must-tulease-grill-brasero-firepit-trio-h100cm-d98cm-black\/#primaryimage"},"thumbnailUrl":"https:\/\/bbqentertainment.com\/wp-content\/uploads\/2024\/02\/BBQ-Entertainment-Tulease-TRIO-1.webp","datePublished":"2024-02-27T11:28:54+00:00","dateModified":"2025-07-25T10:45:34+00:00","breadcrumb":{"@id":"https:\/\/bbqentertainment.com\/toode\/coeo-must-tulease-grill-brasero-firepit-trio-h100cm-d98cm-black\/#breadcrumb"},"inLanguage":"en-US","potentialAction":[{"@type":"ReadAction","target":["https:\/\/bbqentertainment.com\/toode\/coeo-must-tulease-grill-brasero-firepit-trio-h100cm-d98cm-black\/"]}]},{"@type":"ImageObject","inLanguage":"en-US","@id":"https:\/\/bbqentertainment.com\/toode\/coeo-must-tulease-grill-brasero-firepit-trio-h100cm-d98cm-black\/#primaryimage","url":"https:\/\/bbqentertainment.com\/wp-content\/uploads\/2024\/02\/BBQ-Entertainment-Tulease-TRIO-1.webp","contentUrl":"https:\/\/bbqentertainment.com\/wp-content\/uploads\/2024\/02\/BBQ-Entertainment-Tulease-TRIO-1.webp","width":665,"height":665},{"@type":"BreadcrumbList","@id":"https:\/\/bbqentertainment.com\/toode\/coeo-must-tulease-grill-brasero-firepit-trio-h100cm-d98cm-black\/#breadcrumb","itemListElement":[{"@type":"ListItem","position":1,"name":"AVALEHT","item":"https:\/\/bbqentertainment.com\/en\/"},{"@type":"ListItem","position":2,"name":"Tooted","item":"https:\/\/bbqentertainment.com\/tooted\/"},{"@type":"ListItem","position":3,"name":"Grillid ja ahjud","item":"https:\/\/bbqentertainment.com\/tootekategooria\/grillid-ja-ahjud\/"},{"@type":"ListItem","position":4,"name":"COEO grillid, tuleasemed ja tarvikud","item":"https:\/\/bbqentertainment.com\/tootekategooria\/grillid-ja-ahjud\/coeo-grillid-tuleasemed-ja-tarvikud\/"},{"@type":"ListItem","position":5,"name":"COEO must tulease\/grill BRASERO \/ FIREPIT TRIO H100cm D98cm (BLACK)"}]},{"@type":"WebSite","@id":"https:\/\/bbqentertainment.com\/#website","url":"https:\/\/bbqentertainment.com\/","name":"BBQ Entertainment","description":"BBQ is a great lifestyle, not just fun!","publisher":{"@id":"https:\/\/bbqentertainment.com\/#organization"},"potentialAction":[{"@type":"SearchAction","target":{"@type":"EntryPoint","urlTemplate":"https:\/\/bbqentertainment.com\/?s={search_term_string}"},"query-input":{"@type":"PropertyValueSpecification","valueRequired":true,"valueName":"search_term_string"}}],"inLanguage":"en-US"},{"@type":"Organization","@id":"https:\/\/bbqentertainment.com\/#organization","name":"BBQ Entertainment O\u00dc","url":"https:\/\/bbqentertainment.com\/","logo":{"@type":"ImageObject","inLanguage":"en-US","@id":"https:\/\/bbqentertainment.com\/#\/schema\/logo\/image\/","url":"https:\/\/bbqentertainment.com\/wp-content\/uploads\/2020\/04\/BBQ-Entertainment-N-Catering-Enn-Tobreluts-Logo.png","contentUrl":"https:\/\/bbqentertainment.com\/wp-content\/uploads\/2020\/04\/BBQ-Entertainment-N-Catering-Enn-Tobreluts-Logo.png","width":628,"height":266,"caption":"BBQ Entertainment O\u00dc"},"image":{"@id":"https:\/\/bbqentertainment.com\/#\/schema\/logo\/image\/"},"sameAs":["https:\/\/www.facebook.com\/BBQ-Entertainment-N-Catering-2437913376443540","https:\/\/www.instagram.com\/bbqentertainmentncatering\/","https:\/\/www.youtube.com\/channel\/UCmpuANQVhLy2Md8nrenp2jA"]}]}},"_links":{"self":[{"href":"https:\/\/bbqentertainment.com\/en\/wp-json\/wp\/v2\/product\/245245","targetHints":{"allow":["GET"]}}],"collection":[{"href":"https:\/\/bbqentertainment.com\/en\/wp-json\/wp\/v2\/product"}],"about":[{"href":"https:\/\/bbqentertainment.com\/en\/wp-json\/wp\/v2\/types\/product"}],"wp:featuredmedia":[{"embeddable":true,"href":"https:\/\/bbqentertainment.com\/en\/wp-json\/wp\/v2\/media\/245246"}],"wp:attachment":[{"href":"https:\/\/bbqentertainment.com\/en\/wp-json\/wp\/v2\/media?parent=245245"}],"wp:term":[{"taxonomy":"product_brand","embeddable":true,"href":"https:\/\/bbqentertainment.com\/en\/wp-json\/wp\/v2\/product_brand?post=245245"},{"taxonomy":"product_cat","embeddable":true,"href":"https:\/\/bbqentertainment.com\/en\/wp-json\/wp\/v2\/product_cat?post=245245"},{"taxonomy":"product_tag","embeddable":true,"href":"https:\/\/bbqentertainment.com\/en\/wp-json\/wp\/v2\/product_tag?post=245245"}],"curies":[{"name":"wp","href":"https:\/\/api.w.org\/{rel}","templated":true}]}}