{"id":245324,"date":"2024-02-27T13:28:53","date_gmt":"2024-02-27T11:28:53","guid":{"rendered":"https:\/\/bbqentertainment.com\/?post_type=product&#038;p=245324"},"modified":"2025-07-25T13:45:56","modified_gmt":"2025-07-25T10:45:56","slug":"rotisserie-d98cm-komplekt-mootoriga-lisavarustus-coeo-tulease-grillile-brasero-trio","status":"publish","type":"product","link":"https:\/\/bbqentertainment.com\/en\/toode\/rotisserie-d98cm-komplekt-mootoriga-lisavarustus-coeo-tulease-grillile-brasero-trio\/","title":{"rendered":"ROTISSERIE D98cm komplekt mootoriga (lisavarustus COEO tulease\/grillile BRASERO TRIO)"},"content":{"rendered":"<p>M\u00d5\u00d5TMED 72 x 6,5 x 59 cm<\/p>\n<p>MATERJALID<\/p>\n<ul>\n<li>Roostevaba teras<\/li>\n<li>Bakeliit (k\u00e4epide)<\/li>\n<li>Teras (mootor)<\/li>\n<\/ul>\n<p>KOGUKAAL 13,4 kg T\u00f6\u00f6tab AA patareidega (ei kuulu komplekti) Maksimaalne toetatud koormus: 15kg<\/p>\n<h3><strong><u>COEO&#8217;st<\/u><\/strong><\/h3>\n<ul>\n<li>COEO on Prantsuse k\u00f6\u00f6gitarvikute br\u00e4nd, mis s\u00fcndis 2020. aasta m\u00e4rtsi isolatsiooni ajal. Selle asutajad, inseneriharidusega Yannick ja La Cornue&#8217;i k\u00f6\u00f6gibr\u00e4ndi endine t\u00f6\u00f6taja Amandine Aasias, v\u00f5tsid endale v\u00e4ljakutse siduda insenerit\u00f6\u00f6 ja disain, et luua k\u00f6\u00f6gitarvikuid, mis v\u00f5imaldavad k\u00f5igil v\u00e4ljendada oma ainulaadset kokkamisstiili!<\/li>\n<li>\u201cBBQ kokkamine on kohal k\u00f5igil kontinentidel ja COEO-ga &#8211; koosolemine &#8211; tahame r\u00f5hutada selle gastronoomia katal\u00fc\u00fctilist m\u00f5ju. K\u00f5ik armastavad koguneda ilusa leegi \u00fcmber ja koos kokata!\u201d<\/li>\n<li>Asudes Montpellieri p\u00f5hjaosas, C\u00e9vennes&#8217;is, kujundab idufirma k\u00f6\u00f6gitarvikuid, sealhulgas grille, mis on p\u00e4lvinud IF DESIGN ja Saksamaa Disainiauhinna 2024. Nende moto &#8220;Meilt Teile&#8221; viib nad eelistama otse\u00fchendust oma klientide kasutajatega, et alati hoida otsest sidet sektori vajadustega.<\/li>\n<\/ul>\n","protected":false},"excerpt":{"rendered":"<h3><strong>ROTISSERIE D98cm komplekt mootoriga (lisavarustus COEO tulease\/grillile BRASERO TRIO)<\/strong><\/h3>\n<p>R\u00f6stimisvarras v\u00f5imaldab teil oma TRIO peal k\u00fcpsetustasemeid kombineerida. N\u00fc\u00fcd on v\u00f5imalik k\u00fcpsetada suuri t\u00fckke liha, k\u00f6\u00f6givilju v\u00f5i lasta otse tule kohal potis toitu haududa. R\u00f6stimisvarras on varustatud mootoriga (patareitoitel), mis teeb kasutuskogemuse lihtsaks ja meeldivaks. See v\u00f5ib toetada kuni 15kg, et saaksite t\u00e4ielikult \u00e4ra kasutada k\u00fcpsetusv\u00f5imalusi, mida see vardas pakub. See on saadaval brasero mudelitele, mille plancha v\u00e4lisl\u00e4bim\u00f5\u00f5t on 82 ja 98 cm. COEO r\u00f6stimisvarras:<\/p>\n<ul>\n<li>Toidukontaktis kasutatav roostevaba teras<\/li>\n<li>Bakeliidist k\u00e4epide<\/li>\n<li>Toetab 15kg varda \/ mootori kohta<\/li>\n<li>V\u00f5imalus kasutada lisatarvikuid \/ raudpotte \u00fclemisel stabiliseerival ribal (20kg)<\/li>\n<li>5 k\u00fcpsetustaset v\u00f5i 3 mootorit samaaegselt<\/li>\n<li>Tugeva p\u00f6\u00f6rdemomendiga patareitoitel mootor<\/li>\n<li>V\u00f5imalik kasutada koos grillrestiga<\/li>\n<\/ul>\n<p><a href=\"https:\/\/bbqentertainment.com\/wp-content\/uploads\/2024\/02\/COEO_BRASERO_Presentation_2024-BBQ-Entertainment-OU.pdf\" target=\"_blank\" rel=\"noopener\"><strong>COEO tuleasemete ja tuleaseme tarvikute kataloogi saab n\u00e4ha siit<\/strong><\/a><\/p>\n","protected":false},"featured_media":245325,"template":"","meta":{"inline_featured_image":false},"product_brand":[],"product_cat":[583,572],"product_tag":[],"class_list":{"0":"post-245324","1":"product","2":"type-product","3":"status-publish","4":"has-post-thumbnail","6":"product_cat-lokkease","7":"product_cat-coeo-grillid-tuleasemed-ja-tarvikud","9":"first","10":"instock","11":"taxable","12":"shipping-taxable","13":"purchasable","14":"product-type-simple"},"yoast_head":"<!-- This site is optimized with the Yoast SEO plugin v27.4 - https:\/\/yoast.com\/product\/yoast-seo-wordpress\/ -->\n<title>ROTISSERIE D98cm komplekt mootoriga (lisavarustus COEO tulease\/grillile BRASERO TRIO) - BBQ Entertainment<\/title>\n<meta name=\"robots\" content=\"index, follow, max-snippet:-1, max-image-preview:large, max-video-preview:-1\" \/>\n<link rel=\"canonical\" href=\"https:\/\/bbqentertainment.com\/toode\/rotisserie-d98cm-komplekt-mootoriga-lisavarustus-coeo-tulease-grillile-brasero-trio\/\" \/>\n<meta property=\"og:locale\" content=\"en_US\" \/>\n<meta property=\"og:type\" content=\"article\" \/>\n<meta property=\"og:title\" content=\"ROTISSERIE D98cm komplekt mootoriga (lisavarustus COEO tulease\/grillile BRASERO TRIO) - BBQ Entertainment\" \/>\n<meta property=\"og:description\" content=\"ROTISSERIE D98cm komplekt mootoriga (lisavarustus COEO tulease\/grillile BRASERO TRIO) R\u00f6stimisvarras v\u00f5imaldab teil oma TRIO peal k\u00fcpsetustasemeid kombineerida. N\u00fc\u00fcd on v\u00f5imalik k\u00fcpsetada suuri t\u00fckke liha, k\u00f6\u00f6givilju v\u00f5i lasta otse tule kohal potis toitu haududa. R\u00f6stimisvarras on varustatud mootoriga (patareitoitel), mis teeb kasutuskogemuse lihtsaks ja meeldivaks. See v\u00f5ib toetada kuni 15kg, et saaksite t\u00e4ielikult \u00e4ra kasutada k\u00fcpsetusv\u00f5imalusi, mida see vardas pakub. See on saadaval brasero mudelitele, mille plancha v\u00e4lisl\u00e4bim\u00f5\u00f5t on 82 ja 98 cm. COEO r\u00f6stimisvarras:   Toidukontaktis kasutatav roostevaba teras  Bakeliidist k\u00e4epide  Toetab 15kg varda \/ mootori kohta  V\u00f5imalus kasutada lisatarvikuid \/ raudpotte \u00fclemisel stabiliseerival ribal (20kg)  5 k\u00fcpsetustaset v\u00f5i 3 mootorit samaaegselt  Tugeva p\u00f6\u00f6rdemomendiga patareitoitel mootor  V\u00f5imalik kasutada koos grillrestiga  COEO tuleasemete ja tuleaseme tarvikute kataloogi saab n\u00e4ha siit\" \/>\n<meta property=\"og:url\" content=\"https:\/\/bbqentertainment.com\/toode\/rotisserie-d98cm-komplekt-mootoriga-lisavarustus-coeo-tulease-grillile-brasero-trio\/\" \/>\n<meta property=\"og:site_name\" content=\"BBQ Entertainment\" \/>\n<meta property=\"article:publisher\" content=\"https:\/\/www.facebook.com\/BBQ-Entertainment-N-Catering-2437913376443540\" \/>\n<meta property=\"article:modified_time\" content=\"2025-07-25T10:45:56+00:00\" \/>\n<meta property=\"og:image\" content=\"https:\/\/bbqentertainment.com\/wp-content\/uploads\/2024\/02\/BBQ-Entertainment-ROTISSERIE-D98cm-komplekt-mootoriga-4.jpg\" \/>\n\t<meta property=\"og:image:width\" content=\"744\" \/>\n\t<meta property=\"og:image:height\" content=\"744\" \/>\n\t<meta property=\"og:image:type\" content=\"image\/jpeg\" \/>\n<meta name=\"twitter:card\" content=\"summary_large_image\" \/>\n<meta name=\"twitter:label1\" content=\"Est. reading time\" \/>\n\t<meta name=\"twitter:data1\" content=\"1 minute\" \/>\n<script type=\"application\/ld+json\" class=\"yoast-schema-graph\">{\"@context\":\"https:\\\/\\\/schema.org\",\"@graph\":[{\"@type\":[\"WebPage\",\"ItemPage\"],\"@id\":\"https:\\\/\\\/bbqentertainment.com\\\/toode\\\/rotisserie-d98cm-komplekt-mootoriga-lisavarustus-coeo-tulease-grillile-brasero-trio\\\/\",\"url\":\"https:\\\/\\\/bbqentertainment.com\\\/toode\\\/rotisserie-d98cm-komplekt-mootoriga-lisavarustus-coeo-tulease-grillile-brasero-trio\\\/\",\"name\":\"ROTISSERIE D98cm komplekt mootoriga (lisavarustus COEO tulease\\\/grillile BRASERO TRIO) - BBQ Entertainment\",\"isPartOf\":{\"@id\":\"https:\\\/\\\/bbqentertainment.com\\\/#website\"},\"primaryImageOfPage\":{\"@id\":\"https:\\\/\\\/bbqentertainment.com\\\/toode\\\/rotisserie-d98cm-komplekt-mootoriga-lisavarustus-coeo-tulease-grillile-brasero-trio\\\/#primaryimage\"},\"image\":{\"@id\":\"https:\\\/\\\/bbqentertainment.com\\\/toode\\\/rotisserie-d98cm-komplekt-mootoriga-lisavarustus-coeo-tulease-grillile-brasero-trio\\\/#primaryimage\"},\"thumbnailUrl\":\"https:\\\/\\\/bbqentertainment.com\\\/wp-content\\\/uploads\\\/2024\\\/02\\\/BBQ-Entertainment-ROTISSERIE-D98cm-komplekt-mootoriga-4.jpg\",\"datePublished\":\"2024-02-27T11:28:53+00:00\",\"dateModified\":\"2025-07-25T10:45:56+00:00\",\"breadcrumb\":{\"@id\":\"https:\\\/\\\/bbqentertainment.com\\\/toode\\\/rotisserie-d98cm-komplekt-mootoriga-lisavarustus-coeo-tulease-grillile-brasero-trio\\\/#breadcrumb\"},\"inLanguage\":\"en-US\",\"potentialAction\":[{\"@type\":\"ReadAction\",\"target\":[\"https:\\\/\\\/bbqentertainment.com\\\/toode\\\/rotisserie-d98cm-komplekt-mootoriga-lisavarustus-coeo-tulease-grillile-brasero-trio\\\/\"]}]},{\"@type\":\"ImageObject\",\"inLanguage\":\"en-US\",\"@id\":\"https:\\\/\\\/bbqentertainment.com\\\/toode\\\/rotisserie-d98cm-komplekt-mootoriga-lisavarustus-coeo-tulease-grillile-brasero-trio\\\/#primaryimage\",\"url\":\"https:\\\/\\\/bbqentertainment.com\\\/wp-content\\\/uploads\\\/2024\\\/02\\\/BBQ-Entertainment-ROTISSERIE-D98cm-komplekt-mootoriga-4.jpg\",\"contentUrl\":\"https:\\\/\\\/bbqentertainment.com\\\/wp-content\\\/uploads\\\/2024\\\/02\\\/BBQ-Entertainment-ROTISSERIE-D98cm-komplekt-mootoriga-4.jpg\",\"width\":744,\"height\":744},{\"@type\":\"BreadcrumbList\",\"@id\":\"https:\\\/\\\/bbqentertainment.com\\\/toode\\\/rotisserie-d98cm-komplekt-mootoriga-lisavarustus-coeo-tulease-grillile-brasero-trio\\\/#breadcrumb\",\"itemListElement\":[{\"@type\":\"ListItem\",\"position\":1,\"name\":\"AVALEHT\",\"item\":\"https:\\\/\\\/bbqentertainment.com\\\/en\\\/\"},{\"@type\":\"ListItem\",\"position\":2,\"name\":\"Tooted\",\"item\":\"https:\\\/\\\/bbqentertainment.com\\\/tooted\\\/\"},{\"@type\":\"ListItem\",\"position\":3,\"name\":\"Grillid ja ahjud\",\"item\":\"https:\\\/\\\/bbqentertainment.com\\\/tootekategooria\\\/grillid-ja-ahjud\\\/\"},{\"@type\":\"ListItem\",\"position\":4,\"name\":\"COEO grillid, tuleasemed ja tarvikud\",\"item\":\"https:\\\/\\\/bbqentertainment.com\\\/tootekategooria\\\/grillid-ja-ahjud\\\/coeo-grillid-tuleasemed-ja-tarvikud\\\/\"},{\"@type\":\"ListItem\",\"position\":5,\"name\":\"ROTISSERIE D98cm komplekt mootoriga (lisavarustus COEO tulease\\\/grillile BRASERO TRIO)\"}]},{\"@type\":\"WebSite\",\"@id\":\"https:\\\/\\\/bbqentertainment.com\\\/#website\",\"url\":\"https:\\\/\\\/bbqentertainment.com\\\/\",\"name\":\"BBQ Entertainment\",\"description\":\"BBQ is a great lifestyle, not just fun!\",\"publisher\":{\"@id\":\"https:\\\/\\\/bbqentertainment.com\\\/#organization\"},\"potentialAction\":[{\"@type\":\"SearchAction\",\"target\":{\"@type\":\"EntryPoint\",\"urlTemplate\":\"https:\\\/\\\/bbqentertainment.com\\\/?s={search_term_string}\"},\"query-input\":{\"@type\":\"PropertyValueSpecification\",\"valueRequired\":true,\"valueName\":\"search_term_string\"}}],\"inLanguage\":\"en-US\"},{\"@type\":\"Organization\",\"@id\":\"https:\\\/\\\/bbqentertainment.com\\\/#organization\",\"name\":\"BBQ Entertainment O\u00dc\",\"url\":\"https:\\\/\\\/bbqentertainment.com\\\/\",\"logo\":{\"@type\":\"ImageObject\",\"inLanguage\":\"en-US\",\"@id\":\"https:\\\/\\\/bbqentertainment.com\\\/#\\\/schema\\\/logo\\\/image\\\/\",\"url\":\"https:\\\/\\\/bbqentertainment.com\\\/wp-content\\\/uploads\\\/2020\\\/04\\\/BBQ-Entertainment-N-Catering-Enn-Tobreluts-Logo.png\",\"contentUrl\":\"https:\\\/\\\/bbqentertainment.com\\\/wp-content\\\/uploads\\\/2020\\\/04\\\/BBQ-Entertainment-N-Catering-Enn-Tobreluts-Logo.png\",\"width\":628,\"height\":266,\"caption\":\"BBQ Entertainment O\u00dc\"},\"image\":{\"@id\":\"https:\\\/\\\/bbqentertainment.com\\\/#\\\/schema\\\/logo\\\/image\\\/\"},\"sameAs\":[\"https:\\\/\\\/www.facebook.com\\\/BBQ-Entertainment-N-Catering-2437913376443540\",\"https:\\\/\\\/www.instagram.com\\\/bbqentertainmentncatering\\\/\",\"https:\\\/\\\/www.youtube.com\\\/channel\\\/UCmpuANQVhLy2Md8nrenp2jA\"]}]}<\/script>\n<!-- \/ Yoast SEO plugin. -->","yoast_head_json":{"title":"ROTISSERIE D98cm komplekt mootoriga (lisavarustus COEO tulease\/grillile BRASERO TRIO) - BBQ Entertainment","robots":{"index":"index","follow":"follow","max-snippet":"max-snippet:-1","max-image-preview":"max-image-preview:large","max-video-preview":"max-video-preview:-1"},"canonical":"https:\/\/bbqentertainment.com\/toode\/rotisserie-d98cm-komplekt-mootoriga-lisavarustus-coeo-tulease-grillile-brasero-trio\/","og_locale":"en_US","og_type":"article","og_title":"ROTISSERIE D98cm komplekt mootoriga (lisavarustus COEO tulease\/grillile BRASERO TRIO) - BBQ Entertainment","og_description":"ROTISSERIE D98cm komplekt mootoriga (lisavarustus COEO tulease\/grillile BRASERO TRIO) R\u00f6stimisvarras v\u00f5imaldab teil oma TRIO peal k\u00fcpsetustasemeid kombineerida. N\u00fc\u00fcd on v\u00f5imalik k\u00fcpsetada suuri t\u00fckke liha, k\u00f6\u00f6givilju v\u00f5i lasta otse tule kohal potis toitu haududa. R\u00f6stimisvarras on varustatud mootoriga (patareitoitel), mis teeb kasutuskogemuse lihtsaks ja meeldivaks. See v\u00f5ib toetada kuni 15kg, et saaksite t\u00e4ielikult \u00e4ra kasutada k\u00fcpsetusv\u00f5imalusi, mida see vardas pakub. See on saadaval brasero mudelitele, mille plancha v\u00e4lisl\u00e4bim\u00f5\u00f5t on 82 ja 98 cm. COEO r\u00f6stimisvarras:   Toidukontaktis kasutatav roostevaba teras  Bakeliidist k\u00e4epide  Toetab 15kg varda \/ mootori kohta  V\u00f5imalus kasutada lisatarvikuid \/ raudpotte \u00fclemisel stabiliseerival ribal (20kg)  5 k\u00fcpsetustaset v\u00f5i 3 mootorit samaaegselt  Tugeva p\u00f6\u00f6rdemomendiga patareitoitel mootor  V\u00f5imalik kasutada koos grillrestiga  COEO tuleasemete ja tuleaseme tarvikute kataloogi saab n\u00e4ha siit","og_url":"https:\/\/bbqentertainment.com\/toode\/rotisserie-d98cm-komplekt-mootoriga-lisavarustus-coeo-tulease-grillile-brasero-trio\/","og_site_name":"BBQ Entertainment","article_publisher":"https:\/\/www.facebook.com\/BBQ-Entertainment-N-Catering-2437913376443540","article_modified_time":"2025-07-25T10:45:56+00:00","og_image":[{"width":744,"height":744,"url":"https:\/\/bbqentertainment.com\/wp-content\/uploads\/2024\/02\/BBQ-Entertainment-ROTISSERIE-D98cm-komplekt-mootoriga-4.jpg","type":"image\/jpeg"}],"twitter_card":"summary_large_image","twitter_misc":{"Est. reading time":"1 minute"},"schema":{"@context":"https:\/\/schema.org","@graph":[{"@type":["WebPage","ItemPage"],"@id":"https:\/\/bbqentertainment.com\/toode\/rotisserie-d98cm-komplekt-mootoriga-lisavarustus-coeo-tulease-grillile-brasero-trio\/","url":"https:\/\/bbqentertainment.com\/toode\/rotisserie-d98cm-komplekt-mootoriga-lisavarustus-coeo-tulease-grillile-brasero-trio\/","name":"ROTISSERIE D98cm komplekt mootoriga (lisavarustus COEO tulease\/grillile BRASERO TRIO) - BBQ Entertainment","isPartOf":{"@id":"https:\/\/bbqentertainment.com\/#website"},"primaryImageOfPage":{"@id":"https:\/\/bbqentertainment.com\/toode\/rotisserie-d98cm-komplekt-mootoriga-lisavarustus-coeo-tulease-grillile-brasero-trio\/#primaryimage"},"image":{"@id":"https:\/\/bbqentertainment.com\/toode\/rotisserie-d98cm-komplekt-mootoriga-lisavarustus-coeo-tulease-grillile-brasero-trio\/#primaryimage"},"thumbnailUrl":"https:\/\/bbqentertainment.com\/wp-content\/uploads\/2024\/02\/BBQ-Entertainment-ROTISSERIE-D98cm-komplekt-mootoriga-4.jpg","datePublished":"2024-02-27T11:28:53+00:00","dateModified":"2025-07-25T10:45:56+00:00","breadcrumb":{"@id":"https:\/\/bbqentertainment.com\/toode\/rotisserie-d98cm-komplekt-mootoriga-lisavarustus-coeo-tulease-grillile-brasero-trio\/#breadcrumb"},"inLanguage":"en-US","potentialAction":[{"@type":"ReadAction","target":["https:\/\/bbqentertainment.com\/toode\/rotisserie-d98cm-komplekt-mootoriga-lisavarustus-coeo-tulease-grillile-brasero-trio\/"]}]},{"@type":"ImageObject","inLanguage":"en-US","@id":"https:\/\/bbqentertainment.com\/toode\/rotisserie-d98cm-komplekt-mootoriga-lisavarustus-coeo-tulease-grillile-brasero-trio\/#primaryimage","url":"https:\/\/bbqentertainment.com\/wp-content\/uploads\/2024\/02\/BBQ-Entertainment-ROTISSERIE-D98cm-komplekt-mootoriga-4.jpg","contentUrl":"https:\/\/bbqentertainment.com\/wp-content\/uploads\/2024\/02\/BBQ-Entertainment-ROTISSERIE-D98cm-komplekt-mootoriga-4.jpg","width":744,"height":744},{"@type":"BreadcrumbList","@id":"https:\/\/bbqentertainment.com\/toode\/rotisserie-d98cm-komplekt-mootoriga-lisavarustus-coeo-tulease-grillile-brasero-trio\/#breadcrumb","itemListElement":[{"@type":"ListItem","position":1,"name":"AVALEHT","item":"https:\/\/bbqentertainment.com\/en\/"},{"@type":"ListItem","position":2,"name":"Tooted","item":"https:\/\/bbqentertainment.com\/tooted\/"},{"@type":"ListItem","position":3,"name":"Grillid ja ahjud","item":"https:\/\/bbqentertainment.com\/tootekategooria\/grillid-ja-ahjud\/"},{"@type":"ListItem","position":4,"name":"COEO grillid, tuleasemed ja tarvikud","item":"https:\/\/bbqentertainment.com\/tootekategooria\/grillid-ja-ahjud\/coeo-grillid-tuleasemed-ja-tarvikud\/"},{"@type":"ListItem","position":5,"name":"ROTISSERIE D98cm komplekt mootoriga (lisavarustus COEO tulease\/grillile BRASERO TRIO)"}]},{"@type":"WebSite","@id":"https:\/\/bbqentertainment.com\/#website","url":"https:\/\/bbqentertainment.com\/","name":"BBQ Entertainment","description":"BBQ is a great lifestyle, not just fun!","publisher":{"@id":"https:\/\/bbqentertainment.com\/#organization"},"potentialAction":[{"@type":"SearchAction","target":{"@type":"EntryPoint","urlTemplate":"https:\/\/bbqentertainment.com\/?s={search_term_string}"},"query-input":{"@type":"PropertyValueSpecification","valueRequired":true,"valueName":"search_term_string"}}],"inLanguage":"en-US"},{"@type":"Organization","@id":"https:\/\/bbqentertainment.com\/#organization","name":"BBQ Entertainment O\u00dc","url":"https:\/\/bbqentertainment.com\/","logo":{"@type":"ImageObject","inLanguage":"en-US","@id":"https:\/\/bbqentertainment.com\/#\/schema\/logo\/image\/","url":"https:\/\/bbqentertainment.com\/wp-content\/uploads\/2020\/04\/BBQ-Entertainment-N-Catering-Enn-Tobreluts-Logo.png","contentUrl":"https:\/\/bbqentertainment.com\/wp-content\/uploads\/2020\/04\/BBQ-Entertainment-N-Catering-Enn-Tobreluts-Logo.png","width":628,"height":266,"caption":"BBQ Entertainment O\u00dc"},"image":{"@id":"https:\/\/bbqentertainment.com\/#\/schema\/logo\/image\/"},"sameAs":["https:\/\/www.facebook.com\/BBQ-Entertainment-N-Catering-2437913376443540","https:\/\/www.instagram.com\/bbqentertainmentncatering\/","https:\/\/www.youtube.com\/channel\/UCmpuANQVhLy2Md8nrenp2jA"]}]}},"_links":{"self":[{"href":"https:\/\/bbqentertainment.com\/en\/wp-json\/wp\/v2\/product\/245324","targetHints":{"allow":["GET"]}}],"collection":[{"href":"https:\/\/bbqentertainment.com\/en\/wp-json\/wp\/v2\/product"}],"about":[{"href":"https:\/\/bbqentertainment.com\/en\/wp-json\/wp\/v2\/types\/product"}],"wp:featuredmedia":[{"embeddable":true,"href":"https:\/\/bbqentertainment.com\/en\/wp-json\/wp\/v2\/media\/245325"}],"wp:attachment":[{"href":"https:\/\/bbqentertainment.com\/en\/wp-json\/wp\/v2\/media?parent=245324"}],"wp:term":[{"taxonomy":"product_brand","embeddable":true,"href":"https:\/\/bbqentertainment.com\/en\/wp-json\/wp\/v2\/product_brand?post=245324"},{"taxonomy":"product_cat","embeddable":true,"href":"https:\/\/bbqentertainment.com\/en\/wp-json\/wp\/v2\/product_cat?post=245324"},{"taxonomy":"product_tag","embeddable":true,"href":"https:\/\/bbqentertainment.com\/en\/wp-json\/wp\/v2\/product_tag?post=245324"}],"curies":[{"name":"wp","href":"https:\/\/api.w.org\/{rel}","templated":true}]}}