{"id":245398,"date":"2024-03-02T12:01:35","date_gmt":"2024-03-02T10:01:35","guid":{"rendered":"https:\/\/bbqentertainment.com\/?post_type=product&#038;p=245398"},"modified":"2026-03-22T15:57:08","modified_gmt":"2026-03-22T13:57:08","slug":"chargriller-akorn-junior-kamado-soegrill-14-must","status":"publish","type":"product","link":"https:\/\/bbqentertainment.com\/en\/toode\/chargriller-akorn-junior-kamado-soegrill-14-must\/","title":{"rendered":"Char-Griller AKORN\u00ae JUNIOR Kamado s\u00f6egrill 14&#8221; (must)"},"content":{"rendered":"","protected":false},"excerpt":{"rendered":"<h3><span style=\"color: #000000;\"><strong>Char-Griller AKORN\u00ae JUNIOR Kamado s\u00f6egrill 14&#8221; (must)<\/strong><\/span><\/h3>\n<ul>\n<li><span style=\"color: #000000;\">Grillresti l\u00e4bim\u00f5\u00f5t 14\u201d (35,6 cm)<\/span><\/li>\n<li><span style=\"color: #000000;\">Middleby Outdoor&#8217;ile kuuluv kabam\u00e4rk Char-Griller, kuhu gruppi kuuluvad ka Kamado Joe ja Masterbuilt.<\/span><\/li>\n<li><span style=\"color: #000000;\">AKORN\u00ae JUNIOR Kamado t\u00fc\u00fcpi s\u00f6egrill <\/span>pakub h\u00f5lpsat liikuvust ja sobib suurep\u00e4raselt ringi s\u00f5itmiseks, telkimiseks, piknikuks pargis jne.<\/li>\n<li><span style=\"color: #000000;\">V\u00e4ga hea hinna ja kvaliteedi suhtega Kamado t\u00fc\u00fcpi grill. Super soodne hind ja k\u00f5rge kvaliteet!<\/span><\/li>\n<li><span style=\"color: #000000;\">Sobib nii k\u00f5rgel kui ka madalal kuumusel grillimiseks.<\/span><\/li>\n<li><span style=\"color: #000000;\">Tugev teraskonstruktsioon k\u00fctuses\u00e4\u00e4stliku kolmeseinalise isolatsiooniga<\/span><\/li>\n<li><span style=\"color: #000000;\">Kerge, h\u00f5lpsasti man\u00f6\u00f6verdatav, vastupidav ja loodud kestma!<\/span><\/li>\n<li><span style=\"color: #000000;\">Autentne malmist grillrest ja Easy Dump\u2122 tuhapann (v\u00e4ga lihtsasti eemaldatav)<\/span><\/li>\n<li><span style=\"color: #000000;\">K\u00fcpsetuspind: <\/span><span style=\"color: #000000;\">155 ruuttolli (1000 cm2)<\/span><\/li>\n<\/ul>\n","protected":false},"featured_media":245399,"template":"","meta":{"inline_featured_image":false},"product_brand":[],"product_cat":[17,19,238],"product_tag":[],"class_list":{"0":"post-245398","1":"product","2":"type-product","3":"status-publish","4":"has-post-thumbnail","6":"product_cat-grillid-ja-ahjud","7":"product_cat-masterbuilt-ahjud","8":"product_cat-muud-grillid-ja-ahjud","9":"product_shipping_class-ainult-ise-jarele-tulemisega","11":"first","12":"instock","13":"sale","14":"taxable","15":"shipping-taxable","16":"purchasable","17":"product-type-simple"},"yoast_head":"<!-- This site is optimized with the Yoast SEO plugin v27.2 - https:\/\/yoast.com\/product\/yoast-seo-wordpress\/ -->\n<title>Char-Griller AKORN\u00ae JUNIOR Kamado s\u00f6egrill 14&#039;&#039; (must) - BBQ Entertainment<\/title>\n<meta name=\"robots\" content=\"index, follow, max-snippet:-1, max-image-preview:large, max-video-preview:-1\" \/>\n<link rel=\"canonical\" href=\"https:\/\/bbqentertainment.com\/toode\/chargriller-akorn-junior-kamado-soegrill-14-must\/\" \/>\n<meta property=\"og:locale\" content=\"en_US\" \/>\n<meta property=\"og:type\" content=\"article\" \/>\n<meta property=\"og:title\" content=\"Char-Griller AKORN\u00ae JUNIOR Kamado s\u00f6egrill 14&#039;&#039; (must) - BBQ Entertainment\" \/>\n<meta property=\"og:description\" content=\"Char-Griller AKORN\u00ae JUNIOR Kamado s\u00f6egrill 14&#039;&#039; (must)   Grillresti l\u00e4bim\u00f5\u00f5t 14\u201d (35,6 cm)  Middleby Outdoor&#039;ile kuuluv kabam\u00e4rk Char-Griller, kuhu gruppi kuuluvad ka Kamado Joe ja Masterbuilt.  AKORN\u00ae JUNIOR Kamado t\u00fc\u00fcpi s\u00f6egrill pakub h\u00f5lpsat liikuvust ja sobib suurep\u00e4raselt ringi s\u00f5itmiseks, telkimiseks, piknikuks pargis jne.  V\u00e4ga hea hinna ja kvaliteedi suhtega Kamado t\u00fc\u00fcpi grill. Super soodne hind ja k\u00f5rge kvaliteet!  Sobib nii k\u00f5rgel kui ka madalal kuumusel grillimiseks.  Tugev teraskonstruktsioon k\u00fctuses\u00e4\u00e4stliku kolmeseinalise isolatsiooniga  Kerge, h\u00f5lpsasti man\u00f6\u00f6verdatav, vastupidav ja loodud kestma!  Autentne malmist grillrest ja Easy Dump\u2122 tuhapann (v\u00e4ga lihtsasti eemaldatav)  K\u00fcpsetuspind: 155 ruuttolli (1000 cm2)\" \/>\n<meta property=\"og:url\" content=\"https:\/\/bbqentertainment.com\/toode\/chargriller-akorn-junior-kamado-soegrill-14-must\/\" \/>\n<meta property=\"og:site_name\" content=\"BBQ Entertainment\" \/>\n<meta property=\"article:publisher\" content=\"https:\/\/www.facebook.com\/BBQ-Entertainment-N-Catering-2437913376443540\" \/>\n<meta property=\"article:modified_time\" content=\"2026-03-22T13:57:08+00:00\" \/>\n<meta property=\"og:image\" content=\"https:\/\/bbqentertainment.com\/wp-content\/uploads\/2024\/03\/CharGriller-AKORN\u00ae-JUNIOR-Kamado-soegrill-14-must.jpg\" \/>\n\t<meta property=\"og:image:width\" content=\"1200\" \/>\n\t<meta property=\"og:image:height\" content=\"1200\" \/>\n\t<meta property=\"og:image:type\" content=\"image\/jpeg\" \/>\n<meta name=\"twitter:card\" content=\"summary_large_image\" \/>\n<meta name=\"twitter:label1\" content=\"Est. reading time\" \/>\n\t<meta name=\"twitter:data1\" content=\"1 minute\" \/>\n<script type=\"application\/ld+json\" class=\"yoast-schema-graph\">{\"@context\":\"https:\/\/schema.org\",\"@graph\":[{\"@type\":[\"WebPage\",\"ItemPage\"],\"@id\":\"https:\/\/bbqentertainment.com\/toode\/chargriller-akorn-junior-kamado-soegrill-14-must\/\",\"url\":\"https:\/\/bbqentertainment.com\/toode\/chargriller-akorn-junior-kamado-soegrill-14-must\/\",\"name\":\"Char-Griller AKORN\u00ae JUNIOR Kamado s\u00f6egrill 14'' (must) - BBQ Entertainment\",\"isPartOf\":{\"@id\":\"https:\/\/bbqentertainment.com\/#website\"},\"primaryImageOfPage\":{\"@id\":\"https:\/\/bbqentertainment.com\/toode\/chargriller-akorn-junior-kamado-soegrill-14-must\/#primaryimage\"},\"image\":{\"@id\":\"https:\/\/bbqentertainment.com\/toode\/chargriller-akorn-junior-kamado-soegrill-14-must\/#primaryimage\"},\"thumbnailUrl\":\"https:\/\/bbqentertainment.com\/wp-content\/uploads\/2024\/03\/CharGriller-AKORN\u00ae-JUNIOR-Kamado-soegrill-14-must.jpg\",\"datePublished\":\"2024-03-02T10:01:35+00:00\",\"dateModified\":\"2026-03-22T13:57:08+00:00\",\"breadcrumb\":{\"@id\":\"https:\/\/bbqentertainment.com\/toode\/chargriller-akorn-junior-kamado-soegrill-14-must\/#breadcrumb\"},\"inLanguage\":\"en-US\",\"potentialAction\":[{\"@type\":\"ReadAction\",\"target\":[\"https:\/\/bbqentertainment.com\/toode\/chargriller-akorn-junior-kamado-soegrill-14-must\/\"]}]},{\"@type\":\"ImageObject\",\"inLanguage\":\"en-US\",\"@id\":\"https:\/\/bbqentertainment.com\/toode\/chargriller-akorn-junior-kamado-soegrill-14-must\/#primaryimage\",\"url\":\"https:\/\/bbqentertainment.com\/wp-content\/uploads\/2024\/03\/CharGriller-AKORN\u00ae-JUNIOR-Kamado-soegrill-14-must.jpg\",\"contentUrl\":\"https:\/\/bbqentertainment.com\/wp-content\/uploads\/2024\/03\/CharGriller-AKORN\u00ae-JUNIOR-Kamado-soegrill-14-must.jpg\",\"width\":1200,\"height\":1200},{\"@type\":\"BreadcrumbList\",\"@id\":\"https:\/\/bbqentertainment.com\/toode\/chargriller-akorn-junior-kamado-soegrill-14-must\/#breadcrumb\",\"itemListElement\":[{\"@type\":\"ListItem\",\"position\":1,\"name\":\"AVALEHT\",\"item\":\"https:\/\/bbqentertainment.com\/en\/\"},{\"@type\":\"ListItem\",\"position\":2,\"name\":\"Tooted\",\"item\":\"https:\/\/bbqentertainment.com\/tooted\/\"},{\"@type\":\"ListItem\",\"position\":3,\"name\":\"Grillid ja ahjud\",\"item\":\"https:\/\/bbqentertainment.com\/tootekategooria\/grillid-ja-ahjud\/\"},{\"@type\":\"ListItem\",\"position\":4,\"name\":\"Masterbuilt &amp; CharGriller\",\"item\":\"https:\/\/bbqentertainment.com\/tootekategooria\/grillid-ja-ahjud\/masterbuilt-ahjud\/\"},{\"@type\":\"ListItem\",\"position\":5,\"name\":\"Char-Griller AKORN\u00ae JUNIOR Kamado s\u00f6egrill 14&#8221; (must)\"}]},{\"@type\":\"WebSite\",\"@id\":\"https:\/\/bbqentertainment.com\/#website\",\"url\":\"https:\/\/bbqentertainment.com\/\",\"name\":\"BBQ Entertainment\",\"description\":\"BBQ is a great lifestyle, not just fun!\",\"publisher\":{\"@id\":\"https:\/\/bbqentertainment.com\/#organization\"},\"potentialAction\":[{\"@type\":\"SearchAction\",\"target\":{\"@type\":\"EntryPoint\",\"urlTemplate\":\"https:\/\/bbqentertainment.com\/?s={search_term_string}\"},\"query-input\":{\"@type\":\"PropertyValueSpecification\",\"valueRequired\":true,\"valueName\":\"search_term_string\"}}],\"inLanguage\":\"en-US\"},{\"@type\":\"Organization\",\"@id\":\"https:\/\/bbqentertainment.com\/#organization\",\"name\":\"BBQ Entertainment O\u00dc\",\"url\":\"https:\/\/bbqentertainment.com\/\",\"logo\":{\"@type\":\"ImageObject\",\"inLanguage\":\"en-US\",\"@id\":\"https:\/\/bbqentertainment.com\/#\/schema\/logo\/image\/\",\"url\":\"https:\/\/bbqentertainment.com\/wp-content\/uploads\/2020\/04\/BBQ-Entertainment-N-Catering-Enn-Tobreluts-Logo.png\",\"contentUrl\":\"https:\/\/bbqentertainment.com\/wp-content\/uploads\/2020\/04\/BBQ-Entertainment-N-Catering-Enn-Tobreluts-Logo.png\",\"width\":628,\"height\":266,\"caption\":\"BBQ Entertainment O\u00dc\"},\"image\":{\"@id\":\"https:\/\/bbqentertainment.com\/#\/schema\/logo\/image\/\"},\"sameAs\":[\"https:\/\/www.facebook.com\/BBQ-Entertainment-N-Catering-2437913376443540\",\"https:\/\/www.instagram.com\/bbqentertainmentncatering\/\",\"https:\/\/www.youtube.com\/channel\/UCmpuANQVhLy2Md8nrenp2jA\"]}]}<\/script>\n<!-- \/ Yoast SEO plugin. -->","yoast_head_json":{"title":"Char-Griller AKORN\u00ae JUNIOR Kamado s\u00f6egrill 14'' (must) - BBQ Entertainment","robots":{"index":"index","follow":"follow","max-snippet":"max-snippet:-1","max-image-preview":"max-image-preview:large","max-video-preview":"max-video-preview:-1"},"canonical":"https:\/\/bbqentertainment.com\/toode\/chargriller-akorn-junior-kamado-soegrill-14-must\/","og_locale":"en_US","og_type":"article","og_title":"Char-Griller AKORN\u00ae JUNIOR Kamado s\u00f6egrill 14'' (must) - BBQ Entertainment","og_description":"Char-Griller AKORN\u00ae JUNIOR Kamado s\u00f6egrill 14'' (must)   Grillresti l\u00e4bim\u00f5\u00f5t 14\u201d (35,6 cm)  Middleby Outdoor'ile kuuluv kabam\u00e4rk Char-Griller, kuhu gruppi kuuluvad ka Kamado Joe ja Masterbuilt.  AKORN\u00ae JUNIOR Kamado t\u00fc\u00fcpi s\u00f6egrill pakub h\u00f5lpsat liikuvust ja sobib suurep\u00e4raselt ringi s\u00f5itmiseks, telkimiseks, piknikuks pargis jne.  V\u00e4ga hea hinna ja kvaliteedi suhtega Kamado t\u00fc\u00fcpi grill. Super soodne hind ja k\u00f5rge kvaliteet!  Sobib nii k\u00f5rgel kui ka madalal kuumusel grillimiseks.  Tugev teraskonstruktsioon k\u00fctuses\u00e4\u00e4stliku kolmeseinalise isolatsiooniga  Kerge, h\u00f5lpsasti man\u00f6\u00f6verdatav, vastupidav ja loodud kestma!  Autentne malmist grillrest ja Easy Dump\u2122 tuhapann (v\u00e4ga lihtsasti eemaldatav)  K\u00fcpsetuspind: 155 ruuttolli (1000 cm2)","og_url":"https:\/\/bbqentertainment.com\/toode\/chargriller-akorn-junior-kamado-soegrill-14-must\/","og_site_name":"BBQ Entertainment","article_publisher":"https:\/\/www.facebook.com\/BBQ-Entertainment-N-Catering-2437913376443540","article_modified_time":"2026-03-22T13:57:08+00:00","og_image":[{"width":1200,"height":1200,"url":"https:\/\/bbqentertainment.com\/wp-content\/uploads\/2024\/03\/CharGriller-AKORN\u00ae-JUNIOR-Kamado-soegrill-14-must.jpg","type":"image\/jpeg"}],"twitter_card":"summary_large_image","twitter_misc":{"Est. reading time":"1 minute"},"schema":{"@context":"https:\/\/schema.org","@graph":[{"@type":["WebPage","ItemPage"],"@id":"https:\/\/bbqentertainment.com\/toode\/chargriller-akorn-junior-kamado-soegrill-14-must\/","url":"https:\/\/bbqentertainment.com\/toode\/chargriller-akorn-junior-kamado-soegrill-14-must\/","name":"Char-Griller AKORN\u00ae JUNIOR Kamado s\u00f6egrill 14'' (must) - BBQ Entertainment","isPartOf":{"@id":"https:\/\/bbqentertainment.com\/#website"},"primaryImageOfPage":{"@id":"https:\/\/bbqentertainment.com\/toode\/chargriller-akorn-junior-kamado-soegrill-14-must\/#primaryimage"},"image":{"@id":"https:\/\/bbqentertainment.com\/toode\/chargriller-akorn-junior-kamado-soegrill-14-must\/#primaryimage"},"thumbnailUrl":"https:\/\/bbqentertainment.com\/wp-content\/uploads\/2024\/03\/CharGriller-AKORN\u00ae-JUNIOR-Kamado-soegrill-14-must.jpg","datePublished":"2024-03-02T10:01:35+00:00","dateModified":"2026-03-22T13:57:08+00:00","breadcrumb":{"@id":"https:\/\/bbqentertainment.com\/toode\/chargriller-akorn-junior-kamado-soegrill-14-must\/#breadcrumb"},"inLanguage":"en-US","potentialAction":[{"@type":"ReadAction","target":["https:\/\/bbqentertainment.com\/toode\/chargriller-akorn-junior-kamado-soegrill-14-must\/"]}]},{"@type":"ImageObject","inLanguage":"en-US","@id":"https:\/\/bbqentertainment.com\/toode\/chargriller-akorn-junior-kamado-soegrill-14-must\/#primaryimage","url":"https:\/\/bbqentertainment.com\/wp-content\/uploads\/2024\/03\/CharGriller-AKORN\u00ae-JUNIOR-Kamado-soegrill-14-must.jpg","contentUrl":"https:\/\/bbqentertainment.com\/wp-content\/uploads\/2024\/03\/CharGriller-AKORN\u00ae-JUNIOR-Kamado-soegrill-14-must.jpg","width":1200,"height":1200},{"@type":"BreadcrumbList","@id":"https:\/\/bbqentertainment.com\/toode\/chargriller-akorn-junior-kamado-soegrill-14-must\/#breadcrumb","itemListElement":[{"@type":"ListItem","position":1,"name":"AVALEHT","item":"https:\/\/bbqentertainment.com\/en\/"},{"@type":"ListItem","position":2,"name":"Tooted","item":"https:\/\/bbqentertainment.com\/tooted\/"},{"@type":"ListItem","position":3,"name":"Grillid ja ahjud","item":"https:\/\/bbqentertainment.com\/tootekategooria\/grillid-ja-ahjud\/"},{"@type":"ListItem","position":4,"name":"Masterbuilt &amp; CharGriller","item":"https:\/\/bbqentertainment.com\/tootekategooria\/grillid-ja-ahjud\/masterbuilt-ahjud\/"},{"@type":"ListItem","position":5,"name":"Char-Griller AKORN\u00ae JUNIOR Kamado s\u00f6egrill 14&#8221; (must)"}]},{"@type":"WebSite","@id":"https:\/\/bbqentertainment.com\/#website","url":"https:\/\/bbqentertainment.com\/","name":"BBQ Entertainment","description":"BBQ is a great lifestyle, not just fun!","publisher":{"@id":"https:\/\/bbqentertainment.com\/#organization"},"potentialAction":[{"@type":"SearchAction","target":{"@type":"EntryPoint","urlTemplate":"https:\/\/bbqentertainment.com\/?s={search_term_string}"},"query-input":{"@type":"PropertyValueSpecification","valueRequired":true,"valueName":"search_term_string"}}],"inLanguage":"en-US"},{"@type":"Organization","@id":"https:\/\/bbqentertainment.com\/#organization","name":"BBQ Entertainment O\u00dc","url":"https:\/\/bbqentertainment.com\/","logo":{"@type":"ImageObject","inLanguage":"en-US","@id":"https:\/\/bbqentertainment.com\/#\/schema\/logo\/image\/","url":"https:\/\/bbqentertainment.com\/wp-content\/uploads\/2020\/04\/BBQ-Entertainment-N-Catering-Enn-Tobreluts-Logo.png","contentUrl":"https:\/\/bbqentertainment.com\/wp-content\/uploads\/2020\/04\/BBQ-Entertainment-N-Catering-Enn-Tobreluts-Logo.png","width":628,"height":266,"caption":"BBQ Entertainment O\u00dc"},"image":{"@id":"https:\/\/bbqentertainment.com\/#\/schema\/logo\/image\/"},"sameAs":["https:\/\/www.facebook.com\/BBQ-Entertainment-N-Catering-2437913376443540","https:\/\/www.instagram.com\/bbqentertainmentncatering\/","https:\/\/www.youtube.com\/channel\/UCmpuANQVhLy2Md8nrenp2jA"]}]}},"_links":{"self":[{"href":"https:\/\/bbqentertainment.com\/en\/wp-json\/wp\/v2\/product\/245398","targetHints":{"allow":["GET"]}}],"collection":[{"href":"https:\/\/bbqentertainment.com\/en\/wp-json\/wp\/v2\/product"}],"about":[{"href":"https:\/\/bbqentertainment.com\/en\/wp-json\/wp\/v2\/types\/product"}],"wp:featuredmedia":[{"embeddable":true,"href":"https:\/\/bbqentertainment.com\/en\/wp-json\/wp\/v2\/media\/245399"}],"wp:attachment":[{"href":"https:\/\/bbqentertainment.com\/en\/wp-json\/wp\/v2\/media?parent=245398"}],"wp:term":[{"taxonomy":"product_brand","embeddable":true,"href":"https:\/\/bbqentertainment.com\/en\/wp-json\/wp\/v2\/product_brand?post=245398"},{"taxonomy":"product_cat","embeddable":true,"href":"https:\/\/bbqentertainment.com\/en\/wp-json\/wp\/v2\/product_cat?post=245398"},{"taxonomy":"product_tag","embeddable":true,"href":"https:\/\/bbqentertainment.com\/en\/wp-json\/wp\/v2\/product_tag?post=245398"}],"curies":[{"name":"wp","href":"https:\/\/api.w.org\/{rel}","templated":true}]}}