{"id":245909,"date":"2024-03-06T14:28:00","date_gmt":"2024-03-06T12:28:00","guid":{"rendered":"https:\/\/bbqentertainment.com\/?post_type=product&#038;p=245909"},"modified":"2025-09-18T15:11:58","modified_gmt":"2025-09-18T12:11:58","slug":"yeti-kulmakast-roadie-24-tan-beez","status":"publish","type":"product","link":"https:\/\/bbqentertainment.com\/en\/toode\/yeti-kulmakast-roadie-24-tan-beez\/","title":{"rendered":"YETI k\u00fclmakast Roadie 24 Tan \/ beez"},"content":{"rendered":"<p>Piisavalt k\u00f5rge, et jahutada enamikku veinipudeleid ja hoida vajalikud asjad v\u00e4rskedi. Teedele loodud ja valmis minema &#8211; Roadie\u00ae 24 jahutuskast pakib rohkem, v\u00f5ttes v\u00e4hem ruumi. See on ehitatud k\u00f5rgeks, et mahutada olulisi veinipudeleid ja piisavalt sale, et mahutada autojuhi v\u00f5i reisija istme taha.<\/p>\n<p>NUTIKAS DISAIN HEFTYHAULER\u2122 K\u00c4EPIDE on loodud lihtsaks vedamiseks ja mugavaks kandmiseks. LIPGRIP\u2122 K\u00c4EPIDEMED on eemal ja teevad kasti kandmise lihtsaks. BEARFOOT\u2122 LIBISEMATUD JALAD takistavad libisemist paadis v\u00f5i tagaistmel. ANCHORPOINT\u2122 SIDUMISSOONED muudavad kinnitamise teie paadi, haagise v\u00f5i veoauto kasti k\u00fclge lihtsaks.<\/p>\n<p>IGAP\u00c4EVASEKS KASUTAMISEKS QUICKLATCH\u2122 &#8211; kiireks, \u00fche k\u00e4ega jahutuskasti avamiseks.<\/p>\n<p>VEINIS\u00d5BRALIK PAKKIMINE &#8211; mahutab (enamik) standardseid veinipudeleid ja kahe liitriseid karastusjookide pudeleid p\u00fcsti.<\/p>\n<p>HOIA K\u00dcLMA PERMAFROST\u2122 ISOLATSIOON &#8211; surveinjekteeritud pol\u00fcuretaan lukustab just pakitud temperatuuri. INTERLOCK\u2122 KAANE S\u00dcSTEEM loob tiheda barj\u00e4\u00e4ri ekstreemsete temperatuuride vastu. COLDLOCK\u2122 TIHEND &#8211; s\u00fcgavk\u00fclmakvaliteediga tihend, mis t\u00f5kestab soojust ja lukustab k\u00fclma. EHITATUD VASTU PIDAMA ROCKSOLID\u2122<\/p>\n<p>TUGEVUS &#8211; peaaegu purunematu kaitse. NEVERFAIL\u2122 HINGEDE S\u00dcSTEEM &#8211; \u00fcksteisega haakuv kahe-tihvti disain, mis hoiab \u00e4ra murdumise.<\/p>\n","protected":false},"excerpt":{"rendered":"<h3><strong>YETI k\u00fclmakast Roadie 24 Tan \/ beez<\/strong><\/h3>\n<p>Piisavalt k\u00f5rge, et jahutada enamikku veinipudeleid ja hoida olulised asjad v\u00e4rsked, samal ajal kui naudite maalilist teekonda.<\/p>\n","protected":false},"featured_media":245910,"template":"","meta":{"inline_featured_image":false},"product_brand":[],"product_cat":[574,178],"product_tag":[],"class_list":{"0":"post-245909","1":"product","2":"type-product","3":"status-publish","4":"has-post-thumbnail","6":"product_cat-yeti-kulmakastid-ja-joogipudelid","7":"product_cat-muud-tooted","9":"first","10":"instock","11":"taxable","12":"shipping-taxable","13":"purchasable","14":"product-type-simple"},"yoast_head":"<!-- This site is optimized with the Yoast SEO plugin v27.4 - https:\/\/yoast.com\/product\/yoast-seo-wordpress\/ -->\n<title>YETI k\u00fclmakast Roadie 24 Tan \/ beez - BBQ Entertainment<\/title>\n<meta name=\"robots\" content=\"index, follow, max-snippet:-1, max-image-preview:large, max-video-preview:-1\" \/>\n<link rel=\"canonical\" href=\"https:\/\/bbqentertainment.com\/toode\/yeti-kulmakast-roadie-24-tan-beez\/\" \/>\n<meta property=\"og:locale\" content=\"en_US\" \/>\n<meta property=\"og:type\" content=\"article\" \/>\n<meta property=\"og:title\" content=\"YETI k\u00fclmakast Roadie 24 Tan \/ beez - BBQ Entertainment\" \/>\n<meta property=\"og:description\" content=\"YETI k\u00fclmakast Roadie 24 Tan \/ beez Piisavalt k\u00f5rge, et jahutada enamikku veinipudeleid ja hoida olulised asjad v\u00e4rsked, samal ajal kui naudite maalilist teekonda.\" \/>\n<meta property=\"og:url\" content=\"https:\/\/bbqentertainment.com\/toode\/yeti-kulmakast-roadie-24-tan-beez\/\" \/>\n<meta property=\"og:site_name\" content=\"BBQ Entertainment\" \/>\n<meta property=\"article:publisher\" content=\"https:\/\/www.facebook.com\/BBQ-Entertainment-N-Catering-2437913376443540\" \/>\n<meta property=\"article:modified_time\" content=\"2025-09-18T12:11:58+00:00\" \/>\n<meta property=\"og:image\" content=\"https:\/\/bbqentertainment.com\/wp-content\/uploads\/2024\/03\/BBQ-Entertainment-YETI-kulmakast-Roadie-24-Tan-beez-5.jpg\" \/>\n\t<meta property=\"og:image:width\" content=\"1445\" \/>\n\t<meta property=\"og:image:height\" content=\"1445\" \/>\n\t<meta property=\"og:image:type\" content=\"image\/jpeg\" \/>\n<meta name=\"twitter:card\" content=\"summary_large_image\" \/>\n<meta name=\"twitter:label1\" content=\"Est. reading time\" \/>\n\t<meta name=\"twitter:data1\" content=\"2 minutes\" \/>\n<script type=\"application\/ld+json\" class=\"yoast-schema-graph\">{\"@context\":\"https:\\\/\\\/schema.org\",\"@graph\":[{\"@type\":[\"WebPage\",\"ItemPage\"],\"@id\":\"https:\\\/\\\/bbqentertainment.com\\\/toode\\\/yeti-kulmakast-roadie-24-tan-beez\\\/\",\"url\":\"https:\\\/\\\/bbqentertainment.com\\\/toode\\\/yeti-kulmakast-roadie-24-tan-beez\\\/\",\"name\":\"YETI k\u00fclmakast Roadie 24 Tan \\\/ beez - BBQ Entertainment\",\"isPartOf\":{\"@id\":\"https:\\\/\\\/bbqentertainment.com\\\/#website\"},\"primaryImageOfPage\":{\"@id\":\"https:\\\/\\\/bbqentertainment.com\\\/toode\\\/yeti-kulmakast-roadie-24-tan-beez\\\/#primaryimage\"},\"image\":{\"@id\":\"https:\\\/\\\/bbqentertainment.com\\\/toode\\\/yeti-kulmakast-roadie-24-tan-beez\\\/#primaryimage\"},\"thumbnailUrl\":\"https:\\\/\\\/bbqentertainment.com\\\/wp-content\\\/uploads\\\/2024\\\/03\\\/BBQ-Entertainment-YETI-kulmakast-Roadie-24-Tan-beez-5.jpg\",\"datePublished\":\"2024-03-06T12:28:00+00:00\",\"dateModified\":\"2025-09-18T12:11:58+00:00\",\"breadcrumb\":{\"@id\":\"https:\\\/\\\/bbqentertainment.com\\\/toode\\\/yeti-kulmakast-roadie-24-tan-beez\\\/#breadcrumb\"},\"inLanguage\":\"en-US\",\"potentialAction\":[{\"@type\":\"ReadAction\",\"target\":[\"https:\\\/\\\/bbqentertainment.com\\\/toode\\\/yeti-kulmakast-roadie-24-tan-beez\\\/\"]}]},{\"@type\":\"ImageObject\",\"inLanguage\":\"en-US\",\"@id\":\"https:\\\/\\\/bbqentertainment.com\\\/toode\\\/yeti-kulmakast-roadie-24-tan-beez\\\/#primaryimage\",\"url\":\"https:\\\/\\\/bbqentertainment.com\\\/wp-content\\\/uploads\\\/2024\\\/03\\\/BBQ-Entertainment-YETI-kulmakast-Roadie-24-Tan-beez-5.jpg\",\"contentUrl\":\"https:\\\/\\\/bbqentertainment.com\\\/wp-content\\\/uploads\\\/2024\\\/03\\\/BBQ-Entertainment-YETI-kulmakast-Roadie-24-Tan-beez-5.jpg\",\"width\":1445,\"height\":1445},{\"@type\":\"BreadcrumbList\",\"@id\":\"https:\\\/\\\/bbqentertainment.com\\\/toode\\\/yeti-kulmakast-roadie-24-tan-beez\\\/#breadcrumb\",\"itemListElement\":[{\"@type\":\"ListItem\",\"position\":1,\"name\":\"AVALEHT\",\"item\":\"https:\\\/\\\/bbqentertainment.com\\\/en\\\/\"},{\"@type\":\"ListItem\",\"position\":2,\"name\":\"Tooted\",\"item\":\"https:\\\/\\\/bbqentertainment.com\\\/tooted\\\/\"},{\"@type\":\"ListItem\",\"position\":3,\"name\":\"Muud tooted\",\"item\":\"https:\\\/\\\/bbqentertainment.com\\\/tootekategooria\\\/muud-tooted\\\/\"},{\"@type\":\"ListItem\",\"position\":4,\"name\":\"YETI k\u00fclmakastid ja joogipudelid\",\"item\":\"https:\\\/\\\/bbqentertainment.com\\\/tootekategooria\\\/muud-tooted\\\/yeti-kulmakastid-ja-joogipudelid\\\/\"},{\"@type\":\"ListItem\",\"position\":5,\"name\":\"YETI k\u00fclmakast Roadie 24 Tan \\\/ beez\"}]},{\"@type\":\"WebSite\",\"@id\":\"https:\\\/\\\/bbqentertainment.com\\\/#website\",\"url\":\"https:\\\/\\\/bbqentertainment.com\\\/\",\"name\":\"BBQ Entertainment\",\"description\":\"BBQ is a great lifestyle, not just fun!\",\"publisher\":{\"@id\":\"https:\\\/\\\/bbqentertainment.com\\\/#organization\"},\"potentialAction\":[{\"@type\":\"SearchAction\",\"target\":{\"@type\":\"EntryPoint\",\"urlTemplate\":\"https:\\\/\\\/bbqentertainment.com\\\/?s={search_term_string}\"},\"query-input\":{\"@type\":\"PropertyValueSpecification\",\"valueRequired\":true,\"valueName\":\"search_term_string\"}}],\"inLanguage\":\"en-US\"},{\"@type\":\"Organization\",\"@id\":\"https:\\\/\\\/bbqentertainment.com\\\/#organization\",\"name\":\"BBQ Entertainment O\u00dc\",\"url\":\"https:\\\/\\\/bbqentertainment.com\\\/\",\"logo\":{\"@type\":\"ImageObject\",\"inLanguage\":\"en-US\",\"@id\":\"https:\\\/\\\/bbqentertainment.com\\\/#\\\/schema\\\/logo\\\/image\\\/\",\"url\":\"https:\\\/\\\/bbqentertainment.com\\\/wp-content\\\/uploads\\\/2020\\\/04\\\/BBQ-Entertainment-N-Catering-Enn-Tobreluts-Logo.png\",\"contentUrl\":\"https:\\\/\\\/bbqentertainment.com\\\/wp-content\\\/uploads\\\/2020\\\/04\\\/BBQ-Entertainment-N-Catering-Enn-Tobreluts-Logo.png\",\"width\":628,\"height\":266,\"caption\":\"BBQ Entertainment O\u00dc\"},\"image\":{\"@id\":\"https:\\\/\\\/bbqentertainment.com\\\/#\\\/schema\\\/logo\\\/image\\\/\"},\"sameAs\":[\"https:\\\/\\\/www.facebook.com\\\/BBQ-Entertainment-N-Catering-2437913376443540\",\"https:\\\/\\\/www.instagram.com\\\/bbqentertainmentncatering\\\/\",\"https:\\\/\\\/www.youtube.com\\\/channel\\\/UCmpuANQVhLy2Md8nrenp2jA\"]}]}<\/script>\n<!-- \/ Yoast SEO plugin. -->","yoast_head_json":{"title":"YETI k\u00fclmakast Roadie 24 Tan \/ beez - BBQ Entertainment","robots":{"index":"index","follow":"follow","max-snippet":"max-snippet:-1","max-image-preview":"max-image-preview:large","max-video-preview":"max-video-preview:-1"},"canonical":"https:\/\/bbqentertainment.com\/toode\/yeti-kulmakast-roadie-24-tan-beez\/","og_locale":"en_US","og_type":"article","og_title":"YETI k\u00fclmakast Roadie 24 Tan \/ beez - BBQ Entertainment","og_description":"YETI k\u00fclmakast Roadie 24 Tan \/ beez Piisavalt k\u00f5rge, et jahutada enamikku veinipudeleid ja hoida olulised asjad v\u00e4rsked, samal ajal kui naudite maalilist teekonda.","og_url":"https:\/\/bbqentertainment.com\/toode\/yeti-kulmakast-roadie-24-tan-beez\/","og_site_name":"BBQ Entertainment","article_publisher":"https:\/\/www.facebook.com\/BBQ-Entertainment-N-Catering-2437913376443540","article_modified_time":"2025-09-18T12:11:58+00:00","og_image":[{"width":1445,"height":1445,"url":"https:\/\/bbqentertainment.com\/wp-content\/uploads\/2024\/03\/BBQ-Entertainment-YETI-kulmakast-Roadie-24-Tan-beez-5.jpg","type":"image\/jpeg"}],"twitter_card":"summary_large_image","twitter_misc":{"Est. reading time":"2 minutes"},"schema":{"@context":"https:\/\/schema.org","@graph":[{"@type":["WebPage","ItemPage"],"@id":"https:\/\/bbqentertainment.com\/toode\/yeti-kulmakast-roadie-24-tan-beez\/","url":"https:\/\/bbqentertainment.com\/toode\/yeti-kulmakast-roadie-24-tan-beez\/","name":"YETI k\u00fclmakast Roadie 24 Tan \/ beez - BBQ Entertainment","isPartOf":{"@id":"https:\/\/bbqentertainment.com\/#website"},"primaryImageOfPage":{"@id":"https:\/\/bbqentertainment.com\/toode\/yeti-kulmakast-roadie-24-tan-beez\/#primaryimage"},"image":{"@id":"https:\/\/bbqentertainment.com\/toode\/yeti-kulmakast-roadie-24-tan-beez\/#primaryimage"},"thumbnailUrl":"https:\/\/bbqentertainment.com\/wp-content\/uploads\/2024\/03\/BBQ-Entertainment-YETI-kulmakast-Roadie-24-Tan-beez-5.jpg","datePublished":"2024-03-06T12:28:00+00:00","dateModified":"2025-09-18T12:11:58+00:00","breadcrumb":{"@id":"https:\/\/bbqentertainment.com\/toode\/yeti-kulmakast-roadie-24-tan-beez\/#breadcrumb"},"inLanguage":"en-US","potentialAction":[{"@type":"ReadAction","target":["https:\/\/bbqentertainment.com\/toode\/yeti-kulmakast-roadie-24-tan-beez\/"]}]},{"@type":"ImageObject","inLanguage":"en-US","@id":"https:\/\/bbqentertainment.com\/toode\/yeti-kulmakast-roadie-24-tan-beez\/#primaryimage","url":"https:\/\/bbqentertainment.com\/wp-content\/uploads\/2024\/03\/BBQ-Entertainment-YETI-kulmakast-Roadie-24-Tan-beez-5.jpg","contentUrl":"https:\/\/bbqentertainment.com\/wp-content\/uploads\/2024\/03\/BBQ-Entertainment-YETI-kulmakast-Roadie-24-Tan-beez-5.jpg","width":1445,"height":1445},{"@type":"BreadcrumbList","@id":"https:\/\/bbqentertainment.com\/toode\/yeti-kulmakast-roadie-24-tan-beez\/#breadcrumb","itemListElement":[{"@type":"ListItem","position":1,"name":"AVALEHT","item":"https:\/\/bbqentertainment.com\/en\/"},{"@type":"ListItem","position":2,"name":"Tooted","item":"https:\/\/bbqentertainment.com\/tooted\/"},{"@type":"ListItem","position":3,"name":"Muud tooted","item":"https:\/\/bbqentertainment.com\/tootekategooria\/muud-tooted\/"},{"@type":"ListItem","position":4,"name":"YETI k\u00fclmakastid ja joogipudelid","item":"https:\/\/bbqentertainment.com\/tootekategooria\/muud-tooted\/yeti-kulmakastid-ja-joogipudelid\/"},{"@type":"ListItem","position":5,"name":"YETI k\u00fclmakast Roadie 24 Tan \/ beez"}]},{"@type":"WebSite","@id":"https:\/\/bbqentertainment.com\/#website","url":"https:\/\/bbqentertainment.com\/","name":"BBQ Entertainment","description":"BBQ is a great lifestyle, not just fun!","publisher":{"@id":"https:\/\/bbqentertainment.com\/#organization"},"potentialAction":[{"@type":"SearchAction","target":{"@type":"EntryPoint","urlTemplate":"https:\/\/bbqentertainment.com\/?s={search_term_string}"},"query-input":{"@type":"PropertyValueSpecification","valueRequired":true,"valueName":"search_term_string"}}],"inLanguage":"en-US"},{"@type":"Organization","@id":"https:\/\/bbqentertainment.com\/#organization","name":"BBQ Entertainment O\u00dc","url":"https:\/\/bbqentertainment.com\/","logo":{"@type":"ImageObject","inLanguage":"en-US","@id":"https:\/\/bbqentertainment.com\/#\/schema\/logo\/image\/","url":"https:\/\/bbqentertainment.com\/wp-content\/uploads\/2020\/04\/BBQ-Entertainment-N-Catering-Enn-Tobreluts-Logo.png","contentUrl":"https:\/\/bbqentertainment.com\/wp-content\/uploads\/2020\/04\/BBQ-Entertainment-N-Catering-Enn-Tobreluts-Logo.png","width":628,"height":266,"caption":"BBQ Entertainment O\u00dc"},"image":{"@id":"https:\/\/bbqentertainment.com\/#\/schema\/logo\/image\/"},"sameAs":["https:\/\/www.facebook.com\/BBQ-Entertainment-N-Catering-2437913376443540","https:\/\/www.instagram.com\/bbqentertainmentncatering\/","https:\/\/www.youtube.com\/channel\/UCmpuANQVhLy2Md8nrenp2jA"]}]}},"_links":{"self":[{"href":"https:\/\/bbqentertainment.com\/en\/wp-json\/wp\/v2\/product\/245909","targetHints":{"allow":["GET"]}}],"collection":[{"href":"https:\/\/bbqentertainment.com\/en\/wp-json\/wp\/v2\/product"}],"about":[{"href":"https:\/\/bbqentertainment.com\/en\/wp-json\/wp\/v2\/types\/product"}],"wp:featuredmedia":[{"embeddable":true,"href":"https:\/\/bbqentertainment.com\/en\/wp-json\/wp\/v2\/media\/245910"}],"wp:attachment":[{"href":"https:\/\/bbqentertainment.com\/en\/wp-json\/wp\/v2\/media?parent=245909"}],"wp:term":[{"taxonomy":"product_brand","embeddable":true,"href":"https:\/\/bbqentertainment.com\/en\/wp-json\/wp\/v2\/product_brand?post=245909"},{"taxonomy":"product_cat","embeddable":true,"href":"https:\/\/bbqentertainment.com\/en\/wp-json\/wp\/v2\/product_cat?post=245909"},{"taxonomy":"product_tag","embeddable":true,"href":"https:\/\/bbqentertainment.com\/en\/wp-json\/wp\/v2\/product_tag?post=245909"}],"curies":[{"name":"wp","href":"https:\/\/api.w.org\/{rel}","templated":true}]}}