{"id":246005,"date":"2024-03-06T14:56:47","date_gmt":"2024-03-06T12:56:47","guid":{"rendered":"https:\/\/bbqentertainment.com\/?post_type=product&#038;p=246005"},"modified":"2025-09-18T15:26:58","modified_gmt":"2025-09-18T12:26:58","slug":"yeti-ratastega-kulmakast-roadie-60-navy-tumesinine","status":"publish","type":"product","link":"https:\/\/bbqentertainment.com\/en\/toode\/yeti-ratastega-kulmakast-roadie-60-navy-tumesinine\/","title":{"rendered":"YETI ratastega k\u00fclmakast Roadie 60 Navy \/ tumesinine"},"content":{"rendered":"<p>SUUR JAHUTUSKAST, MIS ON LOODUD JOOKIDE ja TOITUDE SH LIHA LIHTSAKS VEERETAMISEKS. Roadie\u00ae 60 ratastega jahutuskast on man\u00f6\u00f6verdatav hiiglane, millel on piisavalt ruumi \u00fcle 50 purgi jaoks ning vastupidavad rattad. Ehitatud sama vastupidavuse ja k\u00fclma hoidmise v\u00f5imega nagu Tundra\u00ae jahutuskast, on see ratastega jahutuskast praktiliselt purunematu, omades v\u00f5imet hoida j\u00e4\u00e4d p\u00e4evade jooksul.<\/p>\n<p>IGAP\u00c4EVASEKS KASUTAMISEKS PERISKOOP\u2122 K\u00c4EPIDE &#8211; tagasit\u00f5mmatav mugavuse huvides ja ehitatud tugevaks eriti raske varustuse jaoks. NEVERFLAT\u2122 RATTAD &#8211; tugev, \u00fches t\u00fckis rehvi konstruktsioon on l\u00f6\u00f6gi- ja torkekindel. LIPGRIP\u2122 K\u00c4EPIDEMED j\u00e4\u00e4vad eemale ja teevad kasti kandmise lihtsaks. BEARFOOT\u2122 LIBISEMATUD JALAD takistavad libisemist paadis v\u00f5i tagaistmel.<\/p>\n<p>EHITATUD VASTU PIDAMA ROCKSOLID\u2122 TUGEVSUS &#8211; relvastatud s\u00fcdameni ja praktiliselt purunematu.<\/p>\n<p>NEVERFAIL\u2122 HINGEDE S\u00dcSTEEM &#8211; \u00fcksteisega haakuv kahe-tihvti disain, mis hoiab \u00e4ra murdumise. ANCHORPOINT\u2122 SIDUMISSOONED muudavad kinnitamise teie paadi, haagise v\u00f5i veoauto kasti k\u00fclge lihtsaks.<\/p>\n<p>HOIA K\u00dcLMA PERMAFROST\u2122 ISOLATSIOON &#8211; surveinjekteeritud pol\u00fcuretaan lukustab just pakitud temperatuuri. INTERLOCK\u2122 KAANE S\u00dcSTEEM loob tiheda barj\u00e4\u00e4ri ekstreemsete temperatuuride vastu. COLDLOCK\u2122 TIHEND &#8211; s\u00fcgavk\u00fclmakvaliteediga tihend, mis t\u00f5kestab soojust ja lukustab k\u00fclma.<\/p>\n<p>NUTIKAS DISAIN QUICKLATCH\u2122 &#8211; paindlik, lihtne ja ehitatud kiireks, \u00fche k\u00e4ega jahutuskasti avamiseks.<\/p>\n<p>VEINIS\u00d5BRALIK PAKKIMINE &#8211; mahutab (enamik) standardseid veinipudeleid ja kahe liitriseid karastusjookide pudeleid p\u00fcsti.<\/p>\n<p>BESTDAM\u2122 \u00c4RAVOOLUKORK &#8211; see lekkekindel t\u00f5ke pakub kiire \u00e4ravoolu mugavust.<\/p>\n","protected":false},"excerpt":{"rendered":"<h3><strong>YETI ratastega k\u00fclmakast Roadie 60 Charcoal \/ tumehall<\/strong><\/h3>\n<p>PermaFrost isolatsioon.<\/p>\n","protected":false},"featured_media":246008,"template":"","meta":{"inline_featured_image":false},"product_brand":[],"product_cat":[574,178],"product_tag":[],"class_list":{"0":"post-246005","1":"product","2":"type-product","3":"status-publish","4":"has-post-thumbnail","6":"product_cat-yeti-kulmakastid-ja-joogipudelid","7":"product_cat-muud-tooted","9":"first","10":"instock","11":"taxable","12":"shipping-taxable","13":"purchasable","14":"product-type-simple"},"yoast_head":"<!-- This site is optimized with the Yoast SEO plugin v27.4 - https:\/\/yoast.com\/product\/yoast-seo-wordpress\/ -->\n<title>YETI ratastega k\u00fclmakast Roadie 60 Navy \/ tumesinine - BBQ Entertainment<\/title>\n<meta name=\"robots\" content=\"index, follow, max-snippet:-1, max-image-preview:large, max-video-preview:-1\" \/>\n<link rel=\"canonical\" href=\"https:\/\/bbqentertainment.com\/toode\/yeti-ratastega-kulmakast-roadie-60-navy-tumesinine\/\" \/>\n<meta property=\"og:locale\" content=\"en_US\" \/>\n<meta property=\"og:type\" content=\"article\" \/>\n<meta property=\"og:title\" content=\"YETI ratastega k\u00fclmakast Roadie 60 Navy \/ tumesinine - BBQ Entertainment\" \/>\n<meta property=\"og:description\" content=\"YETI ratastega k\u00fclmakast Roadie 60 Charcoal \/ tumehall PermaFrost isolatsioon.\" \/>\n<meta property=\"og:url\" content=\"https:\/\/bbqentertainment.com\/toode\/yeti-ratastega-kulmakast-roadie-60-navy-tumesinine\/\" \/>\n<meta property=\"og:site_name\" content=\"BBQ Entertainment\" \/>\n<meta property=\"article:publisher\" content=\"https:\/\/www.facebook.com\/BBQ-Entertainment-N-Catering-2437913376443540\" \/>\n<meta property=\"article:modified_time\" content=\"2025-09-18T12:26:58+00:00\" \/>\n<meta property=\"og:image\" content=\"https:\/\/bbqentertainment.com\/wp-content\/uploads\/2024\/03\/BBQ-Entertainment-YETI-ratastega-kulmakast-Roadie-60tumesinine-2.jpg\" \/>\n\t<meta property=\"og:image:width\" content=\"846\" \/>\n\t<meta property=\"og:image:height\" content=\"846\" \/>\n\t<meta property=\"og:image:type\" content=\"image\/jpeg\" \/>\n<meta name=\"twitter:card\" content=\"summary_large_image\" \/>\n<meta name=\"twitter:label1\" content=\"Est. reading time\" \/>\n\t<meta name=\"twitter:data1\" content=\"2 minutes\" \/>\n<script type=\"application\/ld+json\" class=\"yoast-schema-graph\">{\"@context\":\"https:\\\/\\\/schema.org\",\"@graph\":[{\"@type\":[\"WebPage\",\"ItemPage\"],\"@id\":\"https:\\\/\\\/bbqentertainment.com\\\/toode\\\/yeti-ratastega-kulmakast-roadie-60-navy-tumesinine\\\/\",\"url\":\"https:\\\/\\\/bbqentertainment.com\\\/toode\\\/yeti-ratastega-kulmakast-roadie-60-navy-tumesinine\\\/\",\"name\":\"YETI ratastega k\u00fclmakast Roadie 60 Navy \\\/ tumesinine - BBQ Entertainment\",\"isPartOf\":{\"@id\":\"https:\\\/\\\/bbqentertainment.com\\\/#website\"},\"primaryImageOfPage\":{\"@id\":\"https:\\\/\\\/bbqentertainment.com\\\/toode\\\/yeti-ratastega-kulmakast-roadie-60-navy-tumesinine\\\/#primaryimage\"},\"image\":{\"@id\":\"https:\\\/\\\/bbqentertainment.com\\\/toode\\\/yeti-ratastega-kulmakast-roadie-60-navy-tumesinine\\\/#primaryimage\"},\"thumbnailUrl\":\"https:\\\/\\\/bbqentertainment.com\\\/wp-content\\\/uploads\\\/2024\\\/03\\\/BBQ-Entertainment-YETI-ratastega-kulmakast-Roadie-60tumesinine-2.jpg\",\"datePublished\":\"2024-03-06T12:56:47+00:00\",\"dateModified\":\"2025-09-18T12:26:58+00:00\",\"breadcrumb\":{\"@id\":\"https:\\\/\\\/bbqentertainment.com\\\/toode\\\/yeti-ratastega-kulmakast-roadie-60-navy-tumesinine\\\/#breadcrumb\"},\"inLanguage\":\"en-US\",\"potentialAction\":[{\"@type\":\"ReadAction\",\"target\":[\"https:\\\/\\\/bbqentertainment.com\\\/toode\\\/yeti-ratastega-kulmakast-roadie-60-navy-tumesinine\\\/\"]}]},{\"@type\":\"ImageObject\",\"inLanguage\":\"en-US\",\"@id\":\"https:\\\/\\\/bbqentertainment.com\\\/toode\\\/yeti-ratastega-kulmakast-roadie-60-navy-tumesinine\\\/#primaryimage\",\"url\":\"https:\\\/\\\/bbqentertainment.com\\\/wp-content\\\/uploads\\\/2024\\\/03\\\/BBQ-Entertainment-YETI-ratastega-kulmakast-Roadie-60tumesinine-2.jpg\",\"contentUrl\":\"https:\\\/\\\/bbqentertainment.com\\\/wp-content\\\/uploads\\\/2024\\\/03\\\/BBQ-Entertainment-YETI-ratastega-kulmakast-Roadie-60tumesinine-2.jpg\",\"width\":846,\"height\":846},{\"@type\":\"BreadcrumbList\",\"@id\":\"https:\\\/\\\/bbqentertainment.com\\\/toode\\\/yeti-ratastega-kulmakast-roadie-60-navy-tumesinine\\\/#breadcrumb\",\"itemListElement\":[{\"@type\":\"ListItem\",\"position\":1,\"name\":\"AVALEHT\",\"item\":\"https:\\\/\\\/bbqentertainment.com\\\/en\\\/\"},{\"@type\":\"ListItem\",\"position\":2,\"name\":\"Tooted\",\"item\":\"https:\\\/\\\/bbqentertainment.com\\\/tooted\\\/\"},{\"@type\":\"ListItem\",\"position\":3,\"name\":\"Muud tooted\",\"item\":\"https:\\\/\\\/bbqentertainment.com\\\/tootekategooria\\\/muud-tooted\\\/\"},{\"@type\":\"ListItem\",\"position\":4,\"name\":\"YETI k\u00fclmakastid ja joogipudelid\",\"item\":\"https:\\\/\\\/bbqentertainment.com\\\/tootekategooria\\\/muud-tooted\\\/yeti-kulmakastid-ja-joogipudelid\\\/\"},{\"@type\":\"ListItem\",\"position\":5,\"name\":\"YETI ratastega k\u00fclmakast Roadie 60 Navy \\\/ tumesinine\"}]},{\"@type\":\"WebSite\",\"@id\":\"https:\\\/\\\/bbqentertainment.com\\\/#website\",\"url\":\"https:\\\/\\\/bbqentertainment.com\\\/\",\"name\":\"BBQ Entertainment\",\"description\":\"BBQ is a great lifestyle, not just fun!\",\"publisher\":{\"@id\":\"https:\\\/\\\/bbqentertainment.com\\\/#organization\"},\"potentialAction\":[{\"@type\":\"SearchAction\",\"target\":{\"@type\":\"EntryPoint\",\"urlTemplate\":\"https:\\\/\\\/bbqentertainment.com\\\/?s={search_term_string}\"},\"query-input\":{\"@type\":\"PropertyValueSpecification\",\"valueRequired\":true,\"valueName\":\"search_term_string\"}}],\"inLanguage\":\"en-US\"},{\"@type\":\"Organization\",\"@id\":\"https:\\\/\\\/bbqentertainment.com\\\/#organization\",\"name\":\"BBQ Entertainment O\u00dc\",\"url\":\"https:\\\/\\\/bbqentertainment.com\\\/\",\"logo\":{\"@type\":\"ImageObject\",\"inLanguage\":\"en-US\",\"@id\":\"https:\\\/\\\/bbqentertainment.com\\\/#\\\/schema\\\/logo\\\/image\\\/\",\"url\":\"https:\\\/\\\/bbqentertainment.com\\\/wp-content\\\/uploads\\\/2020\\\/04\\\/BBQ-Entertainment-N-Catering-Enn-Tobreluts-Logo.png\",\"contentUrl\":\"https:\\\/\\\/bbqentertainment.com\\\/wp-content\\\/uploads\\\/2020\\\/04\\\/BBQ-Entertainment-N-Catering-Enn-Tobreluts-Logo.png\",\"width\":628,\"height\":266,\"caption\":\"BBQ Entertainment O\u00dc\"},\"image\":{\"@id\":\"https:\\\/\\\/bbqentertainment.com\\\/#\\\/schema\\\/logo\\\/image\\\/\"},\"sameAs\":[\"https:\\\/\\\/www.facebook.com\\\/BBQ-Entertainment-N-Catering-2437913376443540\",\"https:\\\/\\\/www.instagram.com\\\/bbqentertainmentncatering\\\/\",\"https:\\\/\\\/www.youtube.com\\\/channel\\\/UCmpuANQVhLy2Md8nrenp2jA\"]}]}<\/script>\n<!-- \/ Yoast SEO plugin. -->","yoast_head_json":{"title":"YETI ratastega k\u00fclmakast Roadie 60 Navy \/ tumesinine - BBQ Entertainment","robots":{"index":"index","follow":"follow","max-snippet":"max-snippet:-1","max-image-preview":"max-image-preview:large","max-video-preview":"max-video-preview:-1"},"canonical":"https:\/\/bbqentertainment.com\/toode\/yeti-ratastega-kulmakast-roadie-60-navy-tumesinine\/","og_locale":"en_US","og_type":"article","og_title":"YETI ratastega k\u00fclmakast Roadie 60 Navy \/ tumesinine - BBQ Entertainment","og_description":"YETI ratastega k\u00fclmakast Roadie 60 Charcoal \/ tumehall PermaFrost isolatsioon.","og_url":"https:\/\/bbqentertainment.com\/toode\/yeti-ratastega-kulmakast-roadie-60-navy-tumesinine\/","og_site_name":"BBQ Entertainment","article_publisher":"https:\/\/www.facebook.com\/BBQ-Entertainment-N-Catering-2437913376443540","article_modified_time":"2025-09-18T12:26:58+00:00","og_image":[{"width":846,"height":846,"url":"https:\/\/bbqentertainment.com\/wp-content\/uploads\/2024\/03\/BBQ-Entertainment-YETI-ratastega-kulmakast-Roadie-60tumesinine-2.jpg","type":"image\/jpeg"}],"twitter_card":"summary_large_image","twitter_misc":{"Est. reading time":"2 minutes"},"schema":{"@context":"https:\/\/schema.org","@graph":[{"@type":["WebPage","ItemPage"],"@id":"https:\/\/bbqentertainment.com\/toode\/yeti-ratastega-kulmakast-roadie-60-navy-tumesinine\/","url":"https:\/\/bbqentertainment.com\/toode\/yeti-ratastega-kulmakast-roadie-60-navy-tumesinine\/","name":"YETI ratastega k\u00fclmakast Roadie 60 Navy \/ tumesinine - BBQ Entertainment","isPartOf":{"@id":"https:\/\/bbqentertainment.com\/#website"},"primaryImageOfPage":{"@id":"https:\/\/bbqentertainment.com\/toode\/yeti-ratastega-kulmakast-roadie-60-navy-tumesinine\/#primaryimage"},"image":{"@id":"https:\/\/bbqentertainment.com\/toode\/yeti-ratastega-kulmakast-roadie-60-navy-tumesinine\/#primaryimage"},"thumbnailUrl":"https:\/\/bbqentertainment.com\/wp-content\/uploads\/2024\/03\/BBQ-Entertainment-YETI-ratastega-kulmakast-Roadie-60tumesinine-2.jpg","datePublished":"2024-03-06T12:56:47+00:00","dateModified":"2025-09-18T12:26:58+00:00","breadcrumb":{"@id":"https:\/\/bbqentertainment.com\/toode\/yeti-ratastega-kulmakast-roadie-60-navy-tumesinine\/#breadcrumb"},"inLanguage":"en-US","potentialAction":[{"@type":"ReadAction","target":["https:\/\/bbqentertainment.com\/toode\/yeti-ratastega-kulmakast-roadie-60-navy-tumesinine\/"]}]},{"@type":"ImageObject","inLanguage":"en-US","@id":"https:\/\/bbqentertainment.com\/toode\/yeti-ratastega-kulmakast-roadie-60-navy-tumesinine\/#primaryimage","url":"https:\/\/bbqentertainment.com\/wp-content\/uploads\/2024\/03\/BBQ-Entertainment-YETI-ratastega-kulmakast-Roadie-60tumesinine-2.jpg","contentUrl":"https:\/\/bbqentertainment.com\/wp-content\/uploads\/2024\/03\/BBQ-Entertainment-YETI-ratastega-kulmakast-Roadie-60tumesinine-2.jpg","width":846,"height":846},{"@type":"BreadcrumbList","@id":"https:\/\/bbqentertainment.com\/toode\/yeti-ratastega-kulmakast-roadie-60-navy-tumesinine\/#breadcrumb","itemListElement":[{"@type":"ListItem","position":1,"name":"AVALEHT","item":"https:\/\/bbqentertainment.com\/en\/"},{"@type":"ListItem","position":2,"name":"Tooted","item":"https:\/\/bbqentertainment.com\/tooted\/"},{"@type":"ListItem","position":3,"name":"Muud tooted","item":"https:\/\/bbqentertainment.com\/tootekategooria\/muud-tooted\/"},{"@type":"ListItem","position":4,"name":"YETI k\u00fclmakastid ja joogipudelid","item":"https:\/\/bbqentertainment.com\/tootekategooria\/muud-tooted\/yeti-kulmakastid-ja-joogipudelid\/"},{"@type":"ListItem","position":5,"name":"YETI ratastega k\u00fclmakast Roadie 60 Navy \/ tumesinine"}]},{"@type":"WebSite","@id":"https:\/\/bbqentertainment.com\/#website","url":"https:\/\/bbqentertainment.com\/","name":"BBQ Entertainment","description":"BBQ is a great lifestyle, not just fun!","publisher":{"@id":"https:\/\/bbqentertainment.com\/#organization"},"potentialAction":[{"@type":"SearchAction","target":{"@type":"EntryPoint","urlTemplate":"https:\/\/bbqentertainment.com\/?s={search_term_string}"},"query-input":{"@type":"PropertyValueSpecification","valueRequired":true,"valueName":"search_term_string"}}],"inLanguage":"en-US"},{"@type":"Organization","@id":"https:\/\/bbqentertainment.com\/#organization","name":"BBQ Entertainment O\u00dc","url":"https:\/\/bbqentertainment.com\/","logo":{"@type":"ImageObject","inLanguage":"en-US","@id":"https:\/\/bbqentertainment.com\/#\/schema\/logo\/image\/","url":"https:\/\/bbqentertainment.com\/wp-content\/uploads\/2020\/04\/BBQ-Entertainment-N-Catering-Enn-Tobreluts-Logo.png","contentUrl":"https:\/\/bbqentertainment.com\/wp-content\/uploads\/2020\/04\/BBQ-Entertainment-N-Catering-Enn-Tobreluts-Logo.png","width":628,"height":266,"caption":"BBQ Entertainment O\u00dc"},"image":{"@id":"https:\/\/bbqentertainment.com\/#\/schema\/logo\/image\/"},"sameAs":["https:\/\/www.facebook.com\/BBQ-Entertainment-N-Catering-2437913376443540","https:\/\/www.instagram.com\/bbqentertainmentncatering\/","https:\/\/www.youtube.com\/channel\/UCmpuANQVhLy2Md8nrenp2jA"]}]}},"_links":{"self":[{"href":"https:\/\/bbqentertainment.com\/en\/wp-json\/wp\/v2\/product\/246005","targetHints":{"allow":["GET"]}}],"collection":[{"href":"https:\/\/bbqentertainment.com\/en\/wp-json\/wp\/v2\/product"}],"about":[{"href":"https:\/\/bbqentertainment.com\/en\/wp-json\/wp\/v2\/types\/product"}],"wp:featuredmedia":[{"embeddable":true,"href":"https:\/\/bbqentertainment.com\/en\/wp-json\/wp\/v2\/media\/246008"}],"wp:attachment":[{"href":"https:\/\/bbqentertainment.com\/en\/wp-json\/wp\/v2\/media?parent=246005"}],"wp:term":[{"taxonomy":"product_brand","embeddable":true,"href":"https:\/\/bbqentertainment.com\/en\/wp-json\/wp\/v2\/product_brand?post=246005"},{"taxonomy":"product_cat","embeddable":true,"href":"https:\/\/bbqentertainment.com\/en\/wp-json\/wp\/v2\/product_cat?post=246005"},{"taxonomy":"product_tag","embeddable":true,"href":"https:\/\/bbqentertainment.com\/en\/wp-json\/wp\/v2\/product_tag?post=246005"}],"curies":[{"name":"wp","href":"https:\/\/api.w.org\/{rel}","templated":true}]}}