{"id":246037,"date":"2024-03-06T15:13:57","date_gmt":"2024-03-06T13:13:57","guid":{"rendered":"https:\/\/bbqentertainment.com\/?post_type=product&#038;p=246037"},"modified":"2025-09-18T15:11:58","modified_gmt":"2025-09-18T12:11:58","slug":"yeti-tommitsa-ja-ratastega-kulmakast-tundra-haul-navy-tumesinine","status":"publish","type":"product","link":"https:\/\/bbqentertainment.com\/en\/toode\/yeti-tommitsa-ja-ratastega-kulmakast-tundra-haul-navy-tumesinine\/","title":{"rendered":"YETI t\u00f5mmitsa ja ratastega k\u00fclmakast Tundra Haul Navy \/ tumesinine"},"content":{"rendered":"<p>TUNDRA HAUL\u00ae RATASTEGA JAHUTUSKAST on k\u00f5ige vastupidavam. IGAP\u00c4EVASEKS KASUTAMISEKS NEVERFLAT\u2122 RATTAD. Tugev, \u00fches t\u00fckis rehvi konstruktsioon on l\u00f6\u00f6gi- ja torkekindel. STRONGARM\u2122 K\u00c4EPIDE. Valmistatud vastupidavast keevitatud alumiiniumist k\u00e4epidemega, millel on mugavad haaratsid lihtsaks vedamiseks. LIPGRIP\u2122 K\u00c4EPIDEMED teevad kandmise lihtsaks. ANCHORPOINT\u2122 SIDUMISSOONED muudavad kinnitamise teie paadi, haagise v\u00f5i veoauto kasti k\u00fclge lihtsaks. BEARFOOT\u2122 LIBISEMATUD JALAD takistavad libisemist paadis v\u00f5i tagaistmel.<\/p>\n<p>EHITATUD VASTU PIDAMA ROTOMOLDEERITUD KONSTRUKTSIOON. Peaaegu purunematu kaitse jaoks. T-REX\u2122 KAANE LUKUD &#8211; rasked, patenteeritud ja m\u00f5eldud mitte kunagi katki minema. NEVERFAIL\u00ae HINGEDE S\u00dcSTEEM \u00fcksteisega haakuv kahe-tihvti disain, mis hoiab \u00e4ra murdumise.<\/p>\n<p>KARUKINDEL DISAIN Interagency Grizzly Bear Committee (IGBC) poolt heaks kiidetud, kui kasutatakse extra-pika varrega Master Lock\u00ae tabalukke.<\/p>\n<p>LEGENDAARNE SOORITUS FATWALL\u2122 DISAIN hoiab kuni kolme tolli isolatsiooni. PERMAFROST\u2122 ISOLATSIOON surveinjekteeritud pol\u00fcuretaan lukustab just pakitud temperatuuri. INTERLOCK\u2122 KAANE S\u00dcSTEEM loob tiheda barj\u00e4\u00e4ri ekstreemsete temperatuuride vastu. COLDLOCK\u2122 TIHEND s\u00fcgavk\u00fclmakvaliteediga tihend, mis t\u00f5kestab soojust ja lukustab k\u00fclma. NUTIKAS DISAIN VORTEX\u2122 \u00c4RAVOOLUS\u00dcSTEEM &#8211; lekkekindel, vastupidav ja m\u00f5eldud kiireks ning lihtsaks t\u00fchjendamiseks.<\/p>\n","protected":false},"excerpt":{"rendered":"<h3><strong>YETI t\u00f5mmitsa ja ratastega k\u00fclmakast Tundra Haul Navy tumesinine<\/strong><\/h3>\n<p>Meie esimene YETI\u00ae jahutuskast ratastel &#8211; Tundra\u00ae. K\u00f5va jahutuskasti legendaarsele vastupidavusele ja v\u00f5rdlematule isolatsiooniv\u00f5imele veel \u00fche sammu v\u00f5rra kaugemale viimiseks. Tundra Haul\u00ae ratastega jahutuskast on k\u00f5ige vastupidavam jahutuskast kahe ratta peal.<\/p>\n","protected":false},"featured_media":246040,"template":"","meta":{"inline_featured_image":false},"product_brand":[],"product_cat":[574,178],"product_tag":[],"class_list":{"0":"post-246037","1":"product","2":"type-product","3":"status-publish","4":"has-post-thumbnail","6":"product_cat-yeti-kulmakastid-ja-joogipudelid","7":"product_cat-muud-tooted","9":"first","10":"instock","11":"taxable","12":"shipping-taxable","13":"purchasable","14":"product-type-simple"},"yoast_head":"<!-- This site is optimized with the Yoast SEO plugin v27.4 - https:\/\/yoast.com\/product\/yoast-seo-wordpress\/ -->\n<title>YETI t\u00f5mmitsa ja ratastega k\u00fclmakast Tundra Haul Navy \/ tumesinine - BBQ Entertainment<\/title>\n<meta name=\"robots\" content=\"index, follow, max-snippet:-1, max-image-preview:large, max-video-preview:-1\" \/>\n<link rel=\"canonical\" href=\"https:\/\/bbqentertainment.com\/toode\/yeti-tommitsa-ja-ratastega-kulmakast-tundra-haul-navy-tumesinine\/\" \/>\n<meta property=\"og:locale\" content=\"en_US\" \/>\n<meta property=\"og:type\" content=\"article\" \/>\n<meta property=\"og:title\" content=\"YETI t\u00f5mmitsa ja ratastega k\u00fclmakast Tundra Haul Navy \/ tumesinine - BBQ Entertainment\" \/>\n<meta property=\"og:description\" content=\"YETI t\u00f5mmitsa ja ratastega k\u00fclmakast Tundra Haul Navy tumesinine Meie esimene YETI\u00ae jahutuskast ratastel - Tundra\u00ae. K\u00f5va jahutuskasti legendaarsele vastupidavusele ja v\u00f5rdlematule isolatsiooniv\u00f5imele veel \u00fche sammu v\u00f5rra kaugemale viimiseks. Tundra Haul\u00ae ratastega jahutuskast on k\u00f5ige vastupidavam jahutuskast kahe ratta peal.\" \/>\n<meta property=\"og:url\" content=\"https:\/\/bbqentertainment.com\/toode\/yeti-tommitsa-ja-ratastega-kulmakast-tundra-haul-navy-tumesinine\/\" \/>\n<meta property=\"og:site_name\" content=\"BBQ Entertainment\" \/>\n<meta property=\"article:publisher\" content=\"https:\/\/www.facebook.com\/BBQ-Entertainment-N-Catering-2437913376443540\" \/>\n<meta property=\"article:modified_time\" content=\"2025-09-18T12:11:58+00:00\" \/>\n<meta property=\"og:image\" content=\"https:\/\/bbqentertainment.com\/wp-content\/uploads\/2024\/03\/BBQ-Entertainment-YETI-tommitsa-ja-ratastega-kulmakast-Tundra-Haul-Navy-1.jpg\" \/>\n\t<meta property=\"og:image:width\" content=\"1445\" \/>\n\t<meta property=\"og:image:height\" content=\"1445\" \/>\n\t<meta property=\"og:image:type\" content=\"image\/jpeg\" \/>\n<meta name=\"twitter:card\" content=\"summary_large_image\" \/>\n<meta name=\"twitter:label1\" content=\"Est. reading time\" \/>\n\t<meta name=\"twitter:data1\" content=\"2 minutes\" \/>\n<script type=\"application\/ld+json\" class=\"yoast-schema-graph\">{\"@context\":\"https:\\\/\\\/schema.org\",\"@graph\":[{\"@type\":[\"WebPage\",\"ItemPage\"],\"@id\":\"https:\\\/\\\/bbqentertainment.com\\\/toode\\\/yeti-tommitsa-ja-ratastega-kulmakast-tundra-haul-navy-tumesinine\\\/\",\"url\":\"https:\\\/\\\/bbqentertainment.com\\\/toode\\\/yeti-tommitsa-ja-ratastega-kulmakast-tundra-haul-navy-tumesinine\\\/\",\"name\":\"YETI t\u00f5mmitsa ja ratastega k\u00fclmakast Tundra Haul Navy \\\/ tumesinine - BBQ Entertainment\",\"isPartOf\":{\"@id\":\"https:\\\/\\\/bbqentertainment.com\\\/#website\"},\"primaryImageOfPage\":{\"@id\":\"https:\\\/\\\/bbqentertainment.com\\\/toode\\\/yeti-tommitsa-ja-ratastega-kulmakast-tundra-haul-navy-tumesinine\\\/#primaryimage\"},\"image\":{\"@id\":\"https:\\\/\\\/bbqentertainment.com\\\/toode\\\/yeti-tommitsa-ja-ratastega-kulmakast-tundra-haul-navy-tumesinine\\\/#primaryimage\"},\"thumbnailUrl\":\"https:\\\/\\\/bbqentertainment.com\\\/wp-content\\\/uploads\\\/2024\\\/03\\\/BBQ-Entertainment-YETI-tommitsa-ja-ratastega-kulmakast-Tundra-Haul-Navy-1.jpg\",\"datePublished\":\"2024-03-06T13:13:57+00:00\",\"dateModified\":\"2025-09-18T12:11:58+00:00\",\"breadcrumb\":{\"@id\":\"https:\\\/\\\/bbqentertainment.com\\\/toode\\\/yeti-tommitsa-ja-ratastega-kulmakast-tundra-haul-navy-tumesinine\\\/#breadcrumb\"},\"inLanguage\":\"en-US\",\"potentialAction\":[{\"@type\":\"ReadAction\",\"target\":[\"https:\\\/\\\/bbqentertainment.com\\\/toode\\\/yeti-tommitsa-ja-ratastega-kulmakast-tundra-haul-navy-tumesinine\\\/\"]}]},{\"@type\":\"ImageObject\",\"inLanguage\":\"en-US\",\"@id\":\"https:\\\/\\\/bbqentertainment.com\\\/toode\\\/yeti-tommitsa-ja-ratastega-kulmakast-tundra-haul-navy-tumesinine\\\/#primaryimage\",\"url\":\"https:\\\/\\\/bbqentertainment.com\\\/wp-content\\\/uploads\\\/2024\\\/03\\\/BBQ-Entertainment-YETI-tommitsa-ja-ratastega-kulmakast-Tundra-Haul-Navy-1.jpg\",\"contentUrl\":\"https:\\\/\\\/bbqentertainment.com\\\/wp-content\\\/uploads\\\/2024\\\/03\\\/BBQ-Entertainment-YETI-tommitsa-ja-ratastega-kulmakast-Tundra-Haul-Navy-1.jpg\",\"width\":1445,\"height\":1445},{\"@type\":\"BreadcrumbList\",\"@id\":\"https:\\\/\\\/bbqentertainment.com\\\/toode\\\/yeti-tommitsa-ja-ratastega-kulmakast-tundra-haul-navy-tumesinine\\\/#breadcrumb\",\"itemListElement\":[{\"@type\":\"ListItem\",\"position\":1,\"name\":\"AVALEHT\",\"item\":\"https:\\\/\\\/bbqentertainment.com\\\/en\\\/\"},{\"@type\":\"ListItem\",\"position\":2,\"name\":\"Tooted\",\"item\":\"https:\\\/\\\/bbqentertainment.com\\\/tooted\\\/\"},{\"@type\":\"ListItem\",\"position\":3,\"name\":\"Muud tooted\",\"item\":\"https:\\\/\\\/bbqentertainment.com\\\/tootekategooria\\\/muud-tooted\\\/\"},{\"@type\":\"ListItem\",\"position\":4,\"name\":\"YETI k\u00fclmakastid ja joogipudelid\",\"item\":\"https:\\\/\\\/bbqentertainment.com\\\/tootekategooria\\\/muud-tooted\\\/yeti-kulmakastid-ja-joogipudelid\\\/\"},{\"@type\":\"ListItem\",\"position\":5,\"name\":\"YETI t\u00f5mmitsa ja ratastega k\u00fclmakast Tundra Haul Navy \\\/ tumesinine\"}]},{\"@type\":\"WebSite\",\"@id\":\"https:\\\/\\\/bbqentertainment.com\\\/#website\",\"url\":\"https:\\\/\\\/bbqentertainment.com\\\/\",\"name\":\"BBQ Entertainment\",\"description\":\"BBQ is a great lifestyle, not just fun!\",\"publisher\":{\"@id\":\"https:\\\/\\\/bbqentertainment.com\\\/#organization\"},\"potentialAction\":[{\"@type\":\"SearchAction\",\"target\":{\"@type\":\"EntryPoint\",\"urlTemplate\":\"https:\\\/\\\/bbqentertainment.com\\\/?s={search_term_string}\"},\"query-input\":{\"@type\":\"PropertyValueSpecification\",\"valueRequired\":true,\"valueName\":\"search_term_string\"}}],\"inLanguage\":\"en-US\"},{\"@type\":\"Organization\",\"@id\":\"https:\\\/\\\/bbqentertainment.com\\\/#organization\",\"name\":\"BBQ Entertainment O\u00dc\",\"url\":\"https:\\\/\\\/bbqentertainment.com\\\/\",\"logo\":{\"@type\":\"ImageObject\",\"inLanguage\":\"en-US\",\"@id\":\"https:\\\/\\\/bbqentertainment.com\\\/#\\\/schema\\\/logo\\\/image\\\/\",\"url\":\"https:\\\/\\\/bbqentertainment.com\\\/wp-content\\\/uploads\\\/2020\\\/04\\\/BBQ-Entertainment-N-Catering-Enn-Tobreluts-Logo.png\",\"contentUrl\":\"https:\\\/\\\/bbqentertainment.com\\\/wp-content\\\/uploads\\\/2020\\\/04\\\/BBQ-Entertainment-N-Catering-Enn-Tobreluts-Logo.png\",\"width\":628,\"height\":266,\"caption\":\"BBQ Entertainment O\u00dc\"},\"image\":{\"@id\":\"https:\\\/\\\/bbqentertainment.com\\\/#\\\/schema\\\/logo\\\/image\\\/\"},\"sameAs\":[\"https:\\\/\\\/www.facebook.com\\\/BBQ-Entertainment-N-Catering-2437913376443540\",\"https:\\\/\\\/www.instagram.com\\\/bbqentertainmentncatering\\\/\",\"https:\\\/\\\/www.youtube.com\\\/channel\\\/UCmpuANQVhLy2Md8nrenp2jA\"]}]}<\/script>\n<!-- \/ Yoast SEO plugin. -->","yoast_head_json":{"title":"YETI t\u00f5mmitsa ja ratastega k\u00fclmakast Tundra Haul Navy \/ tumesinine - BBQ Entertainment","robots":{"index":"index","follow":"follow","max-snippet":"max-snippet:-1","max-image-preview":"max-image-preview:large","max-video-preview":"max-video-preview:-1"},"canonical":"https:\/\/bbqentertainment.com\/toode\/yeti-tommitsa-ja-ratastega-kulmakast-tundra-haul-navy-tumesinine\/","og_locale":"en_US","og_type":"article","og_title":"YETI t\u00f5mmitsa ja ratastega k\u00fclmakast Tundra Haul Navy \/ tumesinine - BBQ Entertainment","og_description":"YETI t\u00f5mmitsa ja ratastega k\u00fclmakast Tundra Haul Navy tumesinine Meie esimene YETI\u00ae jahutuskast ratastel - Tundra\u00ae. K\u00f5va jahutuskasti legendaarsele vastupidavusele ja v\u00f5rdlematule isolatsiooniv\u00f5imele veel \u00fche sammu v\u00f5rra kaugemale viimiseks. Tundra Haul\u00ae ratastega jahutuskast on k\u00f5ige vastupidavam jahutuskast kahe ratta peal.","og_url":"https:\/\/bbqentertainment.com\/toode\/yeti-tommitsa-ja-ratastega-kulmakast-tundra-haul-navy-tumesinine\/","og_site_name":"BBQ Entertainment","article_publisher":"https:\/\/www.facebook.com\/BBQ-Entertainment-N-Catering-2437913376443540","article_modified_time":"2025-09-18T12:11:58+00:00","og_image":[{"width":1445,"height":1445,"url":"https:\/\/bbqentertainment.com\/wp-content\/uploads\/2024\/03\/BBQ-Entertainment-YETI-tommitsa-ja-ratastega-kulmakast-Tundra-Haul-Navy-1.jpg","type":"image\/jpeg"}],"twitter_card":"summary_large_image","twitter_misc":{"Est. reading time":"2 minutes"},"schema":{"@context":"https:\/\/schema.org","@graph":[{"@type":["WebPage","ItemPage"],"@id":"https:\/\/bbqentertainment.com\/toode\/yeti-tommitsa-ja-ratastega-kulmakast-tundra-haul-navy-tumesinine\/","url":"https:\/\/bbqentertainment.com\/toode\/yeti-tommitsa-ja-ratastega-kulmakast-tundra-haul-navy-tumesinine\/","name":"YETI t\u00f5mmitsa ja ratastega k\u00fclmakast Tundra Haul Navy \/ tumesinine - BBQ Entertainment","isPartOf":{"@id":"https:\/\/bbqentertainment.com\/#website"},"primaryImageOfPage":{"@id":"https:\/\/bbqentertainment.com\/toode\/yeti-tommitsa-ja-ratastega-kulmakast-tundra-haul-navy-tumesinine\/#primaryimage"},"image":{"@id":"https:\/\/bbqentertainment.com\/toode\/yeti-tommitsa-ja-ratastega-kulmakast-tundra-haul-navy-tumesinine\/#primaryimage"},"thumbnailUrl":"https:\/\/bbqentertainment.com\/wp-content\/uploads\/2024\/03\/BBQ-Entertainment-YETI-tommitsa-ja-ratastega-kulmakast-Tundra-Haul-Navy-1.jpg","datePublished":"2024-03-06T13:13:57+00:00","dateModified":"2025-09-18T12:11:58+00:00","breadcrumb":{"@id":"https:\/\/bbqentertainment.com\/toode\/yeti-tommitsa-ja-ratastega-kulmakast-tundra-haul-navy-tumesinine\/#breadcrumb"},"inLanguage":"en-US","potentialAction":[{"@type":"ReadAction","target":["https:\/\/bbqentertainment.com\/toode\/yeti-tommitsa-ja-ratastega-kulmakast-tundra-haul-navy-tumesinine\/"]}]},{"@type":"ImageObject","inLanguage":"en-US","@id":"https:\/\/bbqentertainment.com\/toode\/yeti-tommitsa-ja-ratastega-kulmakast-tundra-haul-navy-tumesinine\/#primaryimage","url":"https:\/\/bbqentertainment.com\/wp-content\/uploads\/2024\/03\/BBQ-Entertainment-YETI-tommitsa-ja-ratastega-kulmakast-Tundra-Haul-Navy-1.jpg","contentUrl":"https:\/\/bbqentertainment.com\/wp-content\/uploads\/2024\/03\/BBQ-Entertainment-YETI-tommitsa-ja-ratastega-kulmakast-Tundra-Haul-Navy-1.jpg","width":1445,"height":1445},{"@type":"BreadcrumbList","@id":"https:\/\/bbqentertainment.com\/toode\/yeti-tommitsa-ja-ratastega-kulmakast-tundra-haul-navy-tumesinine\/#breadcrumb","itemListElement":[{"@type":"ListItem","position":1,"name":"AVALEHT","item":"https:\/\/bbqentertainment.com\/en\/"},{"@type":"ListItem","position":2,"name":"Tooted","item":"https:\/\/bbqentertainment.com\/tooted\/"},{"@type":"ListItem","position":3,"name":"Muud tooted","item":"https:\/\/bbqentertainment.com\/tootekategooria\/muud-tooted\/"},{"@type":"ListItem","position":4,"name":"YETI k\u00fclmakastid ja joogipudelid","item":"https:\/\/bbqentertainment.com\/tootekategooria\/muud-tooted\/yeti-kulmakastid-ja-joogipudelid\/"},{"@type":"ListItem","position":5,"name":"YETI t\u00f5mmitsa ja ratastega k\u00fclmakast Tundra Haul Navy \/ tumesinine"}]},{"@type":"WebSite","@id":"https:\/\/bbqentertainment.com\/#website","url":"https:\/\/bbqentertainment.com\/","name":"BBQ Entertainment","description":"BBQ is a great lifestyle, not just fun!","publisher":{"@id":"https:\/\/bbqentertainment.com\/#organization"},"potentialAction":[{"@type":"SearchAction","target":{"@type":"EntryPoint","urlTemplate":"https:\/\/bbqentertainment.com\/?s={search_term_string}"},"query-input":{"@type":"PropertyValueSpecification","valueRequired":true,"valueName":"search_term_string"}}],"inLanguage":"en-US"},{"@type":"Organization","@id":"https:\/\/bbqentertainment.com\/#organization","name":"BBQ Entertainment O\u00dc","url":"https:\/\/bbqentertainment.com\/","logo":{"@type":"ImageObject","inLanguage":"en-US","@id":"https:\/\/bbqentertainment.com\/#\/schema\/logo\/image\/","url":"https:\/\/bbqentertainment.com\/wp-content\/uploads\/2020\/04\/BBQ-Entertainment-N-Catering-Enn-Tobreluts-Logo.png","contentUrl":"https:\/\/bbqentertainment.com\/wp-content\/uploads\/2020\/04\/BBQ-Entertainment-N-Catering-Enn-Tobreluts-Logo.png","width":628,"height":266,"caption":"BBQ Entertainment O\u00dc"},"image":{"@id":"https:\/\/bbqentertainment.com\/#\/schema\/logo\/image\/"},"sameAs":["https:\/\/www.facebook.com\/BBQ-Entertainment-N-Catering-2437913376443540","https:\/\/www.instagram.com\/bbqentertainmentncatering\/","https:\/\/www.youtube.com\/channel\/UCmpuANQVhLy2Md8nrenp2jA"]}]}},"_links":{"self":[{"href":"https:\/\/bbqentertainment.com\/en\/wp-json\/wp\/v2\/product\/246037","targetHints":{"allow":["GET"]}}],"collection":[{"href":"https:\/\/bbqentertainment.com\/en\/wp-json\/wp\/v2\/product"}],"about":[{"href":"https:\/\/bbqentertainment.com\/en\/wp-json\/wp\/v2\/types\/product"}],"wp:featuredmedia":[{"embeddable":true,"href":"https:\/\/bbqentertainment.com\/en\/wp-json\/wp\/v2\/media\/246040"}],"wp:attachment":[{"href":"https:\/\/bbqentertainment.com\/en\/wp-json\/wp\/v2\/media?parent=246037"}],"wp:term":[{"taxonomy":"product_brand","embeddable":true,"href":"https:\/\/bbqentertainment.com\/en\/wp-json\/wp\/v2\/product_brand?post=246037"},{"taxonomy":"product_cat","embeddable":true,"href":"https:\/\/bbqentertainment.com\/en\/wp-json\/wp\/v2\/product_cat?post=246037"},{"taxonomy":"product_tag","embeddable":true,"href":"https:\/\/bbqentertainment.com\/en\/wp-json\/wp\/v2\/product_tag?post=246037"}],"curies":[{"name":"wp","href":"https:\/\/api.w.org\/{rel}","templated":true}]}}