{"id":246094,"date":"2024-03-06T15:23:51","date_gmt":"2024-03-06T13:23:51","guid":{"rendered":"https:\/\/bbqentertainment.com\/?post_type=product&#038;p=246094"},"modified":"2025-09-18T15:26:58","modified_gmt":"2025-09-18T12:26:58","slug":"yeti-olarihmaga-pehme-kulmakast-eu-hopper-flip-18-soft-cooler-navy-tumesinine","status":"publish","type":"product","link":"https:\/\/bbqentertainment.com\/en\/toode\/yeti-olarihmaga-pehme-kulmakast-eu-hopper-flip-18-soft-cooler-navy-tumesinine\/","title":{"rendered":"YETI \u00f5larihmaga pehme k\u00fclmakast EU Hopper Flip 18 Soft Cooler Navy \/ tumesinine"},"content":{"rendered":"<p>HOPPER FLIP\u00ae 18 PEHME JAHUTUSKAST. N\u00e4dalavahetus kutsub, nii et paki oma Hopper Flip\u00ae 18 kokku ja suundu matkale. Sobib pikematele retkedele. Hopper Flip\u00ae 18 on vastupidav, lekkekindel ja mitmek\u00fclgne t\u00e4nu HitchPoint\u2122 v\u00f5rgule t\u00f6\u00f6riistade ja lisavarustuse jaoks. Nagu k\u00f5ik YETI\u00ae jahutuskastid, on see varustatud \u00fclima isolatsiooniga, et hoida k\u00fclma p\u00e4evade kaupa.<\/p>\n<p>HYDROLOK\u2122 T\u00d5MBLUKK &#8211; YETI tugevus, 100% lekkekindel ja k\u00f5rge j\u00f5udlusega t\u00f5mblukk.<\/p>\n<p>COLDCELL\u2122 ISOLATSIOON. Suletud rakustruktuuriga kummivaht pakub tavap\u00e4rastest pehmetest jahutuskastidest oluliselt paremat k\u00fclma hoidmist.<\/p>\n<p>DRYHIDE\u2122 KEST. Meie DryHide\u2122 kest on valmistatud k\u00f5rge tihedusega kangast, mis peab vastu torgetele ja UV-kiirtele. Nii sisemised kui ka v\u00e4limised materjalid on t\u00f6\u00f6deldud hallitusele vastupidavaks \u2013 pikendades jahutuskasti eluiga.<\/p>\n<p>LAI KOTISUU AVAMINE. V\u00f5imaldab lihtsat ligip\u00e4\u00e4su ja n\u00e4htavust teie sisule.<\/p>\n","protected":false},"excerpt":{"rendered":"<h3><strong>YETI \u00f5larihmaga pehme k\u00fclmakast EU Hopper Flip 18 Soft Cooler Navy tumesinine<\/strong><\/h3>\n<p><!--StartFragment --><\/p>\n<p><span class=\"cf0\">\u00dclim isolatsioon st k\u00fclmapidavus! Tagak\u00fcljel on t\u00f6\u00f6riistadele hoidikud &#8220;HitchPoint Grid&#8221;. <\/span><\/p>\n<p><!--EndFragment --><\/p>\n","protected":false},"featured_media":246101,"template":"","meta":{"inline_featured_image":false},"product_brand":[],"product_cat":[574,178],"product_tag":[],"class_list":{"0":"post-246094","1":"product","2":"type-product","3":"status-publish","4":"has-post-thumbnail","6":"product_cat-yeti-kulmakastid-ja-joogipudelid","7":"product_cat-muud-tooted","9":"first","10":"instock","11":"taxable","12":"shipping-taxable","13":"purchasable","14":"product-type-simple"},"yoast_head":"<!-- This site is optimized with the Yoast SEO plugin v27.4 - https:\/\/yoast.com\/product\/yoast-seo-wordpress\/ -->\n<title>YETI \u00f5larihmaga pehme k\u00fclmakast EU Hopper Flip 18 Soft Cooler Navy \/ tumesinine - BBQ Entertainment<\/title>\n<meta name=\"robots\" content=\"index, follow, max-snippet:-1, max-image-preview:large, max-video-preview:-1\" \/>\n<link rel=\"canonical\" href=\"https:\/\/bbqentertainment.com\/toode\/yeti-olarihmaga-pehme-kulmakast-eu-hopper-flip-18-soft-cooler-navy-tumesinine\/\" \/>\n<meta property=\"og:locale\" content=\"en_US\" \/>\n<meta property=\"og:type\" content=\"article\" \/>\n<meta property=\"og:title\" content=\"YETI \u00f5larihmaga pehme k\u00fclmakast EU Hopper Flip 18 Soft Cooler Navy \/ tumesinine - BBQ Entertainment\" \/>\n<meta property=\"og:description\" content=\"YETI \u00f5larihmaga pehme k\u00fclmakast EU Hopper Flip 18 Soft Cooler Navy tumesinine   \u00dclim isolatsioon st k\u00fclmapidavus! Tagak\u00fcljel on t\u00f6\u00f6riistadele hoidikud &quot;HitchPoint Grid&quot;.\" \/>\n<meta property=\"og:url\" content=\"https:\/\/bbqentertainment.com\/toode\/yeti-olarihmaga-pehme-kulmakast-eu-hopper-flip-18-soft-cooler-navy-tumesinine\/\" \/>\n<meta property=\"og:site_name\" content=\"BBQ Entertainment\" \/>\n<meta property=\"article:publisher\" content=\"https:\/\/www.facebook.com\/BBQ-Entertainment-N-Catering-2437913376443540\" \/>\n<meta property=\"article:modified_time\" content=\"2025-09-18T12:26:58+00:00\" \/>\n<meta property=\"og:image\" content=\"https:\/\/bbqentertainment.com\/wp-content\/uploads\/2024\/03\/BBQ-Entertainment-YETI-olarihmaga-pehme-kulmakast-EU-Hopper-Flip-18-Soft-Cooler-Navy-tumesinine-4.jpg\" \/>\n\t<meta property=\"og:image:width\" content=\"1445\" \/>\n\t<meta property=\"og:image:height\" content=\"1445\" \/>\n\t<meta property=\"og:image:type\" content=\"image\/jpeg\" \/>\n<meta name=\"twitter:card\" content=\"summary_large_image\" \/>\n<meta name=\"twitter:label1\" content=\"Est. reading time\" \/>\n\t<meta name=\"twitter:data1\" content=\"1 minute\" \/>\n<script type=\"application\/ld+json\" class=\"yoast-schema-graph\">{\"@context\":\"https:\\\/\\\/schema.org\",\"@graph\":[{\"@type\":[\"WebPage\",\"ItemPage\"],\"@id\":\"https:\\\/\\\/bbqentertainment.com\\\/toode\\\/yeti-olarihmaga-pehme-kulmakast-eu-hopper-flip-18-soft-cooler-navy-tumesinine\\\/\",\"url\":\"https:\\\/\\\/bbqentertainment.com\\\/toode\\\/yeti-olarihmaga-pehme-kulmakast-eu-hopper-flip-18-soft-cooler-navy-tumesinine\\\/\",\"name\":\"YETI \u00f5larihmaga pehme k\u00fclmakast EU Hopper Flip 18 Soft Cooler Navy \\\/ tumesinine - BBQ Entertainment\",\"isPartOf\":{\"@id\":\"https:\\\/\\\/bbqentertainment.com\\\/#website\"},\"primaryImageOfPage\":{\"@id\":\"https:\\\/\\\/bbqentertainment.com\\\/toode\\\/yeti-olarihmaga-pehme-kulmakast-eu-hopper-flip-18-soft-cooler-navy-tumesinine\\\/#primaryimage\"},\"image\":{\"@id\":\"https:\\\/\\\/bbqentertainment.com\\\/toode\\\/yeti-olarihmaga-pehme-kulmakast-eu-hopper-flip-18-soft-cooler-navy-tumesinine\\\/#primaryimage\"},\"thumbnailUrl\":\"https:\\\/\\\/bbqentertainment.com\\\/wp-content\\\/uploads\\\/2024\\\/03\\\/BBQ-Entertainment-YETI-olarihmaga-pehme-kulmakast-EU-Hopper-Flip-18-Soft-Cooler-Navy-tumesinine-4.jpg\",\"datePublished\":\"2024-03-06T13:23:51+00:00\",\"dateModified\":\"2025-09-18T12:26:58+00:00\",\"breadcrumb\":{\"@id\":\"https:\\\/\\\/bbqentertainment.com\\\/toode\\\/yeti-olarihmaga-pehme-kulmakast-eu-hopper-flip-18-soft-cooler-navy-tumesinine\\\/#breadcrumb\"},\"inLanguage\":\"en-US\",\"potentialAction\":[{\"@type\":\"ReadAction\",\"target\":[\"https:\\\/\\\/bbqentertainment.com\\\/toode\\\/yeti-olarihmaga-pehme-kulmakast-eu-hopper-flip-18-soft-cooler-navy-tumesinine\\\/\"]}]},{\"@type\":\"ImageObject\",\"inLanguage\":\"en-US\",\"@id\":\"https:\\\/\\\/bbqentertainment.com\\\/toode\\\/yeti-olarihmaga-pehme-kulmakast-eu-hopper-flip-18-soft-cooler-navy-tumesinine\\\/#primaryimage\",\"url\":\"https:\\\/\\\/bbqentertainment.com\\\/wp-content\\\/uploads\\\/2024\\\/03\\\/BBQ-Entertainment-YETI-olarihmaga-pehme-kulmakast-EU-Hopper-Flip-18-Soft-Cooler-Navy-tumesinine-4.jpg\",\"contentUrl\":\"https:\\\/\\\/bbqentertainment.com\\\/wp-content\\\/uploads\\\/2024\\\/03\\\/BBQ-Entertainment-YETI-olarihmaga-pehme-kulmakast-EU-Hopper-Flip-18-Soft-Cooler-Navy-tumesinine-4.jpg\",\"width\":1445,\"height\":1445},{\"@type\":\"BreadcrumbList\",\"@id\":\"https:\\\/\\\/bbqentertainment.com\\\/toode\\\/yeti-olarihmaga-pehme-kulmakast-eu-hopper-flip-18-soft-cooler-navy-tumesinine\\\/#breadcrumb\",\"itemListElement\":[{\"@type\":\"ListItem\",\"position\":1,\"name\":\"AVALEHT\",\"item\":\"https:\\\/\\\/bbqentertainment.com\\\/en\\\/\"},{\"@type\":\"ListItem\",\"position\":2,\"name\":\"Tooted\",\"item\":\"https:\\\/\\\/bbqentertainment.com\\\/tooted\\\/\"},{\"@type\":\"ListItem\",\"position\":3,\"name\":\"Muud tooted\",\"item\":\"https:\\\/\\\/bbqentertainment.com\\\/tootekategooria\\\/muud-tooted\\\/\"},{\"@type\":\"ListItem\",\"position\":4,\"name\":\"YETI k\u00fclmakastid ja joogipudelid\",\"item\":\"https:\\\/\\\/bbqentertainment.com\\\/tootekategooria\\\/muud-tooted\\\/yeti-kulmakastid-ja-joogipudelid\\\/\"},{\"@type\":\"ListItem\",\"position\":5,\"name\":\"YETI \u00f5larihmaga pehme k\u00fclmakast EU Hopper Flip 18 Soft Cooler Navy \\\/ tumesinine\"}]},{\"@type\":\"WebSite\",\"@id\":\"https:\\\/\\\/bbqentertainment.com\\\/#website\",\"url\":\"https:\\\/\\\/bbqentertainment.com\\\/\",\"name\":\"BBQ Entertainment\",\"description\":\"BBQ is a great lifestyle, not just fun!\",\"publisher\":{\"@id\":\"https:\\\/\\\/bbqentertainment.com\\\/#organization\"},\"potentialAction\":[{\"@type\":\"SearchAction\",\"target\":{\"@type\":\"EntryPoint\",\"urlTemplate\":\"https:\\\/\\\/bbqentertainment.com\\\/?s={search_term_string}\"},\"query-input\":{\"@type\":\"PropertyValueSpecification\",\"valueRequired\":true,\"valueName\":\"search_term_string\"}}],\"inLanguage\":\"en-US\"},{\"@type\":\"Organization\",\"@id\":\"https:\\\/\\\/bbqentertainment.com\\\/#organization\",\"name\":\"BBQ Entertainment O\u00dc\",\"url\":\"https:\\\/\\\/bbqentertainment.com\\\/\",\"logo\":{\"@type\":\"ImageObject\",\"inLanguage\":\"en-US\",\"@id\":\"https:\\\/\\\/bbqentertainment.com\\\/#\\\/schema\\\/logo\\\/image\\\/\",\"url\":\"https:\\\/\\\/bbqentertainment.com\\\/wp-content\\\/uploads\\\/2020\\\/04\\\/BBQ-Entertainment-N-Catering-Enn-Tobreluts-Logo.png\",\"contentUrl\":\"https:\\\/\\\/bbqentertainment.com\\\/wp-content\\\/uploads\\\/2020\\\/04\\\/BBQ-Entertainment-N-Catering-Enn-Tobreluts-Logo.png\",\"width\":628,\"height\":266,\"caption\":\"BBQ Entertainment O\u00dc\"},\"image\":{\"@id\":\"https:\\\/\\\/bbqentertainment.com\\\/#\\\/schema\\\/logo\\\/image\\\/\"},\"sameAs\":[\"https:\\\/\\\/www.facebook.com\\\/BBQ-Entertainment-N-Catering-2437913376443540\",\"https:\\\/\\\/www.instagram.com\\\/bbqentertainmentncatering\\\/\",\"https:\\\/\\\/www.youtube.com\\\/channel\\\/UCmpuANQVhLy2Md8nrenp2jA\"]}]}<\/script>\n<!-- \/ Yoast SEO plugin. -->","yoast_head_json":{"title":"YETI \u00f5larihmaga pehme k\u00fclmakast EU Hopper Flip 18 Soft Cooler Navy \/ tumesinine - BBQ Entertainment","robots":{"index":"index","follow":"follow","max-snippet":"max-snippet:-1","max-image-preview":"max-image-preview:large","max-video-preview":"max-video-preview:-1"},"canonical":"https:\/\/bbqentertainment.com\/toode\/yeti-olarihmaga-pehme-kulmakast-eu-hopper-flip-18-soft-cooler-navy-tumesinine\/","og_locale":"en_US","og_type":"article","og_title":"YETI \u00f5larihmaga pehme k\u00fclmakast EU Hopper Flip 18 Soft Cooler Navy \/ tumesinine - BBQ Entertainment","og_description":"YETI \u00f5larihmaga pehme k\u00fclmakast EU Hopper Flip 18 Soft Cooler Navy tumesinine   \u00dclim isolatsioon st k\u00fclmapidavus! Tagak\u00fcljel on t\u00f6\u00f6riistadele hoidikud \"HitchPoint Grid\".","og_url":"https:\/\/bbqentertainment.com\/toode\/yeti-olarihmaga-pehme-kulmakast-eu-hopper-flip-18-soft-cooler-navy-tumesinine\/","og_site_name":"BBQ Entertainment","article_publisher":"https:\/\/www.facebook.com\/BBQ-Entertainment-N-Catering-2437913376443540","article_modified_time":"2025-09-18T12:26:58+00:00","og_image":[{"width":1445,"height":1445,"url":"https:\/\/bbqentertainment.com\/wp-content\/uploads\/2024\/03\/BBQ-Entertainment-YETI-olarihmaga-pehme-kulmakast-EU-Hopper-Flip-18-Soft-Cooler-Navy-tumesinine-4.jpg","type":"image\/jpeg"}],"twitter_card":"summary_large_image","twitter_misc":{"Est. reading time":"1 minute"},"schema":{"@context":"https:\/\/schema.org","@graph":[{"@type":["WebPage","ItemPage"],"@id":"https:\/\/bbqentertainment.com\/toode\/yeti-olarihmaga-pehme-kulmakast-eu-hopper-flip-18-soft-cooler-navy-tumesinine\/","url":"https:\/\/bbqentertainment.com\/toode\/yeti-olarihmaga-pehme-kulmakast-eu-hopper-flip-18-soft-cooler-navy-tumesinine\/","name":"YETI \u00f5larihmaga pehme k\u00fclmakast EU Hopper Flip 18 Soft Cooler Navy \/ tumesinine - BBQ Entertainment","isPartOf":{"@id":"https:\/\/bbqentertainment.com\/#website"},"primaryImageOfPage":{"@id":"https:\/\/bbqentertainment.com\/toode\/yeti-olarihmaga-pehme-kulmakast-eu-hopper-flip-18-soft-cooler-navy-tumesinine\/#primaryimage"},"image":{"@id":"https:\/\/bbqentertainment.com\/toode\/yeti-olarihmaga-pehme-kulmakast-eu-hopper-flip-18-soft-cooler-navy-tumesinine\/#primaryimage"},"thumbnailUrl":"https:\/\/bbqentertainment.com\/wp-content\/uploads\/2024\/03\/BBQ-Entertainment-YETI-olarihmaga-pehme-kulmakast-EU-Hopper-Flip-18-Soft-Cooler-Navy-tumesinine-4.jpg","datePublished":"2024-03-06T13:23:51+00:00","dateModified":"2025-09-18T12:26:58+00:00","breadcrumb":{"@id":"https:\/\/bbqentertainment.com\/toode\/yeti-olarihmaga-pehme-kulmakast-eu-hopper-flip-18-soft-cooler-navy-tumesinine\/#breadcrumb"},"inLanguage":"en-US","potentialAction":[{"@type":"ReadAction","target":["https:\/\/bbqentertainment.com\/toode\/yeti-olarihmaga-pehme-kulmakast-eu-hopper-flip-18-soft-cooler-navy-tumesinine\/"]}]},{"@type":"ImageObject","inLanguage":"en-US","@id":"https:\/\/bbqentertainment.com\/toode\/yeti-olarihmaga-pehme-kulmakast-eu-hopper-flip-18-soft-cooler-navy-tumesinine\/#primaryimage","url":"https:\/\/bbqentertainment.com\/wp-content\/uploads\/2024\/03\/BBQ-Entertainment-YETI-olarihmaga-pehme-kulmakast-EU-Hopper-Flip-18-Soft-Cooler-Navy-tumesinine-4.jpg","contentUrl":"https:\/\/bbqentertainment.com\/wp-content\/uploads\/2024\/03\/BBQ-Entertainment-YETI-olarihmaga-pehme-kulmakast-EU-Hopper-Flip-18-Soft-Cooler-Navy-tumesinine-4.jpg","width":1445,"height":1445},{"@type":"BreadcrumbList","@id":"https:\/\/bbqentertainment.com\/toode\/yeti-olarihmaga-pehme-kulmakast-eu-hopper-flip-18-soft-cooler-navy-tumesinine\/#breadcrumb","itemListElement":[{"@type":"ListItem","position":1,"name":"AVALEHT","item":"https:\/\/bbqentertainment.com\/en\/"},{"@type":"ListItem","position":2,"name":"Tooted","item":"https:\/\/bbqentertainment.com\/tooted\/"},{"@type":"ListItem","position":3,"name":"Muud tooted","item":"https:\/\/bbqentertainment.com\/tootekategooria\/muud-tooted\/"},{"@type":"ListItem","position":4,"name":"YETI k\u00fclmakastid ja joogipudelid","item":"https:\/\/bbqentertainment.com\/tootekategooria\/muud-tooted\/yeti-kulmakastid-ja-joogipudelid\/"},{"@type":"ListItem","position":5,"name":"YETI \u00f5larihmaga pehme k\u00fclmakast EU Hopper Flip 18 Soft Cooler Navy \/ tumesinine"}]},{"@type":"WebSite","@id":"https:\/\/bbqentertainment.com\/#website","url":"https:\/\/bbqentertainment.com\/","name":"BBQ Entertainment","description":"BBQ is a great lifestyle, not just fun!","publisher":{"@id":"https:\/\/bbqentertainment.com\/#organization"},"potentialAction":[{"@type":"SearchAction","target":{"@type":"EntryPoint","urlTemplate":"https:\/\/bbqentertainment.com\/?s={search_term_string}"},"query-input":{"@type":"PropertyValueSpecification","valueRequired":true,"valueName":"search_term_string"}}],"inLanguage":"en-US"},{"@type":"Organization","@id":"https:\/\/bbqentertainment.com\/#organization","name":"BBQ Entertainment O\u00dc","url":"https:\/\/bbqentertainment.com\/","logo":{"@type":"ImageObject","inLanguage":"en-US","@id":"https:\/\/bbqentertainment.com\/#\/schema\/logo\/image\/","url":"https:\/\/bbqentertainment.com\/wp-content\/uploads\/2020\/04\/BBQ-Entertainment-N-Catering-Enn-Tobreluts-Logo.png","contentUrl":"https:\/\/bbqentertainment.com\/wp-content\/uploads\/2020\/04\/BBQ-Entertainment-N-Catering-Enn-Tobreluts-Logo.png","width":628,"height":266,"caption":"BBQ Entertainment O\u00dc"},"image":{"@id":"https:\/\/bbqentertainment.com\/#\/schema\/logo\/image\/"},"sameAs":["https:\/\/www.facebook.com\/BBQ-Entertainment-N-Catering-2437913376443540","https:\/\/www.instagram.com\/bbqentertainmentncatering\/","https:\/\/www.youtube.com\/channel\/UCmpuANQVhLy2Md8nrenp2jA"]}]}},"_links":{"self":[{"href":"https:\/\/bbqentertainment.com\/en\/wp-json\/wp\/v2\/product\/246094","targetHints":{"allow":["GET"]}}],"collection":[{"href":"https:\/\/bbqentertainment.com\/en\/wp-json\/wp\/v2\/product"}],"about":[{"href":"https:\/\/bbqentertainment.com\/en\/wp-json\/wp\/v2\/types\/product"}],"wp:featuredmedia":[{"embeddable":true,"href":"https:\/\/bbqentertainment.com\/en\/wp-json\/wp\/v2\/media\/246101"}],"wp:attachment":[{"href":"https:\/\/bbqentertainment.com\/en\/wp-json\/wp\/v2\/media?parent=246094"}],"wp:term":[{"taxonomy":"product_brand","embeddable":true,"href":"https:\/\/bbqentertainment.com\/en\/wp-json\/wp\/v2\/product_brand?post=246094"},{"taxonomy":"product_cat","embeddable":true,"href":"https:\/\/bbqentertainment.com\/en\/wp-json\/wp\/v2\/product_cat?post=246094"},{"taxonomy":"product_tag","embeddable":true,"href":"https:\/\/bbqentertainment.com\/en\/wp-json\/wp\/v2\/product_tag?post=246094"}],"curies":[{"name":"wp","href":"https:\/\/api.w.org\/{rel}","templated":true}]}}