{"id":246105,"date":"2024-03-06T15:33:06","date_gmt":"2024-03-06T13:33:06","guid":{"rendered":"https:\/\/bbqentertainment.com\/?post_type=product&#038;p=246105"},"modified":"2025-09-22T15:41:55","modified_gmt":"2025-09-22T12:41:55","slug":"yeti-kulmapatarei-ice-4lb-18-kg","status":"publish","type":"product","link":"https:\/\/bbqentertainment.com\/en\/toode\/yeti-kulmapatarei-ice-4lb-18-kg\/","title":{"rendered":"YETI k\u00fclmapatarei ICE 4LB \/ 1,8 kg"},"content":{"rendered":"<p>YETI ICE\u00ae on t\u00e4idetud teadusega, h\u00e4\u00e4lestatud k\u00f5ige efektiivsemale temperatuurile, et maksimeerida mis tahes jahutuskasti j\u00e4\u00e4 s\u00e4ilitamist. Vastupidava disainiga, mis on murdumiskindel. Selle kohandatud kuju v\u00e4hendab k\u00fclmumisaega ja mitmed suurusevalikud t\u00e4hendavad, et saate varustada k\u00f5ike alates oma Roadie\u00ae 24-st kuni Tundra\u00ae 350-ni. See toimib j\u00e4\u00e4 lisandina, tervitatava lisana teie j\u00e4\u00e4- v\u00f5i toiduvarule, et tagada teie sisu kauem k\u00fclmana p\u00fcsimine.<\/p>\n<p>P\u00dcSIB KAUAM K\u00dcLM. Toimib suurep\u00e4raselt tavaj\u00e4\u00e4 lisandina ja toidu k\u00fclmana hoidjana. Jahutab sisu kiiremini ja aitab teie j\u00e4\u00e4d\/toitu kauem k\u00fclmana hoida.<\/p>\n<p>L\u00d6\u00d6GIKINDEL. Disainitud taluma k\u00f5ige raskemaid p\u00f5rutusi, kukkumisi ja muljumisi.<\/p>\n<p>K\u00dcLMUB KIIREMINI. Kohandatud kuju aitab sellel kiiremini k\u00fclmuda, nii et seda saab kasutada p\u00e4evast p\u00e4eva.<\/p>\n<p>EI MINGIT SODIST KORISTUST. Pole sulamisloike. Visake lihtsalt tagasi oma s\u00fcgavk\u00fclma.<\/p>\n","protected":false},"excerpt":{"rendered":"<h3><strong>YETI k\u00fclmapatarei ICE 4LB \/ 1,8 kg<\/strong><\/h3>\n<p>Teaduslikult v\u00e4lja t\u00f6\u00f6tatud, et aidata teie j\u00e4\u00e4l ja toidul kauam k\u00fclmununa p\u00fcsida.<\/p>\n","protected":false},"featured_media":246106,"template":"","meta":{"inline_featured_image":false},"product_brand":[],"product_cat":[574,178],"product_tag":[],"class_list":{"0":"post-246105","1":"product","2":"type-product","3":"status-publish","4":"has-post-thumbnail","6":"product_cat-yeti-kulmakastid-ja-joogipudelid","7":"product_cat-muud-tooted","9":"first","10":"instock","11":"taxable","12":"shipping-taxable","13":"purchasable","14":"product-type-simple"},"yoast_head":"<!-- This site is optimized with the Yoast SEO plugin v27.4 - https:\/\/yoast.com\/product\/yoast-seo-wordpress\/ -->\n<title>YETI k\u00fclmapatarei ICE 4LB \/ 1,8 kg - BBQ Entertainment<\/title>\n<meta name=\"robots\" content=\"index, follow, max-snippet:-1, max-image-preview:large, max-video-preview:-1\" \/>\n<link rel=\"canonical\" href=\"https:\/\/bbqentertainment.com\/toode\/yeti-kulmapatarei-ice-4lb-18-kg\/\" \/>\n<meta property=\"og:locale\" content=\"en_US\" \/>\n<meta property=\"og:type\" content=\"article\" \/>\n<meta property=\"og:title\" content=\"YETI k\u00fclmapatarei ICE 4LB \/ 1,8 kg - BBQ Entertainment\" \/>\n<meta property=\"og:description\" content=\"YETI k\u00fclmapatarei ICE 4LB \/ 1,8 kg Teaduslikult v\u00e4lja t\u00f6\u00f6tatud, et aidata teie j\u00e4\u00e4l ja toidul kauam k\u00fclmununa p\u00fcsida.\" \/>\n<meta property=\"og:url\" content=\"https:\/\/bbqentertainment.com\/toode\/yeti-kulmapatarei-ice-4lb-18-kg\/\" \/>\n<meta property=\"og:site_name\" content=\"BBQ Entertainment\" \/>\n<meta property=\"article:publisher\" content=\"https:\/\/www.facebook.com\/BBQ-Entertainment-N-Catering-2437913376443540\" \/>\n<meta property=\"article:modified_time\" content=\"2025-09-22T12:41:55+00:00\" \/>\n<meta property=\"og:image\" content=\"https:\/\/bbqentertainment.com\/wp-content\/uploads\/2024\/03\/BBQ-Entertainment-YETI-kulmapatarei-ICE-4LB-18-kg.jpg\" \/>\n\t<meta property=\"og:image:width\" content=\"1445\" \/>\n\t<meta property=\"og:image:height\" content=\"1445\" \/>\n\t<meta property=\"og:image:type\" content=\"image\/jpeg\" \/>\n<meta name=\"twitter:card\" content=\"summary_large_image\" \/>\n<meta name=\"twitter:label1\" content=\"Est. reading time\" \/>\n\t<meta name=\"twitter:data1\" content=\"1 minute\" \/>\n<script type=\"application\/ld+json\" class=\"yoast-schema-graph\">{\"@context\":\"https:\\\/\\\/schema.org\",\"@graph\":[{\"@type\":[\"WebPage\",\"ItemPage\"],\"@id\":\"https:\\\/\\\/bbqentertainment.com\\\/toode\\\/yeti-kulmapatarei-ice-4lb-18-kg\\\/\",\"url\":\"https:\\\/\\\/bbqentertainment.com\\\/toode\\\/yeti-kulmapatarei-ice-4lb-18-kg\\\/\",\"name\":\"YETI k\u00fclmapatarei ICE 4LB \\\/ 1,8 kg - BBQ Entertainment\",\"isPartOf\":{\"@id\":\"https:\\\/\\\/bbqentertainment.com\\\/#website\"},\"primaryImageOfPage\":{\"@id\":\"https:\\\/\\\/bbqentertainment.com\\\/toode\\\/yeti-kulmapatarei-ice-4lb-18-kg\\\/#primaryimage\"},\"image\":{\"@id\":\"https:\\\/\\\/bbqentertainment.com\\\/toode\\\/yeti-kulmapatarei-ice-4lb-18-kg\\\/#primaryimage\"},\"thumbnailUrl\":\"https:\\\/\\\/bbqentertainment.com\\\/wp-content\\\/uploads\\\/2024\\\/03\\\/BBQ-Entertainment-YETI-kulmapatarei-ICE-4LB-18-kg.jpg\",\"datePublished\":\"2024-03-06T13:33:06+00:00\",\"dateModified\":\"2025-09-22T12:41:55+00:00\",\"breadcrumb\":{\"@id\":\"https:\\\/\\\/bbqentertainment.com\\\/toode\\\/yeti-kulmapatarei-ice-4lb-18-kg\\\/#breadcrumb\"},\"inLanguage\":\"en-US\",\"potentialAction\":[{\"@type\":\"ReadAction\",\"target\":[\"https:\\\/\\\/bbqentertainment.com\\\/toode\\\/yeti-kulmapatarei-ice-4lb-18-kg\\\/\"]}]},{\"@type\":\"ImageObject\",\"inLanguage\":\"en-US\",\"@id\":\"https:\\\/\\\/bbqentertainment.com\\\/toode\\\/yeti-kulmapatarei-ice-4lb-18-kg\\\/#primaryimage\",\"url\":\"https:\\\/\\\/bbqentertainment.com\\\/wp-content\\\/uploads\\\/2024\\\/03\\\/BBQ-Entertainment-YETI-kulmapatarei-ICE-4LB-18-kg.jpg\",\"contentUrl\":\"https:\\\/\\\/bbqentertainment.com\\\/wp-content\\\/uploads\\\/2024\\\/03\\\/BBQ-Entertainment-YETI-kulmapatarei-ICE-4LB-18-kg.jpg\",\"width\":1445,\"height\":1445},{\"@type\":\"BreadcrumbList\",\"@id\":\"https:\\\/\\\/bbqentertainment.com\\\/toode\\\/yeti-kulmapatarei-ice-4lb-18-kg\\\/#breadcrumb\",\"itemListElement\":[{\"@type\":\"ListItem\",\"position\":1,\"name\":\"AVALEHT\",\"item\":\"https:\\\/\\\/bbqentertainment.com\\\/en\\\/\"},{\"@type\":\"ListItem\",\"position\":2,\"name\":\"Tooted\",\"item\":\"https:\\\/\\\/bbqentertainment.com\\\/tooted\\\/\"},{\"@type\":\"ListItem\",\"position\":3,\"name\":\"Muud tooted\",\"item\":\"https:\\\/\\\/bbqentertainment.com\\\/tootekategooria\\\/muud-tooted\\\/\"},{\"@type\":\"ListItem\",\"position\":4,\"name\":\"YETI k\u00fclmakastid ja joogipudelid\",\"item\":\"https:\\\/\\\/bbqentertainment.com\\\/tootekategooria\\\/muud-tooted\\\/yeti-kulmakastid-ja-joogipudelid\\\/\"},{\"@type\":\"ListItem\",\"position\":5,\"name\":\"YETI k\u00fclmapatarei ICE 4LB \\\/ 1,8 kg\"}]},{\"@type\":\"WebSite\",\"@id\":\"https:\\\/\\\/bbqentertainment.com\\\/#website\",\"url\":\"https:\\\/\\\/bbqentertainment.com\\\/\",\"name\":\"BBQ Entertainment\",\"description\":\"BBQ is a great lifestyle, not just fun!\",\"publisher\":{\"@id\":\"https:\\\/\\\/bbqentertainment.com\\\/#organization\"},\"potentialAction\":[{\"@type\":\"SearchAction\",\"target\":{\"@type\":\"EntryPoint\",\"urlTemplate\":\"https:\\\/\\\/bbqentertainment.com\\\/?s={search_term_string}\"},\"query-input\":{\"@type\":\"PropertyValueSpecification\",\"valueRequired\":true,\"valueName\":\"search_term_string\"}}],\"inLanguage\":\"en-US\"},{\"@type\":\"Organization\",\"@id\":\"https:\\\/\\\/bbqentertainment.com\\\/#organization\",\"name\":\"BBQ Entertainment O\u00dc\",\"url\":\"https:\\\/\\\/bbqentertainment.com\\\/\",\"logo\":{\"@type\":\"ImageObject\",\"inLanguage\":\"en-US\",\"@id\":\"https:\\\/\\\/bbqentertainment.com\\\/#\\\/schema\\\/logo\\\/image\\\/\",\"url\":\"https:\\\/\\\/bbqentertainment.com\\\/wp-content\\\/uploads\\\/2020\\\/04\\\/BBQ-Entertainment-N-Catering-Enn-Tobreluts-Logo.png\",\"contentUrl\":\"https:\\\/\\\/bbqentertainment.com\\\/wp-content\\\/uploads\\\/2020\\\/04\\\/BBQ-Entertainment-N-Catering-Enn-Tobreluts-Logo.png\",\"width\":628,\"height\":266,\"caption\":\"BBQ Entertainment O\u00dc\"},\"image\":{\"@id\":\"https:\\\/\\\/bbqentertainment.com\\\/#\\\/schema\\\/logo\\\/image\\\/\"},\"sameAs\":[\"https:\\\/\\\/www.facebook.com\\\/BBQ-Entertainment-N-Catering-2437913376443540\",\"https:\\\/\\\/www.instagram.com\\\/bbqentertainmentncatering\\\/\",\"https:\\\/\\\/www.youtube.com\\\/channel\\\/UCmpuANQVhLy2Md8nrenp2jA\"]}]}<\/script>\n<!-- \/ Yoast SEO plugin. -->","yoast_head_json":{"title":"YETI k\u00fclmapatarei ICE 4LB \/ 1,8 kg - BBQ Entertainment","robots":{"index":"index","follow":"follow","max-snippet":"max-snippet:-1","max-image-preview":"max-image-preview:large","max-video-preview":"max-video-preview:-1"},"canonical":"https:\/\/bbqentertainment.com\/toode\/yeti-kulmapatarei-ice-4lb-18-kg\/","og_locale":"en_US","og_type":"article","og_title":"YETI k\u00fclmapatarei ICE 4LB \/ 1,8 kg - BBQ Entertainment","og_description":"YETI k\u00fclmapatarei ICE 4LB \/ 1,8 kg Teaduslikult v\u00e4lja t\u00f6\u00f6tatud, et aidata teie j\u00e4\u00e4l ja toidul kauam k\u00fclmununa p\u00fcsida.","og_url":"https:\/\/bbqentertainment.com\/toode\/yeti-kulmapatarei-ice-4lb-18-kg\/","og_site_name":"BBQ Entertainment","article_publisher":"https:\/\/www.facebook.com\/BBQ-Entertainment-N-Catering-2437913376443540","article_modified_time":"2025-09-22T12:41:55+00:00","og_image":[{"width":1445,"height":1445,"url":"https:\/\/bbqentertainment.com\/wp-content\/uploads\/2024\/03\/BBQ-Entertainment-YETI-kulmapatarei-ICE-4LB-18-kg.jpg","type":"image\/jpeg"}],"twitter_card":"summary_large_image","twitter_misc":{"Est. reading time":"1 minute"},"schema":{"@context":"https:\/\/schema.org","@graph":[{"@type":["WebPage","ItemPage"],"@id":"https:\/\/bbqentertainment.com\/toode\/yeti-kulmapatarei-ice-4lb-18-kg\/","url":"https:\/\/bbqentertainment.com\/toode\/yeti-kulmapatarei-ice-4lb-18-kg\/","name":"YETI k\u00fclmapatarei ICE 4LB \/ 1,8 kg - BBQ Entertainment","isPartOf":{"@id":"https:\/\/bbqentertainment.com\/#website"},"primaryImageOfPage":{"@id":"https:\/\/bbqentertainment.com\/toode\/yeti-kulmapatarei-ice-4lb-18-kg\/#primaryimage"},"image":{"@id":"https:\/\/bbqentertainment.com\/toode\/yeti-kulmapatarei-ice-4lb-18-kg\/#primaryimage"},"thumbnailUrl":"https:\/\/bbqentertainment.com\/wp-content\/uploads\/2024\/03\/BBQ-Entertainment-YETI-kulmapatarei-ICE-4LB-18-kg.jpg","datePublished":"2024-03-06T13:33:06+00:00","dateModified":"2025-09-22T12:41:55+00:00","breadcrumb":{"@id":"https:\/\/bbqentertainment.com\/toode\/yeti-kulmapatarei-ice-4lb-18-kg\/#breadcrumb"},"inLanguage":"en-US","potentialAction":[{"@type":"ReadAction","target":["https:\/\/bbqentertainment.com\/toode\/yeti-kulmapatarei-ice-4lb-18-kg\/"]}]},{"@type":"ImageObject","inLanguage":"en-US","@id":"https:\/\/bbqentertainment.com\/toode\/yeti-kulmapatarei-ice-4lb-18-kg\/#primaryimage","url":"https:\/\/bbqentertainment.com\/wp-content\/uploads\/2024\/03\/BBQ-Entertainment-YETI-kulmapatarei-ICE-4LB-18-kg.jpg","contentUrl":"https:\/\/bbqentertainment.com\/wp-content\/uploads\/2024\/03\/BBQ-Entertainment-YETI-kulmapatarei-ICE-4LB-18-kg.jpg","width":1445,"height":1445},{"@type":"BreadcrumbList","@id":"https:\/\/bbqentertainment.com\/toode\/yeti-kulmapatarei-ice-4lb-18-kg\/#breadcrumb","itemListElement":[{"@type":"ListItem","position":1,"name":"AVALEHT","item":"https:\/\/bbqentertainment.com\/en\/"},{"@type":"ListItem","position":2,"name":"Tooted","item":"https:\/\/bbqentertainment.com\/tooted\/"},{"@type":"ListItem","position":3,"name":"Muud tooted","item":"https:\/\/bbqentertainment.com\/tootekategooria\/muud-tooted\/"},{"@type":"ListItem","position":4,"name":"YETI k\u00fclmakastid ja joogipudelid","item":"https:\/\/bbqentertainment.com\/tootekategooria\/muud-tooted\/yeti-kulmakastid-ja-joogipudelid\/"},{"@type":"ListItem","position":5,"name":"YETI k\u00fclmapatarei ICE 4LB \/ 1,8 kg"}]},{"@type":"WebSite","@id":"https:\/\/bbqentertainment.com\/#website","url":"https:\/\/bbqentertainment.com\/","name":"BBQ Entertainment","description":"BBQ is a great lifestyle, not just fun!","publisher":{"@id":"https:\/\/bbqentertainment.com\/#organization"},"potentialAction":[{"@type":"SearchAction","target":{"@type":"EntryPoint","urlTemplate":"https:\/\/bbqentertainment.com\/?s={search_term_string}"},"query-input":{"@type":"PropertyValueSpecification","valueRequired":true,"valueName":"search_term_string"}}],"inLanguage":"en-US"},{"@type":"Organization","@id":"https:\/\/bbqentertainment.com\/#organization","name":"BBQ Entertainment O\u00dc","url":"https:\/\/bbqentertainment.com\/","logo":{"@type":"ImageObject","inLanguage":"en-US","@id":"https:\/\/bbqentertainment.com\/#\/schema\/logo\/image\/","url":"https:\/\/bbqentertainment.com\/wp-content\/uploads\/2020\/04\/BBQ-Entertainment-N-Catering-Enn-Tobreluts-Logo.png","contentUrl":"https:\/\/bbqentertainment.com\/wp-content\/uploads\/2020\/04\/BBQ-Entertainment-N-Catering-Enn-Tobreluts-Logo.png","width":628,"height":266,"caption":"BBQ Entertainment O\u00dc"},"image":{"@id":"https:\/\/bbqentertainment.com\/#\/schema\/logo\/image\/"},"sameAs":["https:\/\/www.facebook.com\/BBQ-Entertainment-N-Catering-2437913376443540","https:\/\/www.instagram.com\/bbqentertainmentncatering\/","https:\/\/www.youtube.com\/channel\/UCmpuANQVhLy2Md8nrenp2jA"]}]}},"_links":{"self":[{"href":"https:\/\/bbqentertainment.com\/en\/wp-json\/wp\/v2\/product\/246105","targetHints":{"allow":["GET"]}}],"collection":[{"href":"https:\/\/bbqentertainment.com\/en\/wp-json\/wp\/v2\/product"}],"about":[{"href":"https:\/\/bbqentertainment.com\/en\/wp-json\/wp\/v2\/types\/product"}],"wp:featuredmedia":[{"embeddable":true,"href":"https:\/\/bbqentertainment.com\/en\/wp-json\/wp\/v2\/media\/246106"}],"wp:attachment":[{"href":"https:\/\/bbqentertainment.com\/en\/wp-json\/wp\/v2\/media?parent=246105"}],"wp:term":[{"taxonomy":"product_brand","embeddable":true,"href":"https:\/\/bbqentertainment.com\/en\/wp-json\/wp\/v2\/product_brand?post=246105"},{"taxonomy":"product_cat","embeddable":true,"href":"https:\/\/bbqentertainment.com\/en\/wp-json\/wp\/v2\/product_cat?post=246105"},{"taxonomy":"product_tag","embeddable":true,"href":"https:\/\/bbqentertainment.com\/en\/wp-json\/wp\/v2\/product_tag?post=246105"}],"curies":[{"name":"wp","href":"https:\/\/api.w.org\/{rel}","templated":true}]}}